{"id":78664,"date":"2025-01-09T09:27:00","date_gmt":"2025-01-09T08:27:00","guid":{"rendered":"https:\/\/petronor.eus\/?page_id=78664"},"modified":"2025-01-21T13:43:05","modified_gmt":"2025-01-21T12:43:05","slug":"facilities","status":"publish","type":"page","link":"https:\/\/petronor.eus\/en\/facilities\/","title":{"rendered":"FACILITIES"},"content":{"rendered":"<div class=\"row introBlock full-width-section primeraFila\">\n<div class=\"col-lg-3 col-md-3 col-xs-12 col-sm-12\">\n<div class=\"menu-menu_instalaciones-container\"><ul id=\"menu-menu_instalaciones\" class=\"subnav\"><li id=\"menu-item-77433\" class=\"menu-item menu-item-type-post_type menu-item-object-page menu-item-77433\"><a href=\"https:\/\/petronor.eus\/es\/instalaciones\/\">FACILITIES<\/a><\/li>\n<li id=\"menu-item-76051\" class=\"menu-item menu-item-type-post_type menu-item-object-page menu-item-76051\"><a href=\"https:\/\/petronor.eus\/es\/instalaciones\/petronor-en-el-puerto-de-bilbao\/\">PETRONOR IN THE PORT OF BILBAO<\/a><\/li>\n<li id=\"menu-item-76055\" class=\"menu-item menu-item-type-post_type menu-item-object-page menu-item-76055\"><a href=\"https:\/\/petronor.eus\/es\/instalaciones\/productos\/\">PRODUCTS<\/a><\/li>\n<\/ul><\/div>\n<\/div>\n<div class=\"col-lg-3 col-md-3 col-xs-12 col-sm-12\">\n<h1>FACILITIES<\/h1>\n<p class=\"font18\" style=\"font-size: 18px!important;\">The Petronor refinery has a conversion scheme (Reforming, FCC, Viscoreduction and Mild hydrocracker) and a distillation capacity of 12 million tons per year (Mtm\/year).<\/p>\n\n<div class=\"separadorGris\"><\/div>\nWith an extension of 220 hectares, its storing capacity is 894,000 m3 of crude oil, 1,279,000 tons of raw materials, 922 thousand m3 of final products and 254,600 m<sup>3<\/sup> of intermediate products.\n<div class=\"rayaGris\"><\/div>\n<\/div>\n<div class=\"col-lg-6 col-md-6 col-xs-12 col-sm-12\">\n<img loading=\"lazy\" decoding=\"async\" id=\"img-instalaciones-1\" class=\"alignright size-full wp-image-2642\" src=\"\/wp-content\/uploads\/2014\/12\/instalaciones-atardecer.jpg\" alt=\"instalaciones-atardecer\" width=\"600\" height=\"350\" \/>\n<\/div>\n<\/div>\n\n<div style=\"margin-bottom:10px ; height:1px; clear:both;\"><\/div>\n\n<div class=\"row \">\n<div class=\"col-lg-6 col-md-6 col-xs-12 col-sm-12\">\n<div class=\"tablaHeader derechadoMovil\">\n<div class=\"celda celdaIzquierda\"><h3>TECHNICAL CHARACTERISTICS<\/h3><\/div>\n<div class=\"celda\"><div class=\"widgettitlewrapper\">&nbsp;<\/div><\/div>\n<\/div>\n<img loading=\"lazy\" decoding=\"async\" class=\"alignnone size-full wp-image-5274\" src=\"\/wp-content\/uploads\/2025\/01\/facilities.png\" alt=\"Petronor view\" width=\"570\" height=\"206\" \/><div style=\"margin-bottom:15px ; height:1px; clear:both;\"><\/div>\n<div class=\"separadorGris\"><\/div>\n<div style=\"margin-bottom:15px ; height:1px; clear:both;\"><\/div>\n\nThis industrial center consists of three main areas:\n\n<div style=\"margin-bottom:15px ; height:1px; clear:both;\"><\/div>\n<div class=\"row\"><div class=\"col-lg-6 col-md- col-sm- col-xs- col-lg-offset-  one-half\"><span class=\"spanAzul\">Refinery 1 and 2:<\/span> consisting of two traditional refineries, a delayed coker plant and its corresponding product treatment units, also including two hydrogen production units and a vacuum gas oil desulphurization unit.<span class=\"spanAzul\">URF:<\/span> consisting of a delayed coker unit and its auxiliary LPG desulphurization and treatment and naphtha desulphurization units.\n\n<\/div>\n<div class=\"col-lg-6 col-md- col-sm- col-xs- col-lg-offset-  one-half\">\n\n<span class=\"spanAzul\">Conversion:<\/span> equipped with vacuum distillation, viscosity reduction and <abbr title=\"Fluid Catalytic Cracking\">FCC<\/abbr> units, in addition to its product treatment units to reach the target of minimizing the amount of heavy oil derivatives.\n\n<\/div>\n\n<\/div>\n<\/div><div class=\"col-lg-3 col-md-3 col-xs-12 col-sm-6\">\n<div class=\"tablaHeader derechadoMovil\">\n<div class=\"celda celdaIzquierda\"><h3>MARINE TERMINAL<\/h3><\/div>\n<div class=\"celda\"><div class=\"widgettitlewrapper\">&nbsp;<\/div><\/div>\n<\/div>\n<img loading=\"lazy\" decoding=\"async\" class=\"alignnone size-full wp-image-2644\" src=\"\/wp-content\/uploads\/2014\/12\/terminal-maritimo-petronor.jpg\" alt=\"terminal-maritimo-petronor\" width=\"371\" height=\"287\" \/><div style=\"margin-bottom:15px ; height:1px; clear:both;\"><\/div>\n<div class=\"separadorGris\"><\/div>\n<div style=\"margin-bottom:15px ; height:1px; clear:both;\"><\/div>\n\nThe marine facilities consist of:\n<div style=\"margin-bottom:15px ; height:1px; clear:both;\"><\/div>\n<ul class=\"listaReseteada listaFlechada paddinIzquierdo15XS\">\n \t<li>3.000-metre <strong>breakwater<\/strong> with three berths for ships of 500.000, 150.000 and 50.000 tons.<\/li>\n \t<li><strong>Jetty<\/strong> with 3 berths, 2 of them for 30.000-ton vessels and one for 3.500-ton vessels.<\/li>\n \t<li>Maritime <strong>fuel storage tanks<\/strong> (gasoil, fuel-oil).<\/li>\n \t<li><strong>Pumps<\/strong> to support the unloading of crude oil tankers.<\/li>\n \t<li><strong>Reception of ballast water<\/strong>.<\/li>\n<\/ul>\n<!--\n<div class=\"hidden-xs hidden-sm\">&#091;button style=\"btn-default btn-lg ancho100\" icon=\"glyphicon glyphicon-save\" align=\"left\" type=\"link\" target=\"true\" title=\"M\u00e1s informaci\u00f3n  (En ingl\u00e9s)\" link=\"https:\/\/www.repsol.com\/content\/dam\/repsol-corporate\/es\/conocenos\/documentos-conocenos\/tpq-petronor-bilbao.pdf\"&#093;<\/div>\n-->\n<!--\n<div class=\"hidden-lg hidden-md\">&#091;button style=\"btn-default btn-lg ancho100\" icon=\"glyphicon glyphicon-save\" align=\"left\" type=\"link\" target=\"true\" title=\"M\u00e1s informaci\u00f3n sobre\nTerminal mar\u00edtima de Refino\nen Repsol (EN)\" link=\"https:\/\/www.repsol.com\/content\/dam\/repsol-corporate\/es\/conocenos\/documentos-conocenos\/tpq-petronor-bilbao.pdf\"&#093;<\/div>\n-->\n<\/div><div class=\"col-lg-3 col-md-3 col-xs-12 col-sm-6\">\n<div class=\"tablaHeader derechadoMovil\">\n<div class=\"celda celdaIzquierda\"><h3>OIL PIPELINE<\/h3><\/div>\n<div class=\"celda\"><div class=\"widgettitlewrapper\">&nbsp;<\/div><\/div>\n<\/div>\n<img loading=\"lazy\" decoding=\"async\" class=\"alignnone size-full wp-image-2645\" src=\"\/wp-content\/uploads\/2014\/12\/oleoducto-instalaciones-petronor.jpg\" alt=\"oleoducto-instalaciones-petronor\" width=\"371\" height=\"287\" \/><div style=\"margin-bottom:15px ; height:1px; clear:both;\"><\/div>\n<div class=\"separadorGris\"><\/div>\n<div style=\"margin-bottom:15px ; height:1px; clear:both;\"><\/div>\n\nThe Refinery has a connection with the Maritime Terminal by a pipeline, made up of the following lines:\n<div style=\"margin-bottom:15px ; height:1px; clear:both;\"><\/div>\n<ul class=\"listaReseteada listaFlechada paddinIzquierdo15XS\">\n \t<li>Propylene (6&#8243; \u00d8).<\/li>\n \t<li>LPG (8&#8243; \u00d8).<\/li>\n \t<li>Special products (14&#8243; \u00d8).<\/li>\n \t<li>2 gasoline (2 \u00d7 12&#8243; \u00d8).<\/li>\n \t<li>diesel (14&#8243; \u00d8).<\/li>\n \t<li>1 fuel oil (1 \u00d7 20&#8243; \u00d8).<\/li>\n \t<li>1 crude oil (42&#8243; \u00d8).<\/li>\n<\/ul>\n<\/div>\n<\/div>","protected":false},"excerpt":{"rendered":"","protected":false},"author":1,"featured_media":0,"parent":0,"menu_order":37,"comment_status":"open","ping_status":"open","template":"","meta":{"footnotes":""},"class_list":["post-78664","page","type-page","status-publish","hentry"],"yoast_head":"<!-- This site is optimized with the Yoast SEO plugin v24.7 - https:\/\/yoast.com\/wordpress\/plugins\/seo\/ -->\n<title>FACILITIES - Petronor<\/title>\n<meta name=\"robots\" content=\"index, follow, max-snippet:-1, max-image-preview:large, max-video-preview:-1\" \/>\n<link rel=\"canonical\" href=\"https:\/\/petronor.eus\/en\/facilities\/\" \/>\n<meta property=\"og:locale\" content=\"en_US\" \/>\n<meta property=\"og:type\" content=\"article\" \/>\n<meta property=\"og:title\" content=\"FACILITIES - Petronor\" \/>\n<meta property=\"og:url\" content=\"https:\/\/petronor.eus\/en\/facilities\/\" \/>\n<meta property=\"og:site_name\" content=\"Petronor\" \/>\n<meta property=\"article:modified_time\" content=\"2025-01-21T12:43:05+00:00\" \/>\n<meta name=\"twitter:label1\" content=\"Est. reading time\" \/>\n\t<meta name=\"twitter:data1\" content=\"3 minutes\" \/>\n<script type=\"application\/ld+json\" class=\"yoast-schema-graph\">{\"@context\":\"https:\/\/schema.org\",\"@graph\":[{\"@type\":\"WebPage\",\"@id\":\"https:\/\/petronor.eus\/en\/facilities\/\",\"url\":\"https:\/\/petronor.eus\/en\/facilities\/\",\"name\":\"FACILITIES - Petronor\",\"isPartOf\":{\"@id\":\"https:\/\/petronor.eus\/es\/#website\"},\"datePublished\":\"2025-01-09T08:27:00+00:00\",\"dateModified\":\"2025-01-21T12:43:05+00:00\",\"breadcrumb\":{\"@id\":\"https:\/\/petronor.eus\/en\/facilities\/#breadcrumb\"},\"inLanguage\":\"en-US\",\"potentialAction\":[{\"@type\":\"ReadAction\",\"target\":[\"https:\/\/petronor.eus\/en\/facilities\/\"]}]},{\"@type\":\"BreadcrumbList\",\"@id\":\"https:\/\/petronor.eus\/en\/facilities\/#breadcrumb\",\"itemListElement\":[{\"@type\":\"ListItem\",\"position\":1,\"name\":\"Home\",\"item\":\"https:\/\/petronor.eus\/en\/\"},{\"@type\":\"ListItem\",\"position\":2,\"name\":\"FACILITIES\"}]},{\"@type\":\"WebSite\",\"@id\":\"https:\/\/petronor.eus\/es\/#website\",\"url\":\"https:\/\/petronor.eus\/es\/\",\"name\":\"Petronor\",\"description\":\"\",\"potentialAction\":[{\"@type\":\"SearchAction\",\"target\":{\"@type\":\"EntryPoint\",\"urlTemplate\":\"https:\/\/petronor.eus\/es\/?s={search_term_string}\"},\"query-input\":{\"@type\":\"PropertyValueSpecification\",\"valueRequired\":true,\"valueName\":\"search_term_string\"}}],\"inLanguage\":\"en-US\"}]}<\/script>\n<!-- \/ Yoast SEO plugin. -->","yoast_head_json":{"title":"FACILITIES - Petronor","robots":{"index":"index","follow":"follow","max-snippet":"max-snippet:-1","max-image-preview":"max-image-preview:large","max-video-preview":"max-video-preview:-1"},"canonical":"https:\/\/petronor.eus\/en\/facilities\/","og_locale":"en_US","og_type":"article","og_title":"FACILITIES - Petronor","og_url":"https:\/\/petronor.eus\/en\/facilities\/","og_site_name":"Petronor","article_modified_time":"2025-01-21T12:43:05+00:00","twitter_misc":{"Est. reading time":"3 minutes"},"schema":{"@context":"https:\/\/schema.org","@graph":[{"@type":"WebPage","@id":"https:\/\/petronor.eus\/en\/facilities\/","url":"https:\/\/petronor.eus\/en\/facilities\/","name":"FACILITIES - Petronor","isPartOf":{"@id":"https:\/\/petronor.eus\/es\/#website"},"datePublished":"2025-01-09T08:27:00+00:00","dateModified":"2025-01-21T12:43:05+00:00","breadcrumb":{"@id":"https:\/\/petronor.eus\/en\/facilities\/#breadcrumb"},"inLanguage":"en-US","potentialAction":[{"@type":"ReadAction","target":["https:\/\/petronor.eus\/en\/facilities\/"]}]},{"@type":"BreadcrumbList","@id":"https:\/\/petronor.eus\/en\/facilities\/#breadcrumb","itemListElement":[{"@type":"ListItem","position":1,"name":"Home","item":"https:\/\/petronor.eus\/en\/"},{"@type":"ListItem","position":2,"name":"FACILITIES"}]},{"@type":"WebSite","@id":"https:\/\/petronor.eus\/es\/#website","url":"https:\/\/petronor.eus\/es\/","name":"Petronor","description":"","potentialAction":[{"@type":"SearchAction","target":{"@type":"EntryPoint","urlTemplate":"https:\/\/petronor.eus\/es\/?s={search_term_string}"},"query-input":{"@type":"PropertyValueSpecification","valueRequired":true,"valueName":"search_term_string"}}],"inLanguage":"en-US"}]}},"_links":{"self":[{"href":"https:\/\/petronor.eus\/en\/wp-json\/wp\/v2\/pages\/78664","targetHints":{"allow":["GET"]}}],"collection":[{"href":"https:\/\/petronor.eus\/en\/wp-json\/wp\/v2\/pages"}],"about":[{"href":"https:\/\/petronor.eus\/en\/wp-json\/wp\/v2\/types\/page"}],"author":[{"embeddable":true,"href":"https:\/\/petronor.eus\/en\/wp-json\/wp\/v2\/users\/1"}],"replies":[{"embeddable":true,"href":"https:\/\/petronor.eus\/en\/wp-json\/wp\/v2\/comments?post=78664"}],"version-history":[{"count":4,"href":"https:\/\/petronor.eus\/en\/wp-json\/wp\/v2\/pages\/78664\/revisions"}],"predecessor-version":[{"id":79954,"href":"https:\/\/petronor.eus\/en\/wp-json\/wp\/v2\/pages\/78664\/revisions\/79954"}],"wp:attachment":[{"href":"https:\/\/petronor.eus\/en\/wp-json\/wp\/v2\/media?parent=78664"}],"curies":[{"name":"wp","href":"https:\/\/api.w.org\/{rel}","templated":true}]}}