{"id":78718,"date":"2025-01-09T09:45:53","date_gmt":"2025-01-09T08:45:53","guid":{"rendered":"https:\/\/petronor.eus\/?page_id=78718"},"modified":"2025-05-29T08:20:58","modified_gmt":"2025-05-29T06:20:58","slug":"environment","status":"publish","type":"page","link":"https:\/\/petronor.eus\/en\/our-vision-of-sustainability\/environment\/","title":{"rendered":"COMMITMENT TO THE ENVIRONMENT"},"content":{"rendered":"<div class=\"row introBlock full-width-section primeraFila\">\n<div class=\"col-lg-3 col-md-3 col-xs-12 col-sm-12\"><div class=\"menu-menu_compromisos-container\"><ul id=\"menu-menu_compromisos\" class=\"subnav\"><li id=\"menu-item-1595\" class=\"menu-item menu-item-type-post_type menu-item-object-page menu-item-1595\"><a href=\"https:\/\/petronor.eus\/es\/nuestra-vision-de-la-sostenibilidad\/compromiso-con-el-medio-ambiente\/\">COMMITMENT TO THE ENVIRONMENT<\/a><\/li>\n<li id=\"menu-item-1596\" class=\"menu-item menu-item-type-post_type menu-item-object-page menu-item-1596\"><a href=\"https:\/\/petronor.eus\/es\/nuestra-vision-de-la-sostenibilidad\/compromiso-con-la-seguridad\/\">SAFE OPERATION<\/a><\/li>\n<li id=\"menu-item-76708\" class=\"menu-item menu-item-type-post_type menu-item-object-page menu-item-76708\"><a href=\"https:\/\/petronor.eus\/es\/nuestra-vision-de-la-sostenibilidad\/empleo\/\">EMPLOYMENT<\/a><\/li>\n<li id=\"menu-item-76709\" class=\"menu-item menu-item-type-post_type menu-item-object-page menu-item-76709\"><a href=\"https:\/\/petronor.eus\/es\/nuestra-vision-de-la-sostenibilidad\/innovacion-y-tecnologia\/\">INNOVATION AND TECHNOLOGY<\/a><\/li>\n<li id=\"menu-item-76710\" class=\"menu-item menu-item-type-post_type menu-item-object-page menu-item-76710\"><a href=\"https:\/\/petronor.eus\/es\/nuestra-vision-de-la-sostenibilidad\/desarrollo-del-territorio\/\">TERRITORIAL DEVELOPMENT<\/a><\/li>\n<\/ul><\/div><\/div>\n<div class=\"col-lg-4 col-md-4 col-xs-12 col-sm-12\"><div style=\"margin-bottom:20px ; height:1px; clear:both;\"><\/div>\n<h1>COMMITMENT TO THE ENVIRONMENT<\/h1>\n<p class=\"font18\" style=\"font-size: 18px!important;\">Petronor, responsible with all its actions, directs all its activity toward minimizing the impact on the environment beyond compliance with legislation, implementing BATs (Best Available Technologies), as is evidenced by the <u>Environmental Management System Certification following the ISO 14001 standard<\/u> (<a title=\"Download PDF\" href=\"\/wp-content\/uploads\/2025\/05\/CertificadoGA-2018-0152_ES_2025-05-28.pdf\" target=\"_blank\" rel=\"noopener\"><u>AENOR<\/u><\/a>, <a title=\"Download PDF\" href=\"\/wp-content\/uploads\/2025\/05\/IQNetES-2018-0152_2025-05-28.pdf\" target=\"_blank\" rel=\"noopener\"><u>IQNet<\/u><\/a>).<\/p>\n\n<div class=\"separadorGris\"><\/div>\n<div style=\"margin-bottom:10px ; height:1px; clear:both;\"><\/div>\nThis commitment materialized in environmental goals and targets, set out in the Strategic Environmental Plan (PEMA), which are deployed at all levels of the organization, by the respective action plans.\n<div style=\"margin-bottom:10px ; height:1px; clear:both;\"><\/div>\n<div class=\"rayaGris\">&nbsp;<\/div>\n<\/div>\n<div class=\"col-lg-5 col-md-5 hidden-sm hidden-xs\"><img loading=\"lazy\" decoding=\"async\" class=\"alignnone size-full wp-image-4544\" src=\"https:\/\/petronor.eus\/wp-content\/uploads\/2014\/12\/refineria-compromiso-medioambiente.jpg\" alt=\"refineria-compromiso-medioambiente\" width=\"800\" height=\"627\" srcset=\"https:\/\/petronor.eus\/wp-content\/uploads\/2014\/12\/refineria-compromiso-medioambiente.jpg 800w, https:\/\/petronor.eus\/wp-content\/uploads\/2014\/12\/refineria-compromiso-medioambiente-600x470.jpg 600w\" sizes=\"(max-width: 800px) 100vw, 800px\" \/><\/div>\n<\/div><div style=\"margin-bottom:30px ; height:1px; clear:both;\"><\/div>\n<div class=\"row tabsSeguridad\">\n<div class=\"col-lg-8 col-md-8 col-xs-12 col-sm-12 col-md-offset-3 col-lg-offset-3\"><div class=\"clearfix\"><\/div><div class=\"cycletabs-wrapper\"><ul id=\"myctabs\"><li><a href=\"javascript:void(0)\">TRAINING<\/a><\/li><li><a href=\"javascript:void(0)\">MONITORING<\/a><\/li><li><a href=\"javascript:void(0)\">PLANNING<\/a><\/li><li><a href=\"javascript:void(0)\">PROTECTION<\/a><\/li><li><a href=\"javascript:void(0)\">CONTROL<\/a><\/li><\/ul>\n    <div class=\"cycle-slideshow\"  data-cycle-fx=\"fade\" data-cycle-\"timeout=0\" data-cycle-pager=\"#myctabs\" data-cycle-pager-template=\"\" data-cycle-slides=\"&gt; div\" data-cycle-prev=\"#prev2\"  data-cycle-next=\"#next2\" data-cycle-timeout=\"0\" data-allow-wrap=\"false\">\n    <div class=\"tabcycle\"><div class=\"row\">\n<div class=\"col-lg-4 col-md-5 col-xs-4 col-sm-3\"><\/div>\n<div class=\"col-lg-4 col-md-2 col-xs-4 col-sm-6\">\n<h3 class=\"h3compromisos\">TRAINING<\/h3>\n<\/div>\n<div class=\"col-lg-4 col-md-5 col-xs-4 col-sm-3\"><\/div>\n<\/div>\n<p style=\"text-align: center;\">The company provides environmental training adapted to the functions and responsibilities of its employees, and we encourage our collaborators to take part in the environmental practices set up in Petronor. With this training and awareness raising we make it possible to reinforce the commitment of all our activities to the environment.<\/p><\/div><div class=\"tabcycle\"><div class=\"row\">\n<div class=\"col-lg-4 col-md-5 col-xs-4 col-sm-3\"><\/div>\n<div class=\"col-lg-4 col-md-2 col-xs-4 col-sm-6\">\n<h3 class=\"h3compromisos\">MONITORING<\/h3>\n<\/div>\n<div class=\"col-lg-4 col-md-5 col-xs-4 col-sm-3\"><\/div>\n<\/div>\n<p style=\"text-align: center;\">In accordance with our basic principle of prevention and impacts reduction associated with our activity, we continuously monitor environmental parameters; we monitor this using representative indicators that help us to improve. These indicators are referenced by public bodies and university centers.<\/p>\n<div style=\"margin-bottom:20px ; height:1px; clear:both;\"><\/div>\n<p style=\"text-align: center;\"><a class=\"btn btn-default btn-lg iconoDescargar\" title=\"Descargar PDF\" href=\"https:\/\/petronor.eus\/wp-content\/uploads\/2022\/12\/convenio-apb-2022.pdf\" target=\"_blank\" rel=\"noopener\">Good Environmental Practices Agreement with the Bilbao Port Authority<\/a><\/p><\/div><div class=\"tabcycle\"><div class=\"row\">\n<div class=\"col-lg-4 col-md-5 col-xs-4 col-sm-3\"><\/div>\n<div class=\"col-lg-4 col-md-2 col-xs-4 col-sm-6\">\n<h3 class=\"h3compromisos\">PLANNING<\/h3>\n<\/div>\n<div class=\"col-lg-4 col-md-5 col-xs-4 col-sm-3\"><\/div>\n<\/div>\n<p style=\"text-align: center;\">Another tool we use to detect opportunities for improvement and make progress in the continuous enhancement of environmental management is the planning of audits, which is reflected in an annual program.<\/p><\/div><div class=\"tabcycle\"><div class=\"row\">\n<div class=\"col-lg-4 col-md-5 col-xs-4 col-sm-3\"><\/div>\n<div class=\"col-lg-4 col-md-2 col-xs-4 col-sm-6\">\n<h3 class=\"h3compromisos\">PROTECTION<\/h3>\n<\/div>\n<div class=\"col-lg-4 col-md-5 col-xs-4 col-sm-3\"><\/div>\n<\/div>\n<p style=\"text-align: center;\">Consistent with its commitments, Petronor develops two ways to safeguard its environment: on the one side, by controlling air emissions, maintaining an optimized water management, reducing odors and noise to the minimum possible and recycling as much waste as possible; on the other side, by manufacturing increasingly cleaner products thanks to cutting edge technology.<\/p><\/div><div class=\"tabcycle\"><div class=\"row\">\n<div class=\"col-lg-4 col-md-5 col-xs-4 col-sm-3\">\n<div class=\"hidden-xs\"><div class=\"rayaGris\">&nbsp;<\/div><\/div>\n<\/div>\n<div class=\"col-lg-4 col-md-2 col-xs-4 col-sm-6\">\n<h3 class=\"h3compromisos\">CONTROL<\/h3>\n<\/div>\n<div class=\"col-lg-4 col-md-5 col-xs-4 col-sm-3\">\n<div class=\"hidden-xs\"><div class=\"rayaGris\">&nbsp;<\/div><\/div>\n<\/div>\n<\/div>\n<div style=\"margin-bottom:20px ; height:1px; clear:both;\"><\/div>\n<div style=\"visibility:hidden;\">\n\nControles de explotaci\u00f3n de las instalaciones y equipos, mediante programas de mantenimiento as\u00ed como inspecciones peri\u00f3dicas que responden a la normativa legal y a exigentes normativas de reconocido prestigio.\n<div class=\"separadorGrisGris\"><\/div>\n<\/div>\n<div id=\"botonesControl\" style=\"display:flex; flex-direction:row; justify-content:center;\"><a class=\"btn btn-default btn-lg iconoDescargar\" title=\"Descargar PDF\" href=\"\/wp-content\/uploads\/2024\/12\/CertificadoGE-2018-0028_ES_2024-10-24.pdf\" target=\"_blank\" rel=\"noopener\"><i class=\"glyphicon glyphicon-save\"><\/i>AENOR GE Certificate<\/a>\n\n<a class=\"btn btn-default btn-lg iconoDescargar\" title=\"Descargar PDF\" href=\"\/wp-content\/uploads\/2024\/12\/IQNetES-GE-2018-0028_2024-10-24.pdf\" target=\"_blank\" rel=\"noopener\"><i class=\"glyphicon glyphicon-save\"><\/i>IQNET GE Certificate<\/a><\/div>\n<div style=\"clear: both;\"><\/div><\/div><\/div>\n    <div id=\"prev2\"><\/div><div id=\"next2\"><\/div>\n    <\/div><!-- tabs-wrapper end --><div class=\"clear\"><\/div><\/div><\/div>\n<div style=\"margin-bottom:150px ; height:1px; clear:both;\"><\/div>\n\n<div class=\"row tablaTurquesa\">\n<div class=\"col-lg-3 col-md-3 col-xs-12 col-sm-6\">\n<h3>HOW WE PROTECT THE ENVIRONMENT<\/h3>\n<\/div>\n\n<div class=\"col-lg-3 col-md-3 col-xs-12 col-sm-6\">\n<div class=\"marginTopIcono\"><img loading=\"lazy\" decoding=\"async\" class=\"aligncenter size-full wp-image-1186\" src=\"\/wp-content\/uploads\/2014\/12\/icono-mediambiente-1.png\" alt=\"icono-medio-ambiente-agua\" width=\"50\" height=\"51\" \/><\/div>\nCommitment to\nWATER\n<\/div>\n\n<div class=\"col-lg-3 col-md-3 col-xs-12 col-sm-6\">\n<div class=\"marginTopIcono\"><img loading=\"lazy\" decoding=\"async\" class=\"aligncenter size-full wp-image-1200\" src=\"\/wp-content\/uploads\/2014\/12\/icono-mediambiente-2.png\" alt=\"ingurumen-ikurra\" width=\"50\" height=\"51\" \/><\/div>\nAIR\n\nManagement\n<\/div>\n\n<div class=\"col-lg-3 col-md-3 col-xs-12 col-sm-6\">\n<div class=\"marginTopIcono\"><img loading=\"lazy\" decoding=\"async\" class=\"aligncenter size-full wp-image-1201\" src=\"\/wp-content\/uploads\/2014\/12\/icono-mediambiente-3.png\" alt=\"ingurumena-zarata-ikurra\" width=\"50\" height=\"51\" \/><\/div>\nNOISE and ODOUR\n\nManagement\n<\/div>\n\n<div class=\"col-lg-3 col-md-3 col-xs-12 col-sm-6 hidden-sm hidden-xs\">\u00a0<\/div>\n<div class=\"col-lg-3 col-md-3 col-xs-12 col-sm-6\">\n<div class=\"marginTopIcono\"><img loading=\"lazy\" decoding=\"async\" class=\"aligncenter size-full wp-image-1202\" src=\"\/wp-content\/uploads\/2014\/12\/icono-mediambiente-4.png\" alt=\"ingumena-lurzorua-ikurra\" width=\"50\" height=\"51\" \/><\/div>\nSOIL\n\nManagement\n<\/div>\n\n<div class=\"col-lg-3 col-md-3 col-xs-12 col-sm-6\">\n<div class=\"marginTopIcono\"><img loading=\"lazy\" decoding=\"async\" class=\"aligncenter size-full wp-image-1203\" src=\"\/wp-content\/uploads\/2014\/12\/icono-mediambiente-5.png\" alt=\"ingurumen-hondakinak-ikurra\" width=\"50\" height=\"51\" \/><\/div>\nWASTE\n\nTreatment\n\n<\/div>\n<div class=\"col-lg-3 col-md-3 col-xs-12 col-sm-6\">\n<div class=\"marginTopIcono\"><img loading=\"lazy\" decoding=\"async\" class=\"aligncenter size-full wp-image-1204\" src=\"\/wp-content\/uploads\/2014\/12\/icono-mediambiente-6.png\" alt=\"ingumen-ikurra-energia\" width=\"50\" height=\"51\" \/><\/div>\nENERGY\n\nSAVING\n\n<\/div><\/div>\n\n<div style=\"margin-bottom:30px ; height:1px; clear:both;\"><\/div>\n\n<div class=\"row \">\n<div class=\"col-lg-12 col-md-12 col-xs-12 col-sm-12\">\n<div class=\"post-thumb\" style=\"background-color:#E7E6E6;\">\n<img loading=\"lazy\" decoding=\"async\" class=\"alignnone wp-image-2485 size-full\" src=\"\/wp-content\/uploads\/2025\/01\/ENVIRONMENT.png\" width=\"1176\" height=\"450\" alt=\"Commitment to the Environment\"\/>\n\n<\/div>\n<\/div>\n<\/div>","protected":false},"excerpt":{"rendered":"","protected":false},"author":1,"featured_media":0,"parent":78715,"menu_order":2,"comment_status":"open","ping_status":"closed","template":"","meta":{"footnotes":""},"class_list":["post-78718","page","type-page","status-publish","hentry"],"yoast_head":"<!-- This site is optimized with the Yoast SEO plugin v24.7 - https:\/\/yoast.com\/wordpress\/plugins\/seo\/ -->\n<title>COMMITMENT TO THE ENVIRONMENT - Petronor<\/title>\n<meta name=\"robots\" content=\"index, follow, max-snippet:-1, max-image-preview:large, max-video-preview:-1\" \/>\n<link rel=\"canonical\" href=\"https:\/\/petronor.eus\/en\/our-vision-of-sustainability\/environment\/\" \/>\n<meta property=\"og:locale\" content=\"en_US\" \/>\n<meta property=\"og:type\" content=\"article\" \/>\n<meta property=\"og:title\" content=\"COMMITMENT TO THE ENVIRONMENT - Petronor\" \/>\n<meta property=\"og:url\" content=\"https:\/\/petronor.eus\/en\/our-vision-of-sustainability\/environment\/\" \/>\n<meta property=\"og:site_name\" content=\"Petronor\" \/>\n<meta property=\"article:modified_time\" content=\"2025-05-29T06:20:58+00:00\" \/>\n<meta property=\"og:image\" content=\"https:\/\/petronor.eus\/wp-content\/uploads\/2014\/12\/refineria-compromiso-medioambiente.jpg\" \/>\n<meta name=\"twitter:label1\" content=\"Est. reading time\" \/>\n\t<meta name=\"twitter:data1\" content=\"4 minutes\" \/>\n<script type=\"application\/ld+json\" class=\"yoast-schema-graph\">{\"@context\":\"https:\/\/schema.org\",\"@graph\":[{\"@type\":\"WebPage\",\"@id\":\"https:\/\/petronor.eus\/en\/our-vision-of-sustainability\/environment\/\",\"url\":\"https:\/\/petronor.eus\/en\/our-vision-of-sustainability\/environment\/\",\"name\":\"COMMITMENT TO THE ENVIRONMENT - Petronor\",\"isPartOf\":{\"@id\":\"https:\/\/petronor.eus\/es\/#website\"},\"primaryImageOfPage\":{\"@id\":\"https:\/\/petronor.eus\/en\/our-vision-of-sustainability\/environment\/#primaryimage\"},\"image\":{\"@id\":\"https:\/\/petronor.eus\/en\/our-vision-of-sustainability\/environment\/#primaryimage\"},\"thumbnailUrl\":\"https:\/\/petronor.eus\/wp-content\/uploads\/2014\/12\/refineria-compromiso-medioambiente.jpg\",\"datePublished\":\"2025-01-09T08:45:53+00:00\",\"dateModified\":\"2025-05-29T06:20:58+00:00\",\"breadcrumb\":{\"@id\":\"https:\/\/petronor.eus\/en\/our-vision-of-sustainability\/environment\/#breadcrumb\"},\"inLanguage\":\"en-US\",\"potentialAction\":[{\"@type\":\"ReadAction\",\"target\":[\"https:\/\/petronor.eus\/en\/our-vision-of-sustainability\/environment\/\"]}]},{\"@type\":\"ImageObject\",\"inLanguage\":\"en-US\",\"@id\":\"https:\/\/petronor.eus\/en\/our-vision-of-sustainability\/environment\/#primaryimage\",\"url\":\"https:\/\/petronor.eus\/wp-content\/uploads\/2014\/12\/refineria-compromiso-medioambiente.jpg\",\"contentUrl\":\"https:\/\/petronor.eus\/wp-content\/uploads\/2014\/12\/refineria-compromiso-medioambiente.jpg\"},{\"@type\":\"BreadcrumbList\",\"@id\":\"https:\/\/petronor.eus\/en\/our-vision-of-sustainability\/environment\/#breadcrumb\",\"itemListElement\":[{\"@type\":\"ListItem\",\"position\":1,\"name\":\"Home\",\"item\":\"https:\/\/petronor.eus\/en\/\"},{\"@type\":\"ListItem\",\"position\":2,\"name\":\"OUR VISION OF SUSTAINABILITY\",\"item\":\"https:\/\/petronor.eus\/en\/our-vision-of-sustainability\/\"},{\"@type\":\"ListItem\",\"position\":3,\"name\":\"COMMITMENT TO THE ENVIRONMENT\"}]},{\"@type\":\"WebSite\",\"@id\":\"https:\/\/petronor.eus\/es\/#website\",\"url\":\"https:\/\/petronor.eus\/es\/\",\"name\":\"Petronor\",\"description\":\"\",\"potentialAction\":[{\"@type\":\"SearchAction\",\"target\":{\"@type\":\"EntryPoint\",\"urlTemplate\":\"https:\/\/petronor.eus\/es\/?s={search_term_string}\"},\"query-input\":{\"@type\":\"PropertyValueSpecification\",\"valueRequired\":true,\"valueName\":\"search_term_string\"}}],\"inLanguage\":\"en-US\"}]}<\/script>\n<!-- \/ Yoast SEO plugin. -->","yoast_head_json":{"title":"COMMITMENT TO THE ENVIRONMENT - Petronor","robots":{"index":"index","follow":"follow","max-snippet":"max-snippet:-1","max-image-preview":"max-image-preview:large","max-video-preview":"max-video-preview:-1"},"canonical":"https:\/\/petronor.eus\/en\/our-vision-of-sustainability\/environment\/","og_locale":"en_US","og_type":"article","og_title":"COMMITMENT TO THE ENVIRONMENT - Petronor","og_url":"https:\/\/petronor.eus\/en\/our-vision-of-sustainability\/environment\/","og_site_name":"Petronor","article_modified_time":"2025-05-29T06:20:58+00:00","og_image":[{"url":"https:\/\/petronor.eus\/wp-content\/uploads\/2014\/12\/refineria-compromiso-medioambiente.jpg","type":"","width":"","height":""}],"twitter_misc":{"Est. reading time":"4 minutes"},"schema":{"@context":"https:\/\/schema.org","@graph":[{"@type":"WebPage","@id":"https:\/\/petronor.eus\/en\/our-vision-of-sustainability\/environment\/","url":"https:\/\/petronor.eus\/en\/our-vision-of-sustainability\/environment\/","name":"COMMITMENT TO THE ENVIRONMENT - Petronor","isPartOf":{"@id":"https:\/\/petronor.eus\/es\/#website"},"primaryImageOfPage":{"@id":"https:\/\/petronor.eus\/en\/our-vision-of-sustainability\/environment\/#primaryimage"},"image":{"@id":"https:\/\/petronor.eus\/en\/our-vision-of-sustainability\/environment\/#primaryimage"},"thumbnailUrl":"https:\/\/petronor.eus\/wp-content\/uploads\/2014\/12\/refineria-compromiso-medioambiente.jpg","datePublished":"2025-01-09T08:45:53+00:00","dateModified":"2025-05-29T06:20:58+00:00","breadcrumb":{"@id":"https:\/\/petronor.eus\/en\/our-vision-of-sustainability\/environment\/#breadcrumb"},"inLanguage":"en-US","potentialAction":[{"@type":"ReadAction","target":["https:\/\/petronor.eus\/en\/our-vision-of-sustainability\/environment\/"]}]},{"@type":"ImageObject","inLanguage":"en-US","@id":"https:\/\/petronor.eus\/en\/our-vision-of-sustainability\/environment\/#primaryimage","url":"https:\/\/petronor.eus\/wp-content\/uploads\/2014\/12\/refineria-compromiso-medioambiente.jpg","contentUrl":"https:\/\/petronor.eus\/wp-content\/uploads\/2014\/12\/refineria-compromiso-medioambiente.jpg"},{"@type":"BreadcrumbList","@id":"https:\/\/petronor.eus\/en\/our-vision-of-sustainability\/environment\/#breadcrumb","itemListElement":[{"@type":"ListItem","position":1,"name":"Home","item":"https:\/\/petronor.eus\/en\/"},{"@type":"ListItem","position":2,"name":"OUR VISION OF SUSTAINABILITY","item":"https:\/\/petronor.eus\/en\/our-vision-of-sustainability\/"},{"@type":"ListItem","position":3,"name":"COMMITMENT TO THE ENVIRONMENT"}]},{"@type":"WebSite","@id":"https:\/\/petronor.eus\/es\/#website","url":"https:\/\/petronor.eus\/es\/","name":"Petronor","description":"","potentialAction":[{"@type":"SearchAction","target":{"@type":"EntryPoint","urlTemplate":"https:\/\/petronor.eus\/es\/?s={search_term_string}"},"query-input":{"@type":"PropertyValueSpecification","valueRequired":true,"valueName":"search_term_string"}}],"inLanguage":"en-US"}]}},"_links":{"self":[{"href":"https:\/\/petronor.eus\/en\/wp-json\/wp\/v2\/pages\/78718","targetHints":{"allow":["GET"]}}],"collection":[{"href":"https:\/\/petronor.eus\/en\/wp-json\/wp\/v2\/pages"}],"about":[{"href":"https:\/\/petronor.eus\/en\/wp-json\/wp\/v2\/types\/page"}],"author":[{"embeddable":true,"href":"https:\/\/petronor.eus\/en\/wp-json\/wp\/v2\/users\/1"}],"replies":[{"embeddable":true,"href":"https:\/\/petronor.eus\/en\/wp-json\/wp\/v2\/comments?post=78718"}],"version-history":[{"count":5,"href":"https:\/\/petronor.eus\/en\/wp-json\/wp\/v2\/pages\/78718\/revisions"}],"predecessor-version":[{"id":80720,"href":"https:\/\/petronor.eus\/en\/wp-json\/wp\/v2\/pages\/78718\/revisions\/80720"}],"up":[{"embeddable":true,"href":"https:\/\/petronor.eus\/en\/wp-json\/wp\/v2\/pages\/78715"}],"wp:attachment":[{"href":"https:\/\/petronor.eus\/en\/wp-json\/wp\/v2\/media?parent=78718"}],"curies":[{"name":"wp","href":"https:\/\/api.w.org\/{rel}","templated":true}]}}