{"id":10,"date":"2014-12-15T12:09:09","date_gmt":"2014-12-15T12:09:09","guid":{"rendered":"https:\/\/petronor.eus\/?page_id=10"},"modified":"2019-11-08T10:17:57","modified_gmt":"2019-11-08T08:17:57","slug":"nuestro-entorno","status":"publish","type":"page","link":"https:\/\/petronor.eus\/es\/nuestro-entorno\/","title":{"rendered":"NUESTRO ENTORNO"},"content":{"rendered":"<div class=\"row introBlock full-width-section\">\r\n<div style=\"margin-bottom:10px ; height:1px; clear:both;\"><\/div>\r\n<div class=\"col-lg-3 col-md-3 col-xs-12 col-sm-12\">\r\n<h1 style=\"margin-top: 0px;\">NUESTRO ENTORNO<\/h1>\r\n<p class=\"font18\" style=\"font-size: 18px!important;\">El Complejo Industrial de Petronor goza de un entorno natural envidiable, gracias a las condiciones naturales de la zona en la que se ubica y al esfuerzo de la propia empresa para mantenerla y repoblarla. En los \u00faltimos a\u00f1os se han realizado grandes inversiones en esta materia.<\/p>\r\n<\/div>\r\n<div class=\"col-lg-6 col-md-6 col-sm-12 hidden-xs ocultoIpadPortrait\"><img loading=\"lazy\" decoding=\"async\" class=\"alignright size-full wp-image-2552\" src=\"https:\/\/petronor.eus\/wp-content\/uploads\/2014\/12\/entorno-petronor-zierbana.jpg\" alt=\"entorno-petronor-zierbana\" width=\"700\" height=\"467\" srcset=\"https:\/\/petronor.eus\/wp-content\/uploads\/2014\/12\/entorno-petronor-zierbana.jpg 700w, https:\/\/petronor.eus\/wp-content\/uploads\/2014\/12\/entorno-petronor-zierbana-600x400.jpg 600w\" sizes=\"(max-width: 700px) 100vw, 700px\" \/><\/div>\r\n<div class=\"col-lg-3 col-md-3 col-xs-12 col-sm-12\">\r\n<div class=\"visible768\"><div style=\"margin-bottom:15px ; height:1px; clear:both;\"><\/div><\/div>\r\n\n    <div class=\"ntitle\">\n        <h2>AGENDA<\/h2>\n    <\/div>\n    <ul class=\"agendaWidget\">\n        <li>\n            <h4>Agenda cultural de marzo<\/h4>\n            <div class=\"agendaWidget__fecha\">Marzo 2020<\/div>\n            <div class=\"agendaWidget__lugar\">ZIERBENA<\/div>\n        <\/li>\n        <li>\n            <h4>Temporada de teatro<\/h4>\n            <div class=\"agendaWidget__fecha\">marzo\/abril 2020<\/div>\n            <div class=\"agendaWidget__lugar\">MUSKIZ<\/div>\n        <\/li>\n        <li>\n            <h4>Carnavales Muskiz 2020<\/h4>\n            <div class=\"agendaWidget__fecha\">Del 20 al 24 de febrero<\/div>\n            <div class=\"agendaWidget__lugar\">MUSKIZ<\/div>\n        <\/li><\/ul>\r\n<a class=\"btn btn-primary btn-lg btn-block a \" href=\"https:\/\/petronor.eus\/es\/agenda\/\"  target=\"_self\">Eventos de Muskiz, Zierbena y Abanto-Zierbena<\/a>\r\n<\/div>\r\n<\/div>\r\n<div style=\"margin-bottom:30px ; height:1px; clear:both;\"><\/div>\r\n<div class=\"row opciones\">\r\n<div class=\"col-lg-3 col-md-3 col-xs-6 col-sm-6\">\r\n<div style=\"\" id=\"\" class=\"opciones__contenedor\">\r\n<h3><a title=\"PATRIMONIO HIST\u00d3RICO\" href=\"https:\/\/petronor.eus\/es\/nuestro-entorno\/patrimonio-historico\/\">PATRIMONIO HIST\u00d3RICO<\/a><\/h3>\r\nLa herencia de un pr\u00f3spero pasado industrial y se\u00f1orial\r\n<\/div>\r\n<\/div>\r\n<div class=\"col-lg-3 col-md-3 col-xs-6 col-sm-6\">\r\n<div style=\"\" id=\"\" class=\"opciones__contenedor\">\r\n<h3><a title=\"GASTRONOM\u00cdA\" href=\"https:\/\/petronor.eus\/es\/nuestro-entorno\/gastronomia\/\">GASTRONOM\u00cdA<\/a><\/h3>\r\nNuestros m\u00e1s consagrados cocineros te invitan a conocer lo mejor de la gastronom\u00eda vasca\r\n<\/div>\r\n<\/div>\r\n<div class=\"col-lg-3 col-md-3 col-xs-6 col-sm-6\">\r\n<div style=\"\" id=\"\" class=\"opciones__contenedor\">\r\n<h3><a href=\"https:\/\/petronor.eus\/es\/nuestro-entorno\/comunidad-de-vecinos\/\">COMUNIDAD DE VECINOS <\/a><\/h3>\r\nTarjeta Repsol M\u00e1s para vecinos de Petronor\r\n<\/div>\r\n<\/div>\r\n<\/div>\r\n<div style=\"margin-bottom:30px ; height:1px; clear:both;\"><\/div>\r\n\r\n<section id=\"acercade\">\r\n<div class=\"container nopaddingmobile\">\r\n<div id=\"bloque1entorno\" class=\"col-lg-3 col-md-3 col-sm-6 col-xs-12\">\r\n<h2>GOZAMOS DE UN ENTORNO NATURAL ENVIDIABLE<\/h2>\r\n<h3>Gracias a las condiciones naturales de la zona y al esfuerzo de la empresa para mantenerla y repoblarla.<\/h3>\r\n<\/div>\r\n<div id=\"bloque2\" class=\"col-lg-3 col-md-3 col-sm-6 col-xs-12 nopadding\"><a href=\"https:\/\/petronor.eus\/es\/nuestro-entorno\/entorno-natural\/la-fauna\/\">\r\n<img loading=\"lazy\" decoding=\"async\" class=\"alignnone size-full wp-image-2554 imgZoom\" src=\"https:\/\/petronor.eus\/wp-content\/uploads\/2014\/12\/balsas-de-agua-fauna.jpg\" alt=\"balsas-de-agua-fauna\" width=\"450\" height=\"450\" srcset=\"https:\/\/petronor.eus\/wp-content\/uploads\/2014\/12\/balsas-de-agua-fauna.jpg 450w, https:\/\/petronor.eus\/wp-content\/uploads\/2014\/12\/balsas-de-agua-fauna-150x150.jpg 150w, https:\/\/petronor.eus\/wp-content\/uploads\/2014\/12\/balsas-de-agua-fauna-300x300.jpg 300w, https:\/\/petronor.eus\/wp-content\/uploads\/2014\/12\/balsas-de-agua-fauna-70x70.jpg 70w\" sizes=\"(max-width: 450px) 100vw, 450px\" \/><\/a>\r\n<div class=\"caption\" style=\"height: 100px;\"><\/div>\r\n<div class=\"caption-text\">\r\n<h3>FAUNA<\/h3>\r\n<h4>Las balsas de agua de la Refiner\u00eda acogen cada vez m\u00e1s especies de aves de gran valor biol\u00f3gico.<\/h4>\r\n<\/div>\r\n<\/div>\r\n<div id=\"bloque3\" class=\"col-lg-3 col-md-3 col-sm-6 col-xs-12 nopadding\"><a href=\"https:\/\/petronor.eus\/es\/nuestro-entorno\/entorno-natural\/la-flora\/\">\r\n<img loading=\"lazy\" decoding=\"async\" class=\"alignnone size-full wp-image-2496 imgZoom\" src=\"https:\/\/petronor.eus\/wp-content\/uploads\/2014\/12\/medioambiente-entorno-petronor.jpg\" alt=\"medioambiente-entorno-petronor\" width=\"450\" height=\"450\" srcset=\"https:\/\/petronor.eus\/wp-content\/uploads\/2014\/12\/medioambiente-entorno-petronor.jpg 450w, https:\/\/petronor.eus\/wp-content\/uploads\/2014\/12\/medioambiente-entorno-petronor-150x150.jpg 150w, https:\/\/petronor.eus\/wp-content\/uploads\/2014\/12\/medioambiente-entorno-petronor-300x300.jpg 300w, https:\/\/petronor.eus\/wp-content\/uploads\/2014\/12\/medioambiente-entorno-petronor-70x70.jpg 70w\" sizes=\"(max-width: 450px) 100vw, 450px\" \/><\/a>\r\n<div class=\"caption\" style=\"height: 100px;\"><\/div>\r\n<div class=\"caption-text\">\r\n<h3>FLORA<\/h3>\r\n<h4>La vegetaci\u00f3n del entorno natural de la Refiner\u00eda es la propia de una zona de clima mesot\u00e9rmico.<\/h4>\r\n<\/div>\r\n<\/div>\r\n<div id=\"bloque4\" class=\"col-lg-3 col-md-3 col-sm-6 col-xs-12 nopadding\"><a href=\"https:\/\/petronor.eus\/es\/nuestro-entorno\/entorno-natural\/reportajes-de-naturaleza\/\">\r\n<img loading=\"lazy\" decoding=\"async\" class=\"alignnone size-full wp-image-2555 imgZoom\" src=\"https:\/\/petronor.eus\/wp-content\/uploads\/2014\/12\/esfinge-de-calavera.jpg\" alt=\"esfinge-de-calavera\" width=\"450\" height=\"450\" srcset=\"https:\/\/petronor.eus\/wp-content\/uploads\/2014\/12\/esfinge-de-calavera.jpg 450w, https:\/\/petronor.eus\/wp-content\/uploads\/2014\/12\/esfinge-de-calavera-150x150.jpg 150w, https:\/\/petronor.eus\/wp-content\/uploads\/2014\/12\/esfinge-de-calavera-300x300.jpg 300w, https:\/\/petronor.eus\/wp-content\/uploads\/2014\/12\/esfinge-de-calavera-70x70.jpg 70w\" sizes=\"(max-width: 450px) 100vw, 450px\" \/><\/a>\r\n<div class=\"caption\" style=\"height: 100px;\"><\/div>\r\n<div class=\"caption-text\">\r\n<h3>REPORTAJE NATURALEZA<\/h3>\r\n<h4>Esfinge de Calavera, una mariposa de leyenda.<\/h4>\r\n<\/div>\r\n<\/div>\r\n<\/div>\r\n<\/section><div style=\"margin-bottom:30px ; height:1px; clear:both;\"><\/div>\r\n<div class=\"hidden-xs ocultoIpadPortrait\"><div style=\"\" id=\"\" class=\"ntitle\">\r\n<h2>NOTICIAS DEL ENTORNO<\/h2>\r\n<\/div>\r\n<div class=\"row noticias_wrapper\">\n        <div class=\"col-md-3 col-sm-6 noti-sm\">  \n            <div class=\"nooverflow\">            \n            <a href=\"https:\/\/petronor.eus\/es\/2023\/05\/el-muskiztarra-mikel-sanz-tercero-en-muskizko-udala-sari-nagusia\/\">\n                <img loading=\"lazy\" decoding=\"async\" width=\"480\" height=\"360\" src=\"https:\/\/petronor.eus\/wp-content\/uploads\/2023\/05\/Petronor_Muskizko-udala-sari-nagusia-1-1-480x360.jpg\" class=\"imgZoom wp-post-image\" alt=\"\" \/>\n            <\/a>  \n            <\/div>\n            <h3 class=\"noti-title2\">\n                <a href=\"https:\/\/petronor.eus\/es\/2023\/05\/el-muskiztarra-mikel-sanz-tercero-en-muskizko-udala-sari-nagusia\/\">El muskiztarra Mikel Sanz, tercero en Muskizko Udala Sari Nagusia<\/a>\n            <\/h3>\n            <div class=\"noticias__fecha\">\n                05 mayo 2023\n<div class=\"addthis_toolbox addthis_default_style\"  addthis:url=\"https:\/\/petronor.eus\/es\/2023\/05\/el-muskiztarra-mikel-sanz-tercero-en-muskizko-udala-sari-nagusia\/\"  addthis:title=\"El muskiztarra Mikel Sanz, tercero en Muskizko Udala Sari Nagusia\">\n<a class=\"addthis_button_compact\"><img decoding=\"async\" src=\"https:\/\/petronor.eus\/wp-content\/themes\/petronorx\/img\/compartir.png\" \/><\/a>\n<\/div>\n<script type=\"text\/javascript\" src=\"\/\/s7.addthis.com\/js\/250\/addthis_widget.js#pubid=xa-4dc017615a68fb88\"><\/script>\n            <\/div>\n        <\/div>\n        \n        <div class=\"col-md-3 col-sm-6\">\n            <h3 class=\"noti-title2\">\n                <a href=\"https:\/\/petronor.eus\/es\/2023\/04\/zudaire-euskadi-apuesta-por-el-hidrogeno-verde-y-los-combustibles-sinteticos-como-factores-clave-en-la-transicion-energetica\/\">Zudaire: \u201cEuskadi apuesta por el hidr\u00f3geno verde y los combustibles sint\u00e9ticos como factores clave e...<\/a>\n            <\/h3>\n            <p class=\"wrp_resumen\">Zudaire a\u00f1ade que Euskadi cuenta con un ecosistema \u201cprivilegiado\u201d, capaz de liderar este reto: el hidr\u00f3geno renovable como vector energ\u00e9tico. \u201cTenemos una posici\u00f3n geogr\u00e1fica estrat\u00e9gica, un puerto industrial, infraestructuras gas\u00edsticas, empresas tractoras y un tejido industrial consolidado\u201d, adem\u00e1s de \u201cla tecnolog\u00eda que lo posibilita\u201d, subraya. El presidente de la Asociaci\u00f3n del Corredor Vasco d...<\/p>\n            <div class=\"noticias__fecha\">\n                21 abril 2023\n                <div class=\"addthis_toolbox addthis_default_style\"  addthis:url=\"https:\/\/petronor.eus\/es\/2023\/04\/zudaire-euskadi-apuesta-por-el-hidrogeno-verde-y-los-combustibles-sinteticos-como-factores-clave-en-la-transicion-energetica\/\"  addthis:title=\"Zudaire: \u201cEuskadi apuesta por el hidr\u00f3geno verde y los combustibles sint\u00e9ticos como factores clave en la transici\u00f3n energ\u00e9tica\u201d\">\n<a class=\"addthis_button_compact\"><img decoding=\"async\" src=\"https:\/\/petronor.eus\/wp-content\/themes\/petronorx\/img\/compartir.png\" \/><\/a>\n<\/div>\n<script type=\"text\/javascript\" src=\"\/\/s7.addthis.com\/js\/250\/addthis_widget.js#pubid=xa-4dc017615a68fb88\"><\/script>\n            <\/div>\n        <\/div>\n        \n        <div class=\"col-md-3 col-sm-6 noti-sm\">  \n            <div class=\"nooverflow\">            \n            <a href=\"https:\/\/petronor.eus\/es\/2023\/04\/disponible-online-el-ultimo-numero-de-gaztelu-berri\/\">\n                <img loading=\"lazy\" decoding=\"async\" width=\"396\" height=\"360\" src=\"https:\/\/petronor.eus\/wp-content\/uploads\/2023\/04\/Petronor_GB109-1-396x360.jpg\" class=\"imgZoom wp-post-image\" alt=\"\" \/>\n            <\/a>  \n            <\/div>\n            <h3 class=\"noti-title2\">\n                <a href=\"https:\/\/petronor.eus\/es\/2023\/04\/disponible-online-el-ultimo-numero-de-gaztelu-berri\/\">Disponible online el \u00faltimo n\u00famero de \u201cGaztelu Berri\u201d<\/a>\n            <\/h3>\n            <div class=\"noticias__fecha\">\n                20 abril 2023\n<div class=\"addthis_toolbox addthis_default_style\"  addthis:url=\"https:\/\/petronor.eus\/es\/2023\/04\/disponible-online-el-ultimo-numero-de-gaztelu-berri\/\"  addthis:title=\"Disponible online el \u00faltimo n\u00famero de \u201cGaztelu Berri\u201d\">\n<a class=\"addthis_button_compact\"><img decoding=\"async\" src=\"https:\/\/petronor.eus\/wp-content\/themes\/petronorx\/img\/compartir.png\" \/><\/a>\n<\/div>\n<script type=\"text\/javascript\" src=\"\/\/s7.addthis.com\/js\/250\/addthis_widget.js#pubid=xa-4dc017615a68fb88\"><\/script>\n            <\/div>\n        <\/div>\n        \n        <div class=\"col-md-3 col-sm-6 noti-sm\">  \n            <div class=\"nooverflow\">            \n            <a href=\"https:\/\/petronor.eus\/es\/2023\/04\/muskiz-acoge-la-primera-comunidad-energetica-industrial-de-bizkaia\/\">\n                <img loading=\"lazy\" decoding=\"async\" width=\"480\" height=\"360\" src=\"https:\/\/petronor.eus\/wp-content\/uploads\/2023\/04\/Petronor_TEK-Muskiz-1-2-480x360.jpg\" class=\"imgZoom wp-post-image\" alt=\"\" \/>\n            <\/a>  \n            <\/div>\n            <h3 class=\"noti-title2\">\n                <a href=\"https:\/\/petronor.eus\/es\/2023\/04\/muskiz-acoge-la-primera-comunidad-energetica-industrial-de-bizkaia\/\">Muskiz acoge la primera comunidad energ\u00e9tica industrial de Bizkaia<\/a>\n            <\/h3>\n            <div class=\"noticias__fecha\">\n                04 abril 2023\n<div class=\"addthis_toolbox addthis_default_style\"  addthis:url=\"https:\/\/petronor.eus\/es\/2023\/04\/muskiz-acoge-la-primera-comunidad-energetica-industrial-de-bizkaia\/\"  addthis:title=\"Muskiz acoge la primera comunidad energ\u00e9tica industrial de Bizkaia\">\n<a class=\"addthis_button_compact\"><img decoding=\"async\" src=\"https:\/\/petronor.eus\/wp-content\/themes\/petronorx\/img\/compartir.png\" \/><\/a>\n<\/div>\n<script type=\"text\/javascript\" src=\"\/\/s7.addthis.com\/js\/250\/addthis_widget.js#pubid=xa-4dc017615a68fb88\"><\/script>\n            <\/div>\n        <\/div>\n        <\/div>\r\n\r\n<\/div>","protected":false},"excerpt":{"rendered":"GOZAMOS DE UN ENTORNO NATURAL ENVIDIABLE Gracias a las condiciones naturales de la zona y al esfuerzo de la empresa para mantenerla y repoblarla. FAUNA Las balsas de agua de la Refiner\u00eda acogen cada vez m\u00e1s especies de aves de gran valor biol\u00f3gico. FLORA La vegetaci\u00f3n del entorno natural de la Refiner\u00eda es la propia","protected":false},"author":1,"featured_media":0,"parent":0,"menu_order":4,"comment_status":"open","ping_status":"closed","template":"","meta":{"footnotes":""},"class_list":["post-10","page","type-page","status-publish","hentry"],"yoast_head":"<!-- This site is optimized with the Yoast SEO plugin v24.7 - https:\/\/yoast.com\/wordpress\/plugins\/seo\/ -->\n<title>Nuestro entorno<\/title>\n<meta name=\"description\" content=\"Informaci\u00f3n sobre el entorno natural de Petronor: patrimonio hist\u00f3rico, gastronom\u00eda y agenda de Abanto-Zierbena, Zierbena y Muskiz.\" \/>\n<meta name=\"robots\" content=\"index, follow, max-snippet:-1, max-image-preview:large, max-video-preview:-1\" \/>\n<link rel=\"canonical\" href=\"https:\/\/petronor.eus\/es\/nuestro-entorno\/\" \/>\n<meta property=\"og:locale\" content=\"es_ES\" \/>\n<meta property=\"og:type\" content=\"article\" \/>\n<meta property=\"og:title\" content=\"Nuestro entorno\" \/>\n<meta property=\"og:description\" content=\"Informaci\u00f3n sobre el entorno natural de Petronor: patrimonio hist\u00f3rico, gastronom\u00eda y agenda de Abanto-Zierbena, Zierbena y Muskiz.\" \/>\n<meta property=\"og:url\" content=\"https:\/\/petronor.eus\/es\/nuestro-entorno\/\" \/>\n<meta property=\"og:site_name\" content=\"Petronor\" \/>\n<meta property=\"article:modified_time\" content=\"2019-11-08T08:17:57+00:00\" \/>\n<meta property=\"og:image\" content=\"https:\/\/petronor.eus\/wp-content\/uploads\/2014\/12\/entorno-petronor-zierbana.jpg\" \/>\n<meta name=\"twitter:label1\" content=\"Est. reading time\" \/>\n\t<meta name=\"twitter:data1\" content=\"1 minute\" \/>\n<script type=\"application\/ld+json\" class=\"yoast-schema-graph\">{\"@context\":\"https:\/\/schema.org\",\"@graph\":[{\"@type\":\"WebPage\",\"@id\":\"https:\/\/petronor.eus\/es\/nuestro-entorno\/\",\"url\":\"https:\/\/petronor.eus\/es\/nuestro-entorno\/\",\"name\":\"Nuestro entorno\",\"isPartOf\":{\"@id\":\"https:\/\/petronor.eus\/es\/#website\"},\"primaryImageOfPage\":{\"@id\":\"https:\/\/petronor.eus\/es\/nuestro-entorno\/#primaryimage\"},\"image\":{\"@id\":\"https:\/\/petronor.eus\/es\/nuestro-entorno\/#primaryimage\"},\"thumbnailUrl\":\"https:\/\/petronor.eus\/wp-content\/uploads\/2014\/12\/entorno-petronor-zierbana.jpg\",\"datePublished\":\"2014-12-15T12:09:09+00:00\",\"dateModified\":\"2019-11-08T08:17:57+00:00\",\"description\":\"Informaci\u00f3n sobre el entorno natural de Petronor: patrimonio hist\u00f3rico, gastronom\u00eda y agenda de Abanto-Zierbena, Zierbena y Muskiz.\",\"breadcrumb\":{\"@id\":\"https:\/\/petronor.eus\/es\/nuestro-entorno\/#breadcrumb\"},\"inLanguage\":\"es-ES\",\"potentialAction\":[{\"@type\":\"ReadAction\",\"target\":[\"https:\/\/petronor.eus\/es\/nuestro-entorno\/\"]}]},{\"@type\":\"ImageObject\",\"inLanguage\":\"es-ES\",\"@id\":\"https:\/\/petronor.eus\/es\/nuestro-entorno\/#primaryimage\",\"url\":\"https:\/\/petronor.eus\/wp-content\/uploads\/2014\/12\/entorno-petronor-zierbana.jpg\",\"contentUrl\":\"https:\/\/petronor.eus\/wp-content\/uploads\/2014\/12\/entorno-petronor-zierbana.jpg\"},{\"@type\":\"BreadcrumbList\",\"@id\":\"https:\/\/petronor.eus\/es\/nuestro-entorno\/#breadcrumb\",\"itemListElement\":[{\"@type\":\"ListItem\",\"position\":1,\"name\":\"Home\",\"item\":\"https:\/\/petronor.eus\/es\/\"},{\"@type\":\"ListItem\",\"position\":2,\"name\":\"NUESTRO ENTORNO\"}]},{\"@type\":\"WebSite\",\"@id\":\"https:\/\/petronor.eus\/es\/#website\",\"url\":\"https:\/\/petronor.eus\/es\/\",\"name\":\"Petronor\",\"description\":\"\",\"potentialAction\":[{\"@type\":\"SearchAction\",\"target\":{\"@type\":\"EntryPoint\",\"urlTemplate\":\"https:\/\/petronor.eus\/es\/?s={search_term_string}\"},\"query-input\":{\"@type\":\"PropertyValueSpecification\",\"valueRequired\":true,\"valueName\":\"search_term_string\"}}],\"inLanguage\":\"es-ES\"}]}<\/script>\n<!-- \/ Yoast SEO plugin. -->","yoast_head_json":{"title":"Nuestro entorno","description":"Informaci\u00f3n sobre el entorno natural de Petronor: patrimonio hist\u00f3rico, gastronom\u00eda y agenda de Abanto-Zierbena, Zierbena y Muskiz.","robots":{"index":"index","follow":"follow","max-snippet":"max-snippet:-1","max-image-preview":"max-image-preview:large","max-video-preview":"max-video-preview:-1"},"canonical":"https:\/\/petronor.eus\/es\/nuestro-entorno\/","og_locale":"es_ES","og_type":"article","og_title":"Nuestro entorno","og_description":"Informaci\u00f3n sobre el entorno natural de Petronor: patrimonio hist\u00f3rico, gastronom\u00eda y agenda de Abanto-Zierbena, Zierbena y Muskiz.","og_url":"https:\/\/petronor.eus\/es\/nuestro-entorno\/","og_site_name":"Petronor","article_modified_time":"2019-11-08T08:17:57+00:00","og_image":[{"url":"https:\/\/petronor.eus\/wp-content\/uploads\/2014\/12\/entorno-petronor-zierbana.jpg","type":"","width":"","height":""}],"twitter_misc":{"Est. reading time":"1 minute"},"schema":{"@context":"https:\/\/schema.org","@graph":[{"@type":"WebPage","@id":"https:\/\/petronor.eus\/es\/nuestro-entorno\/","url":"https:\/\/petronor.eus\/es\/nuestro-entorno\/","name":"Nuestro entorno","isPartOf":{"@id":"https:\/\/petronor.eus\/es\/#website"},"primaryImageOfPage":{"@id":"https:\/\/petronor.eus\/es\/nuestro-entorno\/#primaryimage"},"image":{"@id":"https:\/\/petronor.eus\/es\/nuestro-entorno\/#primaryimage"},"thumbnailUrl":"https:\/\/petronor.eus\/wp-content\/uploads\/2014\/12\/entorno-petronor-zierbana.jpg","datePublished":"2014-12-15T12:09:09+00:00","dateModified":"2019-11-08T08:17:57+00:00","description":"Informaci\u00f3n sobre el entorno natural de Petronor: patrimonio hist\u00f3rico, gastronom\u00eda y agenda de Abanto-Zierbena, Zierbena y Muskiz.","breadcrumb":{"@id":"https:\/\/petronor.eus\/es\/nuestro-entorno\/#breadcrumb"},"inLanguage":"es-ES","potentialAction":[{"@type":"ReadAction","target":["https:\/\/petronor.eus\/es\/nuestro-entorno\/"]}]},{"@type":"ImageObject","inLanguage":"es-ES","@id":"https:\/\/petronor.eus\/es\/nuestro-entorno\/#primaryimage","url":"https:\/\/petronor.eus\/wp-content\/uploads\/2014\/12\/entorno-petronor-zierbana.jpg","contentUrl":"https:\/\/petronor.eus\/wp-content\/uploads\/2014\/12\/entorno-petronor-zierbana.jpg"},{"@type":"BreadcrumbList","@id":"https:\/\/petronor.eus\/es\/nuestro-entorno\/#breadcrumb","itemListElement":[{"@type":"ListItem","position":1,"name":"Home","item":"https:\/\/petronor.eus\/es\/"},{"@type":"ListItem","position":2,"name":"NUESTRO ENTORNO"}]},{"@type":"WebSite","@id":"https:\/\/petronor.eus\/es\/#website","url":"https:\/\/petronor.eus\/es\/","name":"Petronor","description":"","potentialAction":[{"@type":"SearchAction","target":{"@type":"EntryPoint","urlTemplate":"https:\/\/petronor.eus\/es\/?s={search_term_string}"},"query-input":{"@type":"PropertyValueSpecification","valueRequired":true,"valueName":"search_term_string"}}],"inLanguage":"es-ES"}]}},"_links":{"self":[{"href":"https:\/\/petronor.eus\/es\/wp-json\/wp\/v2\/pages\/10","targetHints":{"allow":["GET"]}}],"collection":[{"href":"https:\/\/petronor.eus\/es\/wp-json\/wp\/v2\/pages"}],"about":[{"href":"https:\/\/petronor.eus\/es\/wp-json\/wp\/v2\/types\/page"}],"author":[{"embeddable":true,"href":"https:\/\/petronor.eus\/es\/wp-json\/wp\/v2\/users\/1"}],"replies":[{"embeddable":true,"href":"https:\/\/petronor.eus\/es\/wp-json\/wp\/v2\/comments?post=10"}],"version-history":[{"count":58,"href":"https:\/\/petronor.eus\/es\/wp-json\/wp\/v2\/pages\/10\/revisions"}],"predecessor-version":[{"id":60928,"href":"https:\/\/petronor.eus\/es\/wp-json\/wp\/v2\/pages\/10\/revisions\/60928"}],"wp:attachment":[{"href":"https:\/\/petronor.eus\/es\/wp-json\/wp\/v2\/media?parent=10"}],"curies":[{"name":"wp","href":"https:\/\/api.w.org\/{rel}","templated":true}]}}