{"id":101,"date":"2014-12-15T12:43:26","date_gmt":"2014-12-15T12:43:26","guid":{"rendered":"https:\/\/petronor.eus\/?page_id=101"},"modified":"2017-10-09T09:04:06","modified_gmt":"2017-10-09T07:04:06","slug":"agua","status":"publish","type":"page","link":"https:\/\/petronor.eus\/es\/nuestra-vision-de-la-sostenibilidad\/compromiso-con-el-medio-ambiente\/agua\/","title":{"rendered":"AGUA"},"content":{"rendered":"<div class=\"row introBlock full-width-section primeraFila\">\r\n<div class=\"col-lg-2 col-md-3 col-xs-12 col-sm-12\">\r\n<ul class=\"subnav\">    <\/ul>\r\n<\/div>\r\n<div class=\"col-lg-10 col-md-9 col-sm-12 col-xs-12\"><img loading=\"lazy\" decoding=\"async\" class=\"alignright wp-image-2652 size-full img-medio-ambiente-tablet\" src=\"https:\/\/petronor.eus\/wp-content\/uploads\/2014\/12\/balsas-de-agua-petronor.jpg\" alt=\"Balsas de decantaci\u00f3n de agua de la refiner\u00eda\" width=\"700\" height=\"369\" srcset=\"https:\/\/petronor.eus\/wp-content\/uploads\/2014\/12\/balsas-de-agua-petronor.jpg 700w, https:\/\/petronor.eus\/wp-content\/uploads\/2014\/12\/balsas-de-agua-petronor-600x316.jpg 600w\" sizes=\"(max-width: 700px) 100vw, 700px\" \/>\r\n<h2>COMPROMISO CON EL AGUA<\/h2>\r\n<p class=\"font18\" style=\"font-size: 18px!important;\">El compromiso con la gesti\u00f3n de este recurso natural cumple con los principios de sosteniblidad recomendados por los Organismos Internacionales: <strong>reducci\u00f3n del consumo, minimizaci\u00f3n del agua de refiner\u00eda y vertido con calidad adecuada en el medio receptor.<\/strong><\/p>\r\n\r\n<div class=\"separadorGris\"><\/div>\r\n<p>Desde el inicio de su actividad Petronor ha optado por las mejores tecnolog\u00edas disponibles en cada momento, consiguiendo minimizar el consumo de agua, <strong>recuperando hasta el 30% de la misma, recircul\u00e1ndola en nuestras instalaciones.<\/strong><\/p>\r\n\r\n<p>Con la colaboraci\u00f3n de expertos de la Universidad del Pa\u00eds Vasco, se realiza un seguimiento anual de las condiciones del medio receptor, en el lugar de la costa denominado Punta Lucero. <strong>Los estudios arrojan resultados satisfactorios certificando el &#8220;bajo o nulo impacto&#8221; en el medio receptor.<\/strong><\/p>\r\n\r\n<p>El r\u00edo Barbadun, su estuario y marismas est\u00e1n monitorizados con las correspondientes estaciones de medici\u00f3n y control; observ\u00e1ndose una <strong>alta calidad ambiental en todos sus ecoindicadores<\/strong>, posibilitando la reintroducci\u00f3n y asentamiento de especies, tanto de forma espont\u00e1nea como por la acci\u00f3n de las Instituciones competentes.<\/p>\r\n\r\n<p>Debido a la adecuada condici\u00f3n del agua en el r\u00edo Barbadun, <strong>el Departamento de Agricultura de la Diputaci\u00f3n Foral de Bizkaia ha repoblado con especies pisc\u00edcolas propias de las aguas de alta calidad.<\/strong><\/p>\r\n<div class=\"nopadding tagMasInfo\"><div class=\"tablaHeader derechadoMovil\">\n<div class=\"celda celdaIzquierda\"><h3>M\u00c1S INFO<\/h3><\/div>\n<div class=\"celda\"><div class=\"widgettitlewrapper\">&nbsp;<\/div><\/div>\n<\/div>\r\n<a href=\"\/wp-content\/uploads\/2015\/05\/Manual_gestion_agua.pdf\" target=\"_blank\" title=\"Descargar PDF\">\r\n<div class=\"linkIconoDescargar\">\r\n<h4 class=\"masInfoLink\">Manual de Gesti\u00f3n del Agua<\/h4>\r\n<h4 class=\"masInfoPeso\">PDF (1,21 Mb)<\/h4>\r\n<\/div><\/a>\r\n<div class=\"rayaGris\"><\/div>\r\n<\/div>\r\n<\/div>\r\n<\/div>\r\n<div style=\"margin-bottom:30px ; height:1px; clear:both;\"><\/div>\r\n<div class=\"row tablaTurquesa\">\r\n<div class=\"col-lg-3 col-md-3 col-xs-12 col-sm-6\">\r\n<h3>C\u00d3MO PROTEGEMOS EL ENTORNO<\/h3>\r\n<\/div>\r\n\r\n<div class=\"col-lg-3 col-md-3 col-xs-12 col-sm-6\">\r\n<div class=\"marginTopIcono\"><img loading=\"lazy\" decoding=\"async\" class=\"aligncenter size-full wp-image-1186\" src=\"\/wp-content\/uploads\/2014\/12\/b_icono-mediambiente-1.png\" alt=\"icono-medio-ambiente-agua\" width=\"50\" height=\"51\" \/><\/div>\r\n<span>Compromiso con el<br\/>AGUA<\/span>\r\n<\/div>\r\n\r\n<div class=\"col-lg-3 col-md-3 col-xs-12 col-sm-6\">\r\n<a href=\"\/es\/refineria\/compromisos\/medio-ambiente\/aire\/\" title=\"Ir a Gesti\u00f3n del AIRE\">\r\n<div class=\"marginTopIcono\"><img loading=\"lazy\" decoding=\"async\" class=\"aligncenter size-full wp-image-1200\" src=\"\/wp-content\/uploads\/2014\/12\/icono-mediambiente-2.png\" alt=\"ingurumen-ikurra\" width=\"50\" height=\"51\" \/><\/div>\r\n<span>Gesti\u00f3n del<br\/>\r\nAIRE<\/span><\/a>\r\n<\/div>\r\n\r\n<div class=\"col-lg-3 col-md-3 col-xs-12 col-sm-6\">\r\n<a href=\"\/es\/refineria\/compromisos\/medio-ambiente\/oloresruido\/\" title=\"Ir a Gesti\u00f3n de OLORES Y RUIDO \">\r\n<div class=\"marginTopIcono\"><img loading=\"lazy\" decoding=\"async\" class=\"aligncenter size-full wp-image-1201\" src=\"\/wp-content\/uploads\/2014\/12\/icono-mediambiente-3.png\" alt=\"ingurumena-zarata-ikurra\" width=\"50\" height=\"51\" \/><\/div>\r\n<span>Gesti\u00f3n de<br\/>\r\nOLORES Y RUIDO<\/span><\/a>\r\n<\/div>\r\n\r\n<div class=\"col-lg-3 col-md-3 col-xs-12 col-sm-6 hidden-sm hidden-xs\">\u00a0<\/div>\r\n<div class=\"col-lg-3 col-md-3 col-xs-12 col-sm-6\">\r\n<a href=\"\/es\/refineria\/compromisos\/medio-ambiente\/suelo\/\" title=\"Ir a Gesti\u00f3n de los SUELOS\">\r\n<div class=\"marginTopIcono\"><img loading=\"lazy\" decoding=\"async\" class=\"aligncenter size-full wp-image-1202\" src=\"\/wp-content\/uploads\/2014\/12\/icono-mediambiente-4.png\" alt=\"ingumena-lurzorua-ikurra\" width=\"50\" height=\"51\" \/><\/div>\r\n<span>Gesti\u00f3n de los<br\/>\r\nSUELOS<\/span><\/a>\r\n<\/div>\r\n\r\n<div class=\"col-lg-3 col-md-3 col-xs-12 col-sm-6\">\r\n<a href=\"\/es\/refineria\/compromisos\/medio-ambiente\/residuos\/\" title=\"Ir a Tratamiento de RESIDUOS\">\r\n<div class=\"marginTopIcono\"><img loading=\"lazy\" decoding=\"async\" class=\"aligncenter size-full wp-image-1203\" src=\"\/wp-content\/uploads\/2014\/12\/icono-mediambiente-5.png\" alt=\"ingurumen-hondakinak-ikurra\" width=\"50\" height=\"51\" \/><\/div>\r\n<span>Tratamiento de<br\/>\r\nRESIDUOS<\/span><\/a>\r\n\r\n<\/div>\r\n<div class=\"col-lg-3 col-md-3 col-xs-12 col-sm-6\">\r\n<a href=\"\/es\/refineria\/compromisos\/medio-ambiente\/ahorro-de-energia\/\" title=\"Ir a Ahorro ENERG\u00c9TICO\">\r\n<div class=\"marginTopIcono\"><img loading=\"lazy\" decoding=\"async\" class=\"aligncenter size-full wp-image-1204\" src=\"\/wp-content\/uploads\/2014\/12\/icono-mediambiente-6.png\" alt=\"ingumen-ikurra-energia\" width=\"50\" height=\"51\" \/><\/div>\r\n<span>Ahorro<br\/>\r\nENERG\u00c9TICO<\/span><\/a>\r\n\r\n<\/div><\/div>","protected":false},"excerpt":{"rendered":"","protected":false},"author":1,"featured_media":0,"parent":97,"menu_order":1,"comment_status":"open","ping_status":"closed","template":"","meta":{"footnotes":""},"class_list":["post-101","page","type-page","status-publish","hentry"],"yoast_head":"<!-- This site is optimized with the Yoast SEO plugin v24.7 - https:\/\/yoast.com\/wordpress\/plugins\/seo\/ -->\n<title>Compromiso con el agua<\/title>\n<meta name=\"description\" content=\"Compromiso con el agua y medioambiental de Petronor para reducir del consumo de agua, minimizar el agua de refiner\u00eda y vertido con calidad adecuada\" \/>\n<meta name=\"robots\" content=\"index, follow, max-snippet:-1, max-image-preview:large, max-video-preview:-1\" \/>\n<link rel=\"canonical\" href=\"https:\/\/petronor.eus\/es\/nuestra-vision-de-la-sostenibilidad\/compromiso-con-el-medio-ambiente\/agua\/\" \/>\n<meta property=\"og:locale\" content=\"es_ES\" \/>\n<meta property=\"og:type\" content=\"article\" \/>\n<meta property=\"og:title\" content=\"Compromiso con el agua\" \/>\n<meta property=\"og:description\" content=\"Compromiso con el agua y medioambiental de Petronor para reducir del consumo de agua, minimizar el agua de refiner\u00eda y vertido con calidad adecuada\" \/>\n<meta property=\"og:url\" content=\"https:\/\/petronor.eus\/es\/nuestra-vision-de-la-sostenibilidad\/compromiso-con-el-medio-ambiente\/agua\/\" \/>\n<meta property=\"og:site_name\" content=\"Petronor\" \/>\n<meta property=\"article:modified_time\" content=\"2017-10-09T07:04:06+00:00\" \/>\n<meta property=\"og:image\" content=\"https:\/\/petronor.eus\/wp-content\/uploads\/2014\/12\/balsas-de-agua-petronor.jpg\" \/>\n<meta name=\"twitter:label1\" content=\"Est. reading time\" \/>\n\t<meta name=\"twitter:data1\" content=\"2 minutes\" \/>\n<script type=\"application\/ld+json\" class=\"yoast-schema-graph\">{\"@context\":\"https:\/\/schema.org\",\"@graph\":[{\"@type\":\"WebPage\",\"@id\":\"https:\/\/petronor.eus\/es\/nuestra-vision-de-la-sostenibilidad\/compromiso-con-el-medio-ambiente\/agua\/\",\"url\":\"https:\/\/petronor.eus\/es\/nuestra-vision-de-la-sostenibilidad\/compromiso-con-el-medio-ambiente\/agua\/\",\"name\":\"Compromiso con el agua\",\"isPartOf\":{\"@id\":\"https:\/\/petronor.eus\/es\/#website\"},\"primaryImageOfPage\":{\"@id\":\"https:\/\/petronor.eus\/es\/nuestra-vision-de-la-sostenibilidad\/compromiso-con-el-medio-ambiente\/agua\/#primaryimage\"},\"image\":{\"@id\":\"https:\/\/petronor.eus\/es\/nuestra-vision-de-la-sostenibilidad\/compromiso-con-el-medio-ambiente\/agua\/#primaryimage\"},\"thumbnailUrl\":\"https:\/\/petronor.eus\/wp-content\/uploads\/2014\/12\/balsas-de-agua-petronor.jpg\",\"datePublished\":\"2014-12-15T12:43:26+00:00\",\"dateModified\":\"2017-10-09T07:04:06+00:00\",\"description\":\"Compromiso con el agua y medioambiental de Petronor para reducir del consumo de agua, minimizar el agua de refiner\u00eda y vertido con calidad adecuada\",\"breadcrumb\":{\"@id\":\"https:\/\/petronor.eus\/es\/nuestra-vision-de-la-sostenibilidad\/compromiso-con-el-medio-ambiente\/agua\/#breadcrumb\"},\"inLanguage\":\"es-ES\",\"potentialAction\":[{\"@type\":\"ReadAction\",\"target\":[\"https:\/\/petronor.eus\/es\/nuestra-vision-de-la-sostenibilidad\/compromiso-con-el-medio-ambiente\/agua\/\"]}]},{\"@type\":\"ImageObject\",\"inLanguage\":\"es-ES\",\"@id\":\"https:\/\/petronor.eus\/es\/nuestra-vision-de-la-sostenibilidad\/compromiso-con-el-medio-ambiente\/agua\/#primaryimage\",\"url\":\"https:\/\/petronor.eus\/wp-content\/uploads\/2014\/12\/balsas-de-agua-petronor.jpg\",\"contentUrl\":\"https:\/\/petronor.eus\/wp-content\/uploads\/2014\/12\/balsas-de-agua-petronor.jpg\"},{\"@type\":\"BreadcrumbList\",\"@id\":\"https:\/\/petronor.eus\/es\/nuestra-vision-de-la-sostenibilidad\/compromiso-con-el-medio-ambiente\/agua\/#breadcrumb\",\"itemListElement\":[{\"@type\":\"ListItem\",\"position\":1,\"name\":\"Home\",\"item\":\"https:\/\/petronor.eus\/es\/\"},{\"@type\":\"ListItem\",\"position\":2,\"name\":\"NUESTRA VISI\u00d3N DE LA SOSTENIBILIDAD\",\"item\":\"https:\/\/petronor.eus\/es\/nuestra-vision-de-la-sostenibilidad\/\"},{\"@type\":\"ListItem\",\"position\":3,\"name\":\"COMPROMISO CON EL MEDIO AMBIENTE\",\"item\":\"https:\/\/petronor.eus\/es\/nuestra-vision-de-la-sostenibilidad\/compromiso-con-el-medio-ambiente\/\"},{\"@type\":\"ListItem\",\"position\":4,\"name\":\"AGUA\"}]},{\"@type\":\"WebSite\",\"@id\":\"https:\/\/petronor.eus\/es\/#website\",\"url\":\"https:\/\/petronor.eus\/es\/\",\"name\":\"Petronor\",\"description\":\"\",\"potentialAction\":[{\"@type\":\"SearchAction\",\"target\":{\"@type\":\"EntryPoint\",\"urlTemplate\":\"https:\/\/petronor.eus\/es\/?s={search_term_string}\"},\"query-input\":{\"@type\":\"PropertyValueSpecification\",\"valueRequired\":true,\"valueName\":\"search_term_string\"}}],\"inLanguage\":\"es-ES\"}]}<\/script>\n<!-- \/ Yoast SEO plugin. -->","yoast_head_json":{"title":"Compromiso con el agua","description":"Compromiso con el agua y medioambiental de Petronor para reducir del consumo de agua, minimizar el agua de refiner\u00eda y vertido con calidad adecuada","robots":{"index":"index","follow":"follow","max-snippet":"max-snippet:-1","max-image-preview":"max-image-preview:large","max-video-preview":"max-video-preview:-1"},"canonical":"https:\/\/petronor.eus\/es\/nuestra-vision-de-la-sostenibilidad\/compromiso-con-el-medio-ambiente\/agua\/","og_locale":"es_ES","og_type":"article","og_title":"Compromiso con el agua","og_description":"Compromiso con el agua y medioambiental de Petronor para reducir del consumo de agua, minimizar el agua de refiner\u00eda y vertido con calidad adecuada","og_url":"https:\/\/petronor.eus\/es\/nuestra-vision-de-la-sostenibilidad\/compromiso-con-el-medio-ambiente\/agua\/","og_site_name":"Petronor","article_modified_time":"2017-10-09T07:04:06+00:00","og_image":[{"url":"https:\/\/petronor.eus\/wp-content\/uploads\/2014\/12\/balsas-de-agua-petronor.jpg","type":"","width":"","height":""}],"twitter_misc":{"Est. reading time":"2 minutes"},"schema":{"@context":"https:\/\/schema.org","@graph":[{"@type":"WebPage","@id":"https:\/\/petronor.eus\/es\/nuestra-vision-de-la-sostenibilidad\/compromiso-con-el-medio-ambiente\/agua\/","url":"https:\/\/petronor.eus\/es\/nuestra-vision-de-la-sostenibilidad\/compromiso-con-el-medio-ambiente\/agua\/","name":"Compromiso con el agua","isPartOf":{"@id":"https:\/\/petronor.eus\/es\/#website"},"primaryImageOfPage":{"@id":"https:\/\/petronor.eus\/es\/nuestra-vision-de-la-sostenibilidad\/compromiso-con-el-medio-ambiente\/agua\/#primaryimage"},"image":{"@id":"https:\/\/petronor.eus\/es\/nuestra-vision-de-la-sostenibilidad\/compromiso-con-el-medio-ambiente\/agua\/#primaryimage"},"thumbnailUrl":"https:\/\/petronor.eus\/wp-content\/uploads\/2014\/12\/balsas-de-agua-petronor.jpg","datePublished":"2014-12-15T12:43:26+00:00","dateModified":"2017-10-09T07:04:06+00:00","description":"Compromiso con el agua y medioambiental de Petronor para reducir del consumo de agua, minimizar el agua de refiner\u00eda y vertido con calidad adecuada","breadcrumb":{"@id":"https:\/\/petronor.eus\/es\/nuestra-vision-de-la-sostenibilidad\/compromiso-con-el-medio-ambiente\/agua\/#breadcrumb"},"inLanguage":"es-ES","potentialAction":[{"@type":"ReadAction","target":["https:\/\/petronor.eus\/es\/nuestra-vision-de-la-sostenibilidad\/compromiso-con-el-medio-ambiente\/agua\/"]}]},{"@type":"ImageObject","inLanguage":"es-ES","@id":"https:\/\/petronor.eus\/es\/nuestra-vision-de-la-sostenibilidad\/compromiso-con-el-medio-ambiente\/agua\/#primaryimage","url":"https:\/\/petronor.eus\/wp-content\/uploads\/2014\/12\/balsas-de-agua-petronor.jpg","contentUrl":"https:\/\/petronor.eus\/wp-content\/uploads\/2014\/12\/balsas-de-agua-petronor.jpg"},{"@type":"BreadcrumbList","@id":"https:\/\/petronor.eus\/es\/nuestra-vision-de-la-sostenibilidad\/compromiso-con-el-medio-ambiente\/agua\/#breadcrumb","itemListElement":[{"@type":"ListItem","position":1,"name":"Home","item":"https:\/\/petronor.eus\/es\/"},{"@type":"ListItem","position":2,"name":"NUESTRA VISI\u00d3N DE LA SOSTENIBILIDAD","item":"https:\/\/petronor.eus\/es\/nuestra-vision-de-la-sostenibilidad\/"},{"@type":"ListItem","position":3,"name":"COMPROMISO CON EL MEDIO AMBIENTE","item":"https:\/\/petronor.eus\/es\/nuestra-vision-de-la-sostenibilidad\/compromiso-con-el-medio-ambiente\/"},{"@type":"ListItem","position":4,"name":"AGUA"}]},{"@type":"WebSite","@id":"https:\/\/petronor.eus\/es\/#website","url":"https:\/\/petronor.eus\/es\/","name":"Petronor","description":"","potentialAction":[{"@type":"SearchAction","target":{"@type":"EntryPoint","urlTemplate":"https:\/\/petronor.eus\/es\/?s={search_term_string}"},"query-input":{"@type":"PropertyValueSpecification","valueRequired":true,"valueName":"search_term_string"}}],"inLanguage":"es-ES"}]}},"_links":{"self":[{"href":"https:\/\/petronor.eus\/es\/wp-json\/wp\/v2\/pages\/101","targetHints":{"allow":["GET"]}}],"collection":[{"href":"https:\/\/petronor.eus\/es\/wp-json\/wp\/v2\/pages"}],"about":[{"href":"https:\/\/petronor.eus\/es\/wp-json\/wp\/v2\/types\/page"}],"author":[{"embeddable":true,"href":"https:\/\/petronor.eus\/es\/wp-json\/wp\/v2\/users\/1"}],"replies":[{"embeddable":true,"href":"https:\/\/petronor.eus\/es\/wp-json\/wp\/v2\/comments?post=101"}],"version-history":[{"count":108,"href":"https:\/\/petronor.eus\/es\/wp-json\/wp\/v2\/pages\/101\/revisions"}],"predecessor-version":[{"id":40597,"href":"https:\/\/petronor.eus\/es\/wp-json\/wp\/v2\/pages\/101\/revisions\/40597"}],"up":[{"embeddable":true,"href":"https:\/\/petronor.eus\/es\/wp-json\/wp\/v2\/pages\/97"}],"wp:attachment":[{"href":"https:\/\/petronor.eus\/es\/wp-json\/wp\/v2\/media?parent=101"}],"curies":[{"name":"wp","href":"https:\/\/api.w.org\/{rel}","templated":true}]}}