{"id":103,"date":"2014-12-15T12:43:46","date_gmt":"2014-12-15T12:43:46","guid":{"rendered":"https:\/\/petronor.eus\/?page_id=103"},"modified":"2017-10-09T09:16:12","modified_gmt":"2017-10-09T07:16:12","slug":"aire","status":"publish","type":"page","link":"https:\/\/petronor.eus\/es\/nuestra-vision-de-la-sostenibilidad\/compromiso-con-el-medio-ambiente\/aire\/","title":{"rendered":"AIRE"},"content":{"rendered":"<div class=\"row introBlock full-width-section primeraFila\">\r\n<div class=\"col-lg-2 col-md-3 col-xs-12 col-sm-12\">\r\n<ul class=\"subnav\">    <\/ul>\r\n<\/div>\r\n<div class=\"col-lg-10 col-md-9 col-xs-12 col-sm-12\">\r\n<img loading=\"lazy\" decoding=\"async\" class=\"alignright wp-image-2654 size-full img-medio-ambiente-tablet\" src=\"https:\/\/petronor.eus\/wp-content\/uploads\/2014\/12\/gestion-del-aire.jpg\" alt=\"Entorno verde con el cielo y la chimenea de Petronor al fondo\" width=\"700\" height=\"369\" srcset=\"https:\/\/petronor.eus\/wp-content\/uploads\/2014\/12\/gestion-del-aire.jpg 700w, https:\/\/petronor.eus\/wp-content\/uploads\/2014\/12\/gestion-del-aire-600x316.jpg 600w\" sizes=\"(max-width: 700px) 100vw, 700px\" \/>\r\n<h2>GESTI\u00d3N DEL AIRE<\/h2>\r\n<p class=\"font18\" style=\"font-size: 18px!important;\">En las instalaciones productivas y de almacenamiento aplicamos los sistemas m\u00e1s avanzados para controlar las emisiones dentro de los par\u00e1metros exigidos por la ley.<\/p>\r\n\r\n<div class=\"separadorGris\"><\/div>\r\n<p>Nuestros focos de emisi\u00f3n est\u00e1n controlados por una red digital vigilada por el Gobierno Vasco, siendo contrastada su medici\u00f3n peri\u00f3dicamente por un Organismo de Control Autorizado. Al objeto de controlar la incidencia de la actividad industrial y otras, la Instituci\u00f3n Auton\u00f3mica dispone de <strong>estaciones de medida de inmisi\u00f3n localizadas en los municipios lim\u00edtrofes, Muskiz y Abanto-Zierbena<\/strong> que indican la calidad del aire en el entorno y forman parte de la Red de Vigilancia de la Calidad del Aire.<\/p>\r\n<p>Las estrategias en la gesti\u00f3n industrial de nuestros focos de emisi\u00f3n est\u00e1n comprometidas con las tecnolog\u00edas m\u00e1s limpias y eficientes. Los combustibles que utilizamos los <strong>acondicionamos para evitar emisiones no deseadas<\/strong>, procurando incorporar adem\u00e1s gas natural o combustibles de menor impacto en todos los procesos donde es posible.<\/p>\r\n<p>El equipamiento industrial de Petronor desde su dise\u00f1o, operaci\u00f3n y al tiempo de ser renovado se somete a <strong>estudios estrictos de eficiencia energ\u00e9tica<\/strong>, consiguiendo as\u00ed minimizar las emisiones de Gases Efecto Invernadero y las afecciones a la calidad del aire.<\/p>\r\n<p>Nuestros productos refinados para el mercado de combustibles cumplen las exigencias m\u00e1s estrictas minimizando los impactos en el medio ambiente asociados a su uso en la actividad diaria, destacando el gas\u00f3leo de automoci\u00f3n con bajo contenido de azufre (10 ppm) adelant\u00e1ndose as\u00ed a la Normativa Europea.<\/p>\r\n<div class=\"nopadding tagMasInfo\">\r\n\r\n<div class=\"tablaHeader derechadoMovil\">\n<div class=\"celda celdaIzquierda\"><h3>M\u00c1S INFO<\/h3><\/div>\n<div class=\"celda\"><div class=\"widgettitlewrapper\">&nbsp;<\/div><\/div>\n<\/div>\r\n<div class=\"hidden-xs hidden-sm\"><a class=\"btn btn-default btn-lg ancho100  \" href=\"http:\/\/www.ingurumena.ejgv.euskadi.net\/aa17aMovilidadWar\/estaciones\/detalle\/57?R01HNoPortal=true&amp;locale=es\"  target=\"_blank\"><i class=\"glyphicon glyphicon-save\" ><\/i> \u00cdndice de calidad del aire en Abanto Zierbena<\/a><\/div>\r\n<div class=\"hidden-lg hidden-md\"><a class=\"btn btn-default btn-lg ancho100  \" href=\"http:\/\/www.ingurumena.ejgv.euskadi.net\/aa17aMovilidadWar\/estaciones\/detalle\/57?R01HNoPortal=true&amp;locale=es\"  target=\"_blank\"><i class=\"glyphicon glyphicon-save\" ><\/i> \u00cdndice de calidad del aire en Abanto Zierbena<\/a><\/div>\r\n<div style=\"margin-bottom:10px ; height:1px; clear:both;\"><\/div>\r\n<div class=\"hidden-xs hidden-sm\"><a class=\"btn btn-default btn-lg ancho100  \" href=\"http:\/\/www.ingurumena.ejgv.euskadi.net\/aa17aMovilidadWar\/estaciones\/detalle\/63?R01HNoPortal=true&amp;locale=es\"  target=\"_blank\"><i class=\"glyphicon glyphicon-save\" ><\/i> \u00cdndice de calidad del aire en Muskiz<\/a><\/div>\r\n<div class=\"hidden-lg hidden-md\"><a class=\"btn btn-default btn-lg ancho100  \" href=\"http:\/\/www.ingurumena.ejgv.euskadi.net\/aa17aMovilidadWar\/estaciones\/detalle\/63?R01HNoPortal=true&amp;locale=es\"  target=\"_blank\"><i class=\"glyphicon glyphicon-save\" ><\/i> \u00cdndice de calidad del aire en Muskiz<\/a><\/div>\r\n<div style=\"margin-bottom:10px ; height:1px; clear:both;\"><\/div>\r\n<div class=\"hidden-xs hidden-sm\"><a class=\"btn btn-default btn-lg ancho100  \" href=\"http:\/\/www.ingurumena.ejgv.euskadi.net\/aa17aMovilidadWar\/estaciones\/detalle\/103?R01HNoPortal=true&amp;locale=es\"  target=\"_blank\"><i class=\"glyphicon glyphicon-save\" ><\/i> \u00cdndice de calidad del aire en San Juli\u00e1n<\/a><\/div>\r\n<div class=\"hidden-lg hidden-md\"><a class=\"btn btn-default btn-lg ancho100  \" href=\"http:\/\/www.ingurumena.ejgv.euskadi.net\/aa17aMovilidadWar\/estaciones\/detalle\/103?R01HNoPortal=true&amp;locale=es\"  target=\"_blank\"><i class=\"glyphicon glyphicon-save\" ><\/i> \u00cdndice de calidad del aire en San Juli\u00e1n<\/a><\/div>\r\n<div class=\"rayaGris\"><\/div>\r\n&nbsp;\r\n<!--\r\n<div class=\"linkIconoDescargar\">\r\n<h4 class=\"masInfoLink\">Balance del estado de la calidad del aire 2014<\/h4>\r\n<h4 class=\"masInfoPeso\">PDF (170 KB)<\/h4>\r\n<\/div>\r\n-->\r\n&nbsp;\r\n\r\n<\/div>\r\n<\/div>\r\n\r\n<\/div>\r\n<div style=\"margin-bottom:30px ; height:1px; clear:both;\"><\/div>\r\n\r\n<div class=\"row tablaTurquesa\">\r\n<div class=\"col-lg-3 col-md-3 col-xs-12 col-sm-6\">\r\n<h3>C\u00d3MO PROTEGEMOS EL ENTORNO<\/h3>\r\n<\/div>\r\n\r\n<div class=\"col-lg-3 col-md-3 col-xs-12 col-sm-6\">\r\n<a href=\"\/es\/refineria\/compromisos\/medio-ambiente\/agua\/\" title=\"Ir a Compromiso con el AGUA\">\r\n<div class=\"marginTopIcono\"><img loading=\"lazy\" decoding=\"async\" class=\"aligncenter size-full wp-image-1186\" src=\"\/wp-content\/uploads\/2014\/12\/icono-mediambiente-1.png\" alt=\"icono-medio-ambiente-agua\" width=\"50\" height=\"51\" \/><\/div>\r\n<span>Compromiso con el<br\/>AGUA<\/span><\/a>\r\n<\/div>\r\n\r\n<div class=\"col-lg-3 col-md-3 col-xs-12 col-sm-6\">\r\n<a href=\"\/es\/refineria\/compromisos\/medio-ambiente\/aire\/\" title=\"Ir a Gesti\u00f3n del AIRE\">\r\n<div class=\"marginTopIcono\"><img loading=\"lazy\" decoding=\"async\" class=\"aligncenter size-full wp-image-1200\" src=\"\/wp-content\/uploads\/2014\/12\/b_icono-mediambiente-2.png\" alt=\"ingurumen-ikurra\" width=\"50\" height=\"51\" \/><\/div>\r\n<span>Gesti\u00f3n del<br\/>\r\nAIRE<\/span><\/a>\r\n<\/div>\r\n\r\n<div class=\"col-lg-3 col-md-3 col-xs-12 col-sm-6\">\r\n<a href=\"\/es\/refineria\/compromisos\/medio-ambiente\/oloresruido\/\" title=\"Ir a Gesti\u00f3n de OLORES Y RUIDO \">\r\n<div class=\"marginTopIcono\"><img loading=\"lazy\" decoding=\"async\" class=\"aligncenter size-full wp-image-1201\" src=\"\/wp-content\/uploads\/2014\/12\/icono-mediambiente-3.png\" alt=\"ingurumena-zarata-ikurra\" width=\"50\" height=\"51\" \/><\/div>\r\n<span>Gesti\u00f3n de<br\/>\r\nOLORES Y RUIDO<\/span><\/a>\r\n<\/div>\r\n\r\n<div class=\"col-lg-3 col-md-3 col-xs-12 col-sm-6 hidden-sm hidden-xs\"> <\/div>\r\n<div class=\"col-lg-3 col-md-3 col-xs-12 col-sm-6\">\r\n<a href=\"\/es\/refineria\/compromisos\/medio-ambiente\/suelo\/\" title=\"Ir a Gesti\u00f3n de los SUELOS\">\r\n<div class=\"marginTopIcono\"><img loading=\"lazy\" decoding=\"async\" class=\"aligncenter size-full wp-image-1202\" src=\"\/wp-content\/uploads\/2014\/12\/icono-mediambiente-4.png\" alt=\"ingumena-lurzorua-ikurra\" width=\"50\" height=\"51\" \/><\/div>\r\n<span>Gesti\u00f3n de los<br\/>\r\nSUELOS<\/span><\/a>\r\n<\/div>\r\n\r\n<div class=\"col-lg-3 col-md-3 col-xs-12 col-sm-6\">\r\n<a href=\"\/es\/refineria\/compromisos\/medio-ambiente\/residuos\/\" title=\"Ir a Tratamiento de RESIDUOS\">\r\n<div class=\"marginTopIcono\"><img loading=\"lazy\" decoding=\"async\" class=\"aligncenter size-full wp-image-1203\" src=\"\/wp-content\/uploads\/2014\/12\/icono-mediambiente-5.png\" alt=\"ingurumen-hondakinak-ikurra\" width=\"50\" height=\"51\" \/><\/div>\r\n<span>Tratamiento de<br\/>\r\nRESIDUOS<\/span><\/a>\r\n\r\n<\/div>\r\n<div class=\"col-lg-3 col-md-3 col-xs-12 col-sm-6\">\r\n<a href=\"\/es\/refineria\/compromisos\/medio-ambiente\/ahorro-de-energia\/\" title=\"Ir a Ahorro ENERG\u00c9TICO\">\r\n<div class=\"marginTopIcono\"><img loading=\"lazy\" decoding=\"async\" class=\"aligncenter size-full wp-image-1204\" src=\"\/wp-content\/uploads\/2014\/12\/icono-mediambiente-6.png\" alt=\"ingumen-ikurra-energia\" width=\"50\" height=\"51\" \/><\/div>\r\n<span>Ahorro<br\/>\r\nENERG\u00c9TICO<\/span><\/a>\r\n\r\n<\/div><\/div>","protected":false},"excerpt":{"rendered":"","protected":false},"author":1,"featured_media":0,"parent":97,"menu_order":2,"comment_status":"open","ping_status":"closed","template":"","meta":{"footnotes":""},"class_list":["post-103","page","type-page","status-publish","hentry"],"yoast_head":"<!-- This site is optimized with the Yoast SEO plugin v24.7 - https:\/\/yoast.com\/wordpress\/plugins\/seo\/ -->\n<title>Compromiso de control de emisiones al aire - Petronor<\/title>\n<meta name=\"description\" content=\"Compromiso medioambiental de Petronor para el control de emisiones al aire en la refiner\u00eda que Petronor tiene en Muskiz.\" \/>\n<meta name=\"robots\" content=\"index, follow, max-snippet:-1, max-image-preview:large, max-video-preview:-1\" \/>\n<link rel=\"canonical\" href=\"https:\/\/petronor.eus\/es\/nuestra-vision-de-la-sostenibilidad\/compromiso-con-el-medio-ambiente\/aire\/\" \/>\n<meta property=\"og:locale\" content=\"es_ES\" \/>\n<meta property=\"og:type\" content=\"article\" \/>\n<meta property=\"og:title\" content=\"Compromiso de control de emisiones al aire - Petronor\" \/>\n<meta property=\"og:description\" content=\"Compromiso medioambiental de Petronor para el control de emisiones al aire en la refiner\u00eda que Petronor tiene en Muskiz.\" \/>\n<meta property=\"og:url\" content=\"https:\/\/petronor.eus\/es\/nuestra-vision-de-la-sostenibilidad\/compromiso-con-el-medio-ambiente\/aire\/\" \/>\n<meta property=\"og:site_name\" content=\"Petronor\" \/>\n<meta property=\"article:modified_time\" content=\"2017-10-09T07:16:12+00:00\" \/>\n<meta property=\"og:image\" content=\"https:\/\/petronor.eus\/wp-content\/uploads\/2014\/12\/gestion-del-aire.jpg\" \/>\n<meta name=\"twitter:label1\" content=\"Est. reading time\" \/>\n\t<meta name=\"twitter:data1\" content=\"3 minutes\" \/>\n<script type=\"application\/ld+json\" class=\"yoast-schema-graph\">{\"@context\":\"https:\/\/schema.org\",\"@graph\":[{\"@type\":\"WebPage\",\"@id\":\"https:\/\/petronor.eus\/es\/nuestra-vision-de-la-sostenibilidad\/compromiso-con-el-medio-ambiente\/aire\/\",\"url\":\"https:\/\/petronor.eus\/es\/nuestra-vision-de-la-sostenibilidad\/compromiso-con-el-medio-ambiente\/aire\/\",\"name\":\"Compromiso de control de emisiones al aire - Petronor\",\"isPartOf\":{\"@id\":\"https:\/\/petronor.eus\/es\/#website\"},\"primaryImageOfPage\":{\"@id\":\"https:\/\/petronor.eus\/es\/nuestra-vision-de-la-sostenibilidad\/compromiso-con-el-medio-ambiente\/aire\/#primaryimage\"},\"image\":{\"@id\":\"https:\/\/petronor.eus\/es\/nuestra-vision-de-la-sostenibilidad\/compromiso-con-el-medio-ambiente\/aire\/#primaryimage\"},\"thumbnailUrl\":\"https:\/\/petronor.eus\/wp-content\/uploads\/2014\/12\/gestion-del-aire.jpg\",\"datePublished\":\"2014-12-15T12:43:46+00:00\",\"dateModified\":\"2017-10-09T07:16:12+00:00\",\"description\":\"Compromiso medioambiental de Petronor para el control de emisiones al aire en la refiner\u00eda que Petronor tiene en Muskiz.\",\"breadcrumb\":{\"@id\":\"https:\/\/petronor.eus\/es\/nuestra-vision-de-la-sostenibilidad\/compromiso-con-el-medio-ambiente\/aire\/#breadcrumb\"},\"inLanguage\":\"es-ES\",\"potentialAction\":[{\"@type\":\"ReadAction\",\"target\":[\"https:\/\/petronor.eus\/es\/nuestra-vision-de-la-sostenibilidad\/compromiso-con-el-medio-ambiente\/aire\/\"]}]},{\"@type\":\"ImageObject\",\"inLanguage\":\"es-ES\",\"@id\":\"https:\/\/petronor.eus\/es\/nuestra-vision-de-la-sostenibilidad\/compromiso-con-el-medio-ambiente\/aire\/#primaryimage\",\"url\":\"https:\/\/petronor.eus\/wp-content\/uploads\/2014\/12\/gestion-del-aire.jpg\",\"contentUrl\":\"https:\/\/petronor.eus\/wp-content\/uploads\/2014\/12\/gestion-del-aire.jpg\"},{\"@type\":\"BreadcrumbList\",\"@id\":\"https:\/\/petronor.eus\/es\/nuestra-vision-de-la-sostenibilidad\/compromiso-con-el-medio-ambiente\/aire\/#breadcrumb\",\"itemListElement\":[{\"@type\":\"ListItem\",\"position\":1,\"name\":\"Home\",\"item\":\"https:\/\/petronor.eus\/es\/\"},{\"@type\":\"ListItem\",\"position\":2,\"name\":\"NUESTRA VISI\u00d3N DE LA SOSTENIBILIDAD\",\"item\":\"https:\/\/petronor.eus\/es\/nuestra-vision-de-la-sostenibilidad\/\"},{\"@type\":\"ListItem\",\"position\":3,\"name\":\"COMPROMISO CON EL MEDIO AMBIENTE\",\"item\":\"https:\/\/petronor.eus\/es\/nuestra-vision-de-la-sostenibilidad\/compromiso-con-el-medio-ambiente\/\"},{\"@type\":\"ListItem\",\"position\":4,\"name\":\"AIRE\"}]},{\"@type\":\"WebSite\",\"@id\":\"https:\/\/petronor.eus\/es\/#website\",\"url\":\"https:\/\/petronor.eus\/es\/\",\"name\":\"Petronor\",\"description\":\"\",\"potentialAction\":[{\"@type\":\"SearchAction\",\"target\":{\"@type\":\"EntryPoint\",\"urlTemplate\":\"https:\/\/petronor.eus\/es\/?s={search_term_string}\"},\"query-input\":{\"@type\":\"PropertyValueSpecification\",\"valueRequired\":true,\"valueName\":\"search_term_string\"}}],\"inLanguage\":\"es-ES\"}]}<\/script>\n<!-- \/ Yoast SEO plugin. -->","yoast_head_json":{"title":"Compromiso de control de emisiones al aire - Petronor","description":"Compromiso medioambiental de Petronor para el control de emisiones al aire en la refiner\u00eda que Petronor tiene en Muskiz.","robots":{"index":"index","follow":"follow","max-snippet":"max-snippet:-1","max-image-preview":"max-image-preview:large","max-video-preview":"max-video-preview:-1"},"canonical":"https:\/\/petronor.eus\/es\/nuestra-vision-de-la-sostenibilidad\/compromiso-con-el-medio-ambiente\/aire\/","og_locale":"es_ES","og_type":"article","og_title":"Compromiso de control de emisiones al aire - Petronor","og_description":"Compromiso medioambiental de Petronor para el control de emisiones al aire en la refiner\u00eda que Petronor tiene en Muskiz.","og_url":"https:\/\/petronor.eus\/es\/nuestra-vision-de-la-sostenibilidad\/compromiso-con-el-medio-ambiente\/aire\/","og_site_name":"Petronor","article_modified_time":"2017-10-09T07:16:12+00:00","og_image":[{"url":"https:\/\/petronor.eus\/wp-content\/uploads\/2014\/12\/gestion-del-aire.jpg","type":"","width":"","height":""}],"twitter_misc":{"Est. reading time":"3 minutes"},"schema":{"@context":"https:\/\/schema.org","@graph":[{"@type":"WebPage","@id":"https:\/\/petronor.eus\/es\/nuestra-vision-de-la-sostenibilidad\/compromiso-con-el-medio-ambiente\/aire\/","url":"https:\/\/petronor.eus\/es\/nuestra-vision-de-la-sostenibilidad\/compromiso-con-el-medio-ambiente\/aire\/","name":"Compromiso de control de emisiones al aire - Petronor","isPartOf":{"@id":"https:\/\/petronor.eus\/es\/#website"},"primaryImageOfPage":{"@id":"https:\/\/petronor.eus\/es\/nuestra-vision-de-la-sostenibilidad\/compromiso-con-el-medio-ambiente\/aire\/#primaryimage"},"image":{"@id":"https:\/\/petronor.eus\/es\/nuestra-vision-de-la-sostenibilidad\/compromiso-con-el-medio-ambiente\/aire\/#primaryimage"},"thumbnailUrl":"https:\/\/petronor.eus\/wp-content\/uploads\/2014\/12\/gestion-del-aire.jpg","datePublished":"2014-12-15T12:43:46+00:00","dateModified":"2017-10-09T07:16:12+00:00","description":"Compromiso medioambiental de Petronor para el control de emisiones al aire en la refiner\u00eda que Petronor tiene en Muskiz.","breadcrumb":{"@id":"https:\/\/petronor.eus\/es\/nuestra-vision-de-la-sostenibilidad\/compromiso-con-el-medio-ambiente\/aire\/#breadcrumb"},"inLanguage":"es-ES","potentialAction":[{"@type":"ReadAction","target":["https:\/\/petronor.eus\/es\/nuestra-vision-de-la-sostenibilidad\/compromiso-con-el-medio-ambiente\/aire\/"]}]},{"@type":"ImageObject","inLanguage":"es-ES","@id":"https:\/\/petronor.eus\/es\/nuestra-vision-de-la-sostenibilidad\/compromiso-con-el-medio-ambiente\/aire\/#primaryimage","url":"https:\/\/petronor.eus\/wp-content\/uploads\/2014\/12\/gestion-del-aire.jpg","contentUrl":"https:\/\/petronor.eus\/wp-content\/uploads\/2014\/12\/gestion-del-aire.jpg"},{"@type":"BreadcrumbList","@id":"https:\/\/petronor.eus\/es\/nuestra-vision-de-la-sostenibilidad\/compromiso-con-el-medio-ambiente\/aire\/#breadcrumb","itemListElement":[{"@type":"ListItem","position":1,"name":"Home","item":"https:\/\/petronor.eus\/es\/"},{"@type":"ListItem","position":2,"name":"NUESTRA VISI\u00d3N DE LA SOSTENIBILIDAD","item":"https:\/\/petronor.eus\/es\/nuestra-vision-de-la-sostenibilidad\/"},{"@type":"ListItem","position":3,"name":"COMPROMISO CON EL MEDIO AMBIENTE","item":"https:\/\/petronor.eus\/es\/nuestra-vision-de-la-sostenibilidad\/compromiso-con-el-medio-ambiente\/"},{"@type":"ListItem","position":4,"name":"AIRE"}]},{"@type":"WebSite","@id":"https:\/\/petronor.eus\/es\/#website","url":"https:\/\/petronor.eus\/es\/","name":"Petronor","description":"","potentialAction":[{"@type":"SearchAction","target":{"@type":"EntryPoint","urlTemplate":"https:\/\/petronor.eus\/es\/?s={search_term_string}"},"query-input":{"@type":"PropertyValueSpecification","valueRequired":true,"valueName":"search_term_string"}}],"inLanguage":"es-ES"}]}},"_links":{"self":[{"href":"https:\/\/petronor.eus\/es\/wp-json\/wp\/v2\/pages\/103","targetHints":{"allow":["GET"]}}],"collection":[{"href":"https:\/\/petronor.eus\/es\/wp-json\/wp\/v2\/pages"}],"about":[{"href":"https:\/\/petronor.eus\/es\/wp-json\/wp\/v2\/types\/page"}],"author":[{"embeddable":true,"href":"https:\/\/petronor.eus\/es\/wp-json\/wp\/v2\/users\/1"}],"replies":[{"embeddable":true,"href":"https:\/\/petronor.eus\/es\/wp-json\/wp\/v2\/comments?post=103"}],"version-history":[{"count":59,"href":"https:\/\/petronor.eus\/es\/wp-json\/wp\/v2\/pages\/103\/revisions"}],"predecessor-version":[{"id":40608,"href":"https:\/\/petronor.eus\/es\/wp-json\/wp\/v2\/pages\/103\/revisions\/40608"}],"up":[{"embeddable":true,"href":"https:\/\/petronor.eus\/es\/wp-json\/wp\/v2\/pages\/97"}],"wp:attachment":[{"href":"https:\/\/petronor.eus\/es\/wp-json\/wp\/v2\/media?parent=103"}],"curies":[{"name":"wp","href":"https:\/\/api.w.org\/{rel}","templated":true}]}}