{"id":105,"date":"2014-12-15T12:44:11","date_gmt":"2014-12-15T12:44:11","guid":{"rendered":"https:\/\/petronor.eus\/?page_id=105"},"modified":"2017-07-10T10:24:05","modified_gmt":"2017-07-10T08:24:05","slug":"oloresruido","status":"publish","type":"page","link":"https:\/\/petronor.eus\/es\/nuestra-vision-de-la-sostenibilidad\/compromiso-con-el-medio-ambiente\/oloresruido\/","title":{"rendered":"OLORES\/RUIDO"},"content":{"rendered":"<div class=\"row introBlock full-width-section primeraFila\">\r\n<div class=\"col-lg-2 col-md-3 col-xs-12 col-sm-12\">\r\n<ul class=\"subnav\">    <\/ul>\r\n<\/div>\r\n<div class=\"col-lg-10 col-md-9 col-xs-12 col-sm-12\">\r\n<img loading=\"lazy\" decoding=\"async\" src=\"https:\/\/petronor.eus\/wp-content\/uploads\/2014\/12\/depositos-refineria.jpg\" alt=\"Dep\u00f3sitos de la refiner\u00eda de Petronor\" width=\"700\" height=\"369\" class=\"alignright size-full wp-image-2660 img-medio-ambiente-tablet\" srcset=\"https:\/\/petronor.eus\/wp-content\/uploads\/2014\/12\/depositos-refineria.jpg 700w, https:\/\/petronor.eus\/wp-content\/uploads\/2014\/12\/depositos-refineria-600x316.jpg 600w\" sizes=\"(max-width: 700px) 100vw, 700px\" \/>\r\n<h2>GESTI\u00d3N DE OLORES Y RUIDO<\/h2>\r\n<p class=\"font18\" style=\"font-size: 18px!important;\">El Dise\u00f1o y Operaci\u00f3n de las Instalaciones siempre contempla aspectos relacionados con posibles impactos ambientales en el \u00e1rea de ruidos y olores. En este campo, la actuaci\u00f3n y el seguimiento debe ser permanente. Por <strong>ello la labor es continuada, analizando nuevos focos e interviniendo en su adecuaci\u00f3n<\/strong>.<\/p>\r\n<div class=\"separadorGris\"><\/div>\r\n<p>Los sistemas de cierre de los tanques con techo flotante son uno de los focos potenciales, por este motivo disponemos de un <strong>moderno parque de tanques<\/strong> adaptado a las soluciones t\u00e9cnicas m\u00e1s novedosas que ofrece el mercado, mediante el empleo de doble sello y mantenido mediante un riguroso programa de inspecci\u00f3n.<\/p>\r\n\r\n<p>El <strong>programa de vigilancia de focos<\/strong> de emisi\u00f3n difusa de COV\u2019s (Compuestos Org\u00e1nicos Vol\u00e1tiles) dispone de una serie de actividades para localizar y eliminar la emisi\u00f3n, como consecuencia de esta tarea se redefinen las especificaciones de los elementos que deben garantizar la estanqueidad de los equipos.<\/p>\r\n\r\n<p>Los sistemas de Depuraci\u00f3n de Aguas de Refiner\u00eda (DAR) son un foco de emisi\u00f3n de olores. Estamos interviniendo para minimizarlos mediante <strong>sistemas extractivos de desodorizaci\u00f3n primaria<\/strong> (previos al tratamiento de depuraci\u00f3n), de esta forma conseguimos que las sucesivas etapas de tratamiento (f\u00edsico-qu\u00edmica, biol\u00f3gica y de afinado terciario) no emitan olores.<\/p>\r\n<p>Petronor en todos sus equipos de producci\u00f3n, aplica las requisiciones t\u00e9cnicas m\u00e1s severas para evitar la emisi\u00f3n de ruido en el mismo elemento que lo puede generar.<\/p>\r\n\r\n<p>Utilizamos, como gu\u00eda en el dise\u00f1o de instalaciones, nuestro <strong>mapa de ruidos<\/strong> para modelizar la disposici\u00f3n de nuevos equipos y as\u00ed apantallar la emisi\u00f3n no contenida en el sistema de aislamiento ac\u00fastico de cada foco emisor.<\/p>\r\n\r\n<p>A ciertos equipos que en situaciones puntuales puedan emitir m\u00e1s ruido que en operaci\u00f3n ordinaria, se les incorpora sistemas mec\u00e1nicos; por ejemplo, la instalaci\u00f3n de silenciadores de las calderas de vapor de alta presi\u00f3n.<\/p>\r\n\r\n\r\n\r\n<\/div>\r\n<\/div>\r\n<div style=\"margin-bottom:30px ; height:1px; clear:both;\"><\/div>\r\n<div class=\"row tablaTurquesa\">\r\n<div class=\"col-lg-3 col-md-3 col-xs-12 col-sm-6\"><h3>C\u00d3MO<\/br>PROTEGEMOS<\/br>EL ENTORNO<\/h3>\r\n<\/div>\r\n\r\n<div class=\"col-lg-3 col-md-3 col-xs-12 col-sm-6\"><a href=\"\/es\/refineria\/compromisos\/medio-ambiente\/agua\/\" title=\"Ir al compromiso con el AGUA\"><div class=\"marginTopIcono\"><img loading=\"lazy\" decoding=\"async\" src=\"\/wp-content\/uploads\/2014\/12\/icono-mediambiente-1.png\" alt=\"icono-medio-ambiente-agua\" width=\"50\" height=\"51\" class=\"aligncenter size-full wp-image-1186\" \/><\/div><span>Compromiso con el<\/br> AGUA<\/span><\/a><\/div>\r\n<div class=\"col-lg-3 col-md-3 col-xs-12 col-sm-6\"><a href=\"\/es\/refineria\/compromisos\/medio-ambiente\/aire\/\" title=\"Ir a la gesti\u00f3n del AIRE\"><div class=\"marginTopIcono\"><img loading=\"lazy\" decoding=\"async\" src=\"\/wp-content\/uploads\/2014\/12\/icono-mediambiente-2.png\" alt=\"icono-medio-ambiente-aire\" width=\"50\" height=\"51\" class=\"aligncenter size-full wp-image-1200\" \/><\/div><span>Gesti\u00f3n del<\/br>AIRE<\/span><\/a><\/div>\r\n<div class=\"col-lg-3 col-md-3 col-xs-12 col-sm-6\"><div class=\"marginTopIcono\"><img loading=\"lazy\" decoding=\"async\" src=\"\/wp-content\/uploads\/2014\/12\/b_icono-mediambiente-3.png\" alt=\"icono-medio-ambiente-ruido\" width=\"50\" height=\"51\" class=\"aligncenter size-full wp-image-1201\" \/><\/div><span>Gesti\u00f3n de<\/br>OLORES Y RUIDO<\/span><\/div>\r\n<div class=\"col-lg-3 col-md-3 col-xs-12 col-sm-6 hidden-sm hidden-xs\">&nbsp;<\/div>\r\n<div class=\"col-lg-3 col-md-3 col-xs-12 col-sm-6\"><a href=\"\/es\/refineria\/compromisos\/medio-ambiente\/suelo\/\" title=\"Ir a la gesti\u00f3n de SUELOS\"><div class=\"marginTopIcono\"><img loading=\"lazy\" decoding=\"async\" src=\"\/wp-content\/uploads\/2014\/12\/icono-mediambiente-4.png\" alt=\"icono-medio-ambiente-suelo\" width=\"50\" height=\"51\" class=\"aligncenter size-full wp-image-1202\" \/><\/div><span>Gesti\u00f3n de los<\/br>SUELOS<\/span><\/a><\/div>\r\n<div class=\"col-lg-3 col-md-3 col-xs-12 col-sm-6\"><a href=\"\/es\/refineria\/compromisos\/medio-ambiente\/residuos\/\" title=\"Ir al tratamiento de RESIDUOS\"><div class=\"marginTopIcono\"><img loading=\"lazy\" decoding=\"async\" src=\"\/wp-content\/uploads\/2014\/12\/icono-mediambiente-5.png\" alt=\"icono-medio-ambiente-residuos\" width=\"50\" height=\"51\" class=\"aligncenter size-full wp-image-1203\" \/><\/div><span>Tratamiento de<\/br>RESIDUOS<\/span><\/a><\/div>\r\n<div class=\"col-lg-3 col-md-3 col-xs-12 col-sm-6\"><a href=\"\/es\/refineria\/compromisos\/medio-ambiente\/ahorro-de-energia\/\" title=\"Ir al ahorro ENERG\u00c9TICO\"><div class=\"marginTopIcono\"><img loading=\"lazy\" decoding=\"async\" src=\"\/wp-content\/uploads\/2014\/12\/icono-mediambiente-6.png\" alt=\"icono-medio-ambiente-energ\u00eda\" width=\"50\" height=\"51\" class=\"aligncenter size-full wp-image-1204\" \/><\/div><span>Ahorro<\/br>ENERG\u00c9TICO<\/span><\/a><\/div><\/div>","protected":false},"excerpt":{"rendered":"","protected":false},"author":1,"featured_media":0,"parent":97,"menu_order":3,"comment_status":"open","ping_status":"closed","template":"","meta":{"footnotes":""},"class_list":["post-105","page","type-page","status-publish","hentry"],"yoast_head":"<!-- This site is optimized with the Yoast SEO plugin v24.7 - https:\/\/yoast.com\/wordpress\/plugins\/seo\/ -->\n<title>Gesti\u00f3n de olores y ruidos - Petronor<\/title>\n<meta name=\"description\" content=\"Medidas medioambientales para la reducci\u00f3n y control de olores y ruidos en el complejo industrial de Petronor en Bizkaia.\" \/>\n<meta name=\"robots\" content=\"index, follow, max-snippet:-1, max-image-preview:large, max-video-preview:-1\" \/>\n<link rel=\"canonical\" href=\"https:\/\/petronor.eus\/es\/nuestra-vision-de-la-sostenibilidad\/compromiso-con-el-medio-ambiente\/oloresruido\/\" \/>\n<meta property=\"og:locale\" content=\"es_ES\" \/>\n<meta property=\"og:type\" content=\"article\" \/>\n<meta property=\"og:title\" content=\"Gesti\u00f3n de olores y ruidos - Petronor\" \/>\n<meta property=\"og:description\" content=\"Medidas medioambientales para la reducci\u00f3n y control de olores y ruidos en el complejo industrial de Petronor en Bizkaia.\" \/>\n<meta property=\"og:url\" content=\"https:\/\/petronor.eus\/es\/nuestra-vision-de-la-sostenibilidad\/compromiso-con-el-medio-ambiente\/oloresruido\/\" \/>\n<meta property=\"og:site_name\" content=\"Petronor\" \/>\n<meta property=\"article:modified_time\" content=\"2017-07-10T08:24:05+00:00\" \/>\n<meta property=\"og:image\" content=\"https:\/\/petronor.eus\/wp-content\/uploads\/2014\/12\/depositos-refineria.jpg\" \/>\n<meta name=\"twitter:label1\" content=\"Est. reading time\" \/>\n\t<meta name=\"twitter:data1\" content=\"2 minutes\" \/>\n<script type=\"application\/ld+json\" class=\"yoast-schema-graph\">{\"@context\":\"https:\/\/schema.org\",\"@graph\":[{\"@type\":\"WebPage\",\"@id\":\"https:\/\/petronor.eus\/es\/nuestra-vision-de-la-sostenibilidad\/compromiso-con-el-medio-ambiente\/oloresruido\/\",\"url\":\"https:\/\/petronor.eus\/es\/nuestra-vision-de-la-sostenibilidad\/compromiso-con-el-medio-ambiente\/oloresruido\/\",\"name\":\"Gesti\u00f3n de olores y ruidos - Petronor\",\"isPartOf\":{\"@id\":\"https:\/\/petronor.eus\/es\/#website\"},\"primaryImageOfPage\":{\"@id\":\"https:\/\/petronor.eus\/es\/nuestra-vision-de-la-sostenibilidad\/compromiso-con-el-medio-ambiente\/oloresruido\/#primaryimage\"},\"image\":{\"@id\":\"https:\/\/petronor.eus\/es\/nuestra-vision-de-la-sostenibilidad\/compromiso-con-el-medio-ambiente\/oloresruido\/#primaryimage\"},\"thumbnailUrl\":\"https:\/\/petronor.eus\/wp-content\/uploads\/2014\/12\/depositos-refineria.jpg\",\"datePublished\":\"2014-12-15T12:44:11+00:00\",\"dateModified\":\"2017-07-10T08:24:05+00:00\",\"description\":\"Medidas medioambientales para la reducci\u00f3n y control de olores y ruidos en el complejo industrial de Petronor en Bizkaia.\",\"breadcrumb\":{\"@id\":\"https:\/\/petronor.eus\/es\/nuestra-vision-de-la-sostenibilidad\/compromiso-con-el-medio-ambiente\/oloresruido\/#breadcrumb\"},\"inLanguage\":\"es-ES\",\"potentialAction\":[{\"@type\":\"ReadAction\",\"target\":[\"https:\/\/petronor.eus\/es\/nuestra-vision-de-la-sostenibilidad\/compromiso-con-el-medio-ambiente\/oloresruido\/\"]}]},{\"@type\":\"ImageObject\",\"inLanguage\":\"es-ES\",\"@id\":\"https:\/\/petronor.eus\/es\/nuestra-vision-de-la-sostenibilidad\/compromiso-con-el-medio-ambiente\/oloresruido\/#primaryimage\",\"url\":\"https:\/\/petronor.eus\/wp-content\/uploads\/2014\/12\/depositos-refineria.jpg\",\"contentUrl\":\"https:\/\/petronor.eus\/wp-content\/uploads\/2014\/12\/depositos-refineria.jpg\"},{\"@type\":\"BreadcrumbList\",\"@id\":\"https:\/\/petronor.eus\/es\/nuestra-vision-de-la-sostenibilidad\/compromiso-con-el-medio-ambiente\/oloresruido\/#breadcrumb\",\"itemListElement\":[{\"@type\":\"ListItem\",\"position\":1,\"name\":\"Home\",\"item\":\"https:\/\/petronor.eus\/es\/\"},{\"@type\":\"ListItem\",\"position\":2,\"name\":\"NUESTRA VISI\u00d3N DE LA SOSTENIBILIDAD\",\"item\":\"https:\/\/petronor.eus\/es\/nuestra-vision-de-la-sostenibilidad\/\"},{\"@type\":\"ListItem\",\"position\":3,\"name\":\"COMPROMISO CON EL MEDIO AMBIENTE\",\"item\":\"https:\/\/petronor.eus\/es\/nuestra-vision-de-la-sostenibilidad\/compromiso-con-el-medio-ambiente\/\"},{\"@type\":\"ListItem\",\"position\":4,\"name\":\"OLORES\/RUIDO\"}]},{\"@type\":\"WebSite\",\"@id\":\"https:\/\/petronor.eus\/es\/#website\",\"url\":\"https:\/\/petronor.eus\/es\/\",\"name\":\"Petronor\",\"description\":\"\",\"potentialAction\":[{\"@type\":\"SearchAction\",\"target\":{\"@type\":\"EntryPoint\",\"urlTemplate\":\"https:\/\/petronor.eus\/es\/?s={search_term_string}\"},\"query-input\":{\"@type\":\"PropertyValueSpecification\",\"valueRequired\":true,\"valueName\":\"search_term_string\"}}],\"inLanguage\":\"es-ES\"}]}<\/script>\n<!-- \/ Yoast SEO plugin. -->","yoast_head_json":{"title":"Gesti\u00f3n de olores y ruidos - Petronor","description":"Medidas medioambientales para la reducci\u00f3n y control de olores y ruidos en el complejo industrial de Petronor en Bizkaia.","robots":{"index":"index","follow":"follow","max-snippet":"max-snippet:-1","max-image-preview":"max-image-preview:large","max-video-preview":"max-video-preview:-1"},"canonical":"https:\/\/petronor.eus\/es\/nuestra-vision-de-la-sostenibilidad\/compromiso-con-el-medio-ambiente\/oloresruido\/","og_locale":"es_ES","og_type":"article","og_title":"Gesti\u00f3n de olores y ruidos - Petronor","og_description":"Medidas medioambientales para la reducci\u00f3n y control de olores y ruidos en el complejo industrial de Petronor en Bizkaia.","og_url":"https:\/\/petronor.eus\/es\/nuestra-vision-de-la-sostenibilidad\/compromiso-con-el-medio-ambiente\/oloresruido\/","og_site_name":"Petronor","article_modified_time":"2017-07-10T08:24:05+00:00","og_image":[{"url":"https:\/\/petronor.eus\/wp-content\/uploads\/2014\/12\/depositos-refineria.jpg","type":"","width":"","height":""}],"twitter_misc":{"Est. reading time":"2 minutes"},"schema":{"@context":"https:\/\/schema.org","@graph":[{"@type":"WebPage","@id":"https:\/\/petronor.eus\/es\/nuestra-vision-de-la-sostenibilidad\/compromiso-con-el-medio-ambiente\/oloresruido\/","url":"https:\/\/petronor.eus\/es\/nuestra-vision-de-la-sostenibilidad\/compromiso-con-el-medio-ambiente\/oloresruido\/","name":"Gesti\u00f3n de olores y ruidos - Petronor","isPartOf":{"@id":"https:\/\/petronor.eus\/es\/#website"},"primaryImageOfPage":{"@id":"https:\/\/petronor.eus\/es\/nuestra-vision-de-la-sostenibilidad\/compromiso-con-el-medio-ambiente\/oloresruido\/#primaryimage"},"image":{"@id":"https:\/\/petronor.eus\/es\/nuestra-vision-de-la-sostenibilidad\/compromiso-con-el-medio-ambiente\/oloresruido\/#primaryimage"},"thumbnailUrl":"https:\/\/petronor.eus\/wp-content\/uploads\/2014\/12\/depositos-refineria.jpg","datePublished":"2014-12-15T12:44:11+00:00","dateModified":"2017-07-10T08:24:05+00:00","description":"Medidas medioambientales para la reducci\u00f3n y control de olores y ruidos en el complejo industrial de Petronor en Bizkaia.","breadcrumb":{"@id":"https:\/\/petronor.eus\/es\/nuestra-vision-de-la-sostenibilidad\/compromiso-con-el-medio-ambiente\/oloresruido\/#breadcrumb"},"inLanguage":"es-ES","potentialAction":[{"@type":"ReadAction","target":["https:\/\/petronor.eus\/es\/nuestra-vision-de-la-sostenibilidad\/compromiso-con-el-medio-ambiente\/oloresruido\/"]}]},{"@type":"ImageObject","inLanguage":"es-ES","@id":"https:\/\/petronor.eus\/es\/nuestra-vision-de-la-sostenibilidad\/compromiso-con-el-medio-ambiente\/oloresruido\/#primaryimage","url":"https:\/\/petronor.eus\/wp-content\/uploads\/2014\/12\/depositos-refineria.jpg","contentUrl":"https:\/\/petronor.eus\/wp-content\/uploads\/2014\/12\/depositos-refineria.jpg"},{"@type":"BreadcrumbList","@id":"https:\/\/petronor.eus\/es\/nuestra-vision-de-la-sostenibilidad\/compromiso-con-el-medio-ambiente\/oloresruido\/#breadcrumb","itemListElement":[{"@type":"ListItem","position":1,"name":"Home","item":"https:\/\/petronor.eus\/es\/"},{"@type":"ListItem","position":2,"name":"NUESTRA VISI\u00d3N DE LA SOSTENIBILIDAD","item":"https:\/\/petronor.eus\/es\/nuestra-vision-de-la-sostenibilidad\/"},{"@type":"ListItem","position":3,"name":"COMPROMISO CON EL MEDIO AMBIENTE","item":"https:\/\/petronor.eus\/es\/nuestra-vision-de-la-sostenibilidad\/compromiso-con-el-medio-ambiente\/"},{"@type":"ListItem","position":4,"name":"OLORES\/RUIDO"}]},{"@type":"WebSite","@id":"https:\/\/petronor.eus\/es\/#website","url":"https:\/\/petronor.eus\/es\/","name":"Petronor","description":"","potentialAction":[{"@type":"SearchAction","target":{"@type":"EntryPoint","urlTemplate":"https:\/\/petronor.eus\/es\/?s={search_term_string}"},"query-input":{"@type":"PropertyValueSpecification","valueRequired":true,"valueName":"search_term_string"}}],"inLanguage":"es-ES"}]}},"_links":{"self":[{"href":"https:\/\/petronor.eus\/es\/wp-json\/wp\/v2\/pages\/105","targetHints":{"allow":["GET"]}}],"collection":[{"href":"https:\/\/petronor.eus\/es\/wp-json\/wp\/v2\/pages"}],"about":[{"href":"https:\/\/petronor.eus\/es\/wp-json\/wp\/v2\/types\/page"}],"author":[{"embeddable":true,"href":"https:\/\/petronor.eus\/es\/wp-json\/wp\/v2\/users\/1"}],"replies":[{"embeddable":true,"href":"https:\/\/petronor.eus\/es\/wp-json\/wp\/v2\/comments?post=105"}],"version-history":[{"count":23,"href":"https:\/\/petronor.eus\/es\/wp-json\/wp\/v2\/pages\/105\/revisions"}],"predecessor-version":[{"id":39630,"href":"https:\/\/petronor.eus\/es\/wp-json\/wp\/v2\/pages\/105\/revisions\/39630"}],"up":[{"embeddable":true,"href":"https:\/\/petronor.eus\/es\/wp-json\/wp\/v2\/pages\/97"}],"wp:attachment":[{"href":"https:\/\/petronor.eus\/es\/wp-json\/wp\/v2\/media?parent=105"}],"curies":[{"name":"wp","href":"https:\/\/api.w.org\/{rel}","templated":true}]}}