{"id":107,"date":"2014-12-15T12:44:31","date_gmt":"2014-12-15T12:44:31","guid":{"rendered":"https:\/\/petronor.eus\/?page_id=107"},"modified":"2017-10-09T09:08:34","modified_gmt":"2017-10-09T07:08:34","slug":"suelo","status":"publish","type":"page","link":"https:\/\/petronor.eus\/es\/nuestra-vision-de-la-sostenibilidad\/compromiso-con-el-medio-ambiente\/suelo\/","title":{"rendered":"SUELO"},"content":{"rendered":"<div class=\"row introBlock full-width-section primeraFila\">\r\n<div class=\"col-lg-2 col-md-3 col-xs-12 col-sm-12\">\r\n<ul class=\"subnav\">    <\/ul>\r\n<\/div>\r\n<div class=\"col-lg-10 col-md-9 col-xs-12 col-sm-12\">\r\n<img loading=\"lazy\" decoding=\"async\" class=\"alignright size-full wp-image-2656 img-medio-ambiente-tablet\" src=\"https:\/\/petronor.eus\/wp-content\/uploads\/2014\/12\/vista-aerea-refineria-petronor.jpg\" alt=\"Vista a\u00e9rea del complejo industrial Petronor\" width=\"700\" height=\"369\" srcset=\"https:\/\/petronor.eus\/wp-content\/uploads\/2014\/12\/vista-aerea-refineria-petronor.jpg 700w, https:\/\/petronor.eus\/wp-content\/uploads\/2014\/12\/vista-aerea-refineria-petronor-600x316.jpg 600w\" sizes=\"(max-width: 700px) 100vw, 700px\" \/>\r\n<h2>GESTI\u00d3N DE LOS SUELOS<\/h2>\r\n<p class=\"font18\" style=\"font-size: 18px!important;\">El espacio f\u00edsico que ocupan las instalaciones de Petronor requiere ser tratado respetando su calidad ambiental.<\/p>\r\n\r\n<div class=\"separadorGris\"><\/div>\r\n<p>Nuestro compromiso, en primer lugar, es <strong>evitar que las instalaciones industriales afecten o alteren las condiciones naturales del suelo<\/strong>; por esta raz\u00f3n el tratamiento previo de impermeabilizaci\u00f3n se elabora cuidadosamente antes de instalar nuevos elementos productivos.<\/p>\r\n<p>La <strong>monitorizaci\u00f3n que realizamos en el suelo<\/strong>, mediante una extensa red de control de piez\u00f3metros y el detallado conocimiento del suelo nos permite vigilar la evoluci\u00f3n del mismo asegurando su adecuado estado a los est\u00e1ndares de uso.<\/p>\r\n<p>Estas acciones se rigen por las Normas que las Instituciones competentes exigen, asegurando la minimizaci\u00f3n y el control de de los posibles impactos.<\/p>\r\n\r\n<\/div>\r\n<\/div>\r\n<div style=\"margin-bottom:30px ; height:1px; clear:both;\"><\/div>\r\n\r\n<div class=\"row tablaTurquesa\">\r\n<div class=\"col-lg-3 col-md-3 col-xs-12 col-sm-6\">\r\n<h3>C\u00d3MO PROTEGEMOS EL ENTORNO<\/h3>\r\n<\/div>\r\n\r\n<div class=\"col-lg-3 col-md-3 col-xs-12 col-sm-6\">\r\n<a href=\"\/es\/refineria\/compromisos\/medio-ambiente\/agua\/\" title=\"Ir a Compromiso con el AGUA\">\r\n<div class=\"marginTopIcono\"><img loading=\"lazy\" decoding=\"async\" class=\"aligncenter size-full wp-image-1186\" src=\"\/wp-content\/uploads\/2014\/12\/icono-mediambiente-1.png\" alt=\"icono-medio-ambiente-agua\" width=\"50\" height=\"51\" \/><\/div>\r\n<span>Compromiso con el<br\/>AGUA<\/span><\/a>\r\n<\/div>\r\n\r\n<div class=\"col-lg-3 col-md-3 col-xs-12 col-sm-6\">\r\n<a href=\"\/es\/refineria\/compromisos\/medio-ambiente\/aire\/\" title=\"Ir a Gesti\u00f3n del AIRE\">\r\n<div class=\"marginTopIcono\"><img loading=\"lazy\" decoding=\"async\" class=\"aligncenter size-full wp-image-1200\" src=\"\/wp-content\/uploads\/2014\/12\/icono-mediambiente-2.png\" alt=\"ingurumen-ikurra\" width=\"50\" height=\"51\" \/><\/div>\r\n<span>Gesti\u00f3n del<br\/>\r\nAIRE<\/span><\/a>\r\n<\/div>\r\n\r\n<div class=\"col-lg-3 col-md-3 col-xs-12 col-sm-6\">\r\n<a href=\"\/es\/refineria\/compromisos\/medio-ambiente\/oloresruido\/\" title=\"Ir a Gesti\u00f3n de OLORES Y RUIDO \">\r\n<div class=\"marginTopIcono\"><img loading=\"lazy\" decoding=\"async\" class=\"aligncenter size-full wp-image-1201\" src=\"\/wp-content\/uploads\/2014\/12\/icono-mediambiente-3.png\" alt=\"ingurumena-zarata-ikurra\" width=\"50\" height=\"51\" \/><\/div>\r\n<span>Gesti\u00f3n de<br\/>\r\nOLORES Y RUIDO<\/span><\/a>\r\n<\/div>\r\n\r\n<div class=\"col-lg-3 col-md-3 col-xs-12 col-sm-6 hidden-sm hidden-xs\"> <\/div>\r\n<div class=\"col-lg-3 col-md-3 col-xs-12 col-sm-6\">\r\n<a href=\"\/es\/refineria\/compromisos\/medio-ambiente\/suelo\/\" title=\"Ir a Gesti\u00f3n de los SUELOS\">\r\n<div class=\"marginTopIcono\"><img loading=\"lazy\" decoding=\"async\" class=\"aligncenter size-full wp-image-1202\" src=\"\/wp-content\/uploads\/2014\/12\/b_icono-mediambiente-4.png\" alt=\"ingumena-lurzorua-ikurra\" width=\"50\" height=\"51\" \/><\/div>\r\n<span>Gesti\u00f3n de los<br\/>\r\nSUELOS<\/span><\/a>\r\n<\/div>\r\n\r\n<div class=\"col-lg-3 col-md-3 col-xs-12 col-sm-6\">\r\n<a href=\"\/es\/refineria\/compromisos\/medio-ambiente\/residuos\/\" title=\"Ir a Tratamiento de RESIDUOS\">\r\n<div class=\"marginTopIcono\"><img loading=\"lazy\" decoding=\"async\" class=\"aligncenter size-full wp-image-1203\" src=\"\/wp-content\/uploads\/2014\/12\/icono-mediambiente-5.png\" alt=\"ingurumen-hondakinak-ikurra\" width=\"50\" height=\"51\" \/><\/div>\r\n<span>Tratamiento de<br\/>\r\nRESIDUOS<\/span><\/a>\r\n\r\n<\/div>\r\n<div class=\"col-lg-3 col-md-3 col-xs-12 col-sm-6\">\r\n<a href=\"\/es\/refineria\/compromisos\/medio-ambiente\/ahorro-de-energia\/\" title=\"Ir a Ahorro ENERG\u00c9TICO\">\r\n<div class=\"marginTopIcono\"><img loading=\"lazy\" decoding=\"async\" class=\"aligncenter size-full wp-image-1204\" src=\"\/wp-content\/uploads\/2014\/12\/icono-mediambiente-6.png\" alt=\"ingumen-ikurra-energia\" width=\"50\" height=\"51\" \/><\/div>\r\n<span>Ahorro<br\/>\r\nENERG\u00c9TICO<\/span><\/a>\r\n\r\n<\/div><\/div>","protected":false},"excerpt":{"rendered":"","protected":false},"author":1,"featured_media":0,"parent":97,"menu_order":4,"comment_status":"open","ping_status":"closed","template":"","meta":{"footnotes":""},"class_list":["post-107","page","type-page","status-publish","hentry"],"yoast_head":"<!-- This site is optimized with the Yoast SEO plugin v24.7 - https:\/\/yoast.com\/wordpress\/plugins\/seo\/ -->\n<title>Gesti\u00f3n del suelo de la refiner\u00eda - Petronor<\/title>\n<meta name=\"description\" content=\"Tratamiento y actuaci\u00f3n de cada suelo del complejo industrial de Petronor en Bizkaia para mantener su calidad ambiental.\" \/>\n<meta name=\"robots\" content=\"index, follow, max-snippet:-1, max-image-preview:large, max-video-preview:-1\" \/>\n<link rel=\"canonical\" href=\"https:\/\/petronor.eus\/es\/nuestra-vision-de-la-sostenibilidad\/compromiso-con-el-medio-ambiente\/suelo\/\" \/>\n<meta property=\"og:locale\" content=\"es_ES\" \/>\n<meta property=\"og:type\" content=\"article\" \/>\n<meta property=\"og:title\" content=\"Gesti\u00f3n del suelo de la refiner\u00eda - Petronor\" \/>\n<meta property=\"og:description\" content=\"Tratamiento y actuaci\u00f3n de cada suelo del complejo industrial de Petronor en Bizkaia para mantener su calidad ambiental.\" \/>\n<meta property=\"og:url\" content=\"https:\/\/petronor.eus\/es\/nuestra-vision-de-la-sostenibilidad\/compromiso-con-el-medio-ambiente\/suelo\/\" \/>\n<meta property=\"og:site_name\" content=\"Petronor\" \/>\n<meta property=\"article:modified_time\" content=\"2017-10-09T07:08:34+00:00\" \/>\n<meta property=\"og:image\" content=\"https:\/\/petronor.eus\/wp-content\/uploads\/2014\/12\/vista-aerea-refineria-petronor.jpg\" \/>\n<meta name=\"twitter:label1\" content=\"Est. reading time\" \/>\n\t<meta name=\"twitter:data1\" content=\"1 minute\" \/>\n<script type=\"application\/ld+json\" class=\"yoast-schema-graph\">{\"@context\":\"https:\/\/schema.org\",\"@graph\":[{\"@type\":\"WebPage\",\"@id\":\"https:\/\/petronor.eus\/es\/nuestra-vision-de-la-sostenibilidad\/compromiso-con-el-medio-ambiente\/suelo\/\",\"url\":\"https:\/\/petronor.eus\/es\/nuestra-vision-de-la-sostenibilidad\/compromiso-con-el-medio-ambiente\/suelo\/\",\"name\":\"Gesti\u00f3n del suelo de la refiner\u00eda - Petronor\",\"isPartOf\":{\"@id\":\"https:\/\/petronor.eus\/es\/#website\"},\"primaryImageOfPage\":{\"@id\":\"https:\/\/petronor.eus\/es\/nuestra-vision-de-la-sostenibilidad\/compromiso-con-el-medio-ambiente\/suelo\/#primaryimage\"},\"image\":{\"@id\":\"https:\/\/petronor.eus\/es\/nuestra-vision-de-la-sostenibilidad\/compromiso-con-el-medio-ambiente\/suelo\/#primaryimage\"},\"thumbnailUrl\":\"https:\/\/petronor.eus\/wp-content\/uploads\/2014\/12\/vista-aerea-refineria-petronor.jpg\",\"datePublished\":\"2014-12-15T12:44:31+00:00\",\"dateModified\":\"2017-10-09T07:08:34+00:00\",\"description\":\"Tratamiento y actuaci\u00f3n de cada suelo del complejo industrial de Petronor en Bizkaia para mantener su calidad ambiental.\",\"breadcrumb\":{\"@id\":\"https:\/\/petronor.eus\/es\/nuestra-vision-de-la-sostenibilidad\/compromiso-con-el-medio-ambiente\/suelo\/#breadcrumb\"},\"inLanguage\":\"es-ES\",\"potentialAction\":[{\"@type\":\"ReadAction\",\"target\":[\"https:\/\/petronor.eus\/es\/nuestra-vision-de-la-sostenibilidad\/compromiso-con-el-medio-ambiente\/suelo\/\"]}]},{\"@type\":\"ImageObject\",\"inLanguage\":\"es-ES\",\"@id\":\"https:\/\/petronor.eus\/es\/nuestra-vision-de-la-sostenibilidad\/compromiso-con-el-medio-ambiente\/suelo\/#primaryimage\",\"url\":\"https:\/\/petronor.eus\/wp-content\/uploads\/2014\/12\/vista-aerea-refineria-petronor.jpg\",\"contentUrl\":\"https:\/\/petronor.eus\/wp-content\/uploads\/2014\/12\/vista-aerea-refineria-petronor.jpg\"},{\"@type\":\"BreadcrumbList\",\"@id\":\"https:\/\/petronor.eus\/es\/nuestra-vision-de-la-sostenibilidad\/compromiso-con-el-medio-ambiente\/suelo\/#breadcrumb\",\"itemListElement\":[{\"@type\":\"ListItem\",\"position\":1,\"name\":\"Home\",\"item\":\"https:\/\/petronor.eus\/es\/\"},{\"@type\":\"ListItem\",\"position\":2,\"name\":\"NUESTRA VISI\u00d3N DE LA SOSTENIBILIDAD\",\"item\":\"https:\/\/petronor.eus\/es\/nuestra-vision-de-la-sostenibilidad\/\"},{\"@type\":\"ListItem\",\"position\":3,\"name\":\"COMPROMISO CON EL MEDIO AMBIENTE\",\"item\":\"https:\/\/petronor.eus\/es\/nuestra-vision-de-la-sostenibilidad\/compromiso-con-el-medio-ambiente\/\"},{\"@type\":\"ListItem\",\"position\":4,\"name\":\"SUELO\"}]},{\"@type\":\"WebSite\",\"@id\":\"https:\/\/petronor.eus\/es\/#website\",\"url\":\"https:\/\/petronor.eus\/es\/\",\"name\":\"Petronor\",\"description\":\"\",\"potentialAction\":[{\"@type\":\"SearchAction\",\"target\":{\"@type\":\"EntryPoint\",\"urlTemplate\":\"https:\/\/petronor.eus\/es\/?s={search_term_string}\"},\"query-input\":{\"@type\":\"PropertyValueSpecification\",\"valueRequired\":true,\"valueName\":\"search_term_string\"}}],\"inLanguage\":\"es-ES\"}]}<\/script>\n<!-- \/ Yoast SEO plugin. -->","yoast_head_json":{"title":"Gesti\u00f3n del suelo de la refiner\u00eda - Petronor","description":"Tratamiento y actuaci\u00f3n de cada suelo del complejo industrial de Petronor en Bizkaia para mantener su calidad ambiental.","robots":{"index":"index","follow":"follow","max-snippet":"max-snippet:-1","max-image-preview":"max-image-preview:large","max-video-preview":"max-video-preview:-1"},"canonical":"https:\/\/petronor.eus\/es\/nuestra-vision-de-la-sostenibilidad\/compromiso-con-el-medio-ambiente\/suelo\/","og_locale":"es_ES","og_type":"article","og_title":"Gesti\u00f3n del suelo de la refiner\u00eda - Petronor","og_description":"Tratamiento y actuaci\u00f3n de cada suelo del complejo industrial de Petronor en Bizkaia para mantener su calidad ambiental.","og_url":"https:\/\/petronor.eus\/es\/nuestra-vision-de-la-sostenibilidad\/compromiso-con-el-medio-ambiente\/suelo\/","og_site_name":"Petronor","article_modified_time":"2017-10-09T07:08:34+00:00","og_image":[{"url":"https:\/\/petronor.eus\/wp-content\/uploads\/2014\/12\/vista-aerea-refineria-petronor.jpg","type":"","width":"","height":""}],"twitter_misc":{"Est. reading time":"1 minute"},"schema":{"@context":"https:\/\/schema.org","@graph":[{"@type":"WebPage","@id":"https:\/\/petronor.eus\/es\/nuestra-vision-de-la-sostenibilidad\/compromiso-con-el-medio-ambiente\/suelo\/","url":"https:\/\/petronor.eus\/es\/nuestra-vision-de-la-sostenibilidad\/compromiso-con-el-medio-ambiente\/suelo\/","name":"Gesti\u00f3n del suelo de la refiner\u00eda - Petronor","isPartOf":{"@id":"https:\/\/petronor.eus\/es\/#website"},"primaryImageOfPage":{"@id":"https:\/\/petronor.eus\/es\/nuestra-vision-de-la-sostenibilidad\/compromiso-con-el-medio-ambiente\/suelo\/#primaryimage"},"image":{"@id":"https:\/\/petronor.eus\/es\/nuestra-vision-de-la-sostenibilidad\/compromiso-con-el-medio-ambiente\/suelo\/#primaryimage"},"thumbnailUrl":"https:\/\/petronor.eus\/wp-content\/uploads\/2014\/12\/vista-aerea-refineria-petronor.jpg","datePublished":"2014-12-15T12:44:31+00:00","dateModified":"2017-10-09T07:08:34+00:00","description":"Tratamiento y actuaci\u00f3n de cada suelo del complejo industrial de Petronor en Bizkaia para mantener su calidad ambiental.","breadcrumb":{"@id":"https:\/\/petronor.eus\/es\/nuestra-vision-de-la-sostenibilidad\/compromiso-con-el-medio-ambiente\/suelo\/#breadcrumb"},"inLanguage":"es-ES","potentialAction":[{"@type":"ReadAction","target":["https:\/\/petronor.eus\/es\/nuestra-vision-de-la-sostenibilidad\/compromiso-con-el-medio-ambiente\/suelo\/"]}]},{"@type":"ImageObject","inLanguage":"es-ES","@id":"https:\/\/petronor.eus\/es\/nuestra-vision-de-la-sostenibilidad\/compromiso-con-el-medio-ambiente\/suelo\/#primaryimage","url":"https:\/\/petronor.eus\/wp-content\/uploads\/2014\/12\/vista-aerea-refineria-petronor.jpg","contentUrl":"https:\/\/petronor.eus\/wp-content\/uploads\/2014\/12\/vista-aerea-refineria-petronor.jpg"},{"@type":"BreadcrumbList","@id":"https:\/\/petronor.eus\/es\/nuestra-vision-de-la-sostenibilidad\/compromiso-con-el-medio-ambiente\/suelo\/#breadcrumb","itemListElement":[{"@type":"ListItem","position":1,"name":"Home","item":"https:\/\/petronor.eus\/es\/"},{"@type":"ListItem","position":2,"name":"NUESTRA VISI\u00d3N DE LA SOSTENIBILIDAD","item":"https:\/\/petronor.eus\/es\/nuestra-vision-de-la-sostenibilidad\/"},{"@type":"ListItem","position":3,"name":"COMPROMISO CON EL MEDIO AMBIENTE","item":"https:\/\/petronor.eus\/es\/nuestra-vision-de-la-sostenibilidad\/compromiso-con-el-medio-ambiente\/"},{"@type":"ListItem","position":4,"name":"SUELO"}]},{"@type":"WebSite","@id":"https:\/\/petronor.eus\/es\/#website","url":"https:\/\/petronor.eus\/es\/","name":"Petronor","description":"","potentialAction":[{"@type":"SearchAction","target":{"@type":"EntryPoint","urlTemplate":"https:\/\/petronor.eus\/es\/?s={search_term_string}"},"query-input":{"@type":"PropertyValueSpecification","valueRequired":true,"valueName":"search_term_string"}}],"inLanguage":"es-ES"}]}},"_links":{"self":[{"href":"https:\/\/petronor.eus\/es\/wp-json\/wp\/v2\/pages\/107","targetHints":{"allow":["GET"]}}],"collection":[{"href":"https:\/\/petronor.eus\/es\/wp-json\/wp\/v2\/pages"}],"about":[{"href":"https:\/\/petronor.eus\/es\/wp-json\/wp\/v2\/types\/page"}],"author":[{"embeddable":true,"href":"https:\/\/petronor.eus\/es\/wp-json\/wp\/v2\/users\/1"}],"replies":[{"embeddable":true,"href":"https:\/\/petronor.eus\/es\/wp-json\/wp\/v2\/comments?post=107"}],"version-history":[{"count":24,"href":"https:\/\/petronor.eus\/es\/wp-json\/wp\/v2\/pages\/107\/revisions"}],"predecessor-version":[{"id":40602,"href":"https:\/\/petronor.eus\/es\/wp-json\/wp\/v2\/pages\/107\/revisions\/40602"}],"up":[{"embeddable":true,"href":"https:\/\/petronor.eus\/es\/wp-json\/wp\/v2\/pages\/97"}],"wp:attachment":[{"href":"https:\/\/petronor.eus\/es\/wp-json\/wp\/v2\/media?parent=107"}],"curies":[{"name":"wp","href":"https:\/\/api.w.org\/{rel}","templated":true}]}}