{"id":109,"date":"2014-12-15T12:45:00","date_gmt":"2014-12-15T12:45:00","guid":{"rendered":"https:\/\/petronor.eus\/?page_id=109"},"modified":"2017-10-09T09:10:12","modified_gmt":"2017-10-09T07:10:12","slug":"residuos","status":"publish","type":"page","link":"https:\/\/petronor.eus\/es\/nuestra-vision-de-la-sostenibilidad\/compromiso-con-el-medio-ambiente\/residuos\/","title":{"rendered":"RESIDUOS"},"content":{"rendered":"<div class=\"row introBlock full-width-section primeraFila\">\r\n<div class=\"col-lg-2 col-md-2 col-xs-12 col-sm-6\">\r\n<ul class=\"subnav\">    <\/ul>\r\n<\/div>\r\n<div class=\"col-lg-3 col-md-3 col-xs-12 col-sm-6\">\r\n<h2>TRATAMIENTO DE RESIDUOS<\/h2>\r\n<p class=\"font18\" style=\"font-size: 18px!important;\">La producci\u00f3n de residuos es una consecuencia de la actividad industrial. Petronor apuesta por una <strong>gesti\u00f3n integral<\/strong> y la entiende como el conjunto de actividades que abarcan desde la generaci\u00f3n hasta el tratamiento final de los mismos.<\/p>\r\n\r\n<div class=\"separadorGris\"><\/div>\r\n<p>Desde Petronor se siguen los principios esenciales de la gesti\u00f3n de residuos:<\/p>\r\n\r\n<div class=\"panel-group \" id=\"oscitas-accordion-0\">        <div class=\"panel panel-default\">\n            <div class=\"panel-heading\">\n              <h4 class=\"panel-title\">\n                <a class=\"accordion-toggle\" data-toggle=\"collapse\"\n                data-parent=\"#oscitas-accordion-0\"\n                href=\"#details-0-0\">\n                MINIMIZACI\u00d3N\n                <\/a>\n              <\/h4>\n            <\/div>\n            <div id=\"details-0-0\" class=\"panel-collapse collapse \">\n              <div class=\"panel-body\">Se procura reducir a trav\u00e9s del control de todas las variables de fabricaci\u00f3n, evitando el desecho de productos no utilizados.<\/div>\n            <\/div>\n        <\/div>        <div class=\"panel panel-default\">\n            <div class=\"panel-heading\">\n              <h4 class=\"panel-title\">\n                <a class=\"accordion-toggle\" data-toggle=\"collapse\"\n                data-parent=\"#oscitas-accordion-0\"\n                href=\"#details-0-1\">\n                REUTILIZACI\u00d3N\n                <\/a>\n              <\/h4>\n            <\/div>\n            <div id=\"details-0-1\" class=\"panel-collapse collapse \">\n              <div class=\"panel-body\">En la medida que los residuos puedan tener una segunda aplicaci\u00f3n en los distintos procesos de fabricaci\u00f3n incluso aplicando procesos de regeneraci\u00f3n, principalmente en los catalizadores, para poder ser reutilizados con total eficacia en sucesivos ciclos operativos.<\/div>\n            <\/div>\n        <\/div>        <div class=\"panel panel-default\">\n            <div class=\"panel-heading\">\n              <h4 class=\"panel-title\">\n                <a class=\"accordion-toggle\" data-toggle=\"collapse\"\n                data-parent=\"#oscitas-accordion-0\"\n                href=\"#details-0-2\">\n                VALORIZACI\u00d3N\n                <\/a>\n              <\/h4>\n            <\/div>\n            <div id=\"details-0-2\" class=\"panel-collapse collapse \">\n              <div class=\"panel-body\">Terminado el ciclo \u00fatil y sin posiblilidad de ser regenerado el residuo, se procede, por empresas autorizadas, a la obtenci\u00f3n de otros productos v\u00e1lidos para el uso industrial o en su caso en la valorizaci\u00f3n energ\u00e9tica t\u00e9rmica.<\/div>\n            <\/div>\n        <\/div>        <div class=\"panel panel-default\">\n            <div class=\"panel-heading\">\n              <h4 class=\"panel-title\">\n                <a class=\"accordion-toggle\" data-toggle=\"collapse\"\n                data-parent=\"#oscitas-accordion-0\"\n                href=\"#details-0-3\">\n                ELIMINACI\u00d3N\n                <\/a>\n              <\/h4>\n            <\/div>\n            <div id=\"details-0-3\" class=\"panel-collapse collapse \">\n              <div class=\"panel-body\">Este es el \u00faltimo tratamiento al que se recurre cuando los anteriores no son posibles desde el punto de vista t\u00e9cnico. Habitualmente consiste en el dep\u00f3sito en vertedero propiedad de un gestor autorizado por la Administraci\u00f3n.<\/div>\n            <\/div>\n        <\/div><\/div>\r\n<\/div>\r\n<div class=\"col-lg-7 col-md-7 col-xs-12 col-sm-12\">\r\n<img loading=\"lazy\" decoding=\"async\" class=\"alignnone size-full wp-image-2658\" src=\"https:\/\/petronor.eus\/wp-content\/uploads\/2014\/12\/circuito-valvulas-refineria.jpg\" alt=\"Instalaci\u00f3n en la refiner\u00eda de Muskiz\" width=\"700\" height=\"369\" srcset=\"https:\/\/petronor.eus\/wp-content\/uploads\/2014\/12\/circuito-valvulas-refineria.jpg 700w, https:\/\/petronor.eus\/wp-content\/uploads\/2014\/12\/circuito-valvulas-refineria-600x316.jpg 600w\" sizes=\"(max-width: 700px) 100vw, 700px\" \/>\r\n<\/div>\r\n<\/div>\r\n<div style=\"margin-bottom:30px ; height:1px; clear:both;\"><\/div>\r\n\r\n<div class=\"row tablaTurquesa\">\r\n<div class=\"col-lg-3 col-md-3 col-xs-12 col-sm-6\">\r\n<h3>C\u00d3MO PROTEGEMOS EL ENTORNO<\/h3>\r\n<\/div>\r\n\r\n<div class=\"col-lg-3 col-md-3 col-xs-12 col-sm-6\">\r\n<a href=\"\/es\/refineria\/compromisos\/medio-ambiente\/agua\/\" title=\"Ir a Compromiso con el AGUA\">\r\n<div class=\"marginTopIcono\"><img loading=\"lazy\" decoding=\"async\" class=\"aligncenter size-full wp-image-1186\" src=\"\/wp-content\/uploads\/2014\/12\/icono-mediambiente-1.png\" alt=\"icono-medio-ambiente-agua\" width=\"50\" height=\"51\" \/><\/div>\r\n<span>Compromiso con el<br\/>AGUA<\/span><\/a>\r\n<\/div>\r\n\r\n<div class=\"col-lg-3 col-md-3 col-xs-12 col-sm-6\">\r\n<a href=\"\/es\/refineria\/compromisos\/medio-ambiente\/aire\/\" title=\"Ir a Gesti\u00f3n del AIRE\">\r\n<div class=\"marginTopIcono\"><img loading=\"lazy\" decoding=\"async\" class=\"aligncenter size-full wp-image-1200\" src=\"\/wp-content\/uploads\/2014\/12\/icono-mediambiente-2.png\" alt=\"ingurumen-ikurra\" width=\"50\" height=\"51\" \/><\/div>\r\n<span>Gesti\u00f3n del<br\/>\r\nAIRE<\/span><\/a>\r\n<\/div>\r\n\r\n<div class=\"col-lg-3 col-md-3 col-xs-12 col-sm-6\">\r\n<a href=\"\/es\/refineria\/compromisos\/medio-ambiente\/oloresruido\/\" title=\"Ir a Gesti\u00f3n de OLORES Y RUIDO \">\r\n<div class=\"marginTopIcono\"><img loading=\"lazy\" decoding=\"async\" class=\"aligncenter size-full wp-image-1201\" src=\"\/wp-content\/uploads\/2014\/12\/icono-mediambiente-3.png\" alt=\"ingurumena-zarata-ikurra\" width=\"50\" height=\"51\" \/><\/div>\r\n<span>Gesti\u00f3n de<br\/>\r\nOLORES Y RUIDO<\/span><\/a>\r\n<\/div>\r\n\r\n<div class=\"col-lg-3 col-md-3 col-xs-12 col-sm-6 hidden-sm hidden-xs\"> <\/div>\r\n<div class=\"col-lg-3 col-md-3 col-xs-12 col-sm-6\">\r\n<a href=\"\/es\/refineria\/compromisos\/medio-ambiente\/suelo\/\" title=\"Ir a Gesti\u00f3n de los SUELOS\">\r\n<div class=\"marginTopIcono\"><img loading=\"lazy\" decoding=\"async\" class=\"aligncenter size-full wp-image-1202\" src=\"\/wp-content\/uploads\/2014\/12\/icono-mediambiente-4.png\" alt=\"ingumena-lurzorua-ikurra\" width=\"50\" height=\"51\" \/><\/div>\r\n<span>Gesti\u00f3n de los<br\/>\r\nSUELOS<\/span><\/a>\r\n<\/div>\r\n\r\n<div class=\"col-lg-3 col-md-3 col-xs-12 col-sm-6\">\r\n<a href=\"\/es\/refineria\/compromisos\/medio-ambiente\/residuos\/\" title=\"Ir a Tratamiento de RESIDUOS\">\r\n<div class=\"marginTopIcono\"><img loading=\"lazy\" decoding=\"async\" class=\"aligncenter size-full wp-image-1203\" src=\"\/wp-content\/uploads\/2014\/12\/b_icono-mediambiente-5.png\" alt=\"ingurumen-hondakinak-ikurra\" width=\"50\" height=\"51\" \/><\/div>\r\n<span>Tratamiento de<br\/>\r\nRESIDUOS<\/span><\/a>\r\n\r\n<\/div>\r\n<div class=\"col-lg-3 col-md-3 col-xs-12 col-sm-6\">\r\n<a href=\"\/es\/refineria\/compromisos\/medio-ambiente\/ahorro-de-energia\/\" title=\"Ir a Ahorro ENERG\u00c9TICO\">\r\n<div class=\"marginTopIcono\"><img loading=\"lazy\" decoding=\"async\" class=\"aligncenter size-full wp-image-1204\" src=\"\/wp-content\/uploads\/2014\/12\/icono-mediambiente-6.png\" alt=\"ingumen-ikurra-energia\" width=\"50\" height=\"51\" \/><\/div>\r\n<span>Ahorro<br\/>\r\nENERG\u00c9TICO<\/span><\/a>\r\n\r\n<\/div><\/div>","protected":false},"excerpt":{"rendered":"","protected":false},"author":1,"featured_media":0,"parent":97,"menu_order":5,"comment_status":"open","ping_status":"closed","template":"","meta":{"footnotes":""},"class_list":["post-109","page","type-page","status-publish","hentry"],"yoast_head":"<!-- This site is optimized with the Yoast SEO plugin v24.7 - https:\/\/yoast.com\/wordpress\/plugins\/seo\/ -->\n<title>Gesti\u00f3n de residuos en Petronor<\/title>\n<meta name=\"description\" content=\"Tratamiento de los residuos en la refiner\u00eda de Petronor para minimizar el impacto ambiental desde su generaci\u00f3n hasta el tratamiento final.\" \/>\n<meta name=\"robots\" content=\"index, follow, max-snippet:-1, max-image-preview:large, max-video-preview:-1\" \/>\n<link rel=\"canonical\" href=\"https:\/\/petronor.eus\/es\/nuestra-vision-de-la-sostenibilidad\/compromiso-con-el-medio-ambiente\/residuos\/\" \/>\n<meta property=\"og:locale\" content=\"es_ES\" \/>\n<meta property=\"og:type\" content=\"article\" \/>\n<meta property=\"og:title\" content=\"Gesti\u00f3n de residuos en Petronor\" \/>\n<meta property=\"og:description\" content=\"Tratamiento de los residuos en la refiner\u00eda de Petronor para minimizar el impacto ambiental desde su generaci\u00f3n hasta el tratamiento final.\" \/>\n<meta property=\"og:url\" content=\"https:\/\/petronor.eus\/es\/nuestra-vision-de-la-sostenibilidad\/compromiso-con-el-medio-ambiente\/residuos\/\" \/>\n<meta property=\"og:site_name\" content=\"Petronor\" \/>\n<meta property=\"article:modified_time\" content=\"2017-10-09T07:10:12+00:00\" \/>\n<meta property=\"og:image\" content=\"https:\/\/petronor.eus\/wp-content\/uploads\/2014\/12\/circuito-valvulas-refineria.jpg\" \/>\n<meta name=\"twitter:label1\" content=\"Est. reading time\" \/>\n\t<meta name=\"twitter:data1\" content=\"2 minutes\" \/>\n<script type=\"application\/ld+json\" class=\"yoast-schema-graph\">{\"@context\":\"https:\/\/schema.org\",\"@graph\":[{\"@type\":\"WebPage\",\"@id\":\"https:\/\/petronor.eus\/es\/nuestra-vision-de-la-sostenibilidad\/compromiso-con-el-medio-ambiente\/residuos\/\",\"url\":\"https:\/\/petronor.eus\/es\/nuestra-vision-de-la-sostenibilidad\/compromiso-con-el-medio-ambiente\/residuos\/\",\"name\":\"Gesti\u00f3n de residuos en Petronor\",\"isPartOf\":{\"@id\":\"https:\/\/petronor.eus\/es\/#website\"},\"primaryImageOfPage\":{\"@id\":\"https:\/\/petronor.eus\/es\/nuestra-vision-de-la-sostenibilidad\/compromiso-con-el-medio-ambiente\/residuos\/#primaryimage\"},\"image\":{\"@id\":\"https:\/\/petronor.eus\/es\/nuestra-vision-de-la-sostenibilidad\/compromiso-con-el-medio-ambiente\/residuos\/#primaryimage\"},\"thumbnailUrl\":\"https:\/\/petronor.eus\/wp-content\/uploads\/2014\/12\/circuito-valvulas-refineria.jpg\",\"datePublished\":\"2014-12-15T12:45:00+00:00\",\"dateModified\":\"2017-10-09T07:10:12+00:00\",\"description\":\"Tratamiento de los residuos en la refiner\u00eda de Petronor para minimizar el impacto ambiental desde su generaci\u00f3n hasta el tratamiento final.\",\"breadcrumb\":{\"@id\":\"https:\/\/petronor.eus\/es\/nuestra-vision-de-la-sostenibilidad\/compromiso-con-el-medio-ambiente\/residuos\/#breadcrumb\"},\"inLanguage\":\"es-ES\",\"potentialAction\":[{\"@type\":\"ReadAction\",\"target\":[\"https:\/\/petronor.eus\/es\/nuestra-vision-de-la-sostenibilidad\/compromiso-con-el-medio-ambiente\/residuos\/\"]}]},{\"@type\":\"ImageObject\",\"inLanguage\":\"es-ES\",\"@id\":\"https:\/\/petronor.eus\/es\/nuestra-vision-de-la-sostenibilidad\/compromiso-con-el-medio-ambiente\/residuos\/#primaryimage\",\"url\":\"https:\/\/petronor.eus\/wp-content\/uploads\/2014\/12\/circuito-valvulas-refineria.jpg\",\"contentUrl\":\"https:\/\/petronor.eus\/wp-content\/uploads\/2014\/12\/circuito-valvulas-refineria.jpg\"},{\"@type\":\"BreadcrumbList\",\"@id\":\"https:\/\/petronor.eus\/es\/nuestra-vision-de-la-sostenibilidad\/compromiso-con-el-medio-ambiente\/residuos\/#breadcrumb\",\"itemListElement\":[{\"@type\":\"ListItem\",\"position\":1,\"name\":\"Home\",\"item\":\"https:\/\/petronor.eus\/es\/\"},{\"@type\":\"ListItem\",\"position\":2,\"name\":\"NUESTRA VISI\u00d3N DE LA SOSTENIBILIDAD\",\"item\":\"https:\/\/petronor.eus\/es\/nuestra-vision-de-la-sostenibilidad\/\"},{\"@type\":\"ListItem\",\"position\":3,\"name\":\"COMPROMISO CON EL MEDIO AMBIENTE\",\"item\":\"https:\/\/petronor.eus\/es\/nuestra-vision-de-la-sostenibilidad\/compromiso-con-el-medio-ambiente\/\"},{\"@type\":\"ListItem\",\"position\":4,\"name\":\"RESIDUOS\"}]},{\"@type\":\"WebSite\",\"@id\":\"https:\/\/petronor.eus\/es\/#website\",\"url\":\"https:\/\/petronor.eus\/es\/\",\"name\":\"Petronor\",\"description\":\"\",\"potentialAction\":[{\"@type\":\"SearchAction\",\"target\":{\"@type\":\"EntryPoint\",\"urlTemplate\":\"https:\/\/petronor.eus\/es\/?s={search_term_string}\"},\"query-input\":{\"@type\":\"PropertyValueSpecification\",\"valueRequired\":true,\"valueName\":\"search_term_string\"}}],\"inLanguage\":\"es-ES\"}]}<\/script>\n<!-- \/ Yoast SEO plugin. -->","yoast_head_json":{"title":"Gesti\u00f3n de residuos en Petronor","description":"Tratamiento de los residuos en la refiner\u00eda de Petronor para minimizar el impacto ambiental desde su generaci\u00f3n hasta el tratamiento final.","robots":{"index":"index","follow":"follow","max-snippet":"max-snippet:-1","max-image-preview":"max-image-preview:large","max-video-preview":"max-video-preview:-1"},"canonical":"https:\/\/petronor.eus\/es\/nuestra-vision-de-la-sostenibilidad\/compromiso-con-el-medio-ambiente\/residuos\/","og_locale":"es_ES","og_type":"article","og_title":"Gesti\u00f3n de residuos en Petronor","og_description":"Tratamiento de los residuos en la refiner\u00eda de Petronor para minimizar el impacto ambiental desde su generaci\u00f3n hasta el tratamiento final.","og_url":"https:\/\/petronor.eus\/es\/nuestra-vision-de-la-sostenibilidad\/compromiso-con-el-medio-ambiente\/residuos\/","og_site_name":"Petronor","article_modified_time":"2017-10-09T07:10:12+00:00","og_image":[{"url":"https:\/\/petronor.eus\/wp-content\/uploads\/2014\/12\/circuito-valvulas-refineria.jpg","type":"","width":"","height":""}],"twitter_misc":{"Est. reading time":"2 minutes"},"schema":{"@context":"https:\/\/schema.org","@graph":[{"@type":"WebPage","@id":"https:\/\/petronor.eus\/es\/nuestra-vision-de-la-sostenibilidad\/compromiso-con-el-medio-ambiente\/residuos\/","url":"https:\/\/petronor.eus\/es\/nuestra-vision-de-la-sostenibilidad\/compromiso-con-el-medio-ambiente\/residuos\/","name":"Gesti\u00f3n de residuos en Petronor","isPartOf":{"@id":"https:\/\/petronor.eus\/es\/#website"},"primaryImageOfPage":{"@id":"https:\/\/petronor.eus\/es\/nuestra-vision-de-la-sostenibilidad\/compromiso-con-el-medio-ambiente\/residuos\/#primaryimage"},"image":{"@id":"https:\/\/petronor.eus\/es\/nuestra-vision-de-la-sostenibilidad\/compromiso-con-el-medio-ambiente\/residuos\/#primaryimage"},"thumbnailUrl":"https:\/\/petronor.eus\/wp-content\/uploads\/2014\/12\/circuito-valvulas-refineria.jpg","datePublished":"2014-12-15T12:45:00+00:00","dateModified":"2017-10-09T07:10:12+00:00","description":"Tratamiento de los residuos en la refiner\u00eda de Petronor para minimizar el impacto ambiental desde su generaci\u00f3n hasta el tratamiento final.","breadcrumb":{"@id":"https:\/\/petronor.eus\/es\/nuestra-vision-de-la-sostenibilidad\/compromiso-con-el-medio-ambiente\/residuos\/#breadcrumb"},"inLanguage":"es-ES","potentialAction":[{"@type":"ReadAction","target":["https:\/\/petronor.eus\/es\/nuestra-vision-de-la-sostenibilidad\/compromiso-con-el-medio-ambiente\/residuos\/"]}]},{"@type":"ImageObject","inLanguage":"es-ES","@id":"https:\/\/petronor.eus\/es\/nuestra-vision-de-la-sostenibilidad\/compromiso-con-el-medio-ambiente\/residuos\/#primaryimage","url":"https:\/\/petronor.eus\/wp-content\/uploads\/2014\/12\/circuito-valvulas-refineria.jpg","contentUrl":"https:\/\/petronor.eus\/wp-content\/uploads\/2014\/12\/circuito-valvulas-refineria.jpg"},{"@type":"BreadcrumbList","@id":"https:\/\/petronor.eus\/es\/nuestra-vision-de-la-sostenibilidad\/compromiso-con-el-medio-ambiente\/residuos\/#breadcrumb","itemListElement":[{"@type":"ListItem","position":1,"name":"Home","item":"https:\/\/petronor.eus\/es\/"},{"@type":"ListItem","position":2,"name":"NUESTRA VISI\u00d3N DE LA SOSTENIBILIDAD","item":"https:\/\/petronor.eus\/es\/nuestra-vision-de-la-sostenibilidad\/"},{"@type":"ListItem","position":3,"name":"COMPROMISO CON EL MEDIO AMBIENTE","item":"https:\/\/petronor.eus\/es\/nuestra-vision-de-la-sostenibilidad\/compromiso-con-el-medio-ambiente\/"},{"@type":"ListItem","position":4,"name":"RESIDUOS"}]},{"@type":"WebSite","@id":"https:\/\/petronor.eus\/es\/#website","url":"https:\/\/petronor.eus\/es\/","name":"Petronor","description":"","potentialAction":[{"@type":"SearchAction","target":{"@type":"EntryPoint","urlTemplate":"https:\/\/petronor.eus\/es\/?s={search_term_string}"},"query-input":{"@type":"PropertyValueSpecification","valueRequired":true,"valueName":"search_term_string"}}],"inLanguage":"es-ES"}]}},"_links":{"self":[{"href":"https:\/\/petronor.eus\/es\/wp-json\/wp\/v2\/pages\/109","targetHints":{"allow":["GET"]}}],"collection":[{"href":"https:\/\/petronor.eus\/es\/wp-json\/wp\/v2\/pages"}],"about":[{"href":"https:\/\/petronor.eus\/es\/wp-json\/wp\/v2\/types\/page"}],"author":[{"embeddable":true,"href":"https:\/\/petronor.eus\/es\/wp-json\/wp\/v2\/users\/1"}],"replies":[{"embeddable":true,"href":"https:\/\/petronor.eus\/es\/wp-json\/wp\/v2\/comments?post=109"}],"version-history":[{"count":27,"href":"https:\/\/petronor.eus\/es\/wp-json\/wp\/v2\/pages\/109\/revisions"}],"predecessor-version":[{"id":40604,"href":"https:\/\/petronor.eus\/es\/wp-json\/wp\/v2\/pages\/109\/revisions\/40604"}],"up":[{"embeddable":true,"href":"https:\/\/petronor.eus\/es\/wp-json\/wp\/v2\/pages\/97"}],"wp:attachment":[{"href":"https:\/\/petronor.eus\/es\/wp-json\/wp\/v2\/media?parent=109"}],"curies":[{"name":"wp","href":"https:\/\/api.w.org\/{rel}","templated":true}]}}