{"id":111,"date":"2014-12-15T12:45:56","date_gmt":"2014-12-15T12:45:56","guid":{"rendered":"https:\/\/petronor.eus\/?page_id=111"},"modified":"2017-10-09T09:11:52","modified_gmt":"2017-10-09T07:11:52","slug":"ahorro-de-energia","status":"publish","type":"page","link":"https:\/\/petronor.eus\/es\/nuestra-vision-de-la-sostenibilidad\/compromiso-con-el-medio-ambiente\/ahorro-de-energia\/","title":{"rendered":"AHORRO DE ENERG\u00cdA"},"content":{"rendered":"<div class=\"row introBlock full-width-section primeraFila\">\r\n<div class=\"col-lg-2 col-md-3 col-xs-12 col-sm-12\">\r\n<ul class=\"subnav\">    <\/ul>\r\n<\/div>\r\n<div class=\"col-lg-10 col-md-9 col-xs-12 col-sm-12\"><img loading=\"lazy\" decoding=\"async\" class=\"alignright size-full wp-image-7109 img-medio-ambiente-tablet\" src=\"https:\/\/petronor.eus\/wp-content\/uploads\/2015\/06\/circuito-valvulas-refineria.jpg\" alt=\"circuito-valvulas-refineria\" width=\"700\" height=\"369\" srcset=\"https:\/\/petronor.eus\/wp-content\/uploads\/2015\/06\/circuito-valvulas-refineria.jpg 700w, https:\/\/petronor.eus\/wp-content\/uploads\/2015\/06\/circuito-valvulas-refineria-600x316.jpg 600w\" sizes=\"(max-width: 700px) 100vw, 700px\" \/>\r\n<h2>AHORRO ENERG\u00c9TICO<\/h2>\r\n<p class=\"font18\" style=\"font-size: 18px!important;\">Los sistemas de consumo y generaci\u00f3n de energ\u00eda de Petronor desde sus etapas de dise\u00f1o, construcci\u00f3n, operaci\u00f3n y mantenimiento son gestionados con el objetivo de la m\u00e1xima eficiencia. De esta forma <strong>se reduce la emisi\u00f3n de Gases Efecto Invernadero<\/strong>.<\/p>\r\n\r\n<div class=\"separadorGris\"><\/div>\r\n<p>Los equipos <strong>generadores de energ\u00eda electrica<\/strong> disponen de sistemas de recuperaci\u00f3n de calor para la obtenci\u00f3n de vapor de agua a alta presi\u00f3n, utilizando este vapor como elemento id\u00f3neo en el transporte de energ\u00eda a aplicar en los distintos procesos productivos.<\/p>\r\n<p>Todos los productos obtenidos, antes de ser almacenados, ceden su calor a los que inician su proceso de fabricaci\u00f3n, utilizando equipos de intercambio de calor.<\/p>\r\n<p>Los sistemas de redes de vapor de alta presi\u00f3n hasta el colector de estado l\u00edquido, como agua, est\u00e1n dise\u00f1ados para minimizar las p\u00e9rdidas de calor en cada cambio de estado, que en funci\u00f3n de la presi\u00f3n que se encuentran (vapor \/ agua) y su temperatura son \u00fatiles para aportar energ\u00eda a otros sistemas de la Refiner\u00eda que la requieren.<\/p>\r\n\r\n<\/div>\r\n<\/div>\r\n<div style=\"margin-bottom:30px ; height:1px; clear:both;\"><\/div>\r\n\r\n<div class=\"row tablaTurquesa\">\r\n<div class=\"col-lg-3 col-md-3 col-xs-12 col-sm-6\">\r\n<h3>C\u00d3MO PROTEGEMOS EL ENTORNO<\/h3>\r\n<\/div>\r\n\r\n<div class=\"col-lg-3 col-md-3 col-xs-12 col-sm-6\">\r\n<a href=\"\/es\/refineria\/compromisos\/medio-ambiente\/agua\/\" title=\"Ir a Compromiso con el AGUA\">\r\n<div class=\"marginTopIcono\"><img loading=\"lazy\" decoding=\"async\" class=\"aligncenter size-full wp-image-1186\" src=\"\/wp-content\/uploads\/2014\/12\/icono-mediambiente-1.png\" alt=\"icono-medio-ambiente-agua\" width=\"50\" height=\"51\" \/><\/div>\r\n<span>Compromiso con el<br\/>AGUA<\/span><\/a>\r\n<\/div>\r\n\r\n<div class=\"col-lg-3 col-md-3 col-xs-12 col-sm-6\">\r\n<a href=\"\/es\/refineria\/compromisos\/medio-ambiente\/aire\/\" title=\"Ir a Gesti\u00f3n del AIRE\">\r\n<div class=\"marginTopIcono\"><img loading=\"lazy\" decoding=\"async\" class=\"aligncenter size-full wp-image-1200\" src=\"\/wp-content\/uploads\/2014\/12\/icono-mediambiente-2.png\" alt=\"ingurumen-ikurra\" width=\"50\" height=\"51\" \/><\/div>\r\n<span>Gesti\u00f3n del<br\/>\r\nAIRE<\/span><\/a>\r\n<\/div>\r\n\r\n<div class=\"col-lg-3 col-md-3 col-xs-12 col-sm-6\">\r\n<a href=\"\/es\/refineria\/compromisos\/medio-ambiente\/oloresruido\/\" title=\"Ir a Gesti\u00f3n de OLORES Y RUIDO \">\r\n<div class=\"marginTopIcono\"><img loading=\"lazy\" decoding=\"async\" class=\"aligncenter size-full wp-image-1201\" src=\"\/wp-content\/uploads\/2014\/12\/icono-mediambiente-3.png\" alt=\"ingurumena-zarata-ikurra\" width=\"50\" height=\"51\" \/><\/div>\r\n<span>Gesti\u00f3n de<br\/>\r\nOLORES Y RUIDO<\/span><\/a>\r\n<\/div>\r\n\r\n<div class=\"col-lg-3 col-md-3 col-xs-12 col-sm-6 hidden-sm hidden-xs\"> <\/div>\r\n<div class=\"col-lg-3 col-md-3 col-xs-12 col-sm-6\">\r\n<a href=\"\/es\/refineria\/compromisos\/medio-ambiente\/suelo\/\" title=\"Ir a Gesti\u00f3n de los SUELOS\">\r\n<div class=\"marginTopIcono\"><img loading=\"lazy\" decoding=\"async\" class=\"aligncenter size-full wp-image-1202\" src=\"\/wp-content\/uploads\/2014\/12\/icono-mediambiente-4.png\" alt=\"ingumena-lurzorua-ikurra\" width=\"50\" height=\"51\" \/><\/div>\r\n<span>Gesti\u00f3n de los<br\/>\r\nSUELOS<\/span><\/a>\r\n<\/div>\r\n\r\n<div class=\"col-lg-3 col-md-3 col-xs-12 col-sm-6\">\r\n<a href=\"\/es\/refineria\/compromisos\/medio-ambiente\/residuos\/\" title=\"Ir a Tratamiento de RESIDUOS\">\r\n<div class=\"marginTopIcono\"><img loading=\"lazy\" decoding=\"async\" class=\"aligncenter size-full wp-image-1203\" src=\"\/wp-content\/uploads\/2014\/12\/icono-mediambiente-5.png\" alt=\"ingurumen-hondakinak-ikurra\" width=\"50\" height=\"51\" \/><\/div>\r\n<span>Tratamiento de<br\/>\r\nRESIDUOS<\/span><\/a>\r\n\r\n<\/div>\r\n<div class=\"col-lg-3 col-md-3 col-xs-12 col-sm-6\">\r\n<a href=\"\/es\/refineria\/compromisos\/medio-ambiente\/ahorro-de-energia\/\" title=\"Ir a Ahorro ENERG\u00c9TICO\">\r\n<div class=\"marginTopIcono\"><img loading=\"lazy\" decoding=\"async\" class=\"aligncenter size-full wp-image-1204\" src=\"\/wp-content\/uploads\/2014\/12\/b_icono-mediambiente-6.png\" alt=\"ingumen-ikurra-energia\" width=\"50\" height=\"51\" \/><\/div>\r\n<span>Ahorro<br\/>\r\nENERG\u00c9TICO<\/span><\/a>\r\n\r\n<\/div><\/div>","protected":false},"excerpt":{"rendered":"","protected":false},"author":1,"featured_media":0,"parent":97,"menu_order":6,"comment_status":"open","ping_status":"closed","template":"","meta":{"footnotes":""},"class_list":["post-111","page","type-page","status-publish","hentry"],"yoast_head":"<!-- This site is optimized with the Yoast SEO plugin v24.7 - https:\/\/yoast.com\/wordpress\/plugins\/seo\/ -->\n<title>Compromiso de ahorro energ\u00e9tico - Petronor<\/title>\n<meta name=\"description\" content=\"Sistemas de consumo y generaci\u00f3n de energ\u00eda en la refiner\u00eda de Petronor para lograr m\u00e1xima eficiencia energ\u00e9tica con firme compromiso de ahorro energ\u00e9tico\" \/>\n<meta name=\"robots\" content=\"index, follow, max-snippet:-1, max-image-preview:large, max-video-preview:-1\" \/>\n<link rel=\"canonical\" href=\"https:\/\/petronor.eus\/es\/nuestra-vision-de-la-sostenibilidad\/compromiso-con-el-medio-ambiente\/ahorro-de-energia\/\" \/>\n<meta property=\"og:locale\" content=\"es_ES\" \/>\n<meta property=\"og:type\" content=\"article\" \/>\n<meta property=\"og:title\" content=\"Compromiso de ahorro energ\u00e9tico - Petronor\" \/>\n<meta property=\"og:description\" content=\"Sistemas de consumo y generaci\u00f3n de energ\u00eda en la refiner\u00eda de Petronor para lograr m\u00e1xima eficiencia energ\u00e9tica con firme compromiso de ahorro energ\u00e9tico\" \/>\n<meta property=\"og:url\" content=\"https:\/\/petronor.eus\/es\/nuestra-vision-de-la-sostenibilidad\/compromiso-con-el-medio-ambiente\/ahorro-de-energia\/\" \/>\n<meta property=\"og:site_name\" content=\"Petronor\" \/>\n<meta property=\"article:modified_time\" content=\"2017-10-09T07:11:52+00:00\" \/>\n<meta property=\"og:image\" content=\"https:\/\/petronor.eus\/wp-content\/uploads\/2015\/06\/circuito-valvulas-refineria.jpg\" \/>\n<meta name=\"twitter:label1\" content=\"Est. reading time\" \/>\n\t<meta name=\"twitter:data1\" content=\"1 minute\" \/>\n<script type=\"application\/ld+json\" class=\"yoast-schema-graph\">{\"@context\":\"https:\/\/schema.org\",\"@graph\":[{\"@type\":\"WebPage\",\"@id\":\"https:\/\/petronor.eus\/es\/nuestra-vision-de-la-sostenibilidad\/compromiso-con-el-medio-ambiente\/ahorro-de-energia\/\",\"url\":\"https:\/\/petronor.eus\/es\/nuestra-vision-de-la-sostenibilidad\/compromiso-con-el-medio-ambiente\/ahorro-de-energia\/\",\"name\":\"Compromiso de ahorro energ\u00e9tico - Petronor\",\"isPartOf\":{\"@id\":\"https:\/\/petronor.eus\/es\/#website\"},\"primaryImageOfPage\":{\"@id\":\"https:\/\/petronor.eus\/es\/nuestra-vision-de-la-sostenibilidad\/compromiso-con-el-medio-ambiente\/ahorro-de-energia\/#primaryimage\"},\"image\":{\"@id\":\"https:\/\/petronor.eus\/es\/nuestra-vision-de-la-sostenibilidad\/compromiso-con-el-medio-ambiente\/ahorro-de-energia\/#primaryimage\"},\"thumbnailUrl\":\"https:\/\/petronor.eus\/wp-content\/uploads\/2015\/06\/circuito-valvulas-refineria.jpg\",\"datePublished\":\"2014-12-15T12:45:56+00:00\",\"dateModified\":\"2017-10-09T07:11:52+00:00\",\"description\":\"Sistemas de consumo y generaci\u00f3n de energ\u00eda en la refiner\u00eda de Petronor para lograr m\u00e1xima eficiencia energ\u00e9tica con firme compromiso de ahorro energ\u00e9tico\",\"breadcrumb\":{\"@id\":\"https:\/\/petronor.eus\/es\/nuestra-vision-de-la-sostenibilidad\/compromiso-con-el-medio-ambiente\/ahorro-de-energia\/#breadcrumb\"},\"inLanguage\":\"es-ES\",\"potentialAction\":[{\"@type\":\"ReadAction\",\"target\":[\"https:\/\/petronor.eus\/es\/nuestra-vision-de-la-sostenibilidad\/compromiso-con-el-medio-ambiente\/ahorro-de-energia\/\"]}]},{\"@type\":\"ImageObject\",\"inLanguage\":\"es-ES\",\"@id\":\"https:\/\/petronor.eus\/es\/nuestra-vision-de-la-sostenibilidad\/compromiso-con-el-medio-ambiente\/ahorro-de-energia\/#primaryimage\",\"url\":\"https:\/\/petronor.eus\/wp-content\/uploads\/2015\/06\/circuito-valvulas-refineria.jpg\",\"contentUrl\":\"https:\/\/petronor.eus\/wp-content\/uploads\/2015\/06\/circuito-valvulas-refineria.jpg\"},{\"@type\":\"BreadcrumbList\",\"@id\":\"https:\/\/petronor.eus\/es\/nuestra-vision-de-la-sostenibilidad\/compromiso-con-el-medio-ambiente\/ahorro-de-energia\/#breadcrumb\",\"itemListElement\":[{\"@type\":\"ListItem\",\"position\":1,\"name\":\"Home\",\"item\":\"https:\/\/petronor.eus\/es\/\"},{\"@type\":\"ListItem\",\"position\":2,\"name\":\"NUESTRA VISI\u00d3N DE LA SOSTENIBILIDAD\",\"item\":\"https:\/\/petronor.eus\/es\/nuestra-vision-de-la-sostenibilidad\/\"},{\"@type\":\"ListItem\",\"position\":3,\"name\":\"COMPROMISO CON EL MEDIO AMBIENTE\",\"item\":\"https:\/\/petronor.eus\/es\/nuestra-vision-de-la-sostenibilidad\/compromiso-con-el-medio-ambiente\/\"},{\"@type\":\"ListItem\",\"position\":4,\"name\":\"AHORRO DE ENERG\u00cdA\"}]},{\"@type\":\"WebSite\",\"@id\":\"https:\/\/petronor.eus\/es\/#website\",\"url\":\"https:\/\/petronor.eus\/es\/\",\"name\":\"Petronor\",\"description\":\"\",\"potentialAction\":[{\"@type\":\"SearchAction\",\"target\":{\"@type\":\"EntryPoint\",\"urlTemplate\":\"https:\/\/petronor.eus\/es\/?s={search_term_string}\"},\"query-input\":{\"@type\":\"PropertyValueSpecification\",\"valueRequired\":true,\"valueName\":\"search_term_string\"}}],\"inLanguage\":\"es-ES\"}]}<\/script>\n<!-- \/ Yoast SEO plugin. -->","yoast_head_json":{"title":"Compromiso de ahorro energ\u00e9tico - Petronor","description":"Sistemas de consumo y generaci\u00f3n de energ\u00eda en la refiner\u00eda de Petronor para lograr m\u00e1xima eficiencia energ\u00e9tica con firme compromiso de ahorro energ\u00e9tico","robots":{"index":"index","follow":"follow","max-snippet":"max-snippet:-1","max-image-preview":"max-image-preview:large","max-video-preview":"max-video-preview:-1"},"canonical":"https:\/\/petronor.eus\/es\/nuestra-vision-de-la-sostenibilidad\/compromiso-con-el-medio-ambiente\/ahorro-de-energia\/","og_locale":"es_ES","og_type":"article","og_title":"Compromiso de ahorro energ\u00e9tico - Petronor","og_description":"Sistemas de consumo y generaci\u00f3n de energ\u00eda en la refiner\u00eda de Petronor para lograr m\u00e1xima eficiencia energ\u00e9tica con firme compromiso de ahorro energ\u00e9tico","og_url":"https:\/\/petronor.eus\/es\/nuestra-vision-de-la-sostenibilidad\/compromiso-con-el-medio-ambiente\/ahorro-de-energia\/","og_site_name":"Petronor","article_modified_time":"2017-10-09T07:11:52+00:00","og_image":[{"url":"https:\/\/petronor.eus\/wp-content\/uploads\/2015\/06\/circuito-valvulas-refineria.jpg","type":"","width":"","height":""}],"twitter_misc":{"Est. reading time":"1 minute"},"schema":{"@context":"https:\/\/schema.org","@graph":[{"@type":"WebPage","@id":"https:\/\/petronor.eus\/es\/nuestra-vision-de-la-sostenibilidad\/compromiso-con-el-medio-ambiente\/ahorro-de-energia\/","url":"https:\/\/petronor.eus\/es\/nuestra-vision-de-la-sostenibilidad\/compromiso-con-el-medio-ambiente\/ahorro-de-energia\/","name":"Compromiso de ahorro energ\u00e9tico - Petronor","isPartOf":{"@id":"https:\/\/petronor.eus\/es\/#website"},"primaryImageOfPage":{"@id":"https:\/\/petronor.eus\/es\/nuestra-vision-de-la-sostenibilidad\/compromiso-con-el-medio-ambiente\/ahorro-de-energia\/#primaryimage"},"image":{"@id":"https:\/\/petronor.eus\/es\/nuestra-vision-de-la-sostenibilidad\/compromiso-con-el-medio-ambiente\/ahorro-de-energia\/#primaryimage"},"thumbnailUrl":"https:\/\/petronor.eus\/wp-content\/uploads\/2015\/06\/circuito-valvulas-refineria.jpg","datePublished":"2014-12-15T12:45:56+00:00","dateModified":"2017-10-09T07:11:52+00:00","description":"Sistemas de consumo y generaci\u00f3n de energ\u00eda en la refiner\u00eda de Petronor para lograr m\u00e1xima eficiencia energ\u00e9tica con firme compromiso de ahorro energ\u00e9tico","breadcrumb":{"@id":"https:\/\/petronor.eus\/es\/nuestra-vision-de-la-sostenibilidad\/compromiso-con-el-medio-ambiente\/ahorro-de-energia\/#breadcrumb"},"inLanguage":"es-ES","potentialAction":[{"@type":"ReadAction","target":["https:\/\/petronor.eus\/es\/nuestra-vision-de-la-sostenibilidad\/compromiso-con-el-medio-ambiente\/ahorro-de-energia\/"]}]},{"@type":"ImageObject","inLanguage":"es-ES","@id":"https:\/\/petronor.eus\/es\/nuestra-vision-de-la-sostenibilidad\/compromiso-con-el-medio-ambiente\/ahorro-de-energia\/#primaryimage","url":"https:\/\/petronor.eus\/wp-content\/uploads\/2015\/06\/circuito-valvulas-refineria.jpg","contentUrl":"https:\/\/petronor.eus\/wp-content\/uploads\/2015\/06\/circuito-valvulas-refineria.jpg"},{"@type":"BreadcrumbList","@id":"https:\/\/petronor.eus\/es\/nuestra-vision-de-la-sostenibilidad\/compromiso-con-el-medio-ambiente\/ahorro-de-energia\/#breadcrumb","itemListElement":[{"@type":"ListItem","position":1,"name":"Home","item":"https:\/\/petronor.eus\/es\/"},{"@type":"ListItem","position":2,"name":"NUESTRA VISI\u00d3N DE LA SOSTENIBILIDAD","item":"https:\/\/petronor.eus\/es\/nuestra-vision-de-la-sostenibilidad\/"},{"@type":"ListItem","position":3,"name":"COMPROMISO CON EL MEDIO AMBIENTE","item":"https:\/\/petronor.eus\/es\/nuestra-vision-de-la-sostenibilidad\/compromiso-con-el-medio-ambiente\/"},{"@type":"ListItem","position":4,"name":"AHORRO DE ENERG\u00cdA"}]},{"@type":"WebSite","@id":"https:\/\/petronor.eus\/es\/#website","url":"https:\/\/petronor.eus\/es\/","name":"Petronor","description":"","potentialAction":[{"@type":"SearchAction","target":{"@type":"EntryPoint","urlTemplate":"https:\/\/petronor.eus\/es\/?s={search_term_string}"},"query-input":{"@type":"PropertyValueSpecification","valueRequired":true,"valueName":"search_term_string"}}],"inLanguage":"es-ES"}]}},"_links":{"self":[{"href":"https:\/\/petronor.eus\/es\/wp-json\/wp\/v2\/pages\/111","targetHints":{"allow":["GET"]}}],"collection":[{"href":"https:\/\/petronor.eus\/es\/wp-json\/wp\/v2\/pages"}],"about":[{"href":"https:\/\/petronor.eus\/es\/wp-json\/wp\/v2\/types\/page"}],"author":[{"embeddable":true,"href":"https:\/\/petronor.eus\/es\/wp-json\/wp\/v2\/users\/1"}],"replies":[{"embeddable":true,"href":"https:\/\/petronor.eus\/es\/wp-json\/wp\/v2\/comments?post=111"}],"version-history":[{"count":27,"href":"https:\/\/petronor.eus\/es\/wp-json\/wp\/v2\/pages\/111\/revisions"}],"predecessor-version":[{"id":40606,"href":"https:\/\/petronor.eus\/es\/wp-json\/wp\/v2\/pages\/111\/revisions\/40606"}],"up":[{"embeddable":true,"href":"https:\/\/petronor.eus\/es\/wp-json\/wp\/v2\/pages\/97"}],"wp:attachment":[{"href":"https:\/\/petronor.eus\/es\/wp-json\/wp\/v2\/media?parent=111"}],"curies":[{"name":"wp","href":"https:\/\/api.w.org\/{rel}","templated":true}]}}