{"id":113,"date":"2014-12-15T12:46:26","date_gmt":"2014-12-15T12:46:26","guid":{"rendered":"https:\/\/petronor.eus\/?page_id=113"},"modified":"2017-07-10T10:32:05","modified_gmt":"2017-07-10T08:32:05","slug":"athletic","status":"publish","type":"page","link":"https:\/\/petronor.eus\/es\/patrocinio\/deportivo\/athletic\/","title":{"rendered":"ATHLETIC"},"content":{"rendered":"<div class=\"row introBlock full-width-section primeraFila\">\r\n<div class=\"col-lg-3 col-md-3 col-xs-12 col-sm-12\">\r\n<div class=\"menu-menu_patrocinios-container\"><ul id=\"menu-menu_patrocinios\" class=\"subnav\"><li id=\"menu-item-1880\" class=\"menu-item menu-item-type-post_type menu-item-object-page menu-item-1880\"><a href=\"https:\/\/petronor.eus\/es\/patrocinio\/deportivo\/bandera-petronor\/\">BANDERA PETRONOR<\/a><\/li>\n<li id=\"menu-item-1879\" class=\"menu-item menu-item-type-post_type menu-item-object-page menu-item-1879\"><a href=\"https:\/\/petronor.eus\/es\/patrocinio\/deportivo\/otros-apoyos\/\">OTROS APOYOS<\/a><\/li>\n<li id=\"menu-item-1881\" class=\"menu-item menu-item-type-post_type menu-item-object-page menu-item-1881\"><a href=\"https:\/\/petronor.eus\/es\/patrocinio\/deportivo\/athletic\/\">ATHLETIC 2008-2015<\/a><\/li>\n<li id=\"menu-item-1892\" class=\"menu-item menu-item-type-custom menu-item-object-custom menu-item-1892\"><a href=\"https:\/\/petronor.eus\/es\/album\/\">NUESTRO \u00c1LBUM<\/a><\/li>\n<\/ul><\/div>\r\n<\/div>\r\n<div class=\"col-lg-9 col-md-9 col-xs-12 col-sm-12\">\r\n<h1>PATROCINIO DEL ATHLETIC CLUB (2008-2015)<\/h1>\r\n<img loading=\"lazy\" decoding=\"async\" class=\"alignnone size-full wp-image-999\" src=\"https:\/\/petronor.eus\/wp-content\/uploads\/2014\/12\/poster_athletic-e1420965952683.jpg\" alt=\"Poster del Athletic Club en la temporada 2013-2014\" width=\"1280\" height=\"732\" srcset=\"https:\/\/petronor.eus\/wp-content\/uploads\/2014\/12\/poster_athletic-e1420965952683.jpg 1280w, https:\/\/petronor.eus\/wp-content\/uploads\/2014\/12\/poster_athletic-e1420965952683-600x343.jpg 600w, https:\/\/petronor.eus\/wp-content\/uploads\/2014\/12\/poster_athletic-e1420965952683-860x492.jpg 860w\" sizes=\"(max-width: 1280px) 100vw, 1280px\" \/>\r\n<\/div>\r\n<\/div>\r\n<div style=\"margin-bottom:20px ; height:1px; clear:both;\"><\/div>\r\n<div class=\"row \">\r\n<div class=\"col-lg-6 col-md-6 col-xs-12 col-sm-12 col-md-offset-3 col-lg-offset-3\">\r\n<p style=\"margin-top: 0;\">A finales de julio del a\u00f1o 2008 <strong>Petronor y el Athletic Club<\/strong> firmaban un acuerdo de patrocinio hist\u00f3rico para sendas entidades. Por primera vez en sus 110 a\u00f1os de historia, el Athletic lucir\u00eda publicidad de una firma privada en sus camisetas, y la Refiner\u00eda elevaba su participaci\u00f3n en el deporte vizca\u00edno hasta la \u00e9lite nacional.<\/p>\r\nEl convenio, inicialmente de tres temporadas de duraci\u00f3n, se renov\u00f3 en 2011 por otras tres, y aport\u00f3 al club 2 millones de euros por temporada, adem\u00e1s de incentivos por logros deportivos; una cifra mayor que la media de los patrocinios del resto de clubes, que rondaba el mill\u00f3n y medio, y que situ\u00f3 al conjunto rojiblanco en la mitad de la tabla de los ingresos por publicidad en la camiseta dentro de la Liga.\r\n\r\nHasta el a\u00f1o 2015 transcurrieron siete temporadas de trabajo, experiencias y logros: <strong>3 subcampeonatos de Copa, 1 subcampeonato de Supercopa, 1 subcampeonato de la Copa de la UEFA.<\/strong>\r\n\r\n<\/div>\r\n<div class=\"col-lg-3 col-md-3 col-xs-12 col-sm-12\">\r\n<img loading=\"lazy\" decoding=\"async\" class=\"alignnone size-full wp-image-1038\" src=\"https:\/\/petronor.eus\/wp-content\/uploads\/2014\/12\/primera-camiseta-athletic-con-publicidad.jpg\" alt=\"Primera camiseta del Athletic Club con publicidad\" width=\"788\" height=\"519\" srcset=\"https:\/\/petronor.eus\/wp-content\/uploads\/2014\/12\/primera-camiseta-athletic-con-publicidad.jpg 788w, https:\/\/petronor.eus\/wp-content\/uploads\/2014\/12\/primera-camiseta-athletic-con-publicidad-600x395.jpg 600w\" sizes=\"(max-width: 788px) 100vw, 788px\" \/><div class=\"pieDeFoto\">La primera equipaci\u00f3n del Athletic Club con publicidad<\/div>\r\n<\/div>\r\n<\/div>","protected":false},"excerpt":{"rendered":"","protected":false},"author":1,"featured_media":0,"parent":42,"menu_order":1,"comment_status":"open","ping_status":"closed","template":"","meta":{"footnotes":""},"class_list":["post-113","page","type-page","status-publish","hentry"],"yoast_head":"<!-- This site is optimized with the Yoast SEO plugin v24.7 - https:\/\/yoast.com\/wordpress\/plugins\/seo\/ -->\n<title>PATROCINIO DEL ATHLETIC CLUB<\/title>\n<meta name=\"description\" content=\"Patrocinio del athletic club hist\u00f3rico para a\u00f1adir el logotipo de Petronor a la camiseta del club de f\u00fatbol Athletic de Bilbao (2008-2015).\" \/>\n<meta name=\"robots\" content=\"index, follow, max-snippet:-1, max-image-preview:large, max-video-preview:-1\" \/>\n<link rel=\"canonical\" href=\"https:\/\/petronor.eus\/es\/patrocinio\/deportivo\/athletic\/\" \/>\n<meta property=\"og:locale\" content=\"es_ES\" \/>\n<meta property=\"og:type\" content=\"article\" \/>\n<meta property=\"og:title\" content=\"PATROCINIO DEL ATHLETIC CLUB\" \/>\n<meta property=\"og:description\" content=\"Patrocinio del athletic club hist\u00f3rico para a\u00f1adir el logotipo de Petronor a la camiseta del club de f\u00fatbol Athletic de Bilbao (2008-2015).\" \/>\n<meta property=\"og:url\" content=\"https:\/\/petronor.eus\/es\/patrocinio\/deportivo\/athletic\/\" \/>\n<meta property=\"og:site_name\" content=\"Petronor\" \/>\n<meta property=\"article:modified_time\" content=\"2017-07-10T08:32:05+00:00\" \/>\n<meta property=\"og:image\" content=\"https:\/\/petronor.eus\/wp-content\/uploads\/2014\/12\/poster_athletic-e1420965952683.jpg\" \/>\n<meta name=\"twitter:label1\" content=\"Est. reading time\" \/>\n\t<meta name=\"twitter:data1\" content=\"1 minute\" \/>\n<script type=\"application\/ld+json\" class=\"yoast-schema-graph\">{\"@context\":\"https:\/\/schema.org\",\"@graph\":[{\"@type\":\"WebPage\",\"@id\":\"https:\/\/petronor.eus\/es\/patrocinio\/deportivo\/athletic\/\",\"url\":\"https:\/\/petronor.eus\/es\/patrocinio\/deportivo\/athletic\/\",\"name\":\"PATROCINIO DEL ATHLETIC CLUB\",\"isPartOf\":{\"@id\":\"https:\/\/petronor.eus\/es\/#website\"},\"primaryImageOfPage\":{\"@id\":\"https:\/\/petronor.eus\/es\/patrocinio\/deportivo\/athletic\/#primaryimage\"},\"image\":{\"@id\":\"https:\/\/petronor.eus\/es\/patrocinio\/deportivo\/athletic\/#primaryimage\"},\"thumbnailUrl\":\"https:\/\/petronor.eus\/wp-content\/uploads\/2014\/12\/poster_athletic-e1420965952683.jpg\",\"datePublished\":\"2014-12-15T12:46:26+00:00\",\"dateModified\":\"2017-07-10T08:32:05+00:00\",\"description\":\"Patrocinio del athletic club hist\u00f3rico para a\u00f1adir el logotipo de Petronor a la camiseta del club de f\u00fatbol Athletic de Bilbao (2008-2015).\",\"breadcrumb\":{\"@id\":\"https:\/\/petronor.eus\/es\/patrocinio\/deportivo\/athletic\/#breadcrumb\"},\"inLanguage\":\"es-ES\",\"potentialAction\":[{\"@type\":\"ReadAction\",\"target\":[\"https:\/\/petronor.eus\/es\/patrocinio\/deportivo\/athletic\/\"]}]},{\"@type\":\"ImageObject\",\"inLanguage\":\"es-ES\",\"@id\":\"https:\/\/petronor.eus\/es\/patrocinio\/deportivo\/athletic\/#primaryimage\",\"url\":\"https:\/\/petronor.eus\/wp-content\/uploads\/2014\/12\/poster_athletic-e1420965952683.jpg\",\"contentUrl\":\"https:\/\/petronor.eus\/wp-content\/uploads\/2014\/12\/poster_athletic-e1420965952683.jpg\"},{\"@type\":\"BreadcrumbList\",\"@id\":\"https:\/\/petronor.eus\/es\/patrocinio\/deportivo\/athletic\/#breadcrumb\",\"itemListElement\":[{\"@type\":\"ListItem\",\"position\":1,\"name\":\"Home\",\"item\":\"https:\/\/petronor.eus\/es\/\"},{\"@type\":\"ListItem\",\"position\":2,\"name\":\"PATROCINIO\",\"item\":\"https:\/\/petronor.eus\/es\/patrocinio\/\"},{\"@type\":\"ListItem\",\"position\":3,\"name\":\"DEPORTIVO\",\"item\":\"https:\/\/petronor.eus\/es\/patrocinio\/deportivo\/\"},{\"@type\":\"ListItem\",\"position\":4,\"name\":\"ATHLETIC\"}]},{\"@type\":\"WebSite\",\"@id\":\"https:\/\/petronor.eus\/es\/#website\",\"url\":\"https:\/\/petronor.eus\/es\/\",\"name\":\"Petronor\",\"description\":\"\",\"potentialAction\":[{\"@type\":\"SearchAction\",\"target\":{\"@type\":\"EntryPoint\",\"urlTemplate\":\"https:\/\/petronor.eus\/es\/?s={search_term_string}\"},\"query-input\":{\"@type\":\"PropertyValueSpecification\",\"valueRequired\":true,\"valueName\":\"search_term_string\"}}],\"inLanguage\":\"es-ES\"}]}<\/script>\n<!-- \/ Yoast SEO plugin. -->","yoast_head_json":{"title":"PATROCINIO DEL ATHLETIC CLUB","description":"Patrocinio del athletic club hist\u00f3rico para a\u00f1adir el logotipo de Petronor a la camiseta del club de f\u00fatbol Athletic de Bilbao (2008-2015).","robots":{"index":"index","follow":"follow","max-snippet":"max-snippet:-1","max-image-preview":"max-image-preview:large","max-video-preview":"max-video-preview:-1"},"canonical":"https:\/\/petronor.eus\/es\/patrocinio\/deportivo\/athletic\/","og_locale":"es_ES","og_type":"article","og_title":"PATROCINIO DEL ATHLETIC CLUB","og_description":"Patrocinio del athletic club hist\u00f3rico para a\u00f1adir el logotipo de Petronor a la camiseta del club de f\u00fatbol Athletic de Bilbao (2008-2015).","og_url":"https:\/\/petronor.eus\/es\/patrocinio\/deportivo\/athletic\/","og_site_name":"Petronor","article_modified_time":"2017-07-10T08:32:05+00:00","og_image":[{"url":"https:\/\/petronor.eus\/wp-content\/uploads\/2014\/12\/poster_athletic-e1420965952683.jpg","type":"","width":"","height":""}],"twitter_misc":{"Est. reading time":"1 minute"},"schema":{"@context":"https:\/\/schema.org","@graph":[{"@type":"WebPage","@id":"https:\/\/petronor.eus\/es\/patrocinio\/deportivo\/athletic\/","url":"https:\/\/petronor.eus\/es\/patrocinio\/deportivo\/athletic\/","name":"PATROCINIO DEL ATHLETIC CLUB","isPartOf":{"@id":"https:\/\/petronor.eus\/es\/#website"},"primaryImageOfPage":{"@id":"https:\/\/petronor.eus\/es\/patrocinio\/deportivo\/athletic\/#primaryimage"},"image":{"@id":"https:\/\/petronor.eus\/es\/patrocinio\/deportivo\/athletic\/#primaryimage"},"thumbnailUrl":"https:\/\/petronor.eus\/wp-content\/uploads\/2014\/12\/poster_athletic-e1420965952683.jpg","datePublished":"2014-12-15T12:46:26+00:00","dateModified":"2017-07-10T08:32:05+00:00","description":"Patrocinio del athletic club hist\u00f3rico para a\u00f1adir el logotipo de Petronor a la camiseta del club de f\u00fatbol Athletic de Bilbao (2008-2015).","breadcrumb":{"@id":"https:\/\/petronor.eus\/es\/patrocinio\/deportivo\/athletic\/#breadcrumb"},"inLanguage":"es-ES","potentialAction":[{"@type":"ReadAction","target":["https:\/\/petronor.eus\/es\/patrocinio\/deportivo\/athletic\/"]}]},{"@type":"ImageObject","inLanguage":"es-ES","@id":"https:\/\/petronor.eus\/es\/patrocinio\/deportivo\/athletic\/#primaryimage","url":"https:\/\/petronor.eus\/wp-content\/uploads\/2014\/12\/poster_athletic-e1420965952683.jpg","contentUrl":"https:\/\/petronor.eus\/wp-content\/uploads\/2014\/12\/poster_athletic-e1420965952683.jpg"},{"@type":"BreadcrumbList","@id":"https:\/\/petronor.eus\/es\/patrocinio\/deportivo\/athletic\/#breadcrumb","itemListElement":[{"@type":"ListItem","position":1,"name":"Home","item":"https:\/\/petronor.eus\/es\/"},{"@type":"ListItem","position":2,"name":"PATROCINIO","item":"https:\/\/petronor.eus\/es\/patrocinio\/"},{"@type":"ListItem","position":3,"name":"DEPORTIVO","item":"https:\/\/petronor.eus\/es\/patrocinio\/deportivo\/"},{"@type":"ListItem","position":4,"name":"ATHLETIC"}]},{"@type":"WebSite","@id":"https:\/\/petronor.eus\/es\/#website","url":"https:\/\/petronor.eus\/es\/","name":"Petronor","description":"","potentialAction":[{"@type":"SearchAction","target":{"@type":"EntryPoint","urlTemplate":"https:\/\/petronor.eus\/es\/?s={search_term_string}"},"query-input":{"@type":"PropertyValueSpecification","valueRequired":true,"valueName":"search_term_string"}}],"inLanguage":"es-ES"}]}},"_links":{"self":[{"href":"https:\/\/petronor.eus\/es\/wp-json\/wp\/v2\/pages\/113","targetHints":{"allow":["GET"]}}],"collection":[{"href":"https:\/\/petronor.eus\/es\/wp-json\/wp\/v2\/pages"}],"about":[{"href":"https:\/\/petronor.eus\/es\/wp-json\/wp\/v2\/types\/page"}],"author":[{"embeddable":true,"href":"https:\/\/petronor.eus\/es\/wp-json\/wp\/v2\/users\/1"}],"replies":[{"embeddable":true,"href":"https:\/\/petronor.eus\/es\/wp-json\/wp\/v2\/comments?post=113"}],"version-history":[{"count":22,"href":"https:\/\/petronor.eus\/es\/wp-json\/wp\/v2\/pages\/113\/revisions"}],"predecessor-version":[{"id":39301,"href":"https:\/\/petronor.eus\/es\/wp-json\/wp\/v2\/pages\/113\/revisions\/39301"}],"up":[{"embeddable":true,"href":"https:\/\/petronor.eus\/es\/wp-json\/wp\/v2\/pages\/42"}],"wp:attachment":[{"href":"https:\/\/petronor.eus\/es\/wp-json\/wp\/v2\/media?parent=113"}],"curies":[{"name":"wp","href":"https:\/\/api.w.org\/{rel}","templated":true}]}}