{"id":115,"date":"2014-12-15T12:46:48","date_gmt":"2014-12-15T12:46:48","guid":{"rendered":"https:\/\/petronor.eus\/?page_id=115"},"modified":"2017-06-27T16:55:43","modified_gmt":"2017-06-27T14:55:43","slug":"bandera-petronor","status":"publish","type":"page","link":"https:\/\/petronor.eus\/es\/patrocinio\/deportivo\/bandera-petronor\/","title":{"rendered":"BANDERA PETRONOR"},"content":{"rendered":"<div class=\"row introBlock full-width-section primeraFila\">\r\n<div class=\"col-lg-3 col-md-3 col-xs-12 col-sm-12\">\r\n<div class=\"menu-menu_patrocinios-container\"><ul id=\"menu-menu_patrocinios\" class=\"subnav\"><li id=\"menu-item-1880\" class=\"menu-item menu-item-type-post_type menu-item-object-page menu-item-1880\"><a href=\"https:\/\/petronor.eus\/es\/patrocinio\/deportivo\/bandera-petronor\/\">BANDERA PETRONOR<\/a><\/li>\n<li id=\"menu-item-1879\" class=\"menu-item menu-item-type-post_type menu-item-object-page menu-item-1879\"><a href=\"https:\/\/petronor.eus\/es\/patrocinio\/deportivo\/otros-apoyos\/\">OTROS APOYOS<\/a><\/li>\n<li id=\"menu-item-1881\" class=\"menu-item menu-item-type-post_type menu-item-object-page menu-item-1881\"><a href=\"https:\/\/petronor.eus\/es\/patrocinio\/deportivo\/athletic\/\">ATHLETIC 2008-2015<\/a><\/li>\n<li id=\"menu-item-1892\" class=\"menu-item menu-item-type-custom menu-item-object-custom menu-item-1892\"><a href=\"https:\/\/petronor.eus\/es\/album\/\">NUESTRO \u00c1LBUM<\/a><\/li>\n<\/ul><\/div>\r\n<\/div>\r\n<div class=\"col-lg-9 col-md-9 col-xs-12 col-sm-12\">\r\n<h1>BANDERA PETRONOR<\/h1>\r\n<img loading=\"lazy\" decoding=\"async\" id=\"img-bandera-113\" class=\"alignright size-full wp-image-2518\" style=\"margin-right: -15px;\" src=\"https:\/\/petronor.eus\/wp-content\/uploads\/2014\/12\/31-bandera-petronor.jpg\" alt=\"31-bandera-petronor\" width=\"1100\" height=\"734\" srcset=\"https:\/\/petronor.eus\/wp-content\/uploads\/2014\/12\/31-bandera-petronor.jpg 1100w, https:\/\/petronor.eus\/wp-content\/uploads\/2014\/12\/31-bandera-petronor-600x400.jpg 600w, https:\/\/petronor.eus\/wp-content\/uploads\/2014\/12\/31-bandera-petronor-860x574.jpg 860w\" sizes=\"(max-width: 1100px) 100vw, 1100px\" \/>\r\n<\/div>\r\n<\/div>\r\n<div style=\"margin-bottom:20px ; height:1px; clear:both;\"><\/div>\r\n<div class=\"row \">\r\n<div class=\"col-lg-6 col-md-6 col-xs-12 col-sm-12 col-md-offset-3 col-lg-offset-3\">\r\n<p style=\"margin-top: 0;\">Aunque el pueblo de Zierbena consigui\u00f3 su primera bandera hace m\u00e1s de 125 a\u00f1os, no fue <strong>hasta 1984 cuando Petronor inici\u00f3 su labor de patrocinador y organizador de la prueba<\/strong>. Desde entonces se viene disputando ininterrumpidamente esta cita anual, una regata que ha terminado por convertirse en todo un cl\u00e1sico de la temporada traineril y que tiene un recorrido de 5.556 metros que constan de cuatro largos y tres ciabogas. El d\u00eda 23 de agosto de 2008 la regata Bandera de Petronor cumpli\u00f3 sus bodas de plata, celebrando su 25\u00aa edici\u00f3n.<\/p>\r\nDesde la primera prueba, en el 84, <strong>Petronor se ha mantenido fiel en su patrocinio a la Bandera de forma ininterrumpida<\/strong> y cabe destacar que, actualmente, la Bandera Petronor es la \u00fanica del calendario de regatas patrocinada por una empresa. Junto con el Zierbenako Arraun Kirol Elkartea y los vecinos del pueblo, Petronor se ha implicado, a\u00f1o tras a\u00f1o, en la organizaci\u00f3n de este evento de tanta relevancia para Zierbena.\r\n\r\nEn el a\u00f1o 2010 la trainera de Zierbena, que siempre ha conseguido mantenerse cerca de las primeras posiciones, se hizo con la ansiada bandera de Petronor. Esta es la primera bandera conseguida por Zierbena desde que Petronor es patrocinador y organizador de la regata.\r\n\r\n<\/div>\r\n<div class=\"col-lg-3 col-md-3 col-xs-12 col-sm-12\">\r\n<img loading=\"lazy\" decoding=\"async\" class=\"alignnone size-full wp-image-2516\" src=\"https:\/\/petronor.eus\/wp-content\/uploads\/2014\/12\/bandera-petronor-2013.jpg\" alt=\"bandera-petronor-2013\" width=\"450\" height=\"300\" \/>\r\n\r\n<div class=\"pieDeFoto\">Bandera Petronor<\/div>\r\n\r\n<\/div>\r\n<\/div>","protected":false},"excerpt":{"rendered":"","protected":false},"author":1,"featured_media":0,"parent":42,"menu_order":2,"comment_status":"open","ping_status":"closed","template":"","meta":{"footnotes":""},"class_list":["post-115","page","type-page","status-publish","hentry"],"yoast_head":"<!-- This site is optimized with the Yoast SEO plugin v24.7 - https:\/\/yoast.com\/wordpress\/plugins\/seo\/ -->\n<title>Bandera Petronor de traineras<\/title>\n<meta name=\"description\" content=\"Petronor patrocina desde 1984 una de las pruebas m\u00e1s tradicionales del calendario de regatas del Pa\u00eds Vasco: la bandera Petronor.\" \/>\n<meta name=\"robots\" content=\"index, follow, max-snippet:-1, max-image-preview:large, max-video-preview:-1\" \/>\n<link rel=\"canonical\" href=\"https:\/\/petronor.eus\/es\/patrocinio\/deportivo\/bandera-petronor\/\" \/>\n<meta property=\"og:locale\" content=\"es_ES\" \/>\n<meta property=\"og:type\" content=\"article\" \/>\n<meta property=\"og:title\" content=\"Bandera Petronor de traineras\" \/>\n<meta property=\"og:description\" content=\"Petronor patrocina desde 1984 una de las pruebas m\u00e1s tradicionales del calendario de regatas del Pa\u00eds Vasco: la bandera Petronor.\" \/>\n<meta property=\"og:url\" content=\"https:\/\/petronor.eus\/es\/patrocinio\/deportivo\/bandera-petronor\/\" \/>\n<meta property=\"og:site_name\" content=\"Petronor\" \/>\n<meta property=\"article:modified_time\" content=\"2017-06-27T14:55:43+00:00\" \/>\n<meta property=\"og:image\" content=\"https:\/\/petronor.eus\/wp-content\/uploads\/2014\/12\/31-bandera-petronor.jpg\" \/>\n<meta name=\"twitter:label1\" content=\"Est. reading time\" \/>\n\t<meta name=\"twitter:data1\" content=\"1 minute\" \/>\n<script type=\"application\/ld+json\" class=\"yoast-schema-graph\">{\"@context\":\"https:\/\/schema.org\",\"@graph\":[{\"@type\":\"WebPage\",\"@id\":\"https:\/\/petronor.eus\/es\/patrocinio\/deportivo\/bandera-petronor\/\",\"url\":\"https:\/\/petronor.eus\/es\/patrocinio\/deportivo\/bandera-petronor\/\",\"name\":\"Bandera Petronor de traineras\",\"isPartOf\":{\"@id\":\"https:\/\/petronor.eus\/es\/#website\"},\"primaryImageOfPage\":{\"@id\":\"https:\/\/petronor.eus\/es\/patrocinio\/deportivo\/bandera-petronor\/#primaryimage\"},\"image\":{\"@id\":\"https:\/\/petronor.eus\/es\/patrocinio\/deportivo\/bandera-petronor\/#primaryimage\"},\"thumbnailUrl\":\"https:\/\/petronor.eus\/wp-content\/uploads\/2014\/12\/31-bandera-petronor.jpg\",\"datePublished\":\"2014-12-15T12:46:48+00:00\",\"dateModified\":\"2017-06-27T14:55:43+00:00\",\"description\":\"Petronor patrocina desde 1984 una de las pruebas m\u00e1s tradicionales del calendario de regatas del Pa\u00eds Vasco: la bandera Petronor.\",\"breadcrumb\":{\"@id\":\"https:\/\/petronor.eus\/es\/patrocinio\/deportivo\/bandera-petronor\/#breadcrumb\"},\"inLanguage\":\"es-ES\",\"potentialAction\":[{\"@type\":\"ReadAction\",\"target\":[\"https:\/\/petronor.eus\/es\/patrocinio\/deportivo\/bandera-petronor\/\"]}]},{\"@type\":\"ImageObject\",\"inLanguage\":\"es-ES\",\"@id\":\"https:\/\/petronor.eus\/es\/patrocinio\/deportivo\/bandera-petronor\/#primaryimage\",\"url\":\"https:\/\/petronor.eus\/wp-content\/uploads\/2014\/12\/31-bandera-petronor.jpg\",\"contentUrl\":\"https:\/\/petronor.eus\/wp-content\/uploads\/2014\/12\/31-bandera-petronor.jpg\"},{\"@type\":\"BreadcrumbList\",\"@id\":\"https:\/\/petronor.eus\/es\/patrocinio\/deportivo\/bandera-petronor\/#breadcrumb\",\"itemListElement\":[{\"@type\":\"ListItem\",\"position\":1,\"name\":\"Home\",\"item\":\"https:\/\/petronor.eus\/es\/\"},{\"@type\":\"ListItem\",\"position\":2,\"name\":\"PATROCINIO\",\"item\":\"https:\/\/petronor.eus\/es\/patrocinio\/\"},{\"@type\":\"ListItem\",\"position\":3,\"name\":\"DEPORTIVO\",\"item\":\"https:\/\/petronor.eus\/es\/patrocinio\/deportivo\/\"},{\"@type\":\"ListItem\",\"position\":4,\"name\":\"BANDERA PETRONOR\"}]},{\"@type\":\"WebSite\",\"@id\":\"https:\/\/petronor.eus\/es\/#website\",\"url\":\"https:\/\/petronor.eus\/es\/\",\"name\":\"Petronor\",\"description\":\"\",\"potentialAction\":[{\"@type\":\"SearchAction\",\"target\":{\"@type\":\"EntryPoint\",\"urlTemplate\":\"https:\/\/petronor.eus\/es\/?s={search_term_string}\"},\"query-input\":{\"@type\":\"PropertyValueSpecification\",\"valueRequired\":true,\"valueName\":\"search_term_string\"}}],\"inLanguage\":\"es-ES\"}]}<\/script>\n<!-- \/ Yoast SEO plugin. -->","yoast_head_json":{"title":"Bandera Petronor de traineras","description":"Petronor patrocina desde 1984 una de las pruebas m\u00e1s tradicionales del calendario de regatas del Pa\u00eds Vasco: la bandera Petronor.","robots":{"index":"index","follow":"follow","max-snippet":"max-snippet:-1","max-image-preview":"max-image-preview:large","max-video-preview":"max-video-preview:-1"},"canonical":"https:\/\/petronor.eus\/es\/patrocinio\/deportivo\/bandera-petronor\/","og_locale":"es_ES","og_type":"article","og_title":"Bandera Petronor de traineras","og_description":"Petronor patrocina desde 1984 una de las pruebas m\u00e1s tradicionales del calendario de regatas del Pa\u00eds Vasco: la bandera Petronor.","og_url":"https:\/\/petronor.eus\/es\/patrocinio\/deportivo\/bandera-petronor\/","og_site_name":"Petronor","article_modified_time":"2017-06-27T14:55:43+00:00","og_image":[{"url":"https:\/\/petronor.eus\/wp-content\/uploads\/2014\/12\/31-bandera-petronor.jpg","type":"","width":"","height":""}],"twitter_misc":{"Est. reading time":"1 minute"},"schema":{"@context":"https:\/\/schema.org","@graph":[{"@type":"WebPage","@id":"https:\/\/petronor.eus\/es\/patrocinio\/deportivo\/bandera-petronor\/","url":"https:\/\/petronor.eus\/es\/patrocinio\/deportivo\/bandera-petronor\/","name":"Bandera Petronor de traineras","isPartOf":{"@id":"https:\/\/petronor.eus\/es\/#website"},"primaryImageOfPage":{"@id":"https:\/\/petronor.eus\/es\/patrocinio\/deportivo\/bandera-petronor\/#primaryimage"},"image":{"@id":"https:\/\/petronor.eus\/es\/patrocinio\/deportivo\/bandera-petronor\/#primaryimage"},"thumbnailUrl":"https:\/\/petronor.eus\/wp-content\/uploads\/2014\/12\/31-bandera-petronor.jpg","datePublished":"2014-12-15T12:46:48+00:00","dateModified":"2017-06-27T14:55:43+00:00","description":"Petronor patrocina desde 1984 una de las pruebas m\u00e1s tradicionales del calendario de regatas del Pa\u00eds Vasco: la bandera Petronor.","breadcrumb":{"@id":"https:\/\/petronor.eus\/es\/patrocinio\/deportivo\/bandera-petronor\/#breadcrumb"},"inLanguage":"es-ES","potentialAction":[{"@type":"ReadAction","target":["https:\/\/petronor.eus\/es\/patrocinio\/deportivo\/bandera-petronor\/"]}]},{"@type":"ImageObject","inLanguage":"es-ES","@id":"https:\/\/petronor.eus\/es\/patrocinio\/deportivo\/bandera-petronor\/#primaryimage","url":"https:\/\/petronor.eus\/wp-content\/uploads\/2014\/12\/31-bandera-petronor.jpg","contentUrl":"https:\/\/petronor.eus\/wp-content\/uploads\/2014\/12\/31-bandera-petronor.jpg"},{"@type":"BreadcrumbList","@id":"https:\/\/petronor.eus\/es\/patrocinio\/deportivo\/bandera-petronor\/#breadcrumb","itemListElement":[{"@type":"ListItem","position":1,"name":"Home","item":"https:\/\/petronor.eus\/es\/"},{"@type":"ListItem","position":2,"name":"PATROCINIO","item":"https:\/\/petronor.eus\/es\/patrocinio\/"},{"@type":"ListItem","position":3,"name":"DEPORTIVO","item":"https:\/\/petronor.eus\/es\/patrocinio\/deportivo\/"},{"@type":"ListItem","position":4,"name":"BANDERA PETRONOR"}]},{"@type":"WebSite","@id":"https:\/\/petronor.eus\/es\/#website","url":"https:\/\/petronor.eus\/es\/","name":"Petronor","description":"","potentialAction":[{"@type":"SearchAction","target":{"@type":"EntryPoint","urlTemplate":"https:\/\/petronor.eus\/es\/?s={search_term_string}"},"query-input":{"@type":"PropertyValueSpecification","valueRequired":true,"valueName":"search_term_string"}}],"inLanguage":"es-ES"}]}},"_links":{"self":[{"href":"https:\/\/petronor.eus\/es\/wp-json\/wp\/v2\/pages\/115","targetHints":{"allow":["GET"]}}],"collection":[{"href":"https:\/\/petronor.eus\/es\/wp-json\/wp\/v2\/pages"}],"about":[{"href":"https:\/\/petronor.eus\/es\/wp-json\/wp\/v2\/types\/page"}],"author":[{"embeddable":true,"href":"https:\/\/petronor.eus\/es\/wp-json\/wp\/v2\/users\/1"}],"replies":[{"embeddable":true,"href":"https:\/\/petronor.eus\/es\/wp-json\/wp\/v2\/comments?post=115"}],"version-history":[{"count":27,"href":"https:\/\/petronor.eus\/es\/wp-json\/wp\/v2\/pages\/115\/revisions"}],"predecessor-version":[{"id":39470,"href":"https:\/\/petronor.eus\/es\/wp-json\/wp\/v2\/pages\/115\/revisions\/39470"}],"up":[{"embeddable":true,"href":"https:\/\/petronor.eus\/es\/wp-json\/wp\/v2\/pages\/42"}],"wp:attachment":[{"href":"https:\/\/petronor.eus\/es\/wp-json\/wp\/v2\/media?parent=115"}],"curies":[{"name":"wp","href":"https:\/\/api.w.org\/{rel}","templated":true}]}}