{"id":117,"date":"2014-12-15T12:47:10","date_gmt":"2014-12-15T12:47:10","guid":{"rendered":"https:\/\/petronor.eus\/?page_id=117"},"modified":"2017-07-10T10:32:57","modified_gmt":"2017-07-10T08:32:57","slug":"otros-apoyos","status":"publish","type":"page","link":"https:\/\/petronor.eus\/es\/patrocinio\/deportivo\/otros-apoyos\/","title":{"rendered":"OTROS APOYOS"},"content":{"rendered":"<div class=\"row introBlock full-width-section primeraFila\">\r\n<div class=\"col-lg-3 col-md-3 col-xs-12 col-sm-12\">\r\n<div class=\"menu-menu_patrocinios-container\"><ul id=\"menu-menu_patrocinios\" class=\"subnav\"><li id=\"menu-item-1880\" class=\"menu-item menu-item-type-post_type menu-item-object-page menu-item-1880\"><a href=\"https:\/\/petronor.eus\/es\/patrocinio\/deportivo\/bandera-petronor\/\">BANDERA PETRONOR<\/a><\/li>\n<li id=\"menu-item-1879\" class=\"menu-item menu-item-type-post_type menu-item-object-page menu-item-1879\"><a href=\"https:\/\/petronor.eus\/es\/patrocinio\/deportivo\/otros-apoyos\/\">OTROS APOYOS<\/a><\/li>\n<li id=\"menu-item-1881\" class=\"menu-item menu-item-type-post_type menu-item-object-page menu-item-1881\"><a href=\"https:\/\/petronor.eus\/es\/patrocinio\/deportivo\/athletic\/\">ATHLETIC 2008-2015<\/a><\/li>\n<li id=\"menu-item-1892\" class=\"menu-item menu-item-type-custom menu-item-object-custom menu-item-1892\"><a href=\"https:\/\/petronor.eus\/es\/album\/\">NUESTRO \u00c1LBUM<\/a><\/li>\n<\/ul><\/div>\r\n<\/div>\r\n<div class=\"col-lg-9 col-md-9 col-xs-12 col-sm-12\">\r\n<H1>OTROS APOYOS<\/H1>\r\n<img loading=\"lazy\" decoding=\"async\" class=\"alignleft size-full wp-image-2529\" src=\"https:\/\/petronor.eus\/wp-content\/uploads\/2014\/12\/marcha-cicloturista-gallarta.jpg\" alt=\"marcha-cicloturista-gallarta\" width=\"800\" height=\"534\" srcset=\"https:\/\/petronor.eus\/wp-content\/uploads\/2014\/12\/marcha-cicloturista-gallarta.jpg 800w, https:\/\/petronor.eus\/wp-content\/uploads\/2014\/12\/marcha-cicloturista-gallarta-600x401.jpg 600w\" sizes=\"(max-width: 800px) 100vw, 800px\" \/>\r\n<\/div>\r\n<\/div>\r\n<div style=\"margin-bottom:20px ; height:1px; clear:both;\"><\/div>\r\n<div class=\"row full-width-transparente\">\r\n<div class=\"col-lg-6 col-md-6 col-xs-12 col-sm-8 col-md-offset-3 col-lg-offset-3\">\r\n<div class=\"tablaHeader\">\n<div class=\"celda celdaIzquierda \"><h3>APOYO AL DEPORTE BASE<\/h3><\/div>\n<div class=\"celda\"><div class=\"widgettitlewrapper\">&nbsp;<\/div><\/div>\n<\/div>\r\n\r\nPetronor comprende que el futuro del deporte de cualquier regi\u00f3n no reside \u00fanicamente en sus categor\u00edas m\u00e1ximas, sino en los j\u00f3venes que se inician en las actividades deportivas con ilusi\u00f3n y esfuerzo. Por eso, desde hace a\u00f1os, la Refiner\u00eda lleva a cabo una labor de <strong>promoci\u00f3n de clubes<\/strong> potenciando las bases de los mismos, en las categor\u00edas menores donde se forjan los futuros atletas deportivos de Muskiz, Abanto-Zierbena y Zierbena.<br\/><br\/>\r\n\r\nCon esta pol\u00edtica, Petronor ayuda a <strong>impulsar las canteras locales<\/strong> de la nataci\u00f3n, el remo, el f\u00fatbol, la pelota o el baloncesto, entre otras. Gracias a esto, muchos <strong>chicos y chicas de hasta 13<\/strong> a\u00f1os cuentan con la diversi\u00f3n y los beneficios de la pr\u00e1ctica deportiva, desarrollando sus talentos personales, ya que el deporte potencia las distintas inteligencias, y mejorando sus aptitudes sociales, aprendiendo a trabajar en equipo.<br\/><br\/>\r\n\r\nEn estas edades en las que el deporte debe entenderse como un camino para conquistar el proyecto de vida, Petronor colabora en el desarrollo de las potencialidades personales del joven en el tr\u00e1nsito de individuo a persona, tanto en el desarrollo propio como social.<br\/><br\/>\r\n\r\n<\/div>\r\n<div class=\"col-lg-3 col-md-3 col-xs-12 col-sm-4\">\r\n<img loading=\"lazy\" decoding=\"async\" class=\"alignright size-full wp-image-2536\" src=\"https:\/\/petronor.eus\/wp-content\/uploads\/2014\/12\/campus-futbol-petronor-muskiz.jpg\" alt=\"campus-futbol-petronor-muskiz\" width=\"450\" height=\"450\" srcset=\"https:\/\/petronor.eus\/wp-content\/uploads\/2014\/12\/campus-futbol-petronor-muskiz.jpg 450w, https:\/\/petronor.eus\/wp-content\/uploads\/2014\/12\/campus-futbol-petronor-muskiz-150x150.jpg 150w, https:\/\/petronor.eus\/wp-content\/uploads\/2014\/12\/campus-futbol-petronor-muskiz-300x300.jpg 300w, https:\/\/petronor.eus\/wp-content\/uploads\/2014\/12\/campus-futbol-petronor-muskiz-70x70.jpg 70w\" sizes=\"(max-width: 450px) 100vw, 450px\" \/>\r\n<div class=\"pieDeFoto\">Campus de F\u00fatbol Petronor-Muskiz<\/div>\r\n<\/div>\r\n<\/div>\r\n\r\n<div style=\"margin-bottom:20px ; height:1px; clear:both;\"><\/div>\r\n<div class=\"row full-width-transparente\">\r\n<div class=\"col-lg-6 col-md-6 col-xs-12 col-sm-8 col-md-offset-3 col-lg-offset-3\">\r\n<div class=\"tablaHeader\">\n<div class=\"celda celdaIzquierda \"><h3> APOYO A LOS PARAL\u00cdMPICOS<\/h3><\/div>\n<div class=\"celda\"><div class=\"widgettitlewrapper\">&nbsp;<\/div><\/div>\n<\/div>\r\n\r\nLa importancia que tiene para la salud de cualquier persona la pr\u00e1ctica del deporte se ve acentuada en aquellos que padecen alguna deficiencia, sobre todo en determinados procesos rehabilitadores. Por eso, con el objeto de apoyar y fomentar el deporte dentro del colectivo de personas con disminuci\u00f3n, Petronor colabora con los <strong>practicantes de deporte adaptado vascos<\/strong> a trav\u00e9s de la <a title=\"Fundaci\u00f3n Saiatu\" href=\"http:\/\/www.saiatu.org\/index.php\" target=\"_blank\">Fundaci\u00f3n Saiatu<\/a>.<br\/><br\/>\r\n\r\nEsta entidad sin \u00e1nimo de lucro actua como elemento organizativo com\u00fan que promueve debidamente el deporte dentro del colectivo de personas con minusval\u00edas y cuyo objetivo es apoyar y fomentar el deporte como instrumento al servicio de la rehabilitaci\u00f3n e integraci\u00f3n social. Recientemente Saiatu ha dado soporte a varios de estos deportistas en las Paralimpiadas de Londres 2012.<br\/><br\/>\r\n\r\nGracias a ayudas como la de Petronor y a labor de Saiatu los deportistas paral\u00edmpicos, con su constante esfuerzo personal, logran a\u00f1o tras a\u00f1o mejorar su palmar\u00e9s con mejores resultados y nuevos r\u00e9cord.<br\/><br\/>\r\n\r\n<\/div>\r\n<div class=\"col-lg-3 col-md-3 col-xs-12 col-sm-4\">\r\n<img loading=\"lazy\" decoding=\"async\" class=\"alignnone size-full wp-image-1055\" src=\"\/wp-content\/uploads\/2014\/12\/paralimpicos.jpg\" alt=\"Petronor apoyo paral\u00edmpicos\" width=\"600\" height=\"381\" \/><div class=\"pieDeFoto\">Paralimpiadas de Londres  2012<\/div>\r\n<\/div>\r\n<\/div>\r\n\r\n<div style=\"margin-bottom:30px ; height:1px; clear:both;\"><\/div>","protected":false},"excerpt":{"rendered":"","protected":false},"author":1,"featured_media":0,"parent":42,"menu_order":3,"comment_status":"open","ping_status":"closed","template":"","meta":{"footnotes":""},"class_list":["post-117","page","type-page","status-publish","hentry"],"yoast_head":"<!-- This site is optimized with the Yoast SEO plugin v24.7 - https:\/\/yoast.com\/wordpress\/plugins\/seo\/ -->\n<title>Apoyos deportivos - Petronor<\/title>\n<meta name=\"description\" content=\"Petronor apoya el deporte base promocionando clubes en las categor\u00edas menores del entorno de Muskiz y apoya diferentes deportistas paral\u00edmpicos.\" \/>\n<meta name=\"robots\" content=\"index, follow, max-snippet:-1, max-image-preview:large, max-video-preview:-1\" \/>\n<link rel=\"canonical\" href=\"https:\/\/petronor.eus\/es\/patrocinio\/deportivo\/otros-apoyos\/\" \/>\n<meta property=\"og:locale\" content=\"es_ES\" \/>\n<meta property=\"og:type\" content=\"article\" \/>\n<meta property=\"og:title\" content=\"Apoyos deportivos - Petronor\" \/>\n<meta property=\"og:description\" content=\"Petronor apoya el deporte base promocionando clubes en las categor\u00edas menores del entorno de Muskiz y apoya diferentes deportistas paral\u00edmpicos.\" \/>\n<meta property=\"og:url\" content=\"https:\/\/petronor.eus\/es\/patrocinio\/deportivo\/otros-apoyos\/\" \/>\n<meta property=\"og:site_name\" content=\"Petronor\" \/>\n<meta property=\"article:modified_time\" content=\"2017-07-10T08:32:57+00:00\" \/>\n<meta property=\"og:image\" content=\"https:\/\/petronor.eus\/wp-content\/uploads\/2014\/12\/marcha-cicloturista-gallarta.jpg\" \/>\n<meta name=\"twitter:label1\" content=\"Est. reading time\" \/>\n\t<meta name=\"twitter:data1\" content=\"2 minutes\" \/>\n<script type=\"application\/ld+json\" class=\"yoast-schema-graph\">{\"@context\":\"https:\/\/schema.org\",\"@graph\":[{\"@type\":\"WebPage\",\"@id\":\"https:\/\/petronor.eus\/es\/patrocinio\/deportivo\/otros-apoyos\/\",\"url\":\"https:\/\/petronor.eus\/es\/patrocinio\/deportivo\/otros-apoyos\/\",\"name\":\"Apoyos deportivos - Petronor\",\"isPartOf\":{\"@id\":\"https:\/\/petronor.eus\/es\/#website\"},\"primaryImageOfPage\":{\"@id\":\"https:\/\/petronor.eus\/es\/patrocinio\/deportivo\/otros-apoyos\/#primaryimage\"},\"image\":{\"@id\":\"https:\/\/petronor.eus\/es\/patrocinio\/deportivo\/otros-apoyos\/#primaryimage\"},\"thumbnailUrl\":\"https:\/\/petronor.eus\/wp-content\/uploads\/2014\/12\/marcha-cicloturista-gallarta.jpg\",\"datePublished\":\"2014-12-15T12:47:10+00:00\",\"dateModified\":\"2017-07-10T08:32:57+00:00\",\"description\":\"Petronor apoya el deporte base promocionando clubes en las categor\u00edas menores del entorno de Muskiz y apoya diferentes deportistas paral\u00edmpicos.\",\"breadcrumb\":{\"@id\":\"https:\/\/petronor.eus\/es\/patrocinio\/deportivo\/otros-apoyos\/#breadcrumb\"},\"inLanguage\":\"es-ES\",\"potentialAction\":[{\"@type\":\"ReadAction\",\"target\":[\"https:\/\/petronor.eus\/es\/patrocinio\/deportivo\/otros-apoyos\/\"]}]},{\"@type\":\"ImageObject\",\"inLanguage\":\"es-ES\",\"@id\":\"https:\/\/petronor.eus\/es\/patrocinio\/deportivo\/otros-apoyos\/#primaryimage\",\"url\":\"https:\/\/petronor.eus\/wp-content\/uploads\/2014\/12\/marcha-cicloturista-gallarta.jpg\",\"contentUrl\":\"https:\/\/petronor.eus\/wp-content\/uploads\/2014\/12\/marcha-cicloturista-gallarta.jpg\"},{\"@type\":\"BreadcrumbList\",\"@id\":\"https:\/\/petronor.eus\/es\/patrocinio\/deportivo\/otros-apoyos\/#breadcrumb\",\"itemListElement\":[{\"@type\":\"ListItem\",\"position\":1,\"name\":\"Home\",\"item\":\"https:\/\/petronor.eus\/es\/\"},{\"@type\":\"ListItem\",\"position\":2,\"name\":\"PATROCINIO\",\"item\":\"https:\/\/petronor.eus\/es\/patrocinio\/\"},{\"@type\":\"ListItem\",\"position\":3,\"name\":\"DEPORTIVO\",\"item\":\"https:\/\/petronor.eus\/es\/patrocinio\/deportivo\/\"},{\"@type\":\"ListItem\",\"position\":4,\"name\":\"OTROS APOYOS\"}]},{\"@type\":\"WebSite\",\"@id\":\"https:\/\/petronor.eus\/es\/#website\",\"url\":\"https:\/\/petronor.eus\/es\/\",\"name\":\"Petronor\",\"description\":\"\",\"potentialAction\":[{\"@type\":\"SearchAction\",\"target\":{\"@type\":\"EntryPoint\",\"urlTemplate\":\"https:\/\/petronor.eus\/es\/?s={search_term_string}\"},\"query-input\":{\"@type\":\"PropertyValueSpecification\",\"valueRequired\":true,\"valueName\":\"search_term_string\"}}],\"inLanguage\":\"es-ES\"}]}<\/script>\n<!-- \/ Yoast SEO plugin. -->","yoast_head_json":{"title":"Apoyos deportivos - Petronor","description":"Petronor apoya el deporte base promocionando clubes en las categor\u00edas menores del entorno de Muskiz y apoya diferentes deportistas paral\u00edmpicos.","robots":{"index":"index","follow":"follow","max-snippet":"max-snippet:-1","max-image-preview":"max-image-preview:large","max-video-preview":"max-video-preview:-1"},"canonical":"https:\/\/petronor.eus\/es\/patrocinio\/deportivo\/otros-apoyos\/","og_locale":"es_ES","og_type":"article","og_title":"Apoyos deportivos - Petronor","og_description":"Petronor apoya el deporte base promocionando clubes en las categor\u00edas menores del entorno de Muskiz y apoya diferentes deportistas paral\u00edmpicos.","og_url":"https:\/\/petronor.eus\/es\/patrocinio\/deportivo\/otros-apoyos\/","og_site_name":"Petronor","article_modified_time":"2017-07-10T08:32:57+00:00","og_image":[{"url":"https:\/\/petronor.eus\/wp-content\/uploads\/2014\/12\/marcha-cicloturista-gallarta.jpg","type":"","width":"","height":""}],"twitter_misc":{"Est. reading time":"2 minutes"},"schema":{"@context":"https:\/\/schema.org","@graph":[{"@type":"WebPage","@id":"https:\/\/petronor.eus\/es\/patrocinio\/deportivo\/otros-apoyos\/","url":"https:\/\/petronor.eus\/es\/patrocinio\/deportivo\/otros-apoyos\/","name":"Apoyos deportivos - Petronor","isPartOf":{"@id":"https:\/\/petronor.eus\/es\/#website"},"primaryImageOfPage":{"@id":"https:\/\/petronor.eus\/es\/patrocinio\/deportivo\/otros-apoyos\/#primaryimage"},"image":{"@id":"https:\/\/petronor.eus\/es\/patrocinio\/deportivo\/otros-apoyos\/#primaryimage"},"thumbnailUrl":"https:\/\/petronor.eus\/wp-content\/uploads\/2014\/12\/marcha-cicloturista-gallarta.jpg","datePublished":"2014-12-15T12:47:10+00:00","dateModified":"2017-07-10T08:32:57+00:00","description":"Petronor apoya el deporte base promocionando clubes en las categor\u00edas menores del entorno de Muskiz y apoya diferentes deportistas paral\u00edmpicos.","breadcrumb":{"@id":"https:\/\/petronor.eus\/es\/patrocinio\/deportivo\/otros-apoyos\/#breadcrumb"},"inLanguage":"es-ES","potentialAction":[{"@type":"ReadAction","target":["https:\/\/petronor.eus\/es\/patrocinio\/deportivo\/otros-apoyos\/"]}]},{"@type":"ImageObject","inLanguage":"es-ES","@id":"https:\/\/petronor.eus\/es\/patrocinio\/deportivo\/otros-apoyos\/#primaryimage","url":"https:\/\/petronor.eus\/wp-content\/uploads\/2014\/12\/marcha-cicloturista-gallarta.jpg","contentUrl":"https:\/\/petronor.eus\/wp-content\/uploads\/2014\/12\/marcha-cicloturista-gallarta.jpg"},{"@type":"BreadcrumbList","@id":"https:\/\/petronor.eus\/es\/patrocinio\/deportivo\/otros-apoyos\/#breadcrumb","itemListElement":[{"@type":"ListItem","position":1,"name":"Home","item":"https:\/\/petronor.eus\/es\/"},{"@type":"ListItem","position":2,"name":"PATROCINIO","item":"https:\/\/petronor.eus\/es\/patrocinio\/"},{"@type":"ListItem","position":3,"name":"DEPORTIVO","item":"https:\/\/petronor.eus\/es\/patrocinio\/deportivo\/"},{"@type":"ListItem","position":4,"name":"OTROS APOYOS"}]},{"@type":"WebSite","@id":"https:\/\/petronor.eus\/es\/#website","url":"https:\/\/petronor.eus\/es\/","name":"Petronor","description":"","potentialAction":[{"@type":"SearchAction","target":{"@type":"EntryPoint","urlTemplate":"https:\/\/petronor.eus\/es\/?s={search_term_string}"},"query-input":{"@type":"PropertyValueSpecification","valueRequired":true,"valueName":"search_term_string"}}],"inLanguage":"es-ES"}]}},"_links":{"self":[{"href":"https:\/\/petronor.eus\/es\/wp-json\/wp\/v2\/pages\/117","targetHints":{"allow":["GET"]}}],"collection":[{"href":"https:\/\/petronor.eus\/es\/wp-json\/wp\/v2\/pages"}],"about":[{"href":"https:\/\/petronor.eus\/es\/wp-json\/wp\/v2\/types\/page"}],"author":[{"embeddable":true,"href":"https:\/\/petronor.eus\/es\/wp-json\/wp\/v2\/users\/1"}],"replies":[{"embeddable":true,"href":"https:\/\/petronor.eus\/es\/wp-json\/wp\/v2\/comments?post=117"}],"version-history":[{"count":48,"href":"https:\/\/petronor.eus\/es\/wp-json\/wp\/v2\/pages\/117\/revisions"}],"predecessor-version":[{"id":7375,"href":"https:\/\/petronor.eus\/es\/wp-json\/wp\/v2\/pages\/117\/revisions\/7375"}],"up":[{"embeddable":true,"href":"https:\/\/petronor.eus\/es\/wp-json\/wp\/v2\/pages\/42"}],"wp:attachment":[{"href":"https:\/\/petronor.eus\/es\/wp-json\/wp\/v2\/media?parent=117"}],"curies":[{"name":"wp","href":"https:\/\/api.w.org\/{rel}","templated":true}]}}