{"id":125,"date":"2014-12-15T12:49:44","date_gmt":"2014-12-15T12:49:44","guid":{"rendered":"https:\/\/petronor.eus\/?page_id=125"},"modified":"2017-10-06T14:59:35","modified_gmt":"2017-10-06T12:59:35","slug":"la-flora","status":"publish","type":"page","link":"https:\/\/petronor.eus\/es\/nuestro-entorno\/entorno-natural\/la-flora\/","title":{"rendered":"LA FLORA"},"content":{"rendered":"<div class=\"row introBlock full-width-section primeraFila\">\r\n<div class=\"col-lg-3 col-md-3 col-xs-12 col-sm-6\">\r\n<ul class=\"subnav\">  <li class=\"page_item page-item-125 page_item_has_children\"><a href=\"https:\/\/petronor.eus\/es\/nuestro-entorno\/entorno-natural\/la-flora\/\">LA FLORA<\/a><\/li>\n<li class=\"page_item page-item-127 page_item_has_children\"><a href=\"https:\/\/petronor.eus\/es\/nuestro-entorno\/entorno-natural\/la-fauna\/\">FAUNA, VARIEDAD ECOL\u00d3GICA DEL ENTORNO<\/a><\/li>\n<li class=\"page_item page-item-129\"><a href=\"https:\/\/petronor.eus\/es\/nuestro-entorno\/entorno-natural\/reportajes-de-naturaleza\/\">REPORTAJES DE NATURALEZA<\/a><\/li>\n<li class=\"page_item page-item-1969\"><a href=\"https:\/\/petronor.eus\/es\/nuestro-entorno\/entorno-natural\/repoblacion-vegetal\/\">REPOBLACI\u00d3N VEGETAL DEL BARBADUN<\/a><\/li>\n  <\/ul>\r\n<\/div>\r\n<div class=\"col-lg-4 col-md-4 col-xs-12 col-sm-6\">\r\n<h1 style=\"margin-top: 0;\">LA FLORA Y VEGETACI\u00d3N DEL ENTORNO<\/h1>\r\nLa vegetaci\u00f3n del entorno natural de la Refiner\u00eda de Petronor es la propia de una zona de clima mesot\u00e9rmico (temperaturas suaves y precipitaciones abundantes). Estas condiciones dan lugar a paisajes muy verdes y frondosos, con una interesante diversidad vegetal.\r\n<br \/><br \/>\r\nDe este modo, las especies m\u00e1s habituales en esta regi\u00f3n son los robles, hayas, encinas, nogales, higueras, pl\u00e1tanos, tejos, avellanos o casta\u00f1os, adem\u00e1s de varios \u00e1rboles frutales. La vegetaci\u00f3n var\u00eda ligeramente en funci\u00f3n de la cercan\u00eda al mar y el tipo de suelo, y se distingue una zona litoral y otra de colina.\r\n<br \/><br \/>\r\nEl \u00e1rea litoral recoge la influencia del mar y por ello est\u00e1 poblada por ejemplares de encinar cant\u00e1brico, matorral mediterr\u00e1neo, diferentes pastizales y vegetaci\u00f3n marisme\u00f1a en general. Y la parte de colina aparecen los robles, encinas o madro\u00f1os, para dar una apariencia general de tapiz verde al conjunto.\r\n\r\n<\/div>\r\n<div class=\"col-lg-5 col-md-5 col-xs-12 col-sm-12\">\r\n<img loading=\"lazy\" decoding=\"async\" class=\"alignnone size-full wp-image-2582\" src=\"https:\/\/petronor.eus\/wp-content\/uploads\/2014\/12\/rio-barbadun.jpg\" alt=\"rio-barbadun\" width=\"800\" height=\"450\" srcset=\"https:\/\/petronor.eus\/wp-content\/uploads\/2014\/12\/rio-barbadun.jpg 800w, https:\/\/petronor.eus\/wp-content\/uploads\/2014\/12\/rio-barbadun-600x338.jpg 600w\" sizes=\"(max-width: 800px) 100vw, 800px\" \/>\r\n<\/div>\r\n<\/div>\r\n<div style=\"margin-bottom:20px ; height:1px; clear:both;\"><\/div>\r\n<div class=\"row tablaTurquesa\">\r\n<div class=\"col-lg-3 col-md-3 col-xs-12 col-sm-6\"><div id=\"tituloEntonoFlora\">LA<\/br>FLORA<\/div><\/div>\r\n\r\n<div class=\"col-lg-3 col-md-3 col-xs-12 col-sm-6\"><a href=\"\/es\/reportajes\/los-robles-de-somorrostro-y-muskiz\"><div class=\"marginTopIcono\"><img loading=\"lazy\" decoding=\"async\" src=\"\/wp-content\/uploads\/2015\/01\/icono-flora-1.png\" alt=\"icono-flora-1\" width=\"50\" height=\"50\" class=\"aligncenter size-full wp-image-1244\" \/><\/div><span>EL ROBLE<\/span><\/a><\/div>\r\n\r\n<div class=\"col-lg-3 col-md-3 col-xs-12 col-sm-6\"><a href=\"\/es\/reportajes\/la-encina\"><div class=\"marginTopIcono\"><img loading=\"lazy\" decoding=\"async\" src=\"\/wp-content\/uploads\/2015\/01\/icono-flora-2.png\" alt=\"icono-flora-2\" width=\"50\" height=\"50\" class=\"aligncenter size-full wp-image-1245\" \/><\/div><span>LA ENCINA<\/span><\/a><\/div>\r\n\r\n<div class=\"col-lg-3 col-md-3 col-xs-12 col-sm-6\"><a href=\"\/es\/reportajes\/el-nogal\"><div class=\"marginTopIcono\"><img loading=\"lazy\" decoding=\"async\" src=\"\/wp-content\/uploads\/2015\/01\/icono-flora-3.png\" alt=\"icono-flora-3\" width=\"50\" height=\"50\" class=\"aligncenter size-full wp-image-1246\" \/><\/div><span>EL NOGAL<\/span><\/a><\/div>\r\n\r\n<div class=\"col-lg-3 col-md-3 col-xs-12 col-sm-6 hidden-sm hidden-xs\">&nbsp;<\/div>\r\n\r\n<div class=\"col-lg-3 col-md-3 col-xs-12 col-sm-6\"><a href=\"\/es\/reportajes\/la-higuera\"><div class=\"marginTopIcono\"><img loading=\"lazy\" decoding=\"async\" src=\"\/wp-content\/uploads\/2015\/01\/icono-flora-4.png\" alt=\"icono-flora-4\" width=\"50\" height=\"50\" class=\"aligncenter size-full wp-image-1247\" \/><\/div><span>LA HIGUERA<\/span><\/a><\/div>\r\n\r\n<div class=\"col-lg-3 col-md-3 col-xs-12 col-sm-6\"><a href=\"\/es\/reportajes\/el-avellano\"><div class=\"marginTopIcono\"><img loading=\"lazy\" decoding=\"async\" src=\"\/wp-content\/uploads\/2015\/01\/icono-flora-5.png\" alt=\"icono-flora-5\" width=\"50\" height=\"50\" class=\"aligncenter size-full wp-image-1248\" \/><\/div><span>EL AVELLANO<\/span><\/a><\/div>\r\n\r\n<div class=\"col-lg-3 col-md-3 col-xs-12 col-sm-6 hidden-sm hidden-xs\">&nbsp;<\/div><\/div>\r\n\r\n","protected":false},"excerpt":{"rendered":"","protected":false},"author":1,"featured_media":0,"parent":52,"menu_order":1,"comment_status":"open","ping_status":"open","template":"","meta":{"footnotes":""},"class_list":["post-125","page","type-page","status-publish","hentry"],"yoast_head":"<!-- This site is optimized with the Yoast SEO plugin v24.7 - https:\/\/yoast.com\/wordpress\/plugins\/seo\/ -->\n<title>La flora y vegetaci\u00f3n del entorno<\/title>\n<meta name=\"description\" content=\"Conoce la flora y vegetaci\u00f3n del entorno natural de la refiner\u00eda en Muskiz, propia de una zona con temperaturas suaves y precipitaciones abundantes.\" \/>\n<meta name=\"robots\" content=\"index, follow, max-snippet:-1, max-image-preview:large, max-video-preview:-1\" \/>\n<link rel=\"canonical\" href=\"https:\/\/petronor.eus\/es\/nuestro-entorno\/entorno-natural\/la-flora\/\" \/>\n<meta property=\"og:locale\" content=\"es_ES\" \/>\n<meta property=\"og:type\" content=\"article\" \/>\n<meta property=\"og:title\" content=\"La flora y vegetaci\u00f3n del entorno\" \/>\n<meta property=\"og:description\" content=\"Conoce la flora y vegetaci\u00f3n del entorno natural de la refiner\u00eda en Muskiz, propia de una zona con temperaturas suaves y precipitaciones abundantes.\" \/>\n<meta property=\"og:url\" content=\"https:\/\/petronor.eus\/es\/nuestro-entorno\/entorno-natural\/la-flora\/\" \/>\n<meta property=\"og:site_name\" content=\"Petronor\" \/>\n<meta property=\"article:modified_time\" content=\"2017-10-06T12:59:35+00:00\" \/>\n<meta property=\"og:image\" content=\"https:\/\/petronor.eus\/wp-content\/uploads\/2014\/12\/rio-barbadun.jpg\" \/>\n<meta name=\"twitter:label1\" content=\"Est. reading time\" \/>\n\t<meta name=\"twitter:data1\" content=\"1 minute\" \/>\n<script type=\"application\/ld+json\" class=\"yoast-schema-graph\">{\"@context\":\"https:\/\/schema.org\",\"@graph\":[{\"@type\":\"WebPage\",\"@id\":\"https:\/\/petronor.eus\/es\/nuestro-entorno\/entorno-natural\/la-flora\/\",\"url\":\"https:\/\/petronor.eus\/es\/nuestro-entorno\/entorno-natural\/la-flora\/\",\"name\":\"La flora y vegetaci\u00f3n del entorno\",\"isPartOf\":{\"@id\":\"https:\/\/petronor.eus\/es\/#website\"},\"primaryImageOfPage\":{\"@id\":\"https:\/\/petronor.eus\/es\/nuestro-entorno\/entorno-natural\/la-flora\/#primaryimage\"},\"image\":{\"@id\":\"https:\/\/petronor.eus\/es\/nuestro-entorno\/entorno-natural\/la-flora\/#primaryimage\"},\"thumbnailUrl\":\"https:\/\/petronor.eus\/wp-content\/uploads\/2014\/12\/rio-barbadun.jpg\",\"datePublished\":\"2014-12-15T12:49:44+00:00\",\"dateModified\":\"2017-10-06T12:59:35+00:00\",\"description\":\"Conoce la flora y vegetaci\u00f3n del entorno natural de la refiner\u00eda en Muskiz, propia de una zona con temperaturas suaves y precipitaciones abundantes.\",\"breadcrumb\":{\"@id\":\"https:\/\/petronor.eus\/es\/nuestro-entorno\/entorno-natural\/la-flora\/#breadcrumb\"},\"inLanguage\":\"es-ES\",\"potentialAction\":[{\"@type\":\"ReadAction\",\"target\":[\"https:\/\/petronor.eus\/es\/nuestro-entorno\/entorno-natural\/la-flora\/\"]}]},{\"@type\":\"ImageObject\",\"inLanguage\":\"es-ES\",\"@id\":\"https:\/\/petronor.eus\/es\/nuestro-entorno\/entorno-natural\/la-flora\/#primaryimage\",\"url\":\"https:\/\/petronor.eus\/wp-content\/uploads\/2014\/12\/rio-barbadun.jpg\",\"contentUrl\":\"https:\/\/petronor.eus\/wp-content\/uploads\/2014\/12\/rio-barbadun.jpg\"},{\"@type\":\"BreadcrumbList\",\"@id\":\"https:\/\/petronor.eus\/es\/nuestro-entorno\/entorno-natural\/la-flora\/#breadcrumb\",\"itemListElement\":[{\"@type\":\"ListItem\",\"position\":1,\"name\":\"Home\",\"item\":\"https:\/\/petronor.eus\/es\/\"},{\"@type\":\"ListItem\",\"position\":2,\"name\":\"NUESTRO ENTORNO\",\"item\":\"https:\/\/petronor.eus\/es\/nuestro-entorno\/\"},{\"@type\":\"ListItem\",\"position\":3,\"name\":\"NATURAL\",\"item\":\"https:\/\/petronor.eus\/es\/nuestro-entorno\/entorno-natural\/\"},{\"@type\":\"ListItem\",\"position\":4,\"name\":\"LA FLORA\"}]},{\"@type\":\"WebSite\",\"@id\":\"https:\/\/petronor.eus\/es\/#website\",\"url\":\"https:\/\/petronor.eus\/es\/\",\"name\":\"Petronor\",\"description\":\"\",\"potentialAction\":[{\"@type\":\"SearchAction\",\"target\":{\"@type\":\"EntryPoint\",\"urlTemplate\":\"https:\/\/petronor.eus\/es\/?s={search_term_string}\"},\"query-input\":{\"@type\":\"PropertyValueSpecification\",\"valueRequired\":true,\"valueName\":\"search_term_string\"}}],\"inLanguage\":\"es-ES\"}]}<\/script>\n<!-- \/ Yoast SEO plugin. -->","yoast_head_json":{"title":"La flora y vegetaci\u00f3n del entorno","description":"Conoce la flora y vegetaci\u00f3n del entorno natural de la refiner\u00eda en Muskiz, propia de una zona con temperaturas suaves y precipitaciones abundantes.","robots":{"index":"index","follow":"follow","max-snippet":"max-snippet:-1","max-image-preview":"max-image-preview:large","max-video-preview":"max-video-preview:-1"},"canonical":"https:\/\/petronor.eus\/es\/nuestro-entorno\/entorno-natural\/la-flora\/","og_locale":"es_ES","og_type":"article","og_title":"La flora y vegetaci\u00f3n del entorno","og_description":"Conoce la flora y vegetaci\u00f3n del entorno natural de la refiner\u00eda en Muskiz, propia de una zona con temperaturas suaves y precipitaciones abundantes.","og_url":"https:\/\/petronor.eus\/es\/nuestro-entorno\/entorno-natural\/la-flora\/","og_site_name":"Petronor","article_modified_time":"2017-10-06T12:59:35+00:00","og_image":[{"url":"https:\/\/petronor.eus\/wp-content\/uploads\/2014\/12\/rio-barbadun.jpg","type":"","width":"","height":""}],"twitter_misc":{"Est. reading time":"1 minute"},"schema":{"@context":"https:\/\/schema.org","@graph":[{"@type":"WebPage","@id":"https:\/\/petronor.eus\/es\/nuestro-entorno\/entorno-natural\/la-flora\/","url":"https:\/\/petronor.eus\/es\/nuestro-entorno\/entorno-natural\/la-flora\/","name":"La flora y vegetaci\u00f3n del entorno","isPartOf":{"@id":"https:\/\/petronor.eus\/es\/#website"},"primaryImageOfPage":{"@id":"https:\/\/petronor.eus\/es\/nuestro-entorno\/entorno-natural\/la-flora\/#primaryimage"},"image":{"@id":"https:\/\/petronor.eus\/es\/nuestro-entorno\/entorno-natural\/la-flora\/#primaryimage"},"thumbnailUrl":"https:\/\/petronor.eus\/wp-content\/uploads\/2014\/12\/rio-barbadun.jpg","datePublished":"2014-12-15T12:49:44+00:00","dateModified":"2017-10-06T12:59:35+00:00","description":"Conoce la flora y vegetaci\u00f3n del entorno natural de la refiner\u00eda en Muskiz, propia de una zona con temperaturas suaves y precipitaciones abundantes.","breadcrumb":{"@id":"https:\/\/petronor.eus\/es\/nuestro-entorno\/entorno-natural\/la-flora\/#breadcrumb"},"inLanguage":"es-ES","potentialAction":[{"@type":"ReadAction","target":["https:\/\/petronor.eus\/es\/nuestro-entorno\/entorno-natural\/la-flora\/"]}]},{"@type":"ImageObject","inLanguage":"es-ES","@id":"https:\/\/petronor.eus\/es\/nuestro-entorno\/entorno-natural\/la-flora\/#primaryimage","url":"https:\/\/petronor.eus\/wp-content\/uploads\/2014\/12\/rio-barbadun.jpg","contentUrl":"https:\/\/petronor.eus\/wp-content\/uploads\/2014\/12\/rio-barbadun.jpg"},{"@type":"BreadcrumbList","@id":"https:\/\/petronor.eus\/es\/nuestro-entorno\/entorno-natural\/la-flora\/#breadcrumb","itemListElement":[{"@type":"ListItem","position":1,"name":"Home","item":"https:\/\/petronor.eus\/es\/"},{"@type":"ListItem","position":2,"name":"NUESTRO ENTORNO","item":"https:\/\/petronor.eus\/es\/nuestro-entorno\/"},{"@type":"ListItem","position":3,"name":"NATURAL","item":"https:\/\/petronor.eus\/es\/nuestro-entorno\/entorno-natural\/"},{"@type":"ListItem","position":4,"name":"LA FLORA"}]},{"@type":"WebSite","@id":"https:\/\/petronor.eus\/es\/#website","url":"https:\/\/petronor.eus\/es\/","name":"Petronor","description":"","potentialAction":[{"@type":"SearchAction","target":{"@type":"EntryPoint","urlTemplate":"https:\/\/petronor.eus\/es\/?s={search_term_string}"},"query-input":{"@type":"PropertyValueSpecification","valueRequired":true,"valueName":"search_term_string"}}],"inLanguage":"es-ES"}]}},"_links":{"self":[{"href":"https:\/\/petronor.eus\/es\/wp-json\/wp\/v2\/pages\/125","targetHints":{"allow":["GET"]}}],"collection":[{"href":"https:\/\/petronor.eus\/es\/wp-json\/wp\/v2\/pages"}],"about":[{"href":"https:\/\/petronor.eus\/es\/wp-json\/wp\/v2\/types\/page"}],"author":[{"embeddable":true,"href":"https:\/\/petronor.eus\/es\/wp-json\/wp\/v2\/users\/1"}],"replies":[{"embeddable":true,"href":"https:\/\/petronor.eus\/es\/wp-json\/wp\/v2\/comments?post=125"}],"version-history":[{"count":34,"href":"https:\/\/petronor.eus\/es\/wp-json\/wp\/v2\/pages\/125\/revisions"}],"predecessor-version":[{"id":40590,"href":"https:\/\/petronor.eus\/es\/wp-json\/wp\/v2\/pages\/125\/revisions\/40590"}],"up":[{"embeddable":true,"href":"https:\/\/petronor.eus\/es\/wp-json\/wp\/v2\/pages\/52"}],"wp:attachment":[{"href":"https:\/\/petronor.eus\/es\/wp-json\/wp\/v2\/media?parent=125"}],"curies":[{"name":"wp","href":"https:\/\/api.w.org\/{rel}","templated":true}]}}