{"id":1268,"date":"2015-01-14T12:04:22","date_gmt":"2015-01-14T12:04:22","guid":{"rendered":"https:\/\/petronor.eus\/?page_id=1268"},"modified":"2017-06-08T17:43:55","modified_gmt":"2017-06-08T15:43:55","slug":"la-encina","status":"publish","type":"page","link":"https:\/\/petronor.eus\/es\/nuestro-entorno\/entorno-natural\/la-flora\/la-encina\/","title":{"rendered":"LA ENCINA"},"content":{"rendered":"<div class=\"row introBlock full-width-section primeraFila\">\r\n<div class=\"col-lg-3 col-md-3 col-xs-12 col-sm-6\">\r\n<ul class=\"subnav\">  <li class=\"page_item page-item-1285\"><a href=\"https:\/\/petronor.eus\/es\/nuestro-entorno\/entorno-natural\/la-flora\/el-avellano\/\">EL AVELLANO<\/a><\/li>\n<li class=\"page_item page-item-1273\"><a href=\"https:\/\/petronor.eus\/es\/nuestro-entorno\/entorno-natural\/la-flora\/el-nogal\/\">EL NOGAL<\/a><\/li>\n<li class=\"page_item page-item-1257\"><a href=\"https:\/\/petronor.eus\/es\/nuestro-entorno\/entorno-natural\/la-flora\/el-roble\/\">EL ROBLE<\/a><\/li>\n<li class=\"page_item page-item-1268\"><a href=\"https:\/\/petronor.eus\/es\/nuestro-entorno\/entorno-natural\/la-flora\/la-encina\/\">LA ENCINA<\/a><\/li>\n  <\/ul>\r\n<\/div>\r\n<div class=\"col-lg-4 col-md-4 col-xs-12 col-sm-6\">\r\n<h1 style=\"margin-top: 0;\">LA ENCINA<\/h1>\r\nLas hojas son perennes y permanecen en el \u00e1rbol entre dos y cuatro a\u00f1os, con una media de 2,7 a\u00f1os. Cori\u00e1ceas y de color verde oscuro por el haz, y m\u00e1s claro y tomentosas por el env\u00e9s, est\u00e1n provistas de fuertes espinas en su contorno cuando la planta es joven y en las ramas m\u00e1s bajas cuando es adulta, careciendo de ellas las hojas de las ramas altas. Por eso a veces recuerda, cuando es arbusto, al acebo.2 El env\u00e9s de las hojas est\u00e1 cubierto de una borra gris\u00e1cea que se desprende al frotarlas y por la que se puede distinguir f\u00e1cilmente las encinas j\u00f3venes de las coscojas, cuyas hojas carecen de ese vello y son de un verde vivo en el env\u00e9s. Estas hojas, muy duras y cori\u00e1ceas, evitan la excesiva transpiraci\u00f3n de la planta, lo que le permite vivir en lugares secos y con gran exposici\u00f3n al sol, como la ribera mediterr\u00e1nea.\r\n\r\n<\/div>\r\n<div class=\"col-lg-5 col-md-5 col-xs-12 col-sm-12\">\r\n<img loading=\"lazy\" decoding=\"async\" class=\"aligncenter size-full wp-image-1269\" src=\"\/wp-content\/uploads\/2014\/12\/encina-banner.jpg\" alt=\"encina-banner\" width=\"800\" height=\"600\" srcset=\"https:\/\/petronor.eus\/wp-content\/uploads\/2014\/12\/encina-banner.jpg 800w, https:\/\/petronor.eus\/wp-content\/uploads\/2014\/12\/encina-banner-600x450.jpg 600w, https:\/\/petronor.eus\/wp-content\/uploads\/2014\/12\/encina-banner-480x360.jpg 480w\" sizes=\"(max-width: 800px) 100vw, 800px\" \/>\r\n<\/div>\r\n<\/div>\r\n<div style=\"margin-bottom:30px ; height:1px; clear:both;\"><\/div>\r\n\r\n<div class=\"row \">\r\n<div class=\"col-lg-6 col-md-8 col-xs-12 col-sm-12 col-md-offset-2 col-lg-offset-3\">\r\n<img loading=\"lazy\" decoding=\"async\" class=\"aligncenter size-full wp-image-1270\" src=\"\/wp-content\/uploads\/2015\/01\/encina.jpg\" alt=\"encina\" width=\"680\" height=\"477\" srcset=\"https:\/\/petronor.eus\/wp-content\/uploads\/2015\/01\/encina.jpg 680w, https:\/\/petronor.eus\/wp-content\/uploads\/2015\/01\/encina-600x421.jpg 600w\" sizes=\"(max-width: 680px) 100vw, 680px\" \/>\r\n<a href=\"#\">\r\n<\/a>\r\n<h3>+ INFO&lt;\/&gt;<\/h3>\r\n<\/div>\r\n<\/div>","protected":false},"excerpt":{"rendered":"","protected":false},"author":1,"featured_media":0,"parent":125,"menu_order":0,"comment_status":"open","ping_status":"open","template":"","meta":{"footnotes":""},"class_list":["post-1268","page","type-page","status-publish","hentry"],"yoast_head":"<!-- This site is optimized with the Yoast SEO plugin v24.7 - https:\/\/yoast.com\/wordpress\/plugins\/seo\/ -->\n<title>la encina<\/title>\n<meta name=\"description\" content=\"la encina: Las hojas son perennes y permanecen en el \u00e1rbol entre dos y cuatro a\u00f1os, con una media de 2,7 a\u00f1os. Conoce esto y mucho m\u00e1s gracias a Petronor\" \/>\n<meta name=\"robots\" content=\"index, follow, max-snippet:-1, max-image-preview:large, max-video-preview:-1\" \/>\n<link rel=\"canonical\" href=\"https:\/\/petronor.eus\/es\/nuestro-entorno\/entorno-natural\/la-flora\/la-encina\/\" \/>\n<meta property=\"og:locale\" content=\"es_ES\" \/>\n<meta property=\"og:type\" content=\"article\" \/>\n<meta property=\"og:title\" content=\"la encina\" \/>\n<meta property=\"og:description\" content=\"la encina: Las hojas son perennes y permanecen en el \u00e1rbol entre dos y cuatro a\u00f1os, con una media de 2,7 a\u00f1os. Conoce esto y mucho m\u00e1s gracias a Petronor\" \/>\n<meta property=\"og:url\" content=\"https:\/\/petronor.eus\/es\/nuestro-entorno\/entorno-natural\/la-flora\/la-encina\/\" \/>\n<meta property=\"og:site_name\" content=\"Petronor\" \/>\n<meta property=\"article:modified_time\" content=\"2017-06-08T15:43:55+00:00\" \/>\n<meta name=\"twitter:label1\" content=\"Est. reading time\" \/>\n\t<meta name=\"twitter:data1\" content=\"1 minute\" \/>\n<script type=\"application\/ld+json\" class=\"yoast-schema-graph\">{\"@context\":\"https:\/\/schema.org\",\"@graph\":[{\"@type\":\"WebPage\",\"@id\":\"https:\/\/petronor.eus\/es\/nuestro-entorno\/entorno-natural\/la-flora\/la-encina\/\",\"url\":\"https:\/\/petronor.eus\/es\/nuestro-entorno\/entorno-natural\/la-flora\/la-encina\/\",\"name\":\"la encina\",\"isPartOf\":{\"@id\":\"https:\/\/petronor.eus\/es\/#website\"},\"datePublished\":\"2015-01-14T12:04:22+00:00\",\"dateModified\":\"2017-06-08T15:43:55+00:00\",\"description\":\"la encina: Las hojas son perennes y permanecen en el \u00e1rbol entre dos y cuatro a\u00f1os, con una media de 2,7 a\u00f1os. Conoce esto y mucho m\u00e1s gracias a Petronor\",\"breadcrumb\":{\"@id\":\"https:\/\/petronor.eus\/es\/nuestro-entorno\/entorno-natural\/la-flora\/la-encina\/#breadcrumb\"},\"inLanguage\":\"es-ES\",\"potentialAction\":[{\"@type\":\"ReadAction\",\"target\":[\"https:\/\/petronor.eus\/es\/nuestro-entorno\/entorno-natural\/la-flora\/la-encina\/\"]}]},{\"@type\":\"BreadcrumbList\",\"@id\":\"https:\/\/petronor.eus\/es\/nuestro-entorno\/entorno-natural\/la-flora\/la-encina\/#breadcrumb\",\"itemListElement\":[{\"@type\":\"ListItem\",\"position\":1,\"name\":\"Home\",\"item\":\"https:\/\/petronor.eus\/es\/\"},{\"@type\":\"ListItem\",\"position\":2,\"name\":\"NUESTRO ENTORNO\",\"item\":\"https:\/\/petronor.eus\/es\/nuestro-entorno\/\"},{\"@type\":\"ListItem\",\"position\":3,\"name\":\"NATURAL\",\"item\":\"https:\/\/petronor.eus\/es\/nuestro-entorno\/entorno-natural\/\"},{\"@type\":\"ListItem\",\"position\":4,\"name\":\"LA FLORA\",\"item\":\"https:\/\/petronor.eus\/es\/nuestro-entorno\/entorno-natural\/la-flora\/\"},{\"@type\":\"ListItem\",\"position\":5,\"name\":\"LA ENCINA\"}]},{\"@type\":\"WebSite\",\"@id\":\"https:\/\/petronor.eus\/es\/#website\",\"url\":\"https:\/\/petronor.eus\/es\/\",\"name\":\"Petronor\",\"description\":\"\",\"potentialAction\":[{\"@type\":\"SearchAction\",\"target\":{\"@type\":\"EntryPoint\",\"urlTemplate\":\"https:\/\/petronor.eus\/es\/?s={search_term_string}\"},\"query-input\":{\"@type\":\"PropertyValueSpecification\",\"valueRequired\":true,\"valueName\":\"search_term_string\"}}],\"inLanguage\":\"es-ES\"}]}<\/script>\n<!-- \/ Yoast SEO plugin. -->","yoast_head_json":{"title":"la encina","description":"la encina: Las hojas son perennes y permanecen en el \u00e1rbol entre dos y cuatro a\u00f1os, con una media de 2,7 a\u00f1os. Conoce esto y mucho m\u00e1s gracias a Petronor","robots":{"index":"index","follow":"follow","max-snippet":"max-snippet:-1","max-image-preview":"max-image-preview:large","max-video-preview":"max-video-preview:-1"},"canonical":"https:\/\/petronor.eus\/es\/nuestro-entorno\/entorno-natural\/la-flora\/la-encina\/","og_locale":"es_ES","og_type":"article","og_title":"la encina","og_description":"la encina: Las hojas son perennes y permanecen en el \u00e1rbol entre dos y cuatro a\u00f1os, con una media de 2,7 a\u00f1os. Conoce esto y mucho m\u00e1s gracias a Petronor","og_url":"https:\/\/petronor.eus\/es\/nuestro-entorno\/entorno-natural\/la-flora\/la-encina\/","og_site_name":"Petronor","article_modified_time":"2017-06-08T15:43:55+00:00","twitter_misc":{"Est. reading time":"1 minute"},"schema":{"@context":"https:\/\/schema.org","@graph":[{"@type":"WebPage","@id":"https:\/\/petronor.eus\/es\/nuestro-entorno\/entorno-natural\/la-flora\/la-encina\/","url":"https:\/\/petronor.eus\/es\/nuestro-entorno\/entorno-natural\/la-flora\/la-encina\/","name":"la encina","isPartOf":{"@id":"https:\/\/petronor.eus\/es\/#website"},"datePublished":"2015-01-14T12:04:22+00:00","dateModified":"2017-06-08T15:43:55+00:00","description":"la encina: Las hojas son perennes y permanecen en el \u00e1rbol entre dos y cuatro a\u00f1os, con una media de 2,7 a\u00f1os. Conoce esto y mucho m\u00e1s gracias a Petronor","breadcrumb":{"@id":"https:\/\/petronor.eus\/es\/nuestro-entorno\/entorno-natural\/la-flora\/la-encina\/#breadcrumb"},"inLanguage":"es-ES","potentialAction":[{"@type":"ReadAction","target":["https:\/\/petronor.eus\/es\/nuestro-entorno\/entorno-natural\/la-flora\/la-encina\/"]}]},{"@type":"BreadcrumbList","@id":"https:\/\/petronor.eus\/es\/nuestro-entorno\/entorno-natural\/la-flora\/la-encina\/#breadcrumb","itemListElement":[{"@type":"ListItem","position":1,"name":"Home","item":"https:\/\/petronor.eus\/es\/"},{"@type":"ListItem","position":2,"name":"NUESTRO ENTORNO","item":"https:\/\/petronor.eus\/es\/nuestro-entorno\/"},{"@type":"ListItem","position":3,"name":"NATURAL","item":"https:\/\/petronor.eus\/es\/nuestro-entorno\/entorno-natural\/"},{"@type":"ListItem","position":4,"name":"LA FLORA","item":"https:\/\/petronor.eus\/es\/nuestro-entorno\/entorno-natural\/la-flora\/"},{"@type":"ListItem","position":5,"name":"LA ENCINA"}]},{"@type":"WebSite","@id":"https:\/\/petronor.eus\/es\/#website","url":"https:\/\/petronor.eus\/es\/","name":"Petronor","description":"","potentialAction":[{"@type":"SearchAction","target":{"@type":"EntryPoint","urlTemplate":"https:\/\/petronor.eus\/es\/?s={search_term_string}"},"query-input":{"@type":"PropertyValueSpecification","valueRequired":true,"valueName":"search_term_string"}}],"inLanguage":"es-ES"}]}},"_links":{"self":[{"href":"https:\/\/petronor.eus\/es\/wp-json\/wp\/v2\/pages\/1268","targetHints":{"allow":["GET"]}}],"collection":[{"href":"https:\/\/petronor.eus\/es\/wp-json\/wp\/v2\/pages"}],"about":[{"href":"https:\/\/petronor.eus\/es\/wp-json\/wp\/v2\/types\/page"}],"author":[{"embeddable":true,"href":"https:\/\/petronor.eus\/es\/wp-json\/wp\/v2\/users\/1"}],"replies":[{"embeddable":true,"href":"https:\/\/petronor.eus\/es\/wp-json\/wp\/v2\/comments?post=1268"}],"version-history":[{"count":4,"href":"https:\/\/petronor.eus\/es\/wp-json\/wp\/v2\/pages\/1268\/revisions"}],"predecessor-version":[{"id":39300,"href":"https:\/\/petronor.eus\/es\/wp-json\/wp\/v2\/pages\/1268\/revisions\/39300"}],"up":[{"embeddable":true,"href":"https:\/\/petronor.eus\/es\/wp-json\/wp\/v2\/pages\/125"}],"wp:attachment":[{"href":"https:\/\/petronor.eus\/es\/wp-json\/wp\/v2\/media?parent=1268"}],"curies":[{"name":"wp","href":"https:\/\/api.w.org\/{rel}","templated":true}]}}