{"id":127,"date":"2014-12-15T12:50:02","date_gmt":"2014-12-15T12:50:02","guid":{"rendered":"https:\/\/petronor.eus\/?page_id=127"},"modified":"2017-12-18T11:06:06","modified_gmt":"2017-12-18T09:06:06","slug":"la-fauna","status":"publish","type":"page","link":"https:\/\/petronor.eus\/es\/nuestro-entorno\/entorno-natural\/la-fauna\/","title":{"rendered":"FAUNA, VARIEDAD ECOL\u00d3GICA DEL ENTORNO"},"content":{"rendered":"<div class=\"row introBlock full-width-section primeraFila\">\r\n<div class=\"col-lg-3 col-md-3 col-xs-12 col-sm-6\">\r\n<ul class=\"subnav\">  <li class=\"page_item page-item-125 page_item_has_children\"><a href=\"https:\/\/petronor.eus\/es\/nuestro-entorno\/entorno-natural\/la-flora\/\">LA FLORA<\/a><\/li>\n<li class=\"page_item page-item-127 page_item_has_children\"><a href=\"https:\/\/petronor.eus\/es\/nuestro-entorno\/entorno-natural\/la-fauna\/\">FAUNA, VARIEDAD ECOL\u00d3GICA DEL ENTORNO<\/a><\/li>\n<li class=\"page_item page-item-129\"><a href=\"https:\/\/petronor.eus\/es\/nuestro-entorno\/entorno-natural\/reportajes-de-naturaleza\/\">REPORTAJES DE NATURALEZA<\/a><\/li>\n<li class=\"page_item page-item-1969\"><a href=\"https:\/\/petronor.eus\/es\/nuestro-entorno\/entorno-natural\/repoblacion-vegetal\/\">REPOBLACI\u00d3N VEGETAL DEL BARBADUN<\/a><\/li>\n  <\/ul>\r\n<\/div>\r\n<div class=\"col-lg-4 col-md-4 col-xs-12 col-sm-6\">\r\n<h1 style=\"margin-top: 0;\">FAUNA, VARIEDAD ECOL\u00d3GICA DEL ENTORNO<\/h1>\r\nLas balsas de agua de la Refiner\u00eda acogen cada vez m\u00e1s especies de aves de gran valor biol\u00f3gico, lo que ha redundado en el enriquecimiento de la variedad ecol\u00f3gica de la zona a lo largo de los \u00faltimos a\u00f1os. Estos inesperados humedales han atra\u00eddo a animales que no eran habituales en el entorno de Muskiz y se suman al paisaje animado tradicional.\r\n\r\nGracias a esta llegada de nuevas especies, se ha compensado en parte la p\u00e9rdida de aves acu\u00e1ticas y marinas provocada por la reducci\u00f3n de las marismas y la caza intensiva de las \u00faltimas d\u00e9cadas. Entre los reci\u00e9n llegados puede destacarse a la garza real, una elegante ave que ha encontrado en las balsas de la refiner\u00eda un lugar para alimentarse y descansar durante sus viajes nupciales y postnupciales.\r\n\r\nEn lo que se refiere a los mam\u00edferos, el perro villano y el burro encartado son dos de los animales m\u00e1s caracter\u00edsticos de la zona. El primero es fruto de un cruce de razas realizado hace varias d\u00e9cadas, con el objetivo de crear un perro r\u00e1pido, agil y resistente. Y el segundo es f\u00e1cilmente reconocible por su pelo marr\u00f3n con mancha blanca en panza y morro, y su altura m\u00e1xima de 1\u00b430 metros.\r\n\r\n<\/div>\r\n<div class=\"col-lg-5 col-md-5 col-xs-12 col-sm-12\">\r\n<img loading=\"lazy\" decoding=\"async\" class=\"alignnone size-full wp-image-2585\" src=\"https:\/\/petronor.eus\/wp-content\/uploads\/2014\/12\/triton.jpg\" alt=\"triton\" width=\"800\" height=\"450\" srcset=\"https:\/\/petronor.eus\/wp-content\/uploads\/2014\/12\/triton.jpg 800w, https:\/\/petronor.eus\/wp-content\/uploads\/2014\/12\/triton-600x338.jpg 600w\" sizes=\"(max-width: 800px) 100vw, 800px\" \/>\r\n<\/div>\r\n<\/div>\r\n<div style=\"margin-bottom:20px ; height:1px; clear:both;\"><\/div>\r\n\r\n<div class=\"row tablaTurquesa\">\r\n<div class=\"col-lg-3 col-md-3 col-xs-12 col-sm-6\">\r\n<div id=\"tituloEntonoFlora\">LAFAUNA<\/div>\r\n<\/div>\r\n\r\n<div class=\"col-lg-3 col-md-3 col-xs-12 col-sm-6\">\r\n<div class=\"marginTopIcono\"><img loading=\"lazy\" decoding=\"async\" class=\"aligncenter size-full wp-image-1235\" src=\"\/wp-content\/uploads\/2014\/12\/icono-fauna-1.png\" alt=\"icono-fauna-1\" width=\"50\" height=\"50\" \/><\/div>\r\nLAS LAVANDERAS\r\n\r\n<\/div>\r\n\r\n<div class=\"col-lg-3 col-md-3 col-xs-12 col-sm-6\">\r\n<div class=\"marginTopIcono\"><img loading=\"lazy\" decoding=\"async\" class=\"aligncenter size-full wp-image-1237\" src=\"\/wp-content\/uploads\/2014\/12\/icono-fauna-2.png\" alt=\"icono-fauna-2\" width=\"50\" height=\"50\" \/><\/div>\r\nEL CHOCH\u00cdN\r\n\r\n<\/div>\r\n\r\n<div class=\"col-lg-3 col-md-3 col-xs-12 col-sm-6\">\r\n<div class=\"marginTopIcono\"><img loading=\"lazy\" decoding=\"async\" class=\"aligncenter size-full wp-image-1236\" src=\"\/wp-content\/uploads\/2014\/12\/icono-fauna-3.png\" alt=\"icono-fauna-3\" width=\"50\" height=\"50\" \/><\/div>\r\nERLAS\r\n\r\n<\/div>\r\n\r\n<div class=\"col-lg-3 col-md-3 col-xs-12 col-sm-6 hidden-sm hidden-xs\">\u00a0<\/div>\r\n\r\n<div class=\"col-lg-3 col-md-3 col-xs-12 col-sm-6\">\r\n<div class=\"marginTopIcono\"><img loading=\"lazy\" decoding=\"async\" class=\"aligncenter size-full wp-image-1238\" src=\"\/wp-content\/uploads\/2014\/12\/icono-fauna-4.png\" alt=\"icono-fauna-4\" width=\"50\" height=\"50\" \/><\/div>\r\nEL ZORRO\r\n\r\n<\/div>\r\n\r\n<div class=\"col-lg-3 col-md-3 col-xs-12 col-sm-6\">\r\n<div class=\"marginTopIcono\"><img loading=\"lazy\" decoding=\"async\" class=\"aligncenter size-full wp-image-1239\" src=\"\/wp-content\/uploads\/2014\/12\/icono-fauna-5.png\" alt=\"icono-fauna-5\" width=\"50\" height=\"50\" \/><\/div>\r\nLA MARIPOSA\r\n\r\n<\/div>\r\n\r\n<div class=\"col-lg-3 col-md-3 col-xs-12 col-sm-6\">\r\n<div class=\"marginTopIcono\"><img loading=\"lazy\" decoding=\"async\" class=\"aligncenter size-full wp-image-1240\" src=\"\/wp-content\/uploads\/2014\/12\/icono-fauna-6.png\" alt=\"icono-fauna-6\" width=\"50\" height=\"50\" \/><\/div>\r\nEL TOPO\r\n\r\n<\/div><\/div>","protected":false},"excerpt":{"rendered":"","protected":false},"author":1,"featured_media":0,"parent":52,"menu_order":2,"comment_status":"open","ping_status":"open","template":"","meta":{"footnotes":""},"class_list":["post-127","page","type-page","status-publish","hentry"],"yoast_head":"<!-- This site is optimized with the Yoast SEO plugin v24.7 - https:\/\/yoast.com\/wordpress\/plugins\/seo\/ -->\n<title>Fauna, variedad ecol\u00f3gica del entorno<\/title>\n<meta name=\"description\" content=\"Conoce la fauna, variedad ecol\u00f3gica del entorno de la refiner\u00eda Petronor. La balsas de agua acogen cada vez m\u00e1s especies de aves de gran valor biol\u00f3gico.\" \/>\n<meta name=\"robots\" content=\"index, follow, max-snippet:-1, max-image-preview:large, max-video-preview:-1\" \/>\n<link rel=\"canonical\" href=\"https:\/\/petronor.eus\/es\/nuestro-entorno\/entorno-natural\/la-fauna\/\" \/>\n<meta property=\"og:locale\" content=\"es_ES\" \/>\n<meta property=\"og:type\" content=\"article\" \/>\n<meta property=\"og:title\" content=\"Fauna, variedad ecol\u00f3gica del entorno\" \/>\n<meta property=\"og:description\" content=\"Conoce la fauna, variedad ecol\u00f3gica del entorno de la refiner\u00eda Petronor. La balsas de agua acogen cada vez m\u00e1s especies de aves de gran valor biol\u00f3gico.\" \/>\n<meta property=\"og:url\" content=\"https:\/\/petronor.eus\/es\/nuestro-entorno\/entorno-natural\/la-fauna\/\" \/>\n<meta property=\"og:site_name\" content=\"Petronor\" \/>\n<meta property=\"article:modified_time\" content=\"2017-12-18T09:06:06+00:00\" \/>\n<meta property=\"og:image\" content=\"https:\/\/petronor.eus\/wp-content\/uploads\/2014\/12\/triton.jpg\" \/>\n<meta name=\"twitter:label1\" content=\"Est. reading time\" \/>\n\t<meta name=\"twitter:data1\" content=\"2 minutes\" \/>\n<script type=\"application\/ld+json\" class=\"yoast-schema-graph\">{\"@context\":\"https:\/\/schema.org\",\"@graph\":[{\"@type\":\"WebPage\",\"@id\":\"https:\/\/petronor.eus\/es\/nuestro-entorno\/entorno-natural\/la-fauna\/\",\"url\":\"https:\/\/petronor.eus\/es\/nuestro-entorno\/entorno-natural\/la-fauna\/\",\"name\":\"Fauna, variedad ecol\u00f3gica del entorno\",\"isPartOf\":{\"@id\":\"https:\/\/petronor.eus\/es\/#website\"},\"primaryImageOfPage\":{\"@id\":\"https:\/\/petronor.eus\/es\/nuestro-entorno\/entorno-natural\/la-fauna\/#primaryimage\"},\"image\":{\"@id\":\"https:\/\/petronor.eus\/es\/nuestro-entorno\/entorno-natural\/la-fauna\/#primaryimage\"},\"thumbnailUrl\":\"https:\/\/petronor.eus\/wp-content\/uploads\/2014\/12\/triton.jpg\",\"datePublished\":\"2014-12-15T12:50:02+00:00\",\"dateModified\":\"2017-12-18T09:06:06+00:00\",\"description\":\"Conoce la fauna, variedad ecol\u00f3gica del entorno de la refiner\u00eda Petronor. La balsas de agua acogen cada vez m\u00e1s especies de aves de gran valor biol\u00f3gico.\",\"breadcrumb\":{\"@id\":\"https:\/\/petronor.eus\/es\/nuestro-entorno\/entorno-natural\/la-fauna\/#breadcrumb\"},\"inLanguage\":\"es-ES\",\"potentialAction\":[{\"@type\":\"ReadAction\",\"target\":[\"https:\/\/petronor.eus\/es\/nuestro-entorno\/entorno-natural\/la-fauna\/\"]}]},{\"@type\":\"ImageObject\",\"inLanguage\":\"es-ES\",\"@id\":\"https:\/\/petronor.eus\/es\/nuestro-entorno\/entorno-natural\/la-fauna\/#primaryimage\",\"url\":\"https:\/\/petronor.eus\/wp-content\/uploads\/2014\/12\/triton.jpg\",\"contentUrl\":\"https:\/\/petronor.eus\/wp-content\/uploads\/2014\/12\/triton.jpg\"},{\"@type\":\"BreadcrumbList\",\"@id\":\"https:\/\/petronor.eus\/es\/nuestro-entorno\/entorno-natural\/la-fauna\/#breadcrumb\",\"itemListElement\":[{\"@type\":\"ListItem\",\"position\":1,\"name\":\"Home\",\"item\":\"https:\/\/petronor.eus\/es\/\"},{\"@type\":\"ListItem\",\"position\":2,\"name\":\"NUESTRO ENTORNO\",\"item\":\"https:\/\/petronor.eus\/es\/nuestro-entorno\/\"},{\"@type\":\"ListItem\",\"position\":3,\"name\":\"NATURAL\",\"item\":\"https:\/\/petronor.eus\/es\/nuestro-entorno\/entorno-natural\/\"},{\"@type\":\"ListItem\",\"position\":4,\"name\":\"FAUNA, VARIEDAD ECOL\u00d3GICA DEL ENTORNO\"}]},{\"@type\":\"WebSite\",\"@id\":\"https:\/\/petronor.eus\/es\/#website\",\"url\":\"https:\/\/petronor.eus\/es\/\",\"name\":\"Petronor\",\"description\":\"\",\"potentialAction\":[{\"@type\":\"SearchAction\",\"target\":{\"@type\":\"EntryPoint\",\"urlTemplate\":\"https:\/\/petronor.eus\/es\/?s={search_term_string}\"},\"query-input\":{\"@type\":\"PropertyValueSpecification\",\"valueRequired\":true,\"valueName\":\"search_term_string\"}}],\"inLanguage\":\"es-ES\"}]}<\/script>\n<!-- \/ Yoast SEO plugin. -->","yoast_head_json":{"title":"Fauna, variedad ecol\u00f3gica del entorno","description":"Conoce la fauna, variedad ecol\u00f3gica del entorno de la refiner\u00eda Petronor. La balsas de agua acogen cada vez m\u00e1s especies de aves de gran valor biol\u00f3gico.","robots":{"index":"index","follow":"follow","max-snippet":"max-snippet:-1","max-image-preview":"max-image-preview:large","max-video-preview":"max-video-preview:-1"},"canonical":"https:\/\/petronor.eus\/es\/nuestro-entorno\/entorno-natural\/la-fauna\/","og_locale":"es_ES","og_type":"article","og_title":"Fauna, variedad ecol\u00f3gica del entorno","og_description":"Conoce la fauna, variedad ecol\u00f3gica del entorno de la refiner\u00eda Petronor. La balsas de agua acogen cada vez m\u00e1s especies de aves de gran valor biol\u00f3gico.","og_url":"https:\/\/petronor.eus\/es\/nuestro-entorno\/entorno-natural\/la-fauna\/","og_site_name":"Petronor","article_modified_time":"2017-12-18T09:06:06+00:00","og_image":[{"url":"https:\/\/petronor.eus\/wp-content\/uploads\/2014\/12\/triton.jpg","type":"","width":"","height":""}],"twitter_misc":{"Est. reading time":"2 minutes"},"schema":{"@context":"https:\/\/schema.org","@graph":[{"@type":"WebPage","@id":"https:\/\/petronor.eus\/es\/nuestro-entorno\/entorno-natural\/la-fauna\/","url":"https:\/\/petronor.eus\/es\/nuestro-entorno\/entorno-natural\/la-fauna\/","name":"Fauna, variedad ecol\u00f3gica del entorno","isPartOf":{"@id":"https:\/\/petronor.eus\/es\/#website"},"primaryImageOfPage":{"@id":"https:\/\/petronor.eus\/es\/nuestro-entorno\/entorno-natural\/la-fauna\/#primaryimage"},"image":{"@id":"https:\/\/petronor.eus\/es\/nuestro-entorno\/entorno-natural\/la-fauna\/#primaryimage"},"thumbnailUrl":"https:\/\/petronor.eus\/wp-content\/uploads\/2014\/12\/triton.jpg","datePublished":"2014-12-15T12:50:02+00:00","dateModified":"2017-12-18T09:06:06+00:00","description":"Conoce la fauna, variedad ecol\u00f3gica del entorno de la refiner\u00eda Petronor. La balsas de agua acogen cada vez m\u00e1s especies de aves de gran valor biol\u00f3gico.","breadcrumb":{"@id":"https:\/\/petronor.eus\/es\/nuestro-entorno\/entorno-natural\/la-fauna\/#breadcrumb"},"inLanguage":"es-ES","potentialAction":[{"@type":"ReadAction","target":["https:\/\/petronor.eus\/es\/nuestro-entorno\/entorno-natural\/la-fauna\/"]}]},{"@type":"ImageObject","inLanguage":"es-ES","@id":"https:\/\/petronor.eus\/es\/nuestro-entorno\/entorno-natural\/la-fauna\/#primaryimage","url":"https:\/\/petronor.eus\/wp-content\/uploads\/2014\/12\/triton.jpg","contentUrl":"https:\/\/petronor.eus\/wp-content\/uploads\/2014\/12\/triton.jpg"},{"@type":"BreadcrumbList","@id":"https:\/\/petronor.eus\/es\/nuestro-entorno\/entorno-natural\/la-fauna\/#breadcrumb","itemListElement":[{"@type":"ListItem","position":1,"name":"Home","item":"https:\/\/petronor.eus\/es\/"},{"@type":"ListItem","position":2,"name":"NUESTRO ENTORNO","item":"https:\/\/petronor.eus\/es\/nuestro-entorno\/"},{"@type":"ListItem","position":3,"name":"NATURAL","item":"https:\/\/petronor.eus\/es\/nuestro-entorno\/entorno-natural\/"},{"@type":"ListItem","position":4,"name":"FAUNA, VARIEDAD ECOL\u00d3GICA DEL ENTORNO"}]},{"@type":"WebSite","@id":"https:\/\/petronor.eus\/es\/#website","url":"https:\/\/petronor.eus\/es\/","name":"Petronor","description":"","potentialAction":[{"@type":"SearchAction","target":{"@type":"EntryPoint","urlTemplate":"https:\/\/petronor.eus\/es\/?s={search_term_string}"},"query-input":{"@type":"PropertyValueSpecification","valueRequired":true,"valueName":"search_term_string"}}],"inLanguage":"es-ES"}]}},"_links":{"self":[{"href":"https:\/\/petronor.eus\/es\/wp-json\/wp\/v2\/pages\/127","targetHints":{"allow":["GET"]}}],"collection":[{"href":"https:\/\/petronor.eus\/es\/wp-json\/wp\/v2\/pages"}],"about":[{"href":"https:\/\/petronor.eus\/es\/wp-json\/wp\/v2\/types\/page"}],"author":[{"embeddable":true,"href":"https:\/\/petronor.eus\/es\/wp-json\/wp\/v2\/users\/1"}],"replies":[{"embeddable":true,"href":"https:\/\/petronor.eus\/es\/wp-json\/wp\/v2\/comments?post=127"}],"version-history":[{"count":37,"href":"https:\/\/petronor.eus\/es\/wp-json\/wp\/v2\/pages\/127\/revisions"}],"predecessor-version":[{"id":41532,"href":"https:\/\/petronor.eus\/es\/wp-json\/wp\/v2\/pages\/127\/revisions\/41532"}],"up":[{"embeddable":true,"href":"https:\/\/petronor.eus\/es\/wp-json\/wp\/v2\/pages\/52"}],"wp:attachment":[{"href":"https:\/\/petronor.eus\/es\/wp-json\/wp\/v2\/media?parent=127"}],"curies":[{"name":"wp","href":"https:\/\/api.w.org\/{rel}","templated":true}]}}