{"id":129,"date":"2014-12-15T12:50:22","date_gmt":"2014-12-15T12:50:22","guid":{"rendered":"https:\/\/petronor.eus\/?page_id=129"},"modified":"2017-07-10T10:55:10","modified_gmt":"2017-07-10T08:55:10","slug":"reportajes-de-naturaleza","status":"publish","type":"page","link":"https:\/\/petronor.eus\/es\/nuestro-entorno\/entorno-natural\/reportajes-de-naturaleza\/","title":{"rendered":"REPORTAJES DE NATURALEZA"},"content":{"rendered":"<div class=\"row \">\r\n<div class=\"col-lg-4 col-md-4 col-xs-12 col-sm-12\">\r\n<div class=\"visible-sm visible-xs\"><div style=\"margin-bottom:10px ; height:1px; clear:both;\"><\/div><\/div>\r\n<h1 style=\"margin-top: 0;\">REPORTAJES DE NATURALEZA<\/h1>\r\n<div class=\"tablaHeader derechadoMovil\">\n<div class=\"celda celdaIzquierda\"><h3>EL AUTOR<\/h3><\/div>\n<div class=\"celda\"><div class=\"widgettitlewrapper\">&nbsp;<\/div><\/div>\n<\/div>\r\n<p class=\"font18\" style=\"font-size: 18px!important;\">Fernando Pedro P\u00e9rez<\/p>\r\n&nbsp;\r\n\r\nEste naturalista y fot\u00f3grafo bilba\u00edno lleva veinte a\u00f1os investigando la flora y la fauna aut\u00f3ctona de Euskal Herria y ha publicado m\u00e1s de 100 libros sobre biodiversidad y naturaleza. Fernando Pedro P\u00e9rez es, adem\u00e1s de presidente de <a title=\"Ir a Asociaci\u00f3n para la Defensa de las Especies en V\u00edas de Extinci\u00f3n\" href=\"http:\/\/www.adeve.es\/\" target=\"_blank\"><u>ADEVE<\/u><\/a>, director de la \u00fanica revista especializada vasca de Naturaleza: Naturaren Ahotsa.\r\n\r\n<\/div>\r\n<div class=\"col-lg-4 col-md-4 col-xs-6 col-sm-6\">\r\n<img loading=\"lazy\" decoding=\"async\" class=\"alignnone size-full wp-image-2591\" src=\"https:\/\/petronor.eus\/wp-content\/uploads\/2014\/12\/Fernando-Pedro-Perez.jpg\" alt=\"Fernando Pedro P\u00e9rez\" width=\"300\" height=\"371\" \/>\r\n<\/div>\r\n<div class=\"col-lg-4 col-md-4 col-xs-6 col-sm-6\">\r\n<div class=\"tablaHeader\">\n<div class=\"celda celdaIzquierda \"><h3>LO M\u00c1S LE\u00cdDO DEL MES<\/h3><\/div>\n<div class=\"celda\"><div class=\"widgettitlewrapper\">&nbsp;<\/div><\/div>\n<\/div>\n    <ul class=\"reportajesWidget\">\n        <li>\n            <h4><a href=\"https:\/\/petronor.eus\/es\/reportajes\/culebra-viperina-vibora-inofensiva\/\">Culebra viperina, v\u00edbora inofensiva<\/a><\/h4>            \n        <\/li>\n        <li>\n            <h4><a href=\"https:\/\/petronor.eus\/es\/reportajes\/las-erlas-de-la-playa-de-la-arena\/\">Las erlas de la playa de La Arena<\/a><\/h4>            \n        <\/li>\n        <li>\n            <h4><a href=\"https:\/\/petronor.eus\/es\/reportajes\/el-zorro-un-astuto-morador\/\">El zorro, un astuto morador<\/a><\/h4>            \n        <\/li>\n        <li>\n            <h4><a href=\"https:\/\/petronor.eus\/es\/reportajes\/topo-silencioso-morador-subterraneo\/\">Topo, silencioso morador subterr\u00e1neo<\/a><\/h4>            \n        <\/li>\n        <li>\n            <h4><a href=\"https:\/\/petronor.eus\/es\/reportajes\/lechuza-comun-reina-de-la-noche\/\">Lechuza Com\u00fan, reina de la noche<\/a><\/h4>            \n        <\/li><\/ul>\r\n<\/div>\r\n<\/div>","protected":false},"excerpt":{"rendered":"","protected":false},"author":1,"featured_media":0,"parent":52,"menu_order":3,"comment_status":"open","ping_status":"open","template":"template-reportajes.php","meta":{"footnotes":""},"class_list":["post-129","page","type-page","status-publish","hentry"],"yoast_head":"<!-- This site is optimized with the Yoast SEO plugin v24.7 - https:\/\/yoast.com\/wordpress\/plugins\/seo\/ -->\n<title>REPORTAJES DE NATURALEZA<\/title>\n<meta name=\"description\" content=\"Reportajes de naturaleza: Fernando Pedro P\u00e9rez explica las especies naturales que podemos encontrar en el entorno de la refiner\u00eda de Petronor, en Muskiz.\" \/>\n<meta name=\"robots\" content=\"index, follow, max-snippet:-1, max-image-preview:large, max-video-preview:-1\" \/>\n<link rel=\"canonical\" href=\"https:\/\/petronor.eus\/es\/nuestro-entorno\/entorno-natural\/reportajes-de-naturaleza\/\" \/>\n<meta property=\"og:locale\" content=\"es_ES\" \/>\n<meta property=\"og:type\" content=\"article\" \/>\n<meta property=\"og:title\" content=\"REPORTAJES DE NATURALEZA\" \/>\n<meta property=\"og:description\" content=\"Reportajes de naturaleza: Fernando Pedro P\u00e9rez explica las especies naturales que podemos encontrar en el entorno de la refiner\u00eda de Petronor, en Muskiz.\" \/>\n<meta property=\"og:url\" content=\"https:\/\/petronor.eus\/es\/nuestro-entorno\/entorno-natural\/reportajes-de-naturaleza\/\" \/>\n<meta property=\"og:site_name\" content=\"Petronor\" \/>\n<meta property=\"article:modified_time\" content=\"2017-07-10T08:55:10+00:00\" \/>\n<meta property=\"og:image\" content=\"https:\/\/petronor.eus\/wp-content\/uploads\/2014\/12\/Fernando-Pedro-Perez.jpg\" \/>\n<meta name=\"twitter:label1\" content=\"Est. reading time\" \/>\n\t<meta name=\"twitter:data1\" content=\"1 minute\" \/>\n<script type=\"application\/ld+json\" class=\"yoast-schema-graph\">{\"@context\":\"https:\/\/schema.org\",\"@graph\":[{\"@type\":\"WebPage\",\"@id\":\"https:\/\/petronor.eus\/es\/nuestro-entorno\/entorno-natural\/reportajes-de-naturaleza\/\",\"url\":\"https:\/\/petronor.eus\/es\/nuestro-entorno\/entorno-natural\/reportajes-de-naturaleza\/\",\"name\":\"REPORTAJES DE NATURALEZA\",\"isPartOf\":{\"@id\":\"https:\/\/petronor.eus\/es\/#website\"},\"primaryImageOfPage\":{\"@id\":\"https:\/\/petronor.eus\/es\/nuestro-entorno\/entorno-natural\/reportajes-de-naturaleza\/#primaryimage\"},\"image\":{\"@id\":\"https:\/\/petronor.eus\/es\/nuestro-entorno\/entorno-natural\/reportajes-de-naturaleza\/#primaryimage\"},\"thumbnailUrl\":\"https:\/\/petronor.eus\/wp-content\/uploads\/2014\/12\/Fernando-Pedro-Perez.jpg\",\"datePublished\":\"2014-12-15T12:50:22+00:00\",\"dateModified\":\"2017-07-10T08:55:10+00:00\",\"description\":\"Reportajes de naturaleza: Fernando Pedro P\u00e9rez explica las especies naturales que podemos encontrar en el entorno de la refiner\u00eda de Petronor, en Muskiz.\",\"breadcrumb\":{\"@id\":\"https:\/\/petronor.eus\/es\/nuestro-entorno\/entorno-natural\/reportajes-de-naturaleza\/#breadcrumb\"},\"inLanguage\":\"es-ES\",\"potentialAction\":[{\"@type\":\"ReadAction\",\"target\":[\"https:\/\/petronor.eus\/es\/nuestro-entorno\/entorno-natural\/reportajes-de-naturaleza\/\"]}]},{\"@type\":\"ImageObject\",\"inLanguage\":\"es-ES\",\"@id\":\"https:\/\/petronor.eus\/es\/nuestro-entorno\/entorno-natural\/reportajes-de-naturaleza\/#primaryimage\",\"url\":\"https:\/\/petronor.eus\/wp-content\/uploads\/2014\/12\/Fernando-Pedro-Perez.jpg\",\"contentUrl\":\"https:\/\/petronor.eus\/wp-content\/uploads\/2014\/12\/Fernando-Pedro-Perez.jpg\"},{\"@type\":\"BreadcrumbList\",\"@id\":\"https:\/\/petronor.eus\/es\/nuestro-entorno\/entorno-natural\/reportajes-de-naturaleza\/#breadcrumb\",\"itemListElement\":[{\"@type\":\"ListItem\",\"position\":1,\"name\":\"Home\",\"item\":\"https:\/\/petronor.eus\/es\/\"},{\"@type\":\"ListItem\",\"position\":2,\"name\":\"NUESTRO ENTORNO\",\"item\":\"https:\/\/petronor.eus\/es\/nuestro-entorno\/\"},{\"@type\":\"ListItem\",\"position\":3,\"name\":\"NATURAL\",\"item\":\"https:\/\/petronor.eus\/es\/nuestro-entorno\/entorno-natural\/\"},{\"@type\":\"ListItem\",\"position\":4,\"name\":\"REPORTAJES DE NATURALEZA\"}]},{\"@type\":\"WebSite\",\"@id\":\"https:\/\/petronor.eus\/es\/#website\",\"url\":\"https:\/\/petronor.eus\/es\/\",\"name\":\"Petronor\",\"description\":\"\",\"potentialAction\":[{\"@type\":\"SearchAction\",\"target\":{\"@type\":\"EntryPoint\",\"urlTemplate\":\"https:\/\/petronor.eus\/es\/?s={search_term_string}\"},\"query-input\":{\"@type\":\"PropertyValueSpecification\",\"valueRequired\":true,\"valueName\":\"search_term_string\"}}],\"inLanguage\":\"es-ES\"}]}<\/script>\n<!-- \/ Yoast SEO plugin. -->","yoast_head_json":{"title":"REPORTAJES DE NATURALEZA","description":"Reportajes de naturaleza: Fernando Pedro P\u00e9rez explica las especies naturales que podemos encontrar en el entorno de la refiner\u00eda de Petronor, en Muskiz.","robots":{"index":"index","follow":"follow","max-snippet":"max-snippet:-1","max-image-preview":"max-image-preview:large","max-video-preview":"max-video-preview:-1"},"canonical":"https:\/\/petronor.eus\/es\/nuestro-entorno\/entorno-natural\/reportajes-de-naturaleza\/","og_locale":"es_ES","og_type":"article","og_title":"REPORTAJES DE NATURALEZA","og_description":"Reportajes de naturaleza: Fernando Pedro P\u00e9rez explica las especies naturales que podemos encontrar en el entorno de la refiner\u00eda de Petronor, en Muskiz.","og_url":"https:\/\/petronor.eus\/es\/nuestro-entorno\/entorno-natural\/reportajes-de-naturaleza\/","og_site_name":"Petronor","article_modified_time":"2017-07-10T08:55:10+00:00","og_image":[{"url":"https:\/\/petronor.eus\/wp-content\/uploads\/2014\/12\/Fernando-Pedro-Perez.jpg","type":"","width":"","height":""}],"twitter_misc":{"Est. reading time":"1 minute"},"schema":{"@context":"https:\/\/schema.org","@graph":[{"@type":"WebPage","@id":"https:\/\/petronor.eus\/es\/nuestro-entorno\/entorno-natural\/reportajes-de-naturaleza\/","url":"https:\/\/petronor.eus\/es\/nuestro-entorno\/entorno-natural\/reportajes-de-naturaleza\/","name":"REPORTAJES DE NATURALEZA","isPartOf":{"@id":"https:\/\/petronor.eus\/es\/#website"},"primaryImageOfPage":{"@id":"https:\/\/petronor.eus\/es\/nuestro-entorno\/entorno-natural\/reportajes-de-naturaleza\/#primaryimage"},"image":{"@id":"https:\/\/petronor.eus\/es\/nuestro-entorno\/entorno-natural\/reportajes-de-naturaleza\/#primaryimage"},"thumbnailUrl":"https:\/\/petronor.eus\/wp-content\/uploads\/2014\/12\/Fernando-Pedro-Perez.jpg","datePublished":"2014-12-15T12:50:22+00:00","dateModified":"2017-07-10T08:55:10+00:00","description":"Reportajes de naturaleza: Fernando Pedro P\u00e9rez explica las especies naturales que podemos encontrar en el entorno de la refiner\u00eda de Petronor, en Muskiz.","breadcrumb":{"@id":"https:\/\/petronor.eus\/es\/nuestro-entorno\/entorno-natural\/reportajes-de-naturaleza\/#breadcrumb"},"inLanguage":"es-ES","potentialAction":[{"@type":"ReadAction","target":["https:\/\/petronor.eus\/es\/nuestro-entorno\/entorno-natural\/reportajes-de-naturaleza\/"]}]},{"@type":"ImageObject","inLanguage":"es-ES","@id":"https:\/\/petronor.eus\/es\/nuestro-entorno\/entorno-natural\/reportajes-de-naturaleza\/#primaryimage","url":"https:\/\/petronor.eus\/wp-content\/uploads\/2014\/12\/Fernando-Pedro-Perez.jpg","contentUrl":"https:\/\/petronor.eus\/wp-content\/uploads\/2014\/12\/Fernando-Pedro-Perez.jpg"},{"@type":"BreadcrumbList","@id":"https:\/\/petronor.eus\/es\/nuestro-entorno\/entorno-natural\/reportajes-de-naturaleza\/#breadcrumb","itemListElement":[{"@type":"ListItem","position":1,"name":"Home","item":"https:\/\/petronor.eus\/es\/"},{"@type":"ListItem","position":2,"name":"NUESTRO ENTORNO","item":"https:\/\/petronor.eus\/es\/nuestro-entorno\/"},{"@type":"ListItem","position":3,"name":"NATURAL","item":"https:\/\/petronor.eus\/es\/nuestro-entorno\/entorno-natural\/"},{"@type":"ListItem","position":4,"name":"REPORTAJES DE NATURALEZA"}]},{"@type":"WebSite","@id":"https:\/\/petronor.eus\/es\/#website","url":"https:\/\/petronor.eus\/es\/","name":"Petronor","description":"","potentialAction":[{"@type":"SearchAction","target":{"@type":"EntryPoint","urlTemplate":"https:\/\/petronor.eus\/es\/?s={search_term_string}"},"query-input":{"@type":"PropertyValueSpecification","valueRequired":true,"valueName":"search_term_string"}}],"inLanguage":"es-ES"}]}},"_links":{"self":[{"href":"https:\/\/petronor.eus\/es\/wp-json\/wp\/v2\/pages\/129","targetHints":{"allow":["GET"]}}],"collection":[{"href":"https:\/\/petronor.eus\/es\/wp-json\/wp\/v2\/pages"}],"about":[{"href":"https:\/\/petronor.eus\/es\/wp-json\/wp\/v2\/types\/page"}],"author":[{"embeddable":true,"href":"https:\/\/petronor.eus\/es\/wp-json\/wp\/v2\/users\/1"}],"replies":[{"embeddable":true,"href":"https:\/\/petronor.eus\/es\/wp-json\/wp\/v2\/comments?post=129"}],"version-history":[{"count":27,"href":"https:\/\/petronor.eus\/es\/wp-json\/wp\/v2\/pages\/129\/revisions"}],"predecessor-version":[{"id":39279,"href":"https:\/\/petronor.eus\/es\/wp-json\/wp\/v2\/pages\/129\/revisions\/39279"}],"up":[{"embeddable":true,"href":"https:\/\/petronor.eus\/es\/wp-json\/wp\/v2\/pages\/52"}],"wp:attachment":[{"href":"https:\/\/petronor.eus\/es\/wp-json\/wp\/v2\/media?parent=129"}],"curies":[{"name":"wp","href":"https:\/\/api.w.org\/{rel}","templated":true}]}}