{"id":14924,"date":"2015-06-24T10:51:27","date_gmt":"2015-06-24T08:51:27","guid":{"rendered":"https:\/\/petronor.eus\/?page_id=14924"},"modified":"2019-10-24T11:39:29","modified_gmt":"2019-10-24T09:39:29","slug":"comunidad-de-vecinos","status":"publish","type":"page","link":"https:\/\/petronor.eus\/es\/nuestro-entorno\/comunidad-de-vecinos\/","title":{"rendered":"COMUNIDAD DE VECINOS"},"content":{"rendered":"<div class=\"row introBlock full-width-section primeraFila\">\r\n<div class=\"col-lg-4 col-md-4 col-xs-12 col-sm-4\">\r\n<h1 style=\"margin-top: 0px;\">TE DAMOS LA BIENVENIDA A LA COMUNIDAD DE VECINOS DE PETRONOR<\/h1>\r\n<p style=\"font-size: 18px!important;\">Pronto ser\u00e1n 50 los a\u00f1os de relaci\u00f3n que unen a Petronor con la sociedad del entorno. Como empresa comprometida, hemos ido avanzando para acercarnos cada vez m\u00e1s a las expectativas y demandas de la sociedad con la que compartimos historia y futuro.<\/p>\r\nQueremos ser un buen vecino y, con este objetivo, estamos dando pasos firmes desde hace tiempo. Ahora damos un nuevo paso con la tarjeta <strong>Repsol m\u00e1s Petronor<\/strong>. Con la nueva tarjeta tendr\u00e1s todos los beneficios del Programa Repsol m\u00e1s (ofertas personalizadas, lavados gratis, descuentos en tus compras y entradas de cine..,) y adem\u00e1s ventajas exclusivas por ser de Abanto-Zierbena, Muskiz o Zierbena.\r\n\r\n<\/div>\r\n<div class=\"col-lg-8 col-md-8 col-xs-12 col-sm-8\">\r\n<div style=\"margin-bottom:20px ; height:1px; clear:both;\"><\/div>\r\n<img loading=\"lazy\" decoding=\"async\" class=\"alignleft wp-image-27027 size-full\" src=\"https:\/\/petronor.eus\/wp-content\/uploads\/2017\/01\/repsol-mas-petronor.jpg\" alt=\"Tarjeta Repsol m\u00e1s Petronor con descuentos\" width=\"700\" height=\"442\" \/>\r\n<\/div>\r\n<\/div>\r\n<div style=\"margin-bottom:30px ; height:1px; clear:both;\"><\/div>\r\n<div class=\"row \">\r\n<div class=\"col-lg-7 col-md-7 col-xs-12 col-sm-7\">\r\n<h2 style=\"margin-top: 0px;\">\u00bfQu\u00e9 es la tarjeta Repsol m\u00e1s Petronor?<\/h2>\r\nSe trata de una tarjeta asociada al programa Travel Club, con la que sumar\u00e1s Puntos Travel Club en todas las operaciones realizadas en\r\nnuestras Estaciones de Servicio y en todas las empresas patrocinadoras de Travel Club. Es una tarjeta totalmente gratuita y sin cuotas.\r\n<h2 style=\"margin-top: 0px;\">\u00bfQui\u00e9n puede solicitar la tarjeta?<\/h2>\r\nSi tu direcci\u00f3n corresponde con algunos de los c\u00f3digos postales <strong>48500, 48508, 48509 o 48550<\/strong> de Abanto-Zierbena, Muskiz o Zierbena, puedes sin m\u00e1s solicitar la tarjeta que te identificar\u00e1 como vecino\/a de la refiner\u00eda de Petronor.\r\n<h2 style=\"margin-top: 0px;\">\u00bfC\u00f3mo se puede conseguir?<\/h2>\r\nReg\u00edstrate en <a title=\"Ir a repsolmas.es\" href=\"https:\/\/www.repsol.es\/es\/productos-y-servicios\/tarjetas\/programa-repsol-mas\/index.cshtml\">repsolmas.es<\/a>. Si ya eres usuario\/a de repsol.com, solic\u00edtala directamente aqu\u00ed:\r\n\r\n<a class=\"btn btn-default btn-lg\" style=\"width: 225px;\" title=\"Ir a la web\" href=\"https:\/\/login.repsol.com\/landing\/register?returnUrl=https:\/\/www.repsol.es\/&#038;servicio=repsolmas\" target=\"_blank\">SOLIC\u00cdTALA AQU\u00cd<\/a>\r\n\r\nSi necesitas cualquier aclaraci\u00f3n, no dudes en dirigirte a esta direcci\u00f3n:<a href=\"mailto:info@petronor.com\">info@petronor.com.<\/a>\r\n\r\n<\/div>\r\n\r\n<div class=\"col-lg-5 col-md-5 col-xs-12 col-sm-5\">\r\n<h2 style=\"margin-top: 0px;\">Ventajas de la tarjeta<\/h2>\r\n<ul class=\"listaReseteada listaFlechada paddinIzquierdo15XS\">\r\n\t<li><strong>Descuento inmediato<\/strong> en las Estaciones de Servicio de Petronor, Repsol y Campsa de Bizkaia:\r\n<ul class=\"listaReseteada listaFlechada paddinIzquierdo15XS\">\r\n\t<li>3 c\u00e9ntimos por litro de carburante <em>Efitec 95 Neotech<\/em> y <em>Diesel e+ Neotech<\/em><\/li>\r\n\t<li>5 c\u00e9ntimos si es <em>Efitec 98 Neotech<\/em>, <em>Di\u00e9sel e+10 Neotech<\/em> y <em>Eftitec 95 Premium F\u00f3rmula<\/em><\/li>\r\n\t<li>1 c\u00e9ntimo por litro en el resto de estaciones estatales del Grupo Repsol.<\/li>\r\n<\/ul>\r\n<\/li>\r\n\t<li><a title=\"Ir a sorteos\" href=\"\/es\/patrocinio\/sorteos\/\"><u><strong>Sorteos exclusivos<\/strong><\/u><\/a> en nuestra web.<\/li>\r\n\t<li><strong>Promociones especiales<\/strong> para el vecindario de la Refiner\u00eda.<\/li>\r\n<\/ul>\r\n<div style=\"margin-bottom:30px ; height:1px; clear:both;\"><\/div>\r\n\r\nAdem\u00e1s, si te registras en repsolmas.es tendr\u00e1s acceso a m\u00e1s ventajas:\r\n<ul class=\"listaReseteada listaFlechada paddinIzquierdo15XS\">\r\n\t<li><strong>Entradas a precios especiales<\/strong> en motociclismo y entretenimiento .<\/li>\r\n\t<li><strong>El 8% en carburante<\/strong> de tus compras en <a title=\"Abrir\u00e1 en nueva pesta\u00f1a\" href=\"https:\/\/www.amazon.es\/\" target=\"_blank\"><u>www.amazon.es<\/u><\/a>.<\/li>\r\n\t<li><strong>Descuento de 3 \u20ac en carburante<\/strong> por la compra de entradas de cine.<\/li>\r\n\t<li><strong>Lava tu coche<\/strong> por solo 2 \u20ac.<\/li>\r\n<\/ul>\r\n<\/div>\r\n<\/div>\r\n\r\n<div style=\"margin-bottom:40px ; height:1px; clear:both;\"><\/div>\r\n<div class=\"row \">\r\n<div class=\"col-lg-12 col-md-12 col-sm-12 col-xs-12 destacados-clasicos\">\r\n\r\n<div class=\"col-lg-3 col-md-3 col-xs-12 col-sm-6\">\r\n<div style=\"\" id=\"\" class=\"proyectoDestacadoAbajo\">\r\n<div class=\"tituloProyectoDestacado bottom-container\">\r\n<h3>\u00bfQU\u00c9 HAGO SI YA TENGO UNA TARJETA?<\/h3>\r\n<\/div>\r\n<\/div>\r\n<\/div>\r\n\r\n<div class=\"col-lg-3 col-md-3 col-xs-12 col-sm-6\">\r\n<div style=\"\" id=\"\" class=\"proyectoDestacadoAbajo\">\r\n<div class=\"tituloProyectoDestacado bottom-container\">\r\n<h4><span style=\"display: block; margin: -30px 0 15px;\"><img loading=\"lazy\" decoding=\"async\" class=\"alignnone wp-image-27065\" src=\"https:\/\/petronor.eus\/wp-content\/uploads\/2017\/01\/ico-tarjetas-01.png\" alt=\"Duplicado\" width=\"50\" height=\"49\" \/><\/span><strong>Si ya tienes una tarjeta <em>Repsol m\u00e1s<\/em>,<\/strong> te enviaremos un duplicado con la tarjeta personalizada.<\/h4>\r\n<\/div>\r\n<\/div>\r\n<\/div>\r\n\r\n<div class=\"col-lg-3 col-md-3 col-xs-12 col-sm-6\">\r\n<div style=\"\" id=\"\" class=\"proyectoDestacadoAbajo\">\r\n<div class=\"tituloProyectoDestacado bottom-container\">\r\n<h4><span style=\"display: block; margin: -30px 0 15px;\"><img loading=\"lazy\" decoding=\"async\" class=\"alignnone wp-image-27066\" src=\"https:\/\/petronor.eus\/wp-content\/uploads\/2017\/01\/ico-tarjetas-02.png\" alt=\"Tarjeta vinculada\" width=\"50\" height=\"49\" \/><\/span><strong>Si tienes una tarjeta <em>Travel Club<\/em> o <em>Eroski Club<\/em>,<\/strong> te enviaremos una tarjeta <em>Repsol m\u00e1s Travel<\/em> vinculada a tu cuenta de socio\/a.<\/h4>\r\n<\/div>\r\n<\/div>\r\n<\/div>\r\n\r\n<div class=\"col-lg-3 col-md-3 col-xs-12 col-sm-6\">\r\n<div style=\"\" id=\"\" class=\"proyectoDestacadoAbajo\">\r\n<div class=\"tituloProyectoDestacado bottom-container\">\r\n<h4><span style=\"display: block; margin: -30px 0 15px;\"><img loading=\"lazy\" decoding=\"async\" class=\"alignnone wp-image-27067\" src=\"https:\/\/petronor.eus\/wp-content\/uploads\/2017\/01\/ico-tarjetas-03.png\" alt=\"Nueva tarjeta\" width=\"50\" height=\"49\" \/><\/span><strong>Si no tienes ninguna tarjeta <em>Travel Club<\/em>,<\/strong> emitiremos una tarjeta <em>Repsol m\u00e1s<\/em>.<\/h4>\r\n<\/div>\r\n<\/div>\r\n<\/div>\r\n\r\n<\/div>\r\n<\/div>","protected":false},"excerpt":{"rendered":"","protected":false},"author":1,"featured_media":0,"parent":10,"menu_order":3,"comment_status":"open","ping_status":"closed","template":"","meta":{"footnotes":""},"class_list":["post-14924","page","type-page","status-publish","hentry"],"yoast_head":"<!-- This site is optimized with the Yoast SEO plugin v24.7 - https:\/\/yoast.com\/wordpress\/plugins\/seo\/ -->\n<title>Comunidad de vecinos de Petronor<\/title>\n<meta name=\"description\" content=\"Conoce las ventajas de estar en la comunidad de vecinos y vecinas de Abanto-Zierbena, Muskiz y Zierbena con la tarjeta REPSOL M\u00c1S PETRONOR.\" \/>\n<meta name=\"robots\" content=\"index, follow, max-snippet:-1, max-image-preview:large, max-video-preview:-1\" \/>\n<link rel=\"canonical\" href=\"https:\/\/petronor.eus\/es\/nuestro-entorno\/comunidad-de-vecinos\/\" \/>\n<meta property=\"og:locale\" content=\"es_ES\" \/>\n<meta property=\"og:type\" content=\"article\" \/>\n<meta property=\"og:title\" content=\"Comunidad de vecinos de Petronor\" \/>\n<meta property=\"og:description\" content=\"Conoce las ventajas de estar en la comunidad de vecinos y vecinas de Abanto-Zierbena, Muskiz y Zierbena con la tarjeta REPSOL M\u00c1S PETRONOR.\" \/>\n<meta property=\"og:url\" content=\"https:\/\/petronor.eus\/es\/nuestro-entorno\/comunidad-de-vecinos\/\" \/>\n<meta property=\"og:site_name\" content=\"Petronor\" \/>\n<meta property=\"article:modified_time\" content=\"2019-10-24T09:39:29+00:00\" \/>\n<meta property=\"og:image\" content=\"https:\/\/petronor.eus\/wp-content\/uploads\/2017\/01\/repsol-mas-petronor.jpg\" \/>\n<meta name=\"twitter:label1\" content=\"Est. reading time\" \/>\n\t<meta name=\"twitter:data1\" content=\"3 minutes\" \/>\n<script type=\"application\/ld+json\" class=\"yoast-schema-graph\">{\"@context\":\"https:\/\/schema.org\",\"@graph\":[{\"@type\":\"WebPage\",\"@id\":\"https:\/\/petronor.eus\/es\/nuestro-entorno\/comunidad-de-vecinos\/\",\"url\":\"https:\/\/petronor.eus\/es\/nuestro-entorno\/comunidad-de-vecinos\/\",\"name\":\"Comunidad de vecinos de Petronor\",\"isPartOf\":{\"@id\":\"https:\/\/petronor.eus\/es\/#website\"},\"primaryImageOfPage\":{\"@id\":\"https:\/\/petronor.eus\/es\/nuestro-entorno\/comunidad-de-vecinos\/#primaryimage\"},\"image\":{\"@id\":\"https:\/\/petronor.eus\/es\/nuestro-entorno\/comunidad-de-vecinos\/#primaryimage\"},\"thumbnailUrl\":\"https:\/\/petronor.eus\/wp-content\/uploads\/2017\/01\/repsol-mas-petronor.jpg\",\"datePublished\":\"2015-06-24T08:51:27+00:00\",\"dateModified\":\"2019-10-24T09:39:29+00:00\",\"description\":\"Conoce las ventajas de estar en la comunidad de vecinos y vecinas de Abanto-Zierbena, Muskiz y Zierbena con la tarjeta REPSOL M\u00c1S PETRONOR.\",\"breadcrumb\":{\"@id\":\"https:\/\/petronor.eus\/es\/nuestro-entorno\/comunidad-de-vecinos\/#breadcrumb\"},\"inLanguage\":\"es-ES\",\"potentialAction\":[{\"@type\":\"ReadAction\",\"target\":[\"https:\/\/petronor.eus\/es\/nuestro-entorno\/comunidad-de-vecinos\/\"]}]},{\"@type\":\"ImageObject\",\"inLanguage\":\"es-ES\",\"@id\":\"https:\/\/petronor.eus\/es\/nuestro-entorno\/comunidad-de-vecinos\/#primaryimage\",\"url\":\"https:\/\/petronor.eus\/wp-content\/uploads\/2017\/01\/repsol-mas-petronor.jpg\",\"contentUrl\":\"https:\/\/petronor.eus\/wp-content\/uploads\/2017\/01\/repsol-mas-petronor.jpg\"},{\"@type\":\"BreadcrumbList\",\"@id\":\"https:\/\/petronor.eus\/es\/nuestro-entorno\/comunidad-de-vecinos\/#breadcrumb\",\"itemListElement\":[{\"@type\":\"ListItem\",\"position\":1,\"name\":\"Home\",\"item\":\"https:\/\/petronor.eus\/es\/\"},{\"@type\":\"ListItem\",\"position\":2,\"name\":\"NUESTRO ENTORNO\",\"item\":\"https:\/\/petronor.eus\/es\/nuestro-entorno\/\"},{\"@type\":\"ListItem\",\"position\":3,\"name\":\"COMUNIDAD DE VECINOS\"}]},{\"@type\":\"WebSite\",\"@id\":\"https:\/\/petronor.eus\/es\/#website\",\"url\":\"https:\/\/petronor.eus\/es\/\",\"name\":\"Petronor\",\"description\":\"\",\"potentialAction\":[{\"@type\":\"SearchAction\",\"target\":{\"@type\":\"EntryPoint\",\"urlTemplate\":\"https:\/\/petronor.eus\/es\/?s={search_term_string}\"},\"query-input\":{\"@type\":\"PropertyValueSpecification\",\"valueRequired\":true,\"valueName\":\"search_term_string\"}}],\"inLanguage\":\"es-ES\"}]}<\/script>\n<!-- \/ Yoast SEO plugin. -->","yoast_head_json":{"title":"Comunidad de vecinos de Petronor","description":"Conoce las ventajas de estar en la comunidad de vecinos y vecinas de Abanto-Zierbena, Muskiz y Zierbena con la tarjeta REPSOL M\u00c1S PETRONOR.","robots":{"index":"index","follow":"follow","max-snippet":"max-snippet:-1","max-image-preview":"max-image-preview:large","max-video-preview":"max-video-preview:-1"},"canonical":"https:\/\/petronor.eus\/es\/nuestro-entorno\/comunidad-de-vecinos\/","og_locale":"es_ES","og_type":"article","og_title":"Comunidad de vecinos de Petronor","og_description":"Conoce las ventajas de estar en la comunidad de vecinos y vecinas de Abanto-Zierbena, Muskiz y Zierbena con la tarjeta REPSOL M\u00c1S PETRONOR.","og_url":"https:\/\/petronor.eus\/es\/nuestro-entorno\/comunidad-de-vecinos\/","og_site_name":"Petronor","article_modified_time":"2019-10-24T09:39:29+00:00","og_image":[{"url":"https:\/\/petronor.eus\/wp-content\/uploads\/2017\/01\/repsol-mas-petronor.jpg","type":"","width":"","height":""}],"twitter_misc":{"Est. reading time":"3 minutes"},"schema":{"@context":"https:\/\/schema.org","@graph":[{"@type":"WebPage","@id":"https:\/\/petronor.eus\/es\/nuestro-entorno\/comunidad-de-vecinos\/","url":"https:\/\/petronor.eus\/es\/nuestro-entorno\/comunidad-de-vecinos\/","name":"Comunidad de vecinos de Petronor","isPartOf":{"@id":"https:\/\/petronor.eus\/es\/#website"},"primaryImageOfPage":{"@id":"https:\/\/petronor.eus\/es\/nuestro-entorno\/comunidad-de-vecinos\/#primaryimage"},"image":{"@id":"https:\/\/petronor.eus\/es\/nuestro-entorno\/comunidad-de-vecinos\/#primaryimage"},"thumbnailUrl":"https:\/\/petronor.eus\/wp-content\/uploads\/2017\/01\/repsol-mas-petronor.jpg","datePublished":"2015-06-24T08:51:27+00:00","dateModified":"2019-10-24T09:39:29+00:00","description":"Conoce las ventajas de estar en la comunidad de vecinos y vecinas de Abanto-Zierbena, Muskiz y Zierbena con la tarjeta REPSOL M\u00c1S PETRONOR.","breadcrumb":{"@id":"https:\/\/petronor.eus\/es\/nuestro-entorno\/comunidad-de-vecinos\/#breadcrumb"},"inLanguage":"es-ES","potentialAction":[{"@type":"ReadAction","target":["https:\/\/petronor.eus\/es\/nuestro-entorno\/comunidad-de-vecinos\/"]}]},{"@type":"ImageObject","inLanguage":"es-ES","@id":"https:\/\/petronor.eus\/es\/nuestro-entorno\/comunidad-de-vecinos\/#primaryimage","url":"https:\/\/petronor.eus\/wp-content\/uploads\/2017\/01\/repsol-mas-petronor.jpg","contentUrl":"https:\/\/petronor.eus\/wp-content\/uploads\/2017\/01\/repsol-mas-petronor.jpg"},{"@type":"BreadcrumbList","@id":"https:\/\/petronor.eus\/es\/nuestro-entorno\/comunidad-de-vecinos\/#breadcrumb","itemListElement":[{"@type":"ListItem","position":1,"name":"Home","item":"https:\/\/petronor.eus\/es\/"},{"@type":"ListItem","position":2,"name":"NUESTRO ENTORNO","item":"https:\/\/petronor.eus\/es\/nuestro-entorno\/"},{"@type":"ListItem","position":3,"name":"COMUNIDAD DE VECINOS"}]},{"@type":"WebSite","@id":"https:\/\/petronor.eus\/es\/#website","url":"https:\/\/petronor.eus\/es\/","name":"Petronor","description":"","potentialAction":[{"@type":"SearchAction","target":{"@type":"EntryPoint","urlTemplate":"https:\/\/petronor.eus\/es\/?s={search_term_string}"},"query-input":{"@type":"PropertyValueSpecification","valueRequired":true,"valueName":"search_term_string"}}],"inLanguage":"es-ES"}]}},"_links":{"self":[{"href":"https:\/\/petronor.eus\/es\/wp-json\/wp\/v2\/pages\/14924","targetHints":{"allow":["GET"]}}],"collection":[{"href":"https:\/\/petronor.eus\/es\/wp-json\/wp\/v2\/pages"}],"about":[{"href":"https:\/\/petronor.eus\/es\/wp-json\/wp\/v2\/types\/page"}],"author":[{"embeddable":true,"href":"https:\/\/petronor.eus\/es\/wp-json\/wp\/v2\/users\/1"}],"replies":[{"embeddable":true,"href":"https:\/\/petronor.eus\/es\/wp-json\/wp\/v2\/comments?post=14924"}],"version-history":[{"count":30,"href":"https:\/\/petronor.eus\/es\/wp-json\/wp\/v2\/pages\/14924\/revisions"}],"predecessor-version":[{"id":47368,"href":"https:\/\/petronor.eus\/es\/wp-json\/wp\/v2\/pages\/14924\/revisions\/47368"}],"up":[{"embeddable":true,"href":"https:\/\/petronor.eus\/es\/wp-json\/wp\/v2\/pages\/10"}],"wp:attachment":[{"href":"https:\/\/petronor.eus\/es\/wp-json\/wp\/v2\/media?parent=14924"}],"curies":[{"name":"wp","href":"https:\/\/api.w.org\/{rel}","templated":true}]}}