{"id":18,"date":"2014-12-15T12:14:22","date_gmt":"2014-12-15T12:14:22","guid":{"rendered":"https:\/\/petronor.eus\/?page_id=18"},"modified":"2021-11-10T11:21:26","modified_gmt":"2021-11-10T10:21:26","slug":"presentacion","status":"publish","type":"page","link":"https:\/\/petronor.eus\/es\/sobre-petronor\/presentacion\/","title":{"rendered":"PRESENTACI\u00d3N"},"content":{"rendered":"<div class=\"row introBlock full-width-section primeraFila\"> <div class=\"col-lg-3 col-md-3 col-xs-12 col-sm-6\"> <div style=\"\" id=\"presentacionArriba\" class=\"\">\u00a0<\/div> <div style=\"\" id=\"presentacionAbajo\" class=\"\">\r\n<div id=\"tituloPresentacion\"><strong>Emiliano L\u00f3pez<\/strong> Presidente de  Petronor<\/div>\r\n<\/div><\/div> <div class=\"col-lg-6 col-md-6 col-xs-12 col-sm-6\">\r\n<h1>BIENVENIDO\/A<strong> ONGI ETORRI<\/strong><\/h1>\r\nEste sitio web nace con el fin de dar a conocer Petronor y su Refiner\u00eda de Muskiz, Abanto-Zierbena y Zierbena. La compa\u00f1\u00eda luce su condici\u00f3n vizca\u00edna desde el mismo logotipo, y comparte as\u00ed la historia de sus 50 a\u00f1os de vida y un futuro lleno de retos interesantes.Petronor representa la vanguardia industrial del sector petrolero y abandera el esp\u00edritu de la tradici\u00f3n y de la cercan\u00eda al entorno en el que se ubica, y al que debe su fuerza productiva.\r\n\r\nPor eso su objetivo no es otro que mejorar para competir en el mercado internacional y volcar el fruto de su \u00e9xito en el entorno que la sustenta. Te invito a que nos conozcas, tanto mediante este sitio web como en <a title=\"Ir a la secci\u00f3n\" href=\"\/es\/visitas\/\"><u>alguna de las visitas<\/u><\/a> que organizamos en nuestras instalaciones. <strong>Bienvenido a nuestra p\u00e1gina, bienvenido a Petronor.<\/strong>\r\n\r\n<\/div> <div class=\"col-lg-3 col-md-3 col-xs-12 col-sm-6\"> <\/div> <\/div> <div style=\"margin-bottom:30px ; height:1px; clear:both;\"><\/div>\r\n\r\n<section id=\"acercade\">\r\n<div class=\"container nopaddingmobile\">\r\n<div id=\"bloque1\" class=\"col-lg-3 col-md-3 col-sm-6 col-xs-12\">\r\n<h2>De d\u00f3nde venimos y a d\u00f3nde vamos<\/h2>\r\n<h3 style=\"height: auto;\">Historia, presente y futuro.<\/h3>\r\n<div class=\"rayaGris\"><\/div>\r\n<\/div>\r\n<div id=\"bloque2\" class=\"col-lg-3 col-md-3 col-sm-6 col-xs-12 nopadding\">\r\n\r\n<a title=\"HISTORIA\" href=\"https:\/\/petronor.eus\/es\/sobre-petronor\/historia\/\"><img loading=\"lazy\" decoding=\"async\" class=\"imgZoom alignnone wp-image-2473 size-full\" title=\"Conoce nuestra historia\" src=\"https:\/\/petronor.eus\/wp-content\/uploads\/2014\/12\/01-destacado-historia.jpg\" alt=\"Vista de la refiner\u00eda y desembocadura del r\u00edo Barbadun\" width=\"400\" height=\"400\" srcset=\"https:\/\/petronor.eus\/wp-content\/uploads\/2014\/12\/01-destacado-historia.jpg 400w, https:\/\/petronor.eus\/wp-content\/uploads\/2014\/12\/01-destacado-historia-150x150.jpg 150w, https:\/\/petronor.eus\/wp-content\/uploads\/2014\/12\/01-destacado-historia-300x300.jpg 300w, https:\/\/petronor.eus\/wp-content\/uploads\/2014\/12\/01-destacado-historia-70x70.jpg 70w\" sizes=\"(max-width: 400px) 100vw, 400px\" \/><\/a>\r\n<div class=\"caption\"><\/div>\r\n<div class=\"caption-text\">\r\n<h3>PETRONOR<\/h3>\r\n<h4>fue la primera refiner\u00eda en producir gasolina sin plomo<\/h4>\r\n<\/div>\r\n&nbsp;\r\n\r\n<\/div>\r\n<div id=\"bloque3\" class=\"col-lg-3 col-md-3 col-sm-6 col-xs-12 nopadding\">\r\n\r\n<a href=\"https:\/\/petronor.eus\/es\/sobre-petronor\/objetivos\/\"><img loading=\"lazy\" decoding=\"async\" class=\"imgZoom alignnone wp-image-2474 size-full\" title=\"Conoce nuestros objetivos\" src=\"https:\/\/petronor.eus\/wp-content\/uploads\/2014\/12\/02-destacado-premio-mutualia.jpg\" alt=\"Premio Mutualia a la prevenci\u00f3n\" width=\"400\" height=\"400\" srcset=\"https:\/\/petronor.eus\/wp-content\/uploads\/2014\/12\/02-destacado-premio-mutualia.jpg 400w, https:\/\/petronor.eus\/wp-content\/uploads\/2014\/12\/02-destacado-premio-mutualia-150x150.jpg 150w, https:\/\/petronor.eus\/wp-content\/uploads\/2014\/12\/02-destacado-premio-mutualia-300x300.jpg 300w, https:\/\/petronor.eus\/wp-content\/uploads\/2014\/12\/02-destacado-premio-mutualia-70x70.jpg 70w\" sizes=\"(max-width: 400px) 100vw, 400px\" \/><\/a>\r\n<div class=\"caption\"><\/div>\r\n<div class=\"caption-text\">\r\n<h3>Trabajamos<\/h3>\r\n<h4>para ser l\u00edderes en una gesti\u00f3n segura, eficiente y comprometida<\/h4>\r\n<\/div>\r\n&nbsp;\r\n\r\n<\/div>\r\n<div id=\"bloque4\" class=\"col-lg-3 col-md-3 col-sm-6 col-xs-12 nopadding\">\r\n\r\n<a href=\"https:\/\/petronor.eus\/es\/sobre-petronor\/proyectos\/\"><img loading=\"lazy\" decoding=\"async\" class=\"imgZoom alignnone wp-image-2475 size-full\" title=\"Conoce nuestros proyectos\" src=\"https:\/\/petronor.eus\/wp-content\/uploads\/2014\/12\/03-destacados-proyectos.jpg\" alt=\"Montaje de nuevas instalaciones en Petronor\" width=\"400\" height=\"400\" srcset=\"https:\/\/petronor.eus\/wp-content\/uploads\/2014\/12\/03-destacados-proyectos.jpg 400w, https:\/\/petronor.eus\/wp-content\/uploads\/2014\/12\/03-destacados-proyectos-150x150.jpg 150w, https:\/\/petronor.eus\/wp-content\/uploads\/2014\/12\/03-destacados-proyectos-300x300.jpg 300w, https:\/\/petronor.eus\/wp-content\/uploads\/2014\/12\/03-destacados-proyectos-70x70.jpg 70w\" sizes=\"(max-width: 400px) 100vw, 400px\" \/><\/a>\r\n<div class=\"caption\"><\/div>\r\n<div class=\"caption-text\">\r\n<h3>NUEVAS<\/h3>\r\n<h4>recetas para la competitivad<\/h4>\r\n<\/div>\r\n&nbsp;\r\n\r\n<\/div>\r\n<\/div>\r\n<\/section>","protected":false},"excerpt":{"rendered":"De d\u00f3nde venimos y a d\u00f3nde vamos Historia, presente y futuro. PETRONOR fue la primera refiner\u00eda en producir gasolina sin plomo &nbsp; Trabajamos para ser l\u00edderes en una gesti\u00f3n segura, eficiente y comprometida &nbsp; NUEVAS recetas para la competitivad &nbsp;","protected":false},"author":1,"featured_media":0,"parent":2,"menu_order":1,"comment_status":"open","ping_status":"closed","template":"","meta":{"footnotes":""},"class_list":["post-18","page","type-page","status-publish","hentry"],"yoast_head":"<!-- This site is optimized with the Yoast SEO plugin v24.7 - https:\/\/yoast.com\/wordpress\/plugins\/seo\/ -->\n<title>Presentaci\u00f3n y saludo - Petronor<\/title>\n<meta name=\"description\" content=\"Presentaci\u00f3n corporativa y saludo de Andreu Pu\u00f1et, Consejero Delegado de Petronor\" \/>\n<meta name=\"robots\" content=\"index, follow, max-snippet:-1, max-image-preview:large, max-video-preview:-1\" \/>\n<link rel=\"canonical\" href=\"https:\/\/petronor.eus\/es\/sobre-petronor\/presentacion\/\" \/>\n<meta property=\"og:locale\" content=\"es_ES\" \/>\n<meta property=\"og:type\" content=\"article\" \/>\n<meta property=\"og:title\" content=\"Presentaci\u00f3n y saludo - Petronor\" \/>\n<meta property=\"og:description\" content=\"Presentaci\u00f3n corporativa y saludo de Andreu Pu\u00f1et, Consejero Delegado de Petronor\" \/>\n<meta property=\"og:url\" content=\"https:\/\/petronor.eus\/es\/sobre-petronor\/presentacion\/\" \/>\n<meta property=\"og:site_name\" content=\"Petronor\" \/>\n<meta property=\"article:modified_time\" content=\"2021-11-10T10:21:26+00:00\" \/>\n<meta property=\"og:image\" content=\"https:\/\/petronor.eus\/wp-content\/uploads\/2014\/12\/01-destacado-historia.jpg\" \/>\n<meta name=\"twitter:label1\" content=\"Est. reading time\" \/>\n\t<meta name=\"twitter:data1\" content=\"1 minute\" \/>\n<script type=\"application\/ld+json\" class=\"yoast-schema-graph\">{\"@context\":\"https:\/\/schema.org\",\"@graph\":[{\"@type\":\"WebPage\",\"@id\":\"https:\/\/petronor.eus\/es\/sobre-petronor\/presentacion\/\",\"url\":\"https:\/\/petronor.eus\/es\/sobre-petronor\/presentacion\/\",\"name\":\"Presentaci\u00f3n y saludo - Petronor\",\"isPartOf\":{\"@id\":\"https:\/\/petronor.eus\/es\/#website\"},\"primaryImageOfPage\":{\"@id\":\"https:\/\/petronor.eus\/es\/sobre-petronor\/presentacion\/#primaryimage\"},\"image\":{\"@id\":\"https:\/\/petronor.eus\/es\/sobre-petronor\/presentacion\/#primaryimage\"},\"thumbnailUrl\":\"https:\/\/petronor.eus\/wp-content\/uploads\/2014\/12\/01-destacado-historia.jpg\",\"datePublished\":\"2014-12-15T12:14:22+00:00\",\"dateModified\":\"2021-11-10T10:21:26+00:00\",\"description\":\"Presentaci\u00f3n corporativa y saludo de Andreu Pu\u00f1et, Consejero Delegado de Petronor\",\"breadcrumb\":{\"@id\":\"https:\/\/petronor.eus\/es\/sobre-petronor\/presentacion\/#breadcrumb\"},\"inLanguage\":\"es-ES\",\"potentialAction\":[{\"@type\":\"ReadAction\",\"target\":[\"https:\/\/petronor.eus\/es\/sobre-petronor\/presentacion\/\"]}]},{\"@type\":\"ImageObject\",\"inLanguage\":\"es-ES\",\"@id\":\"https:\/\/petronor.eus\/es\/sobre-petronor\/presentacion\/#primaryimage\",\"url\":\"https:\/\/petronor.eus\/wp-content\/uploads\/2014\/12\/01-destacado-historia.jpg\",\"contentUrl\":\"https:\/\/petronor.eus\/wp-content\/uploads\/2014\/12\/01-destacado-historia.jpg\"},{\"@type\":\"BreadcrumbList\",\"@id\":\"https:\/\/petronor.eus\/es\/sobre-petronor\/presentacion\/#breadcrumb\",\"itemListElement\":[{\"@type\":\"ListItem\",\"position\":1,\"name\":\"Home\",\"item\":\"https:\/\/petronor.eus\/es\/\"},{\"@type\":\"ListItem\",\"position\":2,\"name\":\"SOBRE PETRONOR\",\"item\":\"https:\/\/petronor.eus\/es\/sobre-petronor\/\"},{\"@type\":\"ListItem\",\"position\":3,\"name\":\"PRESENTACI\u00d3N\"}]},{\"@type\":\"WebSite\",\"@id\":\"https:\/\/petronor.eus\/es\/#website\",\"url\":\"https:\/\/petronor.eus\/es\/\",\"name\":\"Petronor\",\"description\":\"\",\"potentialAction\":[{\"@type\":\"SearchAction\",\"target\":{\"@type\":\"EntryPoint\",\"urlTemplate\":\"https:\/\/petronor.eus\/es\/?s={search_term_string}\"},\"query-input\":{\"@type\":\"PropertyValueSpecification\",\"valueRequired\":true,\"valueName\":\"search_term_string\"}}],\"inLanguage\":\"es-ES\"}]}<\/script>\n<!-- \/ Yoast SEO plugin. -->","yoast_head_json":{"title":"Presentaci\u00f3n y saludo - Petronor","description":"Presentaci\u00f3n corporativa y saludo de Andreu Pu\u00f1et, Consejero Delegado de Petronor","robots":{"index":"index","follow":"follow","max-snippet":"max-snippet:-1","max-image-preview":"max-image-preview:large","max-video-preview":"max-video-preview:-1"},"canonical":"https:\/\/petronor.eus\/es\/sobre-petronor\/presentacion\/","og_locale":"es_ES","og_type":"article","og_title":"Presentaci\u00f3n y saludo - Petronor","og_description":"Presentaci\u00f3n corporativa y saludo de Andreu Pu\u00f1et, Consejero Delegado de Petronor","og_url":"https:\/\/petronor.eus\/es\/sobre-petronor\/presentacion\/","og_site_name":"Petronor","article_modified_time":"2021-11-10T10:21:26+00:00","og_image":[{"url":"https:\/\/petronor.eus\/wp-content\/uploads\/2014\/12\/01-destacado-historia.jpg","type":"","width":"","height":""}],"twitter_misc":{"Est. reading time":"1 minute"},"schema":{"@context":"https:\/\/schema.org","@graph":[{"@type":"WebPage","@id":"https:\/\/petronor.eus\/es\/sobre-petronor\/presentacion\/","url":"https:\/\/petronor.eus\/es\/sobre-petronor\/presentacion\/","name":"Presentaci\u00f3n y saludo - Petronor","isPartOf":{"@id":"https:\/\/petronor.eus\/es\/#website"},"primaryImageOfPage":{"@id":"https:\/\/petronor.eus\/es\/sobre-petronor\/presentacion\/#primaryimage"},"image":{"@id":"https:\/\/petronor.eus\/es\/sobre-petronor\/presentacion\/#primaryimage"},"thumbnailUrl":"https:\/\/petronor.eus\/wp-content\/uploads\/2014\/12\/01-destacado-historia.jpg","datePublished":"2014-12-15T12:14:22+00:00","dateModified":"2021-11-10T10:21:26+00:00","description":"Presentaci\u00f3n corporativa y saludo de Andreu Pu\u00f1et, Consejero Delegado de Petronor","breadcrumb":{"@id":"https:\/\/petronor.eus\/es\/sobre-petronor\/presentacion\/#breadcrumb"},"inLanguage":"es-ES","potentialAction":[{"@type":"ReadAction","target":["https:\/\/petronor.eus\/es\/sobre-petronor\/presentacion\/"]}]},{"@type":"ImageObject","inLanguage":"es-ES","@id":"https:\/\/petronor.eus\/es\/sobre-petronor\/presentacion\/#primaryimage","url":"https:\/\/petronor.eus\/wp-content\/uploads\/2014\/12\/01-destacado-historia.jpg","contentUrl":"https:\/\/petronor.eus\/wp-content\/uploads\/2014\/12\/01-destacado-historia.jpg"},{"@type":"BreadcrumbList","@id":"https:\/\/petronor.eus\/es\/sobre-petronor\/presentacion\/#breadcrumb","itemListElement":[{"@type":"ListItem","position":1,"name":"Home","item":"https:\/\/petronor.eus\/es\/"},{"@type":"ListItem","position":2,"name":"SOBRE PETRONOR","item":"https:\/\/petronor.eus\/es\/sobre-petronor\/"},{"@type":"ListItem","position":3,"name":"PRESENTACI\u00d3N"}]},{"@type":"WebSite","@id":"https:\/\/petronor.eus\/es\/#website","url":"https:\/\/petronor.eus\/es\/","name":"Petronor","description":"","potentialAction":[{"@type":"SearchAction","target":{"@type":"EntryPoint","urlTemplate":"https:\/\/petronor.eus\/es\/?s={search_term_string}"},"query-input":{"@type":"PropertyValueSpecification","valueRequired":true,"valueName":"search_term_string"}}],"inLanguage":"es-ES"}]}},"_links":{"self":[{"href":"https:\/\/petronor.eus\/es\/wp-json\/wp\/v2\/pages\/18","targetHints":{"allow":["GET"]}}],"collection":[{"href":"https:\/\/petronor.eus\/es\/wp-json\/wp\/v2\/pages"}],"about":[{"href":"https:\/\/petronor.eus\/es\/wp-json\/wp\/v2\/types\/page"}],"author":[{"embeddable":true,"href":"https:\/\/petronor.eus\/es\/wp-json\/wp\/v2\/users\/1"}],"replies":[{"embeddable":true,"href":"https:\/\/petronor.eus\/es\/wp-json\/wp\/v2\/comments?post=18"}],"version-history":[{"count":69,"href":"https:\/\/petronor.eus\/es\/wp-json\/wp\/v2\/pages\/18\/revisions"}],"predecessor-version":[{"id":68053,"href":"https:\/\/petronor.eus\/es\/wp-json\/wp\/v2\/pages\/18\/revisions\/68053"}],"up":[{"embeddable":true,"href":"https:\/\/petronor.eus\/es\/wp-json\/wp\/v2\/pages\/2"}],"wp:attachment":[{"href":"https:\/\/petronor.eus\/es\/wp-json\/wp\/v2\/media?parent=18"}],"curies":[{"name":"wp","href":"https:\/\/api.w.org\/{rel}","templated":true}]}}