{"id":1969,"date":"2015-01-27T11:49:07","date_gmt":"2015-01-27T11:49:07","guid":{"rendered":"https:\/\/petronor.eus\/?page_id=1969"},"modified":"2017-07-10T10:55:53","modified_gmt":"2017-07-10T08:55:53","slug":"repoblacion-vegetal","status":"publish","type":"page","link":"https:\/\/petronor.eus\/es\/nuestro-entorno\/entorno-natural\/repoblacion-vegetal\/","title":{"rendered":"REPOBLACI\u00d3N VEGETAL DEL BARBADUN"},"content":{"rendered":"<div class=\"row introBlock full-width-section primeraFila\">\r\n<div class=\"col-lg-3 col-md-3 col-xs-12 col-sm-6\">\r\n<ul class=\"subnav\">  <li class=\"page_item page-item-125 page_item_has_children\"><a href=\"https:\/\/petronor.eus\/es\/nuestro-entorno\/entorno-natural\/la-flora\/\">LA FLORA<\/a><\/li>\n<li class=\"page_item page-item-127 page_item_has_children\"><a href=\"https:\/\/petronor.eus\/es\/nuestro-entorno\/entorno-natural\/la-fauna\/\">FAUNA, VARIEDAD ECOL\u00d3GICA DEL ENTORNO<\/a><\/li>\n<li class=\"page_item page-item-129\"><a href=\"https:\/\/petronor.eus\/es\/nuestro-entorno\/entorno-natural\/reportajes-de-naturaleza\/\">REPORTAJES DE NATURALEZA<\/a><\/li>\n<li class=\"page_item page-item-1969\"><a href=\"https:\/\/petronor.eus\/es\/nuestro-entorno\/entorno-natural\/repoblacion-vegetal\/\">REPOBLACI\u00d3N VEGETAL DEL BARBADUN<\/a><\/li>\n  <\/ul>\r\n<\/div>\r\n<div class=\"col-lg-4 col-md-4 col-sm-6 col-xs-12 setVideo3\">\r\n<div class=\"visible-sm visible-xs\"><div style=\"margin-bottom:15px ; height:1px; clear:both;\"><\/div><\/div>\r\n<h1 style=\"margin-top: 0;\">REPOBLACI\u00d3N VEGETAL DEL BARBAD\u00daN<\/h1>\r\nEl <strong>Proyecto de Repoblaci\u00f3n Vegetal<\/strong> de la margen derecha del r\u00edo Barbad\u00fan y del entorno del cargadero de asfaltos <strong>es ya una realidad tras cinco a\u00f1os de actuaci\u00f3n<\/strong> y seguimiento continuado.\r\n\r\nA finales de 2007, Petronor adjudic\u00f3 la realizaci\u00f3n de este Proyecto a la propuesta recibida desde el departamento de Biolog\u00eda Vegetal y Ecolog\u00eda de la Universidad del Pa\u00eds Vasco &#8211; Euskal Herriko Unibertsitatea, encabezado por Javier Loidi (Catedr\u00e1tico de Bot\u00e1nica) y Amador Prieto (Bi\u00f3logo y miembro de la Fundaci\u00f3n Urdaibai).\r\n<p style=\"margin-bottom: 0px;\">El plan cont\u00f3 desde sus inicios con los permisos y autorizaciones necesarias para su realizaci\u00f3n, as\u00ed como con todos los apoyos institucionales, y se desarroll\u00f3 a partir de enero de 2009, con las condiciones meteorol\u00f3gicas y del ciclo vital de las plantas m\u00e1s adecuadas para garantizar el \u00e9xito de la iniciativa.<\/p>\r\n\r\n<\/div>\r\n<div class=\"col-lg-5 col-md-5 col-sm-12 col-xs-12\"><a href=\"https:\/\/petronor.eus\/wp-content\/uploads\/2015\/01\/repoblacion-vegetal.jpg\" data-rel=\"lightbox-image-0\" data-rl_title=\"\" data-rl_caption=\"\" title=\"\"><img loading=\"lazy\" decoding=\"async\" class=\"alignnone size-full wp-image-7564\" src=\"https:\/\/petronor.eus\/wp-content\/uploads\/2015\/01\/repoblacion-vegetal.jpg\" alt=\"Repoblaci\u00f3n vegetal\" width=\"768\" height=\"512\" srcset=\"https:\/\/petronor.eus\/wp-content\/uploads\/2015\/01\/repoblacion-vegetal.jpg 768w, https:\/\/petronor.eus\/wp-content\/uploads\/2015\/01\/repoblacion-vegetal-600x400.jpg 600w\" sizes=\"(max-width: 768px) 100vw, 768px\" \/><\/a><\/div>\r\n<\/div>\r\n<div style=\"margin-bottom:20px ; height:1px; clear:both;\"><\/div>\r\n<div class=\"row \">\r\n<div class=\"col-lg-6 col-md-6 col-xs-12 col-sm-6 col-md-offset-3 col-lg-offset-3\">\r\n<div class=\"tablaHeader\">\n<div class=\"celda celdaIzquierda \"><h3>REFORESTACI\u00d3N INTENSA<\/h3><\/div>\n<div class=\"celda\"><div class=\"widgettitlewrapper\">&nbsp;<\/div><\/div>\n<\/div>\r\n\r\nEl conjunto de las actuaciones de Petronor ha supuesto la plantaci\u00f3n de cerca de 500 \u00e1rboles (arces, fresnos, mostajos, encinas, de entre 3,5 y 7 m de altura) y de 800 arbustos (laureles, cornejos, endrinos, espinos, boneteros y avellanos, de entre 1,5 y 6 m de altura) en la margen derecha del r\u00edo Barbad\u00fan. Asimismo, se han plantado 30 \u00e1rboles (arces y fresnos, de entre 3,5 y 7 m de altura) en la explanada frente al cargadero de asfaltos, y 700 arbustos (madro\u00f1os, sauces negros, de entre 0,60 y 1,5 m de altura) entre el bidegorri y la valla perimetral de la Refiner\u00eda, tambi\u00e9n en el \u00e1rea comprendida entre la Torre de refrigeraci\u00f3n-3 y el final de &#8220;La Lengua&#8221;.\r\n\r\nParalelamente, de forma complementaria, la intervenci\u00f3n del Ayuntamiento de Muskiz ha posibilitado nuevas actuaciones sobre una superficie de 12.000 m2, en la que se han plantado m\u00e1s de 4.000 ejemplares, para convertirla en bosque de ribera.\r\n\r\n<div style=\"margin-bottom:20px ; height:1px; clear:both;\"><\/div>\r\n<div class=\"tablaHeader\">\n<div class=\"celda celdaIzquierda \"><h3>SOLO ESPECIES AUTOCT\u00d3NAS<\/h3><\/div>\n<div class=\"celda\"><div class=\"widgettitlewrapper\">&nbsp;<\/div><\/div>\n<\/div>\r\n\r\nPara la reforestaci\u00f3n de este espacio se han utilizado especies aut\u00f3ctonas del propio ecosistema, como son, Alnus Glutinosa, Fraxinus Excelsior, Salix Atricinerea, Sambunus Nigra, Cornus Sangu\u00ednea y Corylus Avellana, entre otras, con la particularidad de que muchas de ellas han crecido en la zona de forma espont\u00e1nea. Adem\u00e1s, se ha tenido en cuenta la preocupaci\u00f3n creciente en las diferentes pol\u00edticas forestales europeas, como es la conservaci\u00f3n de la diversidad gen\u00e9tica de los bosques.\r\n\r\nEn esta misma l\u00ednea, dado que se trata del entorno de un espacio natural con inter\u00e9s en el \u00e1mbito europeo, calificado como ZEC (Zona de Especial Conservaci\u00f3n), se ha utilizado en todo momento material gen\u00e9tico del \u00e1rea a restaurar o, al menos, lo m\u00e1s cercano posible al entorno. En este caso, las plantas utilizadas proceden de semillas recogidas en la Comunidad Aut\u00f3noma del Pa\u00eds Vasco y provincias lim\u00edtrofes.\r\n\r\nAsimismo, el Proyecto de repoblaci\u00f3n vegetal est\u00e1 en consonancia con la Pol\u00edtica del \u00c1rea de Medio Ambiente del Gobierno Vasco, que apoya la proliferaci\u00f3n de plantas aut\u00f3ctonas, como el madro\u00f1o, el avellano, el bonetero o el laurel, entre otras.\r\n\r\n<\/div>\r\n<div class=\"col-lg-3 col-md-3 col-xs-12 col-sm-6\">\r\n<img loading=\"lazy\" decoding=\"async\" class=\"alignnone size-full wp-image-2594\" src=\"https:\/\/petronor.eus\/wp-content\/uploads\/2015\/01\/plantacion-arboles.jpg\" alt=\"plantacion-arboles\" width=\"450\" height=\"291\" \/>\r\n\r\nInicio de la repoblaci\u00f3n vegetal de la margen derecha del r\u00edo Barbad\u00fan\r\n\r\n<\/div>\r\n<\/div>","protected":false},"excerpt":{"rendered":"","protected":false},"author":1,"featured_media":0,"parent":52,"menu_order":4,"comment_status":"open","ping_status":"open","template":"","meta":{"footnotes":""},"class_list":["post-1969","page","type-page","status-publish","hentry"],"yoast_head":"<!-- This site is optimized with the Yoast SEO plugin v24.7 - https:\/\/yoast.com\/wordpress\/plugins\/seo\/ -->\n<title>REPOBLACI\u00d3N VEGETAL DEL BARBADUN<\/title>\n<meta name=\"description\" content=\"El Proyecto de Repoblaci\u00f3n Vegetal del Barbad\u00fan y del entorno del cargadero de asfaltos es ya una realidad tras 5 a\u00f1os de actuaci\u00f3n y seguimiento continuado\" \/>\n<meta name=\"robots\" content=\"index, follow, max-snippet:-1, max-image-preview:large, max-video-preview:-1\" \/>\n<link rel=\"canonical\" href=\"https:\/\/petronor.eus\/es\/nuestro-entorno\/entorno-natural\/repoblacion-vegetal\/\" \/>\n<meta property=\"og:locale\" content=\"es_ES\" \/>\n<meta property=\"og:type\" content=\"article\" \/>\n<meta property=\"og:title\" content=\"REPOBLACI\u00d3N VEGETAL DEL BARBADUN\" \/>\n<meta property=\"og:description\" content=\"El Proyecto de Repoblaci\u00f3n Vegetal del Barbad\u00fan y del entorno del cargadero de asfaltos es ya una realidad tras 5 a\u00f1os de actuaci\u00f3n y seguimiento continuado\" \/>\n<meta property=\"og:url\" content=\"https:\/\/petronor.eus\/es\/nuestro-entorno\/entorno-natural\/repoblacion-vegetal\/\" \/>\n<meta property=\"og:site_name\" content=\"Petronor\" \/>\n<meta property=\"article:modified_time\" content=\"2017-07-10T08:55:53+00:00\" \/>\n<meta property=\"og:image\" content=\"https:\/\/petronor.eus\/wp-content\/uploads\/2015\/01\/repoblacion-vegetal.jpg\" \/>\n<meta name=\"twitter:label1\" content=\"Est. reading time\" \/>\n\t<meta name=\"twitter:data1\" content=\"3 minutes\" \/>\n<script type=\"application\/ld+json\" class=\"yoast-schema-graph\">{\"@context\":\"https:\/\/schema.org\",\"@graph\":[{\"@type\":\"WebPage\",\"@id\":\"https:\/\/petronor.eus\/es\/nuestro-entorno\/entorno-natural\/repoblacion-vegetal\/\",\"url\":\"https:\/\/petronor.eus\/es\/nuestro-entorno\/entorno-natural\/repoblacion-vegetal\/\",\"name\":\"REPOBLACI\u00d3N VEGETAL DEL BARBADUN\",\"isPartOf\":{\"@id\":\"https:\/\/petronor.eus\/es\/#website\"},\"primaryImageOfPage\":{\"@id\":\"https:\/\/petronor.eus\/es\/nuestro-entorno\/entorno-natural\/repoblacion-vegetal\/#primaryimage\"},\"image\":{\"@id\":\"https:\/\/petronor.eus\/es\/nuestro-entorno\/entorno-natural\/repoblacion-vegetal\/#primaryimage\"},\"thumbnailUrl\":\"https:\/\/petronor.eus\/wp-content\/uploads\/2015\/01\/repoblacion-vegetal.jpg\",\"datePublished\":\"2015-01-27T11:49:07+00:00\",\"dateModified\":\"2017-07-10T08:55:53+00:00\",\"description\":\"El Proyecto de Repoblaci\u00f3n Vegetal del Barbad\u00fan y del entorno del cargadero de asfaltos es ya una realidad tras 5 a\u00f1os de actuaci\u00f3n y seguimiento continuado\",\"breadcrumb\":{\"@id\":\"https:\/\/petronor.eus\/es\/nuestro-entorno\/entorno-natural\/repoblacion-vegetal\/#breadcrumb\"},\"inLanguage\":\"es-ES\",\"potentialAction\":[{\"@type\":\"ReadAction\",\"target\":[\"https:\/\/petronor.eus\/es\/nuestro-entorno\/entorno-natural\/repoblacion-vegetal\/\"]}]},{\"@type\":\"ImageObject\",\"inLanguage\":\"es-ES\",\"@id\":\"https:\/\/petronor.eus\/es\/nuestro-entorno\/entorno-natural\/repoblacion-vegetal\/#primaryimage\",\"url\":\"https:\/\/petronor.eus\/wp-content\/uploads\/2015\/01\/repoblacion-vegetal.jpg\",\"contentUrl\":\"https:\/\/petronor.eus\/wp-content\/uploads\/2015\/01\/repoblacion-vegetal.jpg\"},{\"@type\":\"BreadcrumbList\",\"@id\":\"https:\/\/petronor.eus\/es\/nuestro-entorno\/entorno-natural\/repoblacion-vegetal\/#breadcrumb\",\"itemListElement\":[{\"@type\":\"ListItem\",\"position\":1,\"name\":\"Home\",\"item\":\"https:\/\/petronor.eus\/es\/\"},{\"@type\":\"ListItem\",\"position\":2,\"name\":\"NUESTRO ENTORNO\",\"item\":\"https:\/\/petronor.eus\/es\/nuestro-entorno\/\"},{\"@type\":\"ListItem\",\"position\":3,\"name\":\"NATURAL\",\"item\":\"https:\/\/petronor.eus\/es\/nuestro-entorno\/entorno-natural\/\"},{\"@type\":\"ListItem\",\"position\":4,\"name\":\"REPOBLACI\u00d3N VEGETAL DEL BARBADUN\"}]},{\"@type\":\"WebSite\",\"@id\":\"https:\/\/petronor.eus\/es\/#website\",\"url\":\"https:\/\/petronor.eus\/es\/\",\"name\":\"Petronor\",\"description\":\"\",\"potentialAction\":[{\"@type\":\"SearchAction\",\"target\":{\"@type\":\"EntryPoint\",\"urlTemplate\":\"https:\/\/petronor.eus\/es\/?s={search_term_string}\"},\"query-input\":{\"@type\":\"PropertyValueSpecification\",\"valueRequired\":true,\"valueName\":\"search_term_string\"}}],\"inLanguage\":\"es-ES\"}]}<\/script>\n<!-- \/ Yoast SEO plugin. -->","yoast_head_json":{"title":"REPOBLACI\u00d3N VEGETAL DEL BARBADUN","description":"El Proyecto de Repoblaci\u00f3n Vegetal del Barbad\u00fan y del entorno del cargadero de asfaltos es ya una realidad tras 5 a\u00f1os de actuaci\u00f3n y seguimiento continuado","robots":{"index":"index","follow":"follow","max-snippet":"max-snippet:-1","max-image-preview":"max-image-preview:large","max-video-preview":"max-video-preview:-1"},"canonical":"https:\/\/petronor.eus\/es\/nuestro-entorno\/entorno-natural\/repoblacion-vegetal\/","og_locale":"es_ES","og_type":"article","og_title":"REPOBLACI\u00d3N VEGETAL DEL BARBADUN","og_description":"El Proyecto de Repoblaci\u00f3n Vegetal del Barbad\u00fan y del entorno del cargadero de asfaltos es ya una realidad tras 5 a\u00f1os de actuaci\u00f3n y seguimiento continuado","og_url":"https:\/\/petronor.eus\/es\/nuestro-entorno\/entorno-natural\/repoblacion-vegetal\/","og_site_name":"Petronor","article_modified_time":"2017-07-10T08:55:53+00:00","og_image":[{"url":"https:\/\/petronor.eus\/wp-content\/uploads\/2015\/01\/repoblacion-vegetal.jpg","type":"","width":"","height":""}],"twitter_misc":{"Est. reading time":"3 minutes"},"schema":{"@context":"https:\/\/schema.org","@graph":[{"@type":"WebPage","@id":"https:\/\/petronor.eus\/es\/nuestro-entorno\/entorno-natural\/repoblacion-vegetal\/","url":"https:\/\/petronor.eus\/es\/nuestro-entorno\/entorno-natural\/repoblacion-vegetal\/","name":"REPOBLACI\u00d3N VEGETAL DEL BARBADUN","isPartOf":{"@id":"https:\/\/petronor.eus\/es\/#website"},"primaryImageOfPage":{"@id":"https:\/\/petronor.eus\/es\/nuestro-entorno\/entorno-natural\/repoblacion-vegetal\/#primaryimage"},"image":{"@id":"https:\/\/petronor.eus\/es\/nuestro-entorno\/entorno-natural\/repoblacion-vegetal\/#primaryimage"},"thumbnailUrl":"https:\/\/petronor.eus\/wp-content\/uploads\/2015\/01\/repoblacion-vegetal.jpg","datePublished":"2015-01-27T11:49:07+00:00","dateModified":"2017-07-10T08:55:53+00:00","description":"El Proyecto de Repoblaci\u00f3n Vegetal del Barbad\u00fan y del entorno del cargadero de asfaltos es ya una realidad tras 5 a\u00f1os de actuaci\u00f3n y seguimiento continuado","breadcrumb":{"@id":"https:\/\/petronor.eus\/es\/nuestro-entorno\/entorno-natural\/repoblacion-vegetal\/#breadcrumb"},"inLanguage":"es-ES","potentialAction":[{"@type":"ReadAction","target":["https:\/\/petronor.eus\/es\/nuestro-entorno\/entorno-natural\/repoblacion-vegetal\/"]}]},{"@type":"ImageObject","inLanguage":"es-ES","@id":"https:\/\/petronor.eus\/es\/nuestro-entorno\/entorno-natural\/repoblacion-vegetal\/#primaryimage","url":"https:\/\/petronor.eus\/wp-content\/uploads\/2015\/01\/repoblacion-vegetal.jpg","contentUrl":"https:\/\/petronor.eus\/wp-content\/uploads\/2015\/01\/repoblacion-vegetal.jpg"},{"@type":"BreadcrumbList","@id":"https:\/\/petronor.eus\/es\/nuestro-entorno\/entorno-natural\/repoblacion-vegetal\/#breadcrumb","itemListElement":[{"@type":"ListItem","position":1,"name":"Home","item":"https:\/\/petronor.eus\/es\/"},{"@type":"ListItem","position":2,"name":"NUESTRO ENTORNO","item":"https:\/\/petronor.eus\/es\/nuestro-entorno\/"},{"@type":"ListItem","position":3,"name":"NATURAL","item":"https:\/\/petronor.eus\/es\/nuestro-entorno\/entorno-natural\/"},{"@type":"ListItem","position":4,"name":"REPOBLACI\u00d3N VEGETAL DEL BARBADUN"}]},{"@type":"WebSite","@id":"https:\/\/petronor.eus\/es\/#website","url":"https:\/\/petronor.eus\/es\/","name":"Petronor","description":"","potentialAction":[{"@type":"SearchAction","target":{"@type":"EntryPoint","urlTemplate":"https:\/\/petronor.eus\/es\/?s={search_term_string}"},"query-input":{"@type":"PropertyValueSpecification","valueRequired":true,"valueName":"search_term_string"}}],"inLanguage":"es-ES"}]}},"_links":{"self":[{"href":"https:\/\/petronor.eus\/es\/wp-json\/wp\/v2\/pages\/1969","targetHints":{"allow":["GET"]}}],"collection":[{"href":"https:\/\/petronor.eus\/es\/wp-json\/wp\/v2\/pages"}],"about":[{"href":"https:\/\/petronor.eus\/es\/wp-json\/wp\/v2\/types\/page"}],"author":[{"embeddable":true,"href":"https:\/\/petronor.eus\/es\/wp-json\/wp\/v2\/users\/1"}],"replies":[{"embeddable":true,"href":"https:\/\/petronor.eus\/es\/wp-json\/wp\/v2\/comments?post=1969"}],"version-history":[{"count":42,"href":"https:\/\/petronor.eus\/es\/wp-json\/wp\/v2\/pages\/1969\/revisions"}],"predecessor-version":[{"id":39277,"href":"https:\/\/petronor.eus\/es\/wp-json\/wp\/v2\/pages\/1969\/revisions\/39277"}],"up":[{"embeddable":true,"href":"https:\/\/petronor.eus\/es\/wp-json\/wp\/v2\/pages\/52"}],"wp:attachment":[{"href":"https:\/\/petronor.eus\/es\/wp-json\/wp\/v2\/media?parent=1969"}],"curies":[{"name":"wp","href":"https:\/\/api.w.org\/{rel}","templated":true}]}}