{"id":2,"date":"2014-12-15T11:53:12","date_gmt":"2014-12-15T11:53:12","guid":{"rendered":"https:\/\/petronor.eus\/?page_id=2"},"modified":"2019-11-05T11:49:36","modified_gmt":"2019-11-05T09:49:36","slug":"sobre-petronor","status":"publish","type":"page","link":"https:\/\/petronor.eus\/es\/sobre-petronor\/","title":{"rendered":"SOBRE PETRONOR"},"content":{"rendered":"<div class=\"row introBlock full-width-section primeraFila\">\r\n<div id=\"sobrePetronorImgDerecha\" class=\"col-lg-3 col-md-3 col-sm-12 col-xs-12 col-md-push-9 hidden-sm hidden-xs\"><div style=\"\" id=\"presentacionArriba\" class=\"\"> <\/div> <div style=\"\" id=\"presentacionAbajo\" class=\"\">\r\n<div id=\"tituloPresentacion\"><a class=\"colorBlanco hoverBlanco\" title=\"Ir a Presentaci\u00f3n\" href=\"\/es\/sobre-petronor\/presentacion\/\"><strong>ONGI ETORRI<\/strong> por Emiliano L\u00f3pez<\/a><\/div>\r\n<\/div>\r\n\r\n<\/div>\r\n<div id=\"sobrePetronorImgCentro\" class=\"col-lg-6 col-md-6 hidden-sm hidden-xs nooverflow\"><img loading=\"lazy\" decoding=\"async\" class=\"alignnone wp-image-4528 size-full\" src=\"https:\/\/petronor.eus\/wp-content\/uploads\/2014\/12\/sobre-petronor.jpg\" alt=\"Vista a\u00e9rea del entorno de la refiner\u00eda de Petronor\" width=\"800\" height=\"627\" srcset=\"https:\/\/petronor.eus\/wp-content\/uploads\/2014\/12\/sobre-petronor.jpg 800w, https:\/\/petronor.eus\/wp-content\/uploads\/2014\/12\/sobre-petronor-600x470.jpg 600w\" sizes=\"(max-width: 800px) 100vw, 800px\" \/><\/div>\r\n<div class=\"col-lg-3 col-md-3 col-sm-12 col-xs-12 col-md-pull-9\">\r\n<h1>SOBRE PETRONOR<\/h1>\r\n<p class=\"font18\" style=\"font-size: 18px!important;\">Petronor representa la vanguardia industrial del sector petrolero y abandera el esp\u00edritu de la tradici\u00f3n y de la cercan\u00eda al entorno en el que se ubica, y al que debe su fuerza productiva.<\/p>\r\n\r\n<div class=\"separadorGris\"><\/div>\r\n<div style=\"margin-bottom:20px ; height:1px; clear:both;\"><\/div>\r\nCon un potencial productivo de 12 millones de <abbr lang=\"es\" title=\"tonelada\/a\u00f1o\">t\/a\u00f1o<\/abbr>, es la mayor refiner\u00eda de Espa\u00f1a, y exporta algo m\u00e1s de un tercio de su producci\u00f3n. Ocupa a 945 trabajadores de plantilla y tiene un empleo inducido de 6.200 personas.\r\n<div class=\"rayaGris\"><\/div>\r\n<\/div>\r\n<\/div> <div style=\"margin-bottom:20px ; height:1px; clear:both;\"><\/div> <div class=\"row opciones\"><div class=\"col-lg-6 col-md-6 col-xs-6 col-sm-6\">\r\n<div id=\"\" class=\"opciones__contenedor\">\r\n<h3><a title=\"Conoce los Objetivos\" href=\"\/es\/sobre-petronor\/objetivos\/\">OBJETIVOS<\/a><\/h3>\r\nLiderazgo, seguridad, medio ambiente, eficiencia y compromiso.\r\n\r\n<\/div>\r\n<\/div> <div class=\"col-lg-6 col-md-6 col-xs-6 col-sm-6\">\r\n<div id=\"\" class=\"opciones__contenedor\">\r\n<h3><a title=\"Conoce nuestra historia\" href=\"\/es\/sobre-petronor\/historia\/\">HISTORIA<\/a><\/h3>\r\nPetr\u00f3leos del Norte fue constituido en 1968\r\n\r\n<\/div>\r\n<\/div> <!--&#091;column lg=\"4\" md=\"4\" sm=\"6\" xs=\"6\" &#093;\r\n<div id=\"\" class=\"opciones__contenedor\">\r\n<h3><a title=\"Conoce los proyectos\" href=\"\/es\/sobre-petronor\/proyectos\/\">PROYECTOS<\/a><\/h3>\r\nInnovaci\u00f3n activa: tecnol\u00f3gica y de gesti\u00f3n\r\n\r\n<\/div>\r\n&#091;\/column&#093; --><\/div> <div style=\"margin-bottom:30px ; height:1px; clear:both;\"><\/div>\r\n\r\n<section id=\"acercade\">\r\n<div class=\"container nopaddingmobile\">\r\n<div id=\"bloque1\" class=\"col-lg-4 col-md-4 col-sm-12 col-xs-12\">\r\n<h2>PROYECTOS DESTACADOS<\/h2>\r\n<h3>Planes de acci\u00f3n y proyectos hechos realidad que nos sit\u00faan a la vanguardia del sector.<\/h3>\r\n<div class=\"rayaGris\"><\/div>\r\n<\/div>\r\n<div id=\"bloque2\" class=\"col-lg-4 col-md-4 col-sm-12 col-xs-12 nopadding\"><a href=\"\/es\/sobre-petronor\/proyectos\/smartwatch\/\"><img loading=\"lazy\" decoding=\"async\" class=\"imgZoom alignnone\" title=\"Ir al proyecto\" src=\"\/wp-content\/uploads\/2014\/12\/proyecto-nuevo-reboiler.jpg\" alt=\"\" width=\"768\" height=\"300\" \/><\/a>\r\n<div class=\"caption\"><\/div>\r\n<div class=\"caption-text\">\r\n<h3>Smartwatch<\/h3>\r\n<h4>Aumentamos la eficiencia energ\u00e9tica y reducimos las emisiones<\/h4>\r\n<\/div>\r\n<\/div>\r\n<!--\r\n<div id=\"bloque3\" class=\"col-lg-3 col-md-3 col-sm-6 col-xs-12 nopadding\">\r\n\r\n<a href=\"\/es\/sobre-petronor\/proyectos\/petronor-barria\/\"><img loading=\"lazy\" decoding=\"async\" class=\"imgZoom alignnone\" title=\"Ir al proyecto\" src=\"https:\/\/petronor.eus\/wp-content\/uploads\/2014\/12\/petronor-barria-400.jpg\" alt=\"Balsas de la refiner\u00eda y entorno natural\" width=\"400\" height=\"300\" \/><\/a>\r\n<div class=\"caption\"><\/div>\r\n<div class=\"caption-text\">\r\n<h3>Petronor Barria<\/h3>\r\n<h4>Un plan de competitividad para Petronor<\/h4>\r\n<\/div>\r\n&nbsp;\r\n\r\n<\/div>\r\n-->\r\n<div id=\"bloque4\" class=\"col-lg-4 col-md-4 col-sm-12 col-xs-12 nopadding\">\r\n\r\n<a href=\"\/es\/refineria\/instalaciones\/urf\/\"><img loading=\"lazy\" decoding=\"async\" class=\"imgZoom alignnone\" title=\"Ir al proyecto\" src=\"https:\/\/petronor.eus\/wp-content\/uploads\/2014\/12\/urf-cuadrada.jpg\" alt=\"\" width=\"768\" height=\"300\" \/><\/a>\r\n<div class=\"caption\"><\/div>\r\n<div class=\"caption-text\">\r\n<h3>URF<\/h3>\r\n<h4>La mayor inversi\u00f3n industrial de Euskadi<\/h4>\r\n<\/div>\r\n&nbsp;\r\n\r\n<\/div>\r\n&nbsp;\r\n\r\n<\/div>\r\n<\/section>\r\n<div class=\" hidden-sm hidden-xs\">\r\n\r\n<!--[margin size=\"30\"][headerConFranjaGris texto=\"NOTAS DE PRENSA\"][mostrar_noticias cuantos=\"4\" class=\"noticias_wrapper\" cat=\"7\"]-->\r\n\r\n<\/div>","protected":false},"excerpt":{"rendered":"PROYECTOS DESTACADOS Planes de acci\u00f3n y proyectos hechos realidad que nos sit\u00faan a la vanguardia del sector. Smartwatch Aumentamos la eficiencia energ\u00e9tica y reducimos las emisiones URF La mayor inversi\u00f3n industrial de Euskadi &nbsp; &nbsp;","protected":false},"author":1,"featured_media":0,"parent":0,"menu_order":1,"comment_status":"open","ping_status":"closed","template":"","meta":{"footnotes":""},"class_list":["post-2","page","type-page","status-publish","hentry"],"yoast_head":"<!-- This site is optimized with the Yoast SEO plugin v24.7 - https:\/\/yoast.com\/wordpress\/plugins\/seo\/ -->\n<title>Sobre Petronor<\/title>\n<meta name=\"description\" content=\"Conoce Petronor a trav\u00e9s de su historia, objetivos empresariales y proyectos estrat\u00e9gicos a la vanguardia del sector.\" \/>\n<meta name=\"robots\" content=\"index, follow, max-snippet:-1, max-image-preview:large, max-video-preview:-1\" \/>\n<link rel=\"canonical\" href=\"https:\/\/petronor.eus\/es\/sobre-petronor\/\" \/>\n<meta property=\"og:locale\" content=\"es_ES\" \/>\n<meta property=\"og:type\" content=\"article\" \/>\n<meta property=\"og:title\" content=\"Sobre Petronor\" \/>\n<meta property=\"og:description\" content=\"Conoce Petronor a trav\u00e9s de su historia, objetivos empresariales y proyectos estrat\u00e9gicos a la vanguardia del sector.\" \/>\n<meta property=\"og:url\" content=\"https:\/\/petronor.eus\/es\/sobre-petronor\/\" \/>\n<meta property=\"og:site_name\" content=\"Petronor\" \/>\n<meta property=\"article:modified_time\" content=\"2019-11-05T09:49:36+00:00\" \/>\n<meta property=\"og:image\" content=\"https:\/\/petronor.eus\/wp-content\/uploads\/2014\/12\/sobre-petronor.jpg\" \/>\n<meta name=\"twitter:label1\" content=\"Est. reading time\" \/>\n\t<meta name=\"twitter:data1\" content=\"1 minute\" \/>\n<script type=\"application\/ld+json\" class=\"yoast-schema-graph\">{\"@context\":\"https:\/\/schema.org\",\"@graph\":[{\"@type\":\"WebPage\",\"@id\":\"https:\/\/petronor.eus\/es\/sobre-petronor\/\",\"url\":\"https:\/\/petronor.eus\/es\/sobre-petronor\/\",\"name\":\"Sobre Petronor\",\"isPartOf\":{\"@id\":\"https:\/\/petronor.eus\/es\/#website\"},\"primaryImageOfPage\":{\"@id\":\"https:\/\/petronor.eus\/es\/sobre-petronor\/#primaryimage\"},\"image\":{\"@id\":\"https:\/\/petronor.eus\/es\/sobre-petronor\/#primaryimage\"},\"thumbnailUrl\":\"https:\/\/petronor.eus\/wp-content\/uploads\/2014\/12\/sobre-petronor.jpg\",\"datePublished\":\"2014-12-15T11:53:12+00:00\",\"dateModified\":\"2019-11-05T09:49:36+00:00\",\"description\":\"Conoce Petronor a trav\u00e9s de su historia, objetivos empresariales y proyectos estrat\u00e9gicos a la vanguardia del sector.\",\"breadcrumb\":{\"@id\":\"https:\/\/petronor.eus\/es\/sobre-petronor\/#breadcrumb\"},\"inLanguage\":\"es-ES\",\"potentialAction\":[{\"@type\":\"ReadAction\",\"target\":[\"https:\/\/petronor.eus\/es\/sobre-petronor\/\"]}]},{\"@type\":\"ImageObject\",\"inLanguage\":\"es-ES\",\"@id\":\"https:\/\/petronor.eus\/es\/sobre-petronor\/#primaryimage\",\"url\":\"https:\/\/petronor.eus\/wp-content\/uploads\/2014\/12\/sobre-petronor.jpg\",\"contentUrl\":\"https:\/\/petronor.eus\/wp-content\/uploads\/2014\/12\/sobre-petronor.jpg\"},{\"@type\":\"BreadcrumbList\",\"@id\":\"https:\/\/petronor.eus\/es\/sobre-petronor\/#breadcrumb\",\"itemListElement\":[{\"@type\":\"ListItem\",\"position\":1,\"name\":\"Home\",\"item\":\"https:\/\/petronor.eus\/es\/\"},{\"@type\":\"ListItem\",\"position\":2,\"name\":\"SOBRE PETRONOR\"}]},{\"@type\":\"WebSite\",\"@id\":\"https:\/\/petronor.eus\/es\/#website\",\"url\":\"https:\/\/petronor.eus\/es\/\",\"name\":\"Petronor\",\"description\":\"\",\"potentialAction\":[{\"@type\":\"SearchAction\",\"target\":{\"@type\":\"EntryPoint\",\"urlTemplate\":\"https:\/\/petronor.eus\/es\/?s={search_term_string}\"},\"query-input\":{\"@type\":\"PropertyValueSpecification\",\"valueRequired\":true,\"valueName\":\"search_term_string\"}}],\"inLanguage\":\"es-ES\"}]}<\/script>\n<!-- \/ Yoast SEO plugin. -->","yoast_head_json":{"title":"Sobre Petronor","description":"Conoce Petronor a trav\u00e9s de su historia, objetivos empresariales y proyectos estrat\u00e9gicos a la vanguardia del sector.","robots":{"index":"index","follow":"follow","max-snippet":"max-snippet:-1","max-image-preview":"max-image-preview:large","max-video-preview":"max-video-preview:-1"},"canonical":"https:\/\/petronor.eus\/es\/sobre-petronor\/","og_locale":"es_ES","og_type":"article","og_title":"Sobre Petronor","og_description":"Conoce Petronor a trav\u00e9s de su historia, objetivos empresariales y proyectos estrat\u00e9gicos a la vanguardia del sector.","og_url":"https:\/\/petronor.eus\/es\/sobre-petronor\/","og_site_name":"Petronor","article_modified_time":"2019-11-05T09:49:36+00:00","og_image":[{"url":"https:\/\/petronor.eus\/wp-content\/uploads\/2014\/12\/sobre-petronor.jpg","type":"","width":"","height":""}],"twitter_misc":{"Est. reading time":"1 minute"},"schema":{"@context":"https:\/\/schema.org","@graph":[{"@type":"WebPage","@id":"https:\/\/petronor.eus\/es\/sobre-petronor\/","url":"https:\/\/petronor.eus\/es\/sobre-petronor\/","name":"Sobre Petronor","isPartOf":{"@id":"https:\/\/petronor.eus\/es\/#website"},"primaryImageOfPage":{"@id":"https:\/\/petronor.eus\/es\/sobre-petronor\/#primaryimage"},"image":{"@id":"https:\/\/petronor.eus\/es\/sobre-petronor\/#primaryimage"},"thumbnailUrl":"https:\/\/petronor.eus\/wp-content\/uploads\/2014\/12\/sobre-petronor.jpg","datePublished":"2014-12-15T11:53:12+00:00","dateModified":"2019-11-05T09:49:36+00:00","description":"Conoce Petronor a trav\u00e9s de su historia, objetivos empresariales y proyectos estrat\u00e9gicos a la vanguardia del sector.","breadcrumb":{"@id":"https:\/\/petronor.eus\/es\/sobre-petronor\/#breadcrumb"},"inLanguage":"es-ES","potentialAction":[{"@type":"ReadAction","target":["https:\/\/petronor.eus\/es\/sobre-petronor\/"]}]},{"@type":"ImageObject","inLanguage":"es-ES","@id":"https:\/\/petronor.eus\/es\/sobre-petronor\/#primaryimage","url":"https:\/\/petronor.eus\/wp-content\/uploads\/2014\/12\/sobre-petronor.jpg","contentUrl":"https:\/\/petronor.eus\/wp-content\/uploads\/2014\/12\/sobre-petronor.jpg"},{"@type":"BreadcrumbList","@id":"https:\/\/petronor.eus\/es\/sobre-petronor\/#breadcrumb","itemListElement":[{"@type":"ListItem","position":1,"name":"Home","item":"https:\/\/petronor.eus\/es\/"},{"@type":"ListItem","position":2,"name":"SOBRE PETRONOR"}]},{"@type":"WebSite","@id":"https:\/\/petronor.eus\/es\/#website","url":"https:\/\/petronor.eus\/es\/","name":"Petronor","description":"","potentialAction":[{"@type":"SearchAction","target":{"@type":"EntryPoint","urlTemplate":"https:\/\/petronor.eus\/es\/?s={search_term_string}"},"query-input":{"@type":"PropertyValueSpecification","valueRequired":true,"valueName":"search_term_string"}}],"inLanguage":"es-ES"}]}},"_links":{"self":[{"href":"https:\/\/petronor.eus\/es\/wp-json\/wp\/v2\/pages\/2","targetHints":{"allow":["GET"]}}],"collection":[{"href":"https:\/\/petronor.eus\/es\/wp-json\/wp\/v2\/pages"}],"about":[{"href":"https:\/\/petronor.eus\/es\/wp-json\/wp\/v2\/types\/page"}],"author":[{"embeddable":true,"href":"https:\/\/petronor.eus\/es\/wp-json\/wp\/v2\/users\/1"}],"replies":[{"embeddable":true,"href":"https:\/\/petronor.eus\/es\/wp-json\/wp\/v2\/comments?post=2"}],"version-history":[{"count":231,"href":"https:\/\/petronor.eus\/es\/wp-json\/wp\/v2\/pages\/2\/revisions"}],"predecessor-version":[{"id":60870,"href":"https:\/\/petronor.eus\/es\/wp-json\/wp\/v2\/pages\/2\/revisions\/60870"}],"wp:attachment":[{"href":"https:\/\/petronor.eus\/es\/wp-json\/wp\/v2\/media?parent=2"}],"curies":[{"name":"wp","href":"https:\/\/api.w.org\/{rel}","templated":true}]}}