{"id":20,"date":"2014-12-15T12:14:41","date_gmt":"2014-12-15T12:14:41","guid":{"rendered":"https:\/\/petronor.eus\/?page_id=20"},"modified":"2017-12-13T11:18:41","modified_gmt":"2017-12-13T09:18:41","slug":"objetivos","status":"publish","type":"page","link":"https:\/\/petronor.eus\/es\/sobre-petronor\/objetivos\/","title":{"rendered":"OBJETIVOS"},"content":{"rendered":"<div class=\"row introBlock full-width-section primeraFila\">\r\n<div class=\"col-lg-7 col-md-7 col-sm-12 col-xs-12 col-md-push-5\"><img loading=\"lazy\" decoding=\"async\" class=\"img-responsive alignnone wp-image-2477 size-full\" style=\"width: 100%;\" src=\"https:\/\/petronor.eus\/wp-content\/uploads\/2014\/12\/sobre-petronor-objetivos.jpg\" alt=\"Empleados de Petronor en las instalaciones\" width=\"651\" height=\"434\" srcset=\"https:\/\/petronor.eus\/wp-content\/uploads\/2014\/12\/sobre-petronor-objetivos.jpg 651w, https:\/\/petronor.eus\/wp-content\/uploads\/2014\/12\/sobre-petronor-objetivos-600x400.jpg 600w\" sizes=\"(max-width: 651px) 100vw, 651px\" \/><\/div>\r\n<div class=\"col-lg-5 col-md-5 col-sm-12 col-xs-12 col-md-pull-7\">\r\n\r\n<div style=\"margin-bottom:30px ; height:1px; clear:both;\"><\/div>\r\n<h1 style=\"margin-top: 0;\">OBJETIVOS, NUESTRA VISI\u00d3N<\/h1>\r\n<div style=\"margin-bottom:20px ; height:1px; clear:both;\"><\/div>\r\n<p class=\"font18\" style=\"font-size: 18px!important;\">Petronor, desde sus comienzos, ha tenido claro cu\u00e1l era su objetivo principal: ser l\u00edderes del sector de refino en Espa\u00f1a por la gesti\u00f3n segura, respetuosa con el medio ambiente y con una actividad eficiente.<\/p>\r\n\r\n<div class=\"separadorGris\"><\/div>\r\n<div style=\"margin-bottom:20px ; height:1px; clear:both;\"><\/div>\r\nMantenemos un firme compromiso con nuestros empleados, clientes, proveedores y entorno, de cara a lograr y mantener unos niveles de eficacia y competitividad dentro del grupo m\u00e1s s\u00f3lido de su sector.\r\n<div class=\"rayaGris\"><\/div>\r\n<\/div>\r\n<\/div>\r\n<div class=\"row \">\r\n<div class=\"col-lg-6 col-md-6 col-xs-12 col-sm-12\">\r\n<div class=\"tablaHeader derechadoMovil\">\n<div class=\"celda celdaIzquierda\"><h3>RESPONSABILIDADES QUE CONTRAEMOS<\/h3><\/div>\n<div class=\"celda\"><div class=\"widgettitlewrapper\">&nbsp;<\/div><\/div>\n<\/div>\r\n<div>\r\n<p class=\"parrafoDestacado\">Mejorar continuamente y <strong>progresar hacia la excelencia<\/strong>, seg\u00fan el modelo europeo EFQM (European Foundation for Quality Management).<\/p>\r\n<p class=\"parrafoDestacado\">Conducir las actividades cumpliendo con la legislaci\u00f3n vigente, los requisitos normativos y otros que la organizaci\u00f3n suscriba; con el objetivo de <strong>minimizar los impactos ambientales<\/strong> negativos y que se alcance un alto nivel de seguridad en sus procesos, instalaciones y servicios, prestando especial atenci\u00f3n a la protecci\u00f3n de los trabajadores, contratistas, clientes, entorno local y p\u00fablico en general.<\/p>\r\n\r\n<\/div>\r\n<div style=\"margin-bottom:10px ; height:1px; clear:both;\"><\/div>\r\n<div class=\"col-lg-12 col-md-12 col-sm-12 col-xs-12\">\r\n\r\nPor todo ello Petronor asume retos como su misi\u00f3n en la gesti\u00f3n de efluentes, cuyo objetivo final es conseguir que las aguas enviadas al exterior cumplan con las exigencias legales establecidas y as\u00ed contribuir de forma eficaz a la conservaci\u00f3n del <u><a title=\"Ir a la secci\u00f3n\" href=\"\/es\/refineria\/compromisos\/compromiso-con-el-medio-ambiente\/\">medio ambiente<\/a><\/u>.\r\n\r\n<\/div>\r\n<\/div>\r\n<div class=\"col-lg-2 col-md-2 col-xs-12 col-sm-6 hidden-sm hidden-xs\">\r\n\r\n<\/div>\r\n<div class=\"col-lg-4 col-md-4 col-xs-12 col-sm-12\">\r\n<div class=\"tablaHeader derechadoMovil\">\n<div class=\"celda celdaIzquierda\"><h3>COMPROMISO Y PRINCIPIOS<\/h3><\/div>\n<div class=\"celda\"><div class=\"widgettitlewrapper\">&nbsp;<\/div><\/div>\n<\/div>\r\n<div class=\"col-lg-12 col-md-12 col-sm-12 col-xs-12\">\r\n\r\nPetronor, de acuerdo con la Visi\u00f3n Estrat\u00e9gica de REPSOL y la propia, asume la Excelencia en la Gesti\u00f3n como estrategia, concret\u00e1ndose en el siguiente compromiso y principios.\r\n\r\n<div style=\"margin-bottom:20px ; height:1px; clear:both;\"><\/div><a class=\"btn btn-default btn-lg ancho100  \" href=\"https:\/\/petronor.eus\/wp-content\/uploads\/2015\/07\/compromiso_petronor_2010.pdf\"  target=\"_blank\"><i class=\"glyphicon glyphicon-save\" ><\/i> Descargar documento (PDF)<\/a>\r\n\r\n<\/div>\r\n<\/div>\r\n<div class=\"col-lg-3 col-md-3 col-xs-12 col-sm-12 hidden-md hidden-sm hidden-xs hidden-lg\">\r\ntext\r\n<\/div>\r\n<\/div>","protected":false},"excerpt":{"rendered":"","protected":false},"author":1,"featured_media":0,"parent":2,"menu_order":2,"comment_status":"open","ping_status":"closed","template":"","meta":{"footnotes":""},"class_list":["post-20","page","type-page","status-publish","hentry"],"yoast_head":"<!-- This site is optimized with the Yoast SEO plugin v24.7 - https:\/\/yoast.com\/wordpress\/plugins\/seo\/ -->\n<title>Objetivos y visi\u00f3n de Petronor<\/title>\n<meta name=\"description\" content=\"Presentaci\u00f3n de los objetivos principales de Petronor, sus principios y la estrategia de excelencia en la gesti\u00f3n.\" \/>\n<meta name=\"robots\" content=\"index, follow, max-snippet:-1, max-image-preview:large, max-video-preview:-1\" \/>\n<link rel=\"canonical\" href=\"https:\/\/petronor.eus\/es\/sobre-petronor\/objetivos\/\" \/>\n<meta property=\"og:locale\" content=\"es_ES\" \/>\n<meta property=\"og:type\" content=\"article\" \/>\n<meta property=\"og:title\" content=\"Objetivos y visi\u00f3n de Petronor\" \/>\n<meta property=\"og:description\" content=\"Presentaci\u00f3n de los objetivos principales de Petronor, sus principios y la estrategia de excelencia en la gesti\u00f3n.\" \/>\n<meta property=\"og:url\" content=\"https:\/\/petronor.eus\/es\/sobre-petronor\/objetivos\/\" \/>\n<meta property=\"og:site_name\" content=\"Petronor\" \/>\n<meta property=\"article:modified_time\" content=\"2017-12-13T09:18:41+00:00\" \/>\n<meta property=\"og:image\" content=\"https:\/\/petronor.eus\/wp-content\/uploads\/2014\/12\/sobre-petronor-objetivos.jpg\" \/>\n<meta name=\"twitter:label1\" content=\"Est. reading time\" \/>\n\t<meta name=\"twitter:data1\" content=\"2 minutes\" \/>\n<script type=\"application\/ld+json\" class=\"yoast-schema-graph\">{\"@context\":\"https:\/\/schema.org\",\"@graph\":[{\"@type\":\"WebPage\",\"@id\":\"https:\/\/petronor.eus\/es\/sobre-petronor\/objetivos\/\",\"url\":\"https:\/\/petronor.eus\/es\/sobre-petronor\/objetivos\/\",\"name\":\"Objetivos y visi\u00f3n de Petronor\",\"isPartOf\":{\"@id\":\"https:\/\/petronor.eus\/es\/#website\"},\"primaryImageOfPage\":{\"@id\":\"https:\/\/petronor.eus\/es\/sobre-petronor\/objetivos\/#primaryimage\"},\"image\":{\"@id\":\"https:\/\/petronor.eus\/es\/sobre-petronor\/objetivos\/#primaryimage\"},\"thumbnailUrl\":\"https:\/\/petronor.eus\/wp-content\/uploads\/2014\/12\/sobre-petronor-objetivos.jpg\",\"datePublished\":\"2014-12-15T12:14:41+00:00\",\"dateModified\":\"2017-12-13T09:18:41+00:00\",\"description\":\"Presentaci\u00f3n de los objetivos principales de Petronor, sus principios y la estrategia de excelencia en la gesti\u00f3n.\",\"breadcrumb\":{\"@id\":\"https:\/\/petronor.eus\/es\/sobre-petronor\/objetivos\/#breadcrumb\"},\"inLanguage\":\"es-ES\",\"potentialAction\":[{\"@type\":\"ReadAction\",\"target\":[\"https:\/\/petronor.eus\/es\/sobre-petronor\/objetivos\/\"]}]},{\"@type\":\"ImageObject\",\"inLanguage\":\"es-ES\",\"@id\":\"https:\/\/petronor.eus\/es\/sobre-petronor\/objetivos\/#primaryimage\",\"url\":\"https:\/\/petronor.eus\/wp-content\/uploads\/2014\/12\/sobre-petronor-objetivos.jpg\",\"contentUrl\":\"https:\/\/petronor.eus\/wp-content\/uploads\/2014\/12\/sobre-petronor-objetivos.jpg\"},{\"@type\":\"BreadcrumbList\",\"@id\":\"https:\/\/petronor.eus\/es\/sobre-petronor\/objetivos\/#breadcrumb\",\"itemListElement\":[{\"@type\":\"ListItem\",\"position\":1,\"name\":\"Home\",\"item\":\"https:\/\/petronor.eus\/es\/\"},{\"@type\":\"ListItem\",\"position\":2,\"name\":\"SOBRE PETRONOR\",\"item\":\"https:\/\/petronor.eus\/es\/sobre-petronor\/\"},{\"@type\":\"ListItem\",\"position\":3,\"name\":\"OBJETIVOS\"}]},{\"@type\":\"WebSite\",\"@id\":\"https:\/\/petronor.eus\/es\/#website\",\"url\":\"https:\/\/petronor.eus\/es\/\",\"name\":\"Petronor\",\"description\":\"\",\"potentialAction\":[{\"@type\":\"SearchAction\",\"target\":{\"@type\":\"EntryPoint\",\"urlTemplate\":\"https:\/\/petronor.eus\/es\/?s={search_term_string}\"},\"query-input\":{\"@type\":\"PropertyValueSpecification\",\"valueRequired\":true,\"valueName\":\"search_term_string\"}}],\"inLanguage\":\"es-ES\"}]}<\/script>\n<!-- \/ Yoast SEO plugin. -->","yoast_head_json":{"title":"Objetivos y visi\u00f3n de Petronor","description":"Presentaci\u00f3n de los objetivos principales de Petronor, sus principios y la estrategia de excelencia en la gesti\u00f3n.","robots":{"index":"index","follow":"follow","max-snippet":"max-snippet:-1","max-image-preview":"max-image-preview:large","max-video-preview":"max-video-preview:-1"},"canonical":"https:\/\/petronor.eus\/es\/sobre-petronor\/objetivos\/","og_locale":"es_ES","og_type":"article","og_title":"Objetivos y visi\u00f3n de Petronor","og_description":"Presentaci\u00f3n de los objetivos principales de Petronor, sus principios y la estrategia de excelencia en la gesti\u00f3n.","og_url":"https:\/\/petronor.eus\/es\/sobre-petronor\/objetivos\/","og_site_name":"Petronor","article_modified_time":"2017-12-13T09:18:41+00:00","og_image":[{"url":"https:\/\/petronor.eus\/wp-content\/uploads\/2014\/12\/sobre-petronor-objetivos.jpg","type":"","width":"","height":""}],"twitter_misc":{"Est. reading time":"2 minutes"},"schema":{"@context":"https:\/\/schema.org","@graph":[{"@type":"WebPage","@id":"https:\/\/petronor.eus\/es\/sobre-petronor\/objetivos\/","url":"https:\/\/petronor.eus\/es\/sobre-petronor\/objetivos\/","name":"Objetivos y visi\u00f3n de Petronor","isPartOf":{"@id":"https:\/\/petronor.eus\/es\/#website"},"primaryImageOfPage":{"@id":"https:\/\/petronor.eus\/es\/sobre-petronor\/objetivos\/#primaryimage"},"image":{"@id":"https:\/\/petronor.eus\/es\/sobre-petronor\/objetivos\/#primaryimage"},"thumbnailUrl":"https:\/\/petronor.eus\/wp-content\/uploads\/2014\/12\/sobre-petronor-objetivos.jpg","datePublished":"2014-12-15T12:14:41+00:00","dateModified":"2017-12-13T09:18:41+00:00","description":"Presentaci\u00f3n de los objetivos principales de Petronor, sus principios y la estrategia de excelencia en la gesti\u00f3n.","breadcrumb":{"@id":"https:\/\/petronor.eus\/es\/sobre-petronor\/objetivos\/#breadcrumb"},"inLanguage":"es-ES","potentialAction":[{"@type":"ReadAction","target":["https:\/\/petronor.eus\/es\/sobre-petronor\/objetivos\/"]}]},{"@type":"ImageObject","inLanguage":"es-ES","@id":"https:\/\/petronor.eus\/es\/sobre-petronor\/objetivos\/#primaryimage","url":"https:\/\/petronor.eus\/wp-content\/uploads\/2014\/12\/sobre-petronor-objetivos.jpg","contentUrl":"https:\/\/petronor.eus\/wp-content\/uploads\/2014\/12\/sobre-petronor-objetivos.jpg"},{"@type":"BreadcrumbList","@id":"https:\/\/petronor.eus\/es\/sobre-petronor\/objetivos\/#breadcrumb","itemListElement":[{"@type":"ListItem","position":1,"name":"Home","item":"https:\/\/petronor.eus\/es\/"},{"@type":"ListItem","position":2,"name":"SOBRE PETRONOR","item":"https:\/\/petronor.eus\/es\/sobre-petronor\/"},{"@type":"ListItem","position":3,"name":"OBJETIVOS"}]},{"@type":"WebSite","@id":"https:\/\/petronor.eus\/es\/#website","url":"https:\/\/petronor.eus\/es\/","name":"Petronor","description":"","potentialAction":[{"@type":"SearchAction","target":{"@type":"EntryPoint","urlTemplate":"https:\/\/petronor.eus\/es\/?s={search_term_string}"},"query-input":{"@type":"PropertyValueSpecification","valueRequired":true,"valueName":"search_term_string"}}],"inLanguage":"es-ES"}]}},"_links":{"self":[{"href":"https:\/\/petronor.eus\/es\/wp-json\/wp\/v2\/pages\/20","targetHints":{"allow":["GET"]}}],"collection":[{"href":"https:\/\/petronor.eus\/es\/wp-json\/wp\/v2\/pages"}],"about":[{"href":"https:\/\/petronor.eus\/es\/wp-json\/wp\/v2\/types\/page"}],"author":[{"embeddable":true,"href":"https:\/\/petronor.eus\/es\/wp-json\/wp\/v2\/users\/1"}],"replies":[{"embeddable":true,"href":"https:\/\/petronor.eus\/es\/wp-json\/wp\/v2\/comments?post=20"}],"version-history":[{"count":70,"href":"https:\/\/petronor.eus\/es\/wp-json\/wp\/v2\/pages\/20\/revisions"}],"predecessor-version":[{"id":41453,"href":"https:\/\/petronor.eus\/es\/wp-json\/wp\/v2\/pages\/20\/revisions\/41453"}],"up":[{"embeddable":true,"href":"https:\/\/petronor.eus\/es\/wp-json\/wp\/v2\/pages\/2"}],"wp:attachment":[{"href":"https:\/\/petronor.eus\/es\/wp-json\/wp\/v2\/media?parent=20"}],"curies":[{"name":"wp","href":"https:\/\/api.w.org\/{rel}","templated":true}]}}