{"id":22,"date":"2014-12-15T12:14:59","date_gmt":"2014-12-15T12:14:59","guid":{"rendered":"https:\/\/petronor.eus\/?page_id=22"},"modified":"2024-09-17T17:47:54","modified_gmt":"2024-09-17T15:47:54","slug":"historia","status":"publish","type":"page","link":"https:\/\/petronor.eus\/es\/sobre-petronor\/historia\/","title":{"rendered":"HISTORIA"},"content":{"rendered":"<div class=\"row \">\n<div class=\"col-lg-7 col-md-7 col-sm-12 col-xs-12 col-md-push-5\"><img loading=\"lazy\" decoding=\"async\" class=\"alignnone size-full wp-image-2479\" src=\"\/wp-content\/uploads\/2014\/12\/palacio-munatones-sede-petronor.jpg\" alt=\"palacio-munatones-sede-petronor\" width=\"760\" height=\"507\" srcset=\"https:\/\/petronor.eus\/wp-content\/uploads\/2014\/12\/palacio-munatones-sede-petronor.jpg 760w, https:\/\/petronor.eus\/wp-content\/uploads\/2014\/12\/palacio-munatones-sede-petronor-600x400.jpg 600w\" sizes=\"(max-width: 760px) 100vw, 760px\" \/><\/div>\n<div class=\"col-lg-5 col-md-5 col-sm-12 col-xs-12 col-md-pull-7\">\n\n<div style=\"margin-bottom:30px ; height:1px; clear:both;\"><\/div>\n<h1 style=\"margin-top: 0;\">HISTORIA<\/h1>\n<div style=\"margin-bottom:20px ; height:1px; clear:both;\"><\/div>\n<p class=\"font18\" style=\"font-size: 18px!important;\">Petr\u00f3leos del Norte fue constituida el 30 de noviembre de 1968 con el objetivo de refinar y comercializar productos petrol\u00edferos y sus derivados.<\/p>\n\n<div class=\"separadorGris\"><\/div>\n<div style=\"margin-bottom:20px ; height:1px; clear:both;\"><\/div>\nEntre los promotores iniciales del proyecto destacaban los cuatro principales bancos y cajas de Bizkaia (Banco de Bilbao y Banco de Vizcaya con sendos 9%, Caja de Ahorros Vizca\u00edna y Caja Municipal de Bilbao con sendos 4,5%); gracias a esto, el capital de las financiera vascas en la empresa alcanz\u00f3 el 28%.\n<div class=\"rayaGris\"><\/div>\n<\/div>\n<\/div>\n<div style=\"margin-bottom:30px ; height:1px; clear:both;\"><\/div>\n<div class=\"col-lg-6 col-md-6 col-xs-12 col-sm-12\">\n<div style=\"margin-bottom:20px ; height:1px; clear:both;\"><\/div>\nNo obstante, aunque parte del capital social de Petronor siempre ha sido de empresas vascas, a lo largo del tiempo tambi\u00e9n ha pertenecido parcialmente a las espa\u00f1olas Rio Tinto y CAMPSA, a la norteamericana Gulf Oil o a la mexicana PEMEX.\n\n&nbsp;\n<p style=\"margin-top: 25px;\"><img decoding=\"async\" src=\"https:\/\/petronor.eus\/wp-content\/uploads\/2014\/12\/historia_grafica_11.png\" alt=\"\" \/><!--<a href=\"https:\/\/petronor.eus\/wp-content\/uploads\/2014\/12\/historia_grafica_11.png\" data-rel=\"lightbox-image-0\" data-rl_title=\"\" data-rl_caption=\"\" title=\"\"><img loading=\"lazy\" decoding=\"async\" class=\"alignleft size-full wp-image-28999\" src=\"https:\/\/petronor.eus\/wp-content\/uploads\/2014\/12\/historia_grafica_11.png\" alt=\"historia_grafica_1\" width=\"575\" height=\"189\" \/><\/a>--><\/p>\n<p style=\"margin-top: 25px;\">Poco despu\u00e9s de la fundaci\u00f3n de la Compa\u00f1\u00eda, en 1972, ya se pon\u00eda en marcha la refiner\u00eda de mayor capacidad de la Pen\u00ednsula y una de las m\u00e1s importantes de Europa. La factor\u00eda, comenz\u00f3 procesando cerca de 6 millones de toneladas de crudo, ha evolucionado a lo largo de las d\u00e9cadas hacia un continua renovaci\u00f3n y optimizaci\u00f3n, abarcando en la actualidad una capacidad de proceso de m\u00e1s de 11 millones de toneladas de petr\u00f3leo.<\/p>\n<p style=\"margin-top: 25px;\">Otra de las primeras actuaciones hacia su entorno por parte de Petronor, pareja a la construcci\u00f3n de la propia Refiner\u00eda de Muskiz, fue la financiaci\u00f3n de gran parte del Superpuerto de Bilbao en los 70. Aunque \u00e9ste proyecto qued\u00f3 pr\u00e1cticamente paralizado hasta los noventa, con tan s\u00f3lo un espig\u00f3n en construcci\u00f3n, Petronor, consciente de que un acceso a un puerto de gran calado siempre supondr\u00eda una ventaja competitiva, lo utiliz\u00f3 casi desde sus inicios, transportando el petr\u00f3leo hasta Muskiz a trav\u00e9s de un peque\u00f1o oleoducto.<\/p>\n<p style=\"margin-top: 25px;\">Esta no fue, sin embargo, la \u00fanica estrategia de diferenciaci\u00f3n de la Compa\u00f1\u00eda.<\/p>\n<p style=\"margin-top: 25px;\">Un punto destacado en la historia de Petronor ha sido el <a title=\"Ir a la secci\u00f3n\" href=\"\/es\/patrocinio\/deportivo\/athletic\/\"><u>acuerdo con el Athletic Club de Bilbao<\/u><\/a> para el patrocinio de la camiseta, dado que ha sido la primera empresa en colocar su publicidad en la vestimenta del equipo bilba\u00edno por primera vez en sus 110 a\u00f1os de vida.<\/p>\n<p style=\"margin-top: 25px;\">El af\u00e1n de modernizaci\u00f3n no abandona la Refiner\u00eda de Muskiz, en la que las instalaciones se han adaptado a los nuevos tiempos y a los flujos de mercado, como dejan entrever los <u><a title=\"Ir a la secci\u00f3n\" href=\"\/es\/refineria\/instalaciones\/urf\/\">proyectos de URF<\/a><\/u> (planta de coque) o el proceso de biocarburante que ha asumido Petronor.<\/p>\n<\/div>\n<div class=\"col-lg-2 col-md-2 col-xs-12 col-sm-6 hidden-sm hidden-xs\">\n\n<\/div>\n<div class=\"col-lg-4 col-md-4 col-xs-12 col-sm-12\">\n<div class=\"tablaHeader\">\n<div class=\"celda celdaIzquierda \"><h3>ORIGEN DEL LOGOTIPO<\/h3><\/div>\n<div class=\"celda\"><div class=\"widgettitlewrapper\">&nbsp;<\/div><\/div>\n<\/div>\n<img loading=\"lazy\" decoding=\"async\" class=\"alignnone wp-image-4572 size-full\" src=\"https:\/\/petronor.eus\/wp-content\/uploads\/2014\/12\/logotipos-petronor.gif\" alt=\"Primer y actual logotipo de Petronor\" width=\"400\" height=\"153\" \/>\n<p style=\"margin-top: 20px;\"><div class=\"pieDeFoto\">Autor del logotipo de or\u00edgen: Jos\u00e9 Manuel Sendagorta<\/div><\/p>\n<p style=\"margin-top: 10px;\">Como s\u00edmbolo de su origen y afinidad hacia sus ra\u00edces, Petronor asumi\u00f3 como emblema comercial una <strong>P dentada<\/strong> imitando las almenas del <u><a title=\"Conocer el castillo de Muskiz\" href=\"\/es\/nuestro-entorno\/patrimonio-historico\/castillos-de-munatones\/\">Castillo de Mu\u00f1atones<\/a><\/u>, construcci\u00f3n de 1339 que se encuentra enclavada junto a la Refiner\u00eda, en el municipio de Muskiz.<\/p>\n<div style=\"margin-bottom:20px ; height:1px; clear:both;\"><\/div>\n<div class=\"row bordeGrisArriba\">\n<div class=\"col-lg-6 col-md-6 col-sm-6 col-xs-6\"><img loading=\"lazy\" decoding=\"async\" class=\"alignnone wp-image-1770 size-full\" src=\"https:\/\/petronor.eus\/wp-content\/uploads\/2014\/12\/historia_grafica_plomo.png\" alt=\"Gasolina sin plomo\" width=\"168\" height=\"240\" \/><\/div>\n<div class=\"col-lg-6 col-md-6 col-sm-6 col-xs-6\">\n\n<div style=\"margin-bottom:30px ; height:1px; clear:both;\"><\/div>\n<p style=\"text-align: right;\">Entre sus m\u00faltiples apuestas tecnol\u00f3gicas, destaca aquella que convirti\u00f3 a Petronor en 1986 en la <strong>primera refiner\u00eda espa\u00f1ola en producir gasolina sin plomo.<\/strong><\/p>\n\n<\/div>\n<\/div>\n<div class=\"row bordeGrisArriba\">\n<div class=\"col-lg-6 col-md-6 col-sm-6 col-xs-6\"><img loading=\"lazy\" decoding=\"async\" class=\"alignnone wp-image-1776 size-full\" src=\"https:\/\/petronor.eus\/wp-content\/uploads\/2014\/12\/historia_grafica_370.png\" alt=\"370 gasolineras de Petronor\" width=\"168\" height=\"240\" \/><\/div>\n<div class=\"col-lg-6 col-md-6 col-sm-6 col-xs-6\">\n\n<div style=\"margin-bottom:30px ; height:1px; clear:both;\"><\/div>\n<p style=\"text-align: right;\">Poco despu\u00e9s, en 1987, coincidiendo con el fin del monopolio de CAMPSA, lleg\u00f3 otro hito de Petronor: <strong>abri\u00f3 sus primeras estaciones de servicio<\/strong>. Actualmente son del orden de 370 gasolineras gestionadas por Repsol bajo la marca Petronor.<\/p>\n\n<\/div>\n<\/div>\n<div style=\"margin-bottom:20px ; height:1px; clear:both;\"><\/div>\n<\/div>\n\n<div style=\"margin-bottom:20px ; height:1px; clear:both;\"><\/div>\n\n<div class=\"col-lg-3 col-md-3 col-xs-12 col-sm-6\">\n<div style=\"\" id=\"\" class=\"proyectoDestacadoArriba\"><img loading=\"lazy\" decoding=\"async\" class=\"alignnone wp-image-2480 size-full\" src=\"https:\/\/petronor.eus\/wp-content\/uploads\/2014\/12\/1970_instalaciones-refineria.jpg\" alt=\"Chimeneas y dep\u00f3sitos de la refiner\u00eda\" width=\"500\" height=\"500\" srcset=\"https:\/\/petronor.eus\/wp-content\/uploads\/2014\/12\/1970_instalaciones-refineria.jpg 500w, https:\/\/petronor.eus\/wp-content\/uploads\/2014\/12\/1970_instalaciones-refineria-150x150.jpg 150w, https:\/\/petronor.eus\/wp-content\/uploads\/2014\/12\/1970_instalaciones-refineria-300x300.jpg 300w, https:\/\/petronor.eus\/wp-content\/uploads\/2014\/12\/1970_instalaciones-refineria-480x480.jpg 480w, https:\/\/petronor.eus\/wp-content\/uploads\/2014\/12\/1970_instalaciones-refineria-70x70.jpg 70w\" sizes=\"(max-width: 500px) 100vw, 500px\" \/><\/div>\n<div style=\"\" id=\"\" class=\"proyectoDestacadoAbajo hoverBlanco\">\n<div class=\"tituloProyectoDestacado hoverBlanco\">\n<h3 class=\"hoverBlanco\">1985<\/h3>\nPetronor es la refiner\u00eda de mayor capacidad de la Pen\u00ednsula y una de las m\u00e1s importantes de Europa\n\n<\/div>\n<\/div>\n<\/div>\n<div class=\"col-lg-3 col-md-3 col-xs-12 col-sm-6\">\n<div style=\"\" id=\"\" class=\"proyectoDestacadoArriba\"><img loading=\"lazy\" decoding=\"async\" class=\"alignnone wp-image-2481 size-full\" src=\"https:\/\/petronor.eus\/wp-content\/uploads\/2014\/12\/1986_gasolinera-petronor.jpg\" alt=\"Gasolinera de Petronor\" width=\"500\" height=\"500\" srcset=\"https:\/\/petronor.eus\/wp-content\/uploads\/2014\/12\/1986_gasolinera-petronor.jpg 500w, https:\/\/petronor.eus\/wp-content\/uploads\/2014\/12\/1986_gasolinera-petronor-150x150.jpg 150w, https:\/\/petronor.eus\/wp-content\/uploads\/2014\/12\/1986_gasolinera-petronor-300x300.jpg 300w, https:\/\/petronor.eus\/wp-content\/uploads\/2014\/12\/1986_gasolinera-petronor-480x480.jpg 480w, https:\/\/petronor.eus\/wp-content\/uploads\/2014\/12\/1986_gasolinera-petronor-70x70.jpg 70w\" sizes=\"(max-width: 500px) 100vw, 500px\" \/><\/div>\n<div style=\"\" id=\"\" class=\"proyectoDestacadoAbajo hoverBlanco\">\n<div class=\"tituloProyectoDestacado hoverBlanco\">\n<h3 class=\"hoverBlanco\">1986<\/h3>\nPrimera refiner\u00eda espa\u00f1ola en producir gasolina sin plomo\n\n<\/div>\n<\/div>\n<\/div>\n<div class=\"col-lg-3 col-md-3 col-xs-12 col-sm-6\">\n<div style=\"\" id=\"\" class=\"proyectoDestacadoArriba\"><img loading=\"lazy\" decoding=\"async\" class=\"alignnone wp-image-2482 size-full\" src=\"https:\/\/petronor.eus\/wp-content\/uploads\/2014\/12\/2008_patrocinio_athletic.jpg\" alt=\"Presentaci\u00f3n de la camiseta del Athletic con el patrocinio de Petronor\" width=\"500\" height=\"500\" srcset=\"https:\/\/petronor.eus\/wp-content\/uploads\/2014\/12\/2008_patrocinio_athletic.jpg 500w, https:\/\/petronor.eus\/wp-content\/uploads\/2014\/12\/2008_patrocinio_athletic-150x150.jpg 150w, https:\/\/petronor.eus\/wp-content\/uploads\/2014\/12\/2008_patrocinio_athletic-300x300.jpg 300w, https:\/\/petronor.eus\/wp-content\/uploads\/2014\/12\/2008_patrocinio_athletic-480x480.jpg 480w, https:\/\/petronor.eus\/wp-content\/uploads\/2014\/12\/2008_patrocinio_athletic-70x70.jpg 70w\" sizes=\"(max-width: 500px) 100vw, 500px\" \/><\/div>\n<div style=\"\" id=\"\" class=\"proyectoDestacadoAbajo hoverBlanco\">\n<div class=\"tituloProyectoDestacado hoverBlanco\">\n<h3 class=\"hoverBlanco\">2008<\/h3>\nLa primera empresa en colocar su publicidad en Athletic Club de Bilbao\n\n<\/div>\n<\/div>\n<\/div>\n<div class=\"col-lg-3 col-md-3 col-xs-12 col-sm-6\">\n<div style=\"\" id=\"\" class=\"proyectoDestacadoArriba\"><img loading=\"lazy\" decoding=\"async\" class=\"alignnone wp-image-2483 size-full\" src=\"https:\/\/petronor.eus\/wp-content\/uploads\/2014\/12\/2013_inauguracion-urf.jpg\" alt=\"Momento de la inauguraci\u00f3n\" width=\"500\" height=\"500\" srcset=\"https:\/\/petronor.eus\/wp-content\/uploads\/2014\/12\/2013_inauguracion-urf.jpg 500w, https:\/\/petronor.eus\/wp-content\/uploads\/2014\/12\/2013_inauguracion-urf-150x150.jpg 150w, https:\/\/petronor.eus\/wp-content\/uploads\/2014\/12\/2013_inauguracion-urf-300x300.jpg 300w, https:\/\/petronor.eus\/wp-content\/uploads\/2014\/12\/2013_inauguracion-urf-480x480.jpg 480w, https:\/\/petronor.eus\/wp-content\/uploads\/2014\/12\/2013_inauguracion-urf-70x70.jpg 70w\" sizes=\"(max-width: 500px) 100vw, 500px\" \/><\/div>\n<div style=\"\" id=\"\" class=\"proyectoDestacadoAbajo hoverBlanco\">\n<div class=\"tituloProyectoDestacado hoverBlanco\">\n<h3 class=\"hoverBlanco\">2013<\/h3>\nSe pone en marcha URF, la mayor inversi\u00f3n industrial realizada en Euskadi\n\n<\/div>\n<\/div>\n<\/div>","protected":false},"excerpt":{"rendered":"","protected":false},"author":1,"featured_media":0,"parent":2,"menu_order":3,"comment_status":"open","ping_status":"closed","template":"","meta":{"footnotes":""},"class_list":["post-22","page","type-page","status-publish","hentry"],"yoast_head":"<!-- This site is optimized with the Yoast SEO plugin v24.7 - https:\/\/yoast.com\/wordpress\/plugins\/seo\/ -->\n<title>Historia de Petronor<\/title>\n<meta name=\"description\" content=\"Historia e hitos de Petronor (Petr\u00f3leos del Norte) desde que se constituy\u00f3 en 1968 y origen del logotipo.\" \/>\n<meta name=\"robots\" content=\"index, follow, max-snippet:-1, max-image-preview:large, max-video-preview:-1\" \/>\n<link rel=\"canonical\" href=\"https:\/\/petronor.eus\/es\/sobre-petronor\/historia\/\" \/>\n<meta property=\"og:locale\" content=\"es_ES\" \/>\n<meta property=\"og:type\" content=\"article\" \/>\n<meta property=\"og:title\" content=\"Historia de Petronor\" \/>\n<meta property=\"og:description\" content=\"Historia e hitos de Petronor (Petr\u00f3leos del Norte) desde que se constituy\u00f3 en 1968 y origen del logotipo.\" \/>\n<meta property=\"og:url\" content=\"https:\/\/petronor.eus\/es\/sobre-petronor\/historia\/\" \/>\n<meta property=\"og:site_name\" content=\"Petronor\" \/>\n<meta property=\"article:modified_time\" content=\"2024-09-17T15:47:54+00:00\" \/>\n<meta property=\"og:image\" content=\"https:\/\/petronor.eus\/wp-content\/uploads\/2014\/12\/historia_grafica_11.png\" \/>\n<meta name=\"twitter:label1\" content=\"Est. reading time\" \/>\n\t<meta name=\"twitter:data1\" content=\"5 minutes\" \/>\n<script type=\"application\/ld+json\" class=\"yoast-schema-graph\">{\"@context\":\"https:\/\/schema.org\",\"@graph\":[{\"@type\":\"WebPage\",\"@id\":\"https:\/\/petronor.eus\/es\/sobre-petronor\/historia\/\",\"url\":\"https:\/\/petronor.eus\/es\/sobre-petronor\/historia\/\",\"name\":\"Historia de Petronor\",\"isPartOf\":{\"@id\":\"https:\/\/petronor.eus\/es\/#website\"},\"primaryImageOfPage\":{\"@id\":\"https:\/\/petronor.eus\/es\/sobre-petronor\/historia\/#primaryimage\"},\"image\":{\"@id\":\"https:\/\/petronor.eus\/es\/sobre-petronor\/historia\/#primaryimage\"},\"thumbnailUrl\":\"https:\/\/petronor.eus\/wp-content\/uploads\/2014\/12\/historia_grafica_11.png\",\"datePublished\":\"2014-12-15T12:14:59+00:00\",\"dateModified\":\"2024-09-17T15:47:54+00:00\",\"description\":\"Historia e hitos de Petronor (Petr\u00f3leos del Norte) desde que se constituy\u00f3 en 1968 y origen del logotipo.\",\"breadcrumb\":{\"@id\":\"https:\/\/petronor.eus\/es\/sobre-petronor\/historia\/#breadcrumb\"},\"inLanguage\":\"es-ES\",\"potentialAction\":[{\"@type\":\"ReadAction\",\"target\":[\"https:\/\/petronor.eus\/es\/sobre-petronor\/historia\/\"]}]},{\"@type\":\"ImageObject\",\"inLanguage\":\"es-ES\",\"@id\":\"https:\/\/petronor.eus\/es\/sobre-petronor\/historia\/#primaryimage\",\"url\":\"https:\/\/petronor.eus\/wp-content\/uploads\/2014\/12\/historia_grafica_11.png\",\"contentUrl\":\"https:\/\/petronor.eus\/wp-content\/uploads\/2014\/12\/historia_grafica_11.png\"},{\"@type\":\"BreadcrumbList\",\"@id\":\"https:\/\/petronor.eus\/es\/sobre-petronor\/historia\/#breadcrumb\",\"itemListElement\":[{\"@type\":\"ListItem\",\"position\":1,\"name\":\"Home\",\"item\":\"https:\/\/petronor.eus\/es\/\"},{\"@type\":\"ListItem\",\"position\":2,\"name\":\"SOBRE PETRONOR\",\"item\":\"https:\/\/petronor.eus\/es\/sobre-petronor\/\"},{\"@type\":\"ListItem\",\"position\":3,\"name\":\"HISTORIA\"}]},{\"@type\":\"WebSite\",\"@id\":\"https:\/\/petronor.eus\/es\/#website\",\"url\":\"https:\/\/petronor.eus\/es\/\",\"name\":\"Petronor\",\"description\":\"\",\"potentialAction\":[{\"@type\":\"SearchAction\",\"target\":{\"@type\":\"EntryPoint\",\"urlTemplate\":\"https:\/\/petronor.eus\/es\/?s={search_term_string}\"},\"query-input\":{\"@type\":\"PropertyValueSpecification\",\"valueRequired\":true,\"valueName\":\"search_term_string\"}}],\"inLanguage\":\"es-ES\"}]}<\/script>\n<!-- \/ Yoast SEO plugin. -->","yoast_head_json":{"title":"Historia de Petronor","description":"Historia e hitos de Petronor (Petr\u00f3leos del Norte) desde que se constituy\u00f3 en 1968 y origen del logotipo.","robots":{"index":"index","follow":"follow","max-snippet":"max-snippet:-1","max-image-preview":"max-image-preview:large","max-video-preview":"max-video-preview:-1"},"canonical":"https:\/\/petronor.eus\/es\/sobre-petronor\/historia\/","og_locale":"es_ES","og_type":"article","og_title":"Historia de Petronor","og_description":"Historia e hitos de Petronor (Petr\u00f3leos del Norte) desde que se constituy\u00f3 en 1968 y origen del logotipo.","og_url":"https:\/\/petronor.eus\/es\/sobre-petronor\/historia\/","og_site_name":"Petronor","article_modified_time":"2024-09-17T15:47:54+00:00","og_image":[{"url":"https:\/\/petronor.eus\/wp-content\/uploads\/2014\/12\/historia_grafica_11.png","type":"","width":"","height":""}],"twitter_misc":{"Est. reading time":"5 minutes"},"schema":{"@context":"https:\/\/schema.org","@graph":[{"@type":"WebPage","@id":"https:\/\/petronor.eus\/es\/sobre-petronor\/historia\/","url":"https:\/\/petronor.eus\/es\/sobre-petronor\/historia\/","name":"Historia de Petronor","isPartOf":{"@id":"https:\/\/petronor.eus\/es\/#website"},"primaryImageOfPage":{"@id":"https:\/\/petronor.eus\/es\/sobre-petronor\/historia\/#primaryimage"},"image":{"@id":"https:\/\/petronor.eus\/es\/sobre-petronor\/historia\/#primaryimage"},"thumbnailUrl":"https:\/\/petronor.eus\/wp-content\/uploads\/2014\/12\/historia_grafica_11.png","datePublished":"2014-12-15T12:14:59+00:00","dateModified":"2024-09-17T15:47:54+00:00","description":"Historia e hitos de Petronor (Petr\u00f3leos del Norte) desde que se constituy\u00f3 en 1968 y origen del logotipo.","breadcrumb":{"@id":"https:\/\/petronor.eus\/es\/sobre-petronor\/historia\/#breadcrumb"},"inLanguage":"es-ES","potentialAction":[{"@type":"ReadAction","target":["https:\/\/petronor.eus\/es\/sobre-petronor\/historia\/"]}]},{"@type":"ImageObject","inLanguage":"es-ES","@id":"https:\/\/petronor.eus\/es\/sobre-petronor\/historia\/#primaryimage","url":"https:\/\/petronor.eus\/wp-content\/uploads\/2014\/12\/historia_grafica_11.png","contentUrl":"https:\/\/petronor.eus\/wp-content\/uploads\/2014\/12\/historia_grafica_11.png"},{"@type":"BreadcrumbList","@id":"https:\/\/petronor.eus\/es\/sobre-petronor\/historia\/#breadcrumb","itemListElement":[{"@type":"ListItem","position":1,"name":"Home","item":"https:\/\/petronor.eus\/es\/"},{"@type":"ListItem","position":2,"name":"SOBRE PETRONOR","item":"https:\/\/petronor.eus\/es\/sobre-petronor\/"},{"@type":"ListItem","position":3,"name":"HISTORIA"}]},{"@type":"WebSite","@id":"https:\/\/petronor.eus\/es\/#website","url":"https:\/\/petronor.eus\/es\/","name":"Petronor","description":"","potentialAction":[{"@type":"SearchAction","target":{"@type":"EntryPoint","urlTemplate":"https:\/\/petronor.eus\/es\/?s={search_term_string}"},"query-input":{"@type":"PropertyValueSpecification","valueRequired":true,"valueName":"search_term_string"}}],"inLanguage":"es-ES"}]}},"_links":{"self":[{"href":"https:\/\/petronor.eus\/es\/wp-json\/wp\/v2\/pages\/22","targetHints":{"allow":["GET"]}}],"collection":[{"href":"https:\/\/petronor.eus\/es\/wp-json\/wp\/v2\/pages"}],"about":[{"href":"https:\/\/petronor.eus\/es\/wp-json\/wp\/v2\/types\/page"}],"author":[{"embeddable":true,"href":"https:\/\/petronor.eus\/es\/wp-json\/wp\/v2\/users\/1"}],"replies":[{"embeddable":true,"href":"https:\/\/petronor.eus\/es\/wp-json\/wp\/v2\/comments?post=22"}],"version-history":[{"count":114,"href":"https:\/\/petronor.eus\/es\/wp-json\/wp\/v2\/pages\/22\/revisions"}],"predecessor-version":[{"id":76247,"href":"https:\/\/petronor.eus\/es\/wp-json\/wp\/v2\/pages\/22\/revisions\/76247"}],"up":[{"embeddable":true,"href":"https:\/\/petronor.eus\/es\/wp-json\/wp\/v2\/pages\/2"}],"wp:attachment":[{"href":"https:\/\/petronor.eus\/es\/wp-json\/wp\/v2\/media?parent=22"}],"curies":[{"name":"wp","href":"https:\/\/api.w.org\/{rel}","templated":true}]}}