{"id":23165,"date":"2015-06-25T11:47:38","date_gmt":"2015-06-25T11:47:38","guid":{"rendered":"https:\/\/petronor.eus\/?page_id=23165"},"modified":"2017-07-10T09:51:22","modified_gmt":"2017-07-10T07:51:22","slug":"error-500","status":"publish","type":"page","link":"https:\/\/petronor.eus\/es\/error-500\/","title":{"rendered":"error 500"},"content":{"rendered":"<section id=\"content\" class=\"clearfix\">\r\n    <section id=\"main\" class=\"fullwidth\">\r\n\t<h2><?php __('Error 500'); ?><\/h2>\r\n\t<div class=\"col-lg-6 col-md-6 col-sm-8 col-xs-10 col-lg-offset-3 col-md-offset-3 col-sm-offset-2 col-xs-offset-1 texto-centrado\">\r\n\t\t<div id=\"error404-1\">Ups,<\/div>\r\n\t\t<div id=\"error404-2\">PARECE QUE HAY UN ERROR DEL SERVIDOR<\/div>\r\n\t\t\r\n\t\t<div id=\"error404-3\" class=\"col-lg-12\">\r\n\t\t\t<span>500<\/span>\r\n\t\t<\/div>\r\n\r\n\r\n\t\t<div id=\"texto-404-1\" class=\"col-lg-10 col-md-10 col-sm-10 col-xs-12 col-lg-offset-1 col-md-offset-1 col-sm-offset-1\">Es posible que estemos realizando tareas de mantenimiento del sitio web y no podamos mostrarte esta p\u00e1gina ahora.<\/div>\r\n\t\t<div id=\"error404-4\" class=\"col-lg-12\">\r\n\t\t\t<span>X<\/span>\r\n\t\t<\/div>\r\n\t\t<div id=\"texto-404-2\" class=\"col-lg-12 col-md-12 col-sm-12 col-xs-12 texto-500-2\"><span>Intenta volver a cargar esta p\u00e1gina m\u00e1s tarde.<\/span><\/div>\r\n\t\t<div id=\"texto-404-3\" class=\"col-lg-12 col-md-12 col-sm-12 col-xs-12 texto-500-3\"><span>Si el problema persiste, <a href=\"https:\/\/petronor.eus\/contacto\/\">d\u00e9janos un aviso<\/a>.<\/span><\/div>\r\n\r\n\r\n\t<\/div>\r\n    <\/section>\r\n<\/section>","protected":false},"excerpt":{"rendered":"Ups, PARECE QUE HAY UN ERROR DEL SERVIDOR 500 Es posible que estemos realizando tareas de mantenimiento del sitio web y no podamos mostrarte esta p\u00e1gina ahora. X Intenta volver a cargar esta p\u00e1gina m\u00e1s tarde. Si el problema persiste, d\u00e9janos un aviso.","protected":false},"author":1,"featured_media":0,"parent":0,"menu_order":0,"comment_status":"open","ping_status":"open","template":"","meta":{"footnotes":""},"class_list":["post-23165","page","type-page","status-publish","hentry"],"yoast_head":"<!-- This site is optimized with the Yoast SEO plugin v24.7 - https:\/\/yoast.com\/wordpress\/plugins\/seo\/ -->\n<title>error 500 - Petronor<\/title>\n<meta name=\"robots\" content=\"index, follow, max-snippet:-1, max-image-preview:large, max-video-preview:-1\" \/>\n<link rel=\"canonical\" href=\"https:\/\/petronor.eus\/es\/error-500\/\" \/>\n<meta property=\"og:locale\" content=\"es_ES\" \/>\n<meta property=\"og:type\" content=\"article\" \/>\n<meta property=\"og:title\" content=\"error 500 - Petronor\" \/>\n<meta property=\"og:description\" content=\"Ups, PARECE QUE HAY UN ERROR DEL SERVIDOR 500 Es posible que estemos realizando tareas de mantenimiento del sitio web y no podamos mostrarte esta p\u00e1gina ahora. X Intenta volver a cargar esta p\u00e1gina m\u00e1s tarde. Si el problema persiste, d\u00e9janos un aviso.\" \/>\n<meta property=\"og:url\" content=\"https:\/\/petronor.eus\/es\/error-500\/\" \/>\n<meta property=\"og:site_name\" content=\"Petronor\" \/>\n<meta property=\"article:modified_time\" content=\"2017-07-10T07:51:22+00:00\" \/>\n<script type=\"application\/ld+json\" class=\"yoast-schema-graph\">{\"@context\":\"https:\/\/schema.org\",\"@graph\":[{\"@type\":\"WebPage\",\"@id\":\"https:\/\/petronor.eus\/es\/error-500\/\",\"url\":\"https:\/\/petronor.eus\/es\/error-500\/\",\"name\":\"error 500 - Petronor\",\"isPartOf\":{\"@id\":\"https:\/\/petronor.eus\/es\/#website\"},\"datePublished\":\"2015-06-25T11:47:38+00:00\",\"dateModified\":\"2017-07-10T07:51:22+00:00\",\"breadcrumb\":{\"@id\":\"https:\/\/petronor.eus\/es\/error-500\/#breadcrumb\"},\"inLanguage\":\"es-ES\",\"potentialAction\":[{\"@type\":\"ReadAction\",\"target\":[\"https:\/\/petronor.eus\/es\/error-500\/\"]}]},{\"@type\":\"BreadcrumbList\",\"@id\":\"https:\/\/petronor.eus\/es\/error-500\/#breadcrumb\",\"itemListElement\":[{\"@type\":\"ListItem\",\"position\":1,\"name\":\"Home\",\"item\":\"https:\/\/petronor.eus\/es\/\"},{\"@type\":\"ListItem\",\"position\":2,\"name\":\"error 500\"}]},{\"@type\":\"WebSite\",\"@id\":\"https:\/\/petronor.eus\/es\/#website\",\"url\":\"https:\/\/petronor.eus\/es\/\",\"name\":\"Petronor\",\"description\":\"\",\"potentialAction\":[{\"@type\":\"SearchAction\",\"target\":{\"@type\":\"EntryPoint\",\"urlTemplate\":\"https:\/\/petronor.eus\/es\/?s={search_term_string}\"},\"query-input\":{\"@type\":\"PropertyValueSpecification\",\"valueRequired\":true,\"valueName\":\"search_term_string\"}}],\"inLanguage\":\"es-ES\"}]}<\/script>\n<!-- \/ Yoast SEO plugin. -->","yoast_head_json":{"title":"error 500 - Petronor","robots":{"index":"index","follow":"follow","max-snippet":"max-snippet:-1","max-image-preview":"max-image-preview:large","max-video-preview":"max-video-preview:-1"},"canonical":"https:\/\/petronor.eus\/es\/error-500\/","og_locale":"es_ES","og_type":"article","og_title":"error 500 - Petronor","og_description":"Ups, PARECE QUE HAY UN ERROR DEL SERVIDOR 500 Es posible que estemos realizando tareas de mantenimiento del sitio web y no podamos mostrarte esta p\u00e1gina ahora. X Intenta volver a cargar esta p\u00e1gina m\u00e1s tarde. Si el problema persiste, d\u00e9janos un aviso.","og_url":"https:\/\/petronor.eus\/es\/error-500\/","og_site_name":"Petronor","article_modified_time":"2017-07-10T07:51:22+00:00","schema":{"@context":"https:\/\/schema.org","@graph":[{"@type":"WebPage","@id":"https:\/\/petronor.eus\/es\/error-500\/","url":"https:\/\/petronor.eus\/es\/error-500\/","name":"error 500 - Petronor","isPartOf":{"@id":"https:\/\/petronor.eus\/es\/#website"},"datePublished":"2015-06-25T11:47:38+00:00","dateModified":"2017-07-10T07:51:22+00:00","breadcrumb":{"@id":"https:\/\/petronor.eus\/es\/error-500\/#breadcrumb"},"inLanguage":"es-ES","potentialAction":[{"@type":"ReadAction","target":["https:\/\/petronor.eus\/es\/error-500\/"]}]},{"@type":"BreadcrumbList","@id":"https:\/\/petronor.eus\/es\/error-500\/#breadcrumb","itemListElement":[{"@type":"ListItem","position":1,"name":"Home","item":"https:\/\/petronor.eus\/es\/"},{"@type":"ListItem","position":2,"name":"error 500"}]},{"@type":"WebSite","@id":"https:\/\/petronor.eus\/es\/#website","url":"https:\/\/petronor.eus\/es\/","name":"Petronor","description":"","potentialAction":[{"@type":"SearchAction","target":{"@type":"EntryPoint","urlTemplate":"https:\/\/petronor.eus\/es\/?s={search_term_string}"},"query-input":{"@type":"PropertyValueSpecification","valueRequired":true,"valueName":"search_term_string"}}],"inLanguage":"es-ES"}]}},"_links":{"self":[{"href":"https:\/\/petronor.eus\/es\/wp-json\/wp\/v2\/pages\/23165","targetHints":{"allow":["GET"]}}],"collection":[{"href":"https:\/\/petronor.eus\/es\/wp-json\/wp\/v2\/pages"}],"about":[{"href":"https:\/\/petronor.eus\/es\/wp-json\/wp\/v2\/types\/page"}],"author":[{"embeddable":true,"href":"https:\/\/petronor.eus\/es\/wp-json\/wp\/v2\/users\/1"}],"replies":[{"embeddable":true,"href":"https:\/\/petronor.eus\/es\/wp-json\/wp\/v2\/comments?post=23165"}],"version-history":[{"count":8,"href":"https:\/\/petronor.eus\/es\/wp-json\/wp\/v2\/pages\/23165\/revisions"}],"predecessor-version":[{"id":23236,"href":"https:\/\/petronor.eus\/es\/wp-json\/wp\/v2\/pages\/23165\/revisions\/23236"}],"wp:attachment":[{"href":"https:\/\/petronor.eus\/es\/wp-json\/wp\/v2\/media?parent=23165"}],"curies":[{"name":"wp","href":"https:\/\/api.w.org\/{rel}","templated":true}]}}