{"id":24,"date":"2014-12-15T12:15:21","date_gmt":"2014-12-15T12:15:21","guid":{"rendered":"https:\/\/petronor.eus\/?page_id=24"},"modified":"2024-07-11T12:51:16","modified_gmt":"2024-07-11T10:51:16","slug":"proyectos","status":"publish","type":"page","link":"https:\/\/petronor.eus\/es\/sobre-petronor\/proyectos\/","title":{"rendered":"PROYECTOS"},"content":{"rendered":"<div class=\"full-width-section primeraFila\"><section id=\"acercade\">\n<div class=\"container nopaddingmobile\">\n<a href=\"\/es\/programa-de-innovacion-abierta-inspire-petronor\/\">\n<div id=\"bloque3\" class=\"col-md-3 col-sm-6 col-xs-12 nopadding\"><img loading=\"lazy\" decoding=\"async\" class=\"imgZoom alignnone\" title=\"INSP\u00ceRE-Petronor\" src=\"\/wp-content\/uploads\/2015\/09\/destacado-programa-innovacion.jpg\" alt=\"INSP\u00ceRE-Petronor\" width=\"400\" height=\"300\" \/>\n<div class=\"caption\"><\/div>\n<div class=\"caption-text\">\n<h3>Programa de Innovaci\u00f3n Abierta INSP\u00ceRE-Petronor<\/h3>\n<\/div>\n<\/div>\n<\/a>\n<a href=\"\/es\/sobre-petronor\/proyectos\/petronor-barria\/\">\n<div id=\"bloque3\" class=\"col-md-3 col-sm-6 col-xs-12 nopadding\"><img loading=\"lazy\" decoding=\"async\" class=\"imgZoom alignnone\" title=\"Conoce Petronor Barria\" src=\"\/wp-content\/uploads\/2014\/12\/petronor-barria-400.jpg\" alt=\"Vista a\u00e9rea de Petronor con las balsas  de agua\" width=\"400\" height=\"300\" \/>\n<div class=\"caption\"><\/div>\n<div class=\"caption-text\">\n<h3>Petronor Barria<\/h3>\n<h4>Un plan de competitividad para Petronor<\/h4>\n<\/div>\n<\/div>\n<\/a>\n<a href=\"\/es\/sobre-petronor\/proyectos\/plan-de-accion-para-atenuar-el-ruido\/\">\n<div id=\"bloque3\" class=\"col-md-3 col-sm-6 col-xs-12 nopadding\"><img loading=\"lazy\" decoding=\"async\" class=\"imgZoom alignnone\" title=\"Ir al proyecto\" src=\"\/wp-content\/uploads\/2014\/12\/plan_de_accion_para_atenuar_ruido.jpg\" alt=\"Dep\u00f3sitos y viaducto al fondo\" width=\"405\" height=\"300\" \/>\n<div class=\"caption\"><\/div>\n<div class=\"caption-text\">\n<h3>Plan de acci\u00f3n para atenuar el ruido<\/h3>\n<\/div>\n<\/div>\n<\/a>\n<a href=\"\/es\/sobre-petronor\/proyectos\/proyecto-nepxus\/\">\n<div id=\"bloque4\" class=\"col-md-3 col-sm-6 col-xs-12 nopadding\"><img loading=\"lazy\" decoding=\"async\" class=\"imgZoom alignnone\" title=\"Ir al proyecto\" src=\"\/wp-content\/uploads\/2014\/12\/planta-cogeneracion-petronor1.jpg\" alt=\"Instalaciones de la refiner\u00eda Petronor\" width=\"405\" height=\"300\" \/>\n<div class=\"caption alto100px\"><\/div>\n<div class=\"caption-text\">\n<h3>Proyecto Nepxus<\/h3>\n<h5>Dar respuesta a las necesidades cambiantes del mercado<\/h5>\n<\/div>\n<\/div>\n<\/a>\n<a href=\"\/es\/sobre-petronor\/proyectos\/iria-5g\/\">\n<div id=\"bloque3\" class=\"col-md-3 col-sm-6 col-xs-12 nopadding\"><img loading=\"lazy\" decoding=\"async\" class=\"imgZoom alignnone\" title=\"Ir al proyecto\" src=\"\/wp-content\/uploads\/2024\/04\/FOTO_01.jpg\" width=\"405\" height=\"300\" \/>\n<div class=\"caption\"><\/div>\n<div class=\"caption-text\">\n<h3>IRIA 5G<\/h3>\n<\/div>\n<\/div>\n<\/a>\n<a href=\"\/es\/sobre-petronor\/proyectos\/h2integra\/\">\n<div id=\"bloque3\" class=\"col-md-3 col-sm-6 col-xs-12 nopadding\"><img loading=\"lazy\" decoding=\"async\" class=\"imgZoom alignnone\" title=\"Ir al proyecto\" src=\"\/wp-content\/uploads\/2024\/04\/H2INTEGRA-LOGO.jpg\" width=\"405\" height=\"300\" \/>\n<div class=\"caption\"><\/div>\n<div class=\"caption-text\">\n<h3>H2INTEGRA<\/h3>\n<\/div>\n<\/div>\n<\/a>\n<a href=\"\/es\/sobre-petronor\/proyectos\/h2plan\/\">\n<div id=\"bloque3\" class=\"col-md-3 col-sm-6 col-xs-12 nopadding\"><img loading=\"lazy\" decoding=\"async\" class=\"imgZoom alignnone\" title=\"Ir al proyecto\" src=\"\/wp-content\/uploads\/2024\/07\/H2-Plan_logo.jpg\" width=\"405\" height=\"300\" \/>\n<div class=\"caption\"><\/div>\n<div class=\"caption-text\">\n<h3>H2PLAN<\/h3>\n<\/div>\n<\/div>\n<\/a>\n<\/div>\n<\/section><\/div>\n<div style=\"margin-bottom:30px ; height:1px; clear:both;\"><\/div>\n<div class=\"container nopaddingmobile\">\n<h2>PROYECTOS que ya son una realidad<\/h2>\n<\/div>\n<section id=\"acercade2\">\n<div class=\"container nopaddingmobile\">\n<a href=\"\/es\/sobre-petronor\/proyectos\/smartwatch\/\">\n<div id=\"bloque2\" class=\"col-lg-3 col-md-3 col-sm-6 col-xs-12 nopadding\"><img loading=\"lazy\" decoding=\"async\" class=\"imgZoom alignnone\" style=\"transform: scale(1);\" title=\"Ir al proyecto\" src=\"\/wp-content\/uploads\/2014\/12\/proyecto-nuevo-reboiler.jpg\" alt=\"Nuevo reboiler\" width=\"400\" height=\"300\" \/>\n<div class=\"caption\" style=\"height: 89px;\"><\/div>\n<div class=\"caption-text\">\n<h3>Smartwatch<\/h3>\n<h4>Aumentamos la eficiencia energ\u00e9tica y reducimos las emisiones<\/h4>\n<\/div>\n<\/div>\n<\/a>\n<a href=\"\/es\/2011\/07\/otros-procesos-sostenibles-de-generacion-de-energia-plantas-de-cogeneracion\/\">\n<div id=\"bloque2\" class=\"col-lg-3 col-md-3 col-sm-6 col-xs-12 nopadding\"><img loading=\"lazy\" decoding=\"async\" class=\"imgZoom alignnone wp-image-2491 size-full\" title=\"Ir al proyecto\" src=\"\/wp-content\/uploads\/2014\/12\/planta-cogeneracion-petronor.jpg\" alt=\"Planta de cogeneraci\u00f3n\" width=\"500\" height=\"500\" srcset=\"https:\/\/petronor.eus\/wp-content\/uploads\/2014\/12\/planta-cogeneracion-petronor.jpg 500w, https:\/\/petronor.eus\/wp-content\/uploads\/2014\/12\/planta-cogeneracion-petronor-150x150.jpg 150w, https:\/\/petronor.eus\/wp-content\/uploads\/2014\/12\/planta-cogeneracion-petronor-300x300.jpg 300w, https:\/\/petronor.eus\/wp-content\/uploads\/2014\/12\/planta-cogeneracion-petronor-480x480.jpg 480w, https:\/\/petronor.eus\/wp-content\/uploads\/2014\/12\/planta-cogeneracion-petronor-70x70.jpg 70w\" sizes=\"(max-width: 500px) 100vw, 500px\" \/>\n<div class=\"caption alto100px\"><\/div>\n<div class=\"caption-text\">\n<h3>Planta de cogeneraci\u00f3n<\/h3>\n<h4>Desde 2011 disponemos de una capacidad de generaci\u00f3n el\u00e9ctrica de 45 mil kW\/hora<\/h4>\n<\/div>\n<\/div>\n<\/a>\n<a href=\"\/es\/refineria\/instalaciones\/dar\/\">\n<div id=\"bloque3\" class=\"col-lg-3 col-md-3 col-sm-6 col-xs-12 nopadding\"><img loading=\"lazy\" decoding=\"async\" class=\"imgZoom alignnone\" title=\"Ir al proyecto\" src=\"\/wp-content\/uploads\/2014\/12\/planta-DAR-tras-las-obras1.jpg\" alt=\"Depuradora de aguas\" width=\"282\" height=\"300\" \/>\n<div class=\"caption\"><\/div>\n<div class=\"caption-text\">\n<h3>DAR<\/h3>\n<h4>En 2010 entr\u00f3 en servicio la nueva planta Depuradora de Aguas<\/h4>\n<\/div>\n<\/div>\n<\/a>\n<a href=\"\/es\/refineria\/instalaciones\/urf\/\">\n<div id=\"bloque4\" class=\"col-lg-3 col-md-3 col-sm-6 col-xs-12 nopadding\"><img decoding=\"async\" class=\"imgZoom\" title=\"Ir al proyecto\" src=\"\/wp-content\/uploads\/2015\/06\/petronor-URF.jpg\" alt=\"\" height=\"300\" \/>\n<div class=\"caption\"><\/div>\n<div class=\"caption-text\">\n<h3>URF<\/h3>\n<h4>La Unidad para la Reducci\u00f3n del Fuel\u00f3leo es una realidad desde 2013<\/h4>\n<\/div>\n<\/div>\n<\/a>\n<\/div>\n\n<\/section>\n\n<style>\n\n@media (min-width: 770px) {\n.col-lg-2 {\n width:20%;\n}\n}\n\n<\/style>","protected":false},"excerpt":{"rendered":"Programa de Innovaci\u00f3n Abierta INSP\u00ceRE-Petronor Petronor Barria Un plan de competitividad para Petronor Plan de acci\u00f3n para atenuar el ruido Proyecto Nepxus Dar respuesta a las necesidades cambiantes del mercado IRIA 5G H2INTEGRA H2PLAN PROYECTOS que ya son una realidad Smartwatch Aumentamos la eficiencia energ\u00e9tica y reducimos las emisiones Planta de cogeneraci\u00f3n Desde 2011 disponemos","protected":false},"author":1,"featured_media":0,"parent":2,"menu_order":4,"comment_status":"open","ping_status":"closed","template":"","meta":{"footnotes":""},"class_list":["post-24","page","type-page","status-publish","hentry"],"yoast_head":"<!-- This site is optimized with the Yoast SEO plugin v24.7 - https:\/\/yoast.com\/wordpress\/plugins\/seo\/ -->\n<title>Proyectos y planes de acci\u00f3n de Petronor<\/title>\n<meta name=\"description\" content=\"Conoce los proyectos y planes de acci\u00f3n de petronor m\u00e1s relevantes y sus planes de acci\u00f3n en competitividad, eficiencia energ\u00e9tica, mejora del entorno...\" \/>\n<meta name=\"robots\" content=\"index, follow, max-snippet:-1, max-image-preview:large, max-video-preview:-1\" \/>\n<link rel=\"canonical\" href=\"https:\/\/petronor.eus\/es\/sobre-petronor\/proyectos\/\" \/>\n<meta property=\"og:locale\" content=\"es_ES\" \/>\n<meta property=\"og:type\" content=\"article\" \/>\n<meta property=\"og:title\" content=\"Proyectos y planes de acci\u00f3n de Petronor\" \/>\n<meta property=\"og:description\" content=\"Conoce los proyectos y planes de acci\u00f3n de petronor m\u00e1s relevantes y sus planes de acci\u00f3n en competitividad, eficiencia energ\u00e9tica, mejora del entorno...\" \/>\n<meta property=\"og:url\" content=\"https:\/\/petronor.eus\/es\/sobre-petronor\/proyectos\/\" \/>\n<meta property=\"og:site_name\" content=\"Petronor\" \/>\n<meta property=\"article:modified_time\" content=\"2024-07-11T10:51:16+00:00\" \/>\n<meta name=\"twitter:label1\" content=\"Est. reading time\" \/>\n\t<meta name=\"twitter:data1\" content=\"3 minutes\" \/>\n<script type=\"application\/ld+json\" class=\"yoast-schema-graph\">{\"@context\":\"https:\/\/schema.org\",\"@graph\":[{\"@type\":\"WebPage\",\"@id\":\"https:\/\/petronor.eus\/es\/sobre-petronor\/proyectos\/\",\"url\":\"https:\/\/petronor.eus\/es\/sobre-petronor\/proyectos\/\",\"name\":\"Proyectos y planes de acci\u00f3n de Petronor\",\"isPartOf\":{\"@id\":\"https:\/\/petronor.eus\/es\/#website\"},\"datePublished\":\"2014-12-15T12:15:21+00:00\",\"dateModified\":\"2024-07-11T10:51:16+00:00\",\"description\":\"Conoce los proyectos y planes de acci\u00f3n de petronor m\u00e1s relevantes y sus planes de acci\u00f3n en competitividad, eficiencia energ\u00e9tica, mejora del entorno...\",\"breadcrumb\":{\"@id\":\"https:\/\/petronor.eus\/es\/sobre-petronor\/proyectos\/#breadcrumb\"},\"inLanguage\":\"es-ES\",\"potentialAction\":[{\"@type\":\"ReadAction\",\"target\":[\"https:\/\/petronor.eus\/es\/sobre-petronor\/proyectos\/\"]}]},{\"@type\":\"BreadcrumbList\",\"@id\":\"https:\/\/petronor.eus\/es\/sobre-petronor\/proyectos\/#breadcrumb\",\"itemListElement\":[{\"@type\":\"ListItem\",\"position\":1,\"name\":\"Home\",\"item\":\"https:\/\/petronor.eus\/es\/\"},{\"@type\":\"ListItem\",\"position\":2,\"name\":\"SOBRE PETRONOR\",\"item\":\"https:\/\/petronor.eus\/es\/sobre-petronor\/\"},{\"@type\":\"ListItem\",\"position\":3,\"name\":\"PROYECTOS\"}]},{\"@type\":\"WebSite\",\"@id\":\"https:\/\/petronor.eus\/es\/#website\",\"url\":\"https:\/\/petronor.eus\/es\/\",\"name\":\"Petronor\",\"description\":\"\",\"potentialAction\":[{\"@type\":\"SearchAction\",\"target\":{\"@type\":\"EntryPoint\",\"urlTemplate\":\"https:\/\/petronor.eus\/es\/?s={search_term_string}\"},\"query-input\":{\"@type\":\"PropertyValueSpecification\",\"valueRequired\":true,\"valueName\":\"search_term_string\"}}],\"inLanguage\":\"es-ES\"}]}<\/script>\n<!-- \/ Yoast SEO plugin. -->","yoast_head_json":{"title":"Proyectos y planes de acci\u00f3n de Petronor","description":"Conoce los proyectos y planes de acci\u00f3n de petronor m\u00e1s relevantes y sus planes de acci\u00f3n en competitividad, eficiencia energ\u00e9tica, mejora del entorno...","robots":{"index":"index","follow":"follow","max-snippet":"max-snippet:-1","max-image-preview":"max-image-preview:large","max-video-preview":"max-video-preview:-1"},"canonical":"https:\/\/petronor.eus\/es\/sobre-petronor\/proyectos\/","og_locale":"es_ES","og_type":"article","og_title":"Proyectos y planes de acci\u00f3n de Petronor","og_description":"Conoce los proyectos y planes de acci\u00f3n de petronor m\u00e1s relevantes y sus planes de acci\u00f3n en competitividad, eficiencia energ\u00e9tica, mejora del entorno...","og_url":"https:\/\/petronor.eus\/es\/sobre-petronor\/proyectos\/","og_site_name":"Petronor","article_modified_time":"2024-07-11T10:51:16+00:00","twitter_misc":{"Est. reading time":"3 minutes"},"schema":{"@context":"https:\/\/schema.org","@graph":[{"@type":"WebPage","@id":"https:\/\/petronor.eus\/es\/sobre-petronor\/proyectos\/","url":"https:\/\/petronor.eus\/es\/sobre-petronor\/proyectos\/","name":"Proyectos y planes de acci\u00f3n de Petronor","isPartOf":{"@id":"https:\/\/petronor.eus\/es\/#website"},"datePublished":"2014-12-15T12:15:21+00:00","dateModified":"2024-07-11T10:51:16+00:00","description":"Conoce los proyectos y planes de acci\u00f3n de petronor m\u00e1s relevantes y sus planes de acci\u00f3n en competitividad, eficiencia energ\u00e9tica, mejora del entorno...","breadcrumb":{"@id":"https:\/\/petronor.eus\/es\/sobre-petronor\/proyectos\/#breadcrumb"},"inLanguage":"es-ES","potentialAction":[{"@type":"ReadAction","target":["https:\/\/petronor.eus\/es\/sobre-petronor\/proyectos\/"]}]},{"@type":"BreadcrumbList","@id":"https:\/\/petronor.eus\/es\/sobre-petronor\/proyectos\/#breadcrumb","itemListElement":[{"@type":"ListItem","position":1,"name":"Home","item":"https:\/\/petronor.eus\/es\/"},{"@type":"ListItem","position":2,"name":"SOBRE PETRONOR","item":"https:\/\/petronor.eus\/es\/sobre-petronor\/"},{"@type":"ListItem","position":3,"name":"PROYECTOS"}]},{"@type":"WebSite","@id":"https:\/\/petronor.eus\/es\/#website","url":"https:\/\/petronor.eus\/es\/","name":"Petronor","description":"","potentialAction":[{"@type":"SearchAction","target":{"@type":"EntryPoint","urlTemplate":"https:\/\/petronor.eus\/es\/?s={search_term_string}"},"query-input":{"@type":"PropertyValueSpecification","valueRequired":true,"valueName":"search_term_string"}}],"inLanguage":"es-ES"}]}},"_links":{"self":[{"href":"https:\/\/petronor.eus\/es\/wp-json\/wp\/v2\/pages\/24","targetHints":{"allow":["GET"]}}],"collection":[{"href":"https:\/\/petronor.eus\/es\/wp-json\/wp\/v2\/pages"}],"about":[{"href":"https:\/\/petronor.eus\/es\/wp-json\/wp\/v2\/types\/page"}],"author":[{"embeddable":true,"href":"https:\/\/petronor.eus\/es\/wp-json\/wp\/v2\/users\/1"}],"replies":[{"embeddable":true,"href":"https:\/\/petronor.eus\/es\/wp-json\/wp\/v2\/comments?post=24"}],"version-history":[{"count":83,"href":"https:\/\/petronor.eus\/es\/wp-json\/wp\/v2\/pages\/24\/revisions"}],"predecessor-version":[{"id":75437,"href":"https:\/\/petronor.eus\/es\/wp-json\/wp\/v2\/pages\/24\/revisions\/75437"}],"up":[{"embeddable":true,"href":"https:\/\/petronor.eus\/es\/wp-json\/wp\/v2\/pages\/2"}],"wp:attachment":[{"href":"https:\/\/petronor.eus\/es\/wp-json\/wp\/v2\/media?parent=24"}],"curies":[{"name":"wp","href":"https:\/\/api.w.org\/{rel}","templated":true}]}}