{"id":2452,"date":"2015-02-05T19:07:01","date_gmt":"2015-02-05T19:07:01","guid":{"rendered":"https:\/\/petronor.eus\/?page_id=2452"},"modified":"2024-11-28T08:49:38","modified_gmt":"2024-11-28T07:49:38","slug":"infografias","status":"publish","type":"page","link":"https:\/\/petronor.eus\/es\/infografias\/","title":{"rendered":"INFOGRAF\u00cdAS"},"content":{"rendered":"<div class=\"row row introBlock full-width-section primeraFila\">\n<div class=\"col-lg-12 col-md-12 col-xs-12 col-sm-12\">\n<h1>INFOGRAF\u00cdAS<\/h1>\n<\/div>\n<div class=\"col-lg-12 col-md-12 col-xs-12 col-sm-12\">\n<h4 style=\"color: black;\">Descubre nuestras instalaciones y actividad de forma entretenida<\/h4>\n<\/div>\n<\/div>\n<div style=\"margin-bottom:30px ; height:1px; clear:both;\"><\/div>\n\n<div class=\"row \">\n<div class=\"categoria-archivo\"><div class=\"categoria-listado\"><div class=\"categoria-item\"><a href=\"https:\/\/petronor.eus\/es\/multimedia\/parque-de-movilidad-h2-2\/\"><img decoding=\"async\" src=\"https:\/\/petronor.eus\/wp-content\/uploads\/2024\/11\/infografia_desarrollo4.png\" alt=\"Parque de Movilidad H2\"><\/a><h2 class=\"post-titulo\"><a href=\"https:\/\/petronor.eus\/es\/multimedia\/parque-de-movilidad-h2-2\/\">Parque de Movilidad H2<\/a><\/h2><p class=\"post-extracto\">&nbsp; Formato: PNG- Dimensiones: 1579\u00d7851- Peso: 485 KB \u00a9 Petronor<\/p><\/div><div class=\"categoria-item\"><a href=\"https:\/\/petronor.eus\/es\/multimedia\/electorilizadores-de-petronor\/\"><img decoding=\"async\" src=\"https:\/\/petronor.eus\/wp-content\/uploads\/2024\/11\/infografia_desarrollo3.png\" alt=\"Electorilizadores de Petronor\"><\/a><h2 class=\"post-titulo\"><a href=\"https:\/\/petronor.eus\/es\/multimedia\/electorilizadores-de-petronor\/\">Electorilizadores de Petronor<\/a><\/h2><p class=\"post-extracto\">&nbsp; Formato: PNG- Dimensiones: 1586\u00d7874- Peso: 783 KB \u00a9 Petronor<\/p><\/div><div class=\"categoria-item\"><a href=\"https:\/\/petronor.eus\/es\/multimedia\/planta-de-mineralizacion-2\/\"><img decoding=\"async\" src=\"https:\/\/petronor.eus\/wp-content\/uploads\/2024\/11\/infografia_desarrollo2.png\" alt=\"Planta de mineralizaci\u00f3n\"><\/a><h2 class=\"post-titulo\"><a href=\"https:\/\/petronor.eus\/es\/multimedia\/planta-de-mineralizacion-2\/\">Planta de mineralizaci\u00f3n<\/a><\/h2><p class=\"post-extracto\">&nbsp; Formato: PNG- Dimensiones: 1583\u00d7869- Peso: 626 KB \u00a9 Petronor<\/p><\/div><div class=\"categoria-item\"><a href=\"https:\/\/petronor.eus\/es\/multimedia\/planta-demostracion-combustibles-sinteticos-2\/\"><img decoding=\"async\" src=\"https:\/\/petronor.eus\/wp-content\/uploads\/2024\/11\/infografia_desarrollo1.png\" alt=\"Planta demostraci\u00f3n combustibles sint\u00e9ticos\"><\/a><h2 class=\"post-titulo\"><a href=\"https:\/\/petronor.eus\/es\/multimedia\/planta-demostracion-combustibles-sinteticos-2\/\">Planta demostraci\u00f3n combustibles sint\u00e9ticos<\/a><\/h2><p class=\"post-extracto\">&nbsp; Formato: PNG- Dimensiones: 1571\u00d7874- Peso: 320 KB \u00a9 Petronor<\/p><\/div><div class=\"categoria-item\"><a href=\"https:\/\/petronor.eus\/es\/multimedia\/evolucion-hacia-una-nueva-petronor\/\"><img decoding=\"async\" src=\"https:\/\/petronor.eus\/wp-content\/uploads\/2024\/10\/infografia_evolucion.png\" alt=\"Evoluci\u00f3n hacia una nueva Petronor\"><\/a><h2 class=\"post-titulo\"><a href=\"https:\/\/petronor.eus\/es\/multimedia\/evolucion-hacia-una-nueva-petronor\/\">Evoluci\u00f3n hacia una nueva Petronor<\/a><\/h2><p class=\"post-extracto\">&nbsp; Formato: PNG- Dimensiones: 1232\u00d7675- Peso: 433 KB \u00a9 Petronor<\/p><\/div><div class=\"categoria-item\"><a href=\"https:\/\/petronor.eus\/es\/multimedia\/la-refineria-del-futuro\/\"><img decoding=\"async\" src=\"https:\/\/petronor.eus\/wp-content\/uploads\/2024\/10\/infografia_refineria_del_futuro.png\" alt=\"La refiner\u00eda del futuro\"><\/a><h2 class=\"post-titulo\"><a href=\"https:\/\/petronor.eus\/es\/multimedia\/la-refineria-del-futuro\/\">La refiner\u00eda del futuro<\/a><\/h2><p class=\"post-extracto\">&nbsp; Formato: PNG- Dimensiones: 1225\u00d7680- Peso: 464 KB \u00a9 Petronor<\/p><\/div><\/div><\/div>\n<\/div>\n\n<div id=\"acercade\">\n\n<div id=\"bloque2\" class=\"col-lg-3 col-md-3 col-sm-6 col-xs-12 nopadding\">\n\n<a href=\"\/es\/infografias\/asi-funciona-la-refineria\/\"><img loading=\"lazy\" decoding=\"async\" class=\"alignnone size-full wp-image-2459 imgZoom\" title=\"Ir a la infograf\u00eda\" src=\"\/wp-content\/uploads\/2014\/12\/asi-funciona-la-refineria.jpg\" alt=\"As\u00ed funciona la refiner\u00eda Petronor\" width=\"400\" height=\"400\" srcset=\"https:\/\/petronor.eus\/wp-content\/uploads\/2014\/12\/asi-funciona-la-refineria.jpg 400w, https:\/\/petronor.eus\/wp-content\/uploads\/2014\/12\/asi-funciona-la-refineria-150x150.jpg 150w, https:\/\/petronor.eus\/wp-content\/uploads\/2014\/12\/asi-funciona-la-refineria-300x300.jpg 300w, https:\/\/petronor.eus\/wp-content\/uploads\/2014\/12\/asi-funciona-la-refineria-70x70.jpg 70w\" sizes=\"(max-width: 400px) 100vw, 400px\" \/><\/a>\n<div class=\"caption\"><\/div>\n<div class=\"caption-text\">\n<h3 style=\"padding-bottom: 15px;\">As\u00ed funciona la refiner\u00eda<\/h3>\n<\/div>\n&nbsp;\n\n\n<\/div>\n<div id=\"bloque3\" class=\"col-lg-3 col-md-3 col-sm-6 col-xs-12 nopadding\"><a href=\"\/es\/infografias\/curiosidades\/\">\n<img loading=\"lazy\" decoding=\"async\" class=\"alignnone size-full wp-image-2784 imgZoom\" title=\"Ir a la infograf\u00eda\" src=\"https:\/\/petronor.eus\/wp-content\/uploads\/2014\/12\/curiosidades.jpg\" alt=\"Datos curiosos\" width=\"400\" height=\"400\" srcset=\"https:\/\/petronor.eus\/wp-content\/uploads\/2014\/12\/curiosidades.jpg 400w, https:\/\/petronor.eus\/wp-content\/uploads\/2014\/12\/curiosidades-150x150.jpg 150w, https:\/\/petronor.eus\/wp-content\/uploads\/2014\/12\/curiosidades-300x300.jpg 300w, https:\/\/petronor.eus\/wp-content\/uploads\/2014\/12\/curiosidades-70x70.jpg 70w\" sizes=\"(max-width: 400px) 100vw, 400px\" \/><\/a>\n<div class=\"caption\"><\/div>\n<div class=\"caption-text\">\n<h3 style=\"padding-bottom: 15px;\">Curiosidades<\/h3>\n<\/div>\n<\/div>\n<div id=\"bloque4\" class=\"col-lg-3 col-md-3 col-sm-6 col-xs-12 nopadding\">\n\n<a href=\"\/es\/infografias\/estaciones-de-servicio-para-ninos\/\"><img loading=\"lazy\" decoding=\"async\" class=\"alignnone size-full wp-image-2469 imgZoom\" title=\"Ir a la infograf\u00eda\" src=\"https:\/\/petronor.eus\/wp-content\/uploads\/2014\/12\/estaciones-para-ninios.jpg\" alt=\"Gasolinera para ni\u00f1os\" width=\"400\" height=\"400\" srcset=\"https:\/\/petronor.eus\/wp-content\/uploads\/2014\/12\/estaciones-para-ninios.jpg 400w, https:\/\/petronor.eus\/wp-content\/uploads\/2014\/12\/estaciones-para-ninios-150x150.jpg 150w, https:\/\/petronor.eus\/wp-content\/uploads\/2014\/12\/estaciones-para-ninios-300x300.jpg 300w, https:\/\/petronor.eus\/wp-content\/uploads\/2014\/12\/estaciones-para-ninios-70x70.jpg 70w\" sizes=\"(max-width: 400px) 100vw, 400px\" \/><\/a>\n<div class=\"caption\"><\/div>\n<div class=\"caption-text\">\n<h3>Estaciones de servicio para ni\u00f1os<\/h3>\n<\/div>\n<\/div>\n&nbsp;\n\n<\/div>\n<\/div>\n\n<style>\n.categoria-archivo {\n    padding: 20px;\n}\n\n.categoria-titulo {\n    font-size: 2em;\n    margin-bottom: 10px;\n}\n\n.categoria-descripcion {\n    font-size: 1.2em;\n    color: #555;\n    margin-bottom: 20px;\n}\n\n.categoria-listado {\n    display: flex;\n    flex-wrap: wrap;\n    gap: 20px;\n}\n\n.categoria-item {\n    flex: 1 1 calc(33.333% - 20px);\n    box-sizing: border-box;\n}\n\n.categoria-item img {\n    width: 100%;\n    height: auto;\n    margin-bottom: 10px;\n}\n\n.post-titulo {\n    font-size: 1.5em;\n    margin: 10px 0 5px;\n}\n\n.post-extracto {\n    font-size: 1em;\n    color: #666;\n}\n<\/style>\n\n","protected":false},"excerpt":{"rendered":"As\u00ed funciona la refiner\u00eda &nbsp; Curiosidades Estaciones de servicio para ni\u00f1os &nbsp;","protected":false},"author":2,"featured_media":0,"parent":0,"menu_order":4,"comment_status":"open","ping_status":"closed","template":"","meta":{"footnotes":""},"class_list":["post-2452","page","type-page","status-publish","hentry"],"yoast_head":"<!-- This site is optimized with the Yoast SEO plugin v24.7 - https:\/\/yoast.com\/wordpress\/plugins\/seo\/ -->\n<title>Infograf\u00edas<\/title>\n<meta name=\"description\" content=\"Descubre las instalaciones y actividad de forma entretenida con infograf\u00edas: As\u00ed funciona la refiner\u00eda, Curiosidades y Estaciones de servicio para ni\u00f1os.\" \/>\n<meta name=\"robots\" content=\"index, follow, max-snippet:-1, max-image-preview:large, max-video-preview:-1\" \/>\n<link rel=\"canonical\" href=\"https:\/\/petronor.eus\/es\/infografias\/\" \/>\n<meta property=\"og:locale\" content=\"es_ES\" \/>\n<meta property=\"og:type\" content=\"article\" \/>\n<meta property=\"og:title\" content=\"Infograf\u00edas\" \/>\n<meta property=\"og:description\" content=\"Descubre las instalaciones y actividad de forma entretenida con infograf\u00edas: As\u00ed funciona la refiner\u00eda, Curiosidades y Estaciones de servicio para ni\u00f1os.\" \/>\n<meta property=\"og:url\" content=\"https:\/\/petronor.eus\/es\/infografias\/\" \/>\n<meta property=\"og:site_name\" content=\"Petronor\" \/>\n<meta property=\"article:modified_time\" content=\"2024-11-28T07:49:38+00:00\" \/>\n<meta property=\"og:image\" content=\"https:\/\/petronor.eus\/wp-content\/uploads\/2014\/12\/curiosidades.jpg\" \/>\n<meta name=\"twitter:label1\" content=\"Est. reading time\" \/>\n\t<meta name=\"twitter:data1\" content=\"1 minute\" \/>\n<script type=\"application\/ld+json\" class=\"yoast-schema-graph\">{\"@context\":\"https:\/\/schema.org\",\"@graph\":[{\"@type\":\"WebPage\",\"@id\":\"https:\/\/petronor.eus\/es\/infografias\/\",\"url\":\"https:\/\/petronor.eus\/es\/infografias\/\",\"name\":\"Infograf\u00edas\",\"isPartOf\":{\"@id\":\"https:\/\/petronor.eus\/es\/#website\"},\"primaryImageOfPage\":{\"@id\":\"https:\/\/petronor.eus\/es\/infografias\/#primaryimage\"},\"image\":{\"@id\":\"https:\/\/petronor.eus\/es\/infografias\/#primaryimage\"},\"thumbnailUrl\":\"https:\/\/petronor.eus\/wp-content\/uploads\/2014\/12\/curiosidades.jpg\",\"datePublished\":\"2015-02-05T19:07:01+00:00\",\"dateModified\":\"2024-11-28T07:49:38+00:00\",\"description\":\"Descubre las instalaciones y actividad de forma entretenida con infograf\u00edas: As\u00ed funciona la refiner\u00eda, Curiosidades y Estaciones de servicio para ni\u00f1os.\",\"breadcrumb\":{\"@id\":\"https:\/\/petronor.eus\/es\/infografias\/#breadcrumb\"},\"inLanguage\":\"es-ES\",\"potentialAction\":[{\"@type\":\"ReadAction\",\"target\":[\"https:\/\/petronor.eus\/es\/infografias\/\"]}]},{\"@type\":\"ImageObject\",\"inLanguage\":\"es-ES\",\"@id\":\"https:\/\/petronor.eus\/es\/infografias\/#primaryimage\",\"url\":\"https:\/\/petronor.eus\/wp-content\/uploads\/2014\/12\/curiosidades.jpg\",\"contentUrl\":\"https:\/\/petronor.eus\/wp-content\/uploads\/2014\/12\/curiosidades.jpg\"},{\"@type\":\"BreadcrumbList\",\"@id\":\"https:\/\/petronor.eus\/es\/infografias\/#breadcrumb\",\"itemListElement\":[{\"@type\":\"ListItem\",\"position\":1,\"name\":\"Home\",\"item\":\"https:\/\/petronor.eus\/es\/\"},{\"@type\":\"ListItem\",\"position\":2,\"name\":\"INFOGRAF\u00cdAS\"}]},{\"@type\":\"WebSite\",\"@id\":\"https:\/\/petronor.eus\/es\/#website\",\"url\":\"https:\/\/petronor.eus\/es\/\",\"name\":\"Petronor\",\"description\":\"\",\"potentialAction\":[{\"@type\":\"SearchAction\",\"target\":{\"@type\":\"EntryPoint\",\"urlTemplate\":\"https:\/\/petronor.eus\/es\/?s={search_term_string}\"},\"query-input\":{\"@type\":\"PropertyValueSpecification\",\"valueRequired\":true,\"valueName\":\"search_term_string\"}}],\"inLanguage\":\"es-ES\"}]}<\/script>\n<!-- \/ Yoast SEO plugin. -->","yoast_head_json":{"title":"Infograf\u00edas","description":"Descubre las instalaciones y actividad de forma entretenida con infograf\u00edas: As\u00ed funciona la refiner\u00eda, Curiosidades y Estaciones de servicio para ni\u00f1os.","robots":{"index":"index","follow":"follow","max-snippet":"max-snippet:-1","max-image-preview":"max-image-preview:large","max-video-preview":"max-video-preview:-1"},"canonical":"https:\/\/petronor.eus\/es\/infografias\/","og_locale":"es_ES","og_type":"article","og_title":"Infograf\u00edas","og_description":"Descubre las instalaciones y actividad de forma entretenida con infograf\u00edas: As\u00ed funciona la refiner\u00eda, Curiosidades y Estaciones de servicio para ni\u00f1os.","og_url":"https:\/\/petronor.eus\/es\/infografias\/","og_site_name":"Petronor","article_modified_time":"2024-11-28T07:49:38+00:00","og_image":[{"url":"https:\/\/petronor.eus\/wp-content\/uploads\/2014\/12\/curiosidades.jpg","type":"","width":"","height":""}],"twitter_misc":{"Est. reading time":"1 minute"},"schema":{"@context":"https:\/\/schema.org","@graph":[{"@type":"WebPage","@id":"https:\/\/petronor.eus\/es\/infografias\/","url":"https:\/\/petronor.eus\/es\/infografias\/","name":"Infograf\u00edas","isPartOf":{"@id":"https:\/\/petronor.eus\/es\/#website"},"primaryImageOfPage":{"@id":"https:\/\/petronor.eus\/es\/infografias\/#primaryimage"},"image":{"@id":"https:\/\/petronor.eus\/es\/infografias\/#primaryimage"},"thumbnailUrl":"https:\/\/petronor.eus\/wp-content\/uploads\/2014\/12\/curiosidades.jpg","datePublished":"2015-02-05T19:07:01+00:00","dateModified":"2024-11-28T07:49:38+00:00","description":"Descubre las instalaciones y actividad de forma entretenida con infograf\u00edas: As\u00ed funciona la refiner\u00eda, Curiosidades y Estaciones de servicio para ni\u00f1os.","breadcrumb":{"@id":"https:\/\/petronor.eus\/es\/infografias\/#breadcrumb"},"inLanguage":"es-ES","potentialAction":[{"@type":"ReadAction","target":["https:\/\/petronor.eus\/es\/infografias\/"]}]},{"@type":"ImageObject","inLanguage":"es-ES","@id":"https:\/\/petronor.eus\/es\/infografias\/#primaryimage","url":"https:\/\/petronor.eus\/wp-content\/uploads\/2014\/12\/curiosidades.jpg","contentUrl":"https:\/\/petronor.eus\/wp-content\/uploads\/2014\/12\/curiosidades.jpg"},{"@type":"BreadcrumbList","@id":"https:\/\/petronor.eus\/es\/infografias\/#breadcrumb","itemListElement":[{"@type":"ListItem","position":1,"name":"Home","item":"https:\/\/petronor.eus\/es\/"},{"@type":"ListItem","position":2,"name":"INFOGRAF\u00cdAS"}]},{"@type":"WebSite","@id":"https:\/\/petronor.eus\/es\/#website","url":"https:\/\/petronor.eus\/es\/","name":"Petronor","description":"","potentialAction":[{"@type":"SearchAction","target":{"@type":"EntryPoint","urlTemplate":"https:\/\/petronor.eus\/es\/?s={search_term_string}"},"query-input":{"@type":"PropertyValueSpecification","valueRequired":true,"valueName":"search_term_string"}}],"inLanguage":"es-ES"}]}},"_links":{"self":[{"href":"https:\/\/petronor.eus\/es\/wp-json\/wp\/v2\/pages\/2452","targetHints":{"allow":["GET"]}}],"collection":[{"href":"https:\/\/petronor.eus\/es\/wp-json\/wp\/v2\/pages"}],"about":[{"href":"https:\/\/petronor.eus\/es\/wp-json\/wp\/v2\/types\/page"}],"author":[{"embeddable":true,"href":"https:\/\/petronor.eus\/es\/wp-json\/wp\/v2\/users\/2"}],"replies":[{"embeddable":true,"href":"https:\/\/petronor.eus\/es\/wp-json\/wp\/v2\/comments?post=2452"}],"version-history":[{"count":29,"href":"https:\/\/petronor.eus\/es\/wp-json\/wp\/v2\/pages\/2452\/revisions"}],"predecessor-version":[{"id":78179,"href":"https:\/\/petronor.eus\/es\/wp-json\/wp\/v2\/pages\/2452\/revisions\/78179"}],"wp:attachment":[{"href":"https:\/\/petronor.eus\/es\/wp-json\/wp\/v2\/media?parent=2452"}],"curies":[{"name":"wp","href":"https:\/\/api.w.org\/{rel}","templated":true}]}}