{"id":2467,"date":"2015-02-06T23:59:19","date_gmt":"2015-02-06T23:59:19","guid":{"rendered":"https:\/\/petronor.eus\/?page_id=2467"},"modified":"2017-06-27T16:24:05","modified_gmt":"2017-06-27T14:24:05","slug":"estaciones-de-servicio-para-ninos","status":"publish","type":"page","link":"https:\/\/petronor.eus\/es\/infografias\/estaciones-de-servicio-para-ninos\/","title":{"rendered":"Estaciones de servicio para ni\u00f1os"},"content":{"rendered":"","protected":false},"excerpt":{"rendered":"","protected":false},"author":2,"featured_media":0,"parent":2452,"menu_order":6,"comment_status":"open","ping_status":"closed","template":"template-infografia2.php","meta":{"footnotes":""},"class_list":["post-2467","page","type-page","status-publish","hentry"],"yoast_head":"<!-- This site is optimized with the Yoast SEO plugin v24.7 - https:\/\/yoast.com\/wordpress\/plugins\/seo\/ -->\n<title>Estaci\u00f3nes de servicio para ni\u00f1os Petronor<\/title>\n<meta name=\"description\" content=\"\u00a1Hola! Bienvenido a las estaciones de servicio para ni\u00f1os de Petronor. \u00a1Aqu\u00ed podr\u00e1s divertirte y aprender un mont\u00f3n de cosas sobre c\u00f3mo funciona!\" \/>\n<meta name=\"robots\" content=\"index, follow, max-snippet:-1, max-image-preview:large, max-video-preview:-1\" \/>\n<link rel=\"canonical\" href=\"https:\/\/petronor.eus\/es\/infografias\/estaciones-de-servicio-para-ninos\/\" \/>\n<meta property=\"og:locale\" content=\"es_ES\" \/>\n<meta property=\"og:type\" content=\"article\" \/>\n<meta property=\"og:title\" content=\"Estaci\u00f3nes de servicio para ni\u00f1os Petronor\" \/>\n<meta property=\"og:description\" content=\"\u00a1Hola! Bienvenido a las estaciones de servicio para ni\u00f1os de Petronor. \u00a1Aqu\u00ed podr\u00e1s divertirte y aprender un mont\u00f3n de cosas sobre c\u00f3mo funciona!\" \/>\n<meta property=\"og:url\" content=\"https:\/\/petronor.eus\/es\/infografias\/estaciones-de-servicio-para-ninos\/\" \/>\n<meta property=\"og:site_name\" content=\"Petronor\" \/>\n<meta property=\"article:modified_time\" content=\"2017-06-27T14:24:05+00:00\" \/>\n<script type=\"application\/ld+json\" class=\"yoast-schema-graph\">{\"@context\":\"https:\/\/schema.org\",\"@graph\":[{\"@type\":\"WebPage\",\"@id\":\"https:\/\/petronor.eus\/es\/infografias\/estaciones-de-servicio-para-ninos\/\",\"url\":\"https:\/\/petronor.eus\/es\/infografias\/estaciones-de-servicio-para-ninos\/\",\"name\":\"Estaci\u00f3nes de servicio para ni\u00f1os Petronor\",\"isPartOf\":{\"@id\":\"https:\/\/petronor.eus\/es\/#website\"},\"datePublished\":\"2015-02-06T23:59:19+00:00\",\"dateModified\":\"2017-06-27T14:24:05+00:00\",\"description\":\"\u00a1Hola! Bienvenido a las estaciones de servicio para ni\u00f1os de Petronor. \u00a1Aqu\u00ed podr\u00e1s divertirte y aprender un mont\u00f3n de cosas sobre c\u00f3mo funciona!\",\"breadcrumb\":{\"@id\":\"https:\/\/petronor.eus\/es\/infografias\/estaciones-de-servicio-para-ninos\/#breadcrumb\"},\"inLanguage\":\"es-ES\",\"potentialAction\":[{\"@type\":\"ReadAction\",\"target\":[\"https:\/\/petronor.eus\/es\/infografias\/estaciones-de-servicio-para-ninos\/\"]}]},{\"@type\":\"BreadcrumbList\",\"@id\":\"https:\/\/petronor.eus\/es\/infografias\/estaciones-de-servicio-para-ninos\/#breadcrumb\",\"itemListElement\":[{\"@type\":\"ListItem\",\"position\":1,\"name\":\"Home\",\"item\":\"https:\/\/petronor.eus\/es\/\"},{\"@type\":\"ListItem\",\"position\":2,\"name\":\"INFOGRAF\u00cdAS\",\"item\":\"https:\/\/petronor.eus\/es\/infografias\/\"},{\"@type\":\"ListItem\",\"position\":3,\"name\":\"Estaciones de servicio para ni\u00f1os\"}]},{\"@type\":\"WebSite\",\"@id\":\"https:\/\/petronor.eus\/es\/#website\",\"url\":\"https:\/\/petronor.eus\/es\/\",\"name\":\"Petronor\",\"description\":\"\",\"potentialAction\":[{\"@type\":\"SearchAction\",\"target\":{\"@type\":\"EntryPoint\",\"urlTemplate\":\"https:\/\/petronor.eus\/es\/?s={search_term_string}\"},\"query-input\":{\"@type\":\"PropertyValueSpecification\",\"valueRequired\":true,\"valueName\":\"search_term_string\"}}],\"inLanguage\":\"es-ES\"}]}<\/script>\n<!-- \/ Yoast SEO plugin. -->","yoast_head_json":{"title":"Estaci\u00f3nes de servicio para ni\u00f1os Petronor","description":"\u00a1Hola! Bienvenido a las estaciones de servicio para ni\u00f1os de Petronor. \u00a1Aqu\u00ed podr\u00e1s divertirte y aprender un mont\u00f3n de cosas sobre c\u00f3mo funciona!","robots":{"index":"index","follow":"follow","max-snippet":"max-snippet:-1","max-image-preview":"max-image-preview:large","max-video-preview":"max-video-preview:-1"},"canonical":"https:\/\/petronor.eus\/es\/infografias\/estaciones-de-servicio-para-ninos\/","og_locale":"es_ES","og_type":"article","og_title":"Estaci\u00f3nes de servicio para ni\u00f1os Petronor","og_description":"\u00a1Hola! Bienvenido a las estaciones de servicio para ni\u00f1os de Petronor. \u00a1Aqu\u00ed podr\u00e1s divertirte y aprender un mont\u00f3n de cosas sobre c\u00f3mo funciona!","og_url":"https:\/\/petronor.eus\/es\/infografias\/estaciones-de-servicio-para-ninos\/","og_site_name":"Petronor","article_modified_time":"2017-06-27T14:24:05+00:00","schema":{"@context":"https:\/\/schema.org","@graph":[{"@type":"WebPage","@id":"https:\/\/petronor.eus\/es\/infografias\/estaciones-de-servicio-para-ninos\/","url":"https:\/\/petronor.eus\/es\/infografias\/estaciones-de-servicio-para-ninos\/","name":"Estaci\u00f3nes de servicio para ni\u00f1os Petronor","isPartOf":{"@id":"https:\/\/petronor.eus\/es\/#website"},"datePublished":"2015-02-06T23:59:19+00:00","dateModified":"2017-06-27T14:24:05+00:00","description":"\u00a1Hola! Bienvenido a las estaciones de servicio para ni\u00f1os de Petronor. \u00a1Aqu\u00ed podr\u00e1s divertirte y aprender un mont\u00f3n de cosas sobre c\u00f3mo funciona!","breadcrumb":{"@id":"https:\/\/petronor.eus\/es\/infografias\/estaciones-de-servicio-para-ninos\/#breadcrumb"},"inLanguage":"es-ES","potentialAction":[{"@type":"ReadAction","target":["https:\/\/petronor.eus\/es\/infografias\/estaciones-de-servicio-para-ninos\/"]}]},{"@type":"BreadcrumbList","@id":"https:\/\/petronor.eus\/es\/infografias\/estaciones-de-servicio-para-ninos\/#breadcrumb","itemListElement":[{"@type":"ListItem","position":1,"name":"Home","item":"https:\/\/petronor.eus\/es\/"},{"@type":"ListItem","position":2,"name":"INFOGRAF\u00cdAS","item":"https:\/\/petronor.eus\/es\/infografias\/"},{"@type":"ListItem","position":3,"name":"Estaciones de servicio para ni\u00f1os"}]},{"@type":"WebSite","@id":"https:\/\/petronor.eus\/es\/#website","url":"https:\/\/petronor.eus\/es\/","name":"Petronor","description":"","potentialAction":[{"@type":"SearchAction","target":{"@type":"EntryPoint","urlTemplate":"https:\/\/petronor.eus\/es\/?s={search_term_string}"},"query-input":{"@type":"PropertyValueSpecification","valueRequired":true,"valueName":"search_term_string"}}],"inLanguage":"es-ES"}]}},"_links":{"self":[{"href":"https:\/\/petronor.eus\/es\/wp-json\/wp\/v2\/pages\/2467","targetHints":{"allow":["GET"]}}],"collection":[{"href":"https:\/\/petronor.eus\/es\/wp-json\/wp\/v2\/pages"}],"about":[{"href":"https:\/\/petronor.eus\/es\/wp-json\/wp\/v2\/types\/page"}],"author":[{"embeddable":true,"href":"https:\/\/petronor.eus\/es\/wp-json\/wp\/v2\/users\/2"}],"replies":[{"embeddable":true,"href":"https:\/\/petronor.eus\/es\/wp-json\/wp\/v2\/comments?post=2467"}],"version-history":[{"count":1,"href":"https:\/\/petronor.eus\/es\/wp-json\/wp\/v2\/pages\/2467\/revisions"}],"predecessor-version":[{"id":2468,"href":"https:\/\/petronor.eus\/es\/wp-json\/wp\/v2\/pages\/2467\/revisions\/2468"}],"up":[{"embeddable":true,"href":"https:\/\/petronor.eus\/es\/wp-json\/wp\/v2\/pages\/2452"}],"wp:attachment":[{"href":"https:\/\/petronor.eus\/es\/wp-json\/wp\/v2\/media?parent=2467"}],"curies":[{"name":"wp","href":"https:\/\/api.w.org\/{rel}","templated":true}]}}