{"id":26336,"date":"2015-07-21T09:25:01","date_gmt":"2015-07-21T09:25:01","guid":{"rendered":"https:\/\/petronor.eus\/?page_id=26336"},"modified":"2023-04-21T14:02:42","modified_gmt":"2023-04-21T12:02:42","slug":"plan-de-sostenibilidad-2019-petronor","status":"publish","type":"page","link":"https:\/\/petronor.eus\/es\/plan-de-sostenibilidad-2019-petronor\/","title":{"rendered":"PLAN DE SOSTENIBILIDAD 2022 PETRONOR"},"content":{"rendered":"<div class=\"row introBlock full-width-section primeraFila\">\r\n<div class=\"col-lg-3 col-md-3 col-xs-12 col-sm-12\"><div class=\"menu-menu_compromisos-container\"><ul id=\"menu-menu_compromisos\" class=\"subnav\"><li id=\"menu-item-1595\" class=\"menu-item menu-item-type-post_type menu-item-object-page menu-item-1595\"><a href=\"https:\/\/petronor.eus\/es\/nuestra-vision-de-la-sostenibilidad\/compromiso-con-el-medio-ambiente\/\">MEDIO AMBIENTE<\/a><\/li>\n<li id=\"menu-item-1596\" class=\"menu-item menu-item-type-post_type menu-item-object-page menu-item-1596\"><a href=\"https:\/\/petronor.eus\/es\/nuestra-vision-de-la-sostenibilidad\/compromiso-con-la-seguridad\/\">OPERACI\u00d3N SEGURA<\/a><\/li>\n<li id=\"menu-item-76708\" class=\"menu-item menu-item-type-post_type menu-item-object-page menu-item-76708\"><a href=\"https:\/\/petronor.eus\/es\/nuestra-vision-de-la-sostenibilidad\/empleo\/\">EMPLEO<\/a><\/li>\n<li id=\"menu-item-76709\" class=\"menu-item menu-item-type-post_type menu-item-object-page menu-item-76709\"><a href=\"https:\/\/petronor.eus\/es\/nuestra-vision-de-la-sostenibilidad\/innovacion-y-tecnologia\/\">INNOVACI\u00d3N Y TECNOLOG\u00cdA<\/a><\/li>\n<li id=\"menu-item-76710\" class=\"menu-item menu-item-type-post_type menu-item-object-page menu-item-76710\"><a href=\"https:\/\/petronor.eus\/es\/nuestra-vision-de-la-sostenibilidad\/desarrollo-del-territorio\/\">DESARROLLO DEL TERRITORIO<\/a><\/li>\n<\/ul><\/div><\/div>\r\n<div class=\"col-lg-4 col-md-4 col-xs-12 col-sm-12\">\r\n<div style=\"margin-bottom:20px ; height:1px; clear:both;\"><\/div>\r\n<h1>PLAN DE SOSTENIBILIDAD 2022 PETRONOR<\/h1>\r\n<p class=\"font18\" style=\"font-size: 18px!important;\">El octavo Plan de Sostenibilidad de Petronor ya se ha puesto en acci\u00f3n.<\/p>\r\n\r\n<div class=\"separadorGris\"><\/div>\r\n<div style=\"margin-bottom:15px ; height:1px; clear:both;\"><\/div>\r\nEste plan recoge\u00a019 acciones concretas y medibles que se realizar\u00e1n durante este a\u00f1o en el entorno de la refiner\u00eda. Acciones que surgen de un estudio previo realizado durante el 2014 por iniciativa de Petronor y que evidencian nuestro compromiso con el desarrollo sostenible.\r\n<div style=\"margin-bottom:15px ; height:1px; clear:both;\"><\/div>\r\n<!--  Noticia, <a title=\"Noticia,\" href=\"https:\/\/petronor.eus\/es\/2015\/07\/petronor-pone-en-marcha-su-primer-plan-de-sostenibilidad\/\" target=\"_blank\">aqu&iacute;.<\/a>  -->\r\n\r\n<a class=\"btn btn-default ancho100  \" href=\"https:\/\/petronor.eus\/wp-content\/uploads\/2022\/11\/2022-Plan-Sostenibilidad-cast-inter.pdf\"  target=\"_blank\"><i class=\"glyphicon glyphicon-save\" ><\/i> Plan de Sostenibilidad 2022<\/a>\r\n\r\n<div class=\"rayaGris\">&nbsp;<\/div>\r\n<\/div>\r\n<div class=\"col-lg-5 col-md-5 hidden-sm hidden-xs\"><img loading=\"lazy\" decoding=\"async\" class=\"alignnone size-full wp-image-26337\" src=\"https:\/\/petronor.eus\/wp-content\/uploads\/2015\/07\/PLAN-DE-SOSTENIBILIDAD-2015-PETRONOR.jpg\" alt=\"PLAN-DE-SOSTENIBILIDAD-2015-PETRONOR\" width=\"768\" height=\"464\" srcset=\"https:\/\/petronor.eus\/wp-content\/uploads\/2015\/07\/PLAN-DE-SOSTENIBILIDAD-2015-PETRONOR.jpg 768w, https:\/\/petronor.eus\/wp-content\/uploads\/2015\/07\/PLAN-DE-SOSTENIBILIDAD-2015-PETRONOR-600x363.jpg 600w\" sizes=\"(max-width: 768px) 100vw, 768px\" \/><\/div>\r\n<\/div>\r\n<div style=\"margin-bottom:30px ; height:1px; clear:both;\"><\/div>\r\n<div class=\"row\">\r\n<div class=\"col-lg-3 col-md-3 col-sm-3 col-xs-12 padre-boton-sostenibilidad\"><div class=\"tablaHeader derechadoMovil\">\n<div class=\"celda celdaIzquierda\"><h3>PLAN DE SOSTENIBILIDAD 2022 - INFORME DE CIERRE<\/h3><\/div>\n<div class=\"celda\"><div class=\"widgettitlewrapper\">&nbsp;<\/div><\/div>\n<\/div>\r\n<img loading=\"lazy\" decoding=\"async\" class=\"alignnone size-full wp-image-26357\" src=\"https:\/\/petronor.eus\/wp-content\/uploads\/2015\/07\/plan-thm.jpg\" alt=\"plan-thm\" width=\"372\" height=\"229\" \/>\r\n<div class=\"btn-default btn-lg boton-sobre-foto\"><a href=\"https:\/\/petronor.eus\/wp-content\/uploads\/2023\/04\/2022-Plan-Sostenibilidad-cast-CIERRE-inter.pdf\" target=\"_blank\"><span class=\"sobre-foto-arriba\">INFORME DE CIERRE<\/span><\/a>\r\n<span class=\"sobre-foto-abajo\">(DESC\u00c1RGATE EL PDF COMPLETO)<\/span><\/div>\r\n<\/div>\r\n<div class=\"col-lg-6 col-md-6 col-sm-6 col-xs-12\">\r\n\r\n<div class=\"tablaHeader derechadoMovil\">\n<div class=\"celda celdaIzquierda\"><h3>\u00bfC\u00d3MO ELABORAMOS EL PLAN?<\/h3><\/div>\n<div class=\"celda\"><div class=\"widgettitlewrapper\">&nbsp;<\/div><\/div>\n<\/div>\r\n<div class=\"col-lg-6 col-md-6 col-sm-6 col-xs-12\" style=\"padding-left: 0;\">\r\n\r\nRealizamos un estudio previo mediante entrevistas telef\u00f3nicas y cuestionarios dirigidos a grupos de inter\u00e9s como habitantes de la zona a t\u00edtulo individual, colectivos ecologistas y empresariales, representantes institucionales de los \u00e1mbitos local, foral, auton\u00f3mico y estatal e incluso centros formativos.\r\n\r\nTambi\u00e9n se consult\u00f3 internamente a representantes sindicales y miembros del comit\u00e9 de direcci\u00f3n sobre los intereses y expectativas que percib\u00edan de la actividad de Petronor y su influencia.\r\n\r\n<\/div>\r\n<div class=\"col-lg-6 col-md-6 col-sm-6 col-xs-12 padding-izquierdo-cero-xs\">\r\n\r\nAdem\u00e1s se realiz\u00f3 un trabajo de gabinete para identificar en los medios de comunicaci\u00f3n los contenidos, referidos a Petronor, que mayor relevancia tomaban en los medios de comunicaci\u00f3n.\r\n\r\nDe las entrevistas realizadas y el trabajo de gabinete se han evidenciado 195 expectativas a partir de las cuales se han elaborado las 20 acciones del Plan.\r\n\r\n<\/div>\r\n<\/div>\r\n<div class=\"col-lg-3 col-md-3 col-sm-3 col-xs-12\"><div class=\"tablaHeader derechadoMovil\">\n<div class=\"celda celdaIzquierda\"><h3>TU OPINI\u00d3N<\/h3><\/div>\n<div class=\"celda\"><div class=\"widgettitlewrapper\">&nbsp;<\/div><\/div>\n<\/div>Nos interesa tu opini\u00f3n, sugerencia o comentario.Escribenos a <a href=\"mailto:info@petronor.com\">info@petronor.com<\/a> o a trav\u00e9s del <a href=\"https:\/\/petronor.eus\/es\/contacto\/\">formulario de contacto<\/a><a class=\"btn btn-default btn-lg ancho100  \" href=\"https:\/\/petronor.eus\/es\/contacto\/\"  target=\"_blank\"><i class=\"glyphicon glyphicon-save\" ><\/i> FORMULARIO DE CONTACTO<\/a><\/div>\r\n<div style=\"margin-bottom:30px ; height:1px; clear:both;\"><\/div>\r\n\r\n<section id=\"acercade\">\r\n<div class=\"container nopaddingmobile\">\r\n<div id=\"bloque1\" class=\"col-lg-3 col-md-3 col-sm-6 col-xs-12\">\r\n<h2>COMPROMETIDOS CON<\/h2>\r\n<div class=\"rayaGris\"><\/div>\r\n<\/div>\r\n<div id=\"bloque2\" class=\"col-lg-3 col-md-3 col-sm-6 col-xs-12 nopadding\">\r\n\r\n<a href=\"https:\/\/petronor.eus\/es\/refineria\/compromisos\/seguridad\/\"><img loading=\"lazy\" decoding=\"async\" class=\"alignnone size-full wp-image-26350 imgZoom\" src=\"https:\/\/petronor.eus\/wp-content\/uploads\/2015\/07\/plan-destacado-1.jpg\" alt=\"plan-destacado-1\" width=\"412\" height=\"411\" srcset=\"https:\/\/petronor.eus\/wp-content\/uploads\/2015\/07\/plan-destacado-1.jpg 412w, https:\/\/petronor.eus\/wp-content\/uploads\/2015\/07\/plan-destacado-1-150x150.jpg 150w, https:\/\/petronor.eus\/wp-content\/uploads\/2015\/07\/plan-destacado-1-300x300.jpg 300w, https:\/\/petronor.eus\/wp-content\/uploads\/2015\/07\/plan-destacado-1-70x70.jpg 70w\" sizes=\"(max-width: 412px) 100vw, 412px\" \/><\/a>\r\n<div class=\"caption\"><\/div>\r\n<div class=\"caption-text\">\r\n<h3>SEGURIDAD<\/h3>\r\n<h4>De empleados, contratistas y poblaci\u00f3n del entorno<\/h4>\r\n<\/div>\r\n<\/div>\r\n<div id=\"bloque3\" class=\"col-lg-3 col-md-3 col-sm-6 col-xs-12 nopadding\">\r\n\r\n<a href=\"https:\/\/petronor.eus\/es\/refineria\/compromisos\/compromiso-con-el-medio-ambiente\/\"><img loading=\"lazy\" decoding=\"async\" class=\"alignnone size-full wp-image-26351 imgZoom\" src=\"https:\/\/petronor.eus\/wp-content\/uploads\/2015\/07\/plan-destacado-2.jpg\" alt=\"plan-destacado-2\" width=\"412\" height=\"411\" srcset=\"https:\/\/petronor.eus\/wp-content\/uploads\/2015\/07\/plan-destacado-2.jpg 412w, https:\/\/petronor.eus\/wp-content\/uploads\/2015\/07\/plan-destacado-2-150x150.jpg 150w, https:\/\/petronor.eus\/wp-content\/uploads\/2015\/07\/plan-destacado-2-300x300.jpg 300w, https:\/\/petronor.eus\/wp-content\/uploads\/2015\/07\/plan-destacado-2-70x70.jpg 70w\" sizes=\"(max-width: 412px) 100vw, 412px\" \/><\/a>\r\n<div class=\"caption\"><\/div>\r\n<div class=\"caption-text\">\r\n<h3>MEDIO AMBIENTE<\/h3>\r\n<h4>Minimizaci\u00f3n de los impactos en el entorno<\/h4>\r\n<\/div>\r\n&nbsp;\r\n\r\n<\/div>\r\n<div id=\"bloque4\" class=\"col-lg-3 col-md-3 col-sm-6 col-xs-12 nopadding\">\r\n\r\n<a href=\"https:\/\/petronor.eus\/es\/nuestro-entorno\/comunidad-de-vecinos\/\"><img loading=\"lazy\" decoding=\"async\" class=\"alignnone size-full wp-image-26352 imgZoom\" src=\"https:\/\/petronor.eus\/wp-content\/uploads\/2015\/07\/plan-destacado-3.jpg\" alt=\"plan-destacado-3\" width=\"412\" height=\"411\" srcset=\"https:\/\/petronor.eus\/wp-content\/uploads\/2015\/07\/plan-destacado-3.jpg 412w, https:\/\/petronor.eus\/wp-content\/uploads\/2015\/07\/plan-destacado-3-150x150.jpg 150w, https:\/\/petronor.eus\/wp-content\/uploads\/2015\/07\/plan-destacado-3-300x300.jpg 300w, https:\/\/petronor.eus\/wp-content\/uploads\/2015\/07\/plan-destacado-3-70x70.jpg 70w\" sizes=\"(max-width: 412px) 100vw, 412px\" \/><\/a>\r\n<div class=\"caption\"><\/div>\r\n<div class=\"caption-text\">\r\n<h3>LA COMUNIDAD<\/h3>\r\n<h4>Volcados en proyectos deportivos, culturales y sociales m\u00e1s cercanos<\/h4>\r\n<\/div>\r\n&nbsp;\r\n\r\n<\/div>\r\n&nbsp;\r\n\r\n<\/div>\r\n<\/section><\/div>","protected":false},"excerpt":{"rendered":"INFORME DE CIERRE (DESC\u00c1RGATE EL PDF COMPLETO) Realizamos un estudio previo mediante entrevistas telef\u00f3nicas y cuestionarios dirigidos a grupos de inter\u00e9s como habitantes de la zona a t\u00edtulo individual, colectivos ecologistas y empresariales, representantes institucionales de los \u00e1mbitos local, foral, auton\u00f3mico y estatal e incluso centros formativos. Tambi\u00e9n se consult\u00f3 internamente a representantes sindicales y","protected":false},"author":1,"featured_media":0,"parent":0,"menu_order":0,"comment_status":"open","ping_status":"open","template":"","meta":{"footnotes":""},"class_list":["post-26336","page","type-page","status-publish","hentry"],"yoast_head":"<!-- This site is optimized with the Yoast SEO plugin v24.7 - https:\/\/yoast.com\/wordpress\/plugins\/seo\/ -->\n<title>PLAN DE SOSTENIBILIDAD 2020 PETRONOR<\/title>\n<meta name=\"description\" content=\"El Plan de Sostenibilidad 2020 del Complejo Industrial de Petronor recoge las acciones que realiza la refiner\u00eda en medio ambiente, seguridad y desarrollo local.\" \/>\n<meta name=\"robots\" content=\"index, follow, max-snippet:-1, max-image-preview:large, max-video-preview:-1\" \/>\n<link rel=\"canonical\" href=\"https:\/\/petronor.eus\/es\/plan-de-sostenibilidad-2019-petronor\/\" \/>\n<meta property=\"og:locale\" content=\"es_ES\" \/>\n<meta property=\"og:type\" content=\"article\" \/>\n<meta property=\"og:title\" content=\"PLAN DE SOSTENIBILIDAD 2020 PETRONOR\" \/>\n<meta property=\"og:description\" content=\"El Plan de Sostenibilidad 2020 del Complejo Industrial de Petronor recoge las acciones que realiza la refiner\u00eda en medio ambiente, seguridad y desarrollo local.\" \/>\n<meta property=\"og:url\" content=\"https:\/\/petronor.eus\/es\/plan-de-sostenibilidad-2019-petronor\/\" \/>\n<meta property=\"og:site_name\" content=\"Petronor\" \/>\n<meta property=\"article:modified_time\" content=\"2023-04-21T12:02:42+00:00\" \/>\n<meta property=\"og:image\" content=\"https:\/\/petronor.eus\/wp-content\/uploads\/2015\/07\/PLAN-DE-SOSTENIBILIDAD-2015-PETRONOR.jpg\" \/>\n<meta name=\"twitter:label1\" content=\"Est. reading time\" \/>\n\t<meta name=\"twitter:data1\" content=\"2 minutes\" \/>\n<script type=\"application\/ld+json\" class=\"yoast-schema-graph\">{\"@context\":\"https:\/\/schema.org\",\"@graph\":[{\"@type\":\"WebPage\",\"@id\":\"https:\/\/petronor.eus\/es\/plan-de-sostenibilidad-2019-petronor\/\",\"url\":\"https:\/\/petronor.eus\/es\/plan-de-sostenibilidad-2019-petronor\/\",\"name\":\"PLAN DE SOSTENIBILIDAD 2020 PETRONOR\",\"isPartOf\":{\"@id\":\"https:\/\/petronor.eus\/es\/#website\"},\"primaryImageOfPage\":{\"@id\":\"https:\/\/petronor.eus\/es\/plan-de-sostenibilidad-2019-petronor\/#primaryimage\"},\"image\":{\"@id\":\"https:\/\/petronor.eus\/es\/plan-de-sostenibilidad-2019-petronor\/#primaryimage\"},\"thumbnailUrl\":\"https:\/\/petronor.eus\/wp-content\/uploads\/2015\/07\/PLAN-DE-SOSTENIBILIDAD-2015-PETRONOR.jpg\",\"datePublished\":\"2015-07-21T09:25:01+00:00\",\"dateModified\":\"2023-04-21T12:02:42+00:00\",\"description\":\"El Plan de Sostenibilidad 2020 del Complejo Industrial de Petronor recoge las acciones que realiza la refiner\u00eda en medio ambiente, seguridad y desarrollo local.\",\"breadcrumb\":{\"@id\":\"https:\/\/petronor.eus\/es\/plan-de-sostenibilidad-2019-petronor\/#breadcrumb\"},\"inLanguage\":\"es-ES\",\"potentialAction\":[{\"@type\":\"ReadAction\",\"target\":[\"https:\/\/petronor.eus\/es\/plan-de-sostenibilidad-2019-petronor\/\"]}]},{\"@type\":\"ImageObject\",\"inLanguage\":\"es-ES\",\"@id\":\"https:\/\/petronor.eus\/es\/plan-de-sostenibilidad-2019-petronor\/#primaryimage\",\"url\":\"https:\/\/petronor.eus\/wp-content\/uploads\/2015\/07\/PLAN-DE-SOSTENIBILIDAD-2015-PETRONOR.jpg\",\"contentUrl\":\"https:\/\/petronor.eus\/wp-content\/uploads\/2015\/07\/PLAN-DE-SOSTENIBILIDAD-2015-PETRONOR.jpg\"},{\"@type\":\"BreadcrumbList\",\"@id\":\"https:\/\/petronor.eus\/es\/plan-de-sostenibilidad-2019-petronor\/#breadcrumb\",\"itemListElement\":[{\"@type\":\"ListItem\",\"position\":1,\"name\":\"Home\",\"item\":\"https:\/\/petronor.eus\/es\/\"},{\"@type\":\"ListItem\",\"position\":2,\"name\":\"PLAN DE SOSTENIBILIDAD 2022 PETRONOR\"}]},{\"@type\":\"WebSite\",\"@id\":\"https:\/\/petronor.eus\/es\/#website\",\"url\":\"https:\/\/petronor.eus\/es\/\",\"name\":\"Petronor\",\"description\":\"\",\"potentialAction\":[{\"@type\":\"SearchAction\",\"target\":{\"@type\":\"EntryPoint\",\"urlTemplate\":\"https:\/\/petronor.eus\/es\/?s={search_term_string}\"},\"query-input\":{\"@type\":\"PropertyValueSpecification\",\"valueRequired\":true,\"valueName\":\"search_term_string\"}}],\"inLanguage\":\"es-ES\"}]}<\/script>\n<!-- \/ Yoast SEO plugin. -->","yoast_head_json":{"title":"PLAN DE SOSTENIBILIDAD 2020 PETRONOR","description":"El Plan de Sostenibilidad 2020 del Complejo Industrial de Petronor recoge las acciones que realiza la refiner\u00eda en medio ambiente, seguridad y desarrollo local.","robots":{"index":"index","follow":"follow","max-snippet":"max-snippet:-1","max-image-preview":"max-image-preview:large","max-video-preview":"max-video-preview:-1"},"canonical":"https:\/\/petronor.eus\/es\/plan-de-sostenibilidad-2019-petronor\/","og_locale":"es_ES","og_type":"article","og_title":"PLAN DE SOSTENIBILIDAD 2020 PETRONOR","og_description":"El Plan de Sostenibilidad 2020 del Complejo Industrial de Petronor recoge las acciones que realiza la refiner\u00eda en medio ambiente, seguridad y desarrollo local.","og_url":"https:\/\/petronor.eus\/es\/plan-de-sostenibilidad-2019-petronor\/","og_site_name":"Petronor","article_modified_time":"2023-04-21T12:02:42+00:00","og_image":[{"url":"https:\/\/petronor.eus\/wp-content\/uploads\/2015\/07\/PLAN-DE-SOSTENIBILIDAD-2015-PETRONOR.jpg","type":"","width":"","height":""}],"twitter_misc":{"Est. reading time":"2 minutes"},"schema":{"@context":"https:\/\/schema.org","@graph":[{"@type":"WebPage","@id":"https:\/\/petronor.eus\/es\/plan-de-sostenibilidad-2019-petronor\/","url":"https:\/\/petronor.eus\/es\/plan-de-sostenibilidad-2019-petronor\/","name":"PLAN DE SOSTENIBILIDAD 2020 PETRONOR","isPartOf":{"@id":"https:\/\/petronor.eus\/es\/#website"},"primaryImageOfPage":{"@id":"https:\/\/petronor.eus\/es\/plan-de-sostenibilidad-2019-petronor\/#primaryimage"},"image":{"@id":"https:\/\/petronor.eus\/es\/plan-de-sostenibilidad-2019-petronor\/#primaryimage"},"thumbnailUrl":"https:\/\/petronor.eus\/wp-content\/uploads\/2015\/07\/PLAN-DE-SOSTENIBILIDAD-2015-PETRONOR.jpg","datePublished":"2015-07-21T09:25:01+00:00","dateModified":"2023-04-21T12:02:42+00:00","description":"El Plan de Sostenibilidad 2020 del Complejo Industrial de Petronor recoge las acciones que realiza la refiner\u00eda en medio ambiente, seguridad y desarrollo local.","breadcrumb":{"@id":"https:\/\/petronor.eus\/es\/plan-de-sostenibilidad-2019-petronor\/#breadcrumb"},"inLanguage":"es-ES","potentialAction":[{"@type":"ReadAction","target":["https:\/\/petronor.eus\/es\/plan-de-sostenibilidad-2019-petronor\/"]}]},{"@type":"ImageObject","inLanguage":"es-ES","@id":"https:\/\/petronor.eus\/es\/plan-de-sostenibilidad-2019-petronor\/#primaryimage","url":"https:\/\/petronor.eus\/wp-content\/uploads\/2015\/07\/PLAN-DE-SOSTENIBILIDAD-2015-PETRONOR.jpg","contentUrl":"https:\/\/petronor.eus\/wp-content\/uploads\/2015\/07\/PLAN-DE-SOSTENIBILIDAD-2015-PETRONOR.jpg"},{"@type":"BreadcrumbList","@id":"https:\/\/petronor.eus\/es\/plan-de-sostenibilidad-2019-petronor\/#breadcrumb","itemListElement":[{"@type":"ListItem","position":1,"name":"Home","item":"https:\/\/petronor.eus\/es\/"},{"@type":"ListItem","position":2,"name":"PLAN DE SOSTENIBILIDAD 2022 PETRONOR"}]},{"@type":"WebSite","@id":"https:\/\/petronor.eus\/es\/#website","url":"https:\/\/petronor.eus\/es\/","name":"Petronor","description":"","potentialAction":[{"@type":"SearchAction","target":{"@type":"EntryPoint","urlTemplate":"https:\/\/petronor.eus\/es\/?s={search_term_string}"},"query-input":{"@type":"PropertyValueSpecification","valueRequired":true,"valueName":"search_term_string"}}],"inLanguage":"es-ES"}]}},"_links":{"self":[{"href":"https:\/\/petronor.eus\/es\/wp-json\/wp\/v2\/pages\/26336","targetHints":{"allow":["GET"]}}],"collection":[{"href":"https:\/\/petronor.eus\/es\/wp-json\/wp\/v2\/pages"}],"about":[{"href":"https:\/\/petronor.eus\/es\/wp-json\/wp\/v2\/types\/page"}],"author":[{"embeddable":true,"href":"https:\/\/petronor.eus\/es\/wp-json\/wp\/v2\/users\/1"}],"replies":[{"embeddable":true,"href":"https:\/\/petronor.eus\/es\/wp-json\/wp\/v2\/comments?post=26336"}],"version-history":[{"count":103,"href":"https:\/\/petronor.eus\/es\/wp-json\/wp\/v2\/pages\/26336\/revisions"}],"predecessor-version":[{"id":73119,"href":"https:\/\/petronor.eus\/es\/wp-json\/wp\/v2\/pages\/26336\/revisions\/73119"}],"wp:attachment":[{"href":"https:\/\/petronor.eus\/es\/wp-json\/wp\/v2\/media?parent=26336"}],"curies":[{"name":"wp","href":"https:\/\/api.w.org\/{rel}","templated":true}]}}