{"id":27463,"date":"2015-09-28T10:46:12","date_gmt":"2015-09-28T08:46:12","guid":{"rendered":"https:\/\/petronor.eus\/?page_id=27463"},"modified":"2019-05-14T16:50:21","modified_gmt":"2019-05-14T14:50:21","slug":"programa-de-innovacion-abierta-inspire-petronor","status":"publish","type":"page","link":"https:\/\/petronor.eus\/es\/programa-de-innovacion-abierta-inspire-petronor\/","title":{"rendered":"PROGRAMA DE INNOVACI\u00d3N ABIERTA INSP\u00ceRE &#8211; PETRONOR"},"content":{"rendered":"<div class=\"row introBlock full-width-section primeraFila\">\r\n<div class=\"col-lg-6 col-md-6 col-sm-12 col-xs-12 col-md-push-6\"><img loading=\"lazy\" decoding=\"async\" class=\"img-responsive alignnone wp-image-2477 size-full\" style=\"width: 100%;\" src=\"https:\/\/petronor.eus\/wp-content\/uploads\/2019\/05\/inspire_es.jpg\" alt=\"Plan INSPIRE\" width=\"768\" height=\"434\" \/><\/div>\r\n<div class=\"col-lg-6 col-md-6 col-sm-12 col-xs-12 col-md-pull-6\"><div style=\"margin-bottom:30px ; height:1px; clear:both;\"><\/div>\r\n<h1 style=\"margin-top: 0;\">PROGRAMA DE INNOVACI\u00d3N ABIERTA INSP\u00ceRE\u00ae &#8211; PETRONOR<\/h1>\r\n<div style=\"margin-bottom:20px ; height:1px; clear:both;\"><\/div>\r\n<p class=\"font18\" style=\"font-size: 18px!important;\">El Programa de Innovaci\u00f3n Abierta INSP\u00ceRE\u00ae- Petronor, pretende buscar soluciones a los retos a los que se enfrenta Petronor como empresa sostenible. Para ello, buscamos la colaboraci\u00f3n con el sistema cient\u00edfico-tecnol\u00f3gico del Pa\u00eds Vasco.<\/p>\r\n\r\n<div class=\"separadorGris\"><\/div>\r\n<div style=\"margin-bottom:20px ; height:1px; clear:both;\"><\/div>\r\nEsta iniciativa se basa y cuenta con el soporte y apoyo del programa INSP\u00ceRE\u00ae promovido por la empresa Repsol, programa desarrollado con \u00e9xito en sus dos primeras convocatorias y que pretende buscar soluciones ambiciosas a los retos energ\u00e9ticos y de entorno a los que se enfrenta nuestra sociedad.\r\n<div class=\"rayaGris\"><\/div>\r\n<\/div>\r\n<\/div>\r\n\r\n<div class=\"row \">\r\n<div class=\"col-lg-6 col-md-6 col-sm-12 col-xs-12\"><div class=\"tablaHeader derechadoMovil\">\n<div class=\"celda celdaIzquierda\"><h3>PROYECTOS GANADORES 2015<\/h3><\/div>\n<div class=\"celda\"><div class=\"widgettitlewrapper\">&nbsp;<\/div><\/div>\n<\/div>Gaiker, Ikerlan y el Centro de F\u00edsica de materiales de la UPV-EHU han sido los ganadores de la convocatoria 2015. Los tres proyectos ganadores proponen mejoras de calado a los dos retos que se plantearon.\r\n<div class=\"titulo-reto\">reto 1<\/div>\r\n<p class=\"parrafoDestacado\"><span class=\"pseudoH3\">Mejora del Sistema de contenci\u00f3n del polvo de Coque<\/span>\r\nSe busca mejorar el sistema dise\u00f1ado por el licenciatario para impedir que una vaporizaci\u00f3n imprevista que pudiera producirse en la c\u00e1mara de coque de la Unidad de Reducci\u00f3n de Fueloil (URF), durante el proceso de corte, pueda proyectar polvo de coque al exterior de la refiner\u00eda.\r\n\r\n<iframe loading=\"lazy\" class=\"video\" src=\"https:\/\/www.youtube.com\/embed\/lRqFrmhEjrA?rel=0&amp;showinfo=0\" width=\"300\" height=\"150\" frameborder=\"0\" allowfullscreen=\"allowfullscreen\"><\/iframe>\r\n<strong class=\"tit\">Gaiker, en colaboraci\u00f3n con Bikar<\/strong>\r\nEl proyecto propone un sistema de juntas flexibles que impidan la salida del polvo de coque al exterior. El proyecto ContentFlex se llevar\u00e1 a cabo en tres etapas diferentes: en la primera se desarrollar\u00e1 el dise\u00f1o del sistema de contenci\u00f3n, en la segunda se construir\u00e1 dicho sistema y en la tercera se realizar\u00e1 su validaci\u00f3n en las condiciones reales que se dan durante el proceso de corte.\r\n\r\n<iframe loading=\"lazy\" class=\"video\" src=\"https:\/\/www.youtube.com\/embed\/ulyXab4INYY?rel=0&amp;showinfo=0\" width=\"300\" height=\"150\" frameborder=\"0\" allowfullscreen=\"allowfullscreen\"><\/iframe>\r\n<strong class=\"tit\">Ikerlan<\/strong>\r\nEl segundo proyecto elegido consiste en un cerramiento el\u00e1stico entre el eje que mueve la herramienta de corte y la c\u00e1mara de coque. El nuevo sistema dise\u00f1ado mejora la estanqueidad y elimina o reduce dr\u00e1sticamente el n\u00famero de fugas que se producen actualmente, lo cual contribuye a mejorar las condiciones ambientales del exterior de la refiner\u00eda.<\/p>\r\n\r\n<div class=\"titulo-reto\">reto 2<\/div>\r\n<p class=\"parrafoDestacado\"><span class=\"pseudoH3\">Prevenir y Minimizar la afecci\u00f3n en el entorno por olores<\/span>\r\nEl objetivo principal es minimizar el impacto de los olores (compuestos vol\u00e1tiles)provenientes de la refiner\u00eda en su entorno. Se propone el desarrollo de una tecnolog\u00eda que permita identificar y caracterizar los olores consecuencia de alg\u00fan proceso de la refiner\u00eda para ofrecer una alerta temprana de su procedencia que permita actuar en el punto de generaci\u00f3n y minimizar o eliminar dicho olor.\r\n\r\n<iframe loading=\"lazy\" class=\"video\" src=\"https:\/\/www.youtube.com\/embed\/rTCOa16Wyu0?rel=0&amp;showinfo=0\" width=\"300\" height=\"150\" frameborder=\"0\" allowfullscreen=\"allowfullscreen\"><\/iframe>\r\n<strong class=\"tit\">Proyecto Centinela<\/strong>\r\nEl proyecto seleccionado ha sido ideado por investigadores del Centro de F\u00edsica de Materiales (CFM), centro mixto de la Universidad del Pa\u00eds Vasco (UPV-EHU) y el Consejo Superior de Investigaciones Cient\u00edficas.\r\nLa soluci\u00f3n aportada consiste en desarrollar un sistema de detecci\u00f3n remota y alerta e un \u00e1rea extensa, el entorno de la refiner\u00eda, para localizar sustancias causantes de malos olores.<\/p>\r\n<!-- &#091;headerConFranja_DerechadoMovil texto=\"QUI\u00c9N PUEDE PARTICIPAR\"&#093;  Podr\u00e1n presentar propuestas de proyecto los agentes cient\u00edfico-tecnol\u00f3gicos de la <a title=\"Red Vasca de Ciencia, Tecnolog\u00eda e Innovaci\u00f3n\" href=\"http:\/\/www.innobasque.com\/home.aspx?tabid=199\" target=\"_blank\">Red Vasca de Ciencia, Tecnolog\u00eda e Innovaci\u00f3n<\/a> (RVCTI) o las personas f\u00edsicas mayores de edad, sin limitaci\u00f3n en cuanto a su nacionalidad, a t\u00edtulo individual o colectivo, que pertenezcan o est\u00e9n vinculadas de alguna forma a las Universidades presentes en el Pa\u00eds Vasco. -->\r\n\r\n<\/div>\r\n<!-- FIN PARTE IZQUIERDA -->\r\n<div class=\"col-lg-4 col-md-4 col-sm-12 col-xs-12 col-lg-offset-2 col-md-offset-2\"><div class=\"tablaHeader derechadoMovil\">\n<div class=\"celda celdaIzquierda\"><h3>M\u00c1S INFO<\/h3><\/div>\n<div class=\"celda\"><div class=\"widgettitlewrapper\">&nbsp;<\/div><\/div>\n<\/div>\r\n<div class=\"row unPDF\"><a href=\"https:\/\/petronor.eus\/es\/2016\/05\/gaiker-ikerlan-y-el-cfm-ganadores-del-programa-inspire\/\" target=\"_blank\"><div class=\"col-lg-10 col-md-10 col-sm-10 col-xs-10\">NOTICIA: Gaiker, Ikerlan y el CFM, ganadores del programa Insp\u00eere<\/div><div class=\"col-lg-2 col-md-2 col-sm-2 col-xs-2 iconoNota\">&nbsp;<\/div><\/a><\/div>\r\n<div class=\"row unPDF\"><a href=\"https:\/\/www.youtube.com\/watch?v=kZ-xzp_uA68\" data-rel=\"lightbox-video-0\" target=\"_blank\"><div class=\"col-lg-10 col-md-10 col-sm-10 col-xs-10\">V\u00cdDEO: Presentaci\u00f3n del primer balance y resultados de los retos INSP\u00ceRE de Petronor<\/div><div class=\"col-lg-2 col-md-2 col-sm-2 col-xs-2 iconoNota\">&nbsp;<\/div><\/a><\/div>Para consultas sobre este programa escribe a <a href=\"mailto:inspire.petronor@repsol.com\">inspire.petronor@repsol.com<\/a>\r\n\r\n<!-- CONTENIDO ANTERIORFecha de inicio de la convocatoria: 30 de septiembre de 2015.\r\nLas propuestas deben recibirse antes del 15 de noviembre de 2015.\r\n\r\n<div class=\"col-lg-4 col-md-4 col-sm-12 col-xs-12 col-lg-offset-2 col-md-offset-2\">&#091;headerConFranja_DerechadoMovil texto=\"INFORMAZIO OSAGARRIA\"&#093;\r\n&#091;pdfNota texto=\"Bases del Programa\" link=\"http:\/\/petronor2014.arista.es\/wp-content\/uploads\/2015\/08\/Bases_legales_Programa_Innovacion_abierta_INSPIRE_rev_ret_3_es.pdf\" title=\"Descargar\"&#093;  &#091;pdfNota texto=\"Convocatoria 2015 y fases\" link=\"http:\/\/petronor2014.arista.es\/wp-content\/uploads\/2015\/08\/PETRONOR_CONVOCATORIA_INSPIRE_2015_rev_ret_5_ES.pdf\" title=\"Descargar\"&#093;  <a href=\"http:\/\/www.inspire.petronor.eus\/\" target=\"_blank\" title=\"Ir a la plataforma\" class=\"enlacePlataforma\">Enviar propuestas<\/a>Para consultas sobre este programa escribe a <a href=\"mailto:inspire.petronor@repsol.com\">inspire.petronor@repsol.com<\/a>\r\n\r\n<\/div>\r\n\/ CONTENIDO ANTERIOR -->\r\n<div class=\"col-lg-4 col-md-4 col-sm-12 col-xs-12 col-lg-offset-2 col-md-offset-2\">\r\n<p style=\"margin-top: 30px;\"><a href=\"http:\/\/www.euskadi.eus\/gobierno-vasco\/departamento-desarrollo-economico-competitividad\/inicio\/\"><img decoding=\"async\" style=\"margin-right: 15px;\" src=\"https:\/\/petronor.eus\/wp-content\/uploads\/2019\/05\/gobierno-vasco-departamento-desarrollo-economico-competitividad.gif\" alt=\"Gobierno Vasco - Departamento Ecn\u00f3mico de desarrollo y competitividad\" \/><\/a>\r\n<img decoding=\"async\" src=\"https:\/\/petronor.eus\/wp-content\/uploads\/2019\/05\/petrono-negro.gif\" alt=\"Petronor\" \/><\/p>\r\n\r\n<\/div>\r\n\r\n<!-- FIN PARTE DERECHA -->\r\n<\/div>\r\n\r\n<!-- 4 BLOQUES FINAL - QUIEN PUEDE PARTICIPAR [margin size=\"20\"] [row]  [column lg=\"3\" md=\"3\" sm=\"6\" xs=\"12\" ] [div class=\"proyectoDestacadoArriba\"]<img loading=\"lazy\" decoding=\"async\" class=\"alignnone size-full wp-image-1137\" src=\"https:\/\/petronor.eus\/wp-content\/uploads\/2019\/05\/petrono-negro.gif\" alt=\"INSPIRE\" width=\"768\" height=\"768\" \/>[\/div] [div class=\"proyectoDestacadoAbajo\"]\r\n<div class=\"tituloProyectoDestacado\">\r\n<h3>NOVIEMBRE<\/h3>\r\n<h4>Presentaci\u00f3n de propuestas hasta el 15 de noviembre de 2015<\/h4>\r\n<\/div>\r\n[\/div] [\/column]  [column lg=\"3\" md=\"3\" sm=\"6\" xs=\"12\" ] [div class=\"proyectoDestacadoArriba\"]<img loading=\"lazy\" decoding=\"async\" class=\"alignnone size-full wp-image-1137\" src=\"http:\/\/petronor2014.arista.es\/wp-content\/uploads\/2015\/08\/destacado-inspire-2.jpg\" alt=\"INSPIRE\" width=\"768\" height=\"768\" \/>[\/div] [div class=\"proyectoDestacadoAbajo\"]\r\n<div class=\"tituloProyectoDestacado\">\r\n<h3>DICIEMBRE<\/h3>\r\n<h4>Selecci\u00f3n de un m\u00e1ximo de tres propuestas por cada uno de los retos hasta el 15 de diciembre de 2015<\/h4>\r\n<\/div>\r\n[\/div] [\/column]  [column lg=\"3\" md=\"3\" sm=\"6\" xs=\"12\" ] [div class=\"proyectoDestacadoArriba\"]<img loading=\"lazy\" decoding=\"async\" class=\"alignnone size-full wp-image-1137\" src=\"http:\/\/petronor2014.arista.es\/wp-content\/uploads\/2015\/08\/destacado-inspire-3.jpg\" alt=\"INSPIRE\" width=\"768\" height=\"768\" \/>[\/div] [div class=\"proyectoDestacadoAbajo\"]\r\n<div class=\"tituloProyectoDestacado\">\r\n<h3>ENERO<\/h3>\r\n<h4>Desarrollo de las propuestas seleccionadas y presentaci\u00f3n del proyecto definitivo hasta el 30 de enero de 2016<\/h4>\r\n<\/div>\r\n[\/div] [\/column]  [column lg=\"3\" md=\"3\" sm=\"6\" xs=\"12\" ] [div class=\"proyectoDestacadoArriba\"]<img loading=\"lazy\" decoding=\"async\" class=\"alignnone size-full wp-image-1137\" src=\"http:\/\/petronor2014.arista.es\/wp-content\/uploads\/2015\/08\/destacado-inspire-4.jpg\" alt=\"INSPIRE\" width=\"768\" height=\"768\" \/>[\/div] [div class=\"proyectoDestacadoAbajo\"]\r\n<div class=\"tituloProyectoDestacado\">\r\n<h3>FEBRERO<\/h3>\r\n<h4>Evaluaci\u00f3n y selecci\u00f3n de proyectos por el comit\u00e9 de evaluadores expertos decisi\u00f3n final el 28 de febrero de 2016<\/h4>\r\n<\/div>\r\n[\/div] [\/column]  [\/row] -- \/ 4 BLOQUES FINAL - QUIEN PUEDE PARTICIPAR -->\r\n\r\n<div style=\"margin-bottom:30px ; height:1px; clear:both;\"><\/div>\r\n<div class=\"row \">\r\n<div class=\"col-lg-5 col-md-5 col-xs-4 col-sm-4\">\r\n<div class=\"separadorGris100\"><\/div>\r\n<\/div>\r\n<div class=\"col-lg-2 col-md-2 col-xs-4 col-sm-4\">\r\n<div style=\"margin-bottom:10px ; height:1px; clear:both;\"><\/div>\r\n<div class=\"botonVolverTexto\"><a href=\"\/es\/sobre-petronor\/proyectos\/\">VOLVER<\/a><\/div>\r\n<\/div>\r\n<div class=\"col-lg-5 col-md-5 col-xs-4 col-sm-4\">\r\n<div class=\"separadorGris100\"><\/div>\r\n<\/div>\r\n<\/div>\r\n\r\n<\/div>","protected":false},"excerpt":{"rendered":"","protected":false},"author":3,"featured_media":0,"parent":0,"menu_order":0,"comment_status":"open","ping_status":"open","template":"","meta":{"footnotes":""},"class_list":["post-27463","page","type-page","status-publish","hentry"],"yoast_head":"<!-- This site is optimized with the Yoast SEO plugin v24.7 - https:\/\/yoast.com\/wordpress\/plugins\/seo\/ -->\n<title>PROGRAMA DE INNOVACI\u00d3N ABIERTA INSP\u00ceRE - PETRONOR - Petronor<\/title>\n<meta name=\"description\" content=\"El Programa de Innovaci\u00f3n Abierta INSP\u00ceRE\u00ae busca soluciones a los retos a los que se enfrenta Petronor como empresa sostenible. M\u00e1s infromaci\u00f3n aqu\u00ed:\" \/>\n<meta name=\"robots\" content=\"index, follow, max-snippet:-1, max-image-preview:large, max-video-preview:-1\" \/>\n<link rel=\"canonical\" href=\"https:\/\/petronor.eus\/es\/programa-de-innovacion-abierta-inspire-petronor\/\" \/>\n<meta property=\"og:locale\" content=\"es_ES\" \/>\n<meta property=\"og:type\" content=\"article\" \/>\n<meta property=\"og:title\" content=\"PROGRAMA DE INNOVACI\u00d3N ABIERTA INSP\u00ceRE - PETRONOR - Petronor\" \/>\n<meta property=\"og:description\" content=\"El Programa de Innovaci\u00f3n Abierta INSP\u00ceRE\u00ae busca soluciones a los retos a los que se enfrenta Petronor como empresa sostenible. M\u00e1s infromaci\u00f3n aqu\u00ed:\" \/>\n<meta property=\"og:url\" content=\"https:\/\/petronor.eus\/es\/programa-de-innovacion-abierta-inspire-petronor\/\" \/>\n<meta property=\"og:site_name\" content=\"Petronor\" \/>\n<meta property=\"article:modified_time\" content=\"2019-05-14T14:50:21+00:00\" \/>\n<meta property=\"og:image\" content=\"https:\/\/petronor.eus\/wp-content\/uploads\/2019\/05\/inspire_es.jpg\" \/>\n<meta name=\"twitter:label1\" content=\"Est. reading time\" \/>\n\t<meta name=\"twitter:data1\" content=\"3 minutes\" \/>\n<script type=\"application\/ld+json\" class=\"yoast-schema-graph\">{\"@context\":\"https:\/\/schema.org\",\"@graph\":[{\"@type\":\"WebPage\",\"@id\":\"https:\/\/petronor.eus\/es\/programa-de-innovacion-abierta-inspire-petronor\/\",\"url\":\"https:\/\/petronor.eus\/es\/programa-de-innovacion-abierta-inspire-petronor\/\",\"name\":\"PROGRAMA DE INNOVACI\u00d3N ABIERTA INSP\u00ceRE - PETRONOR - Petronor\",\"isPartOf\":{\"@id\":\"https:\/\/petronor.eus\/es\/#website\"},\"primaryImageOfPage\":{\"@id\":\"https:\/\/petronor.eus\/es\/programa-de-innovacion-abierta-inspire-petronor\/#primaryimage\"},\"image\":{\"@id\":\"https:\/\/petronor.eus\/es\/programa-de-innovacion-abierta-inspire-petronor\/#primaryimage\"},\"thumbnailUrl\":\"https:\/\/petronor.eus\/wp-content\/uploads\/2019\/05\/inspire_es.jpg\",\"datePublished\":\"2015-09-28T08:46:12+00:00\",\"dateModified\":\"2019-05-14T14:50:21+00:00\",\"description\":\"El Programa de Innovaci\u00f3n Abierta INSP\u00ceRE\u00ae busca soluciones a los retos a los que se enfrenta Petronor como empresa sostenible. M\u00e1s infromaci\u00f3n aqu\u00ed:\",\"breadcrumb\":{\"@id\":\"https:\/\/petronor.eus\/es\/programa-de-innovacion-abierta-inspire-petronor\/#breadcrumb\"},\"inLanguage\":\"es-ES\",\"potentialAction\":[{\"@type\":\"ReadAction\",\"target\":[\"https:\/\/petronor.eus\/es\/programa-de-innovacion-abierta-inspire-petronor\/\"]}]},{\"@type\":\"ImageObject\",\"inLanguage\":\"es-ES\",\"@id\":\"https:\/\/petronor.eus\/es\/programa-de-innovacion-abierta-inspire-petronor\/#primaryimage\",\"url\":\"https:\/\/petronor.eus\/wp-content\/uploads\/2019\/05\/inspire_es.jpg\",\"contentUrl\":\"https:\/\/petronor.eus\/wp-content\/uploads\/2019\/05\/inspire_es.jpg\"},{\"@type\":\"BreadcrumbList\",\"@id\":\"https:\/\/petronor.eus\/es\/programa-de-innovacion-abierta-inspire-petronor\/#breadcrumb\",\"itemListElement\":[{\"@type\":\"ListItem\",\"position\":1,\"name\":\"Home\",\"item\":\"https:\/\/petronor.eus\/es\/\"},{\"@type\":\"ListItem\",\"position\":2,\"name\":\"PROGRAMA DE INNOVACI\u00d3N ABIERTA INSP\u00ceRE &#8211; PETRONOR\"}]},{\"@type\":\"WebSite\",\"@id\":\"https:\/\/petronor.eus\/es\/#website\",\"url\":\"https:\/\/petronor.eus\/es\/\",\"name\":\"Petronor\",\"description\":\"\",\"potentialAction\":[{\"@type\":\"SearchAction\",\"target\":{\"@type\":\"EntryPoint\",\"urlTemplate\":\"https:\/\/petronor.eus\/es\/?s={search_term_string}\"},\"query-input\":{\"@type\":\"PropertyValueSpecification\",\"valueRequired\":true,\"valueName\":\"search_term_string\"}}],\"inLanguage\":\"es-ES\"}]}<\/script>\n<!-- \/ Yoast SEO plugin. -->","yoast_head_json":{"title":"PROGRAMA DE INNOVACI\u00d3N ABIERTA INSP\u00ceRE - PETRONOR - Petronor","description":"El Programa de Innovaci\u00f3n Abierta INSP\u00ceRE\u00ae busca soluciones a los retos a los que se enfrenta Petronor como empresa sostenible. M\u00e1s infromaci\u00f3n aqu\u00ed:","robots":{"index":"index","follow":"follow","max-snippet":"max-snippet:-1","max-image-preview":"max-image-preview:large","max-video-preview":"max-video-preview:-1"},"canonical":"https:\/\/petronor.eus\/es\/programa-de-innovacion-abierta-inspire-petronor\/","og_locale":"es_ES","og_type":"article","og_title":"PROGRAMA DE INNOVACI\u00d3N ABIERTA INSP\u00ceRE - PETRONOR - Petronor","og_description":"El Programa de Innovaci\u00f3n Abierta INSP\u00ceRE\u00ae busca soluciones a los retos a los que se enfrenta Petronor como empresa sostenible. M\u00e1s infromaci\u00f3n aqu\u00ed:","og_url":"https:\/\/petronor.eus\/es\/programa-de-innovacion-abierta-inspire-petronor\/","og_site_name":"Petronor","article_modified_time":"2019-05-14T14:50:21+00:00","og_image":[{"url":"https:\/\/petronor.eus\/wp-content\/uploads\/2019\/05\/inspire_es.jpg","type":"","width":"","height":""}],"twitter_misc":{"Est. reading time":"3 minutes"},"schema":{"@context":"https:\/\/schema.org","@graph":[{"@type":"WebPage","@id":"https:\/\/petronor.eus\/es\/programa-de-innovacion-abierta-inspire-petronor\/","url":"https:\/\/petronor.eus\/es\/programa-de-innovacion-abierta-inspire-petronor\/","name":"PROGRAMA DE INNOVACI\u00d3N ABIERTA INSP\u00ceRE - PETRONOR - Petronor","isPartOf":{"@id":"https:\/\/petronor.eus\/es\/#website"},"primaryImageOfPage":{"@id":"https:\/\/petronor.eus\/es\/programa-de-innovacion-abierta-inspire-petronor\/#primaryimage"},"image":{"@id":"https:\/\/petronor.eus\/es\/programa-de-innovacion-abierta-inspire-petronor\/#primaryimage"},"thumbnailUrl":"https:\/\/petronor.eus\/wp-content\/uploads\/2019\/05\/inspire_es.jpg","datePublished":"2015-09-28T08:46:12+00:00","dateModified":"2019-05-14T14:50:21+00:00","description":"El Programa de Innovaci\u00f3n Abierta INSP\u00ceRE\u00ae busca soluciones a los retos a los que se enfrenta Petronor como empresa sostenible. M\u00e1s infromaci\u00f3n aqu\u00ed:","breadcrumb":{"@id":"https:\/\/petronor.eus\/es\/programa-de-innovacion-abierta-inspire-petronor\/#breadcrumb"},"inLanguage":"es-ES","potentialAction":[{"@type":"ReadAction","target":["https:\/\/petronor.eus\/es\/programa-de-innovacion-abierta-inspire-petronor\/"]}]},{"@type":"ImageObject","inLanguage":"es-ES","@id":"https:\/\/petronor.eus\/es\/programa-de-innovacion-abierta-inspire-petronor\/#primaryimage","url":"https:\/\/petronor.eus\/wp-content\/uploads\/2019\/05\/inspire_es.jpg","contentUrl":"https:\/\/petronor.eus\/wp-content\/uploads\/2019\/05\/inspire_es.jpg"},{"@type":"BreadcrumbList","@id":"https:\/\/petronor.eus\/es\/programa-de-innovacion-abierta-inspire-petronor\/#breadcrumb","itemListElement":[{"@type":"ListItem","position":1,"name":"Home","item":"https:\/\/petronor.eus\/es\/"},{"@type":"ListItem","position":2,"name":"PROGRAMA DE INNOVACI\u00d3N ABIERTA INSP\u00ceRE &#8211; PETRONOR"}]},{"@type":"WebSite","@id":"https:\/\/petronor.eus\/es\/#website","url":"https:\/\/petronor.eus\/es\/","name":"Petronor","description":"","potentialAction":[{"@type":"SearchAction","target":{"@type":"EntryPoint","urlTemplate":"https:\/\/petronor.eus\/es\/?s={search_term_string}"},"query-input":{"@type":"PropertyValueSpecification","valueRequired":true,"valueName":"search_term_string"}}],"inLanguage":"es-ES"}]}},"_links":{"self":[{"href":"https:\/\/petronor.eus\/es\/wp-json\/wp\/v2\/pages\/27463","targetHints":{"allow":["GET"]}}],"collection":[{"href":"https:\/\/petronor.eus\/es\/wp-json\/wp\/v2\/pages"}],"about":[{"href":"https:\/\/petronor.eus\/es\/wp-json\/wp\/v2\/types\/page"}],"author":[{"embeddable":true,"href":"https:\/\/petronor.eus\/es\/wp-json\/wp\/v2\/users\/3"}],"replies":[{"embeddable":true,"href":"https:\/\/petronor.eus\/es\/wp-json\/wp\/v2\/comments?post=27463"}],"version-history":[{"count":16,"href":"https:\/\/petronor.eus\/es\/wp-json\/wp\/v2\/pages\/27463\/revisions"}],"predecessor-version":[{"id":48782,"href":"https:\/\/petronor.eus\/es\/wp-json\/wp\/v2\/pages\/27463\/revisions\/48782"}],"wp:attachment":[{"href":"https:\/\/petronor.eus\/es\/wp-json\/wp\/v2\/media?parent=27463"}],"curies":[{"name":"wp","href":"https:\/\/api.w.org\/{rel}","templated":true}]}}