{"id":2788,"date":"2015-02-13T14:51:35","date_gmt":"2015-02-13T14:51:35","guid":{"rendered":"https:\/\/petronor.eus\/?page_id=2788"},"modified":"2017-07-10T10:16:24","modified_gmt":"2017-07-10T08:16:24","slug":"materiales-para-la-vida","status":"publish","type":"page","link":"https:\/\/petronor.eus\/es\/infografias\/materiales-para-la-vida\/","title":{"rendered":"Materiales para la vida"},"content":{"rendered":"<div class=\"col-lg-10 col-md-10 col-xs-10 col-sm-10\" style=\"margin-bottom: 30px;\">\r\n<h2>MATERIALES PARA LA VIDA<\/h2>\r\n<div class=\"separadorGris\"><\/div>\r\n<h4 style=\"color: black;\">Esta infograf\u00eda presenta la relaci\u00f3n directa entre los productos obtenidos en la Refiner\u00eda y los que, tras un tratamiento previo, se encuentran en la vida diaria. Desde los m\u00e1s evidentes, como la gasolina o el pl\u00e1stico, hasta el azufre cumplen su funci\u00f3n en la mejora del d\u00eda a d\u00eda.<\/h4>\r\n<\/div>","protected":false},"excerpt":{"rendered":"MATERIALES PARA LA VIDA Esta infograf\u00eda presenta la relaci\u00f3n directa entre los productos obtenidos en la Refiner\u00eda y los que, tras un tratamiento previo, se encuentran en la vida diaria. Desde los m\u00e1s evidentes, como la gasolina o el pl\u00e1stico, hasta el azufre cumplen su funci\u00f3n en la mejora del d\u00eda a d\u00eda.","protected":false},"author":2,"featured_media":0,"parent":2452,"menu_order":7,"comment_status":"open","ping_status":"closed","template":"template-infografia4.php","meta":{"footnotes":""},"class_list":["post-2788","page","type-page","status-publish","hentry"],"yoast_head":"<!-- This site is optimized with the Yoast SEO plugin v24.7 - https:\/\/yoast.com\/wordpress\/plugins\/seo\/ -->\n<title>Materiales para la vida<\/title>\n<meta name=\"description\" content=\"Conoce los materiales para la vida diaria que provienen de los productos obtenidos en la Refiner\u00eda: gasolina, pl\u00e1sticos, cosm\u00e9ticos, tejidos...\" \/>\n<meta name=\"robots\" content=\"index, follow, max-snippet:-1, max-image-preview:large, max-video-preview:-1\" \/>\n<link rel=\"canonical\" href=\"https:\/\/petronor.eus\/es\/infografias\/materiales-para-la-vida\/\" \/>\n<meta property=\"og:locale\" content=\"es_ES\" \/>\n<meta property=\"og:type\" content=\"article\" \/>\n<meta property=\"og:title\" content=\"Materiales para la vida\" \/>\n<meta property=\"og:description\" content=\"Conoce los materiales para la vida diaria que provienen de los productos obtenidos en la Refiner\u00eda: gasolina, pl\u00e1sticos, cosm\u00e9ticos, tejidos...\" \/>\n<meta property=\"og:url\" content=\"https:\/\/petronor.eus\/es\/infografias\/materiales-para-la-vida\/\" \/>\n<meta property=\"og:site_name\" content=\"Petronor\" \/>\n<meta property=\"article:modified_time\" content=\"2017-07-10T08:16:24+00:00\" \/>\n<script type=\"application\/ld+json\" class=\"yoast-schema-graph\">{\"@context\":\"https:\/\/schema.org\",\"@graph\":[{\"@type\":\"WebPage\",\"@id\":\"https:\/\/petronor.eus\/es\/infografias\/materiales-para-la-vida\/\",\"url\":\"https:\/\/petronor.eus\/es\/infografias\/materiales-para-la-vida\/\",\"name\":\"Materiales para la vida\",\"isPartOf\":{\"@id\":\"https:\/\/petronor.eus\/es\/#website\"},\"datePublished\":\"2015-02-13T14:51:35+00:00\",\"dateModified\":\"2017-07-10T08:16:24+00:00\",\"description\":\"Conoce los materiales para la vida diaria que provienen de los productos obtenidos en la Refiner\u00eda: gasolina, pl\u00e1sticos, cosm\u00e9ticos, tejidos...\",\"breadcrumb\":{\"@id\":\"https:\/\/petronor.eus\/es\/infografias\/materiales-para-la-vida\/#breadcrumb\"},\"inLanguage\":\"es-ES\",\"potentialAction\":[{\"@type\":\"ReadAction\",\"target\":[\"https:\/\/petronor.eus\/es\/infografias\/materiales-para-la-vida\/\"]}]},{\"@type\":\"BreadcrumbList\",\"@id\":\"https:\/\/petronor.eus\/es\/infografias\/materiales-para-la-vida\/#breadcrumb\",\"itemListElement\":[{\"@type\":\"ListItem\",\"position\":1,\"name\":\"Home\",\"item\":\"https:\/\/petronor.eus\/es\/\"},{\"@type\":\"ListItem\",\"position\":2,\"name\":\"INFOGRAF\u00cdAS\",\"item\":\"https:\/\/petronor.eus\/es\/infografias\/\"},{\"@type\":\"ListItem\",\"position\":3,\"name\":\"Materiales para la vida\"}]},{\"@type\":\"WebSite\",\"@id\":\"https:\/\/petronor.eus\/es\/#website\",\"url\":\"https:\/\/petronor.eus\/es\/\",\"name\":\"Petronor\",\"description\":\"\",\"potentialAction\":[{\"@type\":\"SearchAction\",\"target\":{\"@type\":\"EntryPoint\",\"urlTemplate\":\"https:\/\/petronor.eus\/es\/?s={search_term_string}\"},\"query-input\":{\"@type\":\"PropertyValueSpecification\",\"valueRequired\":true,\"valueName\":\"search_term_string\"}}],\"inLanguage\":\"es-ES\"}]}<\/script>\n<!-- \/ Yoast SEO plugin. -->","yoast_head_json":{"title":"Materiales para la vida","description":"Conoce los materiales para la vida diaria que provienen de los productos obtenidos en la Refiner\u00eda: gasolina, pl\u00e1sticos, cosm\u00e9ticos, tejidos...","robots":{"index":"index","follow":"follow","max-snippet":"max-snippet:-1","max-image-preview":"max-image-preview:large","max-video-preview":"max-video-preview:-1"},"canonical":"https:\/\/petronor.eus\/es\/infografias\/materiales-para-la-vida\/","og_locale":"es_ES","og_type":"article","og_title":"Materiales para la vida","og_description":"Conoce los materiales para la vida diaria que provienen de los productos obtenidos en la Refiner\u00eda: gasolina, pl\u00e1sticos, cosm\u00e9ticos, tejidos...","og_url":"https:\/\/petronor.eus\/es\/infografias\/materiales-para-la-vida\/","og_site_name":"Petronor","article_modified_time":"2017-07-10T08:16:24+00:00","schema":{"@context":"https:\/\/schema.org","@graph":[{"@type":"WebPage","@id":"https:\/\/petronor.eus\/es\/infografias\/materiales-para-la-vida\/","url":"https:\/\/petronor.eus\/es\/infografias\/materiales-para-la-vida\/","name":"Materiales para la vida","isPartOf":{"@id":"https:\/\/petronor.eus\/es\/#website"},"datePublished":"2015-02-13T14:51:35+00:00","dateModified":"2017-07-10T08:16:24+00:00","description":"Conoce los materiales para la vida diaria que provienen de los productos obtenidos en la Refiner\u00eda: gasolina, pl\u00e1sticos, cosm\u00e9ticos, tejidos...","breadcrumb":{"@id":"https:\/\/petronor.eus\/es\/infografias\/materiales-para-la-vida\/#breadcrumb"},"inLanguage":"es-ES","potentialAction":[{"@type":"ReadAction","target":["https:\/\/petronor.eus\/es\/infografias\/materiales-para-la-vida\/"]}]},{"@type":"BreadcrumbList","@id":"https:\/\/petronor.eus\/es\/infografias\/materiales-para-la-vida\/#breadcrumb","itemListElement":[{"@type":"ListItem","position":1,"name":"Home","item":"https:\/\/petronor.eus\/es\/"},{"@type":"ListItem","position":2,"name":"INFOGRAF\u00cdAS","item":"https:\/\/petronor.eus\/es\/infografias\/"},{"@type":"ListItem","position":3,"name":"Materiales para la vida"}]},{"@type":"WebSite","@id":"https:\/\/petronor.eus\/es\/#website","url":"https:\/\/petronor.eus\/es\/","name":"Petronor","description":"","potentialAction":[{"@type":"SearchAction","target":{"@type":"EntryPoint","urlTemplate":"https:\/\/petronor.eus\/es\/?s={search_term_string}"},"query-input":{"@type":"PropertyValueSpecification","valueRequired":true,"valueName":"search_term_string"}}],"inLanguage":"es-ES"}]}},"_links":{"self":[{"href":"https:\/\/petronor.eus\/es\/wp-json\/wp\/v2\/pages\/2788","targetHints":{"allow":["GET"]}}],"collection":[{"href":"https:\/\/petronor.eus\/es\/wp-json\/wp\/v2\/pages"}],"about":[{"href":"https:\/\/petronor.eus\/es\/wp-json\/wp\/v2\/types\/page"}],"author":[{"embeddable":true,"href":"https:\/\/petronor.eus\/es\/wp-json\/wp\/v2\/users\/2"}],"replies":[{"embeddable":true,"href":"https:\/\/petronor.eus\/es\/wp-json\/wp\/v2\/comments?post=2788"}],"version-history":[{"count":11,"href":"https:\/\/petronor.eus\/es\/wp-json\/wp\/v2\/pages\/2788\/revisions"}],"predecessor-version":[{"id":7887,"href":"https:\/\/petronor.eus\/es\/wp-json\/wp\/v2\/pages\/2788\/revisions\/7887"}],"up":[{"embeddable":true,"href":"https:\/\/petronor.eus\/es\/wp-json\/wp\/v2\/pages\/2452"}],"wp:attachment":[{"href":"https:\/\/petronor.eus\/es\/wp-json\/wp\/v2\/media?parent=2788"}],"curies":[{"name":"wp","href":"https:\/\/api.w.org\/{rel}","templated":true}]}}