{"id":2842,"date":"2015-02-20T10:29:08","date_gmt":"2015-02-20T10:29:08","guid":{"rendered":"https:\/\/petronor.eus\/?page_id=2842"},"modified":"2025-01-27T10:23:51","modified_gmt":"2025-01-27T09:23:51","slug":"mapa-web","status":"publish","type":"page","link":"https:\/\/petronor.eus\/es\/mapa-web\/","title":{"rendered":"Mapa web"},"content":{"rendered":"<div class=\"col-lg-2 col-md-2 col-sm-2 col-xs-12 columna-mapa\">\n<ul class=\"lista-mapa\">\n \t<li class=\"page_item page-item-2 page_item_has_children\">SOBRE PETRONOR\n<ul class=\"children\">\n \t<li class=\"page_item page-item-18 mayusculas\"><a href=\"\/es\/quienes-somos\/\">QUIENES SOMOS<\/a><\/li>\n \t<li class=\"page_item page-item-20 mayusculas\"><a href=\"\/es\/historia\/\">HISTORIA<\/a><\/li>\n \t<li class=\"page_item page-item-22 mayusculas\"><a href=\"\/es\/petronor-en-cifras\/\">PETRONOR EN CIFRAS<\/a><\/li>\n \t<li class=\"page_item page-item-24 mayusculas\"><a href=\"\/es\/publicacion_municipio\/memorias\/\">MEMORIA ANUAL<\/a>\n<\/li>\n<\/ul>\n<\/li>\n<\/ul>\n<\/div>\n<!--FIN COLUMNA 1-->\n<div class=\"col-lg-2 col-md-2 col-sm-2 col-xs-12 columna-mapa\">\n<ul class=\"lista-mapa\">\n \t<li class=\"page_item page-item-6 page_item_has_children\">HACIA UNA REFINER\u00cdA DESCARBONIZADA\n<ul class=\"children\">\n \t<li class=\"page_item page-item-32\"><a href=\"\/es\/hacia-una-refineria-descarbonizada\/\">HACIA UNA REFINER\u00cdA DESCARBONIZADA<\/a>\n\n \t<li class=\"page_item page-item-83\"><a href=\"\/es\/hacia-una-refineria-descarbonizada\/hoja-de-ruta-hacia-una-refineria-descarbonizada\/\">HOJA DE RUTA DE LA DESCARBONIZACI\u00d3N<\/a><\/li>\n \t<li class=\"page_item page-item-85\"><a href=\"\/es\/hacia-una-refineria-descarbonizada\/hoja-de-ruta-hacia-una-refineria-descarbonizada\/eficiencia\/\">EFICIENCIA<\/a><\/li>\n \t<li class=\"page_item page-item-87\"><a href=\"\/es\/hacia-una-refineria-descarbonizada\/hoja-de-ruta-hacia-una-refineria-descarbonizada\/modificacion-de-las-unidades-actuales\/\">MODIFICACI\u00d3N DE LAS UNIDADES ACTUALES<\/a><\/li>\n \t<li class=\"page_item page-item-2452\"><a href=\"\/es\/hacia-una-refineria-descarbonizada\/hoja-de-ruta-hacia-una-refineria-descarbonizada\/desarrollo-de-nuevas-unidades\/\">NUEVOS PROYECTOS INDUSTRIALES<\/a>\n\n<\/li>\n<\/ul>\n<\/li>\n<\/ul>\n<\/div>\n<!--FIN COLUMNA 2-->\n<div class=\"col-lg-2 col-md-2 col-sm-2 col-xs-12 columna-mapa\">\n<ul class=\"lista-mapa\" style=\"margin-bottom: 50px;\">\n \t<li class=\"page_item page-item-8 page_item_has_children\">INSTALACIONES\n<ul class=\"children\">\n \t<li class=\"page_item page-item-42\"><a href=\"\/es\/instalaciones\/\">INSTALACIONES<\/a>\n\n \t<li class=\"page_item page-item-113\"><a href=\"\/es\/instalaciones\/petronor-en-el-puerto-de-bilbao\/\">PETRONOR EN EL PUERTO DE BILBAO<\/a><\/li>\n \t<li class=\"page_item page-item-115\"><a href=\"\/es\/instalaciones\/productos\/\">PRODUCTOS<\/a><\/li>\n\t <li class=\"page_item page-item-115\"><a href=\"\/es\/infografias\/asi-funciona-la-refineria\/\">AS\u00cd FUNCIONA LA REFINER\u00cdA<\/a><\/li>\n\t <li class=\"page_item page-item-115\"><a href=\"\/es\/instalaciones\/preguntas-frecuentes\/\">PREGUNTAS FRECUENTES<\/a><\/li>\n\n<\/li>\n<\/ul>\n<\/li>\n<\/ul>\n\n<ul class=\"lista-mapa\" style=\"margin-bottom: 50px;\">\n\t<li class=\"page_item page-item-8 page_item_has_children\">NOTICIAS\n<ul class=\"children\">\n\t<li class=\"page_item page-item-42\"><a href=\"\/es\/noticias\/\">NOTICIAS<\/a>\n\n\t<li class=\"page_item page-item-113\"><a href=\"\/es\/category\/notas-de-prensa\/\">NOTAS DE PRENSA<\/a><\/li>\n\n<\/li>\n<\/ul>\n<\/li>\n<\/ul>\n\n<\/div>\n<!--FIN COLUMNA 3-->\n<div class=\"col-lg-2 col-md-2 col-sm-2 col-xs-12 columna-mapa\">\n\t<ul class=\"lista-mapa\">\n\t\t<li class=\"page_item page-item-10 page_item_has_children\">SOSTENIBILIDAD\n   <ul class=\"children\">\n\t\t<li><a href=\"\/es\/nuestra-vision-de-la-sostenibilidad\/\">NUESTRA VISI\u00d3N DE LA SOSTENIBILIDAD<\/a><\/li>\n\t\t<li><a href=\"\/es\/nuestra-vision-de-la-sostenibilidad\/compromiso-con-el-medio-ambiente\/\">MEDIO AMBIENTE<\/a><\/li>\n\t\t<li><a href=\"\/es\/nuestra-vision-de-la-sostenibilidad\/compromiso-con-la-seguridad\/\">OPERACI\u00d3N SEGURA<\/a><\/li>\n\t\t<li><a href=\"\/es\/nuestra-vision-de-la-sostenibilidad\/empleo\/\">EMPLEO<\/a><\/li>\n\t\t<li><a href=\"\/es\/nuestra-vision-de-la-sostenibilidad\/innovacion-y-tecnologia\/\">INNOVACI\u00d3N Y TECNOLOG\u00cdA<\/a><\/li>\n\t\t<li><a href=\"\/es\/nuestra-vision-de-la-sostenibilidad\/desarrollo-del-territorio\/\">DESARROLLO DEL TERRITORIO<\/a><\/li>\n\t\t<li><a href=\"\/es\/publicacion_municipio\/informe-de-cierre-sostenibilidad\/\">PLANES DE SOSTENIBILIDAD<\/a><\/li>\n   <\/ul>\n   <\/li>\n   <\/ul>\n\n<\/div>\n<!--FIN COLUMNA 4-->\n<div class=\"col-lg-2 col-md-2 col-sm-2 col-xs-12 columna-mapa\">\n\t<ul class=\"lista-mapa\">\n\t\t<li class=\"page_item page-item-10 page_item_has_children\">MULTIMEDIA\n   <ul class=\"children\">\n\t\t<li class=\"page_item page-item-50 page_item_has_children triangulo-marcador\" style=\"color: #01247E;\">FOTOS\n   <ul class=\"children listaFlechada\">\n\t\t<li class=\"page_item page-item-806\"><a href=\"\/es\/categoria_multimedia\/refineria\/\">Refiner\u00eda<\/a><\/li>\n\t\t<li class=\"page_item page-item-808\"><a href=\"\/es\/categoria_multimedia\/castillo-munatones\/\">Castillo de Mu\u00f1atones<\/a><\/li>\n   <\/ul>\n   <\/li>\n   <li class=\"page_item page-item-50 page_item_has_children triangulo-marcador\" style=\"color: #01247E;\">VIDEOS\n\t   <ul class=\"children listaFlechada\">\n\t\t\t<li class=\"page_item page-item-806\"><a href=\"\/es\/categoria_multimedia\/destacados\/\">Destacados<\/a><\/li>\n\t\t\t<li class=\"page_item page-item-808\"><a href=\"\/es\/categoria_multimedia\/cronologicos\/\">Cronol\u00f3gicos<\/a><\/li>\n\t   <\/ul>\n\t   <\/li>\n\t\t<li class=\"page_item page-item-52\"><a href=\"\/es\/infografias\/\">INFOGRAF\u00cdAS<\/a><\/li>\n\t\t<li class=\"page_item page-item-54\"><a href=\"\/es\/categoria_multimedia\/identidad-grafica\/\">IDENTIDAD GR\u00c1FICA<\/a><\/li>\n   <\/ul>\n   <\/li>\n   <\/ul>\n<ul class=\"lista-mapa\">\n \t<li class=\"page_item page-item-10 page_item_has_children\">CONTACTO\n<ul class=\"children\">\n \t<li class=\"page_item page-item-54\"><a href=\"\/es\/contacto\/\">CONTACTO Y LOCALIZACI\u00d3N<\/a><\/li>\n\t <li class=\"page_item page-item-54\"><a href=\"\/es\/contacto\/#trabajaconnosotros\">TRABAJA CON NOSOTROS<\/a><\/li>\n<\/ul>\n<\/li>\n<\/ul>\n<\/div>\n<!--FIN COLUMNA 5-->","protected":false},"excerpt":{"rendered":"SOBRE PETRONOR QUIENES SOMOS HISTORIA PETRONOR EN CIFRAS MEMORIA ANUAL HACIA UNA REFINER\u00cdA DESCARBONIZADA HACIA UNA REFINER\u00cdA DESCARBONIZADA HOJA DE RUTA DE LA DESCARBONIZACI\u00d3N EFICIENCIA MODIFICACI\u00d3N DE LAS UNIDADES ACTUALES NUEVOS PROYECTOS INDUSTRIALES INSTALACIONES INSTALACIONES PETRONOR EN EL PUERTO DE BILBAO PRODUCTOS AS\u00cd FUNCIONA LA REFINER\u00cdA PREGUNTAS FRECUENTES NOTICIAS NOTICIAS NOTAS DE PRENSA SOSTENIBILIDAD NUESTRA","protected":false},"author":1,"featured_media":0,"parent":0,"menu_order":0,"comment_status":"open","ping_status":"open","template":"","meta":{"footnotes":""},"class_list":["post-2842","page","type-page","status-publish","hentry"],"yoast_head":"<!-- This site is optimized with the Yoast SEO plugin v24.7 - https:\/\/yoast.com\/wordpress\/plugins\/seo\/ -->\n<title>Mapa web<\/title>\n<meta name=\"description\" content=\"Mapa de la web de Petronor, en el que se puede ver la estructura de contenidos completa del sitio: SOBRE PETRONOR, REFINER\u00cdA, PATROCINIO, NUESTRO ENTORNO...\" \/>\n<meta name=\"robots\" content=\"index, follow, max-snippet:-1, max-image-preview:large, max-video-preview:-1\" \/>\n<link rel=\"canonical\" href=\"https:\/\/petronor.eus\/es\/mapa-web\/\" \/>\n<meta property=\"og:locale\" content=\"es_ES\" \/>\n<meta property=\"og:type\" content=\"article\" \/>\n<meta property=\"og:title\" content=\"Mapa web\" \/>\n<meta property=\"og:description\" content=\"Mapa de la web de Petronor, en el que se puede ver la estructura de contenidos completa del sitio: SOBRE PETRONOR, REFINER\u00cdA, PATROCINIO, NUESTRO ENTORNO...\" \/>\n<meta property=\"og:url\" content=\"https:\/\/petronor.eus\/es\/mapa-web\/\" \/>\n<meta property=\"og:site_name\" content=\"Petronor\" \/>\n<meta property=\"article:modified_time\" content=\"2025-01-27T09:23:51+00:00\" \/>\n<meta name=\"twitter:label1\" content=\"Est. reading time\" \/>\n\t<meta name=\"twitter:data1\" content=\"1 minute\" \/>\n<script type=\"application\/ld+json\" class=\"yoast-schema-graph\">{\"@context\":\"https:\/\/schema.org\",\"@graph\":[{\"@type\":\"WebPage\",\"@id\":\"https:\/\/petronor.eus\/es\/mapa-web\/\",\"url\":\"https:\/\/petronor.eus\/es\/mapa-web\/\",\"name\":\"Mapa web\",\"isPartOf\":{\"@id\":\"https:\/\/petronor.eus\/es\/#website\"},\"datePublished\":\"2015-02-20T10:29:08+00:00\",\"dateModified\":\"2025-01-27T09:23:51+00:00\",\"description\":\"Mapa de la web de Petronor, en el que se puede ver la estructura de contenidos completa del sitio: SOBRE PETRONOR, REFINER\u00cdA, PATROCINIO, NUESTRO ENTORNO...\",\"breadcrumb\":{\"@id\":\"https:\/\/petronor.eus\/es\/mapa-web\/#breadcrumb\"},\"inLanguage\":\"es-ES\",\"potentialAction\":[{\"@type\":\"ReadAction\",\"target\":[\"https:\/\/petronor.eus\/es\/mapa-web\/\"]}]},{\"@type\":\"BreadcrumbList\",\"@id\":\"https:\/\/petronor.eus\/es\/mapa-web\/#breadcrumb\",\"itemListElement\":[{\"@type\":\"ListItem\",\"position\":1,\"name\":\"Home\",\"item\":\"https:\/\/petronor.eus\/es\/\"},{\"@type\":\"ListItem\",\"position\":2,\"name\":\"Mapa web\"}]},{\"@type\":\"WebSite\",\"@id\":\"https:\/\/petronor.eus\/es\/#website\",\"url\":\"https:\/\/petronor.eus\/es\/\",\"name\":\"Petronor\",\"description\":\"\",\"potentialAction\":[{\"@type\":\"SearchAction\",\"target\":{\"@type\":\"EntryPoint\",\"urlTemplate\":\"https:\/\/petronor.eus\/es\/?s={search_term_string}\"},\"query-input\":{\"@type\":\"PropertyValueSpecification\",\"valueRequired\":true,\"valueName\":\"search_term_string\"}}],\"inLanguage\":\"es-ES\"}]}<\/script>\n<!-- \/ Yoast SEO plugin. -->","yoast_head_json":{"title":"Mapa web","description":"Mapa de la web de Petronor, en el que se puede ver la estructura de contenidos completa del sitio: SOBRE PETRONOR, REFINER\u00cdA, PATROCINIO, NUESTRO ENTORNO...","robots":{"index":"index","follow":"follow","max-snippet":"max-snippet:-1","max-image-preview":"max-image-preview:large","max-video-preview":"max-video-preview:-1"},"canonical":"https:\/\/petronor.eus\/es\/mapa-web\/","og_locale":"es_ES","og_type":"article","og_title":"Mapa web","og_description":"Mapa de la web de Petronor, en el que se puede ver la estructura de contenidos completa del sitio: SOBRE PETRONOR, REFINER\u00cdA, PATROCINIO, NUESTRO ENTORNO...","og_url":"https:\/\/petronor.eus\/es\/mapa-web\/","og_site_name":"Petronor","article_modified_time":"2025-01-27T09:23:51+00:00","twitter_misc":{"Est. reading time":"1 minute"},"schema":{"@context":"https:\/\/schema.org","@graph":[{"@type":"WebPage","@id":"https:\/\/petronor.eus\/es\/mapa-web\/","url":"https:\/\/petronor.eus\/es\/mapa-web\/","name":"Mapa web","isPartOf":{"@id":"https:\/\/petronor.eus\/es\/#website"},"datePublished":"2015-02-20T10:29:08+00:00","dateModified":"2025-01-27T09:23:51+00:00","description":"Mapa de la web de Petronor, en el que se puede ver la estructura de contenidos completa del sitio: SOBRE PETRONOR, REFINER\u00cdA, PATROCINIO, NUESTRO ENTORNO...","breadcrumb":{"@id":"https:\/\/petronor.eus\/es\/mapa-web\/#breadcrumb"},"inLanguage":"es-ES","potentialAction":[{"@type":"ReadAction","target":["https:\/\/petronor.eus\/es\/mapa-web\/"]}]},{"@type":"BreadcrumbList","@id":"https:\/\/petronor.eus\/es\/mapa-web\/#breadcrumb","itemListElement":[{"@type":"ListItem","position":1,"name":"Home","item":"https:\/\/petronor.eus\/es\/"},{"@type":"ListItem","position":2,"name":"Mapa web"}]},{"@type":"WebSite","@id":"https:\/\/petronor.eus\/es\/#website","url":"https:\/\/petronor.eus\/es\/","name":"Petronor","description":"","potentialAction":[{"@type":"SearchAction","target":{"@type":"EntryPoint","urlTemplate":"https:\/\/petronor.eus\/es\/?s={search_term_string}"},"query-input":{"@type":"PropertyValueSpecification","valueRequired":true,"valueName":"search_term_string"}}],"inLanguage":"es-ES"}]}},"_links":{"self":[{"href":"https:\/\/petronor.eus\/es\/wp-json\/wp\/v2\/pages\/2842","targetHints":{"allow":["GET"]}}],"collection":[{"href":"https:\/\/petronor.eus\/es\/wp-json\/wp\/v2\/pages"}],"about":[{"href":"https:\/\/petronor.eus\/es\/wp-json\/wp\/v2\/types\/page"}],"author":[{"embeddable":true,"href":"https:\/\/petronor.eus\/es\/wp-json\/wp\/v2\/users\/1"}],"replies":[{"embeddable":true,"href":"https:\/\/petronor.eus\/es\/wp-json\/wp\/v2\/comments?post=2842"}],"version-history":[{"count":47,"href":"https:\/\/petronor.eus\/es\/wp-json\/wp\/v2\/pages\/2842\/revisions"}],"predecessor-version":[{"id":80182,"href":"https:\/\/petronor.eus\/es\/wp-json\/wp\/v2\/pages\/2842\/revisions\/80182"}],"wp:attachment":[{"href":"https:\/\/petronor.eus\/es\/wp-json\/wp\/v2\/media?parent=2842"}],"curies":[{"name":"wp","href":"https:\/\/api.w.org\/{rel}","templated":true}]}}