{"id":2846,"date":"2015-02-20T10:38:00","date_gmt":"2015-02-20T10:38:00","guid":{"rendered":"https:\/\/petronor.eus\/politica-de-cookies\/"},"modified":"2024-10-23T10:50:55","modified_gmt":"2024-10-23T08:50:55","slug":"politica-de-cookies","status":"publish","type":"page","link":"https:\/\/petronor.eus\/es\/politica-de-cookies\/","title":{"rendered":"Pol\u00edtica de cookies"},"content":{"rendered":"<h1>POL\u00cdTICA DE COOKIES<\/h1>\nEste activo digital, responsabilidad de Petr\u00f3leos del Norte, S.A. (Grupo Repsol) puede utilizar cookies propias y\nde terceros con fines estad\u00edsticos, de an\u00e1lisis y\/o publicitarios, conforme se informa en la primera capa que\naparece en tu dispositivo al acceder por primera vez al mismo.\n\nPuedes seleccionar las cookies que se instalar\u00e1n en funci\u00f3n de sus finalidades. Si las has aceptado por error o\nhas cambiado de opini\u00f3n sobre tu selecci\u00f3n inicial, consulta el \u00faltimo apartado de esta pol\u00edtica, donde\nencontrar\u00e1s informaci\u00f3n sobre c\u00f3mo borrar las cookies instaladas de tu navegador.\n\nA continuaci\u00f3n, te facilitamos m\u00e1s detalles sobre las cookies para que puedas tomar tu decisi\u00f3n, debidamente\ninformada, de configuraci\u00f3n.\n<h2>\u00bfQu\u00e9 son las cookies?<\/h2>\nLas cookies son peque\u00f1os archivos que se instalan <strong>en el dispositivo del usuario<\/strong> con la finalidad\nde almacenar,\nrecuperar o actualizar informaci\u00f3n. A trav\u00e9s de ellos, el responsable de un activo digital (web, aplicaci\u00f3n\nm\u00f3vil o similar) puede conocer el uso y\/o las preferencias de los usuarios al navegar por su activo digital y\/o\npersonalizar los servicios ofrecidos en base a esas preferencias en aquellos activos digitales en los que esta\nfuncionalidad est\u00e9 disponible\n\nTen presente que esta Pol\u00edtica de Cookies ser\u00e1 de aplicaci\u00f3n tanto al uso de Cookies como a tecnolog\u00edas\nsimilares. Utilizamos el t\u00e9rmino \u201ccookies\u201c por ser una tecnolog\u00eda de uso generalizado, y engloba tanto las\ncookies en sentido estricto como cualquier otra tecnolog\u00eda similar que implique el almacenamiento y recuperaci\u00f3n\nde datos en los equipos terminales de los usuarios, tales como, sin car\u00e1cter limitativo, almacenamiento local\n(permite almacenar los datos a nivel local en tu navegador o dispositivo e incluye almacenamiento local HTML5 y\nla memoria cach\u00e9 del navegador), kits de desarrollo de software -&#8220;SDK&#8221; por sus siglas en ingl\u00e9s (bloques de\nc\u00f3digo que se pueden instalar en las aplicaciones m\u00f3viles, pixeles (peque\u00f1as im\u00e1genes en una p\u00e1gina web\/app o un\ncorreo electr\u00f3nico), o cualquier otro.\n\nLa informaci\u00f3n se recoge asociada a un navegador o similar y dispositivo concreto. Esta tecnolog\u00eda, nos permite\nconocer informaci\u00f3n como qu\u00e9 p\u00e1gina has visitado antes, cu\u00e1nto tiempo permaneces en nuestro activo digital y qu\u00e9\nsecciones consultas. De esta manera, si vuelves a entrar en nuestro activo digital, dependiendo de las opciones\nde cookies que hayas aceptado, podr\u00edamos reconocerte y ofrecerte contenidos y servicios de m\u00e1s valor y m\u00e1s\nacordes con tus preferencias.\n\nLas cookies se utilizan con distintas finalidades. Por ejemplo:\n<ul>\n \t<li>Para realizar an\u00e1lisis y mediciones del n\u00famero de visitas que recibe el activo digital.<\/li>\n \t<li>Para permitir la navegaci\u00f3n de un usuario por una zona de acceso restringido, una vez que ha introducido sus\nclaves de acceso.<\/li>\n \t<li>Para facilitar los procesos de compra on-line (las cookies permiten que se recuerde cada producto que se\nincluye en la\u00a0\u201ccesta\u201d de la compra).<\/li>\n \t<li>Para recordar preferencias del usuario (idioma, tipo de letra, etc.).<\/li>\n \t<li>Para obtener informaci\u00f3n sobre otras p\u00e1ginas visitadas y ofrecer publicidad basada en dichas visitas.<\/li>\n<\/ul>\n<h2>\u00bfQu\u00e9 tipo de cookies utilizamos?<\/h2>\n<strong>El tipo de cookie que utilizamos puede variar en funci\u00f3n del activo digital en el que navegues seg\u00fan su\ntipolog\u00eda\ny finalidad<\/strong>; en cada uno de ellos te informaremos en el panel de configuraci\u00f3n de cookies.\n<strong>Seg\u00fan qui\u00e9n sea la entidad que gestione el equipo o dominio desde donde se env\u00edan las cookies<\/strong>,\npodemos\ndistinguir:\n<ul>\n \t<li><strong>Cookies propias<\/strong>: Son aquellas que se env\u00edan al equipo terminal del usuario desde un equipo\no dominio\ngestionado por el propio editor y desde el que se presta el servicio solicitado por el usuario.<\/li>\n \t<li>Cookies de tercero: Son aquellas que se env\u00edan al dispositivo del usuario desde un equipo o dominio que no\nes gestionado por el editor, sino por otra entidad que trata los datos obtenidos a trav\u00e9s de las cookies.<\/li>\n<\/ul>\nPuedes consultar un listado de tecnolog\u00edas de terceros que hacen uso de cookies en nuestros activos <a>aqu\u00ed<\/a>\n\nAlgunas de estas cookies instaladas pueden implicar transferencias internacionales de datos. Te recomendamos que\nconsultes las p\u00e1ginas webs de estos terceros para conocer los detalles en cada caso\n\n<strong>Atendiendo a la finalidad para la que se utilizan<\/strong>, podremos utilizar los siguientes tipos de\ncookies:\n<ul>\n \t<li><strong>Cookies t\u00e9cnicas:<\/strong> Permiten la navegaci\u00f3n a trav\u00e9s de una p\u00e1gina web, plataforma o\naplicaci\u00f3n m\u00f3vil y la correcta utilizaci\u00f3n de las diferentes opciones o servicios que en ella existan.<\/li>\n \t<li><strong>Cookies de preferencias o personalizaci\u00f3n:<\/strong> Permiten recordar informaci\u00f3n para que el\nusuario acceda al servicio con determinadas caracter\u00edsticas que pueden diferenciar su experiencia de la de\notros usuarios.<\/li>\n \t<li><strong>Cookies de an\u00e1lisis o medici\u00f3n:<\/strong> Permiten realizar el seguimiento y an\u00e1lisis del\ncomportamiento de los usuarios de los sitios web, plataformas o aplicaciones m\u00f3viles a los que est\u00e1n\nvinculadas, incluida la cuantificaci\u00f3n de los impactos de los anuncios.<\/li>\n \t<li><strong>Cookies de publicidad comportamental:<\/strong> Permiten almacenar informaci\u00f3n del comportamiento de\nlos usuarios\nobtenida a trav\u00e9s de la observaci\u00f3n continuada de sus h\u00e1bitos de navegaci\u00f3n y nos permiten ofrecer\npublicidad a trav\u00e9s de \u201cbanners\u201d o mecanismos similares (es decir, solo ver\u00e1s la publicidad de forma\non-line, puesto que no tendremos otros mecanismos de contacto contigo).<\/li>\n \t<li><strong>Cookies de perfilado:<\/strong> Permiten generar un perfil basado, adem\u00e1s de en tus h\u00e1bitos de\nnavegaci\u00f3n, en\ninformaci\u00f3n que nos has facilitado por otros medios. Si navegas por una zona de acceso restringido con tus\nclaves de usuario, podremos relacionar la informaci\u00f3n relativa a tu comportamiento en la web o aplicaci\u00f3n\nm\u00f3vil con tu usuario registrado y otros datos personales que tratemos.<\/li>\n<\/ul>\n<h2>\u00bfDurante cu\u00e1nto tiempo conservamos tus datos?<\/h2>\nConservaremos tus datos durante un plazo m\u00e1ximo de un (1) a\u00f1o.\n<h2>\u00bfC\u00f3mo se pueden modificar y desinstalar las cookies?<\/h2>\nPuedes configurar las preferencias que has aceptado en cualquier momento a trav\u00e9s de este\u00a0<a title=\"Listado de cookies\" href=\"#\" onclick=\"OneTrust.ToggleInfoDisplay();return false;\">enlace<\/a>. <\/br><\/br>\n\nAdicionalmente, si deseas eliminar las cookies que ya est\u00e9n establecidas en tu dispositivo, puedes hacerlo desde\ntu navegador. Encontrar\u00e1s la manera de hacerlo dirigi\u00e9ndote al men\u00fa de ayuda de tu navegador donde vienen\nestablecidos los pasos para proceder con su eliminaci\u00f3n.\nPara m\u00e1s informaci\u00f3n:\n<ul>\n \t<li>Internet Explorer:\u00a0<a href=\"http:\/\/windows.microsoft.com\/es-es\/windows-vista\/block-or-allow-cookies\">http:\/\/windows.microsoft.com\/es-es\/windows-vista\/block-or-allow-cookies<\/a><\/li>\n \t<li>Mozilla Firefox:\u00a0<a href=\"http:\/\/support.mozilla.org\/es\/kb\/habilitar-y-deshabilitar-cookies-que-los-sitios-we\">http:\/\/support.mozilla.org\/es\/kb\/habilitar-y-deshabilitar-cookies-que-los-sitios-we<\/a><\/li>\n \t<li>Google Chrome:\u00a0<a href=\"https:\/\/support.google.com\/chrome\/answer\/95647?hl=es\">https:\/\/support.google.com\/chrome\/answer\/95647?hl=es<\/a><\/li>\n \t<li>Safari:\u00a0<a href=\"http:\/\/support.apple.com\/kb\/ph5042\">http:\/\/support.apple.com\/kb\/ph5042<\/a><\/li>\n<\/ul>\n<h2>\u00bfC\u00f3mo se actualizan y cambia la Pol\u00edtica de Cookies?<\/h2>\nRepsol puede modificar esta Pol\u00edtica de Cookies en funci\u00f3n de nuevas exigencias legislativas, reglamentarias, o\ncon la finalidad de adaptar dicha pol\u00edtica a efectos de la implementaci\u00f3n de mejoras.\nCuando se produzcan cambios significativos en esta Pol\u00edtica de Cookies se comunicar\u00e1 al usuario mediante un\naviso informativo en el Activo Digital.\n\nPara m\u00e1s informaci\u00f3n sobre el tratamiento de datos relacionado con la utilizaci\u00f3n de cookies consulta nuestra\nPol\u00edtica de Privacidad.","protected":false},"excerpt":{"rendered":"POL\u00cdTICA DE COOKIES Este activo digital, responsabilidad de Petr\u00f3leos del Norte, S.A. (Grupo Repsol) puede utilizar cookies propias y de terceros con fines estad\u00edsticos, de an\u00e1lisis y\/o publicitarios, conforme se informa en la primera capa que aparece en tu dispositivo al acceder por primera vez al mismo. Puedes seleccionar las cookies que se instalar\u00e1n en","protected":false},"author":1,"featured_media":0,"parent":0,"menu_order":0,"comment_status":"closed","ping_status":"closed","template":"","meta":{"footnotes":""},"class_list":["post-2846","page","type-page","status-publish","hentry"],"yoast_head":"<!-- This site is optimized with the Yoast SEO plugin v24.7 - https:\/\/yoast.com\/wordpress\/plugins\/seo\/ -->\n<title>Pol\u00edtica de cookies - Petronor<\/title>\n<meta name=\"description\" content=\"\u00bfQU\u00c9 SON LAS COOKIES? En Petronor utilizamos cookies propias y de terceros. Para m\u00e1s informaci\u00f3n aqu\u00ed\" \/>\n<meta name=\"robots\" content=\"index, follow, max-snippet:-1, max-image-preview:large, max-video-preview:-1\" \/>\n<link rel=\"canonical\" href=\"https:\/\/petronor.eus\/es\/politica-de-cookies\/\" \/>\n<meta property=\"og:locale\" content=\"es_ES\" \/>\n<meta property=\"og:type\" content=\"article\" \/>\n<meta property=\"og:title\" content=\"Pol\u00edtica de cookies - Petronor\" \/>\n<meta property=\"og:description\" content=\"\u00bfQU\u00c9 SON LAS COOKIES? En Petronor utilizamos cookies propias y de terceros. Para m\u00e1s informaci\u00f3n aqu\u00ed\" \/>\n<meta property=\"og:url\" content=\"https:\/\/petronor.eus\/es\/politica-de-cookies\/\" \/>\n<meta property=\"og:site_name\" content=\"Petronor\" \/>\n<meta property=\"article:modified_time\" content=\"2024-10-23T08:50:55+00:00\" \/>\n<meta name=\"twitter:label1\" content=\"Est. reading time\" \/>\n\t<meta name=\"twitter:data1\" content=\"5 minutes\" \/>\n<script type=\"application\/ld+json\" class=\"yoast-schema-graph\">{\"@context\":\"https:\/\/schema.org\",\"@graph\":[{\"@type\":\"WebPage\",\"@id\":\"https:\/\/petronor.eus\/es\/politica-de-cookies\/\",\"url\":\"https:\/\/petronor.eus\/es\/politica-de-cookies\/\",\"name\":\"Pol\u00edtica de cookies - Petronor\",\"isPartOf\":{\"@id\":\"https:\/\/petronor.eus\/es\/#website\"},\"datePublished\":\"2015-02-20T10:38:00+00:00\",\"dateModified\":\"2024-10-23T08:50:55+00:00\",\"description\":\"\u00bfQU\u00c9 SON LAS COOKIES? En Petronor utilizamos cookies propias y de terceros. Para m\u00e1s informaci\u00f3n aqu\u00ed\",\"breadcrumb\":{\"@id\":\"https:\/\/petronor.eus\/es\/politica-de-cookies\/#breadcrumb\"},\"inLanguage\":\"es-ES\",\"potentialAction\":[{\"@type\":\"ReadAction\",\"target\":[\"https:\/\/petronor.eus\/es\/politica-de-cookies\/\"]}]},{\"@type\":\"BreadcrumbList\",\"@id\":\"https:\/\/petronor.eus\/es\/politica-de-cookies\/#breadcrumb\",\"itemListElement\":[{\"@type\":\"ListItem\",\"position\":1,\"name\":\"Home\",\"item\":\"https:\/\/petronor.eus\/es\/\"},{\"@type\":\"ListItem\",\"position\":2,\"name\":\"Pol\u00edtica de cookies\"}]},{\"@type\":\"WebSite\",\"@id\":\"https:\/\/petronor.eus\/es\/#website\",\"url\":\"https:\/\/petronor.eus\/es\/\",\"name\":\"Petronor\",\"description\":\"\",\"potentialAction\":[{\"@type\":\"SearchAction\",\"target\":{\"@type\":\"EntryPoint\",\"urlTemplate\":\"https:\/\/petronor.eus\/es\/?s={search_term_string}\"},\"query-input\":{\"@type\":\"PropertyValueSpecification\",\"valueRequired\":true,\"valueName\":\"search_term_string\"}}],\"inLanguage\":\"es-ES\"}]}<\/script>\n<!-- \/ Yoast SEO plugin. -->","yoast_head_json":{"title":"Pol\u00edtica de cookies - Petronor","description":"\u00bfQU\u00c9 SON LAS COOKIES? En Petronor utilizamos cookies propias y de terceros. Para m\u00e1s informaci\u00f3n aqu\u00ed","robots":{"index":"index","follow":"follow","max-snippet":"max-snippet:-1","max-image-preview":"max-image-preview:large","max-video-preview":"max-video-preview:-1"},"canonical":"https:\/\/petronor.eus\/es\/politica-de-cookies\/","og_locale":"es_ES","og_type":"article","og_title":"Pol\u00edtica de cookies - Petronor","og_description":"\u00bfQU\u00c9 SON LAS COOKIES? En Petronor utilizamos cookies propias y de terceros. Para m\u00e1s informaci\u00f3n aqu\u00ed","og_url":"https:\/\/petronor.eus\/es\/politica-de-cookies\/","og_site_name":"Petronor","article_modified_time":"2024-10-23T08:50:55+00:00","twitter_misc":{"Est. reading time":"5 minutes"},"schema":{"@context":"https:\/\/schema.org","@graph":[{"@type":"WebPage","@id":"https:\/\/petronor.eus\/es\/politica-de-cookies\/","url":"https:\/\/petronor.eus\/es\/politica-de-cookies\/","name":"Pol\u00edtica de cookies - Petronor","isPartOf":{"@id":"https:\/\/petronor.eus\/es\/#website"},"datePublished":"2015-02-20T10:38:00+00:00","dateModified":"2024-10-23T08:50:55+00:00","description":"\u00bfQU\u00c9 SON LAS COOKIES? En Petronor utilizamos cookies propias y de terceros. Para m\u00e1s informaci\u00f3n aqu\u00ed","breadcrumb":{"@id":"https:\/\/petronor.eus\/es\/politica-de-cookies\/#breadcrumb"},"inLanguage":"es-ES","potentialAction":[{"@type":"ReadAction","target":["https:\/\/petronor.eus\/es\/politica-de-cookies\/"]}]},{"@type":"BreadcrumbList","@id":"https:\/\/petronor.eus\/es\/politica-de-cookies\/#breadcrumb","itemListElement":[{"@type":"ListItem","position":1,"name":"Home","item":"https:\/\/petronor.eus\/es\/"},{"@type":"ListItem","position":2,"name":"Pol\u00edtica de cookies"}]},{"@type":"WebSite","@id":"https:\/\/petronor.eus\/es\/#website","url":"https:\/\/petronor.eus\/es\/","name":"Petronor","description":"","potentialAction":[{"@type":"SearchAction","target":{"@type":"EntryPoint","urlTemplate":"https:\/\/petronor.eus\/es\/?s={search_term_string}"},"query-input":{"@type":"PropertyValueSpecification","valueRequired":true,"valueName":"search_term_string"}}],"inLanguage":"es-ES"}]}},"_links":{"self":[{"href":"https:\/\/petronor.eus\/es\/wp-json\/wp\/v2\/pages\/2846","targetHints":{"allow":["GET"]}}],"collection":[{"href":"https:\/\/petronor.eus\/es\/wp-json\/wp\/v2\/pages"}],"about":[{"href":"https:\/\/petronor.eus\/es\/wp-json\/wp\/v2\/types\/page"}],"author":[{"embeddable":true,"href":"https:\/\/petronor.eus\/es\/wp-json\/wp\/v2\/users\/1"}],"replies":[{"embeddable":true,"href":"https:\/\/petronor.eus\/es\/wp-json\/wp\/v2\/comments?post=2846"}],"version-history":[{"count":19,"href":"https:\/\/petronor.eus\/es\/wp-json\/wp\/v2\/pages\/2846\/revisions"}],"predecessor-version":[{"id":77252,"href":"https:\/\/petronor.eus\/es\/wp-json\/wp\/v2\/pages\/2846\/revisions\/77252"}],"wp:attachment":[{"href":"https:\/\/petronor.eus\/es\/wp-json\/wp\/v2\/media?parent=2846"}],"curies":[{"name":"wp","href":"https:\/\/api.w.org\/{rel}","templated":true}]}}