{"id":30,"date":"2014-12-15T12:18:23","date_gmt":"2014-12-15T12:18:23","guid":{"rendered":"https:\/\/petronor.eus\/?page_id=30"},"modified":"2024-10-15T09:42:38","modified_gmt":"2024-10-15T07:42:38","slug":"home","status":"publish","type":"page","link":"https:\/\/petronor.eus\/es\/","title":{"rendered":"Petronor p\u00e1gina oficial"},"content":{"rendered":"<div style=\"\" id=\"\" class=\"col-md-7 nopadding\"><video width=\"320\" height=\"430\" controls>\n  <source src=\"\/videos\/JP_Video_home.mp4\" type=\"video\/mp4\">\nYour browser does not support the video tag.\n<\/video><\/div>\n<div style=\"\" id=\"\" class=\"col-md-5 nopadding\">\n\n\t\t\t\t<div class=\"col-md-6 col-xs-6 nopadding \">\n\t\t\t\t<div id=\"mimg\"><img loading=\"lazy\" decoding=\"async\" width=\"320\" height=\"374\" src=\"https:\/\/petronor.eus\/wp-content\/uploads\/2015\/02\/plan_2024_es-1-320x374.png\" class=\"attachment-porra-thumb size-porra-thumb wp-post-image\" alt=\"\" \/><div class=\"tri2\"><\/div> \n                <\/div>\n                <div class=\"cont1\">\n                    <div class=\"titlew\"><p><P>Plan de Sostenibilidad 2024<\/p>\r\n<\/p><\/div>\n                    <a href=\"https:\/\/petronor.eus\/wp-content\/uploads\/2024\/07\/2024-Plan-Sostenibilidad-ES-web.pdf\" class=\"elboton\">M\u00c1S INFORMACI\u00d3N<\/a>\n                <\/div>\n\t\t\t\t<\/div>\n\t\t\t\t\n\t\t\t\t<div class=\"col-md-6 col-xs-6 nopadding trivia\">\n\t\t\t\t<div id=\"mimg\"><img loading=\"lazy\" decoding=\"async\" width=\"320\" height=\"374\" src=\"https:\/\/petronor.eus\/wp-content\/uploads\/2019\/07\/Memoria_2023_es-2-320x374.png\" class=\"attachment-porra-thumb size-porra-thumb wp-post-image\" alt=\"\" \/><div class=\"tri3\"><\/div> \n                <\/div>\n                <div class=\"cont1\">\n                    <div class=\"titlew\"><p><p>Memoria anual 2023<\/p><\/p><\/div>\n                    <a href=\"https:\/\/petronor.eus\/memoria2023\/\" class=\"elboton\">M\u00c1S INFORMACI\u00d3N<\/a>\n                <\/div>\n\t\t\t\t<\/div>\n\t\t\t\t\n<\/div>","protected":false},"excerpt":{"rendered":"","protected":false},"author":1,"featured_media":0,"parent":0,"menu_order":38,"comment_status":"open","ping_status":"open","template":"template-home.php","meta":{"footnotes":""},"class_list":["post-30","page","type-page","status-publish","hentry"],"yoast_head":"<!-- This site is optimized with the Yoast SEO plugin v24.7 - https:\/\/yoast.com\/wordpress\/plugins\/seo\/ -->\n<title>Petronor p\u00e1gina oficial<\/title>\n<meta name=\"description\" content=\"Petronor p\u00e1gina oficial. Pagina de inicio. Informaci\u00f3n corporativa, de las instalaciones y su entorno: Muskiz, Abanto-Zierbena y Zierbena.\" \/>\n<meta name=\"robots\" content=\"index, follow, max-snippet:-1, max-image-preview:large, max-video-preview:-1\" \/>\n<link rel=\"canonical\" href=\"https:\/\/petronor.eus\/es\/\" \/>\n<meta property=\"og:locale\" content=\"es_ES\" \/>\n<meta property=\"og:type\" content=\"article\" \/>\n<meta property=\"og:title\" content=\"Petronor p\u00e1gina oficial\" \/>\n<meta property=\"og:description\" content=\"Petronor p\u00e1gina oficial. Pagina de inicio. Informaci\u00f3n corporativa, de las instalaciones y su entorno: Muskiz, Abanto-Zierbena y Zierbena.\" \/>\n<meta property=\"og:url\" content=\"https:\/\/petronor.eus\/es\/\" \/>\n<meta property=\"og:site_name\" content=\"Petronor\" \/>\n<meta property=\"article:modified_time\" content=\"2024-10-15T07:42:38+00:00\" \/>\n<meta name=\"twitter:label1\" content=\"Est. reading time\" \/>\n\t<meta name=\"twitter:data1\" content=\"1 minute\" \/>\n<script type=\"application\/ld+json\" class=\"yoast-schema-graph\">{\"@context\":\"https:\/\/schema.org\",\"@graph\":[{\"@type\":\"WebPage\",\"@id\":\"https:\/\/petronor.eus\/es\/\",\"url\":\"https:\/\/petronor.eus\/es\/\",\"name\":\"Petronor p\u00e1gina oficial\",\"isPartOf\":{\"@id\":\"https:\/\/petronor.eus\/es\/#website\"},\"datePublished\":\"2014-12-15T12:18:23+00:00\",\"dateModified\":\"2024-10-15T07:42:38+00:00\",\"description\":\"Petronor p\u00e1gina oficial. Pagina de inicio. Informaci\u00f3n corporativa, de las instalaciones y su entorno: Muskiz, Abanto-Zierbena y Zierbena.\",\"breadcrumb\":{\"@id\":\"https:\/\/petronor.eus\/es\/#breadcrumb\"},\"inLanguage\":\"es-ES\",\"potentialAction\":[{\"@type\":\"ReadAction\",\"target\":[\"https:\/\/petronor.eus\/es\/\"]}]},{\"@type\":\"BreadcrumbList\",\"@id\":\"https:\/\/petronor.eus\/es\/#breadcrumb\",\"itemListElement\":[{\"@type\":\"ListItem\",\"position\":1,\"name\":\"Home\",\"item\":\"https:\/\/petronor.eus\/es\/\"},{\"@type\":\"ListItem\",\"position\":2,\"name\":\"Petronor p\u00e1gina oficial\"}]},{\"@type\":\"WebSite\",\"@id\":\"https:\/\/petronor.eus\/es\/#website\",\"url\":\"https:\/\/petronor.eus\/es\/\",\"name\":\"Petronor\",\"description\":\"\",\"potentialAction\":[{\"@type\":\"SearchAction\",\"target\":{\"@type\":\"EntryPoint\",\"urlTemplate\":\"https:\/\/petronor.eus\/es\/?s={search_term_string}\"},\"query-input\":{\"@type\":\"PropertyValueSpecification\",\"valueRequired\":true,\"valueName\":\"search_term_string\"}}],\"inLanguage\":\"es-ES\"}]}<\/script>\n<!-- \/ Yoast SEO plugin. -->","yoast_head_json":{"title":"Petronor p\u00e1gina oficial","description":"Petronor p\u00e1gina oficial. Pagina de inicio. Informaci\u00f3n corporativa, de las instalaciones y su entorno: Muskiz, Abanto-Zierbena y Zierbena.","robots":{"index":"index","follow":"follow","max-snippet":"max-snippet:-1","max-image-preview":"max-image-preview:large","max-video-preview":"max-video-preview:-1"},"canonical":"https:\/\/petronor.eus\/es\/","og_locale":"es_ES","og_type":"article","og_title":"Petronor p\u00e1gina oficial","og_description":"Petronor p\u00e1gina oficial. Pagina de inicio. Informaci\u00f3n corporativa, de las instalaciones y su entorno: Muskiz, Abanto-Zierbena y Zierbena.","og_url":"https:\/\/petronor.eus\/es\/","og_site_name":"Petronor","article_modified_time":"2024-10-15T07:42:38+00:00","twitter_misc":{"Est. reading time":"1 minute"},"schema":{"@context":"https:\/\/schema.org","@graph":[{"@type":"WebPage","@id":"https:\/\/petronor.eus\/es\/","url":"https:\/\/petronor.eus\/es\/","name":"Petronor p\u00e1gina oficial","isPartOf":{"@id":"https:\/\/petronor.eus\/es\/#website"},"datePublished":"2014-12-15T12:18:23+00:00","dateModified":"2024-10-15T07:42:38+00:00","description":"Petronor p\u00e1gina oficial. Pagina de inicio. Informaci\u00f3n corporativa, de las instalaciones y su entorno: Muskiz, Abanto-Zierbena y Zierbena.","breadcrumb":{"@id":"https:\/\/petronor.eus\/es\/#breadcrumb"},"inLanguage":"es-ES","potentialAction":[{"@type":"ReadAction","target":["https:\/\/petronor.eus\/es\/"]}]},{"@type":"BreadcrumbList","@id":"https:\/\/petronor.eus\/es\/#breadcrumb","itemListElement":[{"@type":"ListItem","position":1,"name":"Home","item":"https:\/\/petronor.eus\/es\/"},{"@type":"ListItem","position":2,"name":"Petronor p\u00e1gina oficial"}]},{"@type":"WebSite","@id":"https:\/\/petronor.eus\/es\/#website","url":"https:\/\/petronor.eus\/es\/","name":"Petronor","description":"","potentialAction":[{"@type":"SearchAction","target":{"@type":"EntryPoint","urlTemplate":"https:\/\/petronor.eus\/es\/?s={search_term_string}"},"query-input":{"@type":"PropertyValueSpecification","valueRequired":true,"valueName":"search_term_string"}}],"inLanguage":"es-ES"}]}},"_links":{"self":[{"href":"https:\/\/petronor.eus\/es\/wp-json\/wp\/v2\/pages\/30","targetHints":{"allow":["GET"]}}],"collection":[{"href":"https:\/\/petronor.eus\/es\/wp-json\/wp\/v2\/pages"}],"about":[{"href":"https:\/\/petronor.eus\/es\/wp-json\/wp\/v2\/types\/page"}],"author":[{"embeddable":true,"href":"https:\/\/petronor.eus\/es\/wp-json\/wp\/v2\/users\/1"}],"replies":[{"embeddable":true,"href":"https:\/\/petronor.eus\/es\/wp-json\/wp\/v2\/comments?post=30"}],"version-history":[{"count":27,"href":"https:\/\/petronor.eus\/es\/wp-json\/wp\/v2\/pages\/30\/revisions"}],"predecessor-version":[{"id":77166,"href":"https:\/\/petronor.eus\/es\/wp-json\/wp\/v2\/pages\/30\/revisions\/77166"}],"wp:attachment":[{"href":"https:\/\/petronor.eus\/es\/wp-json\/wp\/v2\/media?parent=30"}],"curies":[{"name":"wp","href":"https:\/\/api.w.org\/{rel}","templated":true}]}}