{"id":32,"date":"2014-12-15T12:20:11","date_gmt":"2014-12-15T12:20:11","guid":{"rendered":"https:\/\/petronor.eus\/?page_id=32"},"modified":"2024-11-25T09:49:48","modified_gmt":"2024-11-25T08:49:48","slug":"instalaciones","status":"publish","type":"page","link":"https:\/\/petronor.eus\/es\/instalaciones\/","title":{"rendered":"INSTALACIONES"},"content":{"rendered":"<div class=\"row introBlock full-width-section primeraFila\">\n<div class=\"col-lg-3 col-md-3 col-xs-12 col-sm-12\">\n<div class=\"menu-menu_instalaciones-container\"><ul id=\"menu-menu_instalaciones\" class=\"subnav\"><li id=\"menu-item-77433\" class=\"menu-item menu-item-type-post_type menu-item-object-page menu-item-77433\"><a href=\"https:\/\/petronor.eus\/es\/instalaciones\/\">INSTALACIONES<\/a><\/li>\n<li id=\"menu-item-76051\" class=\"menu-item menu-item-type-post_type menu-item-object-page menu-item-76051\"><a href=\"https:\/\/petronor.eus\/es\/instalaciones\/petronor-en-el-puerto-de-bilbao\/\">PETRONOR EN EL PUERTO DE BILBAO<\/a><\/li>\n<li id=\"menu-item-76055\" class=\"menu-item menu-item-type-post_type menu-item-object-page menu-item-76055\"><a href=\"https:\/\/petronor.eus\/es\/instalaciones\/productos\/\">PRODUCTOS<\/a><\/li>\n<li id=\"menu-item-76054\" class=\"menu-item menu-item-type-post_type menu-item-object-page menu-item-76054\"><a href=\"https:\/\/petronor.eus\/es\/infografias\/asi-funciona-la-refineria\/\">INFOGRAF\u00cdA &#8220;Como funciona una Refiner\u00eda&#8221;<\/a><\/li>\n<li id=\"menu-item-1566\" class=\"menu-item menu-item-type-post_type menu-item-object-page menu-item-1566\"><a href=\"https:\/\/petronor.eus\/es\/instalaciones\/preguntas-frecuentes\/\">PREGUNTAS FRECUENTES<\/a><\/li>\n<\/ul><\/div>\n<\/div>\n<div class=\"col-lg-3 col-md-3 col-xs-12 col-sm-12\">\n<h1>INSTALACIONES<\/h1>\n<p class=\"font18\" style=\"font-size: 18px!important;\">La refiner\u00eda Petronor tiene un esquema de conversi\u00f3n (Reformado, FCC, Viscorreducci\u00f3n y Mild-hydrocracker) y una capacidad de destilaci\u00f3n de 12 millones de toneladas al a\u00f1o (MTm\/a\u00f1o).<\/p>\n\n<div class=\"separadorGris\"><\/div>\nCon una extensi\u00f3n de 220 hect\u00e1reas, su capacidad de almacenamiento es de 894.000 m<sup>3<\/sup> de crudo, 1.279.000 toneladas para materias primas, 922 miles de m<sup>3<\/sup> de productos acabados y 254.600 m<sup>3<\/sup> de productos intermedios.\n<div class=\"rayaGris\"><\/div>\n<\/div>\n<div class=\"col-lg-6 col-md-6 col-xs-12 col-sm-12\">\n<img loading=\"lazy\" decoding=\"async\" id=\"img-instalaciones-1\" class=\"alignright size-full wp-image-2642\" src=\"https:\/\/petronor.eus\/wp-content\/uploads\/2014\/12\/instalaciones-atardecer.jpg\" alt=\"instalaciones-atardecer\" width=\"600\" height=\"350\" \/>\n<\/div>\n<\/div>\n\n<div style=\"margin-bottom:10px ; height:1px; clear:both;\"><\/div>\n\n<div class=\"row \">\n<div class=\"col-lg-6 col-md-6 col-xs-12 col-sm-12\">\n<div class=\"tablaHeader derechadoMovil\">\n<div class=\"celda celdaIzquierda\"><h3>CARACTER\u00cdSTICAS T\u00c9CNICAS<\/h3><\/div>\n<div class=\"celda\"><div class=\"widgettitlewrapper\">&nbsp;<\/div><\/div>\n<\/div>\n<img loading=\"lazy\" decoding=\"async\" class=\"alignnone size-full wp-image-5274\" src=\"\/wp-content\/uploads\/2024\/11\/instalaciones.png\" alt=\"Petronor a vista de p\u00e1jaro\" width=\"570\" height=\"206\" \/><div style=\"margin-bottom:15px ; height:1px; clear:both;\"><\/div>\n<div class=\"separadorGris\"><\/div>\n<div style=\"margin-bottom:15px ; height:1px; clear:both;\"><\/div>\n\nEste centro industrial comprende tres \u00e1reas principales:\n\n<div style=\"margin-bottom:15px ; height:1px; clear:both;\"><\/div>\n<div class=\"row\"><div class=\"col-lg-6 col-md- col-sm- col-xs- col-lg-offset-  one-half\"><span class=\"spanAzul\">Refiner\u00eda 1 y 2:<\/span> Consta de dos refiner\u00edas tradicionales, una planta de coquizaci\u00f3n retarda y sus correspondientes unidades de tratamiento de productos, incluyendo tambi\u00e9n dos unidades de producci\u00f3n de hidr\u00f3geno y una unidad de desulfuraci\u00f3n de gas\u00f3leos de vac\u00edo.<span class=\"spanAzul\">URF:<\/span> que consiste en una unidad de coquizaci\u00f3n retardada y sus unidades auxiliares de desulfuraci\u00f3n y tratamiento de LPG y de desulfuraci\u00f3n de nafta.\n\n<\/div>\n<div class=\"col-lg-6 col-md- col-sm- col-xs- col-lg-offset-  one-half\">\n\n<span class=\"spanAzul\">Conversi\u00f3n:<\/span> Dotada con unidades de destilaci\u00f3n a vac\u00edo, reducci\u00f3n de viscosidad y <abbr title=\"Fluid Catalytic Cracking\">FCC<\/abbr>, adem\u00e1s de sus unidades de tratamiento de productos para alcanzar el objetivo de minimizar la cantidad de derivados petrol\u00edferos pesados.\n\n<\/div>\n\n<\/div>\n<\/div><div class=\"col-lg-3 col-md-3 col-xs-12 col-sm-6\">\n<div class=\"tablaHeader derechadoMovil\">\n<div class=\"celda celdaIzquierda\"><h3>TERMINAL MAR\u00cdTIMA<\/h3><\/div>\n<div class=\"celda\"><div class=\"widgettitlewrapper\">&nbsp;<\/div><\/div>\n<\/div>\n<img loading=\"lazy\" decoding=\"async\" class=\"alignnone size-full wp-image-2644\" src=\"https:\/\/petronor.eus\/wp-content\/uploads\/2014\/12\/terminal-maritimo-petronor.jpg\" alt=\"terminal-maritimo-petronor\" width=\"371\" height=\"287\" \/><div style=\"margin-bottom:15px ; height:1px; clear:both;\"><\/div>\n<div class=\"separadorGris\"><\/div>\n<div style=\"margin-bottom:15px ; height:1px; clear:both;\"><\/div>\n\nLas instalaciones marinas comprenden:\n<div style=\"margin-bottom:15px ; height:1px; clear:both;\"><\/div>\n<ul class=\"listaReseteada listaFlechada paddinIzquierdo15XS\">\n \t<li><strong>Espig\u00f3n<\/strong> de 3.000 metros con tres atraques para buques de 500.000, 150.000 y 50.000 toneladas.<\/li>\n \t<li><strong>Pantal\u00e1n<\/strong> con 3 atraques, 2 de ellos para barcos de 30.000 <abbr title=\"tonelada\">t<\/abbr> y uno para naves de 3.500 <abbr title=\"tonelada\">t<\/abbr>.<\/li>\n \t<li><strong>Tanques de almacenamiento<\/strong> para combustible mar\u00edtimo (gasoil, fuel-oil).<\/li>\n \t<li><strong>Bombas<\/strong> para apoyo a la descarga de buques de crudo.<\/li>\n \t<li><strong>Recepci\u00f3n de aguas<\/strong> de deslastre.<\/li>\n<\/ul>\n<!--<div class=\"hidden-xs hidden-sm\">&#091;button style=\"btn-default btn-lg ancho100\" icon=\"glyphicon glyphicon-save\" align=\"left\" type=\"link\" target=\"true\" title=\"M\u00e1s informaci\u00f3n  (En ingl\u00e9s)\" link=\"https:\/\/www.repsol.com\/content\/dam\/repsol-corporate\/es\/conocenos\/documentos-conocenos\/tpq-petronor-bilbao.pdf\"&#093;<\/div>-->\n<!--<div class=\"hidden-lg hidden-md\">&#091;button style=\"btn-default btn-lg ancho100\" icon=\"glyphicon glyphicon-save\" align=\"left\" type=\"link\" target=\"true\" title=\"M\u00e1s informaci\u00f3n sobre\nTerminal mar\u00edtima de Refino\nen Repsol (EN)\" link=\"https:\/\/www.repsol.com\/content\/dam\/repsol-corporate\/es\/conocenos\/documentos-conocenos\/tpq-petronor-bilbao.pdf\"&#093;<\/div>-->\n<\/div><div class=\"col-lg-3 col-md-3 col-xs-12 col-sm-6\">\n<div class=\"tablaHeader derechadoMovil\">\n<div class=\"celda celdaIzquierda\"><h3>OLEODUCTO<\/h3><\/div>\n<div class=\"celda\"><div class=\"widgettitlewrapper\">&nbsp;<\/div><\/div>\n<\/div>\n<img loading=\"lazy\" decoding=\"async\" class=\"alignnone size-full wp-image-2645\" src=\"https:\/\/petronor.eus\/wp-content\/uploads\/2014\/12\/oleoducto-instalaciones-petronor.jpg\" alt=\"oleoducto-instalaciones-petronor\" width=\"371\" height=\"287\" \/><div style=\"margin-bottom:15px ; height:1px; clear:both;\"><\/div>\n<div class=\"separadorGris\"><\/div>\n<div style=\"margin-bottom:15px ; height:1px; clear:both;\"><\/div>\n\nLa Refiner\u00eda est\u00e1 conectada con la Terminal Mar\u00edtima mediante un poliducto, compuesto por las siguientes l\u00edneas:\n<div style=\"margin-bottom:15px ; height:1px; clear:both;\"><\/div>\n<ul class=\"listaReseteada listaFlechada paddinIzquierdo15XS\">\n \t<li>Propileno (6&#8243; de \u00d8).<\/li>\n \t<li>GLP (8&#8243; de \u00d8).<\/li>\n \t<li>Productos especiales (14&#8243; de \u00d8).<\/li>\n \t<li>2 de gasolina (2 \u00d7 12&#8243; de \u00d8).<\/li>\n \t<li>gas\u00f3leo (14&#8243; de \u00d8).<\/li>\n \t<li>1 de fuel\u00f3leo (1 \u00d7 20&#8243; de \u00d8).<\/li>\n \t<li>1 de crudo (42&#8243; de \u00d8).<\/li>\n<\/ul>\n<\/div>\n<\/div>\n<div style=\"margin-bottom:30px ; height:1px; clear:both;\"><\/div>\n\n<section id=\"acercade\">\n\n\n<div id=\"bloque2\" class=\"col-lg-3 col-md-3 col-sm-6 col-xs-12 nopadding\">\n\n<a href=\"https:\/\/petronor.eus\/es\/refineria\/instalaciones\/infografias\/asi-funciona-la-refineria\/\"><img loading=\"lazy\" decoding=\"async\" class=\"alignnone size-full wp-image-2459 imgZoom\" title=\"Ir a la infograf\u00eda\" src=\"\/wp-content\/uploads\/2014\/12\/asi-funciona-la-refineria.jpg\" alt=\"asi-funciona-la-refineria\" width=\"400\" height=\"400\" srcset=\"https:\/\/petronor.eus\/wp-content\/uploads\/2014\/12\/asi-funciona-la-refineria.jpg 400w, https:\/\/petronor.eus\/wp-content\/uploads\/2014\/12\/asi-funciona-la-refineria-150x150.jpg 150w, https:\/\/petronor.eus\/wp-content\/uploads\/2014\/12\/asi-funciona-la-refineria-300x300.jpg 300w, https:\/\/petronor.eus\/wp-content\/uploads\/2014\/12\/asi-funciona-la-refineria-70x70.jpg 70w\" sizes=\"(max-width: 400px) 100vw, 400px\" \/><\/a>\n<div class=\"caption\"><\/div>\n<div class=\"caption-text\">\n<h3 style=\"padding-bottom: 15px;\">As\u00ed funciona la refiner\u00eda<\/h3>\n<\/div>\n<\/div>\n<div id=\"bloque3\" class=\"col-lg-3 col-md-3 col-sm-6 col-xs-12 nopadding\"><a href=\"\/es\/refineria\/infografias\/curiosidades-y-datos\/\">\n<img loading=\"lazy\" decoding=\"async\" class=\"alignnone size-full wp-image-2784 imgZoom\" title=\"Ir a la infograf\u00eda\" src=\"https:\/\/petronor.eus\/wp-content\/uploads\/2014\/12\/curiosidades.jpg\" alt=\"curiosidades\" width=\"400\" height=\"400\" srcset=\"https:\/\/petronor.eus\/wp-content\/uploads\/2014\/12\/curiosidades.jpg 400w, https:\/\/petronor.eus\/wp-content\/uploads\/2014\/12\/curiosidades-150x150.jpg 150w, https:\/\/petronor.eus\/wp-content\/uploads\/2014\/12\/curiosidades-300x300.jpg 300w, https:\/\/petronor.eus\/wp-content\/uploads\/2014\/12\/curiosidades-70x70.jpg 70w\" sizes=\"(max-width: 400px) 100vw, 400px\" \/><\/a>\n<div class=\"caption\"><\/div>\n<div class=\"caption-text\">\n<h3 style=\"padding-bottom: 15px;\">Curiosidades<\/h3>\n<\/div>\n<\/div>\n<div id=\"bloque4\" class=\"col-lg-3 col-md-3 col-sm-6 col-xs-12 nopadding\"><a href=\"https:\/\/petronor.eus\/es\/refineria\/instalaciones\/infografias\/estaciones-de-servicio-para-ninos\/\">\n<img loading=\"lazy\" decoding=\"async\" class=\"alignnone size-full wp-image-2469 imgZoom\" title=\"Ir a la infograf\u00eda\" src=\"https:\/\/petronor.eus\/wp-content\/uploads\/2014\/12\/estaciones-para-ninios.jpg\" alt=\"estaciones-para-ninios\" width=\"400\" height=\"400\" srcset=\"https:\/\/petronor.eus\/wp-content\/uploads\/2014\/12\/estaciones-para-ninios.jpg 400w, https:\/\/petronor.eus\/wp-content\/uploads\/2014\/12\/estaciones-para-ninios-150x150.jpg 150w, https:\/\/petronor.eus\/wp-content\/uploads\/2014\/12\/estaciones-para-ninios-300x300.jpg 300w, https:\/\/petronor.eus\/wp-content\/uploads\/2014\/12\/estaciones-para-ninios-70x70.jpg 70w\" sizes=\"(max-width: 400px) 100vw, 400px\" \/><\/a>\n<div class=\"caption\"><\/div>\n<div class=\"caption-text\">\n<h3>Estaciones de servicio para ni\u00f1os<\/h3>\n<\/div>\n<\/div>\n\n<\/section>","protected":false},"excerpt":{"rendered":"As\u00ed funciona la refiner\u00eda Curiosidades Estaciones de servicio para ni\u00f1os","protected":false},"author":1,"featured_media":0,"parent":0,"menu_order":37,"comment_status":"open","ping_status":"open","template":"","meta":{"footnotes":""},"class_list":["post-32","page","type-page","status-publish","hentry"],"yoast_head":"<!-- This site is optimized with the Yoast SEO plugin v24.7 - https:\/\/yoast.com\/wordpress\/plugins\/seo\/ -->\n<title>Instalaciones de Petronor<\/title>\n<meta name=\"description\" content=\"Caracter\u00edsticas e infograf\u00edas del complejo industrial de Petronor: refiner\u00eda, oleoducto y terminal mar\u00edtimo.\" \/>\n<meta name=\"robots\" content=\"index, follow, max-snippet:-1, max-image-preview:large, max-video-preview:-1\" \/>\n<link rel=\"canonical\" href=\"https:\/\/petronor.eus\/es\/instalaciones\/\" \/>\n<meta property=\"og:locale\" content=\"es_ES\" \/>\n<meta property=\"og:type\" content=\"article\" \/>\n<meta property=\"og:title\" content=\"Instalaciones de Petronor\" \/>\n<meta property=\"og:description\" content=\"Caracter\u00edsticas e infograf\u00edas del complejo industrial de Petronor: refiner\u00eda, oleoducto y terminal mar\u00edtimo.\" \/>\n<meta property=\"og:url\" content=\"https:\/\/petronor.eus\/es\/instalaciones\/\" \/>\n<meta property=\"og:site_name\" content=\"Petronor\" \/>\n<meta property=\"article:modified_time\" content=\"2024-11-25T08:49:48+00:00\" \/>\n<meta property=\"og:image\" content=\"https:\/\/petronor.eus\/wp-content\/uploads\/2014\/12\/instalaciones-atardecer.jpg\" \/>\n<script type=\"application\/ld+json\" class=\"yoast-schema-graph\">{\"@context\":\"https:\/\/schema.org\",\"@graph\":[{\"@type\":\"WebPage\",\"@id\":\"https:\/\/petronor.eus\/es\/instalaciones\/\",\"url\":\"https:\/\/petronor.eus\/es\/instalaciones\/\",\"name\":\"Instalaciones de Petronor\",\"isPartOf\":{\"@id\":\"https:\/\/petronor.eus\/es\/#website\"},\"primaryImageOfPage\":{\"@id\":\"https:\/\/petronor.eus\/es\/instalaciones\/#primaryimage\"},\"image\":{\"@id\":\"https:\/\/petronor.eus\/es\/instalaciones\/#primaryimage\"},\"thumbnailUrl\":\"https:\/\/petronor.eus\/wp-content\/uploads\/2014\/12\/instalaciones-atardecer.jpg\",\"datePublished\":\"2014-12-15T12:20:11+00:00\",\"dateModified\":\"2024-11-25T08:49:48+00:00\",\"description\":\"Caracter\u00edsticas e infograf\u00edas del complejo industrial de Petronor: refiner\u00eda, oleoducto y terminal mar\u00edtimo.\",\"breadcrumb\":{\"@id\":\"https:\/\/petronor.eus\/es\/instalaciones\/#breadcrumb\"},\"inLanguage\":\"es-ES\",\"potentialAction\":[{\"@type\":\"ReadAction\",\"target\":[\"https:\/\/petronor.eus\/es\/instalaciones\/\"]}]},{\"@type\":\"ImageObject\",\"inLanguage\":\"es-ES\",\"@id\":\"https:\/\/petronor.eus\/es\/instalaciones\/#primaryimage\",\"url\":\"https:\/\/petronor.eus\/wp-content\/uploads\/2014\/12\/instalaciones-atardecer.jpg\",\"contentUrl\":\"https:\/\/petronor.eus\/wp-content\/uploads\/2014\/12\/instalaciones-atardecer.jpg\"},{\"@type\":\"BreadcrumbList\",\"@id\":\"https:\/\/petronor.eus\/es\/instalaciones\/#breadcrumb\",\"itemListElement\":[{\"@type\":\"ListItem\",\"position\":1,\"name\":\"Home\",\"item\":\"https:\/\/petronor.eus\/es\/\"},{\"@type\":\"ListItem\",\"position\":2,\"name\":\"INSTALACIONES\"}]},{\"@type\":\"WebSite\",\"@id\":\"https:\/\/petronor.eus\/es\/#website\",\"url\":\"https:\/\/petronor.eus\/es\/\",\"name\":\"Petronor\",\"description\":\"\",\"potentialAction\":[{\"@type\":\"SearchAction\",\"target\":{\"@type\":\"EntryPoint\",\"urlTemplate\":\"https:\/\/petronor.eus\/es\/?s={search_term_string}\"},\"query-input\":{\"@type\":\"PropertyValueSpecification\",\"valueRequired\":true,\"valueName\":\"search_term_string\"}}],\"inLanguage\":\"es-ES\"}]}<\/script>\n<!-- \/ Yoast SEO plugin. -->","yoast_head_json":{"title":"Instalaciones de Petronor","description":"Caracter\u00edsticas e infograf\u00edas del complejo industrial de Petronor: refiner\u00eda, oleoducto y terminal mar\u00edtimo.","robots":{"index":"index","follow":"follow","max-snippet":"max-snippet:-1","max-image-preview":"max-image-preview:large","max-video-preview":"max-video-preview:-1"},"canonical":"https:\/\/petronor.eus\/es\/instalaciones\/","og_locale":"es_ES","og_type":"article","og_title":"Instalaciones de Petronor","og_description":"Caracter\u00edsticas e infograf\u00edas del complejo industrial de Petronor: refiner\u00eda, oleoducto y terminal mar\u00edtimo.","og_url":"https:\/\/petronor.eus\/es\/instalaciones\/","og_site_name":"Petronor","article_modified_time":"2024-11-25T08:49:48+00:00","og_image":[{"url":"https:\/\/petronor.eus\/wp-content\/uploads\/2014\/12\/instalaciones-atardecer.jpg","type":"","width":"","height":""}],"schema":{"@context":"https:\/\/schema.org","@graph":[{"@type":"WebPage","@id":"https:\/\/petronor.eus\/es\/instalaciones\/","url":"https:\/\/petronor.eus\/es\/instalaciones\/","name":"Instalaciones de Petronor","isPartOf":{"@id":"https:\/\/petronor.eus\/es\/#website"},"primaryImageOfPage":{"@id":"https:\/\/petronor.eus\/es\/instalaciones\/#primaryimage"},"image":{"@id":"https:\/\/petronor.eus\/es\/instalaciones\/#primaryimage"},"thumbnailUrl":"https:\/\/petronor.eus\/wp-content\/uploads\/2014\/12\/instalaciones-atardecer.jpg","datePublished":"2014-12-15T12:20:11+00:00","dateModified":"2024-11-25T08:49:48+00:00","description":"Caracter\u00edsticas e infograf\u00edas del complejo industrial de Petronor: refiner\u00eda, oleoducto y terminal mar\u00edtimo.","breadcrumb":{"@id":"https:\/\/petronor.eus\/es\/instalaciones\/#breadcrumb"},"inLanguage":"es-ES","potentialAction":[{"@type":"ReadAction","target":["https:\/\/petronor.eus\/es\/instalaciones\/"]}]},{"@type":"ImageObject","inLanguage":"es-ES","@id":"https:\/\/petronor.eus\/es\/instalaciones\/#primaryimage","url":"https:\/\/petronor.eus\/wp-content\/uploads\/2014\/12\/instalaciones-atardecer.jpg","contentUrl":"https:\/\/petronor.eus\/wp-content\/uploads\/2014\/12\/instalaciones-atardecer.jpg"},{"@type":"BreadcrumbList","@id":"https:\/\/petronor.eus\/es\/instalaciones\/#breadcrumb","itemListElement":[{"@type":"ListItem","position":1,"name":"Home","item":"https:\/\/petronor.eus\/es\/"},{"@type":"ListItem","position":2,"name":"INSTALACIONES"}]},{"@type":"WebSite","@id":"https:\/\/petronor.eus\/es\/#website","url":"https:\/\/petronor.eus\/es\/","name":"Petronor","description":"","potentialAction":[{"@type":"SearchAction","target":{"@type":"EntryPoint","urlTemplate":"https:\/\/petronor.eus\/es\/?s={search_term_string}"},"query-input":{"@type":"PropertyValueSpecification","valueRequired":true,"valueName":"search_term_string"}}],"inLanguage":"es-ES"}]}},"_links":{"self":[{"href":"https:\/\/petronor.eus\/es\/wp-json\/wp\/v2\/pages\/32","targetHints":{"allow":["GET"]}}],"collection":[{"href":"https:\/\/petronor.eus\/es\/wp-json\/wp\/v2\/pages"}],"about":[{"href":"https:\/\/petronor.eus\/es\/wp-json\/wp\/v2\/types\/page"}],"author":[{"embeddable":true,"href":"https:\/\/petronor.eus\/es\/wp-json\/wp\/v2\/users\/1"}],"replies":[{"embeddable":true,"href":"https:\/\/petronor.eus\/es\/wp-json\/wp\/v2\/comments?post=32"}],"version-history":[{"count":200,"href":"https:\/\/petronor.eus\/es\/wp-json\/wp\/v2\/pages\/32\/revisions"}],"predecessor-version":[{"id":77818,"href":"https:\/\/petronor.eus\/es\/wp-json\/wp\/v2\/pages\/32\/revisions\/77818"}],"wp:attachment":[{"href":"https:\/\/petronor.eus\/es\/wp-json\/wp\/v2\/media?parent=32"}],"curies":[{"name":"wp","href":"https:\/\/api.w.org\/{rel}","templated":true}]}}