{"id":32382,"date":"2016-03-02T16:42:38","date_gmt":"2016-03-02T14:42:38","guid":{"rendered":"https:\/\/petronor.eus\/?page_id=32382"},"modified":"2019-12-18T13:24:38","modified_gmt":"2019-12-18T12:24:38","slug":"formacion-para-periodistas","status":"publish","type":"page","link":"https:\/\/petronor.eus\/es\/patrocinio\/cultural\/formacion-para-periodistas\/","title":{"rendered":"FORMACI\u00d3N PARA PERIODISTAS"},"content":{"rendered":"<div class=\"row introBlock full-width-section primeraFila\">\r\n<div class=\"col-lg-2 col-md-3 col-xs-12 col-sm-12\">\r\n<div class=\"menu-menu_cultural-container\"><ul id=\"menu-menu_cultural\" class=\"subnav\"><li id=\"menu-item-32392\" class=\"menu-item menu-item-type-post_type menu-item-object-page menu-item-32392\"><a href=\"https:\/\/petronor.eus\/es\/patrocinio\/cultural\/formacion-para-periodistas\/\">FORMACI\u00d3N PARA PERIODISTAS<\/a><\/li>\n<li id=\"menu-item-40466\" class=\"menu-item menu-item-type-post_type menu-item-object-page menu-item-40466\"><a href=\"https:\/\/petronor.eus\/es\/patrocinio\/cultural\/jornada-un-futuro-sin-limites-para-nuestras-hijas\/\">JORNADA: UN FUTURO SIN L\u00cdMITES PARA NUESTRAS HIJAS<\/a><\/li>\n<\/ul><\/div>\r\n<\/div>\r\n<div class=\"col-lg-3 col-md-3 col-xs-12 col-sm-12\">\r\n<h1 style=\"margin-top: 0;\">CURSO DE FORMACI\u00d3N SOBRE REFINO PARA PERIODISTAS<\/h1>\r\n<p class=\"font18\" style=\"font-size: 18px!important;\"><b>Petronor, en colaboraci\u00f3n con la Asociaci\u00f3n y el Colegio de Periodistas Vascos, organiza anualmente un curso formativo sobre la actividad de refino de crudo para periodistas.<\/b><\/p>\r\nEl III Curso de Formaci\u00f3n se realizar\u00e1 el pr\u00f3ximo 12 de abril de 2016.\r\n\r\n<\/div>\r\n<div class=\"no-padding-right-child\"><div class=\"col-lg-7 col-md-5 col-xs-12 col-sm-12\">\r\n<img loading=\"lazy\" decoding=\"async\" class=\"alignnone size-full wp-image-2228 fullwidth\" src=\"\/wp-content\/uploads\/2016\/02\/destacado-curso.jpg\" alt=\"irakurraldia\" width=\"584\" height=\"337\" \/><\/div><\/div>\r\n<\/div>\r\n<div class=\"row \">\r\n<div class=\"col-lg-5 col-md-10 col-sm-12 col-xs-12 col-lg-offset-2 col-md-offset-1 egitaraua-col\">\r\n\r\n<div class=\"tablaHeader derechadoMovil\">\n<div class=\"celda celdaIzquierda\"><h3>CURSO 2016<\/h3><\/div>\n<div class=\"celda\"><div class=\"widgettitlewrapper\">&nbsp;<\/div><\/div>\n<\/div>\r\n\r\nPetronor, en colaboraci\u00f3n con la Asociaci\u00f3n y el Colegio de Periodistas Vascos, organizar\u00e1 el <b>12 de abril de 2016<\/b>, su tercer Curso de Formaci\u00f3n sobre la actividad de refino de crudo para periodistas.\r\n\r\nDurante el curso, impartido por directivos de la compa\u00f1\u00eda -entre ellos su presidente, <b>Emiliano L\u00f3pez-Atxurra<\/b>, y su consejero de delegado, <b>Andreu Pu\u00f1et<\/b>&#8211; se abordar\u00e1 la situaci\u00f3n del mercado mundial del petr\u00f3leo, la planificaci\u00f3n estrat\u00e9gica en Petronor, la actividad competitiva y sostenible del Refino, y la importancia de la seguridad y el respeto al medio ambiente, entre otros aspectos.\r\n\r\nPosteriormente, se realizar\u00e1 un recorrido por las instalaciones de la refiner\u00eda, se conocer\u00e1 de cerca la sala de control del URF y se visitar\u00e1 la terminal mar\u00edtima.\r\n<div class=\"titulo-rojo\">INSCRIPCI\u00d3N<\/div>\r\n<p class=\"parrafoDestacado\">Quien desee participar puede inscribirse en la Asociaci\u00f3n de Periodistas Vascos: <a href=\"mailto:asociacion@periodistasvascos.com\">asociacion@periodistasvascos.com<\/a><\/p>\r\n\r\nEl plazo para la inscripci\u00f3n finaliza el 7 de abril (Grupo: 15 personas m\u00e1ximo).\r\n\r\n<\/div>\r\n<!-- FIN PARTE IZQUIERDA -->\r\n<div class=\"col-lg-4 col-md-10 col-sm-12 col-xs-12 col-lg-offset-1 col-md-offset-1 right-col-row\"><div class=\"tablaHeader derechadoMovil\">\n<div class=\"celda celdaIzquierda\"><h3>PROGRAMA 2016<\/h3><\/div>\n<div class=\"celda\"><div class=\"widgettitlewrapper\">&nbsp;<\/div><\/div>\n<\/div>\r\n<div class=\"row unPDF\"><a href=\"\/wp-content\/uploads\/2016\/03\/periodistas.pdf\" target=\"_blank\"><div class=\"col-lg-10 col-md-10 col-sm-10 col-xs-10\">Descarga programa 2016<\/div><div class=\"col-lg-2 col-md-2 col-sm-2 col-xs-2 iconoDescarga\">&nbsp;<\/div><\/a><\/div>\r\n<div class=\"tablaHeader derechadoMovil\">\n<div class=\"celda celdaIzquierda\"><h3>ORGANIZADORES<\/h3><\/div>\n<div class=\"celda\"><div class=\"widgettitlewrapper\">&nbsp;<\/div><\/div>\n<\/div>\r\n<p style=\"margin-top: 30px;\"><a href=\"http:\/\/www.periodistasvascos.com\/\" target=\"_blank\"><img decoding=\"async\" class=\"squareImg\" style=\"margin-right: 55px;\" src=\"\/wp-content\/uploads\/2016\/02\/EKE-logo.jpg\" alt=\"EKE\" \/><\/a>\r\n<a href=\"http:\/\/www.periodistasvascos.com\/\" target=\"_blank\"><img decoding=\"async\" class=\"squareImg\" src=\"\/wp-content\/uploads\/2016\/02\/cvp-logo.png\" alt=\"CVP\" \/><\/a>\r\n<img decoding=\"async\" style=\"margin-top: 30px;\" src=\"\/wp-content\/themes\/petronor\/img\/pt-logo.png\" alt=\"Petronor\" \/><\/p>\r\n\r\n<\/div>\r\n<!-- FIN PARTE DERECHA -->\r\n<\/div>","protected":false},"excerpt":{"rendered":"","protected":false},"author":3,"featured_media":0,"parent":44,"menu_order":0,"comment_status":"open","ping_status":"open","template":"","meta":{"footnotes":""},"class_list":["post-32382","page","type-page","status-publish","hentry"],"yoast_head":"<!-- This site is optimized with the Yoast SEO plugin v24.7 - https:\/\/yoast.com\/wordpress\/plugins\/seo\/ -->\n<title>Curso de Formaci\u00f3n para periodistas sobre refino - Petronor<\/title>\n<meta name=\"description\" content=\"Petronor, en colaboraci\u00f3n con la Asociaci\u00f3n y el Colegio de Periodistas Vascos, organiza este curso sobre la actividad de refino de crudo para periodistas.\" \/>\n<meta name=\"robots\" content=\"index, follow, max-snippet:-1, max-image-preview:large, max-video-preview:-1\" \/>\n<link rel=\"canonical\" href=\"https:\/\/petronor.eus\/es\/patrocinio\/cultural\/formacion-para-periodistas\/\" \/>\n<meta property=\"og:locale\" content=\"es_ES\" \/>\n<meta property=\"og:type\" content=\"article\" \/>\n<meta property=\"og:title\" content=\"Curso de Formaci\u00f3n para periodistas sobre refino - Petronor\" \/>\n<meta property=\"og:description\" content=\"Petronor, en colaboraci\u00f3n con la Asociaci\u00f3n y el Colegio de Periodistas Vascos, organiza este curso sobre la actividad de refino de crudo para periodistas.\" \/>\n<meta property=\"og:url\" content=\"https:\/\/petronor.eus\/es\/patrocinio\/cultural\/formacion-para-periodistas\/\" \/>\n<meta property=\"og:site_name\" content=\"Petronor\" \/>\n<meta property=\"article:modified_time\" content=\"2019-12-18T12:24:38+00:00\" \/>\n<meta name=\"twitter:label1\" content=\"Est. reading time\" \/>\n\t<meta name=\"twitter:data1\" content=\"1 minute\" \/>\n<script type=\"application\/ld+json\" class=\"yoast-schema-graph\">{\"@context\":\"https:\/\/schema.org\",\"@graph\":[{\"@type\":\"WebPage\",\"@id\":\"https:\/\/petronor.eus\/es\/patrocinio\/cultural\/formacion-para-periodistas\/\",\"url\":\"https:\/\/petronor.eus\/es\/patrocinio\/cultural\/formacion-para-periodistas\/\",\"name\":\"Curso de Formaci\u00f3n para periodistas sobre refino - Petronor\",\"isPartOf\":{\"@id\":\"https:\/\/petronor.eus\/es\/#website\"},\"datePublished\":\"2016-03-02T14:42:38+00:00\",\"dateModified\":\"2019-12-18T12:24:38+00:00\",\"description\":\"Petronor, en colaboraci\u00f3n con la Asociaci\u00f3n y el Colegio de Periodistas Vascos, organiza este curso sobre la actividad de refino de crudo para periodistas.\",\"breadcrumb\":{\"@id\":\"https:\/\/petronor.eus\/es\/patrocinio\/cultural\/formacion-para-periodistas\/#breadcrumb\"},\"inLanguage\":\"es-ES\",\"potentialAction\":[{\"@type\":\"ReadAction\",\"target\":[\"https:\/\/petronor.eus\/es\/patrocinio\/cultural\/formacion-para-periodistas\/\"]}]},{\"@type\":\"BreadcrumbList\",\"@id\":\"https:\/\/petronor.eus\/es\/patrocinio\/cultural\/formacion-para-periodistas\/#breadcrumb\",\"itemListElement\":[{\"@type\":\"ListItem\",\"position\":1,\"name\":\"Home\",\"item\":\"https:\/\/petronor.eus\/es\/\"},{\"@type\":\"ListItem\",\"position\":2,\"name\":\"PATROCINIO\",\"item\":\"https:\/\/petronor.eus\/es\/patrocinio\/\"},{\"@type\":\"ListItem\",\"position\":3,\"name\":\"CULTURAL\",\"item\":\"https:\/\/petronor.eus\/es\/patrocinio\/cultural\/\"},{\"@type\":\"ListItem\",\"position\":4,\"name\":\"FORMACI\u00d3N PARA PERIODISTAS\"}]},{\"@type\":\"WebSite\",\"@id\":\"https:\/\/petronor.eus\/es\/#website\",\"url\":\"https:\/\/petronor.eus\/es\/\",\"name\":\"Petronor\",\"description\":\"\",\"potentialAction\":[{\"@type\":\"SearchAction\",\"target\":{\"@type\":\"EntryPoint\",\"urlTemplate\":\"https:\/\/petronor.eus\/es\/?s={search_term_string}\"},\"query-input\":{\"@type\":\"PropertyValueSpecification\",\"valueRequired\":true,\"valueName\":\"search_term_string\"}}],\"inLanguage\":\"es-ES\"}]}<\/script>\n<!-- \/ Yoast SEO plugin. -->","yoast_head_json":{"title":"Curso de Formaci\u00f3n para periodistas sobre refino - Petronor","description":"Petronor, en colaboraci\u00f3n con la Asociaci\u00f3n y el Colegio de Periodistas Vascos, organiza este curso sobre la actividad de refino de crudo para periodistas.","robots":{"index":"index","follow":"follow","max-snippet":"max-snippet:-1","max-image-preview":"max-image-preview:large","max-video-preview":"max-video-preview:-1"},"canonical":"https:\/\/petronor.eus\/es\/patrocinio\/cultural\/formacion-para-periodistas\/","og_locale":"es_ES","og_type":"article","og_title":"Curso de Formaci\u00f3n para periodistas sobre refino - Petronor","og_description":"Petronor, en colaboraci\u00f3n con la Asociaci\u00f3n y el Colegio de Periodistas Vascos, organiza este curso sobre la actividad de refino de crudo para periodistas.","og_url":"https:\/\/petronor.eus\/es\/patrocinio\/cultural\/formacion-para-periodistas\/","og_site_name":"Petronor","article_modified_time":"2019-12-18T12:24:38+00:00","twitter_misc":{"Est. reading time":"1 minute"},"schema":{"@context":"https:\/\/schema.org","@graph":[{"@type":"WebPage","@id":"https:\/\/petronor.eus\/es\/patrocinio\/cultural\/formacion-para-periodistas\/","url":"https:\/\/petronor.eus\/es\/patrocinio\/cultural\/formacion-para-periodistas\/","name":"Curso de Formaci\u00f3n para periodistas sobre refino - Petronor","isPartOf":{"@id":"https:\/\/petronor.eus\/es\/#website"},"datePublished":"2016-03-02T14:42:38+00:00","dateModified":"2019-12-18T12:24:38+00:00","description":"Petronor, en colaboraci\u00f3n con la Asociaci\u00f3n y el Colegio de Periodistas Vascos, organiza este curso sobre la actividad de refino de crudo para periodistas.","breadcrumb":{"@id":"https:\/\/petronor.eus\/es\/patrocinio\/cultural\/formacion-para-periodistas\/#breadcrumb"},"inLanguage":"es-ES","potentialAction":[{"@type":"ReadAction","target":["https:\/\/petronor.eus\/es\/patrocinio\/cultural\/formacion-para-periodistas\/"]}]},{"@type":"BreadcrumbList","@id":"https:\/\/petronor.eus\/es\/patrocinio\/cultural\/formacion-para-periodistas\/#breadcrumb","itemListElement":[{"@type":"ListItem","position":1,"name":"Home","item":"https:\/\/petronor.eus\/es\/"},{"@type":"ListItem","position":2,"name":"PATROCINIO","item":"https:\/\/petronor.eus\/es\/patrocinio\/"},{"@type":"ListItem","position":3,"name":"CULTURAL","item":"https:\/\/petronor.eus\/es\/patrocinio\/cultural\/"},{"@type":"ListItem","position":4,"name":"FORMACI\u00d3N PARA PERIODISTAS"}]},{"@type":"WebSite","@id":"https:\/\/petronor.eus\/es\/#website","url":"https:\/\/petronor.eus\/es\/","name":"Petronor","description":"","potentialAction":[{"@type":"SearchAction","target":{"@type":"EntryPoint","urlTemplate":"https:\/\/petronor.eus\/es\/?s={search_term_string}"},"query-input":{"@type":"PropertyValueSpecification","valueRequired":true,"valueName":"search_term_string"}}],"inLanguage":"es-ES"}]}},"_links":{"self":[{"href":"https:\/\/petronor.eus\/es\/wp-json\/wp\/v2\/pages\/32382","targetHints":{"allow":["GET"]}}],"collection":[{"href":"https:\/\/petronor.eus\/es\/wp-json\/wp\/v2\/pages"}],"about":[{"href":"https:\/\/petronor.eus\/es\/wp-json\/wp\/v2\/types\/page"}],"author":[{"embeddable":true,"href":"https:\/\/petronor.eus\/es\/wp-json\/wp\/v2\/users\/3"}],"replies":[{"embeddable":true,"href":"https:\/\/petronor.eus\/es\/wp-json\/wp\/v2\/comments?post=32382"}],"version-history":[{"count":7,"href":"https:\/\/petronor.eus\/es\/wp-json\/wp\/v2\/pages\/32382\/revisions"}],"predecessor-version":[{"id":61895,"href":"https:\/\/petronor.eus\/es\/wp-json\/wp\/v2\/pages\/32382\/revisions\/61895"}],"up":[{"embeddable":true,"href":"https:\/\/petronor.eus\/es\/wp-json\/wp\/v2\/pages\/44"}],"wp:attachment":[{"href":"https:\/\/petronor.eus\/es\/wp-json\/wp\/v2\/media?parent=32382"}],"curies":[{"name":"wp","href":"https:\/\/api.w.org\/{rel}","templated":true}]}}