{"id":34,"date":"2014-12-15T12:20:28","date_gmt":"2014-12-15T12:20:28","guid":{"rendered":"https:\/\/petronor.eus\/?page_id=34"},"modified":"2024-11-20T14:29:27","modified_gmt":"2024-11-20T13:29:27","slug":"productos","status":"publish","type":"page","link":"https:\/\/petronor.eus\/es\/instalaciones\/productos\/","title":{"rendered":"PRODUCTOS"},"content":{"rendered":"<div class=\"row nomargintop introBlock full-width-section primeraFila productosR1\">\n<div class=\"col-lg-4 col-md-4 col-sm-12 col-xs-12\">\n<h1>PRODUCTOS<\/h1>\n<p class=\"font18\" style=\"font-size: 18px!important;\">Petronor obtiene productos del petr\u00f3leo que luego, una vez tratados qu\u00edmicamente dentro o fuera de la Refiner\u00eda de Muskiz, se convertir\u00e1n en muchos de los art\u00edculos de consumo que hacen la vida m\u00e1s sencilla y c\u00f3moda.<\/p>\n\n<div class=\"separadorGris\"><\/div>\n<div style=\"margin-bottom:20px ; height:1px; clear:both;\"><\/div>\n\nAunque la lista es muy amplia, los m\u00e1s relevantes son los siguientes:\n<div class=\"rayaGris\"><\/div>\n<\/div>\n<div id=\"imgp2\" class=\"col-lg-8 col-md-8 col-sm-8 col-xs-12 hidden-sm hidden-xs\"><img decoding=\"async\" class=\"imagenTop imgProducto2\" src=\"https:\/\/petronor.eus\/wp-content\/uploads\/2014\/12\/productos_top_1.jpg\" alt=\"producto1\" \/><\/div>\n<\/div>\n\n<div style=\"margin-bottom:30px ; height:1px; clear:both;\"><\/div>\n<div class=\"row tablaProductos\">\n<div class=\"col-lg-3 col-md-3 col-xs-12 col-sm-6\">\n<img loading=\"lazy\" decoding=\"async\" class=\"bajaAlpha alignnone wp-image-272 size-full\" src=\"https:\/\/petronor.eus\/wp-content\/uploads\/2014\/12\/producto1.jpg\" alt=\"Butano\" width=\"372\" height=\"262\" \/>\n<div style=\"\" id=\"\" class=\"productoLink\">GASES LICUADOS DEL PETR\u00d3LEO (BUTANO Y PROPANO)\n<div class=\"muestraExpliacionProducto\">Son los productos para surtir de energ\u00eda y calor a los hogares.<\/div>\n<\/div>\n<\/div>\n<div class=\"col-lg-3 col-md-3 col-xs-12 col-sm-6\">\n<img loading=\"lazy\" decoding=\"async\" class=\"bajaAlpha alignnone wp-image-277 size-full\" src=\"https:\/\/petronor.eus\/wp-content\/uploads\/2014\/12\/refineria_naftas.jpg\" alt=\"Naftas\" width=\"372\" height=\"262\" \/><div style=\"\" id=\"\" class=\"productoLink\">NAFTAS\n<div class=\"muestraExpliacionProducto\">De este elemento se obtiene la base para la fabricaci\u00f3n de pl\u00e1sticos, componentes farmaceuticos y otros productos.<\/div>\n<\/div>\n<\/div>\n<div class=\"col-lg-3 col-md-3 col-xs-12 col-sm-6\">\n<img loading=\"lazy\" decoding=\"async\" class=\"bajaAlpha alignnone wp-image-278 size-full\" src=\"https:\/\/petronor.eus\/wp-content\/uploads\/2014\/12\/refineria_queroseno.jpg\" alt=\"Queroseno\" width=\"372\" height=\"262\" \/><div style=\"\" id=\"\" class=\"productoLink\">QUEROSENO\n<div class=\"muestraExpliacionProducto\">El uso m\u00e1s frecuente de este producto es el de combustible para aviones.<\/div>\n<\/div>\n<\/div>\n<div class=\"col-lg-3 col-md-3 col-xs-12 col-sm-6\">\n<img loading=\"lazy\" decoding=\"async\" class=\"bajaAlpha alignnone wp-image-279 size-full\" src=\"https:\/\/petronor.eus\/wp-content\/uploads\/2014\/12\/refineria-gasoleos.jpg\" alt=\"Gas\u00f3leos\" width=\"372\" height=\"262\" \/><div style=\"\" id=\"\" class=\"productoLink\">GAS\u00d3LEOS\n<div class=\"muestraExpliacionProducto\">Este derivado sirve como fuente de calor y energ\u00eda en el hogar, adem\u00e1s de su uso extendido como combustible para cada vez m\u00e1s veh\u00edculos. Su distribuci\u00f3n tambi\u00e9n se efect\u00faa a trav\u00e9s de la red de gasolineras.<\/div>\n<\/div>\n<\/div>\n<div style=\"margin-bottom:30px ; height:1px; clear:both;\"><\/div>\n<div class=\"col-lg-3 col-md-3 col-xs-12 col-sm-6\">\n<img loading=\"lazy\" decoding=\"async\" class=\"bajaAlpha alignnone wp-image-280 size-full\" src=\"https:\/\/petronor.eus\/wp-content\/uploads\/2014\/12\/refineria-fueloleos.jpg\" alt=\"Fuel\u00f3leos\" width=\"372\" height=\"262\" \/><div style=\"\" id=\"\" class=\"productoLink\">FUEL\u00d3LEOS\n<div class=\"muestraExpliacionProducto\">La parte m\u00e1s pesada del petr\u00f3leo da lugar a fuel\u00f3leo, cuyo fin es formar parte de la base de los combustibles industriales, pero que actualmente est\u00e1 cayendo en desuso.<\/div>\n<\/div>\n<\/div>\n\n<div class=\"col-lg-3 col-md-3 col-xs-12 col-sm-6\"><img loading=\"lazy\" decoding=\"async\" class=\"bajaAlpha alignnone wp-image-575 size-full\" src=\"https:\/\/petronor.eus\/wp-content\/uploads\/2014\/12\/refineria-gasolinas2.jpg\" alt=\"Gasolinas\" width=\"372\" height=\"262\" \/>\n<div style=\"\" id=\"\" class=\"productoLink\">GASOLINAS\n<div class=\"muestraExpliacionProducto\">Utilizando las naftas como materia prima se obtiene este combustible tan com\u00fan en la automoci\u00f3n, que llega hasta el mercado a trav\u00e9s de la red de estaciones de servicio propia.<\/div>\n<\/div><\/div>\n\n<div class=\"col-lg-3 col-md-3 col-xs-12 col-sm-6\">\n<img loading=\"lazy\" decoding=\"async\" class=\"bajaAlpha alignnone wp-image-281 size-full\" src=\"https:\/\/petronor.eus\/wp-content\/uploads\/2014\/12\/refineria-asfaltos.jpg\" alt=\"Asfaltos\" width=\"372\" height=\"262\" \/><div style=\"\" id=\"\" class=\"productoLink\">ASFALTOS\n<div class=\"muestraExpliacionProducto\">Finalmente, los componentes m\u00e1s pesados que quedan tras el proceso de destilaci\u00f3n se emplean para crear asfaltos, utilizados en carreteras, autopistas y derivados en materiales de construcci\u00f3n.<\/div>\n<\/div>\n<\/div>\n\n<div class=\"col-lg-3 col-md-3 col-xs-12 col-sm-6\">\n<img loading=\"lazy\" decoding=\"async\" class=\"bajaAlpha alignnone wp-image-281 size-full\" src=\"\/wp-content\/uploads\/2024\/11\/azufre1.png\" alt=\"AZUFRE\" width=\"372\" height=\"262\" \/><div style=\"\" id=\"\" class=\"productoLink\">AZUFRE\n<div class=\"muestraExpliacionProducto\" style=\"font-size:14px !important;\">El azufre se obtiene a partir de los procesos de purificaci\u00f3n de los gas\u00f3leos y gasolinas. Se utiliza principalmente en la producci\u00f3n de \u00e1cido sulf\u00farico, esencial para muchas industrias, y en la fabricaci\u00f3n de productos como jabones, blanqueadores de papel y f\u00f3sforos.<\/div>\n<\/div>\n<\/div>\n\n<div style=\"margin-bottom:30px ; height:1px; clear:both;\"><\/div>\n<div class=\"col-lg-3 col-md-3 col-xs-12 col-sm-6\">\n<img loading=\"lazy\" decoding=\"async\" class=\"bajaAlpha alignnone wp-image-280 size-full\" src=\"\/wp-content\/uploads\/2024\/11\/propileno.png\" alt=\"Propileno\" width=\"372\" height=\"262\" \/><div style=\"\" id=\"\" class=\"productoLink\">PROPILENO\n<div class=\"muestraExpliacionProducto\" style=\"font-size:12px !important;\">El propileno, es un hidrocarburo incoloro y pr\u00e1cticamente inodoro. En Petronor se obtiene en el proceso de cracking catal\u00edtico o FCC. Este producto se utiliza ampliamente en la industria petroqu\u00edmica para la producci\u00f3n de pl\u00e1sticos as\u00ed como en la fabricaci\u00f3n de productos qu\u00edmicos. Adem\u00e1s, es un componente esencial en la producci\u00f3n de fibras sint\u00e9ticas y otros materiales industriales.<\/div>\n<\/div>\n<\/div>\n\n<div class=\"col-lg-3 col-md-3 col-xs-12 col-sm-6\">\n<img loading=\"lazy\" decoding=\"async\" class=\"bajaAlpha alignnone wp-image-280 size-full\" src=\"\/wp-content\/uploads\/2024\/11\/coque.png\" alt=\"Coque\" width=\"372\" height=\"262\" \/><div style=\"\" id=\"\" class=\"productoLink\">COQUE\n<div class=\"muestraExpliacionProducto\" style=\"font-size:12px !important;\">El coque de petr\u00f3leo es un subproducto s\u00f3lido y carbonoso que se obtiene en el proceso de coquizaci\u00f3n retardada.. Se utiliza principalmente como combustible en cementeras debido a su alto contenido energ\u00e9tico. Adem\u00e1s, el coque de petr\u00f3leo se emplea en la producci\u00f3n de \u00e1nodos para la obtenci\u00f3n de aluminio y en la fabricaci\u00f3n de productos qu\u00edmicos.<\/div>\n<\/div>\n<\/div>\n\n<div class=\"col-lg-3 col-md-3 col-xs-12 col-sm-6\">\n<img loading=\"lazy\" decoding=\"async\" class=\"bajaAlpha alignnone wp-image-280 size-full\" src=\"\/wp-content\/uploads\/2024\/11\/dioxido.png\" alt=\"Di\u00f3xido de Carbono\" width=\"372\" height=\"262\" \/><div style=\"\" id=\"\" class=\"productoLink\">DI\u00d3XIDO DE CARBONO\n<div class=\"muestraExpliacionProducto\" style=\"font-size:11px !important;\">El di\u00f3xido de carbono (CO2) es un gas incoloro e inodoro que se obtiene principalmente como subproducto de la combusti\u00f3n y de diferentes reacciones qu\u00edmicas como el reformado con vapor. Se utiliza en la industria alimentaria para carbonatar bebidas, en sistemas de extinci\u00f3n de incendios y en la producci\u00f3n de productos qu\u00edmicos. Adem\u00e1s, el CO2 se emplea en la refrigeraci\u00f3n como hielo seco y en la producci\u00f3n de combustibles sint\u00e9ticos.<\/div>\n<\/div>\n<\/div>\n<\/div>","protected":false},"excerpt":{"rendered":"","protected":false},"author":1,"featured_media":0,"parent":32,"menu_order":5,"comment_status":"open","ping_status":"closed","template":"","meta":{"footnotes":""},"class_list":["post-34","page","type-page","status-publish","hentry"],"yoast_head":"<!-- This site is optimized with the Yoast SEO plugin v24.7 - https:\/\/yoast.com\/wordpress\/plugins\/seo\/ -->\n<title>Productos que elabora Petronor<\/title>\n<meta name=\"description\" content=\"Lista de productos obtenidos en la Refiner\u00eda de Petronor a partir del petr\u00f3leo: biodiesel, butano, propano, naftas, fuel\u00f3leos, asfaltos, gas\u00f3leos...\" \/>\n<meta name=\"robots\" content=\"index, follow, max-snippet:-1, max-image-preview:large, max-video-preview:-1\" \/>\n<link rel=\"canonical\" href=\"https:\/\/petronor.eus\/es\/instalaciones\/productos\/\" \/>\n<meta property=\"og:locale\" content=\"es_ES\" \/>\n<meta property=\"og:type\" content=\"article\" \/>\n<meta property=\"og:title\" content=\"Productos que elabora Petronor\" \/>\n<meta property=\"og:description\" content=\"Lista de productos obtenidos en la Refiner\u00eda de Petronor a partir del petr\u00f3leo: biodiesel, butano, propano, naftas, fuel\u00f3leos, asfaltos, gas\u00f3leos...\" \/>\n<meta property=\"og:url\" content=\"https:\/\/petronor.eus\/es\/instalaciones\/productos\/\" \/>\n<meta property=\"og:site_name\" content=\"Petronor\" \/>\n<meta property=\"article:modified_time\" content=\"2024-11-20T13:29:27+00:00\" \/>\n<meta property=\"og:image\" content=\"https:\/\/petronor.eus\/wp-content\/uploads\/2014\/12\/productos_top_1.jpg\" \/>\n<meta name=\"twitter:label1\" content=\"Est. reading time\" \/>\n\t<meta name=\"twitter:data1\" content=\"6 minutes\" \/>\n<script type=\"application\/ld+json\" class=\"yoast-schema-graph\">{\"@context\":\"https:\/\/schema.org\",\"@graph\":[{\"@type\":\"WebPage\",\"@id\":\"https:\/\/petronor.eus\/es\/instalaciones\/productos\/\",\"url\":\"https:\/\/petronor.eus\/es\/instalaciones\/productos\/\",\"name\":\"Productos que elabora Petronor\",\"isPartOf\":{\"@id\":\"https:\/\/petronor.eus\/es\/#website\"},\"primaryImageOfPage\":{\"@id\":\"https:\/\/petronor.eus\/es\/instalaciones\/productos\/#primaryimage\"},\"image\":{\"@id\":\"https:\/\/petronor.eus\/es\/instalaciones\/productos\/#primaryimage\"},\"thumbnailUrl\":\"https:\/\/petronor.eus\/wp-content\/uploads\/2014\/12\/productos_top_1.jpg\",\"datePublished\":\"2014-12-15T12:20:28+00:00\",\"dateModified\":\"2024-11-20T13:29:27+00:00\",\"description\":\"Lista de productos obtenidos en la Refiner\u00eda de Petronor a partir del petr\u00f3leo: biodiesel, butano, propano, naftas, fuel\u00f3leos, asfaltos, gas\u00f3leos...\",\"breadcrumb\":{\"@id\":\"https:\/\/petronor.eus\/es\/instalaciones\/productos\/#breadcrumb\"},\"inLanguage\":\"es-ES\",\"potentialAction\":[{\"@type\":\"ReadAction\",\"target\":[\"https:\/\/petronor.eus\/es\/instalaciones\/productos\/\"]}]},{\"@type\":\"ImageObject\",\"inLanguage\":\"es-ES\",\"@id\":\"https:\/\/petronor.eus\/es\/instalaciones\/productos\/#primaryimage\",\"url\":\"https:\/\/petronor.eus\/wp-content\/uploads\/2014\/12\/productos_top_1.jpg\",\"contentUrl\":\"https:\/\/petronor.eus\/wp-content\/uploads\/2014\/12\/productos_top_1.jpg\"},{\"@type\":\"BreadcrumbList\",\"@id\":\"https:\/\/petronor.eus\/es\/instalaciones\/productos\/#breadcrumb\",\"itemListElement\":[{\"@type\":\"ListItem\",\"position\":1,\"name\":\"Home\",\"item\":\"https:\/\/petronor.eus\/es\/\"},{\"@type\":\"ListItem\",\"position\":2,\"name\":\"INSTALACIONES\",\"item\":\"https:\/\/petronor.eus\/es\/instalaciones\/\"},{\"@type\":\"ListItem\",\"position\":3,\"name\":\"PRODUCTOS\"}]},{\"@type\":\"WebSite\",\"@id\":\"https:\/\/petronor.eus\/es\/#website\",\"url\":\"https:\/\/petronor.eus\/es\/\",\"name\":\"Petronor\",\"description\":\"\",\"potentialAction\":[{\"@type\":\"SearchAction\",\"target\":{\"@type\":\"EntryPoint\",\"urlTemplate\":\"https:\/\/petronor.eus\/es\/?s={search_term_string}\"},\"query-input\":{\"@type\":\"PropertyValueSpecification\",\"valueRequired\":true,\"valueName\":\"search_term_string\"}}],\"inLanguage\":\"es-ES\"}]}<\/script>\n<!-- \/ Yoast SEO plugin. -->","yoast_head_json":{"title":"Productos que elabora Petronor","description":"Lista de productos obtenidos en la Refiner\u00eda de Petronor a partir del petr\u00f3leo: biodiesel, butano, propano, naftas, fuel\u00f3leos, asfaltos, gas\u00f3leos...","robots":{"index":"index","follow":"follow","max-snippet":"max-snippet:-1","max-image-preview":"max-image-preview:large","max-video-preview":"max-video-preview:-1"},"canonical":"https:\/\/petronor.eus\/es\/instalaciones\/productos\/","og_locale":"es_ES","og_type":"article","og_title":"Productos que elabora Petronor","og_description":"Lista de productos obtenidos en la Refiner\u00eda de Petronor a partir del petr\u00f3leo: biodiesel, butano, propano, naftas, fuel\u00f3leos, asfaltos, gas\u00f3leos...","og_url":"https:\/\/petronor.eus\/es\/instalaciones\/productos\/","og_site_name":"Petronor","article_modified_time":"2024-11-20T13:29:27+00:00","og_image":[{"url":"https:\/\/petronor.eus\/wp-content\/uploads\/2014\/12\/productos_top_1.jpg","type":"","width":"","height":""}],"twitter_misc":{"Est. reading time":"6 minutes"},"schema":{"@context":"https:\/\/schema.org","@graph":[{"@type":"WebPage","@id":"https:\/\/petronor.eus\/es\/instalaciones\/productos\/","url":"https:\/\/petronor.eus\/es\/instalaciones\/productos\/","name":"Productos que elabora Petronor","isPartOf":{"@id":"https:\/\/petronor.eus\/es\/#website"},"primaryImageOfPage":{"@id":"https:\/\/petronor.eus\/es\/instalaciones\/productos\/#primaryimage"},"image":{"@id":"https:\/\/petronor.eus\/es\/instalaciones\/productos\/#primaryimage"},"thumbnailUrl":"https:\/\/petronor.eus\/wp-content\/uploads\/2014\/12\/productos_top_1.jpg","datePublished":"2014-12-15T12:20:28+00:00","dateModified":"2024-11-20T13:29:27+00:00","description":"Lista de productos obtenidos en la Refiner\u00eda de Petronor a partir del petr\u00f3leo: biodiesel, butano, propano, naftas, fuel\u00f3leos, asfaltos, gas\u00f3leos...","breadcrumb":{"@id":"https:\/\/petronor.eus\/es\/instalaciones\/productos\/#breadcrumb"},"inLanguage":"es-ES","potentialAction":[{"@type":"ReadAction","target":["https:\/\/petronor.eus\/es\/instalaciones\/productos\/"]}]},{"@type":"ImageObject","inLanguage":"es-ES","@id":"https:\/\/petronor.eus\/es\/instalaciones\/productos\/#primaryimage","url":"https:\/\/petronor.eus\/wp-content\/uploads\/2014\/12\/productos_top_1.jpg","contentUrl":"https:\/\/petronor.eus\/wp-content\/uploads\/2014\/12\/productos_top_1.jpg"},{"@type":"BreadcrumbList","@id":"https:\/\/petronor.eus\/es\/instalaciones\/productos\/#breadcrumb","itemListElement":[{"@type":"ListItem","position":1,"name":"Home","item":"https:\/\/petronor.eus\/es\/"},{"@type":"ListItem","position":2,"name":"INSTALACIONES","item":"https:\/\/petronor.eus\/es\/instalaciones\/"},{"@type":"ListItem","position":3,"name":"PRODUCTOS"}]},{"@type":"WebSite","@id":"https:\/\/petronor.eus\/es\/#website","url":"https:\/\/petronor.eus\/es\/","name":"Petronor","description":"","potentialAction":[{"@type":"SearchAction","target":{"@type":"EntryPoint","urlTemplate":"https:\/\/petronor.eus\/es\/?s={search_term_string}"},"query-input":{"@type":"PropertyValueSpecification","valueRequired":true,"valueName":"search_term_string"}}],"inLanguage":"es-ES"}]}},"_links":{"self":[{"href":"https:\/\/petronor.eus\/es\/wp-json\/wp\/v2\/pages\/34","targetHints":{"allow":["GET"]}}],"collection":[{"href":"https:\/\/petronor.eus\/es\/wp-json\/wp\/v2\/pages"}],"about":[{"href":"https:\/\/petronor.eus\/es\/wp-json\/wp\/v2\/types\/page"}],"author":[{"embeddable":true,"href":"https:\/\/petronor.eus\/es\/wp-json\/wp\/v2\/users\/1"}],"replies":[{"embeddable":true,"href":"https:\/\/petronor.eus\/es\/wp-json\/wp\/v2\/comments?post=34"}],"version-history":[{"count":199,"href":"https:\/\/petronor.eus\/es\/wp-json\/wp\/v2\/pages\/34\/revisions"}],"predecessor-version":[{"id":77594,"href":"https:\/\/petronor.eus\/es\/wp-json\/wp\/v2\/pages\/34\/revisions\/77594"}],"up":[{"embeddable":true,"href":"https:\/\/petronor.eus\/es\/wp-json\/wp\/v2\/pages\/32"}],"wp:attachment":[{"href":"https:\/\/petronor.eus\/es\/wp-json\/wp\/v2\/media?parent=34"}],"curies":[{"name":"wp","href":"https:\/\/api.w.org\/{rel}","templated":true}]}}