{"id":38,"date":"2014-12-15T12:21:04","date_gmt":"2014-12-15T12:21:04","guid":{"rendered":"https:\/\/petronor.eus\/?page_id=38"},"modified":"2024-11-18T13:17:39","modified_gmt":"2024-11-18T12:17:39","slug":"empleo","status":"publish","type":"page","link":"https:\/\/petronor.eus\/es\/nuestra-vision-de-la-sostenibilidad\/empleo\/","title":{"rendered":"EMPLEO"},"content":{"rendered":"<div class=\"row introBlock full-width-section\">\n<!--<div class=\"col-lg-3 col-md-3 col-sm-12 col-xs-12\"><img loading=\"lazy\" decoding=\"async\" class=\"alignnone size-full wp-image-354\" src=\"https:\/\/petronor.eus\/wp-content\/uploads\/2014\/12\/instalaciones1.jpg\" alt=\"instalaciones1\" width=\"651\" height=\"350\" srcset=\"https:\/\/petronor.eus\/wp-content\/uploads\/2014\/12\/instalaciones1.jpg 651w, https:\/\/petronor.eus\/wp-content\/uploads\/2014\/12\/instalaciones1-600x323.jpg 600w\" sizes=\"(max-width: 651px) 100vw, 651px\" \/><\/div>-->\n<div class=\"col-lg-3 col-md-3 col-xs-12 col-sm-12\"><div class=\"menu-menu_compromisos-container\"><ul id=\"menu-menu_compromisos\" class=\"subnav\"><li id=\"menu-item-1595\" class=\"menu-item menu-item-type-post_type menu-item-object-page menu-item-1595\"><a href=\"https:\/\/petronor.eus\/es\/nuestra-vision-de-la-sostenibilidad\/compromiso-con-el-medio-ambiente\/\">MEDIO AMBIENTE<\/a><\/li>\n<li id=\"menu-item-1596\" class=\"menu-item menu-item-type-post_type menu-item-object-page menu-item-1596\"><a href=\"https:\/\/petronor.eus\/es\/nuestra-vision-de-la-sostenibilidad\/compromiso-con-la-seguridad\/\">OPERACI\u00d3N SEGURA<\/a><\/li>\n<li id=\"menu-item-76708\" class=\"menu-item menu-item-type-post_type menu-item-object-page menu-item-76708\"><a href=\"https:\/\/petronor.eus\/es\/nuestra-vision-de-la-sostenibilidad\/empleo\/\">EMPLEO<\/a><\/li>\n<li id=\"menu-item-76709\" class=\"menu-item menu-item-type-post_type menu-item-object-page menu-item-76709\"><a href=\"https:\/\/petronor.eus\/es\/nuestra-vision-de-la-sostenibilidad\/innovacion-y-tecnologia\/\">INNOVACI\u00d3N Y TECNOLOG\u00cdA<\/a><\/li>\n<li id=\"menu-item-76710\" class=\"menu-item menu-item-type-post_type menu-item-object-page menu-item-76710\"><a href=\"https:\/\/petronor.eus\/es\/nuestra-vision-de-la-sostenibilidad\/desarrollo-del-territorio\/\">DESARROLLO DEL TERRITORIO<\/a><\/li>\n<\/ul><\/div><\/div>\n\n<div class=\"col-lg-9 col-md-9 col-sm-12 col-xs-12\"><img loading=\"lazy\" decoding=\"async\" class=\"alignnone size-full wp-image-354\" src=\"\/wp-content\/uploads\/2024\/11\/portal_empleo.png\" alt=\"instalaciones1\" width=\"651\" height=\"350\" \/><\/div>\n\n<!--&#091;column lg=\"3\" md=\"3\" sm=\"12\" xs=\"12\" &#093;\n<h3>IGUALDAD<\/h3><div class=\"separadorGris\"><\/div>&#091;margin size=\"20\"&#093;\n&#091;listmenu menu=\"163\" menu_class=\"subnav\"&#093;\n&#091;\/column&#093;-->\n\n\n<\/div>\n\n\n<div class=\"row \">\n<div class=\"col-lg-3 col-md-3 col-xs-12 col-sm-12\"><\/div>\n<div class=\"col-lg-6 col-md-6 col-sm-12 col-xs-12\">\n<h3>PETRONOR, UN PROYECTO ILUSIONANTE:<\/h3>\n<div class=\"separadorGris\"><\/div>\n<p style=\"font-size: 18px!important;\">Somos una compa\u00f1\u00eda energ\u00e9tica integrada en el grupo Repsol, con un equipo de casi 1000 personas, comprometidas y emprendedoras, ellas son nuestro principal activo para construir el futuro de la energ\u00eda.<\/p>\n\n<p style=\"font-size: 18px!important;\">Pioneros en la transici\u00f3n energ\u00e9tica, tenemos el objetivo 0 emisiones netas en 2050 y con una clara misi\u00f3n: impulsar el cambio hacia un modelo energ\u00e9tico descarbonizado y garantizar un acceso sostenible a la energ\u00eda y la movilidad.<\/p>\n\n<p style=\"font-size: 18px!important;\">Ofrecemos formar parte de un proyecto de compa\u00f1\u00eda ilusionante, en un entorno de trabajo diverso e inclusivo que, apalancado en la digitalizaci\u00f3n y la innovaci\u00f3n tecnol\u00f3gica, proporciona oportunidades de desarrollo y aprendizaje \u00fanicas. Impulsamos el desarrollo del talento de nuestros profesionales y proporcionamos la oportunidad de formar parte de nuestro equipo a personas con inquietud e inter\u00e9s por transformar con nosotros el mundo de la energ\u00eda.<\/p>\n\n<p style=\"font-size: 18px!important;\">Nuesto \u00e9xito radica en la profesionalidad y experiencia de nuestros trabajadores, \u00daNETE A REPSOL Y GENERA IMPACTO EN EL FUTURO DE LA ENERG\u00cdA:<\/p>\n<\/div>\n<div class=\"col-lg-3 col-md-3 col-xs-12 col-sm-12\">\n<h3>ENV\u00cdA TU CV<\/h3>\n<div class=\"separadorGris\"><\/div>\n<div style=\"margin-bottom:20px ; height:1px; clear:both;\"><\/div>\nPetronor gestiona todas las contrataciones a trav\u00e9s de la Unidad de Selecci\u00f3n de la D.C. de Personas de Repsol, grupo al que pertenece y con el que mantiene una pol\u00edtica de empleo com\u00fan.\nPor ello, si quieres formar parte de Petronor y trabajar en cualquiera de nuestras \u00e1reas laborales, entra en el Canal de Empleo en el siguiente enlace:<div style=\"margin-bottom:15px ; height:1px; clear:both;\"><\/div><a class=\"btn btn-default btn-lg ancho100  \" href=\"https:\/\/www.repsol.com\/es\/empleo\/index.cshtml\"  target=\"_blank\"><i class=\"glyphicon glyphicon-save\" ><\/i> Canal de Empleo de Repsol<\/a>\n<\/div>\n<\/div>\n\n\n\n\n\n<style>\ntext{\nfont-family: 'Dosis' !important;\nfont-weight: bold !important;\nfont-size:14px !important;\n}\n<\/style>","protected":false},"excerpt":{"rendered":"","protected":false},"author":1,"featured_media":0,"parent":75694,"menu_order":5,"comment_status":"open","ping_status":"closed","template":"","meta":{"footnotes":""},"class_list":["post-38","page","type-page","status-publish","hentry"],"yoast_head":"<!-- This site is optimized with the Yoast SEO plugin v24.7 - https:\/\/yoast.com\/wordpress\/plugins\/seo\/ -->\n<title>Empleo<\/title>\n<meta name=\"description\" content=\"Petronor es el mayor generador de empleo de la zona. Datos de empleo generado de forma directa e indirecta, cualificaci\u00f3n de plantilla y env\u00edo de CV.\" \/>\n<meta name=\"robots\" content=\"index, follow, max-snippet:-1, max-image-preview:large, max-video-preview:-1\" \/>\n<link rel=\"canonical\" href=\"https:\/\/petronor.eus\/es\/nuestra-vision-de-la-sostenibilidad\/empleo\/\" \/>\n<meta property=\"og:locale\" content=\"es_ES\" \/>\n<meta property=\"og:type\" content=\"article\" \/>\n<meta property=\"og:title\" content=\"Empleo\" \/>\n<meta property=\"og:description\" content=\"Petronor es el mayor generador de empleo de la zona. Datos de empleo generado de forma directa e indirecta, cualificaci\u00f3n de plantilla y env\u00edo de CV.\" \/>\n<meta property=\"og:url\" content=\"https:\/\/petronor.eus\/es\/nuestra-vision-de-la-sostenibilidad\/empleo\/\" \/>\n<meta property=\"og:site_name\" content=\"Petronor\" \/>\n<meta property=\"article:modified_time\" content=\"2024-11-18T12:17:39+00:00\" \/>\n<meta property=\"og:image\" content=\"https:\/\/petronor.eus\/wp-content\/uploads\/2014\/12\/instalaciones1.jpg\" \/>\n<meta name=\"twitter:label1\" content=\"Est. reading time\" \/>\n\t<meta name=\"twitter:data1\" content=\"2 minutes\" \/>\n<script type=\"application\/ld+json\" class=\"yoast-schema-graph\">{\"@context\":\"https:\/\/schema.org\",\"@graph\":[{\"@type\":\"WebPage\",\"@id\":\"https:\/\/petronor.eus\/es\/nuestra-vision-de-la-sostenibilidad\/empleo\/\",\"url\":\"https:\/\/petronor.eus\/es\/nuestra-vision-de-la-sostenibilidad\/empleo\/\",\"name\":\"Empleo\",\"isPartOf\":{\"@id\":\"https:\/\/petronor.eus\/es\/#website\"},\"primaryImageOfPage\":{\"@id\":\"https:\/\/petronor.eus\/es\/nuestra-vision-de-la-sostenibilidad\/empleo\/#primaryimage\"},\"image\":{\"@id\":\"https:\/\/petronor.eus\/es\/nuestra-vision-de-la-sostenibilidad\/empleo\/#primaryimage\"},\"thumbnailUrl\":\"https:\/\/petronor.eus\/wp-content\/uploads\/2014\/12\/instalaciones1.jpg\",\"datePublished\":\"2014-12-15T12:21:04+00:00\",\"dateModified\":\"2024-11-18T12:17:39+00:00\",\"description\":\"Petronor es el mayor generador de empleo de la zona. Datos de empleo generado de forma directa e indirecta, cualificaci\u00f3n de plantilla y env\u00edo de CV.\",\"breadcrumb\":{\"@id\":\"https:\/\/petronor.eus\/es\/nuestra-vision-de-la-sostenibilidad\/empleo\/#breadcrumb\"},\"inLanguage\":\"es-ES\",\"potentialAction\":[{\"@type\":\"ReadAction\",\"target\":[\"https:\/\/petronor.eus\/es\/nuestra-vision-de-la-sostenibilidad\/empleo\/\"]}]},{\"@type\":\"ImageObject\",\"inLanguage\":\"es-ES\",\"@id\":\"https:\/\/petronor.eus\/es\/nuestra-vision-de-la-sostenibilidad\/empleo\/#primaryimage\",\"url\":\"https:\/\/petronor.eus\/wp-content\/uploads\/2014\/12\/instalaciones1.jpg\",\"contentUrl\":\"https:\/\/petronor.eus\/wp-content\/uploads\/2014\/12\/instalaciones1.jpg\"},{\"@type\":\"BreadcrumbList\",\"@id\":\"https:\/\/petronor.eus\/es\/nuestra-vision-de-la-sostenibilidad\/empleo\/#breadcrumb\",\"itemListElement\":[{\"@type\":\"ListItem\",\"position\":1,\"name\":\"Home\",\"item\":\"https:\/\/petronor.eus\/es\/\"},{\"@type\":\"ListItem\",\"position\":2,\"name\":\"NUESTRA VISI\u00d3N DE LA SOSTENIBILIDAD\",\"item\":\"https:\/\/petronor.eus\/es\/nuestra-vision-de-la-sostenibilidad\/\"},{\"@type\":\"ListItem\",\"position\":3,\"name\":\"EMPLEO\"}]},{\"@type\":\"WebSite\",\"@id\":\"https:\/\/petronor.eus\/es\/#website\",\"url\":\"https:\/\/petronor.eus\/es\/\",\"name\":\"Petronor\",\"description\":\"\",\"potentialAction\":[{\"@type\":\"SearchAction\",\"target\":{\"@type\":\"EntryPoint\",\"urlTemplate\":\"https:\/\/petronor.eus\/es\/?s={search_term_string}\"},\"query-input\":{\"@type\":\"PropertyValueSpecification\",\"valueRequired\":true,\"valueName\":\"search_term_string\"}}],\"inLanguage\":\"es-ES\"}]}<\/script>\n<!-- \/ Yoast SEO plugin. -->","yoast_head_json":{"title":"Empleo","description":"Petronor es el mayor generador de empleo de la zona. Datos de empleo generado de forma directa e indirecta, cualificaci\u00f3n de plantilla y env\u00edo de CV.","robots":{"index":"index","follow":"follow","max-snippet":"max-snippet:-1","max-image-preview":"max-image-preview:large","max-video-preview":"max-video-preview:-1"},"canonical":"https:\/\/petronor.eus\/es\/nuestra-vision-de-la-sostenibilidad\/empleo\/","og_locale":"es_ES","og_type":"article","og_title":"Empleo","og_description":"Petronor es el mayor generador de empleo de la zona. Datos de empleo generado de forma directa e indirecta, cualificaci\u00f3n de plantilla y env\u00edo de CV.","og_url":"https:\/\/petronor.eus\/es\/nuestra-vision-de-la-sostenibilidad\/empleo\/","og_site_name":"Petronor","article_modified_time":"2024-11-18T12:17:39+00:00","og_image":[{"url":"https:\/\/petronor.eus\/wp-content\/uploads\/2014\/12\/instalaciones1.jpg","type":"","width":"","height":""}],"twitter_misc":{"Est. reading time":"2 minutes"},"schema":{"@context":"https:\/\/schema.org","@graph":[{"@type":"WebPage","@id":"https:\/\/petronor.eus\/es\/nuestra-vision-de-la-sostenibilidad\/empleo\/","url":"https:\/\/petronor.eus\/es\/nuestra-vision-de-la-sostenibilidad\/empleo\/","name":"Empleo","isPartOf":{"@id":"https:\/\/petronor.eus\/es\/#website"},"primaryImageOfPage":{"@id":"https:\/\/petronor.eus\/es\/nuestra-vision-de-la-sostenibilidad\/empleo\/#primaryimage"},"image":{"@id":"https:\/\/petronor.eus\/es\/nuestra-vision-de-la-sostenibilidad\/empleo\/#primaryimage"},"thumbnailUrl":"https:\/\/petronor.eus\/wp-content\/uploads\/2014\/12\/instalaciones1.jpg","datePublished":"2014-12-15T12:21:04+00:00","dateModified":"2024-11-18T12:17:39+00:00","description":"Petronor es el mayor generador de empleo de la zona. Datos de empleo generado de forma directa e indirecta, cualificaci\u00f3n de plantilla y env\u00edo de CV.","breadcrumb":{"@id":"https:\/\/petronor.eus\/es\/nuestra-vision-de-la-sostenibilidad\/empleo\/#breadcrumb"},"inLanguage":"es-ES","potentialAction":[{"@type":"ReadAction","target":["https:\/\/petronor.eus\/es\/nuestra-vision-de-la-sostenibilidad\/empleo\/"]}]},{"@type":"ImageObject","inLanguage":"es-ES","@id":"https:\/\/petronor.eus\/es\/nuestra-vision-de-la-sostenibilidad\/empleo\/#primaryimage","url":"https:\/\/petronor.eus\/wp-content\/uploads\/2014\/12\/instalaciones1.jpg","contentUrl":"https:\/\/petronor.eus\/wp-content\/uploads\/2014\/12\/instalaciones1.jpg"},{"@type":"BreadcrumbList","@id":"https:\/\/petronor.eus\/es\/nuestra-vision-de-la-sostenibilidad\/empleo\/#breadcrumb","itemListElement":[{"@type":"ListItem","position":1,"name":"Home","item":"https:\/\/petronor.eus\/es\/"},{"@type":"ListItem","position":2,"name":"NUESTRA VISI\u00d3N DE LA SOSTENIBILIDAD","item":"https:\/\/petronor.eus\/es\/nuestra-vision-de-la-sostenibilidad\/"},{"@type":"ListItem","position":3,"name":"EMPLEO"}]},{"@type":"WebSite","@id":"https:\/\/petronor.eus\/es\/#website","url":"https:\/\/petronor.eus\/es\/","name":"Petronor","description":"","potentialAction":[{"@type":"SearchAction","target":{"@type":"EntryPoint","urlTemplate":"https:\/\/petronor.eus\/es\/?s={search_term_string}"},"query-input":{"@type":"PropertyValueSpecification","valueRequired":true,"valueName":"search_term_string"}}],"inLanguage":"es-ES"}]}},"_links":{"self":[{"href":"https:\/\/petronor.eus\/es\/wp-json\/wp\/v2\/pages\/38","targetHints":{"allow":["GET"]}}],"collection":[{"href":"https:\/\/petronor.eus\/es\/wp-json\/wp\/v2\/pages"}],"about":[{"href":"https:\/\/petronor.eus\/es\/wp-json\/wp\/v2\/types\/page"}],"author":[{"embeddable":true,"href":"https:\/\/petronor.eus\/es\/wp-json\/wp\/v2\/users\/1"}],"replies":[{"embeddable":true,"href":"https:\/\/petronor.eus\/es\/wp-json\/wp\/v2\/comments?post=38"}],"version-history":[{"count":230,"href":"https:\/\/petronor.eus\/es\/wp-json\/wp\/v2\/pages\/38\/revisions"}],"predecessor-version":[{"id":77485,"href":"https:\/\/petronor.eus\/es\/wp-json\/wp\/v2\/pages\/38\/revisions\/77485"}],"up":[{"embeddable":true,"href":"https:\/\/petronor.eus\/es\/wp-json\/wp\/v2\/pages\/75694"}],"wp:attachment":[{"href":"https:\/\/petronor.eus\/es\/wp-json\/wp\/v2\/media?parent=38"}],"curies":[{"name":"wp","href":"https:\/\/api.w.org\/{rel}","templated":true}]}}