{"id":3938,"date":"2015-04-15T11:09:16","date_gmt":"2015-04-15T11:09:16","guid":{"rendered":"https:\/\/petronor.eus\/?page_id=3938"},"modified":"2017-07-10T10:07:10","modified_gmt":"2017-07-10T08:07:10","slug":"smartwatch","status":"publish","type":"page","link":"https:\/\/petronor.eus\/es\/sobre-petronor\/proyectos\/smartwatch\/","title":{"rendered":"SMARTWATCH"},"content":{"rendered":"<div class=\"row introBlock full-width-section primeraFila maxHeightAuto\">\r\n<h1>SMARTWATCH<\/h1>\r\n<div id=\"contenedorBannerPB\" style=\"overflow: hidden;\"><img loading=\"lazy\" decoding=\"async\" class=\"alignnone wp-image-3945 size-full\" src=\"https:\/\/petronor.eus\/wp-content\/uploads\/2015\/04\/petronor-proyecto-smartwatch.jpg\" alt=\"Purgadores\" width=\"1174\" height=\"450\" srcset=\"https:\/\/petronor.eus\/wp-content\/uploads\/2015\/04\/petronor-proyecto-smartwatch.jpg 1174w, https:\/\/petronor.eus\/wp-content\/uploads\/2015\/04\/petronor-proyecto-smartwatch-600x230.jpg 600w, https:\/\/petronor.eus\/wp-content\/uploads\/2015\/04\/petronor-proyecto-smartwatch-860x330.jpg 860w\" sizes=\"(max-width: 1174px) 100vw, 1174px\" \/><\/div>\r\n<\/div>\r\n<div style=\"margin-bottom:30px ; height:1px; clear:both;\"><\/div>\r\n<div class=\"row \">\r\n<div class=\"col-lg-6 col-md-6 col-xs-12 col-sm-12\">\r\n<p style=\"margin-top: 0; padding: 10px;\">El vapor es una de las formas de energ\u00eda m\u00e1s utilizada en los procesos de la refiner\u00eda y por tanto, la reducci\u00f3n de su consumo es uno de los procedimientos m\u00e1s apropiados para aumentar la eficiencia energ\u00e9tica, reducir las emisiones de CO<sub>2<\/sub>, y tambi\u00e9n los costes operativos.<\/p>\r\n<p style=\"margin-top: 0; padding: 10px;\">La optimizaci\u00f3n de las redes de vapor est\u00e1 b\u00e1sicamente condicionada por el funcionamiento de los miles de purgadores que existen en la refiner\u00eda y cuya funci\u00f3n es eliminar el condensado de la red de vapor. Pues bien, el sistema Smartwatch asegura el buen funcionamiento de estos purgadores, monitorizando en cada uno de ellos las variables operativas que determinan la buena operaci\u00f3n de los mismos.<\/p>\r\n<p style=\"margin-top: 0; padding: 10px;\">El funcionamiento b\u00e1sico de estos sensores Smartwatch es sencillo. Por un lado, localizan mediante ultrasonidos toda posible fuga de vapor que pudiera producirse a trav\u00e9s del purgador y que generar\u00eda ineficiencias. Por otro lado, detectan la temperatura de evacuaci\u00f3n del condensado, previniendo posibles atascos y dando la posibilidad de regularla en los purgadores bitermost\u00e1ticos. De esta manera, se aumenta la eficiencia energ\u00e9tica un 8%. Adem\u00e1s, todos estos par\u00e1metros se registran en una aplicaci\u00f3n denominada Smartwatchweb, pudiendo as\u00ed identificar con prontitud los purgadores que est\u00e1n funcionando mal.<\/p>\r\n\r\n<div class=\"hidden-xs\"><div style=\"margin-bottom:30px ; height:1px; clear:both;\"><\/div><\/div>\r\n<\/div>\r\n<div class=\"col-lg-3 col-md-3 col-xs-12 col-sm-6\">\r\n<div style=\"padding: 10px;\"><div class=\"tablaHeader\">\n<div class=\"celda celdaIzquierda \"><h3>PRINCIPALES VENTAJAS DEL SISTEMA<\/h3><\/div>\n<div class=\"celda\"><div class=\"widgettitlewrapper\">&nbsp;<\/div><\/div>\n<\/div>\r\n<div style=\"margin-bottom:10px ; height:1px; clear:both;\"><\/div>\r\n<ol class=\"listaReseteada\">\r\n\t<li>Incremento de eficiencia energ\u00e9tica<\/li>\r\n\t<li>Reducci\u00f3n de emisiones de CO<sub>2<\/sub><\/li>\r\n\t<li>Mejora en la operaci\u00f3n de la planta<\/li>\r\n\t<li>Reducci\u00f3n de costes de mantenimiento<\/li>\r\n<\/ol>\r\n<\/div>\r\n<\/div>\r\n<div class=\"col-lg-3 col-md-3 col-xs-12 col-sm-6\">\r\n<img loading=\"lazy\" decoding=\"async\" class=\"alignnone wp-image-4981 size-full\" src=\"https:\/\/petronor.eus\/wp-content\/uploads\/2015\/04\/petronor-proyectos-nuevo-reboiler.jpg\" alt=\"Nuevo reboiler\" width=\"360\" height=\"451\" \/>\r\n<div class=\"pieDeFoto\">Nuevo reboiler. El circuito pump around de LCO reduce las emisiones a la atm\u00f3sfera y el consumo de combustible.<\/div>\r\n<\/div>\r\n<\/div>\r\n<div style=\"margin-bottom:30px ; height:1px; clear:both;\"><\/div>\r\n<div class=\"row \">\r\n<div class=\"col-lg-5 col-md-5 col-xs-4 col-sm-4\">\r\n<div class=\"separadorGris100\"><\/div>\r\n<\/div>\r\n<div class=\"col-lg-2 col-md-2 col-xs-4 col-sm-4\">\r\n<div style=\"margin-bottom:10px ; height:1px; clear:both;\"><\/div>\r\n<div class=\"botonVolverTexto\"><a href=\"\/es\/sobre-petronor\/proyectos\/\">VOLVER<\/a><\/div>\r\n<\/div>\r\n<div class=\"col-lg-5 col-md-5 col-xs-4 col-sm-4\">\r\n<div class=\"separadorGris100\"><\/div>\r\n<\/div>\r\n<\/div>","protected":false},"excerpt":{"rendered":"","protected":false},"author":3,"featured_media":0,"parent":24,"menu_order":0,"comment_status":"open","ping_status":"open","template":"","meta":{"footnotes":""},"class_list":["post-3938","page","type-page","status-publish","hentry"],"yoast_head":"<!-- This site is optimized with the Yoast SEO plugin v24.7 - https:\/\/yoast.com\/wordpress\/plugins\/seo\/ -->\n<title>SMARTWATCH PRINCIPALES VENTAJAS DEL SISTEMA<\/title>\n<meta name=\"description\" content=\"El sistema SMARTWATCH aumenta la eficiencia energ\u00e9tica y reduce las emisiones. Las principales ventajas del sistema.\" \/>\n<meta name=\"robots\" content=\"index, follow, max-snippet:-1, max-image-preview:large, max-video-preview:-1\" \/>\n<link rel=\"canonical\" href=\"https:\/\/petronor.eus\/es\/sobre-petronor\/proyectos\/smartwatch\/\" \/>\n<meta property=\"og:locale\" content=\"es_ES\" \/>\n<meta property=\"og:type\" content=\"article\" \/>\n<meta property=\"og:title\" content=\"SMARTWATCH PRINCIPALES VENTAJAS DEL SISTEMA\" \/>\n<meta property=\"og:description\" content=\"El sistema SMARTWATCH aumenta la eficiencia energ\u00e9tica y reduce las emisiones. Las principales ventajas del sistema.\" \/>\n<meta property=\"og:url\" content=\"https:\/\/petronor.eus\/es\/sobre-petronor\/proyectos\/smartwatch\/\" \/>\n<meta property=\"og:site_name\" content=\"Petronor\" \/>\n<meta property=\"article:modified_time\" content=\"2017-07-10T08:07:10+00:00\" \/>\n<meta property=\"og:image\" content=\"https:\/\/petronor.eus\/wp-content\/uploads\/2015\/04\/petronor-proyecto-smartwatch.jpg\" \/>\n<meta name=\"twitter:label1\" content=\"Est. reading time\" \/>\n\t<meta name=\"twitter:data1\" content=\"2 minutes\" \/>\n<script type=\"application\/ld+json\" class=\"yoast-schema-graph\">{\"@context\":\"https:\/\/schema.org\",\"@graph\":[{\"@type\":\"WebPage\",\"@id\":\"https:\/\/petronor.eus\/es\/sobre-petronor\/proyectos\/smartwatch\/\",\"url\":\"https:\/\/petronor.eus\/es\/sobre-petronor\/proyectos\/smartwatch\/\",\"name\":\"SMARTWATCH PRINCIPALES VENTAJAS DEL SISTEMA\",\"isPartOf\":{\"@id\":\"https:\/\/petronor.eus\/es\/#website\"},\"primaryImageOfPage\":{\"@id\":\"https:\/\/petronor.eus\/es\/sobre-petronor\/proyectos\/smartwatch\/#primaryimage\"},\"image\":{\"@id\":\"https:\/\/petronor.eus\/es\/sobre-petronor\/proyectos\/smartwatch\/#primaryimage\"},\"thumbnailUrl\":\"https:\/\/petronor.eus\/wp-content\/uploads\/2015\/04\/petronor-proyecto-smartwatch.jpg\",\"datePublished\":\"2015-04-15T11:09:16+00:00\",\"dateModified\":\"2017-07-10T08:07:10+00:00\",\"description\":\"El sistema SMARTWATCH aumenta la eficiencia energ\u00e9tica y reduce las emisiones. Las principales ventajas del sistema.\",\"breadcrumb\":{\"@id\":\"https:\/\/petronor.eus\/es\/sobre-petronor\/proyectos\/smartwatch\/#breadcrumb\"},\"inLanguage\":\"es-ES\",\"potentialAction\":[{\"@type\":\"ReadAction\",\"target\":[\"https:\/\/petronor.eus\/es\/sobre-petronor\/proyectos\/smartwatch\/\"]}]},{\"@type\":\"ImageObject\",\"inLanguage\":\"es-ES\",\"@id\":\"https:\/\/petronor.eus\/es\/sobre-petronor\/proyectos\/smartwatch\/#primaryimage\",\"url\":\"https:\/\/petronor.eus\/wp-content\/uploads\/2015\/04\/petronor-proyecto-smartwatch.jpg\",\"contentUrl\":\"https:\/\/petronor.eus\/wp-content\/uploads\/2015\/04\/petronor-proyecto-smartwatch.jpg\"},{\"@type\":\"BreadcrumbList\",\"@id\":\"https:\/\/petronor.eus\/es\/sobre-petronor\/proyectos\/smartwatch\/#breadcrumb\",\"itemListElement\":[{\"@type\":\"ListItem\",\"position\":1,\"name\":\"Home\",\"item\":\"https:\/\/petronor.eus\/es\/\"},{\"@type\":\"ListItem\",\"position\":2,\"name\":\"SOBRE PETRONOR\",\"item\":\"https:\/\/petronor.eus\/es\/sobre-petronor\/\"},{\"@type\":\"ListItem\",\"position\":3,\"name\":\"PROYECTOS\",\"item\":\"https:\/\/petronor.eus\/es\/sobre-petronor\/proyectos\/\"},{\"@type\":\"ListItem\",\"position\":4,\"name\":\"SMARTWATCH\"}]},{\"@type\":\"WebSite\",\"@id\":\"https:\/\/petronor.eus\/es\/#website\",\"url\":\"https:\/\/petronor.eus\/es\/\",\"name\":\"Petronor\",\"description\":\"\",\"potentialAction\":[{\"@type\":\"SearchAction\",\"target\":{\"@type\":\"EntryPoint\",\"urlTemplate\":\"https:\/\/petronor.eus\/es\/?s={search_term_string}\"},\"query-input\":{\"@type\":\"PropertyValueSpecification\",\"valueRequired\":true,\"valueName\":\"search_term_string\"}}],\"inLanguage\":\"es-ES\"}]}<\/script>\n<!-- \/ Yoast SEO plugin. -->","yoast_head_json":{"title":"SMARTWATCH PRINCIPALES VENTAJAS DEL SISTEMA","description":"El sistema SMARTWATCH aumenta la eficiencia energ\u00e9tica y reduce las emisiones. Las principales ventajas del sistema.","robots":{"index":"index","follow":"follow","max-snippet":"max-snippet:-1","max-image-preview":"max-image-preview:large","max-video-preview":"max-video-preview:-1"},"canonical":"https:\/\/petronor.eus\/es\/sobre-petronor\/proyectos\/smartwatch\/","og_locale":"es_ES","og_type":"article","og_title":"SMARTWATCH PRINCIPALES VENTAJAS DEL SISTEMA","og_description":"El sistema SMARTWATCH aumenta la eficiencia energ\u00e9tica y reduce las emisiones. Las principales ventajas del sistema.","og_url":"https:\/\/petronor.eus\/es\/sobre-petronor\/proyectos\/smartwatch\/","og_site_name":"Petronor","article_modified_time":"2017-07-10T08:07:10+00:00","og_image":[{"url":"https:\/\/petronor.eus\/wp-content\/uploads\/2015\/04\/petronor-proyecto-smartwatch.jpg","type":"","width":"","height":""}],"twitter_misc":{"Est. reading time":"2 minutes"},"schema":{"@context":"https:\/\/schema.org","@graph":[{"@type":"WebPage","@id":"https:\/\/petronor.eus\/es\/sobre-petronor\/proyectos\/smartwatch\/","url":"https:\/\/petronor.eus\/es\/sobre-petronor\/proyectos\/smartwatch\/","name":"SMARTWATCH PRINCIPALES VENTAJAS DEL SISTEMA","isPartOf":{"@id":"https:\/\/petronor.eus\/es\/#website"},"primaryImageOfPage":{"@id":"https:\/\/petronor.eus\/es\/sobre-petronor\/proyectos\/smartwatch\/#primaryimage"},"image":{"@id":"https:\/\/petronor.eus\/es\/sobre-petronor\/proyectos\/smartwatch\/#primaryimage"},"thumbnailUrl":"https:\/\/petronor.eus\/wp-content\/uploads\/2015\/04\/petronor-proyecto-smartwatch.jpg","datePublished":"2015-04-15T11:09:16+00:00","dateModified":"2017-07-10T08:07:10+00:00","description":"El sistema SMARTWATCH aumenta la eficiencia energ\u00e9tica y reduce las emisiones. Las principales ventajas del sistema.","breadcrumb":{"@id":"https:\/\/petronor.eus\/es\/sobre-petronor\/proyectos\/smartwatch\/#breadcrumb"},"inLanguage":"es-ES","potentialAction":[{"@type":"ReadAction","target":["https:\/\/petronor.eus\/es\/sobre-petronor\/proyectos\/smartwatch\/"]}]},{"@type":"ImageObject","inLanguage":"es-ES","@id":"https:\/\/petronor.eus\/es\/sobre-petronor\/proyectos\/smartwatch\/#primaryimage","url":"https:\/\/petronor.eus\/wp-content\/uploads\/2015\/04\/petronor-proyecto-smartwatch.jpg","contentUrl":"https:\/\/petronor.eus\/wp-content\/uploads\/2015\/04\/petronor-proyecto-smartwatch.jpg"},{"@type":"BreadcrumbList","@id":"https:\/\/petronor.eus\/es\/sobre-petronor\/proyectos\/smartwatch\/#breadcrumb","itemListElement":[{"@type":"ListItem","position":1,"name":"Home","item":"https:\/\/petronor.eus\/es\/"},{"@type":"ListItem","position":2,"name":"SOBRE PETRONOR","item":"https:\/\/petronor.eus\/es\/sobre-petronor\/"},{"@type":"ListItem","position":3,"name":"PROYECTOS","item":"https:\/\/petronor.eus\/es\/sobre-petronor\/proyectos\/"},{"@type":"ListItem","position":4,"name":"SMARTWATCH"}]},{"@type":"WebSite","@id":"https:\/\/petronor.eus\/es\/#website","url":"https:\/\/petronor.eus\/es\/","name":"Petronor","description":"","potentialAction":[{"@type":"SearchAction","target":{"@type":"EntryPoint","urlTemplate":"https:\/\/petronor.eus\/es\/?s={search_term_string}"},"query-input":{"@type":"PropertyValueSpecification","valueRequired":true,"valueName":"search_term_string"}}],"inLanguage":"es-ES"}]}},"_links":{"self":[{"href":"https:\/\/petronor.eus\/es\/wp-json\/wp\/v2\/pages\/3938","targetHints":{"allow":["GET"]}}],"collection":[{"href":"https:\/\/petronor.eus\/es\/wp-json\/wp\/v2\/pages"}],"about":[{"href":"https:\/\/petronor.eus\/es\/wp-json\/wp\/v2\/types\/page"}],"author":[{"embeddable":true,"href":"https:\/\/petronor.eus\/es\/wp-json\/wp\/v2\/users\/3"}],"replies":[{"embeddable":true,"href":"https:\/\/petronor.eus\/es\/wp-json\/wp\/v2\/comments?post=3938"}],"version-history":[{"count":22,"href":"https:\/\/petronor.eus\/es\/wp-json\/wp\/v2\/pages\/3938\/revisions"}],"predecessor-version":[{"id":39236,"href":"https:\/\/petronor.eus\/es\/wp-json\/wp\/v2\/pages\/3938\/revisions\/39236"}],"up":[{"embeddable":true,"href":"https:\/\/petronor.eus\/es\/wp-json\/wp\/v2\/pages\/24"}],"wp:attachment":[{"href":"https:\/\/petronor.eus\/es\/wp-json\/wp\/v2\/media?parent=3938"}],"curies":[{"name":"wp","href":"https:\/\/api.w.org\/{rel}","templated":true}]}}