{"id":3984,"date":"2015-04-16T07:04:02","date_gmt":"2015-04-16T07:04:02","guid":{"rendered":"https:\/\/petronor.eus\/?page_id=3984"},"modified":"2017-05-30T09:32:11","modified_gmt":"2017-05-30T07:32:11","slug":"plan-de-accion-para-atenuar-el-ruido","status":"publish","type":"page","link":"https:\/\/petronor.eus\/es\/sobre-petronor\/proyectos\/plan-de-accion-para-atenuar-el-ruido\/","title":{"rendered":"PLAN DE ACCI\u00d3N PARA ATENUAR EL RUIDO"},"content":{"rendered":"<div class=\"row introBlock full-width-section primeraFila maxHeightAuto\">\r\n<h1>PLAN DE ACCI\u00d3N PARA ATENUAR EL RUIDO<\/h1>\r\n<div id=\"contenedorBannerPB\" style=\"overflow: hidden;\"><img loading=\"lazy\" decoding=\"async\" class=\"alignnone wp-image-3991 size-full\" src=\"https:\/\/petronor.eus\/wp-content\/uploads\/2015\/04\/petronor-proyectos-plan-ruido.jpg\" alt=\"Dep\u00f3sitos y viaducto\" width=\"1176\" height=\"450\" srcset=\"https:\/\/petronor.eus\/wp-content\/uploads\/2015\/04\/petronor-proyectos-plan-ruido.jpg 1176w, https:\/\/petronor.eus\/wp-content\/uploads\/2015\/04\/petronor-proyectos-plan-ruido-600x230.jpg 600w, https:\/\/petronor.eus\/wp-content\/uploads\/2015\/04\/petronor-proyectos-plan-ruido-860x329.jpg 860w\" sizes=\"(max-width: 1176px) 100vw, 1176px\" \/><\/div>\r\n<\/div>\r\n<div style=\"margin-bottom:30px ; height:1px; clear:both;\"><\/div>\r\n<div class=\"row \">\r\n<div class=\"col-lg-6 col-md-6 col-xs-12 col-sm-12\">\r\n<p style=\"margin-top: 0; padding: 10px;\">El ruido es consecuencia de las distintas actividades productivas que posibilitan el desarrollo de la sociedad, y las actividades industriales, incluida la de Petronor, tambi\u00e9n tienen esa condici\u00f3n. Por esta raz\u00f3n, la refiner\u00eda ha elaborado un Plan de Acci\u00f3n con el objetivo de atenuar, en la medida de lo posible, los ruidos propios de las instalaciones y actividades.<\/p>\r\n<p style=\"margin-top: 0; padding: 10px;\">Estas acciones se han concretado en la sustituci\u00f3n de m\u00e1quinas instaladas por otras de menor emisi\u00f3n de ruido, como pueden ser los motores el\u00e9ctricos de los compresores de Crudo 1, Crudo 2 y de la unidad P1, entre otros. Tambi\u00e9n se ha intervenido en equipos de eficiencia energ\u00e9tica, como por ejemplo, los purgadores Smartwatch, con los que se ha evitado el desalojo de vapor a la atm\u00f3sfera y su consecuente emisi\u00f3n ac\u00fastica.<\/p>\r\n<p style=\"margin-top: 0; padding: 10px;\">Otra acci\u00f3n determinante en la reducci\u00f3n del ruido ha sido la programaci\u00f3n horaria de algunas actividades puntuales. Esta acci\u00f3n consiste en desplazar la realizaci\u00f3n de estas a horarios menos sensibles, principalmente, a d\u00edas laborables y horarios diurnos.<\/p>\r\n\r\n<div class=\"hidden-xs\"><div style=\"margin-bottom:30px ; height:1px; clear:both;\"><\/div><\/div>\r\n<\/div>\r\n<div class=\"col-lg-3 col-md-3 col-xs-12 col-sm-6\">\r\n<div style=\"padding: 10px;\"><div class=\"tablaHeader derechadoMovil\">\n<div class=\"celda celdaIzquierda\"><h3>\r\n<h3>ACCIONES<\/h3>\r\n<\/h3><\/div>\n<div class=\"celda\"><div class=\"widgettitlewrapper\">&nbsp;<\/div><\/div>\n<\/div>\r\n<div style=\"margin-bottom:10px ; height:1px; clear:both;\"><\/div>\r\n<ol class=\"listaReseteada\">\r\n\t<li>Sustituci\u00f3n de m\u00e1quinas por otras de menor emisi\u00f3n de ruido<\/li>\r\n\t<li>Intervenci\u00f3n en equipos de eficiencia energ\u00e9tica para evitar desalojo de vapor a la atm\u00f3sfera<\/li>\r\n\t<li>Programaci\u00f3n horaria de algunas actividades puntuales en d\u00edas laborales y durante el d\u00eda.<\/li>\r\n<\/ol>\r\n<\/div>\r\n<\/div>\r\n<div class=\"col-lg-3 col-md-3 col-xs-12 col-sm-6\">\r\n<img loading=\"lazy\" decoding=\"async\" class=\"alignnone wp-image-4993 size-full\" src=\"https:\/\/petronor.eus\/wp-content\/uploads\/2015\/04\/petronor-proyectos-tareas-programadas.jpg\" alt=\"Operarios de la refiner\u00eda\" width=\"360\" height=\"275\" \/>\r\n<div class=\"pieDeFoto\">Algunas actividades se han programado durante el d\u00eda, en horarios menos sensibles.<\/div>\r\n<\/div>\r\n<\/div>\r\n<div style=\"margin-bottom:30px ; height:1px; clear:both;\"><\/div>\r\n<div class=\"row \">\r\n<div class=\"col-lg-5 col-md-5 col-xs-4 col-sm-4\">\r\n<div class=\"separadorGris100\"><\/div>\r\n<\/div>\r\n<div class=\"col-lg-2 col-md-2 col-xs-4 col-sm-4\">\r\n<div style=\"margin-bottom:10px ; height:1px; clear:both;\"><\/div>\r\n<div class=\"botonVolverTexto\"><a href=\"\/es\/sobre-petronor\/proyectos\/\">VOLVER<\/a><\/div>\r\n<\/div>\r\n<div class=\"col-lg-5 col-md-5 col-xs-4 col-sm-4\">\r\n<div class=\"separadorGris100\"><\/div>\r\n<\/div>\r\n<\/div>","protected":false},"excerpt":{"rendered":"","protected":false},"author":3,"featured_media":0,"parent":24,"menu_order":0,"comment_status":"open","ping_status":"open","template":"","meta":{"footnotes":""},"class_list":["post-3984","page","type-page","status-publish","hentry"],"yoast_head":"<!-- This site is optimized with the Yoast SEO plugin v24.7 - https:\/\/yoast.com\/wordpress\/plugins\/seo\/ -->\n<title>PLAN DE ACCI\u00d3N PARA ATENUAR EL RUIDO - Petronor<\/title>\n<meta name=\"description\" content=\"Desde Petronor hemos elaborado un Plan de Acci\u00f3n con el objetivo de atenuar los ruidos propios de las instalaciones y actividades.\" \/>\n<meta name=\"robots\" content=\"index, follow, max-snippet:-1, max-image-preview:large, max-video-preview:-1\" \/>\n<link rel=\"canonical\" href=\"https:\/\/petronor.eus\/es\/sobre-petronor\/proyectos\/plan-de-accion-para-atenuar-el-ruido\/\" \/>\n<meta property=\"og:locale\" content=\"es_ES\" \/>\n<meta property=\"og:type\" content=\"article\" \/>\n<meta property=\"og:title\" content=\"PLAN DE ACCI\u00d3N PARA ATENUAR EL RUIDO - Petronor\" \/>\n<meta property=\"og:description\" content=\"Desde Petronor hemos elaborado un Plan de Acci\u00f3n con el objetivo de atenuar los ruidos propios de las instalaciones y actividades.\" \/>\n<meta property=\"og:url\" content=\"https:\/\/petronor.eus\/es\/sobre-petronor\/proyectos\/plan-de-accion-para-atenuar-el-ruido\/\" \/>\n<meta property=\"og:site_name\" content=\"Petronor\" \/>\n<meta property=\"article:modified_time\" content=\"2017-05-30T07:32:11+00:00\" \/>\n<meta property=\"og:image\" content=\"https:\/\/petronor.eus\/wp-content\/uploads\/2015\/04\/petronor-proyectos-plan-ruido.jpg\" \/>\n<meta name=\"twitter:label1\" content=\"Est. reading time\" \/>\n\t<meta name=\"twitter:data1\" content=\"2 minutes\" \/>\n<script type=\"application\/ld+json\" class=\"yoast-schema-graph\">{\"@context\":\"https:\/\/schema.org\",\"@graph\":[{\"@type\":\"WebPage\",\"@id\":\"https:\/\/petronor.eus\/es\/sobre-petronor\/proyectos\/plan-de-accion-para-atenuar-el-ruido\/\",\"url\":\"https:\/\/petronor.eus\/es\/sobre-petronor\/proyectos\/plan-de-accion-para-atenuar-el-ruido\/\",\"name\":\"PLAN DE ACCI\u00d3N PARA ATENUAR EL RUIDO - Petronor\",\"isPartOf\":{\"@id\":\"https:\/\/petronor.eus\/es\/#website\"},\"primaryImageOfPage\":{\"@id\":\"https:\/\/petronor.eus\/es\/sobre-petronor\/proyectos\/plan-de-accion-para-atenuar-el-ruido\/#primaryimage\"},\"image\":{\"@id\":\"https:\/\/petronor.eus\/es\/sobre-petronor\/proyectos\/plan-de-accion-para-atenuar-el-ruido\/#primaryimage\"},\"thumbnailUrl\":\"https:\/\/petronor.eus\/wp-content\/uploads\/2015\/04\/petronor-proyectos-plan-ruido.jpg\",\"datePublished\":\"2015-04-16T07:04:02+00:00\",\"dateModified\":\"2017-05-30T07:32:11+00:00\",\"description\":\"Desde Petronor hemos elaborado un Plan de Acci\u00f3n con el objetivo de atenuar los ruidos propios de las instalaciones y actividades.\",\"breadcrumb\":{\"@id\":\"https:\/\/petronor.eus\/es\/sobre-petronor\/proyectos\/plan-de-accion-para-atenuar-el-ruido\/#breadcrumb\"},\"inLanguage\":\"es-ES\",\"potentialAction\":[{\"@type\":\"ReadAction\",\"target\":[\"https:\/\/petronor.eus\/es\/sobre-petronor\/proyectos\/plan-de-accion-para-atenuar-el-ruido\/\"]}]},{\"@type\":\"ImageObject\",\"inLanguage\":\"es-ES\",\"@id\":\"https:\/\/petronor.eus\/es\/sobre-petronor\/proyectos\/plan-de-accion-para-atenuar-el-ruido\/#primaryimage\",\"url\":\"https:\/\/petronor.eus\/wp-content\/uploads\/2015\/04\/petronor-proyectos-plan-ruido.jpg\",\"contentUrl\":\"https:\/\/petronor.eus\/wp-content\/uploads\/2015\/04\/petronor-proyectos-plan-ruido.jpg\"},{\"@type\":\"BreadcrumbList\",\"@id\":\"https:\/\/petronor.eus\/es\/sobre-petronor\/proyectos\/plan-de-accion-para-atenuar-el-ruido\/#breadcrumb\",\"itemListElement\":[{\"@type\":\"ListItem\",\"position\":1,\"name\":\"Home\",\"item\":\"https:\/\/petronor.eus\/es\/\"},{\"@type\":\"ListItem\",\"position\":2,\"name\":\"SOBRE PETRONOR\",\"item\":\"https:\/\/petronor.eus\/es\/sobre-petronor\/\"},{\"@type\":\"ListItem\",\"position\":3,\"name\":\"PROYECTOS\",\"item\":\"https:\/\/petronor.eus\/es\/sobre-petronor\/proyectos\/\"},{\"@type\":\"ListItem\",\"position\":4,\"name\":\"PLAN DE ACCI\u00d3N PARA ATENUAR EL RUIDO\"}]},{\"@type\":\"WebSite\",\"@id\":\"https:\/\/petronor.eus\/es\/#website\",\"url\":\"https:\/\/petronor.eus\/es\/\",\"name\":\"Petronor\",\"description\":\"\",\"potentialAction\":[{\"@type\":\"SearchAction\",\"target\":{\"@type\":\"EntryPoint\",\"urlTemplate\":\"https:\/\/petronor.eus\/es\/?s={search_term_string}\"},\"query-input\":{\"@type\":\"PropertyValueSpecification\",\"valueRequired\":true,\"valueName\":\"search_term_string\"}}],\"inLanguage\":\"es-ES\"}]}<\/script>\n<!-- \/ Yoast SEO plugin. -->","yoast_head_json":{"title":"PLAN DE ACCI\u00d3N PARA ATENUAR EL RUIDO - Petronor","description":"Desde Petronor hemos elaborado un Plan de Acci\u00f3n con el objetivo de atenuar los ruidos propios de las instalaciones y actividades.","robots":{"index":"index","follow":"follow","max-snippet":"max-snippet:-1","max-image-preview":"max-image-preview:large","max-video-preview":"max-video-preview:-1"},"canonical":"https:\/\/petronor.eus\/es\/sobre-petronor\/proyectos\/plan-de-accion-para-atenuar-el-ruido\/","og_locale":"es_ES","og_type":"article","og_title":"PLAN DE ACCI\u00d3N PARA ATENUAR EL RUIDO - Petronor","og_description":"Desde Petronor hemos elaborado un Plan de Acci\u00f3n con el objetivo de atenuar los ruidos propios de las instalaciones y actividades.","og_url":"https:\/\/petronor.eus\/es\/sobre-petronor\/proyectos\/plan-de-accion-para-atenuar-el-ruido\/","og_site_name":"Petronor","article_modified_time":"2017-05-30T07:32:11+00:00","og_image":[{"url":"https:\/\/petronor.eus\/wp-content\/uploads\/2015\/04\/petronor-proyectos-plan-ruido.jpg","type":"","width":"","height":""}],"twitter_misc":{"Est. reading time":"2 minutes"},"schema":{"@context":"https:\/\/schema.org","@graph":[{"@type":"WebPage","@id":"https:\/\/petronor.eus\/es\/sobre-petronor\/proyectos\/plan-de-accion-para-atenuar-el-ruido\/","url":"https:\/\/petronor.eus\/es\/sobre-petronor\/proyectos\/plan-de-accion-para-atenuar-el-ruido\/","name":"PLAN DE ACCI\u00d3N PARA ATENUAR EL RUIDO - Petronor","isPartOf":{"@id":"https:\/\/petronor.eus\/es\/#website"},"primaryImageOfPage":{"@id":"https:\/\/petronor.eus\/es\/sobre-petronor\/proyectos\/plan-de-accion-para-atenuar-el-ruido\/#primaryimage"},"image":{"@id":"https:\/\/petronor.eus\/es\/sobre-petronor\/proyectos\/plan-de-accion-para-atenuar-el-ruido\/#primaryimage"},"thumbnailUrl":"https:\/\/petronor.eus\/wp-content\/uploads\/2015\/04\/petronor-proyectos-plan-ruido.jpg","datePublished":"2015-04-16T07:04:02+00:00","dateModified":"2017-05-30T07:32:11+00:00","description":"Desde Petronor hemos elaborado un Plan de Acci\u00f3n con el objetivo de atenuar los ruidos propios de las instalaciones y actividades.","breadcrumb":{"@id":"https:\/\/petronor.eus\/es\/sobre-petronor\/proyectos\/plan-de-accion-para-atenuar-el-ruido\/#breadcrumb"},"inLanguage":"es-ES","potentialAction":[{"@type":"ReadAction","target":["https:\/\/petronor.eus\/es\/sobre-petronor\/proyectos\/plan-de-accion-para-atenuar-el-ruido\/"]}]},{"@type":"ImageObject","inLanguage":"es-ES","@id":"https:\/\/petronor.eus\/es\/sobre-petronor\/proyectos\/plan-de-accion-para-atenuar-el-ruido\/#primaryimage","url":"https:\/\/petronor.eus\/wp-content\/uploads\/2015\/04\/petronor-proyectos-plan-ruido.jpg","contentUrl":"https:\/\/petronor.eus\/wp-content\/uploads\/2015\/04\/petronor-proyectos-plan-ruido.jpg"},{"@type":"BreadcrumbList","@id":"https:\/\/petronor.eus\/es\/sobre-petronor\/proyectos\/plan-de-accion-para-atenuar-el-ruido\/#breadcrumb","itemListElement":[{"@type":"ListItem","position":1,"name":"Home","item":"https:\/\/petronor.eus\/es\/"},{"@type":"ListItem","position":2,"name":"SOBRE PETRONOR","item":"https:\/\/petronor.eus\/es\/sobre-petronor\/"},{"@type":"ListItem","position":3,"name":"PROYECTOS","item":"https:\/\/petronor.eus\/es\/sobre-petronor\/proyectos\/"},{"@type":"ListItem","position":4,"name":"PLAN DE ACCI\u00d3N PARA ATENUAR EL RUIDO"}]},{"@type":"WebSite","@id":"https:\/\/petronor.eus\/es\/#website","url":"https:\/\/petronor.eus\/es\/","name":"Petronor","description":"","potentialAction":[{"@type":"SearchAction","target":{"@type":"EntryPoint","urlTemplate":"https:\/\/petronor.eus\/es\/?s={search_term_string}"},"query-input":{"@type":"PropertyValueSpecification","valueRequired":true,"valueName":"search_term_string"}}],"inLanguage":"es-ES"}]}},"_links":{"self":[{"href":"https:\/\/petronor.eus\/es\/wp-json\/wp\/v2\/pages\/3984","targetHints":{"allow":["GET"]}}],"collection":[{"href":"https:\/\/petronor.eus\/es\/wp-json\/wp\/v2\/pages"}],"about":[{"href":"https:\/\/petronor.eus\/es\/wp-json\/wp\/v2\/types\/page"}],"author":[{"embeddable":true,"href":"https:\/\/petronor.eus\/es\/wp-json\/wp\/v2\/users\/3"}],"replies":[{"embeddable":true,"href":"https:\/\/petronor.eus\/es\/wp-json\/wp\/v2\/comments?post=3984"}],"version-history":[{"count":21,"href":"https:\/\/petronor.eus\/es\/wp-json\/wp\/v2\/pages\/3984\/revisions"}],"predecessor-version":[{"id":39150,"href":"https:\/\/petronor.eus\/es\/wp-json\/wp\/v2\/pages\/3984\/revisions\/39150"}],"up":[{"embeddable":true,"href":"https:\/\/petronor.eus\/es\/wp-json\/wp\/v2\/pages\/24"}],"wp:attachment":[{"href":"https:\/\/petronor.eus\/es\/wp-json\/wp\/v2\/media?parent=3984"}],"curies":[{"name":"wp","href":"https:\/\/api.w.org\/{rel}","templated":true}]}}