{"id":3996,"date":"2015-04-16T09:16:06","date_gmt":"2015-04-16T09:16:06","guid":{"rendered":"https:\/\/petronor.eus\/?page_id=3996"},"modified":"2017-06-05T18:12:52","modified_gmt":"2017-06-05T16:12:52","slug":"proyecto-nepxus","status":"publish","type":"page","link":"https:\/\/petronor.eus\/es\/sobre-petronor\/proyectos\/proyecto-nepxus\/","title":{"rendered":"PROYECTO NEPXUS"},"content":{"rendered":"<div class=\"row introBlock full-width-section primeraFila maxHeightAuto\">\r\n<h1>PROYECTO NEPXUS<\/h1>\r\n<div id=\"contenedorBannerPB\" style=\"overflow: hidden;\"><img loading=\"lazy\" decoding=\"async\" class=\"alignnone wp-image-4004 size-full\" src=\"https:\/\/petronor.eus\/wp-content\/uploads\/2015\/04\/planta-cogeneracion-petronor.jpg\" alt=\"Panor\u00e1mica interior de Petronor\" width=\"1175\" height=\"450\" srcset=\"https:\/\/petronor.eus\/wp-content\/uploads\/2015\/04\/planta-cogeneracion-petronor.jpg 1175w, https:\/\/petronor.eus\/wp-content\/uploads\/2015\/04\/planta-cogeneracion-petronor-600x230.jpg 600w, https:\/\/petronor.eus\/wp-content\/uploads\/2015\/04\/planta-cogeneracion-petronor-860x329.jpg 860w\" sizes=\"(max-width: 1175px) 100vw, 1175px\" \/><\/div>\r\n<\/div>\r\n<div style=\"margin-bottom:30px ; height:1px; clear:both;\"><\/div>\r\n<div class=\"row \">\r\n<div class=\"col-lg-6 col-md-6 col-xs-12 col-sm-12\">\r\n<p style=\"margin-top: 0; padding: 10px;\">El proyecto NEPXUS, que comenz\u00f3 durante el pasado verano y continuar\u00e1 hasta finales de 2015, nace ante la necesidad de adaptaci\u00f3n a las condiciones cambiantes del mercado y de dar respuesta a una competencia que crece d\u00eda a d\u00eda. El objetivo final es agilizar nuestra capacidad de an\u00e1lisis y decisi\u00f3n para, entre todos, aumentar el margen del refino. Asimismo, Petronor lograr\u00e1 una mayor integraci\u00f3n con el resto del grupo, lo que requerir\u00e1 una adaptaci\u00f3n a las nuevas herramientas de trabajo.<\/p>\r\n<p style=\"margin-top: 0; padding: 10px;\">Con esta finalidad se acomete una transformaci\u00f3n de los procesos de planificaci\u00f3n, programaci\u00f3n de refino y control del proceso. En concreto, la planificaci\u00f3n central integra en su modelo productivo a las 5 refiner\u00edas del Grupo Repsol, permitiendo as\u00ed la optimizaci\u00f3n seg\u00fan las particularidades individuales de cada una de ellas. Adem\u00e1s, se otorga homogeneidad de criterios y procesos a todas las refiner\u00edas.<\/p>\r\n\r\n<div class=\"hidden-xs\"><div style=\"margin-bottom:30px ; height:1px; clear:both;\"><\/div><\/div>\r\n<\/div>\r\n<div class=\"col-lg-3 col-md-3 col-xs-12 col-sm-6\">\r\n<div style=\"padding: 10px;\"><div class=\"tablaHeader derechadoMovil\">\n<div class=\"celda celdaIzquierda\"><h3>\r\n<h3>BENEFICIOS<\/h3>\r\n<\/h3><\/div>\n<div class=\"celda\"><div class=\"widgettitlewrapper\">&nbsp;<\/div><\/div>\n<\/div>\r\n<div style=\"margin-bottom:10px ; height:1px; clear:both;\"><\/div>\r\n<ol class=\"listaReseteada\">\r\n\t<li>La integraci\u00f3n de procesos de planificaci\u00f3n, programaci\u00f3n y ejecuci\u00f3n.<\/li>\r\n\t<li>Refuerzo sobre el control de las operaciones de proceso e incidencias productivas, y su valoraci\u00f3n.<\/li>\r\n\t<li>Facilita la identificaci\u00f3n de indicadores que est\u00e9n alineados con la estrategia del negocio y su seguimiento.<\/li>\r\n<\/ol>\r\n<\/div>\r\n<\/div>\r\n<div class=\"col-lg-3 col-md-3 col-xs-12 col-sm-6\">\r\n<img loading=\"lazy\" decoding=\"async\" class=\"alignnone wp-image-4979 size-full\" src=\"https:\/\/petronor.eus\/wp-content\/uploads\/2015\/04\/proyecto-nepxus-petronor.jpg\" alt=\"Logotipo de nepxus\" width=\"360\" height=\"208\" \/>\r\n<div class=\"pieDeFoto\">El proyecto NEPXUS mejorar\u00e1 la capacidad de an\u00e1lisis de la refiner\u00eda<\/div>\r\n<\/div>\r\n<\/div>\r\n<div style=\"margin-bottom:30px ; height:1px; clear:both;\"><\/div>\r\n<div class=\"row \">\r\n<div class=\"col-lg-5 col-md-5 col-xs-4 col-sm-4\">\r\n<div class=\"separadorGris100\"><\/div>\r\n<\/div>\r\n<div class=\"col-lg-2 col-md-2 col-xs-4 col-sm-4\">\r\n<div style=\"margin-bottom:10px ; height:1px; clear:both;\"><\/div>\r\n<div class=\"botonVolverTexto\"><a href=\"\/es\/sobre-petronor\/proyectos\/\">VOLVER<\/a><\/div>\r\n<\/div>\r\n<div class=\"col-lg-5 col-md-5 col-xs-4 col-sm-4\">\r\n<div class=\"separadorGris100\"><\/div>\r\n<\/div>\r\n<\/div>","protected":false},"excerpt":{"rendered":"","protected":false},"author":3,"featured_media":0,"parent":24,"menu_order":0,"comment_status":"open","ping_status":"open","template":"","meta":{"footnotes":""},"class_list":["post-3996","page","type-page","status-publish","hentry"],"yoast_head":"<!-- This site is optimized with the Yoast SEO plugin v24.7 - https:\/\/yoast.com\/wordpress\/plugins\/seo\/ -->\n<title>PROYECTO NEPXUS<\/title>\n<meta name=\"description\" content=\"El proyecto Nepxus responde a las necesidades cambiantes del mercado y a una competencia que crece d\u00eda a d\u00eda. Beneficios.\" \/>\n<meta name=\"robots\" content=\"index, follow, max-snippet:-1, max-image-preview:large, max-video-preview:-1\" \/>\n<link rel=\"canonical\" href=\"https:\/\/petronor.eus\/es\/sobre-petronor\/proyectos\/proyecto-nepxus\/\" \/>\n<meta property=\"og:locale\" content=\"es_ES\" \/>\n<meta property=\"og:type\" content=\"article\" \/>\n<meta property=\"og:title\" content=\"PROYECTO NEPXUS\" \/>\n<meta property=\"og:description\" content=\"El proyecto Nepxus responde a las necesidades cambiantes del mercado y a una competencia que crece d\u00eda a d\u00eda. Beneficios.\" \/>\n<meta property=\"og:url\" content=\"https:\/\/petronor.eus\/es\/sobre-petronor\/proyectos\/proyecto-nepxus\/\" \/>\n<meta property=\"og:site_name\" content=\"Petronor\" \/>\n<meta property=\"article:modified_time\" content=\"2017-06-05T16:12:52+00:00\" \/>\n<meta property=\"og:image\" content=\"https:\/\/petronor.eus\/wp-content\/uploads\/2015\/04\/planta-cogeneracion-petronor.jpg\" \/>\n<meta name=\"twitter:label1\" content=\"Est. reading time\" \/>\n\t<meta name=\"twitter:data1\" content=\"1 minute\" \/>\n<script type=\"application\/ld+json\" class=\"yoast-schema-graph\">{\"@context\":\"https:\/\/schema.org\",\"@graph\":[{\"@type\":\"WebPage\",\"@id\":\"https:\/\/petronor.eus\/es\/sobre-petronor\/proyectos\/proyecto-nepxus\/\",\"url\":\"https:\/\/petronor.eus\/es\/sobre-petronor\/proyectos\/proyecto-nepxus\/\",\"name\":\"PROYECTO NEPXUS\",\"isPartOf\":{\"@id\":\"https:\/\/petronor.eus\/es\/#website\"},\"primaryImageOfPage\":{\"@id\":\"https:\/\/petronor.eus\/es\/sobre-petronor\/proyectos\/proyecto-nepxus\/#primaryimage\"},\"image\":{\"@id\":\"https:\/\/petronor.eus\/es\/sobre-petronor\/proyectos\/proyecto-nepxus\/#primaryimage\"},\"thumbnailUrl\":\"https:\/\/petronor.eus\/wp-content\/uploads\/2015\/04\/planta-cogeneracion-petronor.jpg\",\"datePublished\":\"2015-04-16T09:16:06+00:00\",\"dateModified\":\"2017-06-05T16:12:52+00:00\",\"description\":\"El proyecto Nepxus responde a las necesidades cambiantes del mercado y a una competencia que crece d\u00eda a d\u00eda. Beneficios.\",\"breadcrumb\":{\"@id\":\"https:\/\/petronor.eus\/es\/sobre-petronor\/proyectos\/proyecto-nepxus\/#breadcrumb\"},\"inLanguage\":\"es-ES\",\"potentialAction\":[{\"@type\":\"ReadAction\",\"target\":[\"https:\/\/petronor.eus\/es\/sobre-petronor\/proyectos\/proyecto-nepxus\/\"]}]},{\"@type\":\"ImageObject\",\"inLanguage\":\"es-ES\",\"@id\":\"https:\/\/petronor.eus\/es\/sobre-petronor\/proyectos\/proyecto-nepxus\/#primaryimage\",\"url\":\"https:\/\/petronor.eus\/wp-content\/uploads\/2015\/04\/planta-cogeneracion-petronor.jpg\",\"contentUrl\":\"https:\/\/petronor.eus\/wp-content\/uploads\/2015\/04\/planta-cogeneracion-petronor.jpg\"},{\"@type\":\"BreadcrumbList\",\"@id\":\"https:\/\/petronor.eus\/es\/sobre-petronor\/proyectos\/proyecto-nepxus\/#breadcrumb\",\"itemListElement\":[{\"@type\":\"ListItem\",\"position\":1,\"name\":\"Home\",\"item\":\"https:\/\/petronor.eus\/es\/\"},{\"@type\":\"ListItem\",\"position\":2,\"name\":\"SOBRE PETRONOR\",\"item\":\"https:\/\/petronor.eus\/es\/sobre-petronor\/\"},{\"@type\":\"ListItem\",\"position\":3,\"name\":\"PROYECTOS\",\"item\":\"https:\/\/petronor.eus\/es\/sobre-petronor\/proyectos\/\"},{\"@type\":\"ListItem\",\"position\":4,\"name\":\"PROYECTO NEPXUS\"}]},{\"@type\":\"WebSite\",\"@id\":\"https:\/\/petronor.eus\/es\/#website\",\"url\":\"https:\/\/petronor.eus\/es\/\",\"name\":\"Petronor\",\"description\":\"\",\"potentialAction\":[{\"@type\":\"SearchAction\",\"target\":{\"@type\":\"EntryPoint\",\"urlTemplate\":\"https:\/\/petronor.eus\/es\/?s={search_term_string}\"},\"query-input\":{\"@type\":\"PropertyValueSpecification\",\"valueRequired\":true,\"valueName\":\"search_term_string\"}}],\"inLanguage\":\"es-ES\"}]}<\/script>\n<!-- \/ Yoast SEO plugin. -->","yoast_head_json":{"title":"PROYECTO NEPXUS","description":"El proyecto Nepxus responde a las necesidades cambiantes del mercado y a una competencia que crece d\u00eda a d\u00eda. Beneficios.","robots":{"index":"index","follow":"follow","max-snippet":"max-snippet:-1","max-image-preview":"max-image-preview:large","max-video-preview":"max-video-preview:-1"},"canonical":"https:\/\/petronor.eus\/es\/sobre-petronor\/proyectos\/proyecto-nepxus\/","og_locale":"es_ES","og_type":"article","og_title":"PROYECTO NEPXUS","og_description":"El proyecto Nepxus responde a las necesidades cambiantes del mercado y a una competencia que crece d\u00eda a d\u00eda. Beneficios.","og_url":"https:\/\/petronor.eus\/es\/sobre-petronor\/proyectos\/proyecto-nepxus\/","og_site_name":"Petronor","article_modified_time":"2017-06-05T16:12:52+00:00","og_image":[{"url":"https:\/\/petronor.eus\/wp-content\/uploads\/2015\/04\/planta-cogeneracion-petronor.jpg","type":"","width":"","height":""}],"twitter_misc":{"Est. reading time":"1 minute"},"schema":{"@context":"https:\/\/schema.org","@graph":[{"@type":"WebPage","@id":"https:\/\/petronor.eus\/es\/sobre-petronor\/proyectos\/proyecto-nepxus\/","url":"https:\/\/petronor.eus\/es\/sobre-petronor\/proyectos\/proyecto-nepxus\/","name":"PROYECTO NEPXUS","isPartOf":{"@id":"https:\/\/petronor.eus\/es\/#website"},"primaryImageOfPage":{"@id":"https:\/\/petronor.eus\/es\/sobre-petronor\/proyectos\/proyecto-nepxus\/#primaryimage"},"image":{"@id":"https:\/\/petronor.eus\/es\/sobre-petronor\/proyectos\/proyecto-nepxus\/#primaryimage"},"thumbnailUrl":"https:\/\/petronor.eus\/wp-content\/uploads\/2015\/04\/planta-cogeneracion-petronor.jpg","datePublished":"2015-04-16T09:16:06+00:00","dateModified":"2017-06-05T16:12:52+00:00","description":"El proyecto Nepxus responde a las necesidades cambiantes del mercado y a una competencia que crece d\u00eda a d\u00eda. Beneficios.","breadcrumb":{"@id":"https:\/\/petronor.eus\/es\/sobre-petronor\/proyectos\/proyecto-nepxus\/#breadcrumb"},"inLanguage":"es-ES","potentialAction":[{"@type":"ReadAction","target":["https:\/\/petronor.eus\/es\/sobre-petronor\/proyectos\/proyecto-nepxus\/"]}]},{"@type":"ImageObject","inLanguage":"es-ES","@id":"https:\/\/petronor.eus\/es\/sobre-petronor\/proyectos\/proyecto-nepxus\/#primaryimage","url":"https:\/\/petronor.eus\/wp-content\/uploads\/2015\/04\/planta-cogeneracion-petronor.jpg","contentUrl":"https:\/\/petronor.eus\/wp-content\/uploads\/2015\/04\/planta-cogeneracion-petronor.jpg"},{"@type":"BreadcrumbList","@id":"https:\/\/petronor.eus\/es\/sobre-petronor\/proyectos\/proyecto-nepxus\/#breadcrumb","itemListElement":[{"@type":"ListItem","position":1,"name":"Home","item":"https:\/\/petronor.eus\/es\/"},{"@type":"ListItem","position":2,"name":"SOBRE PETRONOR","item":"https:\/\/petronor.eus\/es\/sobre-petronor\/"},{"@type":"ListItem","position":3,"name":"PROYECTOS","item":"https:\/\/petronor.eus\/es\/sobre-petronor\/proyectos\/"},{"@type":"ListItem","position":4,"name":"PROYECTO NEPXUS"}]},{"@type":"WebSite","@id":"https:\/\/petronor.eus\/es\/#website","url":"https:\/\/petronor.eus\/es\/","name":"Petronor","description":"","potentialAction":[{"@type":"SearchAction","target":{"@type":"EntryPoint","urlTemplate":"https:\/\/petronor.eus\/es\/?s={search_term_string}"},"query-input":{"@type":"PropertyValueSpecification","valueRequired":true,"valueName":"search_term_string"}}],"inLanguage":"es-ES"}]}},"_links":{"self":[{"href":"https:\/\/petronor.eus\/es\/wp-json\/wp\/v2\/pages\/3996","targetHints":{"allow":["GET"]}}],"collection":[{"href":"https:\/\/petronor.eus\/es\/wp-json\/wp\/v2\/pages"}],"about":[{"href":"https:\/\/petronor.eus\/es\/wp-json\/wp\/v2\/types\/page"}],"author":[{"embeddable":true,"href":"https:\/\/petronor.eus\/es\/wp-json\/wp\/v2\/users\/3"}],"replies":[{"embeddable":true,"href":"https:\/\/petronor.eus\/es\/wp-json\/wp\/v2\/comments?post=3996"}],"version-history":[{"count":15,"href":"https:\/\/petronor.eus\/es\/wp-json\/wp\/v2\/pages\/3996\/revisions"}],"predecessor-version":[{"id":39261,"href":"https:\/\/petronor.eus\/es\/wp-json\/wp\/v2\/pages\/3996\/revisions\/39261"}],"up":[{"embeddable":true,"href":"https:\/\/petronor.eus\/es\/wp-json\/wp\/v2\/pages\/24"}],"wp:attachment":[{"href":"https:\/\/petronor.eus\/es\/wp-json\/wp\/v2\/media?parent=3996"}],"curies":[{"name":"wp","href":"https:\/\/api.w.org\/{rel}","templated":true}]}}