{"id":40450,"date":"2017-10-02T15:00:11","date_gmt":"2017-10-02T13:00:11","guid":{"rendered":"https:\/\/petronor.eus\/?page_id=40450"},"modified":"2018-01-15T13:16:30","modified_gmt":"2018-01-15T11:16:30","slug":"jornada-un-futuro-sin-limites-para-nuestras-hijas","status":"publish","type":"page","link":"https:\/\/petronor.eus\/es\/patrocinio\/cultural\/jornada-un-futuro-sin-limites-para-nuestras-hijas\/","title":{"rendered":"JORNADA: UN FUTURO SIN L\u00cdMITES PARA NUESTRAS HIJAS"},"content":{"rendered":"<div class=\"row introBlock full-width-section primeraFila\">\r\n<div class=\"col-lg-2 col-md-3 col-xs-12 col-sm-12\">\r\n<div class=\"menu-menu_cultural-container\"><ul id=\"menu-menu_cultural\" class=\"subnav\"><li id=\"menu-item-32392\" class=\"menu-item menu-item-type-post_type menu-item-object-page menu-item-32392\"><a href=\"https:\/\/petronor.eus\/es\/patrocinio\/cultural\/formacion-para-periodistas\/\">FORMACI\u00d3N PARA PERIODISTAS<\/a><\/li>\n<li id=\"menu-item-40466\" class=\"menu-item menu-item-type-post_type menu-item-object-page menu-item-40466\"><a href=\"https:\/\/petronor.eus\/es\/patrocinio\/cultural\/jornada-un-futuro-sin-limites-para-nuestras-hijas\/\">JORNADA: UN FUTURO SIN L\u00cdMITES PARA NUESTRAS HIJAS<\/a><\/li>\n<\/ul><\/div>\r\n<\/div>\r\n<div class=\"col-lg-3 col-md-3 col-xs-12 col-sm-12\">\r\n<h1 style=\"margin-top: 0;\">JORNADA: UN FUTURO SIN LI\u0301MITES PARA NUESTRAS HIJAS<\/h1>\r\n<p class=\"font18\" style=\"font-size: 18px!important;\"><b>Petronor, en colaboraci\u00f3n con la Asociaci\u00f3n de Empresarias y Directivas de Bizkaia y el Centro de Formaci\u00f3n de Somorrostro, organiza una jornada informativa sobre la formaci\u00f3n t\u00e9cnica orientada a nuestras hijas.<\/b><\/p>\r\nLa jornada se realiza el 25 de octubre a las 19:00 horas en la Sala M. de Kultura Etxea de Muskiz, con entrada libre.\r\n\r\n<\/div>\r\n<div class=\"no-padding-right-child\"><div class=\"col-lg-7 col-md-5 col-xs-12 col-sm-12\">\r\n<img loading=\"lazy\" decoding=\"async\" class=\"alignnone size-full wp-image-2228 fullwidth\" src=\"https:\/\/petronor.eus\/wp-content\/uploads\/2017\/10\/O68AOZ0-.jpeg\" alt=\"sin l\u00edmites\" width=\"584\" height=\"337\" \/><\/div><\/div>\r\n<\/div>\r\n<div class=\"row \">\r\n<div class=\"col-lg-5 col-md-10 col-sm-12 col-xs-12 col-lg-offset-2 col-md-offset-1 egitaraua-col\">\r\n\r\n<div class=\"tablaHeader derechadoMovil\">\n<div class=\"celda celdaIzquierda\"><h3>FORMACI\u00d3N T\u00c9CNICA<\/h3><\/div>\n<div class=\"celda\"><div class=\"widgettitlewrapper\">&nbsp;<\/div><\/div>\n<\/div>\r\n\r\n\r\n<br>\u00bfC\u00f3mo ayudar a nuestras hijas?<br> <br>\u00bfC\u00f3mo darles un futuro?<br>\r\n\r\n\r\n<br>Estas son algunas preguntas de dif\u00edcil respuesta que todos los padres nos hacemos. Y no existe una respuesta sencilla, ni siquiera una sola. Pero algo que seguro les ayudar\u00e1 ser\u00e1 tener una s\u00f3lida formaci\u00f3n en un mundo laboral donde no tengan ni barreras ni techos de cristal. Donde elijan la forma de vida que quieran y puedan llevarla a cabo desde la libertad individual. Con una formaci\u00f3n que les permita acceder a un trabajo y dibujar su futuro.<br>\r\n\r\n<br>Y esa formaci\u00f3n, ese futuro, se llama formaci\u00f3n t\u00e9cnica (formaci\u00f3n profesional y\/o universitaria) tras hacer el bachillerato t\u00e9cnico.<br>\r\nLas mujeres tienen un largo camino que recorrer en este \u00e1mbito donde cada d\u00eda son necesarios profesionales&#8230; Hay un buen trabajo \u00bfPor qu\u00e9 no para tu hija?<br>\r\n\r\n\r\n\r\n<br>Para que conozcas esta realidad y este futuro para tu hija hemos preparado esta jornada. Por ello surge la iniciativa de realizar alguna acci\u00f3n conjunta entre las tres entidades: Petronor, <a href=\"http:\/\/www.aedbiz.org\/\" target=\"_blank\">AED<\/a> y <a href=\"http:\/\/www.somorrostro.com\/\" target=\"_blank\">Centro de Formaci\u00f3n Somorrostro.<\/a><br>\r\n\r\n\r\n<br><div class=\"titulo-rojo\">D\u00cdA-HORA-LUGAR<\/div>\r\n<p class=\"parrafoDestacado\">\r\n\r\n<br>D\u00eda: Mi\u00e9rcoles 25 de octubre<br>\r\n\r\n<br>Hora: 19:00 h.<br>\r\n\r\n<br>Lugar: Sala M. Kultur Etxea Muskiz. Entrada: Libre<\/a><\/p>\r\n\r\n\r\n<\/div>\r\n<!-- FIN PARTE IZQUIERDA -->\r\n<div class=\"col-lg-4 col-md-10 col-sm-12 col-xs-12 col-lg-offset-1 col-md-offset-1 right-col-row\"><div class=\"tablaHeader derechadoMovil\">\n<div class=\"celda celdaIzquierda\"><h3>PROGRAMA<\/h3><\/div>\n<div class=\"celda\"><div class=\"widgettitlewrapper\">&nbsp;<\/div><\/div>\n<\/div><br>\r\n\r\n<br>\u2022 <strong>Bienvenida<\/strong><br>\r\n<br>\u2022 <strong>Una mujer <\/strong>a pie de obra Lourdes Ubieta Lemos. Directora de Transporte y Calidad de Amantegi<br>\r\n<br>\u2022 <strong>Padre e hija, en una refiner\u00eda <\/strong>Francisco Javier Garc\u00eda Huete e Irati Garc\u00eda Mart\u00edn. Petronor<br>\r\n<br>\u2022 <strong>La formaci\u00f3n t\u00e9cnica en las j\u00f3venes<\/strong>. Javier Laiseca. Centro de Formaci\u00f3n de Somorostro<br>\r\n<br>\u2022 El <strong>programa de becas de Petronor<\/strong>. Rosal\u00eda Ferre\u00f1o<br>\r\n<br>\u2022 <strong>Preguntas<\/strong><br>\r\n\r\n\r\n\r\n\r\n<p style=\"margin-top: 30px;\">\r\n<img decoding=\"async\" src=\"https:\/\/petronor.eus\/wp-content\/uploads\/2017\/10\/petronor_logo.png\" alt=\"Petronor\" width=\"140\">\r\n<a href=\"http:\/\/www.aedbiz.org\/es\/\" target=\"_blank\"><img decoding=\"async\" class=\"\" src=\"https:\/\/petronor.eus\/wp-content\/uploads\/2017\/10\/AED_logo.png\" alt=\"AED\" width=\"210\"><\/a>\r\n<a href=\"http:\/\/www.somorrostro.com\/\" target=\"_blank\"><img decoding=\"async\" style=\"\" src=\"https:\/\/petronor.eus\/wp-content\/uploads\/2018\/01\/logo_somo.jpg\" alt=\"Somotrostro\" width=\"150\"><\/a>\r\n\r\n<\/p>\r\n\r\n<\/div>\r\n<!-- FIN PARTE DERECHA -->\r\n<\/div>","protected":false},"excerpt":{"rendered":"","protected":false},"author":3,"featured_media":0,"parent":44,"menu_order":0,"comment_status":"open","ping_status":"open","template":"","meta":{"footnotes":""},"class_list":["post-40450","page","type-page","status-publish","hentry"],"yoast_head":"<!-- This site is optimized with the Yoast SEO plugin v24.7 - https:\/\/yoast.com\/wordpress\/plugins\/seo\/ -->\n<title>JORNADA: UN FUTURO SIN L\u00cdMITES PARA NUESTRAS HIJAS - Petronor<\/title>\n<meta name=\"description\" content=\"JORNADA: UN FUTURO SIN L\u00cdMITES PARA NUESTRAS HIJAS\" \/>\n<meta name=\"robots\" content=\"index, follow, max-snippet:-1, max-image-preview:large, max-video-preview:-1\" \/>\n<link rel=\"canonical\" href=\"https:\/\/petronor.eus\/es\/patrocinio\/cultural\/jornada-un-futuro-sin-limites-para-nuestras-hijas\/\" \/>\n<meta property=\"og:locale\" content=\"es_ES\" \/>\n<meta property=\"og:type\" content=\"article\" \/>\n<meta property=\"og:title\" content=\"JORNADA: UN FUTURO SIN L\u00cdMITES PARA NUESTRAS HIJAS - Petronor\" \/>\n<meta property=\"og:description\" content=\"JORNADA: UN FUTURO SIN L\u00cdMITES PARA NUESTRAS HIJAS\" \/>\n<meta property=\"og:url\" content=\"https:\/\/petronor.eus\/es\/patrocinio\/cultural\/jornada-un-futuro-sin-limites-para-nuestras-hijas\/\" \/>\n<meta property=\"og:site_name\" content=\"Petronor\" \/>\n<meta property=\"article:modified_time\" content=\"2018-01-15T11:16:30+00:00\" \/>\n<meta property=\"og:image\" content=\"https:\/\/petronor.eus\/wp-content\/uploads\/2017\/10\/O68AOZ0-.jpeg\" \/>\n<meta name=\"twitter:label1\" content=\"Est. reading time\" \/>\n\t<meta name=\"twitter:data1\" content=\"2 minutes\" \/>\n<script type=\"application\/ld+json\" class=\"yoast-schema-graph\">{\"@context\":\"https:\/\/schema.org\",\"@graph\":[{\"@type\":\"WebPage\",\"@id\":\"https:\/\/petronor.eus\/es\/patrocinio\/cultural\/jornada-un-futuro-sin-limites-para-nuestras-hijas\/\",\"url\":\"https:\/\/petronor.eus\/es\/patrocinio\/cultural\/jornada-un-futuro-sin-limites-para-nuestras-hijas\/\",\"name\":\"JORNADA: UN FUTURO SIN L\u00cdMITES PARA NUESTRAS HIJAS - Petronor\",\"isPartOf\":{\"@id\":\"https:\/\/petronor.eus\/es\/#website\"},\"primaryImageOfPage\":{\"@id\":\"https:\/\/petronor.eus\/es\/patrocinio\/cultural\/jornada-un-futuro-sin-limites-para-nuestras-hijas\/#primaryimage\"},\"image\":{\"@id\":\"https:\/\/petronor.eus\/es\/patrocinio\/cultural\/jornada-un-futuro-sin-limites-para-nuestras-hijas\/#primaryimage\"},\"thumbnailUrl\":\"https:\/\/petronor.eus\/wp-content\/uploads\/2017\/10\/O68AOZ0-.jpeg\",\"datePublished\":\"2017-10-02T13:00:11+00:00\",\"dateModified\":\"2018-01-15T11:16:30+00:00\",\"description\":\"JORNADA: UN FUTURO SIN L\u00cdMITES PARA NUESTRAS HIJAS\",\"breadcrumb\":{\"@id\":\"https:\/\/petronor.eus\/es\/patrocinio\/cultural\/jornada-un-futuro-sin-limites-para-nuestras-hijas\/#breadcrumb\"},\"inLanguage\":\"es-ES\",\"potentialAction\":[{\"@type\":\"ReadAction\",\"target\":[\"https:\/\/petronor.eus\/es\/patrocinio\/cultural\/jornada-un-futuro-sin-limites-para-nuestras-hijas\/\"]}]},{\"@type\":\"ImageObject\",\"inLanguage\":\"es-ES\",\"@id\":\"https:\/\/petronor.eus\/es\/patrocinio\/cultural\/jornada-un-futuro-sin-limites-para-nuestras-hijas\/#primaryimage\",\"url\":\"https:\/\/petronor.eus\/wp-content\/uploads\/2017\/10\/O68AOZ0-.jpeg\",\"contentUrl\":\"https:\/\/petronor.eus\/wp-content\/uploads\/2017\/10\/O68AOZ0-.jpeg\"},{\"@type\":\"BreadcrumbList\",\"@id\":\"https:\/\/petronor.eus\/es\/patrocinio\/cultural\/jornada-un-futuro-sin-limites-para-nuestras-hijas\/#breadcrumb\",\"itemListElement\":[{\"@type\":\"ListItem\",\"position\":1,\"name\":\"Home\",\"item\":\"https:\/\/petronor.eus\/es\/\"},{\"@type\":\"ListItem\",\"position\":2,\"name\":\"PATROCINIO\",\"item\":\"https:\/\/petronor.eus\/es\/patrocinio\/\"},{\"@type\":\"ListItem\",\"position\":3,\"name\":\"CULTURAL\",\"item\":\"https:\/\/petronor.eus\/es\/patrocinio\/cultural\/\"},{\"@type\":\"ListItem\",\"position\":4,\"name\":\"JORNADA: UN FUTURO SIN L\u00cdMITES PARA NUESTRAS HIJAS\"}]},{\"@type\":\"WebSite\",\"@id\":\"https:\/\/petronor.eus\/es\/#website\",\"url\":\"https:\/\/petronor.eus\/es\/\",\"name\":\"Petronor\",\"description\":\"\",\"potentialAction\":[{\"@type\":\"SearchAction\",\"target\":{\"@type\":\"EntryPoint\",\"urlTemplate\":\"https:\/\/petronor.eus\/es\/?s={search_term_string}\"},\"query-input\":{\"@type\":\"PropertyValueSpecification\",\"valueRequired\":true,\"valueName\":\"search_term_string\"}}],\"inLanguage\":\"es-ES\"}]}<\/script>\n<!-- \/ Yoast SEO plugin. -->","yoast_head_json":{"title":"JORNADA: UN FUTURO SIN L\u00cdMITES PARA NUESTRAS HIJAS - Petronor","description":"JORNADA: UN FUTURO SIN L\u00cdMITES PARA NUESTRAS HIJAS","robots":{"index":"index","follow":"follow","max-snippet":"max-snippet:-1","max-image-preview":"max-image-preview:large","max-video-preview":"max-video-preview:-1"},"canonical":"https:\/\/petronor.eus\/es\/patrocinio\/cultural\/jornada-un-futuro-sin-limites-para-nuestras-hijas\/","og_locale":"es_ES","og_type":"article","og_title":"JORNADA: UN FUTURO SIN L\u00cdMITES PARA NUESTRAS HIJAS - Petronor","og_description":"JORNADA: UN FUTURO SIN L\u00cdMITES PARA NUESTRAS HIJAS","og_url":"https:\/\/petronor.eus\/es\/patrocinio\/cultural\/jornada-un-futuro-sin-limites-para-nuestras-hijas\/","og_site_name":"Petronor","article_modified_time":"2018-01-15T11:16:30+00:00","og_image":[{"url":"https:\/\/petronor.eus\/wp-content\/uploads\/2017\/10\/O68AOZ0-.jpeg","type":"","width":"","height":""}],"twitter_misc":{"Est. reading time":"2 minutes"},"schema":{"@context":"https:\/\/schema.org","@graph":[{"@type":"WebPage","@id":"https:\/\/petronor.eus\/es\/patrocinio\/cultural\/jornada-un-futuro-sin-limites-para-nuestras-hijas\/","url":"https:\/\/petronor.eus\/es\/patrocinio\/cultural\/jornada-un-futuro-sin-limites-para-nuestras-hijas\/","name":"JORNADA: UN FUTURO SIN L\u00cdMITES PARA NUESTRAS HIJAS - Petronor","isPartOf":{"@id":"https:\/\/petronor.eus\/es\/#website"},"primaryImageOfPage":{"@id":"https:\/\/petronor.eus\/es\/patrocinio\/cultural\/jornada-un-futuro-sin-limites-para-nuestras-hijas\/#primaryimage"},"image":{"@id":"https:\/\/petronor.eus\/es\/patrocinio\/cultural\/jornada-un-futuro-sin-limites-para-nuestras-hijas\/#primaryimage"},"thumbnailUrl":"https:\/\/petronor.eus\/wp-content\/uploads\/2017\/10\/O68AOZ0-.jpeg","datePublished":"2017-10-02T13:00:11+00:00","dateModified":"2018-01-15T11:16:30+00:00","description":"JORNADA: UN FUTURO SIN L\u00cdMITES PARA NUESTRAS HIJAS","breadcrumb":{"@id":"https:\/\/petronor.eus\/es\/patrocinio\/cultural\/jornada-un-futuro-sin-limites-para-nuestras-hijas\/#breadcrumb"},"inLanguage":"es-ES","potentialAction":[{"@type":"ReadAction","target":["https:\/\/petronor.eus\/es\/patrocinio\/cultural\/jornada-un-futuro-sin-limites-para-nuestras-hijas\/"]}]},{"@type":"ImageObject","inLanguage":"es-ES","@id":"https:\/\/petronor.eus\/es\/patrocinio\/cultural\/jornada-un-futuro-sin-limites-para-nuestras-hijas\/#primaryimage","url":"https:\/\/petronor.eus\/wp-content\/uploads\/2017\/10\/O68AOZ0-.jpeg","contentUrl":"https:\/\/petronor.eus\/wp-content\/uploads\/2017\/10\/O68AOZ0-.jpeg"},{"@type":"BreadcrumbList","@id":"https:\/\/petronor.eus\/es\/patrocinio\/cultural\/jornada-un-futuro-sin-limites-para-nuestras-hijas\/#breadcrumb","itemListElement":[{"@type":"ListItem","position":1,"name":"Home","item":"https:\/\/petronor.eus\/es\/"},{"@type":"ListItem","position":2,"name":"PATROCINIO","item":"https:\/\/petronor.eus\/es\/patrocinio\/"},{"@type":"ListItem","position":3,"name":"CULTURAL","item":"https:\/\/petronor.eus\/es\/patrocinio\/cultural\/"},{"@type":"ListItem","position":4,"name":"JORNADA: UN FUTURO SIN L\u00cdMITES PARA NUESTRAS HIJAS"}]},{"@type":"WebSite","@id":"https:\/\/petronor.eus\/es\/#website","url":"https:\/\/petronor.eus\/es\/","name":"Petronor","description":"","potentialAction":[{"@type":"SearchAction","target":{"@type":"EntryPoint","urlTemplate":"https:\/\/petronor.eus\/es\/?s={search_term_string}"},"query-input":{"@type":"PropertyValueSpecification","valueRequired":true,"valueName":"search_term_string"}}],"inLanguage":"es-ES"}]}},"_links":{"self":[{"href":"https:\/\/petronor.eus\/es\/wp-json\/wp\/v2\/pages\/40450","targetHints":{"allow":["GET"]}}],"collection":[{"href":"https:\/\/petronor.eus\/es\/wp-json\/wp\/v2\/pages"}],"about":[{"href":"https:\/\/petronor.eus\/es\/wp-json\/wp\/v2\/types\/page"}],"author":[{"embeddable":true,"href":"https:\/\/petronor.eus\/es\/wp-json\/wp\/v2\/users\/3"}],"replies":[{"embeddable":true,"href":"https:\/\/petronor.eus\/es\/wp-json\/wp\/v2\/comments?post=40450"}],"version-history":[{"count":10,"href":"https:\/\/petronor.eus\/es\/wp-json\/wp\/v2\/pages\/40450\/revisions"}],"predecessor-version":[{"id":41763,"href":"https:\/\/petronor.eus\/es\/wp-json\/wp\/v2\/pages\/40450\/revisions\/41763"}],"up":[{"embeddable":true,"href":"https:\/\/petronor.eus\/es\/wp-json\/wp\/v2\/pages\/44"}],"wp:attachment":[{"href":"https:\/\/petronor.eus\/es\/wp-json\/wp\/v2\/media?parent=40450"}],"curies":[{"name":"wp","href":"https:\/\/api.w.org\/{rel}","templated":true}]}}