{"id":42,"date":"2014-12-15T12:22:03","date_gmt":"2014-12-15T12:22:03","guid":{"rendered":"https:\/\/petronor.eus\/?page_id=42"},"modified":"2017-09-28T09:51:46","modified_gmt":"2017-09-28T07:51:46","slug":"deportivo","status":"publish","type":"page","link":"https:\/\/petronor.eus\/es\/patrocinio\/deportivo\/","title":{"rendered":"DEPORTIVO"},"content":{"rendered":"<div class=\"row introBlock full-width-section primeraFila\">\r\n<div class=\"col-lg-4 col-md-4 col-xs-12 col-sm-6\">\r\n<h1>PATROCINIO DEPORTIVO<\/h1>\r\n<p class=\"font18\" style=\"font-size: 18px!important;\">La Refiner\u00eda subvenciona <strong>multitud de actividades<\/strong> deportivas de su entorno.<\/p>\r\n\r\n<p>Petronor lleva d\u00e9cadas apoyando m\u00faltiples actividades entre las que destacan las realizadas por los m\u00e1s de 25 grupos de empleados de la Empresa. Tambi\u00e9n desarrolla una labor importante potenciando el deporte base para crear una cantera saludable para el futuro.<\/p>\r\n\r\n<p>Adem\u00e1s de estos patrocinios, m\u00e1s o menos estables y enmarcados dentro del entorno de la Refiner\u00eda, Petronor lleva a cabo acciones puntuales no menos importantes, como el patrocinio de la Veloux 5 Oceans durante el verano de 2007, la Copa del Mundo de Futbol Playa o del Memorial Ivan L\u00f3pez de Motocross de 2004 en el que particip\u00f3 Marc Coma, o la colaboraci\u00f3n con la Fundaci\u00f3n Saiatu de ayuda al deporte paral\u00edmpico y la Paracycling World Cup en 2016.<\/p>\r\n\r\n<\/div>\r\n<div class=\"col-lg-8 col-md-8 col-xs-12 col-sm-6\">\r\n<img loading=\"lazy\" decoding=\"async\" class=\"alignright size-full wp-image-2504\" src=\"https:\/\/petronor.eus\/wp-content\/uploads\/2014\/12\/campeonato-pelota-mano.jpg\" alt=\"Campeonato de pelota mano\" width=\"700\" height=\"350\" srcset=\"https:\/\/petronor.eus\/wp-content\/uploads\/2014\/12\/campeonato-pelota-mano.jpg 700w, https:\/\/petronor.eus\/wp-content\/uploads\/2014\/12\/campeonato-pelota-mano-600x300.jpg 600w\" sizes=\"(max-width: 700px) 100vw, 700px\" \/>\r\n<\/div>\r\n<\/div>\r\n<div style=\"margin-bottom:30px ; height:1px; clear:both;\"><\/div>\r\n\r\n<section id=\"acercade\">\r\n<div class=\"container nopaddingmobile\">\r\n<div id=\"bloque1\" class=\"col-lg-3 col-md-3 col-sm-6 col-xs-12\">\r\n<h2>Algunas de las entidades con las que colaboramos<\/h2>\r\n<div class=\"rayaGris\"><\/div>\r\n<\/div>\r\n\r\n<div id=\"bloque2\" class=\"col-lg-3 col-md-3 col-sm-6 col-xs-12 nopadding\">\r\n<a title=\"Ir a Bandera Petronor\" href=\"\/es\/patrocinio\/deportivo\/bandera-petronor\/\"><img loading=\"lazy\" decoding=\"async\" class=\"alignnone size-full wp-image-2516 imgZoom\" src=\"https:\/\/petronor.eus\/wp-content\/uploads\/2014\/12\/bandera-petronor-2013.jpg\" alt=\"bandera-petronor-2013\" width=\"450\" height=\"300\" \/>\r\n<div class=\"caption\"><\/div>\r\n<div class=\"caption-text\">\r\n<h3>Bandera Petronor<\/h3>\r\n<h4>Damos nombre a la hist\u00f3rica regata<\/h4>\r\n<\/div><\/a>\r\n<\/div>\r\n<div id=\"bloque3\" class=\"col-lg-3 col-md-3 col-sm-6 col-xs-12 nopadding\">\r\n\r\n<a title=\"Ir a otros apoyos\" href=\"\/es\/patrocinio\/deportivo\/otros-apoyos\/\"><img loading=\"lazy\" decoding=\"async\" class=\"alignnone size-full wp-image-1013 imgZoom\" src=\"https:\/\/petronor.eus\/wp-content\/uploads\/2016\/09\/campus-futbola-petronor-muskiz.jpg\" alt=\"Otros apoyos\" width=\"768\" height=\"768\" \/>\r\n<div class=\"caption\"><\/div>\r\n<div class=\"caption-text\">\r\n<h3>Apoyo al deporte base<\/h3>\r\n<h4>Otros apoyos deportivos<\/h4>\r\n<\/div><\/a>\r\n<\/div>\r\n<div id=\"bloque4\" class=\"col-lg-3 col-md-3 col-sm-6 col-xs-12 nopadding\">\r\n\r\n<a title=\"Ir al patrocinio del Athletic Club\" href=\"\/es\/patrocinio\/deportivo\/athletic\/\"><img loading=\"lazy\" decoding=\"async\" class=\"alignnone size-full wp-image-2482 imgZoom\" src=\"https:\/\/petronor.eus\/wp-content\/uploads\/2016\/09\/camiseta-athletic-2008.jpg\" alt=\"2008_patrocinio_athletic\" width=\"450\" height=\"400\" \/>\r\n<div class=\"caption\"><\/div>\r\n<div class=\"caption-text\">\r\n<h3>Athletic Club (2008-2015)<\/h3>\r\n<h4>Un patrocinio hist\u00f3rico y un orgullo<\/h4>\r\n<\/div><\/a>\r\n<\/div>\r\n&nbsp;\r\n\r\n<\/div>\r\n<div class=\"col-lg-3 col-md-3 col-xs-12 col-sm-12\">\r\n\r\n<div style=\"margin-bottom:20px ; height:1px; clear:both;\"><\/div>\r\n<strong>Multitud de personas<\/strong>, de los municipios del entorno, se benefician de estos patrocinios practicando <strong>diferentes deportes<\/strong> entre los que destacan los siguientes clubs: <div style=\"margin-bottom:15px ; height:1px; clear:both;\"><\/div>\r\n<div class=\"visible-xs\" style=\"margin-bottom: 15px; height: 1px; clear: both;\"><\/div>\r\n<\/div>\r\n<div class=\"col-lg-3 col-md-3 col-xs-12 col-sm-6\">\r\n<ul class=\"listaFlechada\">\r\n\t<li>Club Baloncesto BSR-Bilbao<\/li>\r\n\t<li>Club Caza y Pesca (Abanto)<\/li>\r\n\t<li>Club Enkarterri Tiragomas (Gallarta)<\/li>\r\n\t<li>Club Deportivo El Cerro (Muskiz)<\/li>\r\n\t<li>Muskiz Areto Futbola<\/li>\r\n<\/ul>\r\n<\/div>\r\n<div class=\"col-lg-3 col-md-3 col-xs-12 col-sm-6\">\r\n<ul class=\"listaFlechada\">\r\n\t<li>Muskiz Eleven Taldea<\/li>\r\n\t<li>Campus de Verano F\u00fatbol Sala<\/li>\r\n\t<li>Club Bolos a Katxete Zierbena<\/li>\r\n\t<li>Club F\u00fatbol Sala Zierbena<\/li>\r\n\t<li>Fundaci\u00f3n Bizkaia-Bizkaialde<\/li>\r\n<\/ul>\r\n<\/div>","protected":false},"excerpt":{"rendered":"Algunas de las entidades con las que colaboramos Bandera Petronor Damos nombre a la hist\u00f3rica regata Apoyo al deporte base Otros apoyos deportivos Athletic Club (2008-2015) Un patrocinio hist\u00f3rico y un orgullo &nbsp;","protected":false},"author":1,"featured_media":0,"parent":8,"menu_order":1,"comment_status":"open","ping_status":"closed","template":"","meta":{"footnotes":""},"class_list":["post-42","page","type-page","status-publish","hentry"],"yoast_head":"<!-- This site is optimized with the Yoast SEO plugin v24.7 - https:\/\/yoast.com\/wordpress\/plugins\/seo\/ -->\n<title>Petronor con el patrocinio deportivo<\/title>\n<meta name=\"description\" content=\"Patrocinio deportivo de diferentes clubes y deportistas de Bizkaia realizado por parte de Petronor y entidades con las que colabora.\" \/>\n<meta name=\"robots\" content=\"index, follow, max-snippet:-1, max-image-preview:large, max-video-preview:-1\" \/>\n<link rel=\"canonical\" href=\"https:\/\/petronor.eus\/es\/patrocinio\/deportivo\/\" \/>\n<meta property=\"og:locale\" content=\"es_ES\" \/>\n<meta property=\"og:type\" content=\"article\" \/>\n<meta property=\"og:title\" content=\"Petronor con el patrocinio deportivo\" \/>\n<meta property=\"og:description\" content=\"Patrocinio deportivo de diferentes clubes y deportistas de Bizkaia realizado por parte de Petronor y entidades con las que colabora.\" \/>\n<meta property=\"og:url\" content=\"https:\/\/petronor.eus\/es\/patrocinio\/deportivo\/\" \/>\n<meta property=\"og:site_name\" content=\"Petronor\" \/>\n<meta property=\"article:modified_time\" content=\"2017-09-28T07:51:46+00:00\" \/>\n<meta property=\"og:image\" content=\"https:\/\/petronor.eus\/wp-content\/uploads\/2014\/12\/campeonato-pelota-mano.jpg\" \/>\n<meta name=\"twitter:label1\" content=\"Est. reading time\" \/>\n\t<meta name=\"twitter:data1\" content=\"1 minute\" \/>\n<script type=\"application\/ld+json\" class=\"yoast-schema-graph\">{\"@context\":\"https:\/\/schema.org\",\"@graph\":[{\"@type\":\"WebPage\",\"@id\":\"https:\/\/petronor.eus\/es\/patrocinio\/deportivo\/\",\"url\":\"https:\/\/petronor.eus\/es\/patrocinio\/deportivo\/\",\"name\":\"Petronor con el patrocinio deportivo\",\"isPartOf\":{\"@id\":\"https:\/\/petronor.eus\/es\/#website\"},\"primaryImageOfPage\":{\"@id\":\"https:\/\/petronor.eus\/es\/patrocinio\/deportivo\/#primaryimage\"},\"image\":{\"@id\":\"https:\/\/petronor.eus\/es\/patrocinio\/deportivo\/#primaryimage\"},\"thumbnailUrl\":\"https:\/\/petronor.eus\/wp-content\/uploads\/2014\/12\/campeonato-pelota-mano.jpg\",\"datePublished\":\"2014-12-15T12:22:03+00:00\",\"dateModified\":\"2017-09-28T07:51:46+00:00\",\"description\":\"Patrocinio deportivo de diferentes clubes y deportistas de Bizkaia realizado por parte de Petronor y entidades con las que colabora.\",\"breadcrumb\":{\"@id\":\"https:\/\/petronor.eus\/es\/patrocinio\/deportivo\/#breadcrumb\"},\"inLanguage\":\"es-ES\",\"potentialAction\":[{\"@type\":\"ReadAction\",\"target\":[\"https:\/\/petronor.eus\/es\/patrocinio\/deportivo\/\"]}]},{\"@type\":\"ImageObject\",\"inLanguage\":\"es-ES\",\"@id\":\"https:\/\/petronor.eus\/es\/patrocinio\/deportivo\/#primaryimage\",\"url\":\"https:\/\/petronor.eus\/wp-content\/uploads\/2014\/12\/campeonato-pelota-mano.jpg\",\"contentUrl\":\"https:\/\/petronor.eus\/wp-content\/uploads\/2014\/12\/campeonato-pelota-mano.jpg\"},{\"@type\":\"BreadcrumbList\",\"@id\":\"https:\/\/petronor.eus\/es\/patrocinio\/deportivo\/#breadcrumb\",\"itemListElement\":[{\"@type\":\"ListItem\",\"position\":1,\"name\":\"Home\",\"item\":\"https:\/\/petronor.eus\/es\/\"},{\"@type\":\"ListItem\",\"position\":2,\"name\":\"PATROCINIO\",\"item\":\"https:\/\/petronor.eus\/es\/patrocinio\/\"},{\"@type\":\"ListItem\",\"position\":3,\"name\":\"DEPORTIVO\"}]},{\"@type\":\"WebSite\",\"@id\":\"https:\/\/petronor.eus\/es\/#website\",\"url\":\"https:\/\/petronor.eus\/es\/\",\"name\":\"Petronor\",\"description\":\"\",\"potentialAction\":[{\"@type\":\"SearchAction\",\"target\":{\"@type\":\"EntryPoint\",\"urlTemplate\":\"https:\/\/petronor.eus\/es\/?s={search_term_string}\"},\"query-input\":{\"@type\":\"PropertyValueSpecification\",\"valueRequired\":true,\"valueName\":\"search_term_string\"}}],\"inLanguage\":\"es-ES\"}]}<\/script>\n<!-- \/ Yoast SEO plugin. -->","yoast_head_json":{"title":"Petronor con el patrocinio deportivo","description":"Patrocinio deportivo de diferentes clubes y deportistas de Bizkaia realizado por parte de Petronor y entidades con las que colabora.","robots":{"index":"index","follow":"follow","max-snippet":"max-snippet:-1","max-image-preview":"max-image-preview:large","max-video-preview":"max-video-preview:-1"},"canonical":"https:\/\/petronor.eus\/es\/patrocinio\/deportivo\/","og_locale":"es_ES","og_type":"article","og_title":"Petronor con el patrocinio deportivo","og_description":"Patrocinio deportivo de diferentes clubes y deportistas de Bizkaia realizado por parte de Petronor y entidades con las que colabora.","og_url":"https:\/\/petronor.eus\/es\/patrocinio\/deportivo\/","og_site_name":"Petronor","article_modified_time":"2017-09-28T07:51:46+00:00","og_image":[{"url":"https:\/\/petronor.eus\/wp-content\/uploads\/2014\/12\/campeonato-pelota-mano.jpg","type":"","width":"","height":""}],"twitter_misc":{"Est. reading time":"1 minute"},"schema":{"@context":"https:\/\/schema.org","@graph":[{"@type":"WebPage","@id":"https:\/\/petronor.eus\/es\/patrocinio\/deportivo\/","url":"https:\/\/petronor.eus\/es\/patrocinio\/deportivo\/","name":"Petronor con el patrocinio deportivo","isPartOf":{"@id":"https:\/\/petronor.eus\/es\/#website"},"primaryImageOfPage":{"@id":"https:\/\/petronor.eus\/es\/patrocinio\/deportivo\/#primaryimage"},"image":{"@id":"https:\/\/petronor.eus\/es\/patrocinio\/deportivo\/#primaryimage"},"thumbnailUrl":"https:\/\/petronor.eus\/wp-content\/uploads\/2014\/12\/campeonato-pelota-mano.jpg","datePublished":"2014-12-15T12:22:03+00:00","dateModified":"2017-09-28T07:51:46+00:00","description":"Patrocinio deportivo de diferentes clubes y deportistas de Bizkaia realizado por parte de Petronor y entidades con las que colabora.","breadcrumb":{"@id":"https:\/\/petronor.eus\/es\/patrocinio\/deportivo\/#breadcrumb"},"inLanguage":"es-ES","potentialAction":[{"@type":"ReadAction","target":["https:\/\/petronor.eus\/es\/patrocinio\/deportivo\/"]}]},{"@type":"ImageObject","inLanguage":"es-ES","@id":"https:\/\/petronor.eus\/es\/patrocinio\/deportivo\/#primaryimage","url":"https:\/\/petronor.eus\/wp-content\/uploads\/2014\/12\/campeonato-pelota-mano.jpg","contentUrl":"https:\/\/petronor.eus\/wp-content\/uploads\/2014\/12\/campeonato-pelota-mano.jpg"},{"@type":"BreadcrumbList","@id":"https:\/\/petronor.eus\/es\/patrocinio\/deportivo\/#breadcrumb","itemListElement":[{"@type":"ListItem","position":1,"name":"Home","item":"https:\/\/petronor.eus\/es\/"},{"@type":"ListItem","position":2,"name":"PATROCINIO","item":"https:\/\/petronor.eus\/es\/patrocinio\/"},{"@type":"ListItem","position":3,"name":"DEPORTIVO"}]},{"@type":"WebSite","@id":"https:\/\/petronor.eus\/es\/#website","url":"https:\/\/petronor.eus\/es\/","name":"Petronor","description":"","potentialAction":[{"@type":"SearchAction","target":{"@type":"EntryPoint","urlTemplate":"https:\/\/petronor.eus\/es\/?s={search_term_string}"},"query-input":{"@type":"PropertyValueSpecification","valueRequired":true,"valueName":"search_term_string"}}],"inLanguage":"es-ES"}]}},"_links":{"self":[{"href":"https:\/\/petronor.eus\/es\/wp-json\/wp\/v2\/pages\/42","targetHints":{"allow":["GET"]}}],"collection":[{"href":"https:\/\/petronor.eus\/es\/wp-json\/wp\/v2\/pages"}],"about":[{"href":"https:\/\/petronor.eus\/es\/wp-json\/wp\/v2\/types\/page"}],"author":[{"embeddable":true,"href":"https:\/\/petronor.eus\/es\/wp-json\/wp\/v2\/users\/1"}],"replies":[{"embeddable":true,"href":"https:\/\/petronor.eus\/es\/wp-json\/wp\/v2\/comments?post=42"}],"version-history":[{"count":69,"href":"https:\/\/petronor.eus\/es\/wp-json\/wp\/v2\/pages\/42\/revisions"}],"predecessor-version":[{"id":40396,"href":"https:\/\/petronor.eus\/es\/wp-json\/wp\/v2\/pages\/42\/revisions\/40396"}],"up":[{"embeddable":true,"href":"https:\/\/petronor.eus\/es\/wp-json\/wp\/v2\/pages\/8"}],"wp:attachment":[{"href":"https:\/\/petronor.eus\/es\/wp-json\/wp\/v2\/media?parent=42"}],"curies":[{"name":"wp","href":"https:\/\/api.w.org\/{rel}","templated":true}]}}