{"id":44,"date":"2014-12-15T12:22:19","date_gmt":"2014-12-15T12:22:19","guid":{"rendered":"https:\/\/petronor.eus\/?page_id=44"},"modified":"2017-06-28T18:03:49","modified_gmt":"2017-06-28T16:03:49","slug":"cultural","status":"publish","type":"page","link":"https:\/\/petronor.eus\/es\/patrocinio\/cultural\/","title":{"rendered":"CULTURAL"},"content":{"rendered":"<div class=\"row introBlock full-width-section primeraFila\">\r\n<div class=\"col-lg-2 col-md-3 col-xs-12 col-sm-12\">\r\n<div class=\"menu-menu_cultural-container\"><ul id=\"menu-menu_cultural\" class=\"subnav\"><li id=\"menu-item-32392\" class=\"menu-item menu-item-type-post_type menu-item-object-page menu-item-32392\"><a href=\"https:\/\/petronor.eus\/es\/patrocinio\/cultural\/formacion-para-periodistas\/\">FORMACI\u00d3N PARA PERIODISTAS<\/a><\/li>\n<li id=\"menu-item-40466\" class=\"menu-item menu-item-type-post_type menu-item-object-page menu-item-40466\"><a href=\"https:\/\/petronor.eus\/es\/patrocinio\/cultural\/jornada-un-futuro-sin-limites-para-nuestras-hijas\/\">JORNADA: UN FUTURO SIN L\u00cdMITES PARA NUESTRAS HIJAS<\/a><\/li>\n<\/ul><\/div>\r\n<\/div>\r\n<div class=\"col-lg-3 col-md-3 col-xs-12 col-sm-12\">\r\n<h1 style=\"margin-top: 0;\">PATROCINIO CULTURAL<\/h1>\r\n<p class=\"font18\" style=\"font-size: 18px!important;\">Como parte de su visi\u00f3n, Petronor comprende la necesidad de <strong>promocionar el desarrollo cultural<\/strong> en su entorno inmediato, para lo que participa de distintas iniciativas, tanto a nivel econ\u00f3mico como de soporte estructural.<\/p>\r\n&nbsp;\r\n\r\nA lo largo del tiempo ha patrocinado diversas actividades como el disco grabado en el a\u00f1o 2000 por la Coral Oihartzuna, expresi\u00f3n musical de Muskiz o la edici\u00f3n de diversos libros hist\u00f3rico-culturales sobre la zona, as\u00ed como la primera biograf\u00eda del ilustre de Bizkaia Don Marcelo Gangoiti y Urrutia.\r\n\r\n<\/div>\r\n<div class=\"col-lg-7 col-md-5 col-xs-12 col-sm-12\">\r\n<img decoding=\"async\" class=\"alignnone size-full wp-image-2228\" src=\"\/wp-content\/uploads\/2016\/02\/fidelpresa.jpg\" alt=\"foto fidel presa\" width=\"100%\" \/>\r\n\r\n<\/div>\r\n\r\n<\/div>\r\n<div class=\"row \">\r\n<div class=\"col-lg-6 col-md-10 col-sm-12 col-xs-12 col-lg-offset-2 col-md-offset-1\">\r\n<div class=\"visible-xs\" style=\"margin-bottom: 15px; height: 1px; clear: both;\"><\/div>\r\n<div class=\"tablaHeader\">\n<div class=\"celda celdaIzquierda \"><h3>COLABORACIONES<\/h3><\/div>\n<div class=\"celda\"><div class=\"widgettitlewrapper\">&nbsp;<\/div><\/div>\n<\/div>\r\n\r\nAlgunas de las entidades con las que colabora Petronor:\r\n\r\n&nbsp;\r\n<ul class=\"listaReseteada listaFlechada\">\r\n\t<li>Asociaci\u00f3n de Teatro Juego Damas (Muskiz)<\/li>\r\n\t<li>Coral San Pedro (Las Karreras)<\/li>\r\n\t<li>Sociedad Micol\u00f3gica Aretza (Muskiz)<\/li>\r\n\t<li>Otxote Mu\u00f1atones<\/li>\r\n\t<li>Pe\u00f1a Ajedrecista Gallarta<\/li>\r\n\t<li>Instituto Vasco de Competitividad<\/li>\r\n<\/ul>\r\n<\/div>\r\n<\/div>","protected":false},"excerpt":{"rendered":"","protected":false},"author":1,"featured_media":0,"parent":8,"menu_order":2,"comment_status":"open","ping_status":"closed","template":"","meta":{"footnotes":""},"class_list":["post-44","page","type-page","status-publish","hentry"],"yoast_head":"<!-- This site is optimized with the Yoast SEO plugin v24.7 - https:\/\/yoast.com\/wordpress\/plugins\/seo\/ -->\n<title>Patrocinio cultural Petronor<\/title>\n<meta name=\"description\" content=\"Petronor patrocina diferentes acciones y eventos al \u00e1mbito cultural de Muskiz, Abanto y Abanto-Zierbena y colabora con agrupaciones y museos de Bizkaia.\" \/>\n<meta name=\"robots\" content=\"index, follow, max-snippet:-1, max-image-preview:large, max-video-preview:-1\" \/>\n<link rel=\"canonical\" href=\"https:\/\/petronor.eus\/es\/patrocinio\/cultural\/\" \/>\n<meta property=\"og:locale\" content=\"es_ES\" \/>\n<meta property=\"og:type\" content=\"article\" \/>\n<meta property=\"og:title\" content=\"Patrocinio cultural Petronor\" \/>\n<meta property=\"og:description\" content=\"Petronor patrocina diferentes acciones y eventos al \u00e1mbito cultural de Muskiz, Abanto y Abanto-Zierbena y colabora con agrupaciones y museos de Bizkaia.\" \/>\n<meta property=\"og:url\" content=\"https:\/\/petronor.eus\/es\/patrocinio\/cultural\/\" \/>\n<meta property=\"og:site_name\" content=\"Petronor\" \/>\n<meta property=\"article:modified_time\" content=\"2017-06-28T16:03:49+00:00\" \/>\n<meta name=\"twitter:label1\" content=\"Est. reading time\" \/>\n\t<meta name=\"twitter:data1\" content=\"1 minute\" \/>\n<script type=\"application\/ld+json\" class=\"yoast-schema-graph\">{\"@context\":\"https:\/\/schema.org\",\"@graph\":[{\"@type\":\"WebPage\",\"@id\":\"https:\/\/petronor.eus\/es\/patrocinio\/cultural\/\",\"url\":\"https:\/\/petronor.eus\/es\/patrocinio\/cultural\/\",\"name\":\"Patrocinio cultural Petronor\",\"isPartOf\":{\"@id\":\"https:\/\/petronor.eus\/es\/#website\"},\"datePublished\":\"2014-12-15T12:22:19+00:00\",\"dateModified\":\"2017-06-28T16:03:49+00:00\",\"description\":\"Petronor patrocina diferentes acciones y eventos al \u00e1mbito cultural de Muskiz, Abanto y Abanto-Zierbena y colabora con agrupaciones y museos de Bizkaia.\",\"breadcrumb\":{\"@id\":\"https:\/\/petronor.eus\/es\/patrocinio\/cultural\/#breadcrumb\"},\"inLanguage\":\"es-ES\",\"potentialAction\":[{\"@type\":\"ReadAction\",\"target\":[\"https:\/\/petronor.eus\/es\/patrocinio\/cultural\/\"]}]},{\"@type\":\"BreadcrumbList\",\"@id\":\"https:\/\/petronor.eus\/es\/patrocinio\/cultural\/#breadcrumb\",\"itemListElement\":[{\"@type\":\"ListItem\",\"position\":1,\"name\":\"Home\",\"item\":\"https:\/\/petronor.eus\/es\/\"},{\"@type\":\"ListItem\",\"position\":2,\"name\":\"PATROCINIO\",\"item\":\"https:\/\/petronor.eus\/es\/patrocinio\/\"},{\"@type\":\"ListItem\",\"position\":3,\"name\":\"CULTURAL\"}]},{\"@type\":\"WebSite\",\"@id\":\"https:\/\/petronor.eus\/es\/#website\",\"url\":\"https:\/\/petronor.eus\/es\/\",\"name\":\"Petronor\",\"description\":\"\",\"potentialAction\":[{\"@type\":\"SearchAction\",\"target\":{\"@type\":\"EntryPoint\",\"urlTemplate\":\"https:\/\/petronor.eus\/es\/?s={search_term_string}\"},\"query-input\":{\"@type\":\"PropertyValueSpecification\",\"valueRequired\":true,\"valueName\":\"search_term_string\"}}],\"inLanguage\":\"es-ES\"}]}<\/script>\n<!-- \/ Yoast SEO plugin. -->","yoast_head_json":{"title":"Patrocinio cultural Petronor","description":"Petronor patrocina diferentes acciones y eventos al \u00e1mbito cultural de Muskiz, Abanto y Abanto-Zierbena y colabora con agrupaciones y museos de Bizkaia.","robots":{"index":"index","follow":"follow","max-snippet":"max-snippet:-1","max-image-preview":"max-image-preview:large","max-video-preview":"max-video-preview:-1"},"canonical":"https:\/\/petronor.eus\/es\/patrocinio\/cultural\/","og_locale":"es_ES","og_type":"article","og_title":"Patrocinio cultural Petronor","og_description":"Petronor patrocina diferentes acciones y eventos al \u00e1mbito cultural de Muskiz, Abanto y Abanto-Zierbena y colabora con agrupaciones y museos de Bizkaia.","og_url":"https:\/\/petronor.eus\/es\/patrocinio\/cultural\/","og_site_name":"Petronor","article_modified_time":"2017-06-28T16:03:49+00:00","twitter_misc":{"Est. reading time":"1 minute"},"schema":{"@context":"https:\/\/schema.org","@graph":[{"@type":"WebPage","@id":"https:\/\/petronor.eus\/es\/patrocinio\/cultural\/","url":"https:\/\/petronor.eus\/es\/patrocinio\/cultural\/","name":"Patrocinio cultural Petronor","isPartOf":{"@id":"https:\/\/petronor.eus\/es\/#website"},"datePublished":"2014-12-15T12:22:19+00:00","dateModified":"2017-06-28T16:03:49+00:00","description":"Petronor patrocina diferentes acciones y eventos al \u00e1mbito cultural de Muskiz, Abanto y Abanto-Zierbena y colabora con agrupaciones y museos de Bizkaia.","breadcrumb":{"@id":"https:\/\/petronor.eus\/es\/patrocinio\/cultural\/#breadcrumb"},"inLanguage":"es-ES","potentialAction":[{"@type":"ReadAction","target":["https:\/\/petronor.eus\/es\/patrocinio\/cultural\/"]}]},{"@type":"BreadcrumbList","@id":"https:\/\/petronor.eus\/es\/patrocinio\/cultural\/#breadcrumb","itemListElement":[{"@type":"ListItem","position":1,"name":"Home","item":"https:\/\/petronor.eus\/es\/"},{"@type":"ListItem","position":2,"name":"PATROCINIO","item":"https:\/\/petronor.eus\/es\/patrocinio\/"},{"@type":"ListItem","position":3,"name":"CULTURAL"}]},{"@type":"WebSite","@id":"https:\/\/petronor.eus\/es\/#website","url":"https:\/\/petronor.eus\/es\/","name":"Petronor","description":"","potentialAction":[{"@type":"SearchAction","target":{"@type":"EntryPoint","urlTemplate":"https:\/\/petronor.eus\/es\/?s={search_term_string}"},"query-input":{"@type":"PropertyValueSpecification","valueRequired":true,"valueName":"search_term_string"}}],"inLanguage":"es-ES"}]}},"_links":{"self":[{"href":"https:\/\/petronor.eus\/es\/wp-json\/wp\/v2\/pages\/44","targetHints":{"allow":["GET"]}}],"collection":[{"href":"https:\/\/petronor.eus\/es\/wp-json\/wp\/v2\/pages"}],"about":[{"href":"https:\/\/petronor.eus\/es\/wp-json\/wp\/v2\/types\/page"}],"author":[{"embeddable":true,"href":"https:\/\/petronor.eus\/es\/wp-json\/wp\/v2\/users\/1"}],"replies":[{"embeddable":true,"href":"https:\/\/petronor.eus\/es\/wp-json\/wp\/v2\/comments?post=44"}],"version-history":[{"count":28,"href":"https:\/\/petronor.eus\/es\/wp-json\/wp\/v2\/pages\/44\/revisions"}],"predecessor-version":[{"id":39500,"href":"https:\/\/petronor.eus\/es\/wp-json\/wp\/v2\/pages\/44\/revisions\/39500"}],"up":[{"embeddable":true,"href":"https:\/\/petronor.eus\/es\/wp-json\/wp\/v2\/pages\/8"}],"wp:attachment":[{"href":"https:\/\/petronor.eus\/es\/wp-json\/wp\/v2\/media?parent=44"}],"curies":[{"name":"wp","href":"https:\/\/api.w.org\/{rel}","templated":true}]}}