{"id":45157,"date":"2018-09-25T12:16:35","date_gmt":"2018-09-25T10:16:35","guid":{"rendered":"https:\/\/petronor.eus\/?page_id=45157"},"modified":"2019-05-14T16:27:39","modified_gmt":"2019-05-14T14:27:39","slug":"mas-de-1-000-artistas-daran-inicio-a-fair-saturday-2018-en-un-espectaculo-unico","status":"publish","type":"page","link":"https:\/\/petronor.eus\/es\/patrocinio\/cultural\/mas-de-1-000-artistas-daran-inicio-a-fair-saturday-2018-en-un-espectaculo-unico\/","title":{"rendered":"M\u00e1s de 1.000 artistas dar\u00e1n inicio a FAIR SATURDAY 2018 en un espect\u00e1culo \u00fanico"},"content":{"rendered":"<div class=\"row introBlock full-width-section primeraFila\">\r\n<div class=\"col-lg-2 col-md-3 col-xs-12 col-sm-12\">\r\n<div class=\"menu-menu_cultural-container\"><ul id=\"menu-menu_cultural\" class=\"subnav\"><li id=\"menu-item-32392\" class=\"menu-item menu-item-type-post_type menu-item-object-page menu-item-32392\"><a href=\"https:\/\/petronor.eus\/es\/patrocinio\/cultural\/formacion-para-periodistas\/\">FORMACI\u00d3N PARA PERIODISTAS<\/a><\/li>\n<li id=\"menu-item-40466\" class=\"menu-item menu-item-type-post_type menu-item-object-page menu-item-40466\"><a href=\"https:\/\/petronor.eus\/es\/patrocinio\/cultural\/jornada-un-futuro-sin-limites-para-nuestras-hijas\/\">JORNADA: UN FUTURO SIN L\u00cdMITES PARA NUESTRAS HIJAS<\/a><\/li>\n<\/ul><\/div>\r\n<\/div>\r\n<div class=\"col-lg-3 col-md-3 col-xs-12 col-sm-12\">\r\n<h1 style=\"margin-top: 0;\">M\u00e1s de 1.000 artistas dar\u00e1n inicio a <strong>FAIR SATURDAY 2018<\/strong> en un espect\u00e1culo \u00fanico<\/h1>\r\n<p class=\"font18\" style=\"font-size: 18px!important;\">El pr\u00f3ximo 23 de noviembre a las 20.00 horas tendr\u00e1 lugar el acto inaugural de Fair Saturday 2018 en el Bilbao Arena.<\/p>\r\n<p>El espect\u00e1culo, inspirado en la \u00faltima noche de los Proms de la BBC en Londres, pretende ser una celebraci\u00f3n cultural popular dirigida a todos los p\u00fablicos y con la participaci\u00f3n de numerosas organizaciones de Bilbao y Bizkaia. Entre ellas una masa coral formada por la Coral de Bilbao, el Coro Rossini y el Coro de la UPV, acompa\u00f1ados por la Banda Municipal de M\u00fasica de Bilbao bajo la direcci\u00f3n de Jos\u00e9 R. Pascual-Vilaplana.<\/p>\r\n<!--<br><br><a href=\"http:\/\/petronor2014.arista.es\/es\/trivia\/sorteo-de-entradas-dobles-para-el-evento-inaugural-de-fair-saturday-2018\/\"><strong>Participa en el sorteo de 10 entradas dobles<\/strong><\/a>--><br><\/div>\r\n<div class=\"no-padding-right-child\"><div class=\"col-lg-7 col-md-5 col-xs-12 col-sm-12\"><a href=\"http:\/\/petronor2014.arista.es\/wp-content\/uploads\/2018\/09\/fair-saturday-2018.jpg\/\"><img loading=\"lazy\" decoding=\"async\" class=\"fullwidth alignleft wp-image-26672 size-full\" src=\"http:\/\/petronor2014.arista.es\/wp-content\/uploads\/2018\/09\/fair-saturday-2018.jpg\"alt=\"\" width=\"584\" height=\"377\" \/><\/a><\/div><\/div>\r\n<\/div>\r\n<div class=\"row \"><\/div>\r\n<div class=\"col-lg-5 col-md-10 col-sm-12 col-xs-12 col-lg-offset-2 col-md-offset-1 egitaraua-col\">\r\n\r\n<br><div class=\"tablaHeader derechadoMovil\">\n<div class=\"celda celdaIzquierda\"><h3>CAUSA BENE\u0301FICA<\/h3><\/div>\n<div class=\"celda\"><div class=\"widgettitlewrapper\">&nbsp;<\/div><\/div>\n<\/div>\r\n\r\n<p class=\"parrafoDestacado\">Todos los posibles beneficios derivados del evento ir\u00e1n destinados al <strong>programa Barreras Invisibles<\/strong> promovido por Fair Saturday, dirigido a la <strong>integraci\u00f3n social de ni\u00f1os\/as en entornos de riesgo de exclusi\u00f3n<\/strong> a trav\u00e9s de la cultura. Alrededor de 15 ni\u00f1os\/as forman parte del programa becados por Fair Saturday. <br>\r\n\r\n\r\n\r\n<div class=\"tablaHeader derechadoMovil\">\n<div class=\"celda celdaIzquierda\"><h3>ENTRADAS<\/h3><\/div>\n<div class=\"celda\"><div class=\"widgettitlewrapper\">&nbsp;<\/div><\/div>\n<\/div>\r\n<div class=\"titulo-rojo\">Bilbao Arena \/ 23 Noviembre\/ 20:00h<\/div>\r\n<p class=\"parrafoDestacado\">Las entradas tienen un precio desde 10\u20ac a 35\u20ac y pueden adquirirse a trav\u00e9s de <a href=\"https:\/\/www.ticketea.com\/\" target=\"_blank\"><strong>Ticketea<\/strong><\/a> o de <a href=\"http:\/\/www.fair-saturday.org\/home_es\/\" target=\"_blank\"><strong>Fair Saturday<\/strong><\/a>.<\/p>\r\n\r\n\r\n\r\n<div class=\"tablaHeader derechadoMovil\">\n<div class=\"celda celdaIzquierda\"><h3>FAIR SATURDAY<\/h3><\/div>\n<div class=\"celda\"><div class=\"widgettitlewrapper\">&nbsp;<\/div><\/div>\n<\/div>\r\n<p class=\"parrafoDestacado\">Este evento dar\u00e1 inicio a <strong>Fair Saturday 2018<\/strong>, el <strong>movimiento cultural global nacido en Bilbao en 2014<\/strong>, que se extiende a\u00f1o tras a\u00f1o a nivel internacional.<br>\r\n\r\n<br>Cientos de ni\u00f1os y ni\u00f1as de Bizkaia formar\u00e1n parte del evento inaugural a trav\u00e9s de los coros infantiles de la Coral de Bilbao, Bilbao Musika, Gazte Schola de Barakaldo y varios colegios de todo el territorio. En total, <strong>unas 1.000 personas crear\u00e1n una experiencia \u00fanica<\/strong> alrededor de temas conocidos y populares como \u201cLau Teilatu\u201d de Itoiz, \u201cOh Fortuna\u201d de Carmina Burana,  \u201cWe are the world\u201d, \u201cVa pensiero\u201d de Nabucco y temas de bandas sonoras, musicales, \u00f3pera, pop, adem\u00e1s de numerosas sorpresas.<br>\r\n\r\n<br>El espect\u00e1culo cuenta con el apoyo del Ayuntamiento de Bilbao y la Diputaci\u00f3n de Bizkaia. <strong>Este evento se enmarca dentro de los actos de celebraci\u00f3n del 50\u00ba aniversario de Petronor<\/strong>. Tambi\u00e9n lo hacen posible organizaciones como Seguros Bilbao, Laboral Kutxa y Necsum Technology for Emotion.<br>\r\n\r\n<\/p>\r\n\r\n<div class=\"titulo-rojo\">ESPECT\u00c1CULO AUDIOVISUAL<\/div>\r\n<p class=\"parrafoDestacado\"><strong>Necsum<\/strong> ser\u00e1 el <strong>principal partner audivisual del Evento Inaugural Fair Saturday 2018<\/strong>, haciendo del evento un espect\u00e1culo visual a todos los niveles.<br>Durante el evento se proyectar\u00e1n im\u00e1genes, hologramas, juegos de luces&#8230; adem\u00e1s de las tecnolog\u00edas avanzadas de v\u00eddeo mapping en algunos temas. <strong>El espect\u00e1culo contar\u00e1 con 3 pantallas gigantes.<\/strong><br>\r\n<!--<a class=\"ademas\" href=\"https:\/\/petronor.eus\/es\/2017\/10\/petronor-apoya-un-concurso-de-cuentos-contra-el-acoso-escolar\/\" target=\"_blank\"><strong>Concurso de cuentos<\/strong><\/a>--><\/p>\r\n\r\n\r\n<\/div>\r\n<!-- FIN PARTE IZQUIERDA -->\r\n<div class=\"col-lg-4 col-md-10 col-sm-12 col-xs-12 col-lg-offset-1 col-md-offset-1 right-col-row\"><div class=\"tablaHeader derechadoMovil\">\n<div class=\"celda celdaIzquierda\"><h3>ARTISTAS INVITADOS<\/h3><\/div>\n<div class=\"celda\"><div class=\"widgettitlewrapper\">&nbsp;<\/div><\/div>\n<\/div>\r\n<img decoding=\"async\" class=\"fullwidth\" src=\"https:\/\/petronor.eus\/wp-content\/uploads\/2018\/09\/benito.jpg\" alt=\"Fair Saturday\" \/><br><br>Benito actuar\u00e1 en el Evento Inaugural Fair Saturday 2018 como artista invitado, interpretando entre otras la canci\u00f3n Kimu Bat Zuhaitzan, adelanto de su nuevo disco que ver\u00e1 la luz este mismo a\u00f1o.<\/br><\/br>\r\nTambi\u00e9n actuar\u00e1n la reconocida soprano bilba\u00edna Marta Ubieta y el grupo pop ELEY.\r\n\r\n<div class=\"tablaHeader derechadoMovil\">\n<div class=\"celda celdaIzquierda\"><h3>M\u00c1S INFO<\/h3><\/div>\n<div class=\"celda\"><div class=\"widgettitlewrapper\">&nbsp;<\/div><\/div>\n<\/div>\r\n<a class=\"enlaceSaliente\" href=\"http:\/\/www.fair-saturday.org\/home_es\/\" target=\"_blank\">Fair Saturday<\/a>\r\n<!--<a class=\"enlaceSaliente\" href=\"http:\/\/igoryebra.es\/\" target=\"_blank\">Igor Yebra<\/a>-->","protected":false},"excerpt":{"rendered":"Todos los posibles beneficios derivados del evento ir\u00e1n destinados al programa Barreras Invisibles promovido por Fair Saturday, dirigido a la integraci\u00f3n social de ni\u00f1os\/as en entornos de riesgo de exclusi\u00f3n a trav\u00e9s de la cultura. Alrededor de 15 ni\u00f1os\/as forman parte del programa becados por Fair Saturday. Bilbao Arena \/ 23 Noviembre\/ 20:00h Las entradas","protected":false},"author":3,"featured_media":0,"parent":44,"menu_order":0,"comment_status":"open","ping_status":"closed","template":"","meta":{"footnotes":""},"class_list":["post-45157","page","type-page","status-publish","hentry"],"yoast_head":"<!-- This site is optimized with the Yoast SEO plugin v24.7 - https:\/\/yoast.com\/wordpress\/plugins\/seo\/ -->\n<title>M\u00e1s de 1.000 artistas dar\u00e1n inicio a FAIR SATURDAY 2018 en un espect\u00e1culo \u00fanico - Petronor<\/title>\n<meta name=\"robots\" content=\"index, follow, max-snippet:-1, max-image-preview:large, max-video-preview:-1\" \/>\n<link rel=\"canonical\" href=\"https:\/\/petronor.eus\/es\/patrocinio\/cultural\/mas-de-1-000-artistas-daran-inicio-a-fair-saturday-2018-en-un-espectaculo-unico\/\" \/>\n<meta property=\"og:locale\" content=\"es_ES\" \/>\n<meta property=\"og:type\" content=\"article\" \/>\n<meta property=\"og:title\" content=\"M\u00e1s de 1.000 artistas dar\u00e1n inicio a FAIR SATURDAY 2018 en un espect\u00e1culo \u00fanico - Petronor\" \/>\n<meta property=\"og:description\" content=\"Todos los posibles beneficios derivados del evento ir\u00e1n destinados al programa Barreras Invisibles promovido por Fair Saturday, dirigido a la integraci\u00f3n social de ni\u00f1os\/as en entornos de riesgo de exclusi\u00f3n a trav\u00e9s de la cultura. Alrededor de 15 ni\u00f1os\/as forman parte del programa becados por Fair Saturday. Bilbao Arena \/ 23 Noviembre\/ 20:00h Las entradas\" \/>\n<meta property=\"og:url\" content=\"https:\/\/petronor.eus\/es\/patrocinio\/cultural\/mas-de-1-000-artistas-daran-inicio-a-fair-saturday-2018-en-un-espectaculo-unico\/\" \/>\n<meta property=\"og:site_name\" content=\"Petronor\" \/>\n<meta property=\"article:modified_time\" content=\"2019-05-14T14:27:39+00:00\" \/>\n<meta property=\"og:image\" content=\"http:\/\/petronor2014.arista.es\/wp-content\/uploads\/2018\/09\/fair-saturday-2018.jpg\" \/>\n<meta name=\"twitter:label1\" content=\"Est. reading time\" \/>\n\t<meta name=\"twitter:data1\" content=\"3 minutes\" \/>\n<script type=\"application\/ld+json\" class=\"yoast-schema-graph\">{\"@context\":\"https:\/\/schema.org\",\"@graph\":[{\"@type\":\"WebPage\",\"@id\":\"https:\/\/petronor.eus\/es\/patrocinio\/cultural\/mas-de-1-000-artistas-daran-inicio-a-fair-saturday-2018-en-un-espectaculo-unico\/\",\"url\":\"https:\/\/petronor.eus\/es\/patrocinio\/cultural\/mas-de-1-000-artistas-daran-inicio-a-fair-saturday-2018-en-un-espectaculo-unico\/\",\"name\":\"M\u00e1s de 1.000 artistas dar\u00e1n inicio a FAIR SATURDAY 2018 en un espect\u00e1culo \u00fanico - Petronor\",\"isPartOf\":{\"@id\":\"https:\/\/petronor.eus\/es\/#website\"},\"primaryImageOfPage\":{\"@id\":\"https:\/\/petronor.eus\/es\/patrocinio\/cultural\/mas-de-1-000-artistas-daran-inicio-a-fair-saturday-2018-en-un-espectaculo-unico\/#primaryimage\"},\"image\":{\"@id\":\"https:\/\/petronor.eus\/es\/patrocinio\/cultural\/mas-de-1-000-artistas-daran-inicio-a-fair-saturday-2018-en-un-espectaculo-unico\/#primaryimage\"},\"thumbnailUrl\":\"http:\/\/petronor2014.arista.es\/wp-content\/uploads\/2018\/09\/fair-saturday-2018.jpg\",\"datePublished\":\"2018-09-25T10:16:35+00:00\",\"dateModified\":\"2019-05-14T14:27:39+00:00\",\"breadcrumb\":{\"@id\":\"https:\/\/petronor.eus\/es\/patrocinio\/cultural\/mas-de-1-000-artistas-daran-inicio-a-fair-saturday-2018-en-un-espectaculo-unico\/#breadcrumb\"},\"inLanguage\":\"es-ES\",\"potentialAction\":[{\"@type\":\"ReadAction\",\"target\":[\"https:\/\/petronor.eus\/es\/patrocinio\/cultural\/mas-de-1-000-artistas-daran-inicio-a-fair-saturday-2018-en-un-espectaculo-unico\/\"]}]},{\"@type\":\"ImageObject\",\"inLanguage\":\"es-ES\",\"@id\":\"https:\/\/petronor.eus\/es\/patrocinio\/cultural\/mas-de-1-000-artistas-daran-inicio-a-fair-saturday-2018-en-un-espectaculo-unico\/#primaryimage\",\"url\":\"http:\/\/petronor2014.arista.es\/wp-content\/uploads\/2018\/09\/fair-saturday-2018.jpg\",\"contentUrl\":\"http:\/\/petronor2014.arista.es\/wp-content\/uploads\/2018\/09\/fair-saturday-2018.jpg\"},{\"@type\":\"BreadcrumbList\",\"@id\":\"https:\/\/petronor.eus\/es\/patrocinio\/cultural\/mas-de-1-000-artistas-daran-inicio-a-fair-saturday-2018-en-un-espectaculo-unico\/#breadcrumb\",\"itemListElement\":[{\"@type\":\"ListItem\",\"position\":1,\"name\":\"Home\",\"item\":\"https:\/\/petronor.eus\/es\/\"},{\"@type\":\"ListItem\",\"position\":2,\"name\":\"PATROCINIO\",\"item\":\"https:\/\/petronor.eus\/es\/patrocinio\/\"},{\"@type\":\"ListItem\",\"position\":3,\"name\":\"CULTURAL\",\"item\":\"https:\/\/petronor.eus\/es\/patrocinio\/cultural\/\"},{\"@type\":\"ListItem\",\"position\":4,\"name\":\"M\u00e1s de 1.000 artistas dar\u00e1n inicio a FAIR SATURDAY 2018 en un espect\u00e1culo \u00fanico\"}]},{\"@type\":\"WebSite\",\"@id\":\"https:\/\/petronor.eus\/es\/#website\",\"url\":\"https:\/\/petronor.eus\/es\/\",\"name\":\"Petronor\",\"description\":\"\",\"potentialAction\":[{\"@type\":\"SearchAction\",\"target\":{\"@type\":\"EntryPoint\",\"urlTemplate\":\"https:\/\/petronor.eus\/es\/?s={search_term_string}\"},\"query-input\":{\"@type\":\"PropertyValueSpecification\",\"valueRequired\":true,\"valueName\":\"search_term_string\"}}],\"inLanguage\":\"es-ES\"}]}<\/script>\n<!-- \/ Yoast SEO plugin. -->","yoast_head_json":{"title":"M\u00e1s de 1.000 artistas dar\u00e1n inicio a FAIR SATURDAY 2018 en un espect\u00e1culo \u00fanico - Petronor","robots":{"index":"index","follow":"follow","max-snippet":"max-snippet:-1","max-image-preview":"max-image-preview:large","max-video-preview":"max-video-preview:-1"},"canonical":"https:\/\/petronor.eus\/es\/patrocinio\/cultural\/mas-de-1-000-artistas-daran-inicio-a-fair-saturday-2018-en-un-espectaculo-unico\/","og_locale":"es_ES","og_type":"article","og_title":"M\u00e1s de 1.000 artistas dar\u00e1n inicio a FAIR SATURDAY 2018 en un espect\u00e1culo \u00fanico - Petronor","og_description":"Todos los posibles beneficios derivados del evento ir\u00e1n destinados al programa Barreras Invisibles promovido por Fair Saturday, dirigido a la integraci\u00f3n social de ni\u00f1os\/as en entornos de riesgo de exclusi\u00f3n a trav\u00e9s de la cultura. Alrededor de 15 ni\u00f1os\/as forman parte del programa becados por Fair Saturday. Bilbao Arena \/ 23 Noviembre\/ 20:00h Las entradas","og_url":"https:\/\/petronor.eus\/es\/patrocinio\/cultural\/mas-de-1-000-artistas-daran-inicio-a-fair-saturday-2018-en-un-espectaculo-unico\/","og_site_name":"Petronor","article_modified_time":"2019-05-14T14:27:39+00:00","og_image":[{"url":"http:\/\/petronor2014.arista.es\/wp-content\/uploads\/2018\/09\/fair-saturday-2018.jpg","type":"","width":"","height":""}],"twitter_misc":{"Est. reading time":"3 minutes"},"schema":{"@context":"https:\/\/schema.org","@graph":[{"@type":"WebPage","@id":"https:\/\/petronor.eus\/es\/patrocinio\/cultural\/mas-de-1-000-artistas-daran-inicio-a-fair-saturday-2018-en-un-espectaculo-unico\/","url":"https:\/\/petronor.eus\/es\/patrocinio\/cultural\/mas-de-1-000-artistas-daran-inicio-a-fair-saturday-2018-en-un-espectaculo-unico\/","name":"M\u00e1s de 1.000 artistas dar\u00e1n inicio a FAIR SATURDAY 2018 en un espect\u00e1culo \u00fanico - Petronor","isPartOf":{"@id":"https:\/\/petronor.eus\/es\/#website"},"primaryImageOfPage":{"@id":"https:\/\/petronor.eus\/es\/patrocinio\/cultural\/mas-de-1-000-artistas-daran-inicio-a-fair-saturday-2018-en-un-espectaculo-unico\/#primaryimage"},"image":{"@id":"https:\/\/petronor.eus\/es\/patrocinio\/cultural\/mas-de-1-000-artistas-daran-inicio-a-fair-saturday-2018-en-un-espectaculo-unico\/#primaryimage"},"thumbnailUrl":"http:\/\/petronor2014.arista.es\/wp-content\/uploads\/2018\/09\/fair-saturday-2018.jpg","datePublished":"2018-09-25T10:16:35+00:00","dateModified":"2019-05-14T14:27:39+00:00","breadcrumb":{"@id":"https:\/\/petronor.eus\/es\/patrocinio\/cultural\/mas-de-1-000-artistas-daran-inicio-a-fair-saturday-2018-en-un-espectaculo-unico\/#breadcrumb"},"inLanguage":"es-ES","potentialAction":[{"@type":"ReadAction","target":["https:\/\/petronor.eus\/es\/patrocinio\/cultural\/mas-de-1-000-artistas-daran-inicio-a-fair-saturday-2018-en-un-espectaculo-unico\/"]}]},{"@type":"ImageObject","inLanguage":"es-ES","@id":"https:\/\/petronor.eus\/es\/patrocinio\/cultural\/mas-de-1-000-artistas-daran-inicio-a-fair-saturday-2018-en-un-espectaculo-unico\/#primaryimage","url":"http:\/\/petronor2014.arista.es\/wp-content\/uploads\/2018\/09\/fair-saturday-2018.jpg","contentUrl":"http:\/\/petronor2014.arista.es\/wp-content\/uploads\/2018\/09\/fair-saturday-2018.jpg"},{"@type":"BreadcrumbList","@id":"https:\/\/petronor.eus\/es\/patrocinio\/cultural\/mas-de-1-000-artistas-daran-inicio-a-fair-saturday-2018-en-un-espectaculo-unico\/#breadcrumb","itemListElement":[{"@type":"ListItem","position":1,"name":"Home","item":"https:\/\/petronor.eus\/es\/"},{"@type":"ListItem","position":2,"name":"PATROCINIO","item":"https:\/\/petronor.eus\/es\/patrocinio\/"},{"@type":"ListItem","position":3,"name":"CULTURAL","item":"https:\/\/petronor.eus\/es\/patrocinio\/cultural\/"},{"@type":"ListItem","position":4,"name":"M\u00e1s de 1.000 artistas dar\u00e1n inicio a FAIR SATURDAY 2018 en un espect\u00e1culo \u00fanico"}]},{"@type":"WebSite","@id":"https:\/\/petronor.eus\/es\/#website","url":"https:\/\/petronor.eus\/es\/","name":"Petronor","description":"","potentialAction":[{"@type":"SearchAction","target":{"@type":"EntryPoint","urlTemplate":"https:\/\/petronor.eus\/es\/?s={search_term_string}"},"query-input":{"@type":"PropertyValueSpecification","valueRequired":true,"valueName":"search_term_string"}}],"inLanguage":"es-ES"}]}},"_links":{"self":[{"href":"https:\/\/petronor.eus\/es\/wp-json\/wp\/v2\/pages\/45157","targetHints":{"allow":["GET"]}}],"collection":[{"href":"https:\/\/petronor.eus\/es\/wp-json\/wp\/v2\/pages"}],"about":[{"href":"https:\/\/petronor.eus\/es\/wp-json\/wp\/v2\/types\/page"}],"author":[{"embeddable":true,"href":"https:\/\/petronor.eus\/es\/wp-json\/wp\/v2\/users\/3"}],"replies":[{"embeddable":true,"href":"https:\/\/petronor.eus\/es\/wp-json\/wp\/v2\/comments?post=45157"}],"version-history":[{"count":4,"href":"https:\/\/petronor.eus\/es\/wp-json\/wp\/v2\/pages\/45157\/revisions"}],"predecessor-version":[{"id":48769,"href":"https:\/\/petronor.eus\/es\/wp-json\/wp\/v2\/pages\/45157\/revisions\/48769"}],"up":[{"embeddable":true,"href":"https:\/\/petronor.eus\/es\/wp-json\/wp\/v2\/pages\/44"}],"wp:attachment":[{"href":"https:\/\/petronor.eus\/es\/wp-json\/wp\/v2\/media?parent=45157"}],"curies":[{"name":"wp","href":"https:\/\/api.w.org\/{rel}","templated":true}]}}