{"id":46,"date":"2014-12-15T12:22:35","date_gmt":"2014-12-15T12:22:35","guid":{"rendered":"https:\/\/petronor.eus\/?page_id=46"},"modified":"2017-07-10T10:38:17","modified_gmt":"2017-07-10T08:38:17","slug":"social","status":"publish","type":"page","link":"https:\/\/petronor.eus\/es\/patrocinio\/social\/","title":{"rendered":"SOCIAL"},"content":{"rendered":"<div class=\"row introBlock full-width-section primeraFila\">\r\n<div class=\"col-lg-4 col-md-4 col-xs-12 col-sm-12\">\r\n<h1 style=\"margin-top: 0px;\">PATROCINIO SOCIAL<\/h1>\r\nPetronor da cobertura econ\u00f3mica a m\u00faltiples actividades relacionadas con las <strong>mejoras sociales dentro de su entorno<\/strong>.\r\n\r\nEn situaciones excepcionales colabora con diferentes ONGs, por ejemplo, desde diciembre de 2007 Petronor env\u00eda ayuda humanitaria a los campos de refugiados saharauis que se levantan en las arenas de Tinduf (Argelia). En el \u00faltimo viaje a estos campamentos, diciembre 2014, la delegaci\u00f3n de Abanto y Zierbena ha contado con la aportaci\u00f3n econ\u00f3mica para el desarrollo de su programa solidario.\r\n\r\nEn febrero de 2012, <strong>Petronor y el grupo EVE colaboraron con la ONGD del Colegio de Ingenieros (ICLI)<\/strong> donando 22 ordenadores que fueron destinados a C\u00e1ritas de la di\u00f3cesis de Kabgayi, en Gitarama, Ruanda.\r\n\r\nEn otra l\u00ednea de actuaci\u00f3n, Petronor mantiene en marcha un <strong>programa de becas<\/strong> con vocaci\u00f3n de continuidad entre cuyos objetivos se encuentran facilitar la culminaci\u00f3n de sus estudios a los alumnos de los municipios de Muskiz, Abanto-Zierbena y Zierbena que han optado por la Formaci\u00f3n Profesional en las especialidades demandadas por la actividad de refino, a la vez que se busca fomentar la Formaci\u00f3n Profesional entre los j\u00f3venes de los tres municipios.\r\n\r\n<\/div>\r\n<div class=\"col-lg-5 col-md-5 col-xs-12 col-sm-12\">\r\n<img loading=\"lazy\" decoding=\"async\" class=\"alignnone size-full wp-image-1068\" src=\"\/wp-content\/uploads\/2014\/12\/petronor-social.jpg\" alt=\"Petronor Social\" width=\"700\" height=\"445\" srcset=\"https:\/\/petronor.eus\/wp-content\/uploads\/2014\/12\/petronor-social.jpg 700w, https:\/\/petronor.eus\/wp-content\/uploads\/2014\/12\/petronor-social-600x381.jpg 600w\" sizes=\"(max-width: 700px) 100vw, 700px\" \/>\r\n\r\n<\/div>\r\n<div class=\"col-lg-3 col-md-3 col-xs-12 col-sm-12\">\r\n<div class=\"visible-xs\" style=\"margin-bottom: 15px; height: 1px; clear: both;\"><\/div>\r\n<div class=\"tablaHeader\">\n<div class=\"celda celdaIzquierda \"><h3>COLABORACIONES<\/h3><\/div>\n<div class=\"celda\"><div class=\"widgettitlewrapper\">&nbsp;<\/div><\/div>\n<\/div>\r\nAlgunas de las entidades con las que colabora Petronor:\r\n<ul class=\"listaReseteada listaFlechada\">\r\n\t<li>Asociaci\u00f3n Comerciantes Abanto-Zierbena y Muskiz<\/li>\r\n\t<li>Asociaci\u00f3n de Mujeres de Muskiz, Gallarta, Sanfuentes y Zierbena<\/li>\r\n\t<li>Asociaci\u00f3n Discapacitados Fisicos Abanto y Ciervana<\/li>\r\n\t<li>Asociaciones de Jubilados de Muskiz, Las Carreras, Gallarta y Sanfuentes<\/li>\r\n\t<li>Comisiones de Fiestas de Abanto y Ciervana, Muskiz y Zierbena<\/li>\r\n\t<li>Instituto Vasco de Competitividad<\/li>\r\n<li>Agrupaci\u00f3n Municipal de Voluntariado en Protecci\u00f3n Civil de Muskiz<\/li>\r\n<\/ul>\r\n<\/div>\r\n<\/div>","protected":false},"excerpt":{"rendered":"","protected":false},"author":1,"featured_media":0,"parent":8,"menu_order":3,"comment_status":"open","ping_status":"closed","template":"","meta":{"footnotes":""},"class_list":["post-46","page","type-page","status-publish","hentry"],"yoast_head":"<!-- This site is optimized with the Yoast SEO plugin v24.7 - https:\/\/yoast.com\/wordpress\/plugins\/seo\/ -->\n<title>Compromiso social - Petronor<\/title>\n<meta name=\"description\" content=\"Petronor da cobertura econ\u00f3mica a actividades relacionadas con mejoras sociales y a trav\u00e9s de colaboraciones con asociaciones, ayuntamientos y ONGs.\" \/>\n<meta name=\"robots\" content=\"index, follow, max-snippet:-1, max-image-preview:large, max-video-preview:-1\" \/>\n<link rel=\"canonical\" href=\"https:\/\/petronor.eus\/es\/patrocinio\/social\/\" \/>\n<meta property=\"og:locale\" content=\"es_ES\" \/>\n<meta property=\"og:type\" content=\"article\" \/>\n<meta property=\"og:title\" content=\"Compromiso social - Petronor\" \/>\n<meta property=\"og:description\" content=\"Petronor da cobertura econ\u00f3mica a actividades relacionadas con mejoras sociales y a trav\u00e9s de colaboraciones con asociaciones, ayuntamientos y ONGs.\" \/>\n<meta property=\"og:url\" content=\"https:\/\/petronor.eus\/es\/patrocinio\/social\/\" \/>\n<meta property=\"og:site_name\" content=\"Petronor\" \/>\n<meta property=\"article:modified_time\" content=\"2017-07-10T08:38:17+00:00\" \/>\n<meta name=\"twitter:label1\" content=\"Est. reading time\" \/>\n\t<meta name=\"twitter:data1\" content=\"1 minute\" \/>\n<script type=\"application\/ld+json\" class=\"yoast-schema-graph\">{\"@context\":\"https:\/\/schema.org\",\"@graph\":[{\"@type\":\"WebPage\",\"@id\":\"https:\/\/petronor.eus\/es\/patrocinio\/social\/\",\"url\":\"https:\/\/petronor.eus\/es\/patrocinio\/social\/\",\"name\":\"Compromiso social - Petronor\",\"isPartOf\":{\"@id\":\"https:\/\/petronor.eus\/es\/#website\"},\"datePublished\":\"2014-12-15T12:22:35+00:00\",\"dateModified\":\"2017-07-10T08:38:17+00:00\",\"description\":\"Petronor da cobertura econ\u00f3mica a actividades relacionadas con mejoras sociales y a trav\u00e9s de colaboraciones con asociaciones, ayuntamientos y ONGs.\",\"breadcrumb\":{\"@id\":\"https:\/\/petronor.eus\/es\/patrocinio\/social\/#breadcrumb\"},\"inLanguage\":\"es-ES\",\"potentialAction\":[{\"@type\":\"ReadAction\",\"target\":[\"https:\/\/petronor.eus\/es\/patrocinio\/social\/\"]}]},{\"@type\":\"BreadcrumbList\",\"@id\":\"https:\/\/petronor.eus\/es\/patrocinio\/social\/#breadcrumb\",\"itemListElement\":[{\"@type\":\"ListItem\",\"position\":1,\"name\":\"Home\",\"item\":\"https:\/\/petronor.eus\/es\/\"},{\"@type\":\"ListItem\",\"position\":2,\"name\":\"PATROCINIO\",\"item\":\"https:\/\/petronor.eus\/es\/patrocinio\/\"},{\"@type\":\"ListItem\",\"position\":3,\"name\":\"SOCIAL\"}]},{\"@type\":\"WebSite\",\"@id\":\"https:\/\/petronor.eus\/es\/#website\",\"url\":\"https:\/\/petronor.eus\/es\/\",\"name\":\"Petronor\",\"description\":\"\",\"potentialAction\":[{\"@type\":\"SearchAction\",\"target\":{\"@type\":\"EntryPoint\",\"urlTemplate\":\"https:\/\/petronor.eus\/es\/?s={search_term_string}\"},\"query-input\":{\"@type\":\"PropertyValueSpecification\",\"valueRequired\":true,\"valueName\":\"search_term_string\"}}],\"inLanguage\":\"es-ES\"}]}<\/script>\n<!-- \/ Yoast SEO plugin. -->","yoast_head_json":{"title":"Compromiso social - Petronor","description":"Petronor da cobertura econ\u00f3mica a actividades relacionadas con mejoras sociales y a trav\u00e9s de colaboraciones con asociaciones, ayuntamientos y ONGs.","robots":{"index":"index","follow":"follow","max-snippet":"max-snippet:-1","max-image-preview":"max-image-preview:large","max-video-preview":"max-video-preview:-1"},"canonical":"https:\/\/petronor.eus\/es\/patrocinio\/social\/","og_locale":"es_ES","og_type":"article","og_title":"Compromiso social - Petronor","og_description":"Petronor da cobertura econ\u00f3mica a actividades relacionadas con mejoras sociales y a trav\u00e9s de colaboraciones con asociaciones, ayuntamientos y ONGs.","og_url":"https:\/\/petronor.eus\/es\/patrocinio\/social\/","og_site_name":"Petronor","article_modified_time":"2017-07-10T08:38:17+00:00","twitter_misc":{"Est. reading time":"1 minute"},"schema":{"@context":"https:\/\/schema.org","@graph":[{"@type":"WebPage","@id":"https:\/\/petronor.eus\/es\/patrocinio\/social\/","url":"https:\/\/petronor.eus\/es\/patrocinio\/social\/","name":"Compromiso social - Petronor","isPartOf":{"@id":"https:\/\/petronor.eus\/es\/#website"},"datePublished":"2014-12-15T12:22:35+00:00","dateModified":"2017-07-10T08:38:17+00:00","description":"Petronor da cobertura econ\u00f3mica a actividades relacionadas con mejoras sociales y a trav\u00e9s de colaboraciones con asociaciones, ayuntamientos y ONGs.","breadcrumb":{"@id":"https:\/\/petronor.eus\/es\/patrocinio\/social\/#breadcrumb"},"inLanguage":"es-ES","potentialAction":[{"@type":"ReadAction","target":["https:\/\/petronor.eus\/es\/patrocinio\/social\/"]}]},{"@type":"BreadcrumbList","@id":"https:\/\/petronor.eus\/es\/patrocinio\/social\/#breadcrumb","itemListElement":[{"@type":"ListItem","position":1,"name":"Home","item":"https:\/\/petronor.eus\/es\/"},{"@type":"ListItem","position":2,"name":"PATROCINIO","item":"https:\/\/petronor.eus\/es\/patrocinio\/"},{"@type":"ListItem","position":3,"name":"SOCIAL"}]},{"@type":"WebSite","@id":"https:\/\/petronor.eus\/es\/#website","url":"https:\/\/petronor.eus\/es\/","name":"Petronor","description":"","potentialAction":[{"@type":"SearchAction","target":{"@type":"EntryPoint","urlTemplate":"https:\/\/petronor.eus\/es\/?s={search_term_string}"},"query-input":{"@type":"PropertyValueSpecification","valueRequired":true,"valueName":"search_term_string"}}],"inLanguage":"es-ES"}]}},"_links":{"self":[{"href":"https:\/\/petronor.eus\/es\/wp-json\/wp\/v2\/pages\/46","targetHints":{"allow":["GET"]}}],"collection":[{"href":"https:\/\/petronor.eus\/es\/wp-json\/wp\/v2\/pages"}],"about":[{"href":"https:\/\/petronor.eus\/es\/wp-json\/wp\/v2\/types\/page"}],"author":[{"embeddable":true,"href":"https:\/\/petronor.eus\/es\/wp-json\/wp\/v2\/users\/1"}],"replies":[{"embeddable":true,"href":"https:\/\/petronor.eus\/es\/wp-json\/wp\/v2\/comments?post=46"}],"version-history":[{"count":26,"href":"https:\/\/petronor.eus\/es\/wp-json\/wp\/v2\/pages\/46\/revisions"}],"predecessor-version":[{"id":33418,"href":"https:\/\/petronor.eus\/es\/wp-json\/wp\/v2\/pages\/46\/revisions\/33418"}],"up":[{"embeddable":true,"href":"https:\/\/petronor.eus\/es\/wp-json\/wp\/v2\/pages\/8"}],"wp:attachment":[{"href":"https:\/\/petronor.eus\/es\/wp-json\/wp\/v2\/media?parent=46"}],"curies":[{"name":"wp","href":"https:\/\/api.w.org\/{rel}","templated":true}]}}