{"id":50,"date":"2014-12-15T12:23:51","date_gmt":"2014-12-15T12:23:51","guid":{"rendered":"https:\/\/petronor.eus\/?page_id=50"},"modified":"2017-07-10T10:41:21","modified_gmt":"2017-07-10T08:41:21","slug":"patrimonio-historico","status":"publish","type":"page","link":"https:\/\/petronor.eus\/es\/nuestro-entorno\/patrimonio-historico\/","title":{"rendered":"PATRIMONIO HIST\u00d3RICO"},"content":{"rendered":"<div class=\"row introBlock full-width-section primeraFila\">\r\n<div class=\"col-lg-3 col-md-3 col-xs-12 col-sm-6\">\r\n<ul class=\"subnav\">  <li class=\"page_item page-item-806\"><a href=\"https:\/\/petronor.eus\/es\/nuestro-entorno\/patrimonio-historico\/castillos-de-munatones\/\">CASTILLO DE MU\u00d1ATONES<\/a><\/li>\n<li class=\"page_item page-item-808\"><a href=\"https:\/\/petronor.eus\/es\/nuestro-entorno\/patrimonio-historico\/ferreria-el-pobal\/\">FERRER\u00cdA EL POBAL<\/a><\/li>\n<li class=\"page_item page-item-810\"><a href=\"https:\/\/petronor.eus\/es\/nuestro-entorno\/patrimonio-historico\/museo-de-la-mineria-de-gallarta\/\">MUSEO DE LA MINER\u00cdA DE GALLARTA<\/a><\/li>\n  <\/ul>\r\n<\/div>\r\n<div class=\"col-lg-3 col-md-3 col-xs-12 col-sm-6\">\r\n<h1 style=\"margin-top:0;\">PATRIMONIO HIST\u00d3RICO<\/h1>\r\n<p id=\"estilo-parrafo-1-de-nuesto-entorno\">La Refiner\u00eda de Muskiz se asienta sobre una zona muy ligada a un <strong>pr\u00f3spero pasado industrial<\/strong>, adem\u00e1s de recoger una valiosa herencia de tiempos se\u00f1oriales. Y todos estos vestigios reciben el m\u00e1ximo cuidado para garantizar que pr\u00f3ximas generaciones puedan igualmente disfrutar de ellos.<\/p>\r\n<div style=\"margin-bottom:20px ; height:1px; clear:both;\"><\/div>\r\n<div class=\"separadorGris\"><\/div>\r\n<\/div>\r\n<div class=\"col-lg-6 col-md-6 col-xs-12 col-sm-12\">\r\n<img loading=\"lazy\" decoding=\"async\" class=\"alignnone size-full wp-image-2558\" src=\"https:\/\/petronor.eus\/wp-content\/uploads\/2014\/12\/Ferreria_Pobal_2.jpg\" alt=\"Petronor_Ferreria_pobal\" width=\"800\" height=\"533\" srcset=\"https:\/\/petronor.eus\/wp-content\/uploads\/2014\/12\/Ferreria_Pobal_2.jpg 800w, https:\/\/petronor.eus\/wp-content\/uploads\/2014\/12\/Ferreria_Pobal_2-600x400.jpg 600w\" sizes=\"(max-width: 800px) 100vw, 800px\" \/>\r\n<\/div>\r\n<\/div>\r\n<div class=\"row \">\r\n<div class=\"col-lg-6 col-md-6 col-xs-12 col-sm-12 col-md-offset-3 col-lg-offset-3\">\r\n<div style=\"margin-bottom:30px ; height:1px; clear:both;\"><\/div>\r\n\r\n<p>Un paseo por los alrededores de las instalaciones de Petronor supone un salto atr\u00e1s de varios siglos, comenzando por la visita imprescindible al <u><a title=\"Castillos de Mu\u00f1atones\" href=\"https:\/\/petronor.eus\/es\/nuestro-entorno\/patrimonio-historico\/castillos-de-munatones\/\">Castillo de Mu\u00f1atones<\/a><\/u> y el Palacio de Salazar. Ambos edificios gozan de una especial protecci\u00f3n y el segundo de ellos acoge hoy en d\u00eda la sede social de Petronor.<\/p>\r\n\r\n<p>As\u00ed mismo, es f\u00e1cil reencontrarse con las d\u00e9cadas de actividad minera de la zona gracias a la <u><a title=\"Ferrer\u00eda el Pobal\" href=\"https:\/\/petronor.eus\/es\/nuestro-entorno\/patrimonio-historico\/ferreria-el-pobal\/\">Ferrer\u00eda del Pobal<\/a><\/u> o los fondos conservados en el <u><a title=\"Museo de la Miner\u00eda de Gallarta\" href=\"https:\/\/petronor.eus\/es\/nuestro-entorno\/patrimonio-historico\/museo-de-la-mineria-de-gallarta\/\">Museo de la Miner\u00eda del Pa\u00eds Vasco<\/a><\/u>, ubicado en Gallarta. Ambas instalaciones permiten ver los utensilios y m\u00e9todos de trabajo con los que se convert\u00eda el mineral de hierro en metal. Son los restos mejor cuidados y m\u00e1s evidentes de un rico pasado industrial del que tom\u00f3 el relevo Petronor.<\/p>\r\n\r\n<\/div>\r\n<\/div>","protected":false},"excerpt":{"rendered":"","protected":false},"author":1,"featured_media":0,"parent":10,"menu_order":1,"comment_status":"open","ping_status":"closed","template":"","meta":{"footnotes":""},"class_list":["post-50","page","type-page","status-publish","hentry"],"yoast_head":"<!-- This site is optimized with the Yoast SEO plugin v24.7 - https:\/\/yoast.com\/wordpress\/plugins\/seo\/ -->\n<title>Patrimonio hist\u00f3rico del entorno de Petronor<\/title>\n<meta name=\"description\" content=\"La zona de la Refiner\u00eda de Muskiz est\u00e1 ligada a un pr\u00f3spero pasado industrial y se\u00f1orial: Castillo de Mu\u00f1atones, Ferrer\u00eda del Pobal y Museo de la Miner\u00eda.\" \/>\n<meta name=\"robots\" content=\"index, follow, max-snippet:-1, max-image-preview:large, max-video-preview:-1\" \/>\n<link rel=\"canonical\" href=\"https:\/\/petronor.eus\/es\/nuestro-entorno\/patrimonio-historico\/\" \/>\n<meta property=\"og:locale\" content=\"es_ES\" \/>\n<meta property=\"og:type\" content=\"article\" \/>\n<meta property=\"og:title\" content=\"Patrimonio hist\u00f3rico del entorno de Petronor\" \/>\n<meta property=\"og:description\" content=\"La zona de la Refiner\u00eda de Muskiz est\u00e1 ligada a un pr\u00f3spero pasado industrial y se\u00f1orial: Castillo de Mu\u00f1atones, Ferrer\u00eda del Pobal y Museo de la Miner\u00eda.\" \/>\n<meta property=\"og:url\" content=\"https:\/\/petronor.eus\/es\/nuestro-entorno\/patrimonio-historico\/\" \/>\n<meta property=\"og:site_name\" content=\"Petronor\" \/>\n<meta property=\"article:modified_time\" content=\"2017-07-10T08:41:21+00:00\" \/>\n<meta property=\"og:image\" content=\"https:\/\/petronor.eus\/wp-content\/uploads\/2014\/12\/Ferreria_Pobal_2.jpg\" \/>\n<meta name=\"twitter:label1\" content=\"Est. reading time\" \/>\n\t<meta name=\"twitter:data1\" content=\"1 minute\" \/>\n<script type=\"application\/ld+json\" class=\"yoast-schema-graph\">{\"@context\":\"https:\/\/schema.org\",\"@graph\":[{\"@type\":\"WebPage\",\"@id\":\"https:\/\/petronor.eus\/es\/nuestro-entorno\/patrimonio-historico\/\",\"url\":\"https:\/\/petronor.eus\/es\/nuestro-entorno\/patrimonio-historico\/\",\"name\":\"Patrimonio hist\u00f3rico del entorno de Petronor\",\"isPartOf\":{\"@id\":\"https:\/\/petronor.eus\/es\/#website\"},\"primaryImageOfPage\":{\"@id\":\"https:\/\/petronor.eus\/es\/nuestro-entorno\/patrimonio-historico\/#primaryimage\"},\"image\":{\"@id\":\"https:\/\/petronor.eus\/es\/nuestro-entorno\/patrimonio-historico\/#primaryimage\"},\"thumbnailUrl\":\"https:\/\/petronor.eus\/wp-content\/uploads\/2014\/12\/Ferreria_Pobal_2.jpg\",\"datePublished\":\"2014-12-15T12:23:51+00:00\",\"dateModified\":\"2017-07-10T08:41:21+00:00\",\"description\":\"La zona de la Refiner\u00eda de Muskiz est\u00e1 ligada a un pr\u00f3spero pasado industrial y se\u00f1orial: Castillo de Mu\u00f1atones, Ferrer\u00eda del Pobal y Museo de la Miner\u00eda.\",\"breadcrumb\":{\"@id\":\"https:\/\/petronor.eus\/es\/nuestro-entorno\/patrimonio-historico\/#breadcrumb\"},\"inLanguage\":\"es-ES\",\"potentialAction\":[{\"@type\":\"ReadAction\",\"target\":[\"https:\/\/petronor.eus\/es\/nuestro-entorno\/patrimonio-historico\/\"]}]},{\"@type\":\"ImageObject\",\"inLanguage\":\"es-ES\",\"@id\":\"https:\/\/petronor.eus\/es\/nuestro-entorno\/patrimonio-historico\/#primaryimage\",\"url\":\"https:\/\/petronor.eus\/wp-content\/uploads\/2014\/12\/Ferreria_Pobal_2.jpg\",\"contentUrl\":\"https:\/\/petronor.eus\/wp-content\/uploads\/2014\/12\/Ferreria_Pobal_2.jpg\"},{\"@type\":\"BreadcrumbList\",\"@id\":\"https:\/\/petronor.eus\/es\/nuestro-entorno\/patrimonio-historico\/#breadcrumb\",\"itemListElement\":[{\"@type\":\"ListItem\",\"position\":1,\"name\":\"Home\",\"item\":\"https:\/\/petronor.eus\/es\/\"},{\"@type\":\"ListItem\",\"position\":2,\"name\":\"NUESTRO ENTORNO\",\"item\":\"https:\/\/petronor.eus\/es\/nuestro-entorno\/\"},{\"@type\":\"ListItem\",\"position\":3,\"name\":\"PATRIMONIO HIST\u00d3RICO\"}]},{\"@type\":\"WebSite\",\"@id\":\"https:\/\/petronor.eus\/es\/#website\",\"url\":\"https:\/\/petronor.eus\/es\/\",\"name\":\"Petronor\",\"description\":\"\",\"potentialAction\":[{\"@type\":\"SearchAction\",\"target\":{\"@type\":\"EntryPoint\",\"urlTemplate\":\"https:\/\/petronor.eus\/es\/?s={search_term_string}\"},\"query-input\":{\"@type\":\"PropertyValueSpecification\",\"valueRequired\":true,\"valueName\":\"search_term_string\"}}],\"inLanguage\":\"es-ES\"}]}<\/script>\n<!-- \/ Yoast SEO plugin. -->","yoast_head_json":{"title":"Patrimonio hist\u00f3rico del entorno de Petronor","description":"La zona de la Refiner\u00eda de Muskiz est\u00e1 ligada a un pr\u00f3spero pasado industrial y se\u00f1orial: Castillo de Mu\u00f1atones, Ferrer\u00eda del Pobal y Museo de la Miner\u00eda.","robots":{"index":"index","follow":"follow","max-snippet":"max-snippet:-1","max-image-preview":"max-image-preview:large","max-video-preview":"max-video-preview:-1"},"canonical":"https:\/\/petronor.eus\/es\/nuestro-entorno\/patrimonio-historico\/","og_locale":"es_ES","og_type":"article","og_title":"Patrimonio hist\u00f3rico del entorno de Petronor","og_description":"La zona de la Refiner\u00eda de Muskiz est\u00e1 ligada a un pr\u00f3spero pasado industrial y se\u00f1orial: Castillo de Mu\u00f1atones, Ferrer\u00eda del Pobal y Museo de la Miner\u00eda.","og_url":"https:\/\/petronor.eus\/es\/nuestro-entorno\/patrimonio-historico\/","og_site_name":"Petronor","article_modified_time":"2017-07-10T08:41:21+00:00","og_image":[{"url":"https:\/\/petronor.eus\/wp-content\/uploads\/2014\/12\/Ferreria_Pobal_2.jpg","type":"","width":"","height":""}],"twitter_misc":{"Est. reading time":"1 minute"},"schema":{"@context":"https:\/\/schema.org","@graph":[{"@type":"WebPage","@id":"https:\/\/petronor.eus\/es\/nuestro-entorno\/patrimonio-historico\/","url":"https:\/\/petronor.eus\/es\/nuestro-entorno\/patrimonio-historico\/","name":"Patrimonio hist\u00f3rico del entorno de Petronor","isPartOf":{"@id":"https:\/\/petronor.eus\/es\/#website"},"primaryImageOfPage":{"@id":"https:\/\/petronor.eus\/es\/nuestro-entorno\/patrimonio-historico\/#primaryimage"},"image":{"@id":"https:\/\/petronor.eus\/es\/nuestro-entorno\/patrimonio-historico\/#primaryimage"},"thumbnailUrl":"https:\/\/petronor.eus\/wp-content\/uploads\/2014\/12\/Ferreria_Pobal_2.jpg","datePublished":"2014-12-15T12:23:51+00:00","dateModified":"2017-07-10T08:41:21+00:00","description":"La zona de la Refiner\u00eda de Muskiz est\u00e1 ligada a un pr\u00f3spero pasado industrial y se\u00f1orial: Castillo de Mu\u00f1atones, Ferrer\u00eda del Pobal y Museo de la Miner\u00eda.","breadcrumb":{"@id":"https:\/\/petronor.eus\/es\/nuestro-entorno\/patrimonio-historico\/#breadcrumb"},"inLanguage":"es-ES","potentialAction":[{"@type":"ReadAction","target":["https:\/\/petronor.eus\/es\/nuestro-entorno\/patrimonio-historico\/"]}]},{"@type":"ImageObject","inLanguage":"es-ES","@id":"https:\/\/petronor.eus\/es\/nuestro-entorno\/patrimonio-historico\/#primaryimage","url":"https:\/\/petronor.eus\/wp-content\/uploads\/2014\/12\/Ferreria_Pobal_2.jpg","contentUrl":"https:\/\/petronor.eus\/wp-content\/uploads\/2014\/12\/Ferreria_Pobal_2.jpg"},{"@type":"BreadcrumbList","@id":"https:\/\/petronor.eus\/es\/nuestro-entorno\/patrimonio-historico\/#breadcrumb","itemListElement":[{"@type":"ListItem","position":1,"name":"Home","item":"https:\/\/petronor.eus\/es\/"},{"@type":"ListItem","position":2,"name":"NUESTRO ENTORNO","item":"https:\/\/petronor.eus\/es\/nuestro-entorno\/"},{"@type":"ListItem","position":3,"name":"PATRIMONIO HIST\u00d3RICO"}]},{"@type":"WebSite","@id":"https:\/\/petronor.eus\/es\/#website","url":"https:\/\/petronor.eus\/es\/","name":"Petronor","description":"","potentialAction":[{"@type":"SearchAction","target":{"@type":"EntryPoint","urlTemplate":"https:\/\/petronor.eus\/es\/?s={search_term_string}"},"query-input":{"@type":"PropertyValueSpecification","valueRequired":true,"valueName":"search_term_string"}}],"inLanguage":"es-ES"}]}},"_links":{"self":[{"href":"https:\/\/petronor.eus\/es\/wp-json\/wp\/v2\/pages\/50","targetHints":{"allow":["GET"]}}],"collection":[{"href":"https:\/\/petronor.eus\/es\/wp-json\/wp\/v2\/pages"}],"about":[{"href":"https:\/\/petronor.eus\/es\/wp-json\/wp\/v2\/types\/page"}],"author":[{"embeddable":true,"href":"https:\/\/petronor.eus\/es\/wp-json\/wp\/v2\/users\/1"}],"replies":[{"embeddable":true,"href":"https:\/\/petronor.eus\/es\/wp-json\/wp\/v2\/comments?post=50"}],"version-history":[{"count":38,"href":"https:\/\/petronor.eus\/es\/wp-json\/wp\/v2\/pages\/50\/revisions"}],"predecessor-version":[{"id":39633,"href":"https:\/\/petronor.eus\/es\/wp-json\/wp\/v2\/pages\/50\/revisions\/39633"}],"up":[{"embeddable":true,"href":"https:\/\/petronor.eus\/es\/wp-json\/wp\/v2\/pages\/10"}],"wp:attachment":[{"href":"https:\/\/petronor.eus\/es\/wp-json\/wp\/v2\/media?parent=50"}],"curies":[{"name":"wp","href":"https:\/\/api.w.org\/{rel}","templated":true}]}}