{"id":52,"date":"2014-12-15T12:24:12","date_gmt":"2014-12-15T12:24:12","guid":{"rendered":"https:\/\/petronor.eus\/?page_id=52"},"modified":"2025-09-05T10:41:27","modified_gmt":"2025-09-05T08:41:27","slug":"entorno-natural","status":"publish","type":"page","link":"https:\/\/petronor.eus\/es\/nuestro-entorno\/entorno-natural\/","title":{"rendered":"NATURAL"},"content":{"rendered":"<div class=\"row introBlock full-width-section primeraFila\">\n<div class=\"col-lg-3 col-md-3 col-xs-12 col-sm-6\">\n<ul class=\"subnav\">  <li class=\"page_item page-item-125 page_item_has_children\"><a href=\"https:\/\/petronor.eus\/es\/nuestro-entorno\/entorno-natural\/la-flora\/\">LA FLORA<\/a><\/li>\n<li class=\"page_item page-item-127 page_item_has_children\"><a href=\"https:\/\/petronor.eus\/es\/nuestro-entorno\/entorno-natural\/la-fauna\/\">FAUNA, VARIEDAD ECOL\u00d3GICA DEL ENTORNO<\/a><\/li>\n<li class=\"page_item page-item-129\"><a href=\"https:\/\/petronor.eus\/es\/nuestro-entorno\/entorno-natural\/reportajes-de-naturaleza\/\">REPORTAJES DE NATURALEZA<\/a><\/li>\n<li class=\"page_item page-item-1969\"><a href=\"https:\/\/petronor.eus\/es\/nuestro-entorno\/entorno-natural\/repoblacion-vegetal\/\">REPOBLACI\u00d3N VEGETAL DEL BARBADUN<\/a><\/li>\n  <\/ul>\n<\/div>\n<div class=\"col-lg-3 col-md-3 col-xs-12 col-sm-6\">\n<h1 style=\"margin-top: 0;\">ENTORNO NATURAL<\/h1>\nEl Complejo Industrial de Petronor goza de un entorno natural envidiable, gracias a las condiciones naturales de la zona en la que se ubica y al esfuerzo de la propia empresa para mantenerla y repoblarla. En los \u00faltimos a\u00f1os se han realizado grandes inversiones en esta materia.\n\n<\/div>\n<div class=\"col-lg-6 col-md-6 col-xs-12 col-sm-12\">\n<img loading=\"lazy\" decoding=\"async\" class=\"alignnone size-full wp-image-2575\" src=\"https:\/\/petronor.eus\/wp-content\/uploads\/2014\/12\/vista-entorno-refineria.jpg\" alt=\"vista-entorno-refineria\" width=\"700\" height=\"382\" srcset=\"https:\/\/petronor.eus\/wp-content\/uploads\/2014\/12\/vista-entorno-refineria.jpg 700w, https:\/\/petronor.eus\/wp-content\/uploads\/2014\/12\/vista-entorno-refineria-600x327.jpg 600w\" sizes=\"(max-width: 700px) 100vw, 700px\" \/>\n<\/div>\n<\/div>\n<div style=\"margin-bottom:30px ; height:1px; clear:both;\"><\/div>\n<div class=\"row \">\n<div class=\"col-lg-6 col-md-6 col-xs-12 col-sm-12\">\n<h3 style=\"margin-top: 0;\">REPOBLACI\u00d3N VEGETAL DEL R\u00cdO BARBAD\u00daN<\/h3>\n<img loading=\"lazy\" decoding=\"async\" class=\"alignnone size-full wp-image-2582 imgEntornoNatural\" src=\"https:\/\/petronor.eus\/wp-content\/uploads\/2014\/12\/rio-barbadun.jpg\" alt=\"rio-barbadun\" width=\"800\" height=\"450\" srcset=\"https:\/\/petronor.eus\/wp-content\/uploads\/2014\/12\/rio-barbadun.jpg 800w, https:\/\/petronor.eus\/wp-content\/uploads\/2014\/12\/rio-barbadun-600x338.jpg 600w\" sizes=\"(max-width: 800px) 100vw, 800px\" \/>\n\nA finales de 2007 Petronor adjudic\u00f3 el Proyecto de Repoblaci\u00f3n Vegetal de la margen derecha del r\u00edo Barbad\u00fan y del entorno del cargadero de asfaltos.\n\nEl Departamento de Biolog\u00eda Vegetal y Ecolog\u00eda de la Universidad del Pa\u00eds Vasco fue el autor de la propuesta escogida, que supuso la plantaci\u00f3n 407 \u00e1rboles y 768 arbustos de diferentes especies en esa orilla. Adem\u00e1s, la repoblaci\u00f3n se complet\u00f3 con 29 \u00e1rboles y 700 arbustos en el cargadero de asfaltos entre el camino adaptado para bicicletas y la valla perimetral de la refiner\u00eda.\n\nTodas esas especies son aut\u00f3ctonas y sus semillas proceden de otros entornos del Pa\u00eds Vasco y regiones lim\u00edtrofes, para asegurar una adecuada conservaci\u00f3n del ecosistema de la zona.\n\n<\/div>\n\n<div class=\"col-lg-3 col-md-3 col-xs-12 col-sm-6\">\n<h3 style=\"margin-top: 0;\">10.000 \u00c1RBOLES<\/h3>\n<img loading=\"lazy\" decoding=\"async\" class=\"alignnone size-full wp-image-2577 imgEntornoNatural\" src=\"https:\/\/petronor.eus\/wp-content\/uploads\/2014\/12\/10mil-arboles.jpg\" alt=\"10mil-arboles\" width=\"450\" height=\"450\" srcset=\"https:\/\/petronor.eus\/wp-content\/uploads\/2014\/12\/10mil-arboles.jpg 450w, https:\/\/petronor.eus\/wp-content\/uploads\/2014\/12\/10mil-arboles-150x150.jpg 150w, https:\/\/petronor.eus\/wp-content\/uploads\/2014\/12\/10mil-arboles-300x300.jpg 300w, https:\/\/petronor.eus\/wp-content\/uploads\/2014\/12\/10mil-arboles-70x70.jpg 70w\" sizes=\"(max-width: 450px) 100vw, 450px\" \/>\n\nAsimismo, los m\u00e1s de 10.000 \u00e1rboles plantados en los \u00faltimos a\u00f1os hacen la funci\u00f3n de sanear el aire en torno a la Refiner\u00eda. Ellos fijan parte del carbono que se emite y liberan ox\u00edgeno, adem\u00e1s de proteger la tierra de inundaciones, mejorar su calidad y salvaguardar la biodiversidad de fauna y flora.\n\n<\/div>\n<\/div>\n<div style=\"margin-bottom:20px ; height:1px; clear:both;\"><\/div>\n<div style=\"margin-bottom:20px ; height:1px; clear:both;\"><\/div>\n<div class=\"row fondoGrisClaro\">\n<div class=\"col-lg-3 col-md-3 col-xs-12 col-sm-6\">\n<h3>Reportajes de naturaleza<\/h3>\n<\/div>\n<div class=\"col-lg-3 col-md-3 col-xs-12 col-sm-6\">\n<div style=\"\" id=\"\" class=\"proyectoDestacadoArriba\"><a title=\"Ia a reportaje sobre la lechuza comun\" href=\"\/es\/reportajes\/lechuza-comun-reina-de-la-noche\/\"><img loading=\"lazy\" decoding=\"async\" class=\"alignnone size-full wp-image-1137 imgZoom\" src=\"\/wp-content\/uploads\/2014\/12\/lechuza.jpg\" alt=\"Reportaje sobre la lechuza com\u00fan\" width=\"768\" height=\"768\" srcset=\"https:\/\/petronor.eus\/wp-content\/uploads\/2014\/12\/lechuza.jpg 768w, https:\/\/petronor.eus\/wp-content\/uploads\/2014\/12\/lechuza-150x150.jpg 150w, https:\/\/petronor.eus\/wp-content\/uploads\/2014\/12\/lechuza-300x300.jpg 300w, https:\/\/petronor.eus\/wp-content\/uploads\/2014\/12\/lechuza-600x600.jpg 600w, https:\/\/petronor.eus\/wp-content\/uploads\/2014\/12\/lechuza-480x480.jpg 480w, https:\/\/petronor.eus\/wp-content\/uploads\/2014\/12\/lechuza-70x70.jpg 70w\" sizes=\"(max-width: 768px) 100vw, 768px\" \/><\/a><\/div>\n<div style=\"\" id=\"\" class=\"proyectoDestacadoAbajo\">\n<div class=\"tituloProyectoDestacado\">\n<h3>Lechuza Com\u00fan, reina de la noche<\/h3>\n<\/div>\n<a href=\"\/es\/nuestro-entorno\/entorno-natural\/reportajes-de-naturaleza\/\">REPORTAJE DE NATURALEZA<\/a><\/div>\n<\/div>\n<div class=\"col-lg-3 col-md-3 col-xs-12 col-sm-6\">\n<div style=\"\" id=\"\" class=\"proyectoDestacadoArriba\"><a href=\"\/es\/reportajes\/topo-silencioso-morador-subterraneo\/\"><img loading=\"lazy\" decoding=\"async\" class=\"alignnone size-full wp-image-1139 imgZoom\" src=\"\/wp-content\/uploads\/2014\/12\/topo.jpg\" alt=\"Topo\" width=\"768\" height=\"768\" srcset=\"https:\/\/petronor.eus\/wp-content\/uploads\/2014\/12\/topo.jpg 768w, https:\/\/petronor.eus\/wp-content\/uploads\/2014\/12\/topo-150x150.jpg 150w, https:\/\/petronor.eus\/wp-content\/uploads\/2014\/12\/topo-300x300.jpg 300w, https:\/\/petronor.eus\/wp-content\/uploads\/2014\/12\/topo-600x600.jpg 600w, https:\/\/petronor.eus\/wp-content\/uploads\/2014\/12\/topo-480x480.jpg 480w, https:\/\/petronor.eus\/wp-content\/uploads\/2014\/12\/topo-70x70.jpg 70w\" sizes=\"(max-width: 768px) 100vw, 768px\" \/><\/a><\/div>\n<div style=\"\" id=\"\" class=\"proyectoDestacadoAbajo\">\n<div class=\"tituloProyectoDestacado\">\n<h3>Topo, silencioso morador subterr\u00e1neo<\/h3>\n<\/div>\n<a href=\"\/es\/nuestro-entorno\/entorno-natural\/reportajes-de-naturaleza\/\">REPORTAJE DE NATURALEZA<\/a><\/div>\n<\/div>\n<div class=\"col-lg-3 col-md-3 col-xs-12 col-sm-6\">\n<div style=\"\" id=\"\" class=\"proyectoDestacadoArriba\"><a href=\"\/es\/el-pajaro-mas-pequeno-de-la-cuenca-del-barbadun\/\"><img loading=\"lazy\" decoding=\"async\" class=\"alignnone size-full wp-image-1140 imgZoom\" src=\"https:\/\/petronor.eus\/wp-content\/uploads\/2014\/12\/pajaro.jpg\" alt=\"pajaro\" width=\"768\" height=\"768\" srcset=\"https:\/\/petronor.eus\/wp-content\/uploads\/2014\/12\/pajaro.jpg 768w, https:\/\/petronor.eus\/wp-content\/uploads\/2014\/12\/pajaro-150x150.jpg 150w, https:\/\/petronor.eus\/wp-content\/uploads\/2014\/12\/pajaro-300x300.jpg 300w, https:\/\/petronor.eus\/wp-content\/uploads\/2014\/12\/pajaro-600x600.jpg 600w, https:\/\/petronor.eus\/wp-content\/uploads\/2014\/12\/pajaro-480x480.jpg 480w, https:\/\/petronor.eus\/wp-content\/uploads\/2014\/12\/pajaro-70x70.jpg 70w\" sizes=\"(max-width: 768px) 100vw, 768px\" \/><\/a><\/div>\n<div style=\"\" id=\"\" class=\"proyectoDestacadoAbajo\">\n<div class=\"tituloProyectoDestacado\">\n<h3>El p\u00e1jaro m\u00e1s peque\u00f1o de la cuenca del Barbad\u00fan<\/h3>\n<\/div>\n<a href=\"\/es\/nuestro-entorno\/entorno-natural\/reportajes-de-naturaleza\/\">REPORTAJE DE NATURALEZA<\/a><\/div>\n<\/div>\n<\/div>","protected":false},"excerpt":{"rendered":"","protected":false},"author":1,"featured_media":0,"parent":10,"menu_order":2,"comment_status":"open","ping_status":"closed","template":"","meta":{"footnotes":""},"class_list":["post-52","page","type-page","status-publish","hentry"],"yoast_head":"<!-- This site is optimized with the Yoast SEO plugin v24.7 - https:\/\/yoast.com\/wordpress\/plugins\/seo\/ -->\n<title>Entorno natural<\/title>\n<meta name=\"description\" content=\"El Complejo Industrial de Petronor goza de un entorno natural envidiable, gracias a las condiciones naturales de la zona y al esfuerzo por mantenerla.\" \/>\n<meta name=\"robots\" content=\"index, follow, max-snippet:-1, max-image-preview:large, max-video-preview:-1\" \/>\n<link rel=\"canonical\" href=\"https:\/\/petronor.eus\/es\/nuestro-entorno\/entorno-natural\/\" \/>\n<meta property=\"og:locale\" content=\"es_ES\" \/>\n<meta property=\"og:type\" content=\"article\" \/>\n<meta property=\"og:title\" content=\"Entorno natural\" \/>\n<meta property=\"og:description\" content=\"El Complejo Industrial de Petronor goza de un entorno natural envidiable, gracias a las condiciones naturales de la zona y al esfuerzo por mantenerla.\" \/>\n<meta property=\"og:url\" content=\"https:\/\/petronor.eus\/es\/nuestro-entorno\/entorno-natural\/\" \/>\n<meta property=\"og:site_name\" content=\"Petronor\" \/>\n<meta property=\"article:modified_time\" content=\"2025-09-05T08:41:27+00:00\" \/>\n<meta property=\"og:image\" content=\"https:\/\/petronor.eus\/wp-content\/uploads\/2014\/12\/vista-entorno-refineria.jpg\" \/>\n<meta name=\"twitter:label1\" content=\"Est. reading time\" \/>\n\t<meta name=\"twitter:data1\" content=\"3 minutes\" \/>\n<script type=\"application\/ld+json\" class=\"yoast-schema-graph\">{\"@context\":\"https:\/\/schema.org\",\"@graph\":[{\"@type\":\"WebPage\",\"@id\":\"https:\/\/petronor.eus\/es\/nuestro-entorno\/entorno-natural\/\",\"url\":\"https:\/\/petronor.eus\/es\/nuestro-entorno\/entorno-natural\/\",\"name\":\"Entorno natural\",\"isPartOf\":{\"@id\":\"https:\/\/petronor.eus\/es\/#website\"},\"primaryImageOfPage\":{\"@id\":\"https:\/\/petronor.eus\/es\/nuestro-entorno\/entorno-natural\/#primaryimage\"},\"image\":{\"@id\":\"https:\/\/petronor.eus\/es\/nuestro-entorno\/entorno-natural\/#primaryimage\"},\"thumbnailUrl\":\"https:\/\/petronor.eus\/wp-content\/uploads\/2014\/12\/vista-entorno-refineria.jpg\",\"datePublished\":\"2014-12-15T12:24:12+00:00\",\"dateModified\":\"2025-09-05T08:41:27+00:00\",\"description\":\"El Complejo Industrial de Petronor goza de un entorno natural envidiable, gracias a las condiciones naturales de la zona y al esfuerzo por mantenerla.\",\"breadcrumb\":{\"@id\":\"https:\/\/petronor.eus\/es\/nuestro-entorno\/entorno-natural\/#breadcrumb\"},\"inLanguage\":\"es-ES\",\"potentialAction\":[{\"@type\":\"ReadAction\",\"target\":[\"https:\/\/petronor.eus\/es\/nuestro-entorno\/entorno-natural\/\"]}]},{\"@type\":\"ImageObject\",\"inLanguage\":\"es-ES\",\"@id\":\"https:\/\/petronor.eus\/es\/nuestro-entorno\/entorno-natural\/#primaryimage\",\"url\":\"https:\/\/petronor.eus\/wp-content\/uploads\/2014\/12\/vista-entorno-refineria.jpg\",\"contentUrl\":\"https:\/\/petronor.eus\/wp-content\/uploads\/2014\/12\/vista-entorno-refineria.jpg\"},{\"@type\":\"BreadcrumbList\",\"@id\":\"https:\/\/petronor.eus\/es\/nuestro-entorno\/entorno-natural\/#breadcrumb\",\"itemListElement\":[{\"@type\":\"ListItem\",\"position\":1,\"name\":\"Home\",\"item\":\"https:\/\/petronor.eus\/es\/\"},{\"@type\":\"ListItem\",\"position\":2,\"name\":\"NUESTRO ENTORNO\",\"item\":\"https:\/\/petronor.eus\/es\/nuestro-entorno\/\"},{\"@type\":\"ListItem\",\"position\":3,\"name\":\"NATURAL\"}]},{\"@type\":\"WebSite\",\"@id\":\"https:\/\/petronor.eus\/es\/#website\",\"url\":\"https:\/\/petronor.eus\/es\/\",\"name\":\"Petronor\",\"description\":\"\",\"potentialAction\":[{\"@type\":\"SearchAction\",\"target\":{\"@type\":\"EntryPoint\",\"urlTemplate\":\"https:\/\/petronor.eus\/es\/?s={search_term_string}\"},\"query-input\":{\"@type\":\"PropertyValueSpecification\",\"valueRequired\":true,\"valueName\":\"search_term_string\"}}],\"inLanguage\":\"es-ES\"}]}<\/script>\n<!-- \/ Yoast SEO plugin. -->","yoast_head_json":{"title":"Entorno natural","description":"El Complejo Industrial de Petronor goza de un entorno natural envidiable, gracias a las condiciones naturales de la zona y al esfuerzo por mantenerla.","robots":{"index":"index","follow":"follow","max-snippet":"max-snippet:-1","max-image-preview":"max-image-preview:large","max-video-preview":"max-video-preview:-1"},"canonical":"https:\/\/petronor.eus\/es\/nuestro-entorno\/entorno-natural\/","og_locale":"es_ES","og_type":"article","og_title":"Entorno natural","og_description":"El Complejo Industrial de Petronor goza de un entorno natural envidiable, gracias a las condiciones naturales de la zona y al esfuerzo por mantenerla.","og_url":"https:\/\/petronor.eus\/es\/nuestro-entorno\/entorno-natural\/","og_site_name":"Petronor","article_modified_time":"2025-09-05T08:41:27+00:00","og_image":[{"url":"https:\/\/petronor.eus\/wp-content\/uploads\/2014\/12\/vista-entorno-refineria.jpg","type":"","width":"","height":""}],"twitter_misc":{"Est. reading time":"3 minutes"},"schema":{"@context":"https:\/\/schema.org","@graph":[{"@type":"WebPage","@id":"https:\/\/petronor.eus\/es\/nuestro-entorno\/entorno-natural\/","url":"https:\/\/petronor.eus\/es\/nuestro-entorno\/entorno-natural\/","name":"Entorno natural","isPartOf":{"@id":"https:\/\/petronor.eus\/es\/#website"},"primaryImageOfPage":{"@id":"https:\/\/petronor.eus\/es\/nuestro-entorno\/entorno-natural\/#primaryimage"},"image":{"@id":"https:\/\/petronor.eus\/es\/nuestro-entorno\/entorno-natural\/#primaryimage"},"thumbnailUrl":"https:\/\/petronor.eus\/wp-content\/uploads\/2014\/12\/vista-entorno-refineria.jpg","datePublished":"2014-12-15T12:24:12+00:00","dateModified":"2025-09-05T08:41:27+00:00","description":"El Complejo Industrial de Petronor goza de un entorno natural envidiable, gracias a las condiciones naturales de la zona y al esfuerzo por mantenerla.","breadcrumb":{"@id":"https:\/\/petronor.eus\/es\/nuestro-entorno\/entorno-natural\/#breadcrumb"},"inLanguage":"es-ES","potentialAction":[{"@type":"ReadAction","target":["https:\/\/petronor.eus\/es\/nuestro-entorno\/entorno-natural\/"]}]},{"@type":"ImageObject","inLanguage":"es-ES","@id":"https:\/\/petronor.eus\/es\/nuestro-entorno\/entorno-natural\/#primaryimage","url":"https:\/\/petronor.eus\/wp-content\/uploads\/2014\/12\/vista-entorno-refineria.jpg","contentUrl":"https:\/\/petronor.eus\/wp-content\/uploads\/2014\/12\/vista-entorno-refineria.jpg"},{"@type":"BreadcrumbList","@id":"https:\/\/petronor.eus\/es\/nuestro-entorno\/entorno-natural\/#breadcrumb","itemListElement":[{"@type":"ListItem","position":1,"name":"Home","item":"https:\/\/petronor.eus\/es\/"},{"@type":"ListItem","position":2,"name":"NUESTRO ENTORNO","item":"https:\/\/petronor.eus\/es\/nuestro-entorno\/"},{"@type":"ListItem","position":3,"name":"NATURAL"}]},{"@type":"WebSite","@id":"https:\/\/petronor.eus\/es\/#website","url":"https:\/\/petronor.eus\/es\/","name":"Petronor","description":"","potentialAction":[{"@type":"SearchAction","target":{"@type":"EntryPoint","urlTemplate":"https:\/\/petronor.eus\/es\/?s={search_term_string}"},"query-input":{"@type":"PropertyValueSpecification","valueRequired":true,"valueName":"search_term_string"}}],"inLanguage":"es-ES"}]}},"_links":{"self":[{"href":"https:\/\/petronor.eus\/es\/wp-json\/wp\/v2\/pages\/52","targetHints":{"allow":["GET"]}}],"collection":[{"href":"https:\/\/petronor.eus\/es\/wp-json\/wp\/v2\/pages"}],"about":[{"href":"https:\/\/petronor.eus\/es\/wp-json\/wp\/v2\/types\/page"}],"author":[{"embeddable":true,"href":"https:\/\/petronor.eus\/es\/wp-json\/wp\/v2\/users\/1"}],"replies":[{"embeddable":true,"href":"https:\/\/petronor.eus\/es\/wp-json\/wp\/v2\/comments?post=52"}],"version-history":[{"count":40,"href":"https:\/\/petronor.eus\/es\/wp-json\/wp\/v2\/pages\/52\/revisions"}],"predecessor-version":[{"id":81220,"href":"https:\/\/petronor.eus\/es\/wp-json\/wp\/v2\/pages\/52\/revisions\/81220"}],"up":[{"embeddable":true,"href":"https:\/\/petronor.eus\/es\/wp-json\/wp\/v2\/pages\/10"}],"wp:attachment":[{"href":"https:\/\/petronor.eus\/es\/wp-json\/wp\/v2\/media?parent=52"}],"curies":[{"name":"wp","href":"https:\/\/api.w.org\/{rel}","templated":true}]}}