{"id":54,"date":"2014-12-15T12:24:29","date_gmt":"2014-12-15T12:24:29","guid":{"rendered":"https:\/\/petronor.eus\/?page_id=54"},"modified":"2018-10-08T17:19:20","modified_gmt":"2018-10-08T15:19:20","slug":"gastronomia","status":"publish","type":"page","link":"https:\/\/petronor.eus\/es\/nuestro-entorno\/gastronomia\/","title":{"rendered":"GASTRONOM\u00cdA"},"content":{"rendered":"<div class=\"row introBlock full-width-section primeraFila\">\r\n<div class=\"col-lg-3 col-md-3 col-xs-12 col-sm-6\">\r\n<div style=\"margin-bottom:20px ; height:1px; clear:both;\"><\/div>\r\n<p style=\"font-size: 20px!important;\">Nuestros m\u00e1s consagrados cocineros te invitan a conocer lo mejor de la gastronom\u00eda vasca.<\/p>\r\n<\/div>\r\n<\/div>\r\n<div class=\"row filaCocineros\">\r\n<div class=\"col-lg-3 col-md-3 col-sm-6 col-xs-6 cocinero\">\r\n<div class=\"rayaAzul\">&nbsp;<\/div>\r\n<a href=\"http:\/\/www.guiarepsol.com\/es\/gastronomia\/cocineros-con-tres-soles\/juan-mari-arzak\/\" target=\"_blank\">\r\n<h3 style=\"margin-top: 0;\">JUAN MARI ARZAK<\/h3>\r\n<div class=\"nooverflow\"><img loading=\"lazy\" decoding=\"async\" class=\"alignnone size-full wp-image-2596 imgZoom\" src=\"\/wp-content\/uploads\/2014\/12\/juan-mari-y-elena-arzak.jpg\" alt=\"juan-mari-y-elena-arzak\" width=\"400\" height=\"400\" srcset=\"https:\/\/petronor.eus\/wp-content\/uploads\/2014\/12\/juan-mari-y-elena-arzak.jpg 400w, https:\/\/petronor.eus\/wp-content\/uploads\/2014\/12\/juan-mari-y-elena-arzak-150x150.jpg 150w, https:\/\/petronor.eus\/wp-content\/uploads\/2014\/12\/juan-mari-y-elena-arzak-300x300.jpg 300w, https:\/\/petronor.eus\/wp-content\/uploads\/2014\/12\/juan-mari-y-elena-arzak-70x70.jpg 70w\" sizes=\"(max-width: 400px) 100vw, 400px\" \/><\/div>\r\nArzak, con cuatro generaciones de cocineros a sus espaldas, es sin duda alguna, uno de los grandes de la cocina vasca.\r\nDescubre con Juan Mari su restaurante, sus rincones favoritos y su visi\u00f3n gastron\u00f3mica.\r\n<span class=\"masInformacion\">M\u00c1S INFORMACI\u00d3N<\/span><\/a>\r\n<\/div>\r\n\r\n<div class=\"col-lg-3 col-md-3 col-sm-6 col-xs-6 cocinero\">\r\n<div class=\"rayaAzul\">&nbsp;<\/div>\r\n<a href=\"http:\/\/www.guiarepsol.com\/es\/gastronomia\/cocineros-con-tres-soles\/martin-berasategui\/\" target=\"_blank\">\r\n<h3 style=\"margin-top: 0;\">MART\u00cdN BERASATEGUI<\/h3>\r\n<div class=\"nooverflow\"><img loading=\"lazy\" decoding=\"async\" class=\"alignnone size-full wp-image-2598 imgZoom\" src=\"\/wp-content\/uploads\/2014\/12\/martin-berasategui.jpg\" alt=\"martin-berasategui\" width=\"400\" height=\"400\" srcset=\"https:\/\/petronor.eus\/wp-content\/uploads\/2014\/12\/martin-berasategui.jpg 400w, https:\/\/petronor.eus\/wp-content\/uploads\/2014\/12\/martin-berasategui-150x150.jpg 150w, https:\/\/petronor.eus\/wp-content\/uploads\/2014\/12\/martin-berasategui-300x300.jpg 300w, https:\/\/petronor.eus\/wp-content\/uploads\/2014\/12\/martin-berasategui-70x70.jpg 70w\" sizes=\"(max-width: 400px) 100vw, 400px\" \/><\/div>\r\nConoce la trayectoria de uno de los grandes representantes de la cocina vasca en el mundo.\r\nMart\u00edn te presenta su mundo y te hace llegar recomendaciones para que disfrutes a\u00fan m\u00e1s de la cocina vasca.\r\n<span class=\"masInformacion\">M\u00c1S INFORMACI\u00d3N<\/span><\/a>\r\n<\/div>\r\n\r\n<div class=\"col-lg-3 col-md-3 col-sm-6 col-xs-6 cocinero\">\r\n<div class=\"rayaAzul\">&nbsp;<\/div>\r\n<a href=\"http:\/\/www.guiarepsol.com\/es\/gastronomia\/cocineros-con-tres-soles\/victor-arguinzoniz\/\" target=\"_blank\">\r\n<h3 style=\"margin-top: 0;\">V\u00cdCTOR ARGUINZONIZ<\/h3>\r\n<div class=\"nooverflow\"><img loading=\"lazy\" decoding=\"async\" class=\"alignnone size-full wp-image-2599 imgZoom\" src=\"\/wp-content\/uploads\/2014\/12\/victor-arguinzoniz.jpg\" alt=\"victor-arguinzoniz\" width=\"400\" height=\"400\" srcset=\"https:\/\/petronor.eus\/wp-content\/uploads\/2014\/12\/victor-arguinzoniz.jpg 400w, https:\/\/petronor.eus\/wp-content\/uploads\/2014\/12\/victor-arguinzoniz-150x150.jpg 150w, https:\/\/petronor.eus\/wp-content\/uploads\/2014\/12\/victor-arguinzoniz-300x300.jpg 300w, https:\/\/petronor.eus\/wp-content\/uploads\/2014\/12\/victor-arguinzoniz-70x70.jpg 70w\" sizes=\"(max-width: 400px) 100vw, 400px\" \/><\/div>\r\nDestaca por su elaborada cocina a la Brasa, reconocida en el mundo entero.\r\nV\u00edctor te invita a su restaurante y te muestra los utensilios que ha dise\u00f1ado para la creaci\u00f3n de sus platos.\r\n<span class=\"masInformacion\">M\u00c1S INFORMACI\u00d3N<\/span><\/a>\r\n<\/div>\r\n<div class=\"col-lg-3 col-md-3 col-sm-6 col-xs-6 cocinero\">\r\n<div class=\"rayaAzul\">&nbsp;<\/div>\r\n<a href=\"http:\/\/www.guiarepsol.com\/es\/gastronomia\/cocineros-con-tres-soles\/pedro-subijana\/\" target=\"_blank\">\r\n<h3 style=\"margin-top: 0;\">PEDRO SUBIJANA<\/h3>\r\n<div class=\"nooverflow\"><img loading=\"lazy\" decoding=\"async\" class=\"alignnone size-full wp-image-2600 imgZoom\" src=\"\/wp-content\/uploads\/2014\/12\/pedro-subijana.jpg\" alt=\"pedro-subijana\" width=\"400\" height=\"400\" srcset=\"https:\/\/petronor.eus\/wp-content\/uploads\/2014\/12\/pedro-subijana.jpg 400w, https:\/\/petronor.eus\/wp-content\/uploads\/2014\/12\/pedro-subijana-150x150.jpg 150w, https:\/\/petronor.eus\/wp-content\/uploads\/2014\/12\/pedro-subijana-300x300.jpg 300w, https:\/\/petronor.eus\/wp-content\/uploads\/2014\/12\/pedro-subijana-70x70.jpg 70w\" sizes=\"(max-width: 400px) 100vw, 400px\" \/><\/div>\r\nConocido en el mundo entero, Pedro Subijana es uno de los grandes protagonistas de la cocina vasca.\r\nAc\u00e9rcate a \u00e9l y conoce de primera mano su ciudad natal, San Sebasti\u00e1n, su trayectoria y sus consejos.\r\n\r\n<span class=\"masInformacion\">M\u00c1S INFORMACI\u00d3N<\/span><\/a>\r\n\r\n<\/div>\r\n<\/div>\r\n<div class=\"row filaCocineros\">\r\n<div class=\"col-lg-3 col-md-3 col-sm-6 col-xs-6 cocinero\">\r\n<div class=\"rayaAzul\">&nbsp;<\/div>\r\n<a href=\"http:\/\/www.guiarepsol.com\/es\/gastronomia\/cocineros-con-tres-soles\/andoni-aduriz\/\" target=\"_blank\">\r\n<h3 style=\"margin-top: 0;\">ANDONI ADURIZ<\/h3>\r\n<div class=\"nooverflow\"><img loading=\"lazy\" decoding=\"async\" class=\"alignnone size-full wp-image-2602 imgZoom\" src=\"\/wp-content\/uploads\/2014\/12\/andoni-luis-aduriz.jpg\" alt=\"andoni-luis-aduriz\" width=\"400\" height=\"400\" srcset=\"https:\/\/petronor.eus\/wp-content\/uploads\/2014\/12\/andoni-luis-aduriz.jpg 400w, https:\/\/petronor.eus\/wp-content\/uploads\/2014\/12\/andoni-luis-aduriz-150x150.jpg 150w, https:\/\/petronor.eus\/wp-content\/uploads\/2014\/12\/andoni-luis-aduriz-300x300.jpg 300w, https:\/\/petronor.eus\/wp-content\/uploads\/2014\/12\/andoni-luis-aduriz-70x70.jpg 70w\" sizes=\"(max-width: 400px) 100vw, 400px\" \/><\/div>\r\nAndoni Aduriz, gran restaurador vasco, que destaca por su cocina t\u00e9cnica y creativa.\r\nDescubre sus nuevas creaciones culinarias, fruto de su pasi\u00f3n por la bot\u00e1nica y las artes pl\u00e1sticas.\r\n\r\n<span class=\"masInformacion\">M\u00c1S INFORMACI\u00d3N<\/span><\/a>\r\n\r\n<\/div>\r\n<div class=\"col-lg-3 col-md-3 col-sm-6 col-xs-6 cocinero\">\r\n<div class=\"rayaAzul\">&nbsp;<\/div>\r\n<a href=\"http:\/\/www.guiarepsol.com\/es\/gastronomia\/cocineros-con-tres-soles\/hilario-arbelaitz\/\" target=\"_blank\">\r\n<h3 style=\"margin-top: 0;\">HILARIO ARBELAITZ<\/h3>\r\n<div class=\"nooverflow\"><img loading=\"lazy\" decoding=\"async\" class=\"alignnone size-full wp-image-2603 imgZoom\" src=\"\/wp-content\/uploads\/2014\/12\/hilario-arbelaitz.jpg\" alt=\"hilario-arbelaitz\" width=\"400\" height=\"400\" srcset=\"https:\/\/petronor.eus\/wp-content\/uploads\/2014\/12\/hilario-arbelaitz.jpg 400w, https:\/\/petronor.eus\/wp-content\/uploads\/2014\/12\/hilario-arbelaitz-150x150.jpg 150w, https:\/\/petronor.eus\/wp-content\/uploads\/2014\/12\/hilario-arbelaitz-300x300.jpg 300w, https:\/\/petronor.eus\/wp-content\/uploads\/2014\/12\/hilario-arbelaitz-70x70.jpg 70w\" sizes=\"(max-width: 400px) 100vw, 400px\" \/><\/div>\r\nArbelaitz, es considerado un referente en la evoluci\u00f3n de la gastronom\u00eda.\r\nConoce con \u00e9l su cocina, moderna, pero basada en platos cargados de tradici\u00f3n y materia prima vasca.\r\n\r\n<span class=\"masInformacion\">M\u00c1S INFORMACI\u00d3N<\/span><\/a>\r\n\r\n<\/div>\r\n<div class=\"col-lg-3 col-md-3 col-sm-6 col-xs-6 cocinero\">\r\n<div class=\"rayaAzul\">&nbsp;<\/div>\r\n<a href=\"http:\/\/www.guiarepsol.com\/es\/gastronomia\/cocineros-con-tres-soles\/josean-alija\/\" target=\"_blank\">\r\n<h3 style=\"margin-top: 0;\">JOSEAN ALIJA<\/h3>\r\n<div class=\"nooverflow\"><img loading=\"lazy\" decoding=\"async\" class=\"alignnone size-full wp-image-2605 imgZoom\" src=\"\/wp-content\/uploads\/2014\/12\/josean-alija.jpg\" alt=\"josean-alija\" width=\"400\" height=\"400\" srcset=\"https:\/\/petronor.eus\/wp-content\/uploads\/2014\/12\/josean-alija.jpg 400w, https:\/\/petronor.eus\/wp-content\/uploads\/2014\/12\/josean-alija-150x150.jpg 150w, https:\/\/petronor.eus\/wp-content\/uploads\/2014\/12\/josean-alija-300x300.jpg 300w, https:\/\/petronor.eus\/wp-content\/uploads\/2014\/12\/josean-alija-70x70.jpg 70w\" sizes=\"(max-width: 400px) 100vw, 400px\" \/><\/div>\r\nCon 17 a\u00f1os Josean Alija empez\u00f3 a meterse en las cocinas y tras pasar por la Escuela Municipal de Hosteler\u00eda de Le\u00f3n trabaj\u00f3 para Martin Berasategui y Ferran Adri\u00e0.\r\nLa Academia Internacional de Gastronom\u00eda le otorg\u00f3 el Prix du Chef de l\u2019Avenir en 2011.\r\n\r\n<span class=\"masInformacion\">M\u00c1S INFORMACI\u00d3N<\/span><\/a>\r\n\r\n<\/div>\r\n<div class=\"col-lg-3 col-md-3 col-sm-6 col-xs-6 cocinero\">\r\n<div class=\"rayaAzul\">&nbsp;<\/div>\r\n<a href=\"http:\/\/www.guiarepsol.com\/es\/gastronomia\/cocineros-con-tres-soles\/eneko-atxa\/\" target=\"_blank\">\r\n<h3 style=\"margin-top: 0;\">ENEKO ATXA<\/h3>\r\n<div class=\"nooverflow\"><img loading=\"lazy\" decoding=\"async\" class=\"alignnone size-full wp-image-2607 imgZoom\" src=\"\/wp-content\/uploads\/2014\/12\/eneko-atxa.jpg\" alt=\"eneko-atxa\" width=\"400\" height=\"400\" srcset=\"https:\/\/petronor.eus\/wp-content\/uploads\/2014\/12\/eneko-atxa.jpg 400w, https:\/\/petronor.eus\/wp-content\/uploads\/2014\/12\/eneko-atxa-150x150.jpg 150w, https:\/\/petronor.eus\/wp-content\/uploads\/2014\/12\/eneko-atxa-300x300.jpg 300w, https:\/\/petronor.eus\/wp-content\/uploads\/2014\/12\/eneko-atxa-70x70.jpg 70w\" sizes=\"(max-width: 400px) 100vw, 400px\" \/><\/div>\r\nAtxa comenz\u00f3 su andadura atra\u00eddo por la cocina tradicional de su madre y su abuela.\r\nDespu\u00e9s de estudiar hosteler\u00eda en Leioa trabaj\u00f3 junto a maestros como Martin Berasategui y Andoni Aduriz, algo que le sirvi\u00f3 para explorar nuevos caminos que desembocaron en la creaci\u00f3n de su proyecto personal: el restaurante Azurmendi.\r\n\r\n<span class=\"masInformacion\">M\u00c1S INFORMACI\u00d3N<\/span><\/a>\r\n\r\n<\/div>\r\n<\/div>","protected":false},"excerpt":{"rendered":"&nbsp; JUAN MARI ARZAK Arzak, con cuatro generaciones de cocineros a sus espaldas, es sin duda alguna, uno de los grandes de la cocina vasca. Descubre con Juan Mari su restaurante, sus rincones favoritos y su visi\u00f3n gastron\u00f3mica. M\u00c1S INFORMACI\u00d3N &nbsp; MART\u00cdN BERASATEGUI Conoce la trayectoria de uno de los grandes representantes de la cocina","protected":false},"author":1,"featured_media":0,"parent":10,"menu_order":3,"comment_status":"open","ping_status":"closed","template":"","meta":{"footnotes":""},"class_list":["post-54","page","type-page","status-publish","hentry"],"yoast_head":"<!-- This site is optimized with the Yoast SEO plugin v24.7 - https:\/\/yoast.com\/wordpress\/plugins\/seo\/ -->\n<title>Gastronomia \u2013 Petronor<\/title>\n<meta name=\"description\" content=\"Nuestros m\u00e1s consagrados cocineros vascos con soles Repsol te invitan a conocer lo mejor de la gastronom\u00eda vasca.\" \/>\n<meta name=\"robots\" content=\"index, follow, max-snippet:-1, max-image-preview:large, max-video-preview:-1\" \/>\n<link rel=\"canonical\" href=\"https:\/\/petronor.eus\/es\/nuestro-entorno\/gastronomia\/\" \/>\n<meta property=\"og:locale\" content=\"es_ES\" \/>\n<meta property=\"og:type\" content=\"article\" \/>\n<meta property=\"og:title\" content=\"Gastronomia \u2013 Petronor\" \/>\n<meta property=\"og:description\" content=\"Nuestros m\u00e1s consagrados cocineros vascos con soles Repsol te invitan a conocer lo mejor de la gastronom\u00eda vasca.\" \/>\n<meta property=\"og:url\" content=\"https:\/\/petronor.eus\/es\/nuestro-entorno\/gastronomia\/\" \/>\n<meta property=\"og:site_name\" content=\"Petronor\" \/>\n<meta property=\"article:modified_time\" content=\"2018-10-08T15:19:20+00:00\" \/>\n<meta name=\"twitter:label1\" content=\"Est. reading time\" \/>\n\t<meta name=\"twitter:data1\" content=\"2 minutes\" \/>\n<script type=\"application\/ld+json\" class=\"yoast-schema-graph\">{\"@context\":\"https:\/\/schema.org\",\"@graph\":[{\"@type\":\"WebPage\",\"@id\":\"https:\/\/petronor.eus\/es\/nuestro-entorno\/gastronomia\/\",\"url\":\"https:\/\/petronor.eus\/es\/nuestro-entorno\/gastronomia\/\",\"name\":\"Gastronomia \u2013 Petronor\",\"isPartOf\":{\"@id\":\"https:\/\/petronor.eus\/es\/#website\"},\"datePublished\":\"2014-12-15T12:24:29+00:00\",\"dateModified\":\"2018-10-08T15:19:20+00:00\",\"description\":\"Nuestros m\u00e1s consagrados cocineros vascos con soles Repsol te invitan a conocer lo mejor de la gastronom\u00eda vasca.\",\"breadcrumb\":{\"@id\":\"https:\/\/petronor.eus\/es\/nuestro-entorno\/gastronomia\/#breadcrumb\"},\"inLanguage\":\"es-ES\",\"potentialAction\":[{\"@type\":\"ReadAction\",\"target\":[\"https:\/\/petronor.eus\/es\/nuestro-entorno\/gastronomia\/\"]}]},{\"@type\":\"BreadcrumbList\",\"@id\":\"https:\/\/petronor.eus\/es\/nuestro-entorno\/gastronomia\/#breadcrumb\",\"itemListElement\":[{\"@type\":\"ListItem\",\"position\":1,\"name\":\"Home\",\"item\":\"https:\/\/petronor.eus\/es\/\"},{\"@type\":\"ListItem\",\"position\":2,\"name\":\"NUESTRO ENTORNO\",\"item\":\"https:\/\/petronor.eus\/es\/nuestro-entorno\/\"},{\"@type\":\"ListItem\",\"position\":3,\"name\":\"GASTRONOM\u00cdA\"}]},{\"@type\":\"WebSite\",\"@id\":\"https:\/\/petronor.eus\/es\/#website\",\"url\":\"https:\/\/petronor.eus\/es\/\",\"name\":\"Petronor\",\"description\":\"\",\"potentialAction\":[{\"@type\":\"SearchAction\",\"target\":{\"@type\":\"EntryPoint\",\"urlTemplate\":\"https:\/\/petronor.eus\/es\/?s={search_term_string}\"},\"query-input\":{\"@type\":\"PropertyValueSpecification\",\"valueRequired\":true,\"valueName\":\"search_term_string\"}}],\"inLanguage\":\"es-ES\"}]}<\/script>\n<!-- \/ Yoast SEO plugin. -->","yoast_head_json":{"title":"Gastronomia \u2013 Petronor","description":"Nuestros m\u00e1s consagrados cocineros vascos con soles Repsol te invitan a conocer lo mejor de la gastronom\u00eda vasca.","robots":{"index":"index","follow":"follow","max-snippet":"max-snippet:-1","max-image-preview":"max-image-preview:large","max-video-preview":"max-video-preview:-1"},"canonical":"https:\/\/petronor.eus\/es\/nuestro-entorno\/gastronomia\/","og_locale":"es_ES","og_type":"article","og_title":"Gastronomia \u2013 Petronor","og_description":"Nuestros m\u00e1s consagrados cocineros vascos con soles Repsol te invitan a conocer lo mejor de la gastronom\u00eda vasca.","og_url":"https:\/\/petronor.eus\/es\/nuestro-entorno\/gastronomia\/","og_site_name":"Petronor","article_modified_time":"2018-10-08T15:19:20+00:00","twitter_misc":{"Est. reading time":"2 minutes"},"schema":{"@context":"https:\/\/schema.org","@graph":[{"@type":"WebPage","@id":"https:\/\/petronor.eus\/es\/nuestro-entorno\/gastronomia\/","url":"https:\/\/petronor.eus\/es\/nuestro-entorno\/gastronomia\/","name":"Gastronomia \u2013 Petronor","isPartOf":{"@id":"https:\/\/petronor.eus\/es\/#website"},"datePublished":"2014-12-15T12:24:29+00:00","dateModified":"2018-10-08T15:19:20+00:00","description":"Nuestros m\u00e1s consagrados cocineros vascos con soles Repsol te invitan a conocer lo mejor de la gastronom\u00eda vasca.","breadcrumb":{"@id":"https:\/\/petronor.eus\/es\/nuestro-entorno\/gastronomia\/#breadcrumb"},"inLanguage":"es-ES","potentialAction":[{"@type":"ReadAction","target":["https:\/\/petronor.eus\/es\/nuestro-entorno\/gastronomia\/"]}]},{"@type":"BreadcrumbList","@id":"https:\/\/petronor.eus\/es\/nuestro-entorno\/gastronomia\/#breadcrumb","itemListElement":[{"@type":"ListItem","position":1,"name":"Home","item":"https:\/\/petronor.eus\/es\/"},{"@type":"ListItem","position":2,"name":"NUESTRO ENTORNO","item":"https:\/\/petronor.eus\/es\/nuestro-entorno\/"},{"@type":"ListItem","position":3,"name":"GASTRONOM\u00cdA"}]},{"@type":"WebSite","@id":"https:\/\/petronor.eus\/es\/#website","url":"https:\/\/petronor.eus\/es\/","name":"Petronor","description":"","potentialAction":[{"@type":"SearchAction","target":{"@type":"EntryPoint","urlTemplate":"https:\/\/petronor.eus\/es\/?s={search_term_string}"},"query-input":{"@type":"PropertyValueSpecification","valueRequired":true,"valueName":"search_term_string"}}],"inLanguage":"es-ES"}]}},"_links":{"self":[{"href":"https:\/\/petronor.eus\/es\/wp-json\/wp\/v2\/pages\/54","targetHints":{"allow":["GET"]}}],"collection":[{"href":"https:\/\/petronor.eus\/es\/wp-json\/wp\/v2\/pages"}],"about":[{"href":"https:\/\/petronor.eus\/es\/wp-json\/wp\/v2\/types\/page"}],"author":[{"embeddable":true,"href":"https:\/\/petronor.eus\/es\/wp-json\/wp\/v2\/users\/1"}],"replies":[{"embeddable":true,"href":"https:\/\/petronor.eus\/es\/wp-json\/wp\/v2\/comments?post=54"}],"version-history":[{"count":50,"href":"https:\/\/petronor.eus\/es\/wp-json\/wp\/v2\/pages\/54\/revisions"}],"predecessor-version":[{"id":45472,"href":"https:\/\/petronor.eus\/es\/wp-json\/wp\/v2\/pages\/54\/revisions\/45472"}],"up":[{"embeddable":true,"href":"https:\/\/petronor.eus\/es\/wp-json\/wp\/v2\/pages\/10"}],"wp:attachment":[{"href":"https:\/\/petronor.eus\/es\/wp-json\/wp\/v2\/media?parent=54"}],"curies":[{"name":"wp","href":"https:\/\/api.w.org\/{rel}","templated":true}]}}