{"id":66666,"date":"2021-06-30T12:46:53","date_gmt":"2021-06-30T10:46:53","guid":{"rendered":"https:\/\/petronor.eus\/?page_id=66666"},"modified":"2022-09-13T11:20:21","modified_gmt":"2022-09-13T09:20:21","slug":"aviso-legal","status":"publish","type":"page","link":"https:\/\/petronor.eus\/es\/aviso-legal\/","title":{"rendered":"Aviso Legal"},"content":{"rendered":"<h1>AVISO LEGAL<\/h1>\r\nEste aviso legal (en adelante, el &#8220;Aviso Legal&#8221;) regula el uso del servicio del portal de Internet &#8220;petronor.eus&#8221; (en adelante, el &#8220;Portal&#8221;). Te recomendamos que leas atentamente las presentes condiciones antes de que comiences con su uso.\r\n<br\/>\r\n<br\/>\r\nA continuaci\u00f3n, te indicamos los datos de informaci\u00f3n general de este sitio web:\r\n<br\/>\r\n<br\/>\r\n<ul>\r\n    <li>Responsable: PETR\u00d3LEOS DEL NORTE S.A.<\/li>\r\n    <li>Direcci\u00f3n: San Mart\u00edn 5-Edificio Mu\u00f1atones, 48550 Muskiz (Bizkaia)<\/li>\r\n    <li>Contacto: info@petronor.com<\/li>\r\n    <li>Datos Registrales: Inscrita en el Registro Mercantil de Bizkaia, Tomo 1.085, Hoja n\u00ba BI-249-A, Folio 44<\/li>\r\n    <li>CIF: A-48053243<\/li>\r\n<\/ul>\r\n\r\n<h2>1. USUARIOS<\/h2>\r\nEl acceso a y\/o uso del Portal atribuye a quien lo realiza la condici\u00f3n de usuario, aceptando, desde ese mismo momento, plenamente y sin reservas alguna, el contenido incluido en este Aviso Legal (\u201cCondiciones Generales\u201d) as\u00ed como las Condiciones Particulares que, en su caso, complementen, modifiquen o sustituyan las Condiciones Generales en relaci\u00f3n con determinados servicios y contenidos del Portal. Por lo tanto, con anterioridad a la utilizaci\u00f3n de los servicios ofrecidos por el Portal, deber\u00e1s como usuario leer atentamente las correspondientes Condiciones Particulares.\r\n\r\n<h2>2. USO DEL PORTAL, SUS SERVICIOS Y CONTENIDOS<\/h2>\r\nEl uso del Portal tiene car\u00e1cter gratuito para los usuarios sin perjuicio de que determinados servicios exijan que tratemos tu informaci\u00f3n para poder acceder a ellos, de lo que te informaremos en cada caso. Como usuario te comprometes a:\r\n\r\n(i) Facilitar, en caso de que para determinados servicios accesibles a trav\u00e9s de nuestro Portal sea necesario que cumplimentes un formulario de acceso, informaci\u00f3n veraz y mantenerla actualizada en todo momento. No debes de olvidar que ser\u00e1s el \u00fanico responsable de las manifestaciones falsas o inexactas que realices y de los perjuicios que, como consecuencia de la informaci\u00f3n facilitada, puedas causar a Petr\u00f3leos del Norte, S.A. o a terceros.\r\n\r\n(ii) Utilizar el Portal y los servicios sin contravenir lo dispuesto en las presentes Condiciones Generales y aquellas otras Condiciones Particulares que lo regulen adem\u00e1s de la legislaci\u00f3n vigente, la buena fe, los usos generalmente aceptados y el orden p\u00fablico.\r\n\r\n(iii) No utilizar el Portal o sus Servicios con fines il\u00edcitos o que puedan ocasionar un da\u00f1o a Petr\u00f3leos del Norte, S.A. o cualquier tercero, o que, de cualquier forma, puedan causar perjuicio o impedir su normal funcionamiento.\r\n<br\/>\r\n<br\/>\r\nTe informamos que est\u00e1n prohibidos una serie de actos en relaci\u00f3n con los contenidos del Portal, tales como informaciones, textos, gr\u00e1ficos, archivos de sonido y\/o imagen, fotograf\u00edas, dise\u00f1os, o cualquier otro (\u201cContenidos\u201d) que a continuaci\u00f3n te indicamos:\r\n<br\/>\r\n<br\/>\r\n<ul>\r\n    <li>Su reproducci\u00f3n, copia, distribuci\u00f3n, difusi\u00f3n, comunicaci\u00f3n p\u00fablica, transformaci\u00f3n o modificaci\u00f3n, a menos que se cuente con la autorizaci\u00f3n de sus leg\u00edtimos titulares o resulte legalmente permitido.<\/li>\r\n    <li>Cualquier vulneraci\u00f3n de los derechos de Petr\u00f3leos del Norte, S.A. o de sus leg\u00edtimos titulares sobre los mismos.<\/li>\r\n    <li>Su utilizaci\u00f3n para todo tipo de fines comerciales o publicitarios, distintos de los estrictamente permitidos.<\/li>\r\n    <li>Cualquier intento de obtener los Contenidos por cualquier medio distinto de los que ponemos a tu disposici\u00f3n o de los usos habituales en Internet y en ese caso siempre que ello no ocasione ning\u00fan perjuicio a Petr\u00f3leos del Norte, S.A.<\/li>\r\n<\/ul>\r\n\r\n<h2>3. MODIFICACI\u00d3N UNILATERAL<\/h2>\r\nTe advertimos que, en el deseo de mejorar tu experiencia de usuario, es posible que modifiquemos, sin previo aviso, la estructura y dise\u00f1o del Portal, algunos servicios y contenidos.\r\n<br\/>\r\n<br\/>\r\nAsimismo, te comunicamos que Petr\u00f3leos del Norte, S.A., en cualquier momento, podr\u00e1 modificar estas Condiciones Generales, o en su caso las Condiciones Particulares de un Servicio, de lo que te informaremos a trav\u00e9s del correspondiente aviso. Por ello, recuerda consultar, peri\u00f3dicamente, unas y otras.\r\n<br\/>\r\n<br\/>\r\nLas modificaciones, en cualquier caso, no aplicar\u00e1n con car\u00e1cter retroactivo.\r\n\r\n<h2>4. USO DE ENLACES<\/h2>\r\nLas personas o entidades que pretendan realizar o realicen un hiperenlace desde una p\u00e1gina web de otro portal de internet a cualquiera de las p\u00e1ginas del portal de Petronor deber\u00e1n someterse a las siguientes condiciones:\r\n<br\/>\r\n<br\/>\r\n<ul>\r\n    <li>No se permite la reproducci\u00f3n ni total ni parcial de ninguno de los servicios ni contenidos del Portal Petronor.<\/li>\r\n    <li>No se establecer\u00e1n deep-links, ni enlaces IMG o de imagen, ni frames con las p\u00e1ginas del Portal de Petronor sin la previa autorizaci\u00f3n expresa de Petronor.<\/li>\r\n    <li>No se incluir\u00e1 ninguna manifestaci\u00f3n falsa, inexacta o incorrecta sobre las p\u00e1ginas del Portal de Petronor, sus empleados, ni sobre los servicios o contenidos del Portal.<\/li>\r\n    <li>Salvo aquellos signos que formen parte del &#8220;hiperenlace&#8221;, la p\u00e1gina web en el que se establezca no contendr\u00e1 ninguna marca, nombre comercial, r\u00f3tulo de establecimiento, denominaci\u00f3n, logotipo, eslogan u otros signos distintivos pertenecientes a Petronor, salvo autorizaci\u00f3n expresa de \u00e9ste.<\/li>\r\n    <li>El establecimiento del &#8220;hiperenlace&#8221; no implicar\u00e1 la existencia de relaciones entre Petronor y el titular de la p\u00e1gina web o del portal desde el cual se realice, ni el conocimiento y aceptaci\u00f3n de Petronor de los servicios y contenidos ofrecidos en dicho portal.<\/li>\r\n    <li>Petronor no ser\u00e1 responsable de los contenidos o servicios puestos a disposici\u00f3n del p\u00fablico en la p\u00e1gina web o portal desde el cual se realice el &#8220;hiperenlace&#8221; ni de las informaciones y manifestaciones incluidas en las mismas.<\/li>\r\n    <li>Cualquier &#8220;hiperenlace&#8221; al Portal de Petronor se efectuar\u00e1 a su p\u00e1gina principal o p\u00e1ginas principales de las secciones que contiene.<\/li>\r\n<\/ul>\r\n<br\/>\r\n<br\/>\r\nEl Portal de Petronor puede poner a disposici\u00f3n de los usuarios conexiones y enlaces a otros sitios web gestionados y controlados por terceros. Dichos enlaces tienen como exclusiva funci\u00f3n la de facilitar a los usuarios la b\u00fasqueda de informaci\u00f3n, contenidos y servicios en Internet, sin que en ning\u00fan caso pueda considerarse una sugerencia, recomendaci\u00f3n o invitaci\u00f3n para la visita de los mismos. Petronor no comercializa, ni dirige, ni controla previamente, ni hace propios los contenidos, servicios, informaciones y manifestaciones disponibles en dichos sitios web.\r\n<br\/>\r\n<br\/>\r\nPetronor no asume ning\u00fan tipo de responsabilidad, ni siquiera de forma indirecta o subsidiaria, por los da\u00f1os y perjuicios de toda clase que pudieran derivarse del acceso, mantenimiento, uso, calidad, licitud, fiabilidad y utilidad de los contenidos, informaciones, comunicaciones, opiniones, manifestaciones, productos y servicios existentes u ofrecidos en los sitios web no gestionados por Petronor y que resulten accesibles a trav\u00e9s del Portal de Petronor.\r\n\r\n<h2>5. POL\u00cdTICA DE PRIVACIDAD Y POL\u00cdTICA DE COOKIES DE PETROLEOS DEL NORTE, S.A.<\/h2>\r\nPuedes consultar la pol\u00edtica de privacidad y cookies de Petroleos del Norte, S.A. aplicable al uso que hagas del Portal y\/o los servicios aqu\u00ed:\r\n<br\/>\r\n<br\/>\r\n<ul>\r\n    <li><a href=\"https:\/\/www.repsol.com\/privacidad\" target=\"_blank\">Pol\u00edtica de Privacidad<\/a><\/li>\r\n    <li><a href=\"https:\/\/petronor.eus\/es\/politica-de-cookies\/\" target=\"_blank\">Pol\u00edtica de Cookies<\/a><\/li>\r\n<\/ul>\r\n\r\n<h2>6. RESPONSABILIDAD DEL USUARIO POR DA\u00d1OS Y PERJUICIOS<\/h2>\r\nEl uso que realices del Portal se realizar\u00e1 bajo tu \u00fanica y exclusiva responsabilidad como Usuario, quedando exonerada, expresamente, Petr\u00f3leos del Norte, S.A. de los da\u00f1os y\/o perjuicios que se causaren al usuario o a terceros por un uso contrario a lo establecido en el presente Aviso Legal y las Condiciones Particulares que en cada caso fuesen de aplicaci\u00f3n. Esta responsabilidad se extender\u00e1 al uso que t\u00fa o cualquier tercero realic\u00e9is de las credenciales de acceso o similares que, en su caso, sean asignadas para el acceso al Portal, o a cualesquiera de sus servicios.\r\n<br\/>\r\n<br\/>\r\nSin perjuicio de lo anterior, Petr\u00f3leos del Norte, S.A., se reserva el derecho a denegar en cualquier momento y sin necesidad de aviso previo, el acceso al Portal, a aquellos usuarios que incumplan estas Condiciones Generales, o las Condiciones Particulares que en cada caso les sean de aplicaci\u00f3n.\r\n\r\n<h2>7. EXCLUSI\u00d3N DE GARANT\u00cdAS Y RESPONSABILIDAD<\/h2>\r\nPetr\u00f3leos del Norte, S.A., te proporciona el acceso al Portal, sus Contenidos y\/o Servicios con un nivel de competencia y diligencia razonable, y esperamos que puedas disfrutar con su uso. No obstante, no podemos ofrecerte garant\u00edas ni hacernos responsables, en ning\u00fan caso, de los da\u00f1os y perjuicios de cualquier naturaleza que pudieran derivarse de:\r\n<br\/>\r\n<br\/>\r\n<ul>\r\n    <li>La falta disponibilidad, mantenimiento y efectivo funcionamiento del Portal y\/o de sus servicios o contenidos.<\/li>\r\n    <li>La falta de utilidad, adecuaci\u00f3n o validez del Portal y\/o de sus servicios o contenidos para satisfacer necesidades, actividades o resultados concretos o expectativas de los usuarios.<\/li>\r\n    <li>La existencia de virus, programas maliciosos o lesivos en los Contenidos y\/o servicios prestados a trav\u00e9s del Portal que puedan producir alteraciones en tu sistema inform\u00e1tico (software y hardware) o en los documentos electr\u00f3nicos y\/o ficheros que como usuario puedas almacenar.<\/li>\r\n    <li>La recepci\u00f3n, obtenci\u00f3n, almacenamiento, difusi\u00f3n o transmisi\u00f3n, por parte de los usuarios, de los Contenidos y la infracci\u00f3n de los derechos de propiedad intelectual, dise\u00f1os y\/o marcas, honor, intimidad personal y familiar, protecci\u00f3n de datos, imagen o cualquier derecho de terceros a consecuencia de ello.<\/li>\r\n    <li>El uso il\u00edcito, negligente, fraudulento, contrario a las presentes Condiciones Generales, a la buena fe, a los usos generalmente aceptados o al orden p\u00fablico, del Portal, sus Servicios o Contenidos, por parte de los usuarios.<\/li>\r\n    <li>La falta de licitud, calidad, fiabilidad, utilidad, actualizaci\u00f3n y disponibilidad de los servicios prestados por terceros y puestos a disposici\u00f3n de los usuarios en el Portal.<\/li>\r\n    <li>El incumplimiento por parte de terceros de sus obligaciones o compromisos en relaci\u00f3n con los servicios prestados a los usuarios a trav\u00e9s del Portal.<\/li>\r\n    <li>Las opiniones vertidas por los usuarios en los foros, chat y mensajes de opini\u00f3n que pudieran habilitarse en las distintas zonas del Portal.<\/li>\r\n    <li>El conocimiento que puedan tener terceros no autorizados de la clase, condiciones, caracter\u00edsticas y circunstancias del uso que los usuarios hacen del portal y de los Servicios y\/o Contenidos.<\/li>\r\n    <li>Las posibles discrepancias que, con car\u00e1cter transitorio, puedan surgir entre la versi\u00f3n de los Contenidos que imprimas y la versi\u00f3n electr\u00f3nica de los mismos publicados en nuestro Portal.<\/li>\r\n<\/ul>\r\n\r\n\r\n<h2>8. DURACI\u00d3N<\/h2>\r\nEl Portal ser\u00e1 accesible con car\u00e1cter indefinido, si bien podremos interrumpir, suspender o terminar su prestaci\u00f3n por diferentes razones de las que te avisaremos, y entre ellas por un uso inadecuado por tu parte o contrario en su caso a este <b>Aviso Legal<\/b>.\r\n\r\n<h2>9. PROPIEDAD INDUSTRIAL E INTELECTUAL<\/h2>\r\nTodas las marcas, nombres comerciales o signos distintivos de cualquier clase que aparecen en el Portal son propiedad de Petr\u00f3leos del Norte, S.A, sin que pueda entenderse que el uso o acceso al Portal y\/o a los Servicios atribuya al Usuario derecho alguno sobre ellas.\r\n<br\/>\r\n<br\/>\r\nTodos los Contenidos, incluido el propio Portal, son propiedad intelectual de Petr\u00f3leos del Norte, S.A., sin que puedan entenderse cedidos al Usuario, en virtud de lo establecido en este Aviso Legal, ninguno de los derechos de explotaci\u00f3n que existen o puedan existir sobre los Contenidos m\u00e1s all\u00e1 de lo estrictamente necesario para el correcto uso del Portal y de los Servicios.\r\n<br\/>\r\n<br\/>\r\nEn caso de que consideres que se ha producido una violaci\u00f3n de tus leg\u00edtimos derechos por la introducci\u00f3n de un determinado contenido en el Portal, deber\u00e1s notificar dicha circunstancia a Petr\u00f3leos del Norte, S.A. indicando: \r\n<br\/>\r\n<br\/>\r\n<ul>\r\n    <li>Tus Datos personales. Si la reclamaci\u00f3n la presenta un tercero distinto del interesado, deber\u00e1 indicar la representaci\u00f3n con la que act\u00faa.<\/li>\r\n    <li>Indicaci\u00f3n de los Contenidos protegidos por los derechos de propiedad industrial o intelectual y su ubicaci\u00f3n en el Portal (indicando el enlace URL).<\/li>\r\n    <li>Acreditaci\u00f3n de los citados derechos de propiedad industrial o intelectual.<\/li>\r\n    <li>Declaraci\u00f3n expresa en la que el interesado se responsabiliza de la veracidad de las informaciones facilitadas en la notificaci\u00f3n.<\/li>\r\n<\/ul>\r\n<br\/>\r\n<br\/>\r\nLos derechos de propiedad Intelectual del Portal petronor.eus as\u00ed como de cualquiera de los elementos susceptibles de consideraci\u00f3n de obra bajo la normativa de Propiedad Intelectual pertenecen \u00fanica y exclusivamente a Petr\u00f3leos del Norte, S.A., siendo el titular de todos los derechos de propiedad intelectual.\r\n<br\/>\r\n<br\/>\r\nEn calidad de titular \u00fanico de los derechos de propiedad intelectual del Portal, corresponde a Petronor el ejercicio exclusivo de los derechos derivados de la titularidad de la website <b>petronor.eus<\/b>, y en consecuencia, otorgar cualquier autorizaci\u00f3n para el ejercicio de toda actividad derivada de los derechos de explotaci\u00f3n, y en particular, el derecho de reproducci\u00f3n, el derecho de comunicaci\u00f3n p\u00fablica, el derecho de distribuci\u00f3n, el derecho de puesta a disposici\u00f3n del p\u00fablico o el derecho de transformaci\u00f3n, en cualquiera que sea el formato utilizado.\r\n<br\/>\r\n<br\/>\r\nLa legitimidad de los derechos de propiedad intelectual o industrial correspondientes a los contenidos aportados por terceros es de la exclusiva responsabilidad de los mismos.\r\n\r\n<h2>10. ACCESIBILIDAD<\/h2>\r\nPetr\u00f3leos del Norte, S.A. desea que todas las personas, independientemente de su discapacidad, condici\u00f3n o equipamiento tecnol\u00f3gico puedan acceder al portal. Para ello, ha tomado diversas medidas:\r\n<br\/>\r\n<br\/>\r\n<ul>\r\n    <li>Programaci\u00f3n del sitio siguiendo la recomendaci\u00f3n sobre las Hojas de Estilo en Cascada, Nivel 2, del W3C.<\/li>\r\n    <li>Orden l\u00f3gico de presentaci\u00f3n de los elementos en pantalla.<\/li>\r\n    <li>Texto alternativo en las im\u00e1genes.<\/li>\r\n<\/ul>\r\n\r\n<h2>11. LEGISLACI\u00d3N APLICABLE Y JURISDICCI\u00d3N<\/h2>\r\nLas leyes de Espa\u00f1a se aplicar\u00e1n a cualquier litigio o conflicto que se derive de estas condiciones o del uso del Portal, sus Contenidos o sus Servicios, o que est\u00e9 relacionado con los mismos, sin que tengan efecto las disposiciones sobre conflictos de leyes que pudieran ser de aplicaci\u00f3n.\r\n<br\/>\r\n<br\/>\r\nTanto Petr\u00f3leos del Norte, S.A. como t\u00fa acept\u00e1is someteros a la jurisdicci\u00f3n exclusiva de los tribunales de tu domicilio, siempre que se encuentre en Espa\u00f1a, para solucionar las reclamaciones derivadas de estas Condiciones Generales, cualquiera de las Condiciones Particulares de los Servicios o relacionadas con los mismos. ","protected":false},"excerpt":{"rendered":"AVISO LEGAL Este aviso legal (en adelante, el &#8220;Aviso Legal&#8221;) regula el uso del servicio del portal de Internet &#8220;petronor.eus&#8221; (en adelante, el &#8220;Portal&#8221;). Te recomendamos que leas atentamente las presentes condiciones antes de que comiences con su uso. A continuaci\u00f3n, te indicamos los datos de informaci\u00f3n general de este sitio web: Responsable: PETR\u00d3LEOS DEL","protected":false},"author":1,"featured_media":0,"parent":0,"menu_order":0,"comment_status":"closed","ping_status":"closed","template":"","meta":{"footnotes":""},"class_list":["post-66666","page","type-page","status-publish","hentry"],"yoast_head":"<!-- This site is optimized with the Yoast SEO plugin v24.7 - https:\/\/yoast.com\/wordpress\/plugins\/seo\/ -->\n<title>Aviso Legal - Petronor<\/title>\n<meta name=\"description\" content=\"\u00bfQU\u00c9 SON LAS COOKIES? En Petronor utilizamos cookies propias y de terceros. Para m\u00e1s informaci\u00f3n aqu\u00ed\" \/>\n<meta name=\"robots\" content=\"index, follow, max-snippet:-1, max-image-preview:large, max-video-preview:-1\" \/>\n<link rel=\"canonical\" href=\"https:\/\/petronor.eus\/es\/aviso-legal\/\" \/>\n<meta property=\"og:locale\" content=\"es_ES\" \/>\n<meta property=\"og:type\" content=\"article\" \/>\n<meta property=\"og:title\" content=\"Aviso Legal - Petronor\" \/>\n<meta property=\"og:description\" content=\"\u00bfQU\u00c9 SON LAS COOKIES? En Petronor utilizamos cookies propias y de terceros. Para m\u00e1s informaci\u00f3n aqu\u00ed\" \/>\n<meta property=\"og:url\" content=\"https:\/\/petronor.eus\/es\/aviso-legal\/\" \/>\n<meta property=\"og:site_name\" content=\"Petronor\" \/>\n<meta property=\"article:modified_time\" content=\"2022-09-13T09:20:21+00:00\" \/>\n<meta name=\"twitter:label1\" content=\"Est. reading time\" \/>\n\t<meta name=\"twitter:data1\" content=\"12 minutes\" \/>\n<script type=\"application\/ld+json\" class=\"yoast-schema-graph\">{\"@context\":\"https:\/\/schema.org\",\"@graph\":[{\"@type\":\"WebPage\",\"@id\":\"https:\/\/petronor.eus\/es\/aviso-legal\/\",\"url\":\"https:\/\/petronor.eus\/es\/aviso-legal\/\",\"name\":\"Aviso Legal - Petronor\",\"isPartOf\":{\"@id\":\"https:\/\/petronor.eus\/es\/#website\"},\"datePublished\":\"2021-06-30T10:46:53+00:00\",\"dateModified\":\"2022-09-13T09:20:21+00:00\",\"description\":\"\u00bfQU\u00c9 SON LAS COOKIES? En Petronor utilizamos cookies propias y de terceros. Para m\u00e1s informaci\u00f3n aqu\u00ed\",\"breadcrumb\":{\"@id\":\"https:\/\/petronor.eus\/es\/aviso-legal\/#breadcrumb\"},\"inLanguage\":\"es-ES\",\"potentialAction\":[{\"@type\":\"ReadAction\",\"target\":[\"https:\/\/petronor.eus\/es\/aviso-legal\/\"]}]},{\"@type\":\"BreadcrumbList\",\"@id\":\"https:\/\/petronor.eus\/es\/aviso-legal\/#breadcrumb\",\"itemListElement\":[{\"@type\":\"ListItem\",\"position\":1,\"name\":\"Home\",\"item\":\"https:\/\/petronor.eus\/es\/\"},{\"@type\":\"ListItem\",\"position\":2,\"name\":\"Aviso Legal\"}]},{\"@type\":\"WebSite\",\"@id\":\"https:\/\/petronor.eus\/es\/#website\",\"url\":\"https:\/\/petronor.eus\/es\/\",\"name\":\"Petronor\",\"description\":\"\",\"potentialAction\":[{\"@type\":\"SearchAction\",\"target\":{\"@type\":\"EntryPoint\",\"urlTemplate\":\"https:\/\/petronor.eus\/es\/?s={search_term_string}\"},\"query-input\":{\"@type\":\"PropertyValueSpecification\",\"valueRequired\":true,\"valueName\":\"search_term_string\"}}],\"inLanguage\":\"es-ES\"}]}<\/script>\n<!-- \/ Yoast SEO plugin. -->","yoast_head_json":{"title":"Aviso Legal - Petronor","description":"\u00bfQU\u00c9 SON LAS COOKIES? En Petronor utilizamos cookies propias y de terceros. Para m\u00e1s informaci\u00f3n aqu\u00ed","robots":{"index":"index","follow":"follow","max-snippet":"max-snippet:-1","max-image-preview":"max-image-preview:large","max-video-preview":"max-video-preview:-1"},"canonical":"https:\/\/petronor.eus\/es\/aviso-legal\/","og_locale":"es_ES","og_type":"article","og_title":"Aviso Legal - Petronor","og_description":"\u00bfQU\u00c9 SON LAS COOKIES? En Petronor utilizamos cookies propias y de terceros. Para m\u00e1s informaci\u00f3n aqu\u00ed","og_url":"https:\/\/petronor.eus\/es\/aviso-legal\/","og_site_name":"Petronor","article_modified_time":"2022-09-13T09:20:21+00:00","twitter_misc":{"Est. reading time":"12 minutes"},"schema":{"@context":"https:\/\/schema.org","@graph":[{"@type":"WebPage","@id":"https:\/\/petronor.eus\/es\/aviso-legal\/","url":"https:\/\/petronor.eus\/es\/aviso-legal\/","name":"Aviso Legal - Petronor","isPartOf":{"@id":"https:\/\/petronor.eus\/es\/#website"},"datePublished":"2021-06-30T10:46:53+00:00","dateModified":"2022-09-13T09:20:21+00:00","description":"\u00bfQU\u00c9 SON LAS COOKIES? En Petronor utilizamos cookies propias y de terceros. Para m\u00e1s informaci\u00f3n aqu\u00ed","breadcrumb":{"@id":"https:\/\/petronor.eus\/es\/aviso-legal\/#breadcrumb"},"inLanguage":"es-ES","potentialAction":[{"@type":"ReadAction","target":["https:\/\/petronor.eus\/es\/aviso-legal\/"]}]},{"@type":"BreadcrumbList","@id":"https:\/\/petronor.eus\/es\/aviso-legal\/#breadcrumb","itemListElement":[{"@type":"ListItem","position":1,"name":"Home","item":"https:\/\/petronor.eus\/es\/"},{"@type":"ListItem","position":2,"name":"Aviso Legal"}]},{"@type":"WebSite","@id":"https:\/\/petronor.eus\/es\/#website","url":"https:\/\/petronor.eus\/es\/","name":"Petronor","description":"","potentialAction":[{"@type":"SearchAction","target":{"@type":"EntryPoint","urlTemplate":"https:\/\/petronor.eus\/es\/?s={search_term_string}"},"query-input":{"@type":"PropertyValueSpecification","valueRequired":true,"valueName":"search_term_string"}}],"inLanguage":"es-ES"}]}},"_links":{"self":[{"href":"https:\/\/petronor.eus\/es\/wp-json\/wp\/v2\/pages\/66666","targetHints":{"allow":["GET"]}}],"collection":[{"href":"https:\/\/petronor.eus\/es\/wp-json\/wp\/v2\/pages"}],"about":[{"href":"https:\/\/petronor.eus\/es\/wp-json\/wp\/v2\/types\/page"}],"author":[{"embeddable":true,"href":"https:\/\/petronor.eus\/es\/wp-json\/wp\/v2\/users\/1"}],"replies":[{"embeddable":true,"href":"https:\/\/petronor.eus\/es\/wp-json\/wp\/v2\/comments?post=66666"}],"version-history":[{"count":5,"href":"https:\/\/petronor.eus\/es\/wp-json\/wp\/v2\/pages\/66666\/revisions"}],"predecessor-version":[{"id":70726,"href":"https:\/\/petronor.eus\/es\/wp-json\/wp\/v2\/pages\/66666\/revisions\/70726"}],"wp:attachment":[{"href":"https:\/\/petronor.eus\/es\/wp-json\/wp\/v2\/media?parent=66666"}],"curies":[{"name":"wp","href":"https:\/\/api.w.org\/{rel}","templated":true}]}}