{"id":66670,"date":"2021-06-30T13:30:56","date_gmt":"2021-06-30T11:30:56","guid":{"rendered":"https:\/\/petronor.eus\/?page_id=66670"},"modified":"2022-11-28T12:31:34","modified_gmt":"2022-11-28T11:31:34","slug":"politica-de-privacidad","status":"publish","type":"page","link":"https:\/\/petronor.eus\/es\/politica-de-privacidad\/","title":{"rendered":"Pol\u00edtica de Privacidad"},"content":{"rendered":"    <h1>Protecci\u00f3n de datos personales<\/h1>\r\n    <p>PETROLEOS DEL NORTE, S.A. (PETRONOR), bajo la figura de Responsable del Tratamiento, con domicilio social sito en\r\n        San Mart\u00edn 5-Edificio Mu\u00f1atones, 48550 Muskiz, (Bizkaia) recaba, a trav\u00e9s de diversos formularios publicados en\r\n        el presente Sitio web, datos personales facilitados, de forma voluntaria, por los usuarios que deseen acceder o\r\n        participar a\/en alguno de los servicios o promociones ofrecidos por PETRONOR. <\/p>\r\n    <br \/>\r\n    <h2>Finalidad del tratamiento y base legitimadora<\/h2>\r\n    <table>\r\n        <thead>\r\n            <tr>\r\n                <th>Finalidad<\/th>\r\n                <th>Legitimaci\u00f3n<\/th>\r\n                <th>Datos objeto del tratamiento<\/th>\r\n            <\/tr>\r\n        <\/thead>\r\n        <tbody>\r\n            <tr>\r\n                <td style=\"padding: 10px; border: 1px solid black;\">Gestionar la convocatoria de becas y ayudas a estudiantes, incluido el periodo de disfrute. <\/td>\r\n                <td style=\"padding: 10px; border: 1px solid black;\">Ejecuci\u00f3n y mantenimiento de la relaci\u00f3n contractual <\/td>\r\n                <td style=\"padding: 10px; border: 1px solid black;\">Firma, Imagen, voz, DNI\/NIF, mutualidad o n\u00famero seguridad social; nombre y apellidos, tel\u00e9fono,\r\n                    datos de salud.<\/td>\r\n            <\/tr>\r\n            <tr>\r\n                <td style=\"padding: 10px; border: 1px solid black;\">Remisi\u00f3n de comunicaciones relativas a futuras convocatorias de becas y ayudas a estudiantes que\r\n                    puedan lanzarse.<\/td>\r\n                <td style=\"padding: 10px; border: 1px solid black;\">Ejecuci\u00f3n y mantenimiento de la relaci\u00f3n contractual<\/td>\r\n                <td style=\"padding: 10px; border: 1px solid black;\">Firma, Huella, Imagen, voz, DNI\/NIF, mutualidad o n\u00famero seguridad social; nombre y apellidos,\r\n                    tel\u00e9fono, datos de salud.<\/td>\r\n            <\/tr>\r\n            <tr>\r\n                <td style=\"padding: 10px; border: 1px solid black;\">Gesti\u00f3n de las consultas y sugerencias transmitidas por los usuarios. <\/td>\r\n                <td style=\"padding: 10px; border: 1px solid black;\">Consentimiento<\/td>\r\n                <td style=\"padding: 10px; border: 1px solid black;\">Nombre de usuario, nombre y apellidos, tel\u00e9fono y direcci\u00f3n electr\u00f3nica o postal<\/td>\r\n            <\/tr>\r\n            <tr>\r\n                <td style=\"padding: 10px; border: 1px solid black;\">Gesti\u00f3n de la participaci\u00f3n de los usuarios en los blogs existentes en el sitio web.<\/td>\r\n                <td style=\"padding: 10px; border: 1px solid black;\">Consentimiento del interesado<\/td>\r\n                <td style=\"padding: 10px; border: 1px solid black;\">Nombre de usuario, nombre y apellidos, tel\u00e9fono y direcci\u00f3n electr\u00f3nica o postal<\/td>\r\n            <\/tr>\r\n            <tr>\r\n                <td style=\"padding: 10px; border: 1px solid black;\">Gesti\u00f3n del proceso de selecci\u00f3n incluyendo el an\u00e1lisis del curr\u00edculum recibido, realizar y\r\n                    gestionar las pruebas de selecci\u00f3n, elaborar perfiles al objeto de adecuarlos a las caracter\u00edsticas\r\n                    de los puestos demandados, proporcionando acceso a la plataforma para la continuaci\u00f3n del proceso y,\r\n                    en general, para realizar cuantas acciones sean necesarias para gestionar tu solicitud de empleo\r\n                <\/td>\r\n                <td style=\"padding: 10px; border: 1px solid black;\">Ejecuci\u00f3n de solicitud de medidas precontractuales o bajo la expectativa de una futura relaci\u00f3n\r\n                    laboral<\/td>\r\n                <td style=\"padding: 10px; border: 1px solid black;\">Nombre y apellidos firma, imagen, voz, DNI\/NIF, nacionalidad, tel\u00e9fono, datos de salud y datos\r\n                    profesionales, datos salariales <\/td>\r\n            <\/tr>\r\n            <tr>\r\n                <td style=\"padding: 10px; border: 1px solid black;\">Revisi\u00f3n y control de la documentaci\u00f3n de los conductores que cargan y descargan. Gesti\u00f3n de\r\n                    cargaderos. Carga y descarga de productos. Cumplimiento de una obligaci\u00f3n legal. Control de acceso.\r\n                <\/td>\r\n                <td style=\"padding: 10px; border: 1px solid black;\">Cumplimiento de una obligaci\u00f3n legal <\/td>\r\n                <td style=\"padding: 10px; border: 1px solid black;\">Firma\/Huella, formaci\u00f3n y titulaciones, imagen, voz, licencias, permisos o autorizaciones,\r\n                    matr\u00edcula, NIF\/DNI, nombre y apellidos datos profesionales, como la profesi\u00f3n, cargo o empresa de\r\n                    procedencia. <\/td>\r\n            <\/tr>\r\n            <tr>\r\n                <td style=\"padding: 10px; border: 1px solid black;\">Gesti\u00f3n de la entrega de extintores para empresas contratistas en realizaci\u00f3n de trabajos, as\u00ed como\r\n                    asegurar que se encuentran en las ubicaciones definidas en plano de planta,<\/td>\r\n                <td style=\"padding: 10px; border: 1px solid black;\">Cumplimiento de una obligaci\u00f3n legal<\/td>\r\n                <td style=\"padding: 10px; border: 1px solid black;\">Nombre y apellidos, as\u00ed como datos profesionales, como la profesi\u00f3n, cargo o empresa de procedencia.\r\n                <\/td>\r\n            <\/tr>\r\n            <tr>\r\n                <td style=\"padding: 10px; border: 1px solid black;\">Ceder los datos a empresas del Grupo Repsol (*) para que estas puedan combinar toda esta informaci\u00f3n\r\n                    con otros datos del Interesado que pudieran tener on-line u off-line, con la finalidad de completar\r\n                    el perfil y, en el caso de que se encuentren legitimados, remitirle publicidad, por cualquier medio\r\n                    incluidos electr\u00f3nicos, sobre las Actividades, Productos y\/o Servicios descritos tanto de empresas\r\n                    del grupo Repsol, como de terceros por distintos canales.<\/td>\r\n                <td style=\"padding: 10px; border: 1px solid black;\">Consentimiento del interesado<\/td>\r\n                <td style=\"border: 1px solid black;\"><\/td>\r\n            <\/tr>\r\n            <tr>\r\n                <td style=\"padding: 10px; border: 1px solid black;\">Gesti\u00f3n de las autorizaciones de cisternas y transportes. Control de acceso a almac\u00e9n.<\/td>\r\n                <td style=\"padding: 10px; border: 1px solid black;\">Inter\u00e9s leg\u00edtimo del Responsable del tratamiento en la seguridad y control de acceso a las\r\n                    instalaciones <\/td>\r\n                <td style=\"padding: 10px; border: 1px solid black;\">DNI\/NIF, nombre y apellidos, as\u00ed como datos profesionales, como la profesi\u00f3n, cargo o empresa de\r\n                    procedencia.<\/td>\r\n            <\/tr>\r\n            <tr>\r\n                <td style=\"padding: 10px; border: 1px solid black;\">Control de asistencia de los t\u00e9cnicos de prevenci\u00f3n de las empresas que prestan servicios en\r\n                    Refiner\u00eda a las reuniones peri\u00f3dicas del CAE.<\/td>\r\n                <td style=\"padding: 10px; border: 1px solid black;\">Cumplimiento obligaci\u00f3n legal<\/td>\r\n                <td style=\"padding: 10px; border: 1px solid black;\">Firma\/huella, nombre y apellidos, as\u00ed como datos profesionales, como la profesi\u00f3n, cargo o empresa\r\n                    de procedencia.<\/td>\r\n            <\/tr>\r\n            <tr>\r\n                <td style=\"padding: 10px; border: 1px solid black;\">Listado de contactos de periodistas para notificaci\u00f3n de las novedades en los Complejos y otras\r\n                    comunicaciones.<\/td>\r\n                <td style=\"padding: 10px; border: 1px solid black;\">Inter\u00e9s leg\u00edtimo del Responsable del tratamiento de acuerdo al art\u00edculo 19 de la LOPDGDD.<\/td>\r\n                <td style=\"padding: 10px; border: 1px solid black;\">Nombre y apellidos, nombre de usuario, direcci\u00f3n electr\u00f3nica o postal, tel\u00e9fono o fax y datos\r\n                    profesionales, como la profesi\u00f3n, cargo o empresa de procedencia<\/td>\r\n            <\/tr>\r\n            <tr>\r\n                <td style=\"padding: 10px; border: 1px solid black;\">Gesti\u00f3n de contratos y proyectos con proveedores y pedidos de compra.<\/td>\r\n                <td style=\"padding: 10px; border: 1px solid black;\">Ejecuci\u00f3n y mantenimiento de la relaci\u00f3n contractual<\/td>\r\n                <td style=\"padding: 10px; border: 1px solid black;\">Nombre y apellidos, nombre de usuario, direcci\u00f3n electr\u00f3nica o postal, tel\u00e9fono o fax y datos\r\n                    profesionales, como la profesi\u00f3n, cargo o empresa de procedencia<\/td>\r\n            <\/tr>\r\n        <\/tbody>\r\n    <\/table>\r\n    <h2>Tiempo de conservaci\u00f3n<\/h2>\r\n    <p>Durante el plazo necesario para el cumplimiento de las finalidades arriba informadas, y una vez cumplidas se\r\n        producir\u00e1 a su borrado definitivo, sin perjuicio de su bloqueo durante el plazo de prescripci\u00f3n de las acciones\r\n        de todo orden que pudieran ser ejercitadas.<\/p>\r\n    <h2>Destinatarios de los datos<\/h2>\r\n    <p>PETRONOR s\u00f3lo comunicar\u00e1 tus datos personales a:<\/p>\r\n    <ul>\r\n        <li>Autoridades y organismos competentes, juzgados, tribunales o cualesquiera otros terceros legitimados\r\n            conforme a la normativa aplicable; <\/li>\r\n        <li>Empresas del grupo Repsol incluidas en www.repsol.info\/cesioncomercia, para la elaboraci\u00f3n de perfiles, y\/o\r\n            remisi\u00f3n de comunicaciones comerciales siempre y cuando el Interesado as\u00ed lo haya consentido o exista un\r\n            inter\u00e9s leg\u00edtimo conforme se describe en el apartado. Como se ha se\u00f1alado, dicha elaboraci\u00f3n de perfiles se\r\n            realiza a partir del an\u00e1lisis y asociaci\u00f3n de forma agregada de la informaci\u00f3n obtenida de por medios\r\n            propios o a trav\u00e9s de nuestros puntos de venta, nuestro propio conocimiento del mercado y su evoluci\u00f3n, as\u00ed\r\n            como del proceso de venta de productos o servicios del grupo Repsol.<\/li>\r\n        <li>Aquellos proveedores en el marco de la prestaci\u00f3n de servicios contratados desde su condici\u00f3n de encargados\r\n            del tratamiento. Estos terceros pueden estar localizados, o prestar sus servicios, desde pa\u00edses fuera de la\r\n            Uni\u00f3n Europea por lo que tus datos pueden ser objeto de transferencias internacionales. En cualquier caso,\r\n            las transferencias internacionales se realizar\u00e1n bajo alguna de las garant\u00edas reconocidas por la normativa\r\n            en materia de tratamiento de datos personales.<\/li>\r\n    <\/ul>\r\n    <h2>Tus derechos<\/h2>\r\n    <p>Podr\u00e1s retirar tu consentimiento, en cualquier momento, y en su caso, ejercitar los derechos de acceso,\r\n        rectificaci\u00f3n y supresi\u00f3n de datos, as\u00ed como solicitar que se limite el tratamiento de tus datos personales,\r\n        oponerte a su tratamiento remitiendo una comunicaci\u00f3n, por escrito, al domicilio social de PETRONOR arriba\r\n        informado o, a trav\u00e9s de la direcci\u00f3n de correo electr\u00f3nico: <a\r\n            href=\"mailto:protecciondedatos@repsol.com\">protecciondedatos@repsol.com<\/a> o interponer una reclamaci\u00f3n\r\n        ante la Agencia Espa\u00f1ola de Protecci\u00f3n de Datos.<\/p>\r\n    <p>Tambi\u00e9n tienes derecho a no ser objeto de decisiones basadas, exclusivamente, en el tratamiento automatizado de\r\n        tus datos. En los tratamientos basados en el inter\u00e9s leg\u00edtimo de PETRONOR, y sin perjuicio de lo anterior,\r\n        tienes derecho a solicitar informaci\u00f3n sobre el juicio de ponderaci\u00f3n de intereses realizado.<\/p>\r\n    <p>En cualquier caso, podr\u00e1s dirigirte a PETRONOR para cualquier cuesti\u00f3n relacionada con el tratamiento de tus\r\n        datos personales, a trav\u00e9s de la siguiente direcci\u00f3n de correo electr\u00f3nico: <a\r\n            href=\"mailto:protecciondedatos@repsol.com\">protecciondedatos@repsol.com<\/a>,\u00a0con la intenci\u00f3n de poder\r\n        solucionar cualquier reclamaci\u00f3n con el fin de que podamos ayudarte al respecto.<\/p>\r\n    <h2>Seguridad en el tratamiento<\/h2>\r\n    <p>PETRONOR se compromete a tratar los datos de car\u00e1cter personal de los usuarios de conformidad con lo establecido\r\n        en la normativa aplicable y, en particular, (i) a tratar confidencialmente los datos de car\u00e1cter personal de los\r\n        usuarios a los que tenga acceso como consecuencia de su navegaci\u00f3n en el sitio web. No obstante, PETRONOR podr\u00e1\r\n        revelar los datos de car\u00e1cter personal y cualquier otra informaci\u00f3n de los usuarios cuando le sea requerida por\r\n        autoridades p\u00fablicas en el ejercicio de las funciones que tienen leg\u00edtimamente atribuidas y conforme a las\r\n        disposiciones que resulten aplicables; (ii) a adoptar las medidas de seguridad de \u00edndole t\u00e9cnica y organizativas\r\n        necesarias para evitar la alteraci\u00f3n, p\u00e9rdida y el tratamiento o acceso no autorizado a dichos datos. Sin\r\n        perjuicio de ello, debido a las actuales condiciones de seguridad en Internet, PETRONOR no puede garantizar el\r\n        uso il\u00edcito de la informaci\u00f3n de los usuarios por parte de terceros.<\/p>\r\n    <p>En consecuencia, PETRONOR no asume responsabilidad alguna por los da\u00f1os y perjuicios, de cualquier naturaleza,\r\n        que pudieran derivarse de alteraci\u00f3n, p\u00e9rdida, el tratamiento, acceso no autorizado o el uso il\u00edcito de la\r\n        Informaci\u00f3n de los usuarios por parte de terceros. Los usuarios se comprometen a mantener los datos\r\n        proporcionados a PETRONOR debidamente actualizados. Los usuarios ser\u00e1n responsables de los da\u00f1os y perjuicios\r\n        que PETRONOR pudiera sufrir como consecuencia de la falta de veracidad, inexactitud, falta de vigencia y\r\n        autenticidad de los datos facilitados.<\/p>","protected":false},"excerpt":{"rendered":"Protecci\u00f3n de datos personales PETROLEOS DEL NORTE, S.A. (PETRONOR), bajo la figura de Responsable del Tratamiento, con domicilio social sito en San Mart\u00edn 5-Edificio Mu\u00f1atones, 48550 Muskiz, (Bizkaia) recaba, a trav\u00e9s de diversos formularios publicados en el presente Sitio web, datos personales facilitados, de forma voluntaria, por los usuarios que deseen acceder o participar a\/en","protected":false},"author":1,"featured_media":0,"parent":0,"menu_order":0,"comment_status":"closed","ping_status":"closed","template":"","meta":{"footnotes":""},"class_list":["post-66670","page","type-page","status-publish","hentry"],"yoast_head":"<!-- This site is optimized with the Yoast SEO plugin v24.7 - https:\/\/yoast.com\/wordpress\/plugins\/seo\/ -->\n<title>Pol\u00edtica de Privacidad - Petronor<\/title>\n<meta name=\"description\" content=\"\u00bfQU\u00c9 SON LAS COOKIES? En Petronor utilizamos cookies propias y de terceros. Para m\u00e1s informaci\u00f3n aqu\u00ed\" \/>\n<meta name=\"robots\" content=\"index, follow, max-snippet:-1, max-image-preview:large, max-video-preview:-1\" \/>\n<link rel=\"canonical\" href=\"https:\/\/petronor.eus\/es\/politica-de-privacidad\/\" \/>\n<meta property=\"og:locale\" content=\"es_ES\" \/>\n<meta property=\"og:type\" content=\"article\" \/>\n<meta property=\"og:title\" content=\"Pol\u00edtica de Privacidad - Petronor\" \/>\n<meta property=\"og:description\" content=\"\u00bfQU\u00c9 SON LAS COOKIES? En Petronor utilizamos cookies propias y de terceros. Para m\u00e1s informaci\u00f3n aqu\u00ed\" \/>\n<meta property=\"og:url\" content=\"https:\/\/petronor.eus\/es\/politica-de-privacidad\/\" \/>\n<meta property=\"og:site_name\" content=\"Petronor\" \/>\n<meta property=\"article:modified_time\" content=\"2022-11-28T11:31:34+00:00\" \/>\n<meta name=\"twitter:label1\" content=\"Est. reading time\" \/>\n\t<meta name=\"twitter:data1\" content=\"7 minutes\" \/>\n<script type=\"application\/ld+json\" class=\"yoast-schema-graph\">{\"@context\":\"https:\/\/schema.org\",\"@graph\":[{\"@type\":\"WebPage\",\"@id\":\"https:\/\/petronor.eus\/es\/politica-de-privacidad\/\",\"url\":\"https:\/\/petronor.eus\/es\/politica-de-privacidad\/\",\"name\":\"Pol\u00edtica de Privacidad - Petronor\",\"isPartOf\":{\"@id\":\"https:\/\/petronor.eus\/es\/#website\"},\"datePublished\":\"2021-06-30T11:30:56+00:00\",\"dateModified\":\"2022-11-28T11:31:34+00:00\",\"description\":\"\u00bfQU\u00c9 SON LAS COOKIES? En Petronor utilizamos cookies propias y de terceros. Para m\u00e1s informaci\u00f3n aqu\u00ed\",\"breadcrumb\":{\"@id\":\"https:\/\/petronor.eus\/es\/politica-de-privacidad\/#breadcrumb\"},\"inLanguage\":\"es-ES\",\"potentialAction\":[{\"@type\":\"ReadAction\",\"target\":[\"https:\/\/petronor.eus\/es\/politica-de-privacidad\/\"]}]},{\"@type\":\"BreadcrumbList\",\"@id\":\"https:\/\/petronor.eus\/es\/politica-de-privacidad\/#breadcrumb\",\"itemListElement\":[{\"@type\":\"ListItem\",\"position\":1,\"name\":\"Home\",\"item\":\"https:\/\/petronor.eus\/es\/\"},{\"@type\":\"ListItem\",\"position\":2,\"name\":\"Pol\u00edtica de Privacidad\"}]},{\"@type\":\"WebSite\",\"@id\":\"https:\/\/petronor.eus\/es\/#website\",\"url\":\"https:\/\/petronor.eus\/es\/\",\"name\":\"Petronor\",\"description\":\"\",\"potentialAction\":[{\"@type\":\"SearchAction\",\"target\":{\"@type\":\"EntryPoint\",\"urlTemplate\":\"https:\/\/petronor.eus\/es\/?s={search_term_string}\"},\"query-input\":{\"@type\":\"PropertyValueSpecification\",\"valueRequired\":true,\"valueName\":\"search_term_string\"}}],\"inLanguage\":\"es-ES\"}]}<\/script>\n<!-- \/ Yoast SEO plugin. -->","yoast_head_json":{"title":"Pol\u00edtica de Privacidad - Petronor","description":"\u00bfQU\u00c9 SON LAS COOKIES? En Petronor utilizamos cookies propias y de terceros. Para m\u00e1s informaci\u00f3n aqu\u00ed","robots":{"index":"index","follow":"follow","max-snippet":"max-snippet:-1","max-image-preview":"max-image-preview:large","max-video-preview":"max-video-preview:-1"},"canonical":"https:\/\/petronor.eus\/es\/politica-de-privacidad\/","og_locale":"es_ES","og_type":"article","og_title":"Pol\u00edtica de Privacidad - Petronor","og_description":"\u00bfQU\u00c9 SON LAS COOKIES? En Petronor utilizamos cookies propias y de terceros. Para m\u00e1s informaci\u00f3n aqu\u00ed","og_url":"https:\/\/petronor.eus\/es\/politica-de-privacidad\/","og_site_name":"Petronor","article_modified_time":"2022-11-28T11:31:34+00:00","twitter_misc":{"Est. reading time":"7 minutes"},"schema":{"@context":"https:\/\/schema.org","@graph":[{"@type":"WebPage","@id":"https:\/\/petronor.eus\/es\/politica-de-privacidad\/","url":"https:\/\/petronor.eus\/es\/politica-de-privacidad\/","name":"Pol\u00edtica de Privacidad - Petronor","isPartOf":{"@id":"https:\/\/petronor.eus\/es\/#website"},"datePublished":"2021-06-30T11:30:56+00:00","dateModified":"2022-11-28T11:31:34+00:00","description":"\u00bfQU\u00c9 SON LAS COOKIES? En Petronor utilizamos cookies propias y de terceros. Para m\u00e1s informaci\u00f3n aqu\u00ed","breadcrumb":{"@id":"https:\/\/petronor.eus\/es\/politica-de-privacidad\/#breadcrumb"},"inLanguage":"es-ES","potentialAction":[{"@type":"ReadAction","target":["https:\/\/petronor.eus\/es\/politica-de-privacidad\/"]}]},{"@type":"BreadcrumbList","@id":"https:\/\/petronor.eus\/es\/politica-de-privacidad\/#breadcrumb","itemListElement":[{"@type":"ListItem","position":1,"name":"Home","item":"https:\/\/petronor.eus\/es\/"},{"@type":"ListItem","position":2,"name":"Pol\u00edtica de Privacidad"}]},{"@type":"WebSite","@id":"https:\/\/petronor.eus\/es\/#website","url":"https:\/\/petronor.eus\/es\/","name":"Petronor","description":"","potentialAction":[{"@type":"SearchAction","target":{"@type":"EntryPoint","urlTemplate":"https:\/\/petronor.eus\/es\/?s={search_term_string}"},"query-input":{"@type":"PropertyValueSpecification","valueRequired":true,"valueName":"search_term_string"}}],"inLanguage":"es-ES"}]}},"_links":{"self":[{"href":"https:\/\/petronor.eus\/es\/wp-json\/wp\/v2\/pages\/66670","targetHints":{"allow":["GET"]}}],"collection":[{"href":"https:\/\/petronor.eus\/es\/wp-json\/wp\/v2\/pages"}],"about":[{"href":"https:\/\/petronor.eus\/es\/wp-json\/wp\/v2\/types\/page"}],"author":[{"embeddable":true,"href":"https:\/\/petronor.eus\/es\/wp-json\/wp\/v2\/users\/1"}],"replies":[{"embeddable":true,"href":"https:\/\/petronor.eus\/es\/wp-json\/wp\/v2\/comments?post=66670"}],"version-history":[{"count":9,"href":"https:\/\/petronor.eus\/es\/wp-json\/wp\/v2\/pages\/66670\/revisions"}],"predecessor-version":[{"id":71953,"href":"https:\/\/petronor.eus\/es\/wp-json\/wp\/v2\/pages\/66670\/revisions\/71953"}],"wp:attachment":[{"href":"https:\/\/petronor.eus\/es\/wp-json\/wp\/v2\/media?parent=66670"}],"curies":[{"name":"wp","href":"https:\/\/api.w.org\/{rel}","templated":true}]}}