{"id":68813,"date":"2022-02-11T13:20:38","date_gmt":"2022-02-11T12:20:38","guid":{"rendered":"https:\/\/petronor.eus\/?page_id=68813"},"modified":"2022-05-03T12:25:08","modified_gmt":"2022-05-03T10:25:08","slug":"parada-2022-urf","status":"publish","type":"page","link":"https:\/\/petronor.eus\/es\/refineria\/parada-2022-urf\/","title":{"rendered":"PARADA 2022 URF"},"content":{"rendered":"<div class=\"row introBlock full-width-section primeraFila\">\r\n<div class=\"col-lg-3 col-md-3 col-xs-12 col-sm-12\">\r\n<div class=\"menu-menu_instalaciones-container\"><ul id=\"menu-menu_instalaciones\" class=\"subnav\"><li id=\"menu-item-77433\" class=\"menu-item menu-item-type-post_type menu-item-object-page menu-item-77433\"><a href=\"https:\/\/petronor.eus\/es\/instalaciones\/\">INSTALACIONES<\/a><\/li>\n<li id=\"menu-item-76051\" class=\"menu-item menu-item-type-post_type menu-item-object-page menu-item-76051\"><a href=\"https:\/\/petronor.eus\/es\/instalaciones\/petronor-en-el-puerto-de-bilbao\/\">PETRONOR EN EL PUERTO DE BILBAO<\/a><\/li>\n<li id=\"menu-item-76055\" class=\"menu-item menu-item-type-post_type menu-item-object-page menu-item-76055\"><a href=\"https:\/\/petronor.eus\/es\/instalaciones\/productos\/\">PRODUCTOS<\/a><\/li>\n<li id=\"menu-item-76054\" class=\"menu-item menu-item-type-post_type menu-item-object-page menu-item-76054\"><a href=\"https:\/\/petronor.eus\/es\/infografias\/asi-funciona-la-refineria\/\">INFOGRAF\u00cdA &#8220;Como funciona una Refiner\u00eda&#8221;<\/a><\/li>\n<li id=\"menu-item-1566\" class=\"menu-item menu-item-type-post_type menu-item-object-page menu-item-1566\"><a href=\"https:\/\/petronor.eus\/es\/instalaciones\/preguntas-frecuentes\/\">PREGUNTAS FRECUENTES<\/a><\/li>\n<\/ul><\/div>\r\n<\/div>\r\n<div class=\"col-lg-3 col-md-3 col-xs-12 col-sm-12\">\r\n<h1>PARADA 2022 URF<\/h1>\r\n<p class=\"font18\" style=\"font-size: 18px!important;\">Petronor realizar\u00e1 la parada general de la Planta de Coque (URF), as\u00ed como de la Unidad de Vac\u00edo del \u00e1rea de Conversi\u00f3n y otras unidades de esa \u00e1rea, lo que significar\u00e1 el cese de m\u00e1s del 50% de la actividad total de las instalaciones de refino.<\/p>\r\n<p class=\"font18\" style=\"font-size: 18px!important;\">La inversi\u00f3n de 58 millones de euros ir\u00e1 destinada a revisiones propias de mantenimiento y mejoras tecnol\u00f3gicas fundamentalmente enfocadas hacia la eficiencia energ\u00e9tica de las plantas.<\/p>\r\n<\/div>\r\n<div class=\"col-lg-6 col-md-6 col-xs-12 col-sm-12 hidden-xs\">\r\n<img loading=\"lazy\" decoding=\"async\" class=\"alignleft size-full wp-image-28981\" src=\"https:\/\/petronor.eus\/wp-content\/uploads\/2022\/02\/logo-parada-2022-urf.jpg\" alt=\"\" width=\"538\" height=\"332\" \/>\r\n<\/div>\r\n<\/div>\r\n<div class=\"row \">\r\n<div class=\"col-lg-6 col-md-6 col-xs-12 col-sm-9 col-md-offset-3 col-lg-offset-3\">\r\n<div class=\"paddingSoloMovil\">\r\n<p>Dos objetivos claros: <strong>seguridad e innovaci\u00f3n, fruto del compromiso de Petronor con las personas y con su entorno<\/strong>.\r\n<\/p>\r\n<p>En total, esta parada general impactar\u00e1 en el <strong>50% de la actividad de refino<\/strong> que habitualmente realiza la empresa.\r\n<\/p>\r\n<p>Desde el punto de vista del empleo y la generaci\u00f3n de actividad econ\u00f3mica, se ha contratado a unas <strong>40 empresas<\/strong> que, para la realizaci\u00f3n de los diferentes trabajos, pondr\u00e1n a disposici\u00f3n de Petronor del orden de m\u00e1s de <strong>1.000 trabajadores diarios, con d\u00edas punta de hasta 1.400 empleados<\/strong>. De estas 40 empresas, aproximadamente el 50% son vascas.\r\nTodos los trabajadores, tanto habituales de Petronor como temporales, han recibido formaci\u00f3n espec\u00edfica en seguridad.\r\n<\/p>\r\n\r\n<h4>La Planta de Coque o Unidad de Reducci\u00f3n de Fueloil<\/h4>\r\n<p>Esta parada general incluye la segunda revisi\u00f3n de la Planta de Coque que se puso en marcha en 2011 y que supuso una inversi\u00f3n de 1.006 millones de euros, la mayor inversi\u00f3n industrial realizada nunca en Euskadi. Gracias a ella, Petronor ha reducido dr\u00e1sticamente su producci\u00f3n de fueloil y ha aumentado la de los productos de mayor valor a\u00f1adido y m\u00e1s demandados por la sociedad, como propano, butano, gasolina y gasoil.<\/p>\r\n<p>Los trabajos, que afectar\u00e1n tambi\u00e9n a la Unidad de Vac\u00edo del \u00c1rea de Conversi\u00f3n, servir\u00e1n para revisar torres, recipientes, hornos, v\u00e1lvulas de seguridad, m\u00e1quinas, instrumentaci\u00f3n y subestaciones el\u00e9ctricas, as\u00ed como para realizar inversiones de mejora del conjunto de las instalaciones e incorporar las \u00faltimas innovaciones tecnol\u00f3gicas.<\/p>\r\n\r\n<h4>Detalle t\u00e9cnico de las inversiones<\/h4>\r\n<p>Durante la parada, Petronor va a realizar importantes inversiones entre las que cabe destacar:<\/p>\r\n<ul class=\"listaReseteada listaFlechada\">\r\n\t<li>Mejora de la eficiencia energ\u00e9tica de las instalaciones, mediante inversiones relacionadas con el enfriamiento de los humos de chimeneas, intercambiadores de mayor\r\neficiencia, etc. Todo ello enfocado a lograr ahorro de la energ\u00eda consumida en sus procesos.<\/li>\r\n\t<li>Mejora de la fiabilidad de los equipos: sustituci\u00f3n de cambiadores de calor y permuta de unos dep\u00f3sitos por otros de materiales m\u00e1s duraderos.<\/li>\r\n\t<li>Actualizaci\u00f3n tecnol\u00f3gica: sustituci\u00f3n de parte de la electr\u00f3nica de control e instalaci\u00f3n de cierres mec\u00e1nicos de alta tecnolog\u00eda.<\/li>\r\n<\/ul>\r\n<\/div>\r\n<div style=\"margin-bottom:10px ; height:1px; clear:both;\"><\/div>\r\n\r\n<\/div>\r\n<div class=\"col-lg-3 col-md-3 col-sm-3 col-xs-12 paddinIzquierdo30XS paddinDerecho30XS\"><div class=\"tablaHeader\">\n<div class=\"celda celdaIzquierda \"><h3>M\u00c1S INFO<\/h3><\/div>\n<div class=\"celda\"><div class=\"widgettitlewrapper\">&nbsp;<\/div><\/div>\n<\/div>\r\n<div class=\"row unPDF\"><a href=\"https:\/\/petronor.eus\/es\/2022\/02\/petronor-invierte-58-millones-de-euros-en-la-parada-general-del-50-de-la-actividad-de-refino\/\" target=\"_blank\"><div class=\"col-lg-10 col-md-10 col-sm-10 col-xs-10\">Nota de prensa<\/div><div class=\"col-lg-2 col-md-2 col-sm-2 col-xs-2 iconoNota\">&nbsp;<\/div><\/a><\/div>\r\n<\/div>\r\n\r\n<div class=\"col-1g-3 col-md-3 col-sm-1 col-xs-12 paddinIzquierdo15XS paddinDerecho15XS c_ontenedorBoletinesParada\"><div class=\"tablaHeader\">\n<div class=\"celda celdaIzquierda \"><h3>NOTICIAS<\/h3><\/div>\n<div class=\"celda\"><div class=\"widgettitlewrapper\">&nbsp;<\/div><\/div>\n<\/div><\/div>\r\n<div class=\"col-1g-3 col-md-3 col-sm-1 col-xs-12 paddinIzquierdo15XS paddinDerecho15XS c_ontenedorBoletinesParada\">\r\n<div class=\"row unPDF\"><a href=\"https:\/\/petronor.eus\/es\/2022\/02\/petronor-invierte-58-millones-de-euros-en-la-parada-general-del-50-de-la-actividad-de-refino-2\/\" target=\"_blank\"><div class=\"col-lg-10 col-md-10 col-sm-10 col-xs-10\">Petronor invierte 58 millones de euros en la parada general del 50% de la actividad de refino<\/div><div class=\"col-lg-2 col-md-2 col-sm-2 col-xs-2 iconoNota\">&nbsp;<\/div><\/a><\/div>\r\n<div class=\"row unPDF\"><a href=\"https:\/\/petronor.eus\/es\/2022\/02\/parada-de-unidades-de-urf\/\" target=\"_blank\"><div class=\"col-lg-10 col-md-10 col-sm-10 col-xs-10\">Parada de unidades de URF<\/div><div class=\"col-lg-2 col-md-2 col-sm-2 col-xs-2 iconoNota\">&nbsp;<\/div><\/a><\/div>\r\n<div class=\"row unPDF\"><a href=\"https:\/\/petronor.eus\/es\/2022\/02\/parada-de-las-unidades-ak3-y-v3\/\" target=\"_blank\"><div class=\"col-lg-10 col-md-10 col-sm-10 col-xs-10\">Parada de las unidades AK3 y V3<\/div><div class=\"col-lg-2 col-md-2 col-sm-2 col-xs-2 iconoNota\">&nbsp;<\/div><\/a><\/div>\r\n<div class=\"row unPDF\"><a href=\"https:\/\/petronor.eus\/es\/2022\/03\/petronor-revisara-unos-530-equipos-y-hara-mas-de-1200-intervenciones-puntuales-durante-la-parada\/\" target=\"_blank\"><div class=\"col-lg-10 col-md-10 col-sm-10 col-xs-10\">Petronor revisar\u00e1 unos 530 equipos y har\u00e1 m\u00e1s de 1200 intervenciones puntuales durante la parada<\/div><div class=\"col-lg-2 col-md-2 col-sm-2 col-xs-2 iconoNota\">&nbsp;<\/div><\/a><\/div>\r\n<div class=\"row unPDF\"><a href=\"https:\/\/petronor.eus\/es\/2022\/03\/evitar-o-minimizar-los-impactos-y-emisiones-en-el-entorno-objetivo-prioritario-en-la-parada\/\" target=\"_blank\"><div class=\"col-lg-10 col-md-10 col-sm-10 col-xs-10\">Evitar o minimizar los impactos y emisiones en el entorno, objetivo prioritario en la parada<\/div><div class=\"col-lg-2 col-md-2 col-sm-2 col-xs-2 iconoNota\">&nbsp;<\/div><\/a><\/div>\r\n<div class=\"row unPDF\"><a href=\"https:\/\/petronor.eus\/es\/2022\/03\/parada-de-las-unidades-g4-cg6-y-h3\/\" target=\"_blank\"><div class=\"col-lg-10 col-md-10 col-sm-10 col-xs-10\">Parada de las unidades G4, CG6 y H3<\/div><div class=\"col-lg-2 col-md-2 col-sm-2 col-xs-2 iconoNota\">&nbsp;<\/div><\/a><\/div>\r\n<div class=\"row unPDF\"><a href=\"https:\/\/petronor.eus\/es\/2022\/03\/puesta-en-marcha-de-la-turbina-de-cg6-y-parada-de-g2\/\" target=\"_blank\"><div class=\"col-lg-10 col-md-10 col-sm-10 col-xs-10\">Puesta en marcha de la Turbina de CG6 y parada de G2<\/div><div class=\"col-lg-2 col-md-2 col-sm-2 col-xs-2 iconoNota\">&nbsp;<\/div><\/a><\/div>\r\n<div class=\"row unPDF\"><a href=\"https:\/\/petronor.eus\/es\/2022\/03\/la-seguridad-prioritaria-en-petronor\/\" target=\"_blank\"><div class=\"col-lg-10 col-md-10 col-sm-10 col-xs-10\">La seguridad, prioritaria en Petronor<\/div><div class=\"col-lg-2 col-md-2 col-sm-2 col-xs-2 iconoNota\">&nbsp;<\/div><\/a><\/div>\r\n<div class=\"row unPDF\"><a href=\"https:\/\/petronor.eus\/es\/2022\/03\/puesta-en-marcha-de-la-unidad-ak3-3\/\" target=\"_blank\"><div class=\"col-lg-10 col-md-10 col-sm-10 col-xs-10\">Puesta en marcha de la Unidad AK3<\/div><div class=\"col-lg-2 col-md-2 col-sm-2 col-xs-2 iconoNota\">&nbsp;<\/div><\/a><\/div>\r\n<div class=\"row unPDF\"><a href=\"https:\/\/petronor.eus\/es\/2022\/04\/puesta-en-marcha-de-una-caldera-de-planta-3-y-de-crudo-2\/\" target=\"_blank\"><div class=\"col-lg-10 col-md-10 col-sm-10 col-xs-10\">Puesta en marcha de una caldera de Planta 3 y de Crudo 2<\/div><div class=\"col-lg-2 col-md-2 col-sm-2 col-xs-2 iconoNota\">&nbsp;<\/div><\/a><\/div>\r\n<div class=\"row unPDF\"><a href=\"https:\/\/petronor.eus\/es\/2022\/04\/una-parada-que-influye-economicamente-en-el-entorno\/\" target=\"_blank\"><div class=\"col-lg-10 col-md-10 col-sm-10 col-xs-10\">Una parada que influye econ\u00f3micamente en el entorno<\/div><div class=\"col-lg-2 col-md-2 col-sm-2 col-xs-2 iconoNota\">&nbsp;<\/div><\/a><\/div>\r\n<div class=\"row unPDF\"><a href=\"https:\/\/petronor.eus\/es\/2022\/04\/puesta-en-marcha-de-unidades-de-la-parcela-de-urf\/\" target=\"_blank\"><div class=\"col-lg-10 col-md-10 col-sm-10 col-xs-10\">Puesta en marcha de unidades de la parcela de URF<\/div><div class=\"col-lg-2 col-md-2 col-sm-2 col-xs-2 iconoNota\">&nbsp;<\/div><\/a><\/div>\r\n<div class=\"row unPDF\"><a href=\"https:\/\/petronor.eus\/es\/2022\/04\/puesta-en-marcha-de-la-unidad-de-vacio-v3-2\/\" target=\"_blank\"><div class=\"col-lg-10 col-md-10 col-sm-10 col-xs-10\">Puesta en marcha de la Unidad de Vac\u00edo V3<\/div><div class=\"col-lg-2 col-md-2 col-sm-2 col-xs-2 iconoNota\">&nbsp;<\/div><\/a><\/div>\r\n<div class=\"row unPDF\"><a href=\"https:\/\/petronor.eus\/es\/2022\/04\/una-parada-en-equipo\/\" target=\"_blank\"><div class=\"col-lg-10 col-md-10 col-sm-10 col-xs-10\">Una parada en equipo<\/div><div class=\"col-lg-2 col-md-2 col-sm-2 col-xs-2 iconoNota\">&nbsp;<\/div><\/a><\/div>\r\n<div class=\"row unPDF\"><a href=\"https:\/\/petronor.eus\/es\/2022\/04\/puesta-en-marcha-de-las-unidades-h3-y-p2\/\" target=\"_blank\"><div class=\"col-lg-10 col-md-10 col-sm-10 col-xs-10\">Puesta en marcha de las unidades H3 y P2<\/div><div class=\"col-lg-2 col-md-2 col-sm-2 col-xs-2 iconoNota\">&nbsp;<\/div><\/a><\/div>\r\n<div class=\"row unPDF\"><a href=\"https:\/\/petronor.eus\/es\/2022\/04\/puesta-en-marcha-de-la-unidad-fcc-unidades-asociadas-y-una-caldera-de-planta-3\/\" target=\"_blank\"><div class=\"col-lg-10 col-md-10 col-sm-10 col-xs-10\">Puesta en marcha de la Unidad FCC, unidades asociadas, una caldera de Planta 3 y G2<\/div><div class=\"col-lg-2 col-md-2 col-sm-2 col-xs-2 iconoNota\">&nbsp;<\/div><\/a><\/div>\r\n<div class=\"row unPDF\"><a href=\"https:\/\/petronor.eus\/es\/2022\/04\/puesta-en-marcha-de-la-unidad-de-produccion-de-hidrogeno-h3-y-psas\/\" target=\"_blank\"><div class=\"col-lg-10 col-md-10 col-sm-10 col-xs-10\">Puesta en marcha de la Unidad de Producci\u00f3n de Hidr\u00f3geno H3 y PSAs<\/div><div class=\"col-lg-2 col-md-2 col-sm-2 col-xs-2 iconoNota\">&nbsp;<\/div><\/a><\/div>\r\n<div class=\"row unPDF\"><a href=\"https:\/\/petronor.eus\/es\/2022\/05\/puesta-en-marcha-de-la-unidad-de-visbreaking-vb3\/\" target=\"_blank\"><div class=\"col-lg-10 col-md-10 col-sm-10 col-xs-10\">Puesta en marcha de la Unidad de Visbreaking VB3<\/div><div class=\"col-lg-2 col-md-2 col-sm-2 col-xs-2 iconoNota\">&nbsp;<\/div><\/a><\/div>\r\n<\/div>\r\n<\/div>","protected":false},"excerpt":{"rendered":"","protected":false},"author":1,"featured_media":68814,"parent":6,"menu_order":0,"comment_status":"open","ping_status":"open","template":"","meta":{"footnotes":""},"class_list":["post-68813","page","type-page","status-publish","has-post-thumbnail","hentry"],"yoast_head":"<!-- This site is optimized with the Yoast SEO plugin v24.7 - https:\/\/yoast.com\/wordpress\/plugins\/seo\/ -->\n<title>PARADA 2022 URF - Petronor<\/title>\n<meta name=\"robots\" content=\"index, follow, max-snippet:-1, max-image-preview:large, max-video-preview:-1\" \/>\n<link rel=\"canonical\" href=\"https:\/\/petronor.eus\/es\/refineria\/parada-2022-urf\/\" \/>\n<meta property=\"og:locale\" content=\"es_ES\" \/>\n<meta property=\"og:type\" content=\"article\" \/>\n<meta property=\"og:title\" content=\"PARADA 2022 URF - Petronor\" \/>\n<meta property=\"og:url\" content=\"https:\/\/petronor.eus\/es\/refineria\/parada-2022-urf\/\" \/>\n<meta property=\"og:site_name\" content=\"Petronor\" \/>\n<meta property=\"article:modified_time\" content=\"2022-05-03T10:25:08+00:00\" \/>\n<meta property=\"og:image\" content=\"https:\/\/petronor.eus\/wp-content\/uploads\/2022\/02\/parada-2022.jpg\" \/>\n\t<meta property=\"og:image:width\" content=\"853\" \/>\n\t<meta property=\"og:image:height\" content=\"1280\" \/>\n\t<meta property=\"og:image:type\" content=\"image\/jpeg\" \/>\n<meta name=\"twitter:label1\" content=\"Est. reading time\" \/>\n\t<meta name=\"twitter:data1\" content=\"5 minutes\" \/>\n<script type=\"application\/ld+json\" class=\"yoast-schema-graph\">{\"@context\":\"https:\/\/schema.org\",\"@graph\":[{\"@type\":\"WebPage\",\"@id\":\"https:\/\/petronor.eus\/es\/refineria\/parada-2022-urf\/\",\"url\":\"https:\/\/petronor.eus\/es\/refineria\/parada-2022-urf\/\",\"name\":\"PARADA 2022 URF - Petronor\",\"isPartOf\":{\"@id\":\"https:\/\/petronor.eus\/es\/#website\"},\"primaryImageOfPage\":{\"@id\":\"https:\/\/petronor.eus\/es\/refineria\/parada-2022-urf\/#primaryimage\"},\"image\":{\"@id\":\"https:\/\/petronor.eus\/es\/refineria\/parada-2022-urf\/#primaryimage\"},\"thumbnailUrl\":\"https:\/\/petronor.eus\/wp-content\/uploads\/2022\/02\/parada-2022.jpg\",\"datePublished\":\"2022-02-11T12:20:38+00:00\",\"dateModified\":\"2022-05-03T10:25:08+00:00\",\"breadcrumb\":{\"@id\":\"https:\/\/petronor.eus\/es\/refineria\/parada-2022-urf\/#breadcrumb\"},\"inLanguage\":\"es-ES\",\"potentialAction\":[{\"@type\":\"ReadAction\",\"target\":[\"https:\/\/petronor.eus\/es\/refineria\/parada-2022-urf\/\"]}]},{\"@type\":\"ImageObject\",\"inLanguage\":\"es-ES\",\"@id\":\"https:\/\/petronor.eus\/es\/refineria\/parada-2022-urf\/#primaryimage\",\"url\":\"https:\/\/petronor.eus\/wp-content\/uploads\/2022\/02\/parada-2022.jpg\",\"contentUrl\":\"https:\/\/petronor.eus\/wp-content\/uploads\/2022\/02\/parada-2022.jpg\",\"width\":853,\"height\":1280,\"caption\":\"Torre en Petronor\"},{\"@type\":\"BreadcrumbList\",\"@id\":\"https:\/\/petronor.eus\/es\/refineria\/parada-2022-urf\/#breadcrumb\",\"itemListElement\":[{\"@type\":\"ListItem\",\"position\":1,\"name\":\"Home\",\"item\":\"https:\/\/petronor.eus\/es\/\"},{\"@type\":\"ListItem\",\"position\":2,\"name\":\"Privado: REFINER\u00cdA\",\"item\":\"https:\/\/petronor.eus\/es\/?page_id=6\"},{\"@type\":\"ListItem\",\"position\":3,\"name\":\"PARADA 2022 URF\"}]},{\"@type\":\"WebSite\",\"@id\":\"https:\/\/petronor.eus\/es\/#website\",\"url\":\"https:\/\/petronor.eus\/es\/\",\"name\":\"Petronor\",\"description\":\"\",\"potentialAction\":[{\"@type\":\"SearchAction\",\"target\":{\"@type\":\"EntryPoint\",\"urlTemplate\":\"https:\/\/petronor.eus\/es\/?s={search_term_string}\"},\"query-input\":{\"@type\":\"PropertyValueSpecification\",\"valueRequired\":true,\"valueName\":\"search_term_string\"}}],\"inLanguage\":\"es-ES\"}]}<\/script>\n<!-- \/ Yoast SEO plugin. -->","yoast_head_json":{"title":"PARADA 2022 URF - Petronor","robots":{"index":"index","follow":"follow","max-snippet":"max-snippet:-1","max-image-preview":"max-image-preview:large","max-video-preview":"max-video-preview:-1"},"canonical":"https:\/\/petronor.eus\/es\/refineria\/parada-2022-urf\/","og_locale":"es_ES","og_type":"article","og_title":"PARADA 2022 URF - Petronor","og_url":"https:\/\/petronor.eus\/es\/refineria\/parada-2022-urf\/","og_site_name":"Petronor","article_modified_time":"2022-05-03T10:25:08+00:00","og_image":[{"width":853,"height":1280,"url":"https:\/\/petronor.eus\/wp-content\/uploads\/2022\/02\/parada-2022.jpg","type":"image\/jpeg"}],"twitter_misc":{"Est. reading time":"5 minutes"},"schema":{"@context":"https:\/\/schema.org","@graph":[{"@type":"WebPage","@id":"https:\/\/petronor.eus\/es\/refineria\/parada-2022-urf\/","url":"https:\/\/petronor.eus\/es\/refineria\/parada-2022-urf\/","name":"PARADA 2022 URF - Petronor","isPartOf":{"@id":"https:\/\/petronor.eus\/es\/#website"},"primaryImageOfPage":{"@id":"https:\/\/petronor.eus\/es\/refineria\/parada-2022-urf\/#primaryimage"},"image":{"@id":"https:\/\/petronor.eus\/es\/refineria\/parada-2022-urf\/#primaryimage"},"thumbnailUrl":"https:\/\/petronor.eus\/wp-content\/uploads\/2022\/02\/parada-2022.jpg","datePublished":"2022-02-11T12:20:38+00:00","dateModified":"2022-05-03T10:25:08+00:00","breadcrumb":{"@id":"https:\/\/petronor.eus\/es\/refineria\/parada-2022-urf\/#breadcrumb"},"inLanguage":"es-ES","potentialAction":[{"@type":"ReadAction","target":["https:\/\/petronor.eus\/es\/refineria\/parada-2022-urf\/"]}]},{"@type":"ImageObject","inLanguage":"es-ES","@id":"https:\/\/petronor.eus\/es\/refineria\/parada-2022-urf\/#primaryimage","url":"https:\/\/petronor.eus\/wp-content\/uploads\/2022\/02\/parada-2022.jpg","contentUrl":"https:\/\/petronor.eus\/wp-content\/uploads\/2022\/02\/parada-2022.jpg","width":853,"height":1280,"caption":"Torre en Petronor"},{"@type":"BreadcrumbList","@id":"https:\/\/petronor.eus\/es\/refineria\/parada-2022-urf\/#breadcrumb","itemListElement":[{"@type":"ListItem","position":1,"name":"Home","item":"https:\/\/petronor.eus\/es\/"},{"@type":"ListItem","position":2,"name":"Privado: REFINER\u00cdA","item":"https:\/\/petronor.eus\/es\/?page_id=6"},{"@type":"ListItem","position":3,"name":"PARADA 2022 URF"}]},{"@type":"WebSite","@id":"https:\/\/petronor.eus\/es\/#website","url":"https:\/\/petronor.eus\/es\/","name":"Petronor","description":"","potentialAction":[{"@type":"SearchAction","target":{"@type":"EntryPoint","urlTemplate":"https:\/\/petronor.eus\/es\/?s={search_term_string}"},"query-input":{"@type":"PropertyValueSpecification","valueRequired":true,"valueName":"search_term_string"}}],"inLanguage":"es-ES"}]}},"_links":{"self":[{"href":"https:\/\/petronor.eus\/es\/wp-json\/wp\/v2\/pages\/68813","targetHints":{"allow":["GET"]}}],"collection":[{"href":"https:\/\/petronor.eus\/es\/wp-json\/wp\/v2\/pages"}],"about":[{"href":"https:\/\/petronor.eus\/es\/wp-json\/wp\/v2\/types\/page"}],"author":[{"embeddable":true,"href":"https:\/\/petronor.eus\/es\/wp-json\/wp\/v2\/users\/1"}],"replies":[{"embeddable":true,"href":"https:\/\/petronor.eus\/es\/wp-json\/wp\/v2\/comments?post=68813"}],"version-history":[{"count":32,"href":"https:\/\/petronor.eus\/es\/wp-json\/wp\/v2\/pages\/68813\/revisions"}],"predecessor-version":[{"id":69591,"href":"https:\/\/petronor.eus\/es\/wp-json\/wp\/v2\/pages\/68813\/revisions\/69591"}],"up":[{"embeddable":true,"href":"https:\/\/petronor.eus\/es\/wp-json\/wp\/v2\/pages\/6"}],"wp:featuredmedia":[{"embeddable":true,"href":"https:\/\/petronor.eus\/es\/wp-json\/wp\/v2\/media\/68814"}],"wp:attachment":[{"href":"https:\/\/petronor.eus\/es\/wp-json\/wp\/v2\/media?parent=68813"}],"curies":[{"name":"wp","href":"https:\/\/api.w.org\/{rel}","templated":true}]}}